{"id":598,"date":"2025-06-25T11:47:50","date_gmt":"2025-06-25T09:47:50","guid":{"rendered":"https:\/\/info-to-go.binational-leipzig.de\/?page_id=598"},"modified":"2025-06-25T11:47:51","modified_gmt":"2025-06-25T09:47:51","slug":"barrierefreiheitserklaerung","status":"publish","type":"page","link":"https:\/\/info-to-go.binational-leipzig.de\/ar\/barrierefreiheitserklaerung\/","title":{"rendered":"\u0628\u064a\u0627\u0646 \u0625\u0645\u0643\u0627\u0646\u064a\u0629 \u0627\u0644\u0648\u0635\u0648\u0644"},"content":{"rendered":"<h3 class=\"wp-block-heading\">\u0628\u064a\u0627\u0646 \u0625\u0645\u0643\u0627\u0646\u064a\u0629 \u0627\u0644\u0648\u0635\u0648\u0644<\/h3>\n\n\n\n<p><strong>\u0631\u0627\u0628\u0637\u0629 \u0627\u0644\u0639\u0627\u0626\u0644\u0627\u062a \u0648\u0627\u0644\u0634\u0631\u0627\u0643\u0627\u062a \u062b\u0646\u0627\u0626\u064a\u0629 \u0627\u0644\u0642\u0648\u0645\u064a\u0629\u060c iaf eV\u060c \u0645\u0643\u062a\u0628 \u0644\u0627\u064a\u0628\u0632\u064a\u063a \u0648\u0627\u0644\u0645\u0643\u062a\u0628 \u0627\u0644\u0627\u0633\u062a\u0634\u0627\u0631\u064a<\/strong>&nbsp;\u062a\u0633\u0639\u0649 \u062c\u0627\u0647\u062f\u0629\u064b \u0644\u062c\u0639\u0644 \u0645\u0648\u0642\u0639\u0647\u0627 \u0627\u0644\u0625\u0644\u0643\u062a\u0631\u0648\u0646\u064a \u0642\u0627\u0628\u0644\u0627\u064b \u0644\u0644\u0627\u0633\u062a\u062e\u062f\u0627\u0645 \u0648\u0641\u0642\u064b\u0627 \u0644\u0644\u0645\u062a\u0637\u0644\u0628\u0627\u062a \u0627\u0644\u0642\u0627\u0646\u0648\u0646\u064a\u0629 \u0627\u0644\u0645\u062a\u0639\u0644\u0642\u0629 \u0628\u0625\u0645\u0643\u0627\u0646\u064a\u0629 \u0627\u0644\u0648\u0635\u0648\u0644. \u064a\u0646\u0637\u0628\u0642 \u0628\u064a\u0627\u0646 \u0625\u0645\u0643\u0627\u0646\u064a\u0629 \u0627\u0644\u0648\u0635\u0648\u0644 \u0647\u0630\u0627 \u0639\u0644\u0649 \u0627\u0644\u0645\u0648\u0642\u0639 \u0627\u0644\u0625\u0644\u0643\u062a\u0631\u0648\u0646\u064a.&nbsp;<a href=\"https:\/\/binational-leipzig.de\/\"><strong>binational-leipzig.de<\/strong><\/a><\/p>\n\n\n\n<hr class=\"wp-block-separator has-alpha-channel-opacity\"\/>\n\n\n\n<h3 class=\"wp-block-heading\"><strong>\u062d\u0627\u0644\u0629 \u0627\u0644\u0627\u0645\u062a\u062b\u0627\u0644 \u0644\u0644\u0645\u062a\u0637\u0644\u0628\u0627\u062a<\/strong><\/h3>\n\n\n\n<p>\u0647\u0630\u0627 \u0627\u0644\u0645\u0648\u0642\u0639 \u0647\u0648&nbsp;<strong>\u062c\u0632\u0626\u064a\u0627<\/strong>&nbsp;\u0645\u0639 \u0645\u062a\u0637\u0644\u0628\u0627\u062a&nbsp;<strong>\u0645\u0631\u0633\u0648\u0645 \u062a\u0643\u0646\u0648\u0644\u0648\u062c\u064a\u0627 \u0627\u0644\u0645\u0639\u0644\u0648\u0645\u0627\u062a \u0627\u0644\u062e\u0627\u0644\u064a\u0629 \u0645\u0646 \u0627\u0644\u0639\u0648\u0627\u0626\u0642 (BITV 2.0) \u0648\u062a\u0648\u062c\u064a\u0647 \u0627\u0644\u0627\u062a\u062d\u0627\u062f \u0627\u0644\u0623\u0648\u0631\u0648\u0628\u064a 2016\/2102<\/strong>&nbsp;\u0646\u062d\u0646 \u0646\u0639\u0645\u0644 \u0628\u0634\u0643\u0644 \u0645\u0633\u062a\u0645\u0631 \u0639\u0644\u0649 \u062a\u0642\u0644\u064a\u0644 \u0627\u0644\u062d\u0648\u0627\u062c\u0632 \u0627\u0644\u062d\u0627\u0644\u064a\u0629 \u0648\u062a\u062d\u0633\u064a\u0646 \u0633\u0647\u0648\u0644\u0629 \u0627\u0644\u0627\u0633\u062a\u062e\u062f\u0627\u0645 \u0644\u0644\u062c\u0645\u064a\u0639.<\/p>\n\n\n\n<hr class=\"wp-block-separator has-alpha-channel-opacity\"\/>\n\n\n\n<h3 class=\"wp-block-heading\"><strong>\u0627\u0644\u0645\u062d\u062a\u0648\u0649 \u063a\u064a\u0631 \u0627\u0644\u0642\u0627\u0628\u0644 \u0644\u0644\u0648\u0635\u0648\u0644<\/strong><\/h3>\n\n\n\n<p>\u0648\u0639\u0644\u0649 \u0627\u0644\u0631\u063a\u0645 \u0645\u0646 \u062c\u0647\u0648\u062f\u0646\u0627\u060c \u0647\u0646\u0627\u0643 \u0628\u0639\u0636 \u0627\u0644\u0645\u0646\u0627\u0637\u0642 \u0627\u0644\u062a\u064a \u0644\u0627 \u064a\u0645\u0643\u0646 \u0627\u0644\u0648\u0635\u0648\u0644 \u0625\u0644\u064a\u0647\u0627 \u0628\u0627\u0644\u0643\u0627\u0645\u0644:<\/p>\n\n\n\n<ul class=\"wp-block-list\">\n<li><strong>\u0645\u0633\u062a\u0646\u062f\u0627\u062a PDF<\/strong>:\u0628\u0639\u0636 \u0645\u0644\u0641\u0627\u062a PDF \u0627\u0644\u0642\u062f\u064a\u0645\u0629 \u0644\u064a\u0633\u062a \u0645\u0646\u0633\u0642\u0629 \u0628\u0637\u0631\u064a\u0642\u0629 \u064a\u0645\u0643\u0646 \u0627\u0644\u0648\u0635\u0648\u0644 \u0625\u0644\u064a\u0647\u0627 \u0628\u0633\u0647\u0648\u0644\u0629.<\/li>\n\n\n\n<li><strong>\u0627\u0644\u0646\u0635\u0648\u0635 \u0627\u0644\u0628\u062f\u064a\u0644\u0629<\/strong>:\u0642\u062f \u0644\u0627 \u062a\u062d\u062a\u0648\u064a \u0628\u0639\u0636 \u0627\u0644\u0635\u0648\u0631 \u0623\u0648 \u0627\u0644\u0639\u0646\u0627\u0635\u0631 \u0627\u0644\u0631\u0633\u0648\u0645\u064a\u0629 \u0639\u0644\u0649 \u0646\u0635 \u0628\u062f\u064a\u0644 \u0643\u0627\u0641\u064d.<\/li>\n\n\n\n<li><strong>\u0627\u0644\u0645\u0644\u0627\u062d\u0629 \u0648\u0633\u0647\u0648\u0644\u0629 \u0627\u0644\u0627\u0633\u062a\u062e\u062f\u0627\u0645<\/strong>:\u0642\u062f \u0644\u0627 \u064a\u062a\u0645 \u0627\u0644\u062a\u062d\u0643\u0645 \u0641\u064a \u0627\u0644\u0639\u0646\u0627\u0635\u0631 \u0627\u0644\u062a\u0641\u0627\u0639\u0644\u064a\u0629 \u0627\u0644\u0641\u0631\u062f\u064a\u0629 \u0628\u0627\u0644\u0643\u0627\u0645\u0644 \u0639\u0646 \u0637\u0631\u064a\u0642 \u0644\u0648\u062d\u0629 \u0627\u0644\u0645\u0641\u0627\u062a\u064a\u062d.<\/li>\n\n\n\n<li><strong>\u0645\u0642\u0627\u0637\u0639 \u0627\u0644\u0641\u064a\u062f\u064a\u0648<\/strong>:\u0628\u0639\u0636 \u0645\u0642\u0627\u0637\u0639 \u0627\u0644\u0641\u064a\u062f\u064a\u0648 \u0627\u0644\u0645\u0636\u0645\u0646\u0629 \u062a\u0641\u062a\u0642\u0631 \u0625\u0644\u0649 \u0627\u0644\u062a\u0631\u062c\u0645\u0629 \u0623\u0648 \u0627\u0644\u0623\u0648\u0635\u0627\u0641 \u0627\u0644\u0635\u0648\u062a\u064a\u0629.<\/li>\n<\/ul>\n\n\n\n<p>\u0648\u0646\u062d\u0646 \u0646\u0639\u0645\u0644 \u0639\u0644\u0649 \u062a\u0635\u062d\u064a\u062d \u0647\u0630\u0647 \u0627\u0644\u0639\u064a\u0648\u0628 \u062a\u062f\u0631\u064a\u062c\u064a\u0627.<\/p>\n\n\n\n<hr class=\"wp-block-separator has-alpha-channel-opacity\"\/>\n\n\n\n<h3 class=\"wp-block-heading\"><strong>\u0625\u0639\u062f\u0627\u062f \u0647\u0630\u0627 \u0627\u0644\u0625\u0639\u0644\u0627\u0646<\/strong><\/h3>\n\n\n\n<p>\u0648\u0642\u062f \u0635\u062f\u0631 \u0647\u0630\u0627 \u0627\u0644\u0628\u064a\u0627\u0646 \u0641\u064a&nbsp;<strong>10.01.2025<\/strong>&nbsp;\u062a\u0645 \u0625\u0646\u0634\u0627\u0624\u0647 \u0648\u062a\u062d\u062f\u064a\u062b\u0647 \u0622\u062e\u0631 \u0645\u0631\u0629 \u0641\u064a&nbsp;<strong>19.02.2025<\/strong>&nbsp;\u062a\u0645 \u0627\u0644\u062a\u062d\u0642\u0642.<br><br>\u062a\u0645 \u062a\u0642\u064a\u064a\u0645 \u0627\u0644\u0645\u0648\u0642\u0639 \u0645\u0646 \u0642\u0628\u0644&nbsp;<strong>\u0627\u0644\u062a\u0642\u064a\u064a\u0645 \u0627\u0644\u0630\u0627\u062a\u064a \u0627\u0644\u062f\u0627\u062e\u0644\u064a<\/strong>&nbsp;\u0628\u0627\u0644\u0625\u0636\u0627\u0641\u0629 \u0625\u0644\u0649 \u0627\u0633\u062a\u062e\u062f\u0627\u0645 \u0627\u0644\u0627\u062e\u062a\u0628\u0627\u0631\u0627\u062a \u0627\u0644\u0622\u0644\u064a\u0629.<\/p>\n\n\n\n<hr class=\"wp-block-separator has-alpha-channel-opacity\"\/>\n\n\n\n<h3 class=\"wp-block-heading\"><strong>\u0627\u0644\u062a\u0639\u0644\u064a\u0642\u0627\u062a \u0648\u0645\u0639\u0644\u0648\u0645\u0627\u062a \u0627\u0644\u0627\u062a\u0635\u0627\u0644<\/strong><\/h3>\n\n\n\n<p>\u0625\u0630\u0627 \u0648\u0627\u062c\u0647\u062a \u0623\u064a \u0639\u0648\u0627\u0626\u0642 \u0639\u0644\u0649 \u0645\u0648\u0642\u0639\u0646\u0627 \u0623\u0648 \u0643\u0627\u0646 \u0644\u062f\u064a\u0643 \u0627\u0642\u062a\u0631\u0627\u062d\u0627\u062a \u0644\u0644\u062a\u062d\u0633\u064a\u0646\u060c \u0641\u0644\u0627 \u062a\u062a\u0631\u062f\u062f \u0641\u064a \u0627\u0644\u0627\u062a\u0635\u0627\u0644 \u0628\u0646\u0627:<\/p>\n\n\n\n<p>\u0631\u0627\u0628\u0637\u0629 \u0627\u0644\u0639\u0627\u0626\u0644\u0627\u062a \u0648\u0627\u0644\u0634\u0631\u0627\u0643\u0627\u062a \u062b\u0646\u0627\u0626\u064a\u0629 \u0627\u0644\u0642\u0648\u0645\u064a\u0629\u060c iaf eV<br>\u0645\u0643\u062a\u0628 \u0627\u0644\u0623\u0639\u0645\u0627\u0644 \u0648\u0627\u0644\u0627\u0633\u062a\u0634\u0627\u0631\u0627\u062a \u0641\u064a \u0644\u0627\u064a\u0628\u0632\u064a\u063a<br><br><a href=\"https:\/\/www.google.com\/maps\/place\/Verband+binationaler+Familien+u.+Partnerschaften+e.V.\/@51.3232198,12.3793402,18.79z\/data=!4m5!3m4!1s0x0:0x280bc9ed9b02c389!8m2!3d51.3232449!4d12.3798815\" target=\"_blank\" rel=\"noreferrer noopener\">\u0634\u0627\u0631\u0639 \u0623\u0631\u0646\u062f\u062a 63<br>04275 \u0644\u0627\u064a\u0628\u0632\u064a\u063a<\/a><br><br>\u0627\u0644\u0647\u0627\u062a\u0641: 0341-6 88 00 22<br>\u0628\u0631\u064a\u062f \u0625\u0644\u0643\u062a\u0631\u0648\u0646\u064a:&nbsp;<a href=\"http:\/\/leipzig@verband-binationaler-de\/\" rel=\"noreferrer noopener\" target=\"_blank\">leipzig@verband-binationaler-de<\/a><\/p>\n\n\n\n<hr class=\"wp-block-separator has-alpha-channel-opacity\"\/>\n\n\n\n<h3 class=\"wp-block-heading\"><strong>\u0625\u062c\u0631\u0627\u0621\u0627\u062a \u0627\u0644\u062a\u0646\u0641\u064a\u0630<\/strong><\/h3>\n\n\n\n<p>\u0625\u0630\u0627 \u0644\u0645 \u062a\u062a\u0645 \u0627\u0644\u0625\u062c\u0627\u0628\u0629 \u0639\u0644\u0649 \u0627\u0633\u062a\u0641\u0633\u0627\u0631\u0643 \u0628\u062e\u0635\u0648\u0635 \u0625\u0645\u0643\u0627\u0646\u064a\u0629 \u0627\u0644\u0648\u0635\u0648\u0644 \u0625\u0644\u0649 \u0645\u0648\u0642\u0639\u0646\u0627 \u0627\u0644\u0625\u0644\u0643\u062a\u0631\u0648\u0646\u064a \u0628\u0634\u0643\u0644 \u0645\u0631\u0636\u064a\u060c \u0641\u064a\u0645\u0643\u0646\u0643 \u0627\u0644\u0627\u062a\u0635\u0627\u0644 \u0628\u0640&nbsp;<strong>\u0647\u064a\u0626\u0629 \u0627\u0644\u062a\u0646\u0641\u064a\u0630&nbsp;<\/strong>\u0627\u0644\u062a\u0641 \u062d\u0648\u0644\u0647:<\/p>\n\n\n\n<p><strong>\u0647\u064a\u0626\u0629 \u0645\u0631\u0627\u0642\u0628\u0629 \u0625\u0645\u0643\u0627\u0646\u064a\u0629 \u0627\u0644\u0648\u0635\u0648\u0644 \u0627\u0644\u0631\u0642\u0645\u064a \u0641\u064a \u0633\u0627\u0643\u0633\u0648\u0646\u064a\u0627<\/strong><br>\u0648\u0632\u0627\u0631\u0629 \u0627\u0644\u0634\u0624\u0648\u0646 \u0627\u0644\u0627\u062c\u062a\u0645\u0627\u0639\u064a\u0629 \u0648\u0627\u0644\u062a\u0645\u0627\u0633\u0643 \u0627\u0644\u0627\u062c\u062a\u0645\u0627\u0639\u064a \u0644\u0648\u0644\u0627\u064a\u0629 \u0633\u0627\u0643\u0633\u0648\u0646<br>\u0628\u0631\u064a\u062f \u0625\u0644\u0643\u062a\u0631\u0648\u0646\u064a:&nbsp;<a href=\"mailto:durchsetzungsstelle@sk.sachsen.de\">durchsetzungsstelle@sk.sachsen.de<\/a><br>\u0627\u0644\u0648\u064a\u0628:&nbsp;<a href=\"https:\/\/www.durchsetzungsstelle.sachsen.de\/\" rel=\"noreferrer noopener\" target=\"_blank\">www.durchsetzungsstelle.sachsen.de<\/a><\/p>\n\n\n\n<hr class=\"wp-block-separator has-alpha-channel-opacity\"\/>\n\n\n\n<p>\u0646\u062d\u0646 \u0646\u0633\u0639\u0649 \u0628\u0627\u0633\u062a\u0645\u0631\u0627\u0631 \u0625\u0644\u0649 \u062c\u0639\u0644 \u062d\u0636\u0648\u0631\u0646\u0627 \u0627\u0644\u0631\u0642\u0645\u064a \u0623\u0643\u062b\u0631 \u0633\u0647\u0648\u0644\u0629 \u0641\u064a \u0627\u0644\u0648\u0635\u0648\u0644 \u0625\u0644\u064a\u0647 \u0644\u0644\u062c\u0645\u064a\u0639 \u0648\u0646\u0634\u0643\u0631\u0643 \u0639\u0644\u0649 \u0645\u0644\u0627\u062d\u0638\u0627\u062a\u0643!<\/p>\n<div class=\"gsp_post_data\" \r\n\t            data-post_type=\"page\" \r\n\t            data-cat=\"\" \r\n\t            data-modified=\"120\"\r\n\t            data-created=\"1750852070\"\r\n\t            data-title=\"Barrierefreiheitserkl\u00e4rung\" \r\n\t            data-home=\"https:\/\/info-to-go.binational-leipzig.de\/ar\"><\/div>","protected":false},"excerpt":{"rendered":"<p>Erkl\u00e4rung zur Barrierefreiheit Verband binationaler Familien und Partnerschaften, iaf e.V. Gesch\u00e4fts- und Beratungsstelle Leipzig&nbsp;ist bestrebt, ihre Website in \u00dcbereinstimmung mit den gesetzlichen Vorgaben zur Barrierefreiheit nutzbar zu machen. Diese Erkl\u00e4rung zur Barrierefreiheit gilt f\u00fcr die Website&nbsp;binational-leipzig.de Stand der Vereinbarkeit mit den Anforderungen Diese Website ist&nbsp;teilweise&nbsp;mit den Anforderungen der&nbsp;Barrierefreie-Informationstechnik-Verordnung (BITV 2.0) sowie der EU-Richtlinie 2016\/2102&nbsp;vereinbar. Wir [&hellip;]<\/p>\n","protected":false},"author":2,"featured_media":0,"parent":0,"menu_order":0,"comment_status":"closed","ping_status":"closed","template":"","meta":{"footnotes":""},"categories":[],"tags":[],"class_list":["post-598","page","type-page","status-publish","hentry"],"_links":{"self":[{"href":"https:\/\/info-to-go.binational-leipzig.de\/ar\/wp-json\/wp\/v2\/pages\/598","targetHints":{"allow":["GET"]}}],"collection":[{"href":"https:\/\/info-to-go.binational-leipzig.de\/ar\/wp-json\/wp\/v2\/pages"}],"about":[{"href":"https:\/\/info-to-go.binational-leipzig.de\/ar\/wp-json\/wp\/v2\/types\/page"}],"author":[{"embeddable":true,"href":"https:\/\/info-to-go.binational-leipzig.de\/ar\/wp-json\/wp\/v2\/users\/2"}],"replies":[{"embeddable":true,"href":"https:\/\/info-to-go.binational-leipzig.de\/ar\/wp-json\/wp\/v2\/comments?post=598"}],"version-history":[{"count":1,"href":"https:\/\/info-to-go.binational-leipzig.de\/ar\/wp-json\/wp\/v2\/pages\/598\/revisions"}],"predecessor-version":[{"id":599,"href":"https:\/\/info-to-go.binational-leipzig.de\/ar\/wp-json\/wp\/v2\/pages\/598\/revisions\/599"}],"wp:attachment":[{"href":"https:\/\/info-to-go.binational-leipzig.de\/ar\/wp-json\/wp\/v2\/media?parent=598"}],"wp:term":[{"taxonomy":"category","embeddable":true,"href":"https:\/\/info-to-go.binational-leipzig.de\/ar\/wp-json\/wp\/v2\/categories?post=598"},{"taxonomy":"post_tag","embeddable":true,"href":"https:\/\/info-to-go.binational-leipzig.de\/ar\/wp-json\/wp\/v2\/tags?post=598"}],"curies":[{"name":"\u0648\u0648\u0631\u062f\u0628\u0631\u064a\u0633","href":"https:\/\/api.w.org\/{rel}","templated":true}]}}