{"id":105,"date":"2023-07-10T15:12:30","date_gmt":"2023-07-10T13:12:30","guid":{"rendered":"https:\/\/sprijin.binational-leipzig.de\/?page_id=105"},"modified":"2025-08-26T16:33:21","modified_gmt":"2025-08-26T14:33:21","slug":"start","status":"publish","type":"page","link":"https:\/\/info-to-go.binational-leipzig.de\/cs\/","title":{"rendered":"start"},"content":{"rendered":"<h2 class=\"wp-block-heading has-text-align-center\">V\u00edtejte v Lipsku a v\u00edtejte na na\u0161\u00ed informa\u010dn\u00ed str\u00e1nce!<\/h2>\n\n\n\n<p class=\"has-text-align-center\">Zde najdete p\u0159ehled r\u016fzn\u00fdch t\u00e9mat, kter\u00e1 jsou d\u016fle\u017eit\u00e1 pro \u017eivot v Lipsku.<\/p>\n\n\n\n<p class=\"has-text-align-center wirlink has-white-background-color has-background\"><a href=\"https:\/\/info-to-go.binational-leipzig.de\/cs\/wer-wir-sind\/\" data-type=\"page\" data-id=\"285\"><strong>Kdo jsme<\/strong><\/a><\/p>\n\n\n\n<p><\/p>\n<div class=\"gsp_post_data\" \r\n\t            data-post_type=\"page\" \r\n\t            data-cat=\"\" \r\n\t            data-modified=\"120\"\r\n\t            data-created=\"1689001950\"\r\n\t            data-title=\"Start\" \r\n\t            data-home=\"https:\/\/info-to-go.binational-leipzig.de\/cs\"><\/div>","protected":false},"excerpt":{"rendered":"<p>Willkommen in Leipzig und willkommen auf unsere Info-Seite! Hier finden Sie einen \u00dcberblick zu verschiedenen Themen, die f\u00fcrs Leben in Leipzig wichtig sind. Wer wir sind<\/p>","protected":false},"author":1,"featured_media":0,"parent":0,"menu_order":0,"comment_status":"closed","ping_status":"closed","template":"","meta":{"footnotes":""},"categories":[],"tags":[],"class_list":["post-105","page","type-page","status-publish","hentry"],"_links":{"self":[{"href":"https:\/\/info-to-go.binational-leipzig.de\/cs\/wp-json\/wp\/v2\/pages\/105","targetHints":{"allow":["GET"]}}],"collection":[{"href":"https:\/\/info-to-go.binational-leipzig.de\/cs\/wp-json\/wp\/v2\/pages"}],"about":[{"href":"https:\/\/info-to-go.binational-leipzig.de\/cs\/wp-json\/wp\/v2\/types\/page"}],"author":[{"embeddable":true,"href":"https:\/\/info-to-go.binational-leipzig.de\/cs\/wp-json\/wp\/v2\/users\/1"}],"replies":[{"embeddable":true,"href":"https:\/\/info-to-go.binational-leipzig.de\/cs\/wp-json\/wp\/v2\/comments?post=105"}],"version-history":[{"count":12,"href":"https:\/\/info-to-go.binational-leipzig.de\/cs\/wp-json\/wp\/v2\/pages\/105\/revisions"}],"predecessor-version":[{"id":349,"href":"https:\/\/info-to-go.binational-leipzig.de\/cs\/wp-json\/wp\/v2\/pages\/105\/revisions\/349"}],"wp:attachment":[{"href":"https:\/\/info-to-go.binational-leipzig.de\/cs\/wp-json\/wp\/v2\/media?parent=105"}],"wp:term":[{"taxonomy":"category","embeddable":true,"href":"https:\/\/info-to-go.binational-leipzig.de\/cs\/wp-json\/wp\/v2\/categories?post=105"},{"taxonomy":"post_tag","embeddable":true,"href":"https:\/\/info-to-go.binational-leipzig.de\/cs\/wp-json\/wp\/v2\/tags?post=105"}],"curies":[{"name":"wp","href":"https:\/\/api.w.org\/{rel}","templated":true}]}}