{"id":25,"date":"2023-07-09T23:02:05","date_gmt":"2023-07-09T21:02:05","guid":{"rendered":"https:\/\/sprijin.binational-leipzig.de\/?page_id=25"},"modified":"2025-11-28T22:44:55","modified_gmt":"2025-11-28T21:44:55","slug":"kinder-und-familie","status":"publish","type":"page","link":"https:\/\/info-to-go.binational-leipzig.de\/cs\/start\/soziales\/kinder-und-familie\/","title":{"rendered":"D\u011bti a rodina"},"content":{"rendered":"<div class=\"wp-block-esab-accordion accordion-28ab7e5b\" data-mode=\"global\"><div class=\"esab__container\">\n<div class=\"wp-block-esab-accordion-child\"><div class=\"esab__head\" role=\"button\" aria-expanded=\"false\"><div class=\"esab__heading_txt\"><h2 class=\"esab__heading_tag\">Jsem t\u011bhotn\u00e1. Co m\u00e1m d\u011blat?\u00a0<\/h2><\/div><div class=\"esab__icon\"><div class=\"esab__collapse\"> <svg version=\"1.2\" viewbox=\"0 0 24 24\" width=\"24\" height=\"24\"><path fill-rule=\"evenodd\" d=\"m3.5 20.5c-4.7-4.7-4.7-12.3 0-17 4.7-4.7 12.3-4.7 17 0 4.6 4.7 4.6 12.3 0 17-4.7 4.6-12.3 4.6-17 0zm0.9-0.9c4.2 4.2 11 4.2 15.2 0 4.2-4.2 4.2-11 0-15.2-4.2-4.3-11-4.3-15.2 0-4.3 4.2-4.3 11 0 15.2z\"><\/path><path d=\"m11.4 15.9v-3.3h-3.3c-0.3 0-0.6-0.3-0.6-0.6 0-0.4 0.3-0.6 0.6-0.6h3.3v-3.3c0-0.3 0.3-0.6 0.6-0.6 0.3 0 0.6 0.3 0.6 0.6v3.3h3.3c0.3 0 0.6 0.2 0.6 0.6q0 0.2-0.2 0.4-0.2 0.2-0.4 0.2h-3.3v3.3q0 0.2-0.2 0.4-0.2 0.2-0.4 0.2c-0.4 0-0.6-0.3-0.6-0.6z\"><\/path><\/svg> <\/div><div class=\"esab__expand\"> <svg version=\"1.2\" viewbox=\"0 0 24 24\" width=\"24\" height=\"24\"><path fill-rule=\"evenodd\" d=\"m12 24c-6.6 0-12-5.4-12-12 0-6.6 5.4-12 12-12 6.6 0 12 5.4 12 12 0 6.6-5.4 12-12 12zm10.6-12c0-5.9-4.7-10.6-10.6-10.6-5.9 0-10.6 4.7-10.6 10.6 0 5.9 4.7 10.6 10.6 10.6 5.9 0 10.6-4.7 10.6-10.6z\"><\/path><path d=\"m5.6 11.3h12.8v1.4h-12.8z\"><\/path><\/svg> <\/div><\/div><\/div><div class=\"esab__body\">\n<p>Pokud jste t\u011bhotn\u00e1, m\u016f\u017eete z\u00edskat spoustu informac\u00ed v t\u011bhotensk\u00e9m poradensk\u00e9m centru. Tyto informace jsou k dispozici na... <a href=\"https:\/\/www.awo-leipzig-stadt.de\/hilfe-zur-erziehung\/schwangerenberatung\/\" target=\"_blank\" rel=\"noopener\">AWO<\/a>, <a href=\"https:\/\/www.caritas-leipzig.de\/hilfeundberatung\/kinderjugendlicheundfamilien\/beratungsangebote\/schwangerschaft\/schwangerschaft\" target=\"_blank\" rel=\"noopener\">Caritas<\/a>, <a href=\"https:\/\/www.diakonie-leipzig.de\/hilfe-angebote\/kinder-jugendliche-familien\/schwangerenberatung\/\" target=\"_blank\" rel=\"noopener\">Diakonie<\/a>, <a href=\"https:\/\/leipzig.donumvitae.org\/\" target=\"_blank\" rel=\"noopener\">Donum Vitae<\/a>, <a href=\"https:\/\/www.drk-leipzig.de\/schwangeren-und-familienberatungsstelle.html\" target=\"_blank\" rel=\"noopener\">N\u011bmeck\u00fd \u010cerven\u00fd k\u0159\u00ed\u017e<\/a> a <a href=\"https:\/\/www.profamilia.de\/angebote-vor-ort\/sachsen\/beratungsstelle-leipzig\" target=\"_blank\" rel=\"noopener\">Pro Familiu<\/a>. Pro t\u011bhotn\u00e9 \u017eeny je k dispozici online poradensk\u00e1 slu\u017eba od [n\u00e1zev organizace]. <a href=\"https:\/\/beratung.caritas.de\/schwangerschaftsberatung\/registration?aid=460\" target=\"_blank\" rel=\"noopener\">Caritas <\/a>a <a href=\"https:\/\/beratung.diakonie.de\/registration\" target=\"_blank\" rel=\"noopener\">Diakonie<\/a>. Tento let\u00e1k uv\u00e1d\u00ed seznam t\u011bchto poradensk\u00fdch center a obsahuje kontroln\u00ed seznam v\u0161eho d\u016fle\u017eit\u00e9ho p\u0159ed porodem a po n\u011bm:<\/p>\n\n\n\n<figure class=\"wp-block-gallery has-nested-images columns-default is-cropped wp-block-gallery-1 is-layout-flex wp-block-gallery-is-layout-flex\">\n<figure class=\"wp-block-image size-large\"><img loading=\"lazy\" decoding=\"async\" width=\"1024\" height=\"538\" data-id=\"729\" src=\"https:\/\/info-to-go.binational-leipzig.de\/wp-content\/uploads\/2025\/11\/Flyer-Checkliste-Schwanger-2023_page-0001-1024x538.jpg\" alt=\"\" class=\"wp-image-729\" srcset=\"https:\/\/info-to-go.binational-leipzig.de\/wp-content\/uploads\/2025\/11\/Flyer-Checkliste-Schwanger-2023_page-0001-1024x538.jpg 1024w, https:\/\/info-to-go.binational-leipzig.de\/wp-content\/uploads\/2025\/11\/Flyer-Checkliste-Schwanger-2023_page-0001-300x158.jpg 300w, https:\/\/info-to-go.binational-leipzig.de\/wp-content\/uploads\/2025\/11\/Flyer-Checkliste-Schwanger-2023_page-0001-768x403.jpg 768w, https:\/\/info-to-go.binational-leipzig.de\/wp-content\/uploads\/2025\/11\/Flyer-Checkliste-Schwanger-2023_page-0001-1536x807.jpg 1536w, https:\/\/info-to-go.binational-leipzig.de\/wp-content\/uploads\/2025\/11\/Flyer-Checkliste-Schwanger-2023_page-0001-2048x1076.jpg 2048w, https:\/\/info-to-go.binational-leipzig.de\/wp-content\/uploads\/2025\/11\/Flyer-Checkliste-Schwanger-2023_page-0001-18x9.jpg 18w\" sizes=\"auto, (max-width: 1024px) 100vw, 1024px\" \/><\/figure>\n\n\n\n<figure class=\"wp-block-image size-large\"><img loading=\"lazy\" decoding=\"async\" width=\"1024\" height=\"538\" data-id=\"728\" src=\"https:\/\/info-to-go.binational-leipzig.de\/wp-content\/uploads\/2025\/11\/Flyer-Checkliste-Schwanger-2023_page-0002-1024x538.jpg\" alt=\"\" class=\"wp-image-728\" srcset=\"https:\/\/info-to-go.binational-leipzig.de\/wp-content\/uploads\/2025\/11\/Flyer-Checkliste-Schwanger-2023_page-0002-1024x538.jpg 1024w, https:\/\/info-to-go.binational-leipzig.de\/wp-content\/uploads\/2025\/11\/Flyer-Checkliste-Schwanger-2023_page-0002-300x158.jpg 300w, https:\/\/info-to-go.binational-leipzig.de\/wp-content\/uploads\/2025\/11\/Flyer-Checkliste-Schwanger-2023_page-0002-768x403.jpg 768w, https:\/\/info-to-go.binational-leipzig.de\/wp-content\/uploads\/2025\/11\/Flyer-Checkliste-Schwanger-2023_page-0002-1536x807.jpg 1536w, https:\/\/info-to-go.binational-leipzig.de\/wp-content\/uploads\/2025\/11\/Flyer-Checkliste-Schwanger-2023_page-0002-2048x1076.jpg 2048w, https:\/\/info-to-go.binational-leipzig.de\/wp-content\/uploads\/2025\/11\/Flyer-Checkliste-Schwanger-2023_page-0002-18x9.jpg 18w\" sizes=\"auto, (max-width: 1024px) 100vw, 1024px\" \/><\/figure>\n<\/figure>\n\n\n\n<p>T\u011bhotensk\u00e9 poradensk\u00e9 centrum v\u00e1m m\u016f\u017ee pomoci b\u011bhem cel\u00e9ho t\u011bhotenstv\u00ed. Mohou v\u00e1m tak\u00e9 poskytnout podporu, pokud uva\u017eujete o potratu. Poradenstv\u00ed je zdarma a m\u016f\u017ee b\u00fdt vedeno i v jin\u00fdch jazyc\u00edch.<\/p>\n\n\n\n<p>Pokud pot\u0159ebujete finan\u010dn\u00ed podporu b\u011bhem t\u011bhotenstv\u00ed, existuje n\u011bkolik mo\u017enost\u00ed. Pokud pob\u00edr\u00e1te d\u00e1vky od \u00fa\u0159adu pr\u00e1ce (Jobcenter), m\u016f\u017eete si b\u011bhem t\u011bhotenstv\u00ed za\u017e\u00e1dat o dodate\u010dnou podporu. Tato podpora je k dispozici od 13. t\u00fddne t\u011bhotenstv\u00ed a naz\u00fdv\u00e1 se \u201adodate\u010dn\u00e9 pot\u0159eby b\u011bhem t\u011bhotenstv\u00ed\u2018. Jako doklad o t\u011bhotenstv\u00ed budete muset p\u0159edlo\u017eit kopii sv\u00e9ho mate\u0159sk\u00e9ho z\u00e1znamu. Od \u00fa\u0159adu pr\u00e1ce m\u016f\u017eete tak\u00e9 z\u00edskat finan\u010dn\u00ed pomoc na oble\u010den\u00ed a d\u011btsk\u00e9 pot\u0159eby. Tato pomoc se naz\u00fdv\u00e1 \u201apo\u010d\u00e1te\u010dn\u00ed vybaven\u00ed pro t\u011bhotenstv\u00ed a porod\u2018. <\/p>\n\n\n\n<p><\/p>\n\n\n\n<p>Pokud jste vdan\u00e1\/vdan\u00fd, v\u00e1\u0161 man\u017eel je automaticky pova\u017eov\u00e1n za otce d\u00edt\u011bte.<br>Pokud nejste \u017eenat\u00fd\/vdan\u00e1, m\u011bl by otce d\u00edt\u011bte uznat.<br>Uzn\u00e1n\u00ed otcovstv\u00ed znamen\u00e1, \u017ee otec m\u00e1 ur\u010dit\u00e1 pr\u00e1va a povinnosti.<\/p>\n\n\n\n<p>Pokud jste vdan\u00e1\/vdan\u00fd, automaticky m\u00e1te s man\u017eelem spole\u010dn\u00e9 d\u00edt\u011b ve spole\u010dn\u00e9 p\u00e9\u010di.<br>Pokud nejste vdan\u00e1\/vdan\u00fd, m\u011bli byste se o p\u00e9\u010di o d\u00edt\u011b domluvit s otcem d\u00edt\u011bte.<br>Pokud se rozhodnete pro spole\u010dnou p\u00e9\u010di, ofici\u00e1ln\u011b to s otcem potvr\u010fte prohl\u00e1\u0161en\u00edm o sv\u011b\u0159en\u00ed p\u00e9\u010de do p\u00e9\u010de.<\/p>\n\n\n\n<p>Uzn\u00e1n\u00ed otcovstv\u00ed a prohl\u00e1\u0161en\u00ed o sv\u011b\u0159en\u00ed d\u00edt\u011bte do p\u00e9\u010de provedete s otcem d\u00edt\u011bte na \u00fa\u0159ad\u011b p\u00e9\u010de o ml\u00e1de\u017e.<br>To jsou velmi d\u016fle\u017eit\u00e9 v\u011bci a je d\u016fle\u017eit\u00e9, abyste vy i otec v\u0161emu na sch\u016fzce rozum\u011bli.<br>Pokud vy a\/nebo otec d\u00edt\u011bte neum\u00edte moc n\u011bmecky, m\u016f\u017ee v\u00e1m \u00da\u0159ad pro ml\u00e1de\u017e zajistit tlumo\u010dn\u00edka.<br><a href=\"https:\/\/www.leipzig.de\/jugend-familie-und-soziales\/kinder-jugend-und-elternhilfe\/unterhalts-und-sorgerecht\/beurkundungen\" target=\"_blank\" rel=\"noreferrer noopener\">Zde<\/a> V\u00edce informac\u00ed a kontaktn\u00ed \u00fadaje z\u00edsk\u00e1te v kancel\u00e1\u0159i p\u00e9\u010de o ml\u00e1de\u017e v Lipsku.<\/p>\n<\/div><\/div>\n\n\n\n<div class=\"wp-block-esab-accordion-child\"><div class=\"esab__head\" role=\"button\" aria-expanded=\"false\"><div class=\"esab__heading_txt\"><h2 class=\"esab__heading_tag\">Jak najdu denn\u00ed p\u00e9\u010di o sv\u00e9 d\u00edt\u011b?<\/h2><\/div><div class=\"esab__icon\"><div class=\"esab__collapse\"> <svg version=\"1.2\" viewbox=\"0 0 24 24\" width=\"24\" height=\"24\"><path fill-rule=\"evenodd\" d=\"m3.5 20.5c-4.7-4.7-4.7-12.3 0-17 4.7-4.7 12.3-4.7 17 0 4.6 4.7 4.6 12.3 0 17-4.7 4.6-12.3 4.6-17 0zm0.9-0.9c4.2 4.2 11 4.2 15.2 0 4.2-4.2 4.2-11 0-15.2-4.2-4.3-11-4.3-15.2 0-4.3 4.2-4.3 11 0 15.2z\"><\/path><path d=\"m11.4 15.9v-3.3h-3.3c-0.3 0-0.6-0.3-0.6-0.6 0-0.4 0.3-0.6 0.6-0.6h3.3v-3.3c0-0.3 0.3-0.6 0.6-0.6 0.3 0 0.6 0.3 0.6 0.6v3.3h3.3c0.3 0 0.6 0.2 0.6 0.6q0 0.2-0.2 0.4-0.2 0.2-0.4 0.2h-3.3v3.3q0 0.2-0.2 0.4-0.2 0.2-0.4 0.2c-0.4 0-0.6-0.3-0.6-0.6z\"><\/path><\/svg> <\/div><div class=\"esab__expand\"> <svg version=\"1.2\" viewbox=\"0 0 24 24\" width=\"24\" height=\"24\"><path fill-rule=\"evenodd\" d=\"m12 24c-6.6 0-12-5.4-12-12 0-6.6 5.4-12 12-12 6.6 0 12 5.4 12 12 0 6.6-5.4 12-12 12zm10.6-12c0-5.9-4.7-10.6-10.6-10.6-5.9 0-10.6 4.7-10.6 10.6 0 5.9 4.7 10.6 10.6 10.6 5.9 0 10.6-4.7 10.6-10.6z\"><\/path><path d=\"m5.6 11.3h12.8v1.4h-12.8z\"><\/path><\/svg> <\/div><\/div><\/div><div class=\"esab__body\">\n<p>D\u011bti nemus\u00ed chodit do \u0161kolky. Rodi\u010de rozhoduj\u00ed o tom, zda a kdy m\u00e1 d\u00edt\u011b chodit do \u0161kolky.<br>Povinn\u00e9 je a\u017e na z\u00e1kladn\u00ed \u0161kole.<br>Pokud d\u00edt\u011bti bude 30. \u010dervna \u0161est let, mus\u00ed v tomto roce nastoupit do z\u00e1kladn\u00ed \u0161koly.<\/p>\n\n\n\n<p>Kita je zkratka pro denn\u00ed stacion\u00e1\u0159. Skl\u00e1d\u00e1 se ze dvou \u010d\u00e1st\u00ed:<\/p>\n\n\n\n<p>Jesle: pro d\u011bti od 0 do 3 let <\/p>\n\n\n\n<p>Mate\u0159sk\u00e1 \u0161kola: pro d\u011bti od 3 let do \u0161koln\u00edho v\u011bku<\/p>\n\n\n\n<p>Pokud hled\u00e1te m\u00edsto pro denn\u00ed p\u00e9\u010di v Lipsku, zaregistrujte sv\u00e9 d\u00edt\u011b na <a href=\"https:\/\/www.meinkitaplatz-leipzig.de\/app\/de\/home\/index\" target=\"_blank\" rel=\"noreferrer noopener\">moje m\u00edsto pro p\u00e9\u010di o d\u011bti<\/a> na.<br>Pak si m\u016f\u017eete vybrat denn\u00ed centra p\u00e9\u010de o d\u011bti.<br>Pokud pot\u0159ebujete pomoc s registrac\u00ed nebo nalezen\u00edm m\u00edsta, m\u016f\u017eete ji z\u00edskat na <a href=\"https:\/\/www.leipzig.de\/jugend-familie-und-soziales\/auslaender-und-migranten\/migration-und-integration\/willkommenszentrum\" target=\"_blank\" rel=\"noreferrer noopener\">Uv\u00edtac\u00ed centrum<\/a> nebo na <a href=\"https:\/\/www.leipzig.de\/jugend-familie-und-soziales\/kinderbetreuung\/kindertagesstaetten\" target=\"_blank\" rel=\"noreferrer noopener\">\u00da\u0159ad pro p\u00e9\u010di o ml\u00e1de\u017e<\/a>.<\/p>\n\n\n\n<p>\u00da\u0159ad pro p\u00e9\u010di o ml\u00e1de\u017e m\u00e1 <a href=\"https:\/\/static.leipzig.de\/fileadmin\/mediendatenbank\/leipzig-de\/Stadt\/02.5_Dez5_Jugend_Soziales_Gesundheit_Schule\/51_Amt_fuer_Jugend_Familie_und_Bildung\/Familieninfobuero\/Kitabroschuere_Leipzig-viersprachig.pdf\" target=\"_blank\" rel=\"noreferrer noopener\">bro\u017eura<\/a> do denn\u00edch center v Lipsku a <a href=\"https:\/\/static.leipzig.de\/fileadmin\/mediendatenbank\/leipzig-de\/Stadt\/02.5_Dez5_Jugend_Soziales_Gesundheit_Schule\/51_Amt_fuer_Jugend_Familie_und_Bildung\/Kita\/Kita_Einstieg_FAQ_Deutsch.pdf\" target=\"_blank\" rel=\"noreferrer noopener\">zde<\/a> odpov\u011bd\u011bl na mnoho ot\u00e1zek t\u00fdkaj\u00edc\u00edch se toho.<\/p>\n<\/div><\/div>\n\n\n\n<div class=\"wp-block-esab-accordion-child\"><div class=\"esab__head\" role=\"button\" aria-expanded=\"false\"><div class=\"esab__heading_txt\"><h2 class=\"esab__heading_tag\">Jak\u00e1 finan\u010dn\u00ed podpora je k dispozici pro rodiny?\u00a0<\/h2><\/div><div class=\"esab__icon\"><div class=\"esab__collapse\"> <svg version=\"1.2\" viewbox=\"0 0 24 24\" width=\"24\" height=\"24\"><path fill-rule=\"evenodd\" d=\"m3.5 20.5c-4.7-4.7-4.7-12.3 0-17 4.7-4.7 12.3-4.7 17 0 4.6 4.7 4.6 12.3 0 17-4.7 4.6-12.3 4.6-17 0zm0.9-0.9c4.2 4.2 11 4.2 15.2 0 4.2-4.2 4.2-11 0-15.2-4.2-4.3-11-4.3-15.2 0-4.3 4.2-4.3 11 0 15.2z\"><\/path><path d=\"m11.4 15.9v-3.3h-3.3c-0.3 0-0.6-0.3-0.6-0.6 0-0.4 0.3-0.6 0.6-0.6h3.3v-3.3c0-0.3 0.3-0.6 0.6-0.6 0.3 0 0.6 0.3 0.6 0.6v3.3h3.3c0.3 0 0.6 0.2 0.6 0.6q0 0.2-0.2 0.4-0.2 0.2-0.4 0.2h-3.3v3.3q0 0.2-0.2 0.4-0.2 0.2-0.4 0.2c-0.4 0-0.6-0.3-0.6-0.6z\"><\/path><\/svg> <\/div><div class=\"esab__expand\"> <svg version=\"1.2\" viewbox=\"0 0 24 24\" width=\"24\" height=\"24\"><path fill-rule=\"evenodd\" d=\"m12 24c-6.6 0-12-5.4-12-12 0-6.6 5.4-12 12-12 6.6 0 12 5.4 12 12 0 6.6-5.4 12-12 12zm10.6-12c0-5.9-4.7-10.6-10.6-10.6-5.9 0-10.6 4.7-10.6 10.6 0 5.9 4.7 10.6 10.6 10.6 5.9 0 10.6-4.7 10.6-10.6z\"><\/path><path d=\"m5.6 11.3h12.8v1.4h-12.8z\"><\/path><\/svg> <\/div><\/div><\/div><div class=\"esab__body\">\n<p>Pro rodiny existuj\u00ed r\u016fzn\u00e9 finan\u010dn\u00ed v\u00fdhody.&nbsp;<\/p>\n\n\n\n<p>Mnoho lid\u00ed zn\u00e1 d\u011btsk\u00e9 p\u0159\u00eddavky.<br>Ob\u010dan\u00e9 EU mohou v N\u011bmecku pob\u00edrat d\u011btsk\u00e9 p\u0159\u00eddavky, i kdy\u017e d\u011bti \u017eij\u00ed v jin\u00e9 zemi.<\/p>\n\n\n\n<p>Mezi dal\u0161\u00ed mo\u017en\u00e9 d\u00e1vky pat\u0159\u00ed p\u0159\u00edplatek na d\u00edt\u011b, rodi\u010dovsk\u00fd p\u0159\u00edsp\u011bvek, z\u00e1loha na v\u00fd\u017eivn\u00e9 a st\u00e1tn\u00ed p\u0159\u00eddavky na d\u00edt\u011b.<br><a href=\"https:\/\/familienportal.de\/familienportal\/familienleistungen\" target=\"_blank\" rel=\"noreferrer noopener\">Zde<\/a> v\u011bt\u0161ina rodinn\u00fdch d\u00e1vek je vysv\u011btlena.<br><a href=\"https:\/\/static.leipzig.de\/fileadmin\/mediendatenbank\/leipzig-de\/Stadt\/02.5_Dez5_Jugend_Soziales_Gesundheit_Schule\/51_Amt_fuer_Jugend_Familie_und_Bildung\/Familieninfobuero\/Broschuere\" target=\"_blank\" rel=\"noreferrer noopener\">Zde<\/a> Existuje v\u00edcejazy\u010dn\u00e1 bro\u017eura od Lipsk\u00e9ho \u00fa\u0159adu pro p\u00e9\u010di o ml\u00e1de\u017e.<\/p>\n\n\n\n<p>St\u00e1tn\u00ed p\u0159\u00eddavky na d\u011bti nejsou v N\u011bmecku k dispozici v\u0161ude.<br>V Lipsku jsou pen\u00edze k dispozici rodi\u010d\u016fm d\u011bt\u00ed ve v\u011bku 1\u20132 let, pokud jeden z rodi\u010d\u016f z\u016fst\u00e1v\u00e1 doma a star\u00e1 se o d\u00edt\u011b.<br>Kolik je to pen\u011bz? Z\u00e1le\u017e\u00ed na tom, kolik je d\u00edt\u011bti let a kolik d\u011bt\u00ed m\u00e1te.<br><a href=\"https:\/\/www.familie.sachsen.de\/landeserziehungsgeld.html?_cp=%7B%22accordion-content-5838%22%3A%7B%221%22%3Atrue%2C%222%22%3Atrue%7D%2C%22previousOpen%22%3A%7B%22group%22%3A%22accordion-content-5838%22%2C%22idx%22%3A1%7D%7D\" target=\"_blank\" rel=\"noreferrer noopener\">Zde<\/a> je to podrobn\u011b vysv\u011btleno.<\/p>\n<\/div><\/div>\n\n\n\n<div class=\"wp-block-esab-accordion-child\"><div class=\"esab__head\" role=\"button\" aria-expanded=\"false\"><div class=\"esab__heading_txt\"><h2 class=\"esab__heading_tag\">V m\u00e9 rodin\u011b jsou t\u011b\u017ekosti. Kdo n\u00e1m s t\u00edm pom\u016f\u017ee?<\/h2><\/div><div class=\"esab__icon\"><div class=\"esab__collapse\"> <svg version=\"1.2\" viewbox=\"0 0 24 24\" width=\"24\" height=\"24\"><path fill-rule=\"evenodd\" d=\"m3.5 20.5c-4.7-4.7-4.7-12.3 0-17 4.7-4.7 12.3-4.7 17 0 4.6 4.7 4.6 12.3 0 17-4.7 4.6-12.3 4.6-17 0zm0.9-0.9c4.2 4.2 11 4.2 15.2 0 4.2-4.2 4.2-11 0-15.2-4.2-4.3-11-4.3-15.2 0-4.3 4.2-4.3 11 0 15.2z\"><\/path><path d=\"m11.4 15.9v-3.3h-3.3c-0.3 0-0.6-0.3-0.6-0.6 0-0.4 0.3-0.6 0.6-0.6h3.3v-3.3c0-0.3 0.3-0.6 0.6-0.6 0.3 0 0.6 0.3 0.6 0.6v3.3h3.3c0.3 0 0.6 0.2 0.6 0.6q0 0.2-0.2 0.4-0.2 0.2-0.4 0.2h-3.3v3.3q0 0.2-0.2 0.4-0.2 0.2-0.4 0.2c-0.4 0-0.6-0.3-0.6-0.6z\"><\/path><\/svg> <\/div><div class=\"esab__expand\"> <svg version=\"1.2\" viewbox=\"0 0 24 24\" width=\"24\" height=\"24\"><path fill-rule=\"evenodd\" d=\"m12 24c-6.6 0-12-5.4-12-12 0-6.6 5.4-12 12-12 6.6 0 12 5.4 12 12 0 6.6-5.4 12-12 12zm10.6-12c0-5.9-4.7-10.6-10.6-10.6-5.9 0-10.6 4.7-10.6 10.6 0 5.9 4.7 10.6 10.6 10.6 5.9 0 10.6-4.7 10.6-10.6z\"><\/path><path d=\"m5.6 11.3h12.8v1.4h-12.8z\"><\/path><\/svg> <\/div><\/div><\/div><div class=\"esab__body\">\n<p>N\u011bkdy je v\u00fdchova d\u011bt\u00ed n\u00e1ro\u010dn\u00e1 nebo mezi rodi\u010di doch\u00e1z\u00ed ke konflikt\u016fm.<br>V takov\u00fdch p\u0159\u00edpadech je rozumn\u00e9 kontaktovat rodinnou poradnu.<\/p>\n\n\n\n<p>Rodinn\u00e9 poradny maj\u00ed s takov\u00fdmi situacemi bohat\u00e9 zku\u0161enosti.<br>Pomoc je zdarma a person\u00e1l \u010dasto mluv\u00ed i ciz\u00edmi jazyky.<br><a href=\"https:\/\/static.leipzig.de\/fileadmin\/mediendatenbank\/leipzig-de\/Stadt\/02.5_Dez5_Jugend_Soziales_Gesundheit_Schule\/51_Amt_fuer_Jugend_Familie_und_Bildung\/Familieninfobuero\/Flyer-Erziehungsberatungsstellen-2020.pdf\" target=\"_blank\" rel=\"noopener\">Zde<\/a> V seznamu jsou uvedena v\u0161echna centra rodinn\u00e9ho poradenstv\u00ed v Lipsku.<\/p>\n<\/div><\/div>\n\n\n\n<div class=\"wp-block-esab-accordion-child\"><div class=\"esab__head\" role=\"button\" aria-expanded=\"false\"><div class=\"esab__heading_txt\"><h2 class=\"esab__heading_tag\">Co d\u011bl\u00e1 \u00fa\u0159ad p\u00e9\u010de o ml\u00e1de\u017e?<\/h2><\/div><div class=\"esab__icon\"><div class=\"esab__collapse\"> <svg version=\"1.2\" viewbox=\"0 0 24 24\" width=\"24\" height=\"24\"><path fill-rule=\"evenodd\" d=\"m3.5 20.5c-4.7-4.7-4.7-12.3 0-17 4.7-4.7 12.3-4.7 17 0 4.6 4.7 4.6 12.3 0 17-4.7 4.6-12.3 4.6-17 0zm0.9-0.9c4.2 4.2 11 4.2 15.2 0 4.2-4.2 4.2-11 0-15.2-4.2-4.3-11-4.3-15.2 0-4.3 4.2-4.3 11 0 15.2z\"><\/path><path d=\"m11.4 15.9v-3.3h-3.3c-0.3 0-0.6-0.3-0.6-0.6 0-0.4 0.3-0.6 0.6-0.6h3.3v-3.3c0-0.3 0.3-0.6 0.6-0.6 0.3 0 0.6 0.3 0.6 0.6v3.3h3.3c0.3 0 0.6 0.2 0.6 0.6q0 0.2-0.2 0.4-0.2 0.2-0.4 0.2h-3.3v3.3q0 0.2-0.2 0.4-0.2 0.2-0.4 0.2c-0.4 0-0.6-0.3-0.6-0.6z\"><\/path><\/svg> <\/div><div class=\"esab__expand\"> <svg version=\"1.2\" viewbox=\"0 0 24 24\" width=\"24\" height=\"24\"><path fill-rule=\"evenodd\" d=\"m12 24c-6.6 0-12-5.4-12-12 0-6.6 5.4-12 12-12 6.6 0 12 5.4 12 12 0 6.6-5.4 12-12 12zm10.6-12c0-5.9-4.7-10.6-10.6-10.6-5.9 0-10.6 4.7-10.6 10.6 0 5.9 4.7 10.6 10.6 10.6 5.9 0 10.6-4.7 10.6-10.6z\"><\/path><path d=\"m5.6 11.3h12.8v1.4h-12.8z\"><\/path><\/svg> <\/div><\/div><\/div><div class=\"esab__body\">\n<p>\u00da\u0159ad pro p\u00e9\u010di o ml\u00e1de\u017e m\u00e1 za \u00fakol chr\u00e1nit d\u011bti a ml\u00e1de\u017e a podporovat rodi\u010de.<br>\u00da\u0159ad pro p\u00e9\u010di o ml\u00e1de\u017e m\u00e1 r\u016fzn\u00e1 odd\u011blen\u00ed, nap\u0159\u00edklad pro denn\u00ed centra p\u00e9\u010de nebo rodi\u010dovsk\u00fd p\u0159\u00edsp\u011bvek.<br>Nab\u00edz\u00ed tak\u00e9 rodinn\u00e9 poradenstv\u00ed.<\/p>\n\n\n\n<p>\u00da\u0159ad p\u00e9\u010de o ml\u00e1de\u017e zam\u011bstn\u00e1v\u00e1 soci\u00e1ln\u00ed pracovn\u00edky, kte\u0159\u00ed se staraj\u00ed o blaho d\u011bt\u00ed.<br>To znamen\u00e1, \u017ee se uji\u0161\u0165uj\u00ed, \u017ee se d\u00edt\u011bti da\u0159\u00ed dob\u0159e.<br>Pokud se d\u00edt\u011b nach\u00e1z\u00ed v nebezpe\u010dn\u00e9 situaci (ohro\u017een\u00ed d\u00edt\u011bte), m\u016f\u017ee ho \u00fa\u0159ad p\u00e9\u010de o ml\u00e1de\u017e vz\u00edt do p\u00e9\u010de.<br>To znamen\u00e1, \u017ee d\u00edt\u011b z\u016fst\u00e1v\u00e1 v domov\u011b spravovan\u00e9m \u00fa\u0159adem p\u00e9\u010de o ml\u00e1de\u017e nebo v p\u011bstounsk\u00e9 rodin\u011b, dokud se p\u0159\u00edpadn\u011b nebude moci do rodiny vr\u00e1tit.<br>O takov\u00fdch v\u011bcech rozhoduje rodinn\u00fd soud.<br>D\u00edt\u011bti je b\u011bhem \u0159\u00edzen\u00ed poskytov\u00e1na pomoc od pr\u00e1vn\u00edho z\u00e1stupce.<br>Tato osoba m\u00e1 za \u00fakol zastupovat z\u00e1jmy d\u00edt\u011bte.<\/p>\n\n\n\n<p><a href=\"https:\/\/www.unterstuetzung-die-ankommt.de\/de\/mediathek\/broschueren\/\" target=\"_blank\" rel=\"noreferrer noopener\">Zde<\/a> Informace o \u00fakolech \u00da\u0159adu pro p\u00e9\u010di o ml\u00e1de\u017e si m\u016f\u017eete p\u0159e\u010d\u00edst v r\u016fzn\u00fdch jazyc\u00edch.<\/p>\n<\/div><\/div>\n<\/div><\/div>\n<div class=\"gsp_post_data\" \r\n\t            data-post_type=\"page\" \r\n\t            data-cat=\"soziales\" \r\n\t            data-modified=\"120\"\r\n\t            data-created=\"1688943725\"\r\n\t            data-title=\"Kinder und Familie\" \r\n\t            data-home=\"https:\/\/info-to-go.binational-leipzig.de\/cs\"><\/div>","protected":false},"excerpt":{"rendered":"","protected":false},"author":1,"featured_media":0,"parent":5,"menu_order":6,"comment_status":"closed","ping_status":"closed","template":"","meta":{"footnotes":""},"categories":[9],"tags":[],"class_list":["post-25","page","type-page","status-publish","hentry","category-soziales"],"_links":{"self":[{"href":"https:\/\/info-to-go.binational-leipzig.de\/cs\/wp-json\/wp\/v2\/pages\/25","targetHints":{"allow":["GET"]}}],"collection":[{"href":"https:\/\/info-to-go.binational-leipzig.de\/cs\/wp-json\/wp\/v2\/pages"}],"about":[{"href":"https:\/\/info-to-go.binational-leipzig.de\/cs\/wp-json\/wp\/v2\/types\/page"}],"author":[{"embeddable":true,"href":"https:\/\/info-to-go.binational-leipzig.de\/cs\/wp-json\/wp\/v2\/users\/1"}],"replies":[{"embeddable":true,"href":"https:\/\/info-to-go.binational-leipzig.de\/cs\/wp-json\/wp\/v2\/comments?post=25"}],"version-history":[{"count":17,"href":"https:\/\/info-to-go.binational-leipzig.de\/cs\/wp-json\/wp\/v2\/pages\/25\/revisions"}],"predecessor-version":[{"id":732,"href":"https:\/\/info-to-go.binational-leipzig.de\/cs\/wp-json\/wp\/v2\/pages\/25\/revisions\/732"}],"up":[{"embeddable":true,"href":"https:\/\/info-to-go.binational-leipzig.de\/cs\/wp-json\/wp\/v2\/pages\/5"}],"wp:attachment":[{"href":"https:\/\/info-to-go.binational-leipzig.de\/cs\/wp-json\/wp\/v2\/media?parent=25"}],"wp:term":[{"taxonomy":"category","embeddable":true,"href":"https:\/\/info-to-go.binational-leipzig.de\/cs\/wp-json\/wp\/v2\/categories?post=25"},{"taxonomy":"post_tag","embeddable":true,"href":"https:\/\/info-to-go.binational-leipzig.de\/cs\/wp-json\/wp\/v2\/tags?post=25"}],"curies":[{"name":"wp","href":"https:\/\/api.w.org\/{rel}","templated":true}]}}