{"id":3,"date":"2024-03-11T13:45:00","date_gmt":"2024-03-11T12:45:00","guid":{"rendered":"https:\/\/sprijin.binational-leipzig.de\/?page_id=3"},"modified":"2024-03-11T13:45:51","modified_gmt":"2024-03-11T12:45:51","slug":"datenschutzerklaerung","status":"publish","type":"page","link":"https:\/\/info-to-go.binational-leipzig.de\/cs\/datenschutzerklaerung\/","title":{"rendered":"Z\u00e1sady ochrany osobn\u00edch \u00fadaj\u016f"},"content":{"rendered":"<p><strong>1. Ochrana osobn\u00edch \u00fadaj\u016f v kostce<\/strong><\/p>\n\n\n\n<p><strong><em>Obecn\u00e9 informace<\/em><\/strong><\/p>\n\n\n\n<p>N\u00e1sleduj\u00edc\u00ed informace poskytuj\u00ed jednoduch\u00fd p\u0159ehled o tom, co se d\u011bje s va\u0161imi osobn\u00edmi \u00fadaji, kdy\u017e nav\u0161t\u00edv\u00edte na\u0161e webov\u00e9 str\u00e1nky. Osobn\u00ed \u00fadaje jsou jak\u00e9koli \u00fadaje, kter\u00e9 lze pou\u017e\u00edt k va\u0161\u00ed osobn\u00ed identifikaci. Podrobn\u00e9 informace o ochran\u011b osobn\u00edch \u00fadaj\u016f naleznete v na\u0161ich z\u00e1sad\u00e1ch ochrany osobn\u00edch \u00fadaj\u016f uveden\u00fdch n\u00ed\u017ee.<\/p>\n\n\n\n<p><strong>Sb\u011br dat na na\u0161ich webov\u00fdch str\u00e1nk\u00e1ch<\/strong><\/p>\n\n\n\n<p><strong><em>Kdo je zodpov\u011bdn\u00fd za shroma\u017e\u010fov\u00e1n\u00ed dat na t\u011bchto webov\u00fdch str\u00e1nk\u00e1ch?<\/em><\/strong><\/p>\n\n\n\n<p>Zpracov\u00e1n\u00ed \u00fadaj\u016f na t\u011bchto webov\u00fdch str\u00e1nk\u00e1ch prov\u00e1d\u00ed provozovatel webov\u00fdch str\u00e1nek. Jejich kontaktn\u00ed \u00fadaje naleznete v tir\u00e1\u017ei t\u011bchto webov\u00fdch str\u00e1nek.<\/p>\n\n\n\n<p><strong><em>Jak shroma\u017e\u010fujeme va\u0161e \u00fadaje?<\/em><\/strong><\/p>\n\n\n\n<p>Na jedn\u00e9 stran\u011b jsou va\u0161e \u00fadaje shroma\u017e\u010fov\u00e1ny, kdy\u017e n\u00e1m je poskytnete. Mohou to b\u00fdt nap\u0159\u00edklad \u00fadaje, kter\u00e9 zad\u00e1te do kontaktn\u00edho formul\u00e1\u0159e.<\/p>\n\n\n\n<p>Dal\u0161\u00ed \u00fadaje jsou automaticky shroma\u017e\u010fov\u00e1ny na\u0161imi IT syst\u00e9my, kdy\u017e nav\u0161t\u00edv\u00edte webov\u00e9 str\u00e1nky. Jedn\u00e1 se p\u0159edev\u0161\u00edm o technick\u00e9 \u00fadaje (nap\u0159. internetov\u00fd prohl\u00ed\u017ee\u010d, opera\u010dn\u00ed syst\u00e9m nebo \u010das p\u0159\u00edstupu na str\u00e1nku). Tato data se shroma\u017e\u010fuj\u00ed automaticky, jakmile vstoup\u00edte na na\u0161e webov\u00e9 str\u00e1nky.<\/p>\n\n\n\n<p><strong><em>K \u010demu pou\u017e\u00edv\u00e1me va\u0161e data?<\/em><\/strong><\/p>\n\n\n\n<p>N\u011bkter\u00e1 data se shroma\u017e\u010fuj\u00ed za \u00fa\u010delem zaji\u0161t\u011bn\u00ed spr\u00e1vn\u00e9ho fungov\u00e1n\u00ed webov\u00fdch str\u00e1nek. Dal\u0161\u00ed \u00fadaje mohou b\u00fdt pou\u017eity k anal\u00fdze va\u0161eho u\u017eivatelsk\u00e9ho chov\u00e1n\u00ed.<\/p>\n\n\n\n<p><strong><em>Jak\u00e1 m\u00e1te pr\u00e1va ohledn\u011b sv\u00fdch \u00fadaj\u016f?<\/em><\/strong><\/p>\n\n\n\n<p>M\u00e1te pr\u00e1vo kdykoli a bezplatn\u011b z\u00edskat informace o p\u016fvodu, p\u0159\u00edjemci a \u00fa\u010delu va\u0161ich ulo\u017een\u00fdch osobn\u00edch \u00fadaj\u016f. M\u00e1te tak\u00e9 pr\u00e1vo po\u017e\u00e1dat o opravu, zablokov\u00e1n\u00ed nebo smaz\u00e1n\u00ed t\u011bchto \u00fadaj\u016f. V p\u0159\u00edpad\u011b jak\u00fdchkoli dotaz\u016f k t\u00e9to nebo jin\u00fdm ot\u00e1zk\u00e1m t\u00fdkaj\u00edc\u00edm se ochrany osobn\u00edch \u00fadaj\u016f n\u00e1s m\u016f\u017eete kdykoli kontaktovat na adrese uveden\u00e9 v tir\u00e1\u017ei. D\u00e1le m\u00e1te pr\u00e1vo podat st\u00ed\u017enost u p\u0159\u00edslu\u0161n\u00e9ho dozorov\u00e9ho org\u00e1nu.<\/p>\n\n\n\n<p><strong>2. Obecn\u00e9 informace a povinn\u00e9 informace<\/strong><\/p>\n\n\n\n<p><strong>Ochrana \u00fadaj\u016f<\/strong><\/p>\n\n\n\n<p>Provozovatel\u00e9 t\u011bchto str\u00e1nek berou ochranu va\u0161ich osobn\u00edch \u00fadaj\u016f velmi v\u00e1\u017en\u011b. S va\u0161imi osobn\u00edmi \u00fadaji zach\u00e1z\u00edme d\u016fv\u011brn\u011b a v souladu se z\u00e1konn\u00fdmi p\u0159edpisy o ochran\u011b osobn\u00edch \u00fadaj\u016f a t\u011bmito z\u00e1sadami ochrany osobn\u00edch \u00fadaj\u016f.<\/p>\n\n\n\n<p>Kdy\u017e pou\u017e\u00edv\u00e1te tyto webov\u00e9 str\u00e1nky, shroma\u017e\u010fuj\u00ed se r\u016fzn\u00e9 osobn\u00ed \u00fadaje. Osobn\u00ed \u00fadaje jsou \u00fadaje, kter\u00e9 lze pou\u017e\u00edt k va\u0161\u00ed osobn\u00ed identifikaci. Tyto z\u00e1sady ochrany osobn\u00edch \u00fadaj\u016f vysv\u011btluj\u00ed, jak\u00e9 \u00fadaje shroma\u017e\u010fujeme a k \u010demu je pou\u017e\u00edv\u00e1me. Tak\u00e9 vysv\u011btluje, jak a za jak\u00fdm \u00fa\u010delem se to d\u011bl\u00e1.<\/p>\n\n\n\n<p>R\u00e1di bychom upozornili, \u017ee p\u0159enos dat p\u0159es internet (nap\u0159. p\u0159i komunikaci e-mailem) m\u016f\u017ee m\u00edt bezpe\u010dnostn\u00ed mezery. \u00dapln\u00e1 ochrana dat p\u0159ed p\u0159\u00edstupem t\u0159et\u00edch stran nen\u00ed mo\u017en\u00e1.<\/p>\n\n\n\n<p><strong><em>Pozn\u00e1mka k odpov\u011bdn\u00e9mu org\u00e1nu<\/em><\/strong><\/p>\n\n\n\n<p>Odpov\u011bdn\u00fdm subjektem za zpracov\u00e1n\u00ed \u00fadaj\u016f na t\u011bchto webov\u00fdch str\u00e1nk\u00e1ch je:<br>Asociace bin\u00e1rodn\u00edch rodin a partnerstv\u00ed, iaf eV<\/p>\n\n\n\n<p>Ludolfusstra\u00dfe 2\u20134<br>60487 Frankfurt nad Mohanem<br>Telefon: +49 (0) 69 713 756 \u2013 0<br>E-mail: info@verband-binationaler.de<\/p>\n\n\n\n<p>Odpov\u011bdn\u00fdm subjektem je fyzick\u00e1 nebo pr\u00e1vnick\u00e1 osoba, kter\u00e1 sama nebo spole\u010dn\u011b s jin\u00fdmi rozhoduje o \u00fa\u010delech a prost\u0159edc\u00edch zpracov\u00e1n\u00ed osobn\u00edch \u00fadaj\u016f (nap\u0159. jm\u00e9na, e-mailov\u00e9 adresy atd.).<\/p>\n\n\n\n<p><strong><em>Odvol\u00e1n\u00ed va\u0161eho souhlasu se zpracov\u00e1n\u00edm \u00fadaj\u016f<\/em><\/strong><\/p>\n\n\n\n<p>Mnoho operac\u00ed zpracov\u00e1n\u00ed dat je mo\u017en\u00fdch pouze s va\u0161\u00edm v\u00fdslovn\u00fdm souhlasem. Sv\u016fj souhlas m\u016f\u017eete kdykoli odvolat. Sta\u010d\u00ed n\u00e1m poslat neform\u00e1ln\u00ed e-mail. Z\u00e1konnost zpracov\u00e1n\u00ed \u00fadaj\u016f proveden\u00e9ho do doby odvol\u00e1n\u00ed z\u016fst\u00e1v\u00e1 odvol\u00e1n\u00edm nedot\u010dena.<\/p>\n\n\n\n<p><strong><em>Pr\u00e1vo podat st\u00ed\u017enost u p\u0159\u00edslu\u0161n\u00e9ho dozorov\u00e9ho org\u00e1nu<\/em><\/strong><\/p>\n\n\n\n<p>V p\u0159\u00edpad\u011b poru\u0161en\u00ed z\u00e1kona o ochran\u011b osobn\u00edch \u00fadaj\u016f m\u00e1 dot\u010den\u00e1 osoba pr\u00e1vo podat st\u00ed\u017enost u p\u0159\u00edslu\u0161n\u00e9ho dozorov\u00e9ho org\u00e1nu. Odpov\u011bdn\u00fdm dozorov\u00fdm org\u00e1nem pro ot\u00e1zky ochrany osobn\u00edch \u00fadaj\u016f je zemsk\u00fd komisa\u0159 pro ochranu osobn\u00edch \u00fadaj\u016f spolkov\u00e9 zem\u011b Hesensko.<br><a href=\"http:\/\/www.datenschutz.hessen.de\/\" rel=\"noreferrer noopener\" target=\"_blank\">www.datenschutz.hessen.de<\/a><\/p>\n\n\n\n<p><strong><em>Pr\u00e1vo na p\u0159enositelnost \u00fadaj\u016f<\/em><\/strong><\/p>\n\n\n\n<p>M\u00e1te pr\u00e1vo na to, abychom v\u00e1m nebo t\u0159et\u00ed stran\u011b p\u0159edali \u00fadaje, kter\u00e9 zpracov\u00e1v\u00e1me automaticky na z\u00e1klad\u011b va\u0161eho souhlasu nebo v r\u00e1mci pln\u011bn\u00ed smlouvy, v b\u011b\u017en\u011b pou\u017e\u00edvan\u00e9m, strojov\u011b \u010diteln\u00e9m form\u00e1tu. Pokud po\u017e\u00e1d\u00e1te o p\u0159\u00edm\u00fd p\u0159enos \u00fadaj\u016f jin\u00e9 spr\u00e1vn\u00ed stran\u011b, bude tak provedeno pouze tehdy, pokud je to technicky provediteln\u00e9.<\/p>\n\n\n\n<p><strong><em>\u0160ifrov\u00e1n\u00ed SSL nebo TLS<\/em><\/strong><\/p>\n\n\n\n<p>Z bezpe\u010dnostn\u00edch d\u016fvod\u016f a pro ochranu p\u0159enosu d\u016fv\u011brn\u00e9ho obsahu, jako jsou objedn\u00e1vky nebo dotazy, kter\u00e9 n\u00e1m jako provozovateli webu zas\u00edl\u00e1te, pou\u017e\u00edv\u00e1 tento web \u0161ifrov\u00e1n\u00ed SSL nebo TLS. \u0160ifrov\u00e1n\u00ed TLS. \u0160ifrovan\u00e9 p\u0159ipojen\u00ed pozn\u00e1te podle toho, \u017ee se adresn\u00ed \u0159\u00e1dek prohl\u00ed\u017ee\u010de zm\u011bn\u00ed z \u201ehttp:\/\/\u201c na \u201ehttps:\/\/\u201c a podle symbolu z\u00e1mku v \u0159\u00e1dku prohl\u00ed\u017ee\u010de.<\/p>\n\n\n\n<p>Pokud je aktivov\u00e1no \u0161ifrov\u00e1n\u00ed SSL nebo TLS, data, kter\u00e1 n\u00e1m zas\u00edl\u00e1te, nemohou b\u00fdt \u010dtena t\u0159et\u00edmi stranami.<\/p>\n\n\n\n<p><strong><em>Informace, blokov\u00e1n\u00ed, smaz\u00e1n\u00ed<\/em><\/strong><\/p>\n\n\n\n<p>V r\u00e1mci platn\u00fdch pr\u00e1vn\u00edch ustanoven\u00ed m\u00e1te kdykoli pr\u00e1vo z\u00edskat bezplatn\u00e9 informace o va\u0161ich ulo\u017een\u00fdch osobn\u00edch \u00fadaj\u00edch, jejich p\u016fvodu a p\u0159\u00edjemci a \u00fa\u010delu zpracov\u00e1n\u00ed \u00fadaj\u016f a p\u0159\u00edpadn\u011b pr\u00e1vo na opravu, blokov\u00e1n\u00ed nebo smaz\u00e1n\u00ed t\u011bchto \u00fadaj\u016f. V p\u0159\u00edpad\u011b jak\u00fdchkoli dotaz\u016f k tomuto nebo jin\u00fdm z\u00e1le\u017eitostem t\u00fdkaj\u00edc\u00edm se osobn\u00edch \u00fadaj\u016f n\u00e1s m\u016f\u017eete kdykoli kontaktovat na adrese uveden\u00e9 v tir\u00e1\u017ei.<\/p>\n\n\n\n<p><strong><em>N\u00e1mitka proti reklamn\u00edm e-mail\u016fm<\/em><\/strong><\/p>\n\n\n\n<p>Pou\u017e\u00edv\u00e1n\u00ed kontaktn\u00edch \u00fadaj\u016f zve\u0159ejn\u011bn\u00fdch v souvislosti s povinnost\u00ed uv\u00e1d\u011bt tir\u00e1\u017e k zas\u00edl\u00e1n\u00ed nevy\u017e\u00e1dan\u00e9 reklamy a informa\u010dn\u00edch materi\u00e1l\u016f je t\u00edmto zak\u00e1z\u00e1no. Provozovatel\u00e9 str\u00e1nek si v\u00fdslovn\u011b vyhrazuj\u00ed pr\u00e1vo podniknout pr\u00e1vn\u00ed kroky v p\u0159\u00edpad\u011b zas\u00edl\u00e1n\u00ed nevy\u017e\u00e1dan\u00fdch reklamn\u00edch informac\u00ed, nap\u0159\u00edklad prost\u0159ednictv\u00edm spamov\u00fdch e-mail\u016f.<\/p>\n\n\n\n<p><strong>3. Pov\u011b\u0159enec pro ochranu osobn\u00edch \u00fadaj\u016f<\/strong><\/p>\n\n\n\n<p><strong>Z\u00e1konem vy\u017eadovan\u00fd pov\u011b\u0159enec pro ochranu osobn\u00edch \u00fadaj\u016f<\/strong><\/p>\n\n\n\n<p>Pro na\u0161i spole\u010dnost jsme jmenovali intern\u00edho pov\u011b\u0159ence pro ochranu osobn\u00edch \u00fadaj\u016f:<br>Asociace bin\u00e1rodn\u00edch rodin a partnerstv\u00ed, iaf eV<\/p>\n\n\n\n<p>Ludolfusstra\u00dfe 2\u20134<br>60487 Frankfurt nad Mohanem<br>Telefon: +49 (0) 69 713 756 \u2013 0<br>E-mail: datenschutz@verband-binationaler.de<\/p>\n\n\n\n<p><strong>4. Shroma\u017e\u010fov\u00e1n\u00ed \u00fadaj\u016f na na\u0161ich webov\u00fdch str\u00e1nk\u00e1ch<\/strong><\/p>\n\n\n\n<p><strong>Soubory cookie<\/strong><\/p>\n\n\n\n<p>N\u011bkter\u00e9 internetov\u00e9 str\u00e1nky pou\u017e\u00edvaj\u00ed tzv. soubory cookie. Soubory cookie nezp\u016fsobuj\u00ed \u017e\u00e1dn\u00e9 \u0161kody na va\u0161em po\u010d\u00edta\u010di a neobsahuj\u00ed \u017e\u00e1dn\u00e9 viry. Soubory cookie pou\u017e\u00edv\u00e1me k tomu, aby byly na\u0161e slu\u017eby u\u017eivatelsky p\u0159\u00edv\u011btiv\u011bj\u0161\u00ed, efektivn\u011bj\u0161\u00ed a bezpe\u010dn\u011bj\u0161\u00ed. Soubory cookie jsou mal\u00e9 textov\u00e9 soubory, kter\u00e9 se ukl\u00e1daj\u00ed do va\u0161eho po\u010d\u00edta\u010de a ukl\u00e1d\u00e1 je v\u00e1\u0161 prohl\u00ed\u017ee\u010d.<\/p>\n\n\n\n<p>V\u011bt\u0161ina soubor\u016f cookie, kter\u00e9 pou\u017e\u00edv\u00e1me, jsou tzv. \u201esession cookies\u201c. Po va\u0161\u00ed n\u00e1v\u0161t\u011bv\u011b se automaticky sma\u017eou. Ostatn\u00ed soubory cookie z\u016fst\u00e1vaj\u00ed ulo\u017eeny ve va\u0161em za\u0159\u00edzen\u00ed, dokud je neodstran\u00edte. Tyto soubory cookie n\u00e1m umo\u017e\u0148uj\u00ed rozpoznat v\u00e1\u0161 prohl\u00ed\u017ee\u010d p\u0159i va\u0161\u00ed p\u0159\u00ed\u0161t\u00ed n\u00e1v\u0161t\u011bv\u011b.<\/p>\n\n\n\n<p>Sv\u016fj prohl\u00ed\u017ee\u010d si m\u016f\u017eete nastavit tak, abyste byli informov\u00e1ni o nastaven\u00ed soubor\u016f cookie a povolovali je pouze v jednotliv\u00fdch p\u0159\u00edpadech, vylou\u010dili p\u0159ijet\u00ed soubor\u016f cookie pro ur\u010dit\u00e9 p\u0159\u00edpady nebo obecn\u011b a aktivovali automatick\u00e9 maz\u00e1n\u00ed soubor\u016f cookie po zav\u0159en\u00ed prohl\u00ed\u017ee\u010de. Pokud jsou soubory cookie deaktivov\u00e1ny, m\u016f\u017ee b\u00fdt funk\u010dnost t\u011bchto webov\u00fdch str\u00e1nek omezena.<\/p>\n\n\n\n<p>Soubory cookie, kter\u00e9 jsou nezbytn\u00e9 pro prov\u00e1d\u011bn\u00ed elektronick\u00e9 komunikace nebo pro poskytov\u00e1n\u00ed ur\u010dit\u00fdch funkc\u00ed, kter\u00e9 po\u017eadujete (nap\u0159. funkce n\u00e1kupn\u00edho ko\u0161\u00edku), se ukl\u00e1daj\u00ed na z\u00e1klad\u011b \u010dl. \u010cl\u00e1nek 6 (1) p\u00edsm. f) GDPR. Provozovatel webov\u00fdch str\u00e1nek m\u00e1 opr\u00e1vn\u011bn\u00fd z\u00e1jem na ukl\u00e1d\u00e1n\u00ed soubor\u016f cookie, aby zajistil technicky bezchybn\u00e9 a optimalizovan\u00e9 poskytov\u00e1n\u00ed sv\u00fdch slu\u017eeb. Pokud jsou ukl\u00e1d\u00e1ny jin\u00e9 soubory cookie (nap\u0159. soubory cookie pro anal\u00fdzu va\u0161eho chov\u00e1n\u00ed p\u0159i prohl\u00ed\u017een\u00ed), budou v t\u011bchto z\u00e1sad\u00e1ch ochrany osobn\u00edch \u00fadaj\u016f pops\u00e1ny samostatn\u011b.<\/p>\n\n\n\n<p><strong>Soubory protokolu serveru<\/strong><\/p>\n\n\n\n<p>Poskytovatel str\u00e1nek automaticky shroma\u017e\u010fuje a ukl\u00e1d\u00e1 informace v tzv. souborech protokolu serveru, kter\u00e9 n\u00e1m v\u00e1\u0161 prohl\u00ed\u017ee\u010d automaticky p\u0159en\u00e1\u0161\u00ed. Jsou to:<\/p>\n\n\n\n<p>&nbsp;&nbsp;&nbsp; Typ a verze prohl\u00ed\u017ee\u010de<\/p>\n\n\n\n<p>&nbsp;&nbsp;&nbsp; pou\u017eit\u00fd opera\u010dn\u00ed syst\u00e9m<\/p>\n\n\n\n<p>&nbsp;&nbsp;&nbsp; URL odkazuj\u00edc\u00edho serveru<\/p>\n\n\n\n<p>&nbsp;&nbsp;&nbsp; N\u00e1zev hostitele p\u0159istupuj\u00edc\u00edho po\u010d\u00edta\u010de<\/p>\n\n\n\n<p>&nbsp;&nbsp;&nbsp; \u010cas po\u017eadavku serveru<\/p>\n\n\n\n<p>&nbsp;&nbsp;&nbsp; IP adresa<\/p>\n\n\n\n<p>Tato data nebudou slou\u010dena s jin\u00fdmi zdroji dat.<\/p>\n\n\n\n<p>Z\u00e1kladem pro zpracov\u00e1n\u00ed \u00fadaj\u016f je \u010dl. 6 (1) (f) GDPR, kter\u00fd umo\u017e\u0148uje zpracov\u00e1n\u00ed \u00fadaj\u016f za \u00fa\u010delem pln\u011bn\u00ed smlouvy nebo pro p\u0159edsmluvn\u00ed opat\u0159en\u00ed.<\/p>\n\n\n\n<p><strong>5. Pluginy a n\u00e1stroje<\/strong><\/p>\n\n\n\n<p><strong>Webov\u00e9 fonty Google<\/strong><\/p>\n\n\n\n<p>Tato str\u00e1nka pou\u017e\u00edv\u00e1 tzv. webov\u00e9 fonty poskytovan\u00e9 spole\u010dnost\u00ed Google pro jednotn\u00e9 zobrazen\u00ed font\u016f. Kdy\u017e nav\u0161t\u00edv\u00edte str\u00e1nku, v\u00e1\u0161 prohl\u00ed\u017ee\u010d na\u010dte pot\u0159ebn\u00e9 webov\u00e9 fonty do mezipam\u011bti prohl\u00ed\u017ee\u010de, aby se texty a fonty spr\u00e1vn\u011b zobrazovaly.<\/p>\n\n\n\n<p>Za t\u00edmto \u00fa\u010delem se mus\u00ed prohl\u00ed\u017ee\u010d, kter\u00fd pou\u017e\u00edv\u00e1te, p\u0159ipojit k server\u016fm spole\u010dnosti Google. D\u00edky tomu Google pozn\u00e1, \u017ee k na\u0161im webov\u00fdm str\u00e1nk\u00e1m byl p\u0159istupov\u00e1no prost\u0159ednictv\u00edm va\u0161\u00ed IP adresy. V z\u00e1jmu jednotn\u00e9 a atraktivn\u00ed prezentace na\u0161ich online nab\u00eddek pou\u017e\u00edv\u00e1me webov\u00e9 fonty Google. To p\u0159edstavuje opr\u00e1vn\u011bn\u00fd z\u00e1jem ve smyslu \u010dl. \u010cl\u00e1nek 6 (1) (f) GDPR.<\/p>\n\n\n\n<p>Pokud v\u00e1\u0161 prohl\u00ed\u017ee\u010d nepodporuje webov\u00e9 fonty, bude pou\u017eit standardn\u00ed font z va\u0161eho po\u010d\u00edta\u010de.<\/p>\n\n\n\n<p>V\u00edce informac\u00ed o webov\u00fdch fontech Google naleznete na <a href=\"https:\/\/developers.google.com\/fonts\/faq\" target=\"_blank\" rel=\"noreferrer noopener\">https:\/\/developers.google.com\/fonts\/faq<\/a>  a v z\u00e1sad\u00e1ch ochrany osobn\u00edch \u00fadaj\u016f spole\u010dnosti Google:\u00a0<a href=\"https:\/\/www.google.com\/policies\/privacy\/\" target=\"_blank\" rel=\"noreferrer noopener\">https:\/\/www.google.com\/policies\/privacy\/<\/a>.<\/p>\n<div class=\"gsp_post_data\" \r\n\t            data-post_type=\"page\" \r\n\t            data-cat=\"\" \r\n\t            data-modified=\"120\"\r\n\t            data-created=\"1710164700\"\r\n\t            data-title=\"Datenschutzerkl\u00e4rung\" \r\n\t            data-home=\"https:\/\/info-to-go.binational-leipzig.de\/cs\"><\/div>","protected":false},"excerpt":{"rendered":"<p>1. Datenschutz auf einen Blick Allgemeine Hinweise Die folgenden Hinweise geben einen einfachen \u00dcberblick dar\u00fcber, was mit Ihren personenbezogenen Daten passiert, wenn Sie unsere Website besuchen. Personenbezogene Daten sind alle Daten, mit denen Sie pers\u00f6nlich identifiziert werden k\u00f6nnen. Ausf\u00fchrliche Informationen zum Thema Datenschutz entnehmen Sie unserer unter diesem Text aufgef\u00fchrten Datenschutzerkl\u00e4rung. Datenerfassung auf unserer Website [&hellip;]<\/p>\n","protected":false},"author":1,"featured_media":0,"parent":0,"menu_order":0,"comment_status":"closed","ping_status":"open","template":"","meta":{"footnotes":""},"categories":[],"tags":[],"class_list":["post-3","page","type-page","status-publish","hentry"],"_links":{"self":[{"href":"https:\/\/info-to-go.binational-leipzig.de\/cs\/wp-json\/wp\/v2\/pages\/3","targetHints":{"allow":["GET"]}}],"collection":[{"href":"https:\/\/info-to-go.binational-leipzig.de\/cs\/wp-json\/wp\/v2\/pages"}],"about":[{"href":"https:\/\/info-to-go.binational-leipzig.de\/cs\/wp-json\/wp\/v2\/types\/page"}],"author":[{"embeddable":true,"href":"https:\/\/info-to-go.binational-leipzig.de\/cs\/wp-json\/wp\/v2\/users\/1"}],"replies":[{"embeddable":true,"href":"https:\/\/info-to-go.binational-leipzig.de\/cs\/wp-json\/wp\/v2\/comments?post=3"}],"version-history":[{"count":1,"href":"https:\/\/info-to-go.binational-leipzig.de\/cs\/wp-json\/wp\/v2\/pages\/3\/revisions"}],"predecessor-version":[{"id":447,"href":"https:\/\/info-to-go.binational-leipzig.de\/cs\/wp-json\/wp\/v2\/pages\/3\/revisions\/447"}],"wp:attachment":[{"href":"https:\/\/info-to-go.binational-leipzig.de\/cs\/wp-json\/wp\/v2\/media?parent=3"}],"wp:term":[{"taxonomy":"category","embeddable":true,"href":"https:\/\/info-to-go.binational-leipzig.de\/cs\/wp-json\/wp\/v2\/categories?post=3"},{"taxonomy":"post_tag","embeddable":true,"href":"https:\/\/info-to-go.binational-leipzig.de\/cs\/wp-json\/wp\/v2\/tags?post=3"}],"curies":[{"name":"wp","href":"https:\/\/api.w.org\/{rel}","templated":true}]}}