{"id":35,"date":"2023-07-09T23:07:29","date_gmt":"2023-07-09T21:07:29","guid":{"rendered":"https:\/\/sprijin.binational-leipzig.de\/?page_id=35"},"modified":"2025-08-26T11:48:33","modified_gmt":"2025-08-26T09:48:33","slug":"deutsche-sprache","status":"publish","type":"page","link":"https:\/\/info-to-go.binational-leipzig.de\/cs\/start\/bildung\/deutsche-sprache\/","title":{"rendered":"N\u011bmeck\u00fd jazyk"},"content":{"rendered":"<div class=\"wp-block-esab-accordion accordion-88f2547e\" data-mode=\"global\"><div class=\"esab__container\">\n<div class=\"wp-block-esab-accordion-child\"><div class=\"esab__head\" role=\"button\" aria-expanded=\"false\"><div class=\"esab__heading_txt\"><h2 class=\"esab__heading_tag\">Co znamen\u00e1 n\u011bm\u010dina A1, B2 a tak d\u00e1le?\u00a0<\/h2><\/div><div class=\"esab__icon\"><div class=\"esab__collapse\"> <svg version=\"1.2\" viewbox=\"0 0 24 24\" width=\"24\" height=\"24\"><path fill-rule=\"evenodd\" d=\"m3.5 20.5c-4.7-4.7-4.7-12.3 0-17 4.7-4.7 12.3-4.7 17 0 4.6 4.7 4.6 12.3 0 17-4.7 4.6-12.3 4.6-17 0zm0.9-0.9c4.2 4.2 11 4.2 15.2 0 4.2-4.2 4.2-11 0-15.2-4.2-4.3-11-4.3-15.2 0-4.3 4.2-4.3 11 0 15.2z\"><\/path><path d=\"m11.4 15.9v-3.3h-3.3c-0.3 0-0.6-0.3-0.6-0.6 0-0.4 0.3-0.6 0.6-0.6h3.3v-3.3c0-0.3 0.3-0.6 0.6-0.6 0.3 0 0.6 0.3 0.6 0.6v3.3h3.3c0.3 0 0.6 0.2 0.6 0.6q0 0.2-0.2 0.4-0.2 0.2-0.4 0.2h-3.3v3.3q0 0.2-0.2 0.4-0.2 0.2-0.4 0.2c-0.4 0-0.6-0.3-0.6-0.6z\"><\/path><\/svg> <\/div><div class=\"esab__expand\"> <svg version=\"1.2\" viewbox=\"0 0 24 24\" width=\"24\" height=\"24\"><path fill-rule=\"evenodd\" d=\"m12 24c-6.6 0-12-5.4-12-12 0-6.6 5.4-12 12-12 6.6 0 12 5.4 12 12 0 6.6-5.4 12-12 12zm10.6-12c0-5.9-4.7-10.6-10.6-10.6-5.9 0-10.6 4.7-10.6 10.6 0 5.9 4.7 10.6 10.6 10.6 5.9 0 10.6-4.7 10.6-10.6z\"><\/path><path d=\"m5.6 11.3h12.8v1.4h-12.8z\"><\/path><\/svg> <\/div><\/div><\/div><div class=\"esab__body\">\n<p>Ozna\u010den\u00ed A1, B2 a tak d\u00e1le znamen\u00e1, \u017ee dan\u00e1 osoba dok\u00e1\u017ee mluvit n\u011bmecky na ur\u010dit\u00e9 \u00farovni.<br>V\u0161echny \u010d\u00e1sti jazyka jsou d\u016fle\u017eit\u00e9: poslech, \u010dten\u00ed, mluven\u00ed a psan\u00ed.<br>Existuje 6 \u00farovn\u00ed, od za\u010d\u00e1te\u010dn\u00edk\u016f po experty: A1, A2, B1, B2, C1, C2.<br><a href=\"https:\/\/integreat.app\/marburg-biedenkopf\/de\/sprache\/information-3\" target=\"_blank\" rel=\"noreferrer noopener\">Zde<\/a> T\u011bchto 6 krok\u016f je dob\u0159e vysv\u011btleno.<\/p>\n<\/div><\/div>\n\n\n\n<div class=\"wp-block-esab-accordion-child\"><div class=\"esab__head\" role=\"button\" aria-expanded=\"false\"><div class=\"esab__heading_txt\"><h2 class=\"esab__heading_tag\">Jak se mohu z\u00fa\u010dastnit integra\u010dn\u00edho kurzu?\u00a0<\/h2><\/div><div class=\"esab__icon\"><div class=\"esab__collapse\"> <svg version=\"1.2\" viewbox=\"0 0 24 24\" width=\"24\" height=\"24\"><path fill-rule=\"evenodd\" d=\"m3.5 20.5c-4.7-4.7-4.7-12.3 0-17 4.7-4.7 12.3-4.7 17 0 4.6 4.7 4.6 12.3 0 17-4.7 4.6-12.3 4.6-17 0zm0.9-0.9c4.2 4.2 11 4.2 15.2 0 4.2-4.2 4.2-11 0-15.2-4.2-4.3-11-4.3-15.2 0-4.3 4.2-4.3 11 0 15.2z\"><\/path><path d=\"m11.4 15.9v-3.3h-3.3c-0.3 0-0.6-0.3-0.6-0.6 0-0.4 0.3-0.6 0.6-0.6h3.3v-3.3c0-0.3 0.3-0.6 0.6-0.6 0.3 0 0.6 0.3 0.6 0.6v3.3h3.3c0.3 0 0.6 0.2 0.6 0.6q0 0.2-0.2 0.4-0.2 0.2-0.4 0.2h-3.3v3.3q0 0.2-0.2 0.4-0.2 0.2-0.4 0.2c-0.4 0-0.6-0.3-0.6-0.6z\"><\/path><\/svg> <\/div><div class=\"esab__expand\"> <svg version=\"1.2\" viewbox=\"0 0 24 24\" width=\"24\" height=\"24\"><path fill-rule=\"evenodd\" d=\"m12 24c-6.6 0-12-5.4-12-12 0-6.6 5.4-12 12-12 6.6 0 12 5.4 12 12 0 6.6-5.4 12-12 12zm10.6-12c0-5.9-4.7-10.6-10.6-10.6-5.9 0-10.6 4.7-10.6 10.6 0 5.9 4.7 10.6 10.6 10.6 5.9 0 10.6-4.7 10.6-10.6z\"><\/path><path d=\"m5.6 11.3h12.8v1.4h-12.8z\"><\/path><\/svg> <\/div><\/div><\/div><div class=\"esab__body\">\n<p>Mnoho lid\u00ed, kte\u0159\u00ed je\u0161t\u011b moc neovl\u00e1daj\u00ed n\u011bmecky, nejprve absolvuje integra\u010dn\u00ed kurz.<br>Jedn\u00e1 se o kurz n\u011bm\u010diny, kter\u00fd je financov\u00e1n st\u00e1tem.<br>To znamen\u00e1, \u017ee stoj\u00ed m\u00e9n\u011b ne\u017e jin\u00e9 kurzy n\u011bm\u010diny.<br>N\u011bkte\u0159\u00ed lid\u00e9 za kurz v\u016fbec nemus\u00ed platit.&nbsp;<\/p>\n\n\n\n<p>Kurz sah\u00e1 od \u00farovn\u011b A1 do B1.<br>Nemus\u00edte za\u010d\u00ednat na \u00farovni A1, pokud u\u017e trochu mluv\u00edte n\u011bmecky.<br>Nejprve slo\u017e\u00edte zkou\u0161ku v jazykov\u00e9 \u0161kole. Tomu se \u0159\u00edk\u00e1 \u201eroz\u0159azovac\u00ed test\u201c.<br>\u0160kola pak rozhodne, ve kter\u00e9m kurzu za\u010dnete.&nbsp;<\/p>\n\n\n\n<p><a href=\"https:\/\/bamf-navi.bamf.de\/de\/Themen\/Integrationskurse\/?coord=735271.5692864&amp;\" target=\"_blank\" rel=\"noreferrer noopener\">Na t\u00e9to str\u00e1nce<\/a> M\u016f\u017eete si prohl\u00e9dnout v\u0161echny jazykov\u00e9 \u0161koly v Lipsku, kter\u00e9 nab\u00edzej\u00ed integra\u010dn\u00ed kurzy.<br>Najdete tam ve\u0161ker\u00e9 informace o \u00farovni kurzu, \u010dasech kurz\u016f, adrese a kontaktn\u00edch \u00fadaj\u00edch \u0161kol.<\/p>\n\n\n\n<p>Pokud chcete absolvovat integra\u010dn\u00ed kurz, pot\u0159ebujete povolen\u00ed.<br>Toto povolen\u00ed se naz\u00fdv\u00e1 \u201eautorizace\u201c. O toto schv\u00e1len\u00ed po\u017e\u00e1d\u00e1te \u00fa\u0159ad BAMF.<br><a href=\"https:\/\/www.bamf.de\/SharedDocs\/Anlagen\/DE\/Integration\/Integrationskurse\/Kursteilnehmer\/AntraegeAlle\/630-007_antrag-zulassung-integrationskurs-ausl_pdf.pdf?__blob=publicationFile&amp;v=27\" target=\"_blank\" rel=\"noreferrer noopener\">Zde<\/a> je forma. Za\u0161lete formul\u00e1\u0159 BAMF zde:&nbsp;<\/p>\n\n\n\n<p class=\"has-text-align-center\">BAMF (Business for Financial Analysis Service)&nbsp;<\/p>\n\n\n\n<p class=\"has-text-align-center\">Otto-Schmerbach-Stra\u00dfe 20&nbsp;<\/p>\n\n\n\n<p class=\"has-text-align-center\">09117 Chemnitz&nbsp;<\/p>\n\n\n\n<p>Pokud se chcete kurzu z\u00fa\u010dastnit, mus\u00edte dokon\u010dit prvn\u00ed \u010d\u00e1st.<br>Druhou \u010d\u00e1st \u201e\u017d\u00e1d\u00e1m o osvobozen\u00ed od poplatku za integra\u010dn\u00ed kurz\u201c mus\u00edte vyplnit, pokud si kurz nem\u016f\u017eete uhradit.&nbsp;<\/p>\n\n\n\n<p>Pokud nem\u016f\u017eete zaplatit, mus\u00edte k formul\u00e1\u0159i zaslat doklad.<br>Nap\u0159\u00edklad ozn\u00e1men\u00ed o ob\u010dansk\u00e9m p\u0159\u00eddavku nebo p\u0159\u00edsp\u011bvku na bydlen\u00ed, nebo o Leipzig Pass.<br>Tak\u00e9 nemus\u00edte platit, pokud pracujete a nevyd\u011bl\u00e1v\u00e1te v\u00edce ne\u017e tento hrub\u00fd p\u0159\u00edjem: 2 491 EUR (bez d\u011bt\u00ed); 3 246 \u20ac (s 1 d\u00edt\u011btem); 4 001 \u20ac (s 2 a v\u00edce d\u011btmi).<br>V tomto p\u0159\u00edpad\u011b pros\u00edm za\u0161lete v\u00fdplatn\u00ed p\u00e1sky spolu s formul\u00e1\u0159em.&nbsp;<\/p>\n\n\n\n<p><a href=\"https:\/\/www.bamf.de\/SharedDocs\/Anlagen\/DE\/Integration\/Integrationskurse\/Kursteilnehmer\/Merkblaetter\/630-036_merkblatt-auslaenderbehoerde.pdf?__blob=publicationFile&amp;v=40+\" target=\"_blank\" rel=\"noreferrer noopener\">Zde<\/a> Mnoho informac\u00ed o integra\u010dn\u00edm kurzu je k dispozici p\u0159\u00edmo od BAMF.<\/p>\n<\/div><\/div>\n\n\n\n<div class=\"wp-block-esab-accordion-child\"><div class=\"esab__head\" role=\"button\" aria-expanded=\"false\"><div class=\"esab__heading_txt\"><h2 class=\"esab__heading_tag\">U\u017e m\u00e1m n\u011bm\u010dinu na \u00farovni B1. Jak se mohu nau\u010dit v\u00edce n\u011bmecky?\u00a0<\/h2><\/div><div class=\"esab__icon\"><div class=\"esab__collapse\"> <svg version=\"1.2\" viewbox=\"0 0 24 24\" width=\"24\" height=\"24\"><path fill-rule=\"evenodd\" d=\"m3.5 20.5c-4.7-4.7-4.7-12.3 0-17 4.7-4.7 12.3-4.7 17 0 4.6 4.7 4.6 12.3 0 17-4.7 4.6-12.3 4.6-17 0zm0.9-0.9c4.2 4.2 11 4.2 15.2 0 4.2-4.2 4.2-11 0-15.2-4.2-4.3-11-4.3-15.2 0-4.3 4.2-4.3 11 0 15.2z\"><\/path><path d=\"m11.4 15.9v-3.3h-3.3c-0.3 0-0.6-0.3-0.6-0.6 0-0.4 0.3-0.6 0.6-0.6h3.3v-3.3c0-0.3 0.3-0.6 0.6-0.6 0.3 0 0.6 0.3 0.6 0.6v3.3h3.3c0.3 0 0.6 0.2 0.6 0.6q0 0.2-0.2 0.4-0.2 0.2-0.4 0.2h-3.3v3.3q0 0.2-0.2 0.4-0.2 0.2-0.4 0.2c-0.4 0-0.6-0.3-0.6-0.6z\"><\/path><\/svg> <\/div><div class=\"esab__expand\"> <svg version=\"1.2\" viewbox=\"0 0 24 24\" width=\"24\" height=\"24\"><path fill-rule=\"evenodd\" d=\"m12 24c-6.6 0-12-5.4-12-12 0-6.6 5.4-12 12-12 6.6 0 12 5.4 12 12 0 6.6-5.4 12-12 12zm10.6-12c0-5.9-4.7-10.6-10.6-10.6-5.9 0-10.6 4.7-10.6 10.6 0 5.9 4.7 10.6 10.6 10.6 5.9 0 10.6-4.7 10.6-10.6z\"><\/path><path d=\"m5.6 11.3h12.8v1.4h-12.8z\"><\/path><\/svg> <\/div><\/div><\/div><div class=\"esab__body\">\n<p>Od \u00farovn\u011b B1 se m\u016f\u017eete z\u00fa\u010dastnit odborn\u00e9ho jazykov\u00e9ho kurzu. To se zvy\u0161uje na B2, C1 nebo C2.<br>V kurzu odborn\u00e9ho jazyka se klade v\u011bt\u0161\u00ed d\u016fraz na n\u011bm\u010dinu pro pr\u00e1ci.<br>Tento kurz je financov\u00e1n vl\u00e1dou, a proto nen\u00ed tak drah\u00fd.&nbsp;<\/p>\n\n\n\n<p>K \u00fa\u010dasti na kurzu pot\u0159ebujete povolen\u00ed.<br>Pokud jste nezam\u011bstnan\u00ed, m\u016f\u017eete si tuto podporu vy\u017e\u00e1dat na \u00fa\u0159adu pr\u00e1ce nebo na \u00fa\u0159adu pr\u00e1ce.<br>Pokud pracujete, po\u017e\u00e1dejte o povolen\u00ed p\u0159\u00edmo BAMF.&nbsp;<\/p>\n\n\n\n<p>Pokud m\u00e1te povolen\u00ed, m\u016f\u017eete si kurz vyhledat na webov\u00fdch str\u00e1nk\u00e1ch KURSNET.<br><a href=\"https:\/\/web.arbeitsagentur.de\/sprachfoerderung\/suche\/berufssprachkurse?ort=Leipzig_12.3781_51.3383&amp;umkreis=10&amp;seite=0\" target=\"_blank\" rel=\"noreferrer noopener\">Zde<\/a> Kurzy se nach\u00e1zej\u00ed v Lipsku.<\/p>\n\n\n\n<p>N\u011bkte\u0159\u00ed lid\u00e9 si kurz mus\u00ed zaplatit, jin\u00ed ne.<br>Z\u00e1le\u017e\u00ed na tom, kolik pen\u011bz si vyd\u011bl\u00e1te.<br>Pokud toto zaplat\u00edte a kurz \u00fasp\u011b\u0161n\u011b dokon\u010d\u00edte, m\u016f\u017eete z\u00edskat zp\u011bt 501 % n\u00e1klad\u016f.<br><a href=\"https:\/\/www.bamf.de\/DE\/Themen\/Integration\/ZugewanderteTeilnehmende\/DeutschBeruf\/deutsch-beruf.html?nn=282656#a_284040_1\" target=\"_blank\" rel=\"noreferrer noopener\">Zde<\/a> Naleznete zde dal\u0161\u00ed informace a pot\u0159ebn\u00e9 formul\u00e1\u0159e.<\/p>\n<\/div><\/div>\n\n\n\n<div class=\"wp-block-esab-accordion-child\"><div class=\"esab__head\" role=\"button\" aria-expanded=\"false\"><div class=\"esab__heading_txt\"><h2 class=\"esab__heading_tag\">Kde jinde se m\u016f\u017eu nau\u010dit n\u011bmecky?\u00a0<\/h2><\/div><div class=\"esab__icon\"><div class=\"esab__collapse\"> <svg version=\"1.2\" viewbox=\"0 0 24 24\" width=\"24\" height=\"24\"><path fill-rule=\"evenodd\" d=\"m3.5 20.5c-4.7-4.7-4.7-12.3 0-17 4.7-4.7 12.3-4.7 17 0 4.6 4.7 4.6 12.3 0 17-4.7 4.6-12.3 4.6-17 0zm0.9-0.9c4.2 4.2 11 4.2 15.2 0 4.2-4.2 4.2-11 0-15.2-4.2-4.3-11-4.3-15.2 0-4.3 4.2-4.3 11 0 15.2z\"><\/path><path d=\"m11.4 15.9v-3.3h-3.3c-0.3 0-0.6-0.3-0.6-0.6 0-0.4 0.3-0.6 0.6-0.6h3.3v-3.3c0-0.3 0.3-0.6 0.6-0.6 0.3 0 0.6 0.3 0.6 0.6v3.3h3.3c0.3 0 0.6 0.2 0.6 0.6q0 0.2-0.2 0.4-0.2 0.2-0.4 0.2h-3.3v3.3q0 0.2-0.2 0.4-0.2 0.2-0.4 0.2c-0.4 0-0.6-0.3-0.6-0.6z\"><\/path><\/svg> <\/div><div class=\"esab__expand\"> <svg version=\"1.2\" viewbox=\"0 0 24 24\" width=\"24\" height=\"24\"><path fill-rule=\"evenodd\" d=\"m12 24c-6.6 0-12-5.4-12-12 0-6.6 5.4-12 12-12 6.6 0 12 5.4 12 12 0 6.6-5.4 12-12 12zm10.6-12c0-5.9-4.7-10.6-10.6-10.6-5.9 0-10.6 4.7-10.6 10.6 0 5.9 4.7 10.6 10.6 10.6 5.9 0 10.6-4.7 10.6-10.6z\"><\/path><path d=\"m5.6 11.3h12.8v1.4h-12.8z\"><\/path><\/svg> <\/div><\/div><\/div><div class=\"esab__body\">\n<p>V Lipsku jsou i dal\u0161\u00ed m\u00edsta, kde se m\u016f\u017eete nau\u010dit n\u011bmecky.<br>Obvykle se jedn\u00e1 o neform\u00e1ln\u00ed kurzy, kde nemus\u00edte platit \u017e\u00e1dn\u00e9 pen\u00edze nebo plat\u00edte jen velmi m\u00e1lo pen\u011bz.<br>M\u016f\u017eete se bu\u010f jen zastavit, nebo se kr\u00e1tce zaregistrovat.<br><a href=\"https:\/\/www.leipzig.de\/jugend-familie-und-soziales\/auslaender-und-migranten\/migration-und-integration\/deutsch-lernen-und-sprache\/beratungsangebote-und-informationen-zum-thema\" target=\"_blank\" rel=\"noreferrer noopener\">Zde<\/a> v\u0161echny tyto kurzy a konverza\u010dn\u00ed kurzy jsou uvedeny.<\/p>\n\n\n\n<p>M\u011bstsk\u00e1 knihovna v Lipsku nab\u00edz\u00ed mnoho zdroj\u016f pro lidi, kte\u0159\u00ed se cht\u011bj\u00ed u\u010dit n\u011bmecky.<br>Je tam spousta materi\u00e1lu <a href=\"https:\/\/stadtbibliothek.leipzig.de\/macht-mit\/kreative-freiraeume\" target=\"_blank\" rel=\"noopener\">Jazykov\u00e1 m\u00edstnost<\/a> tam. M\u016f\u017eete si to jednodu\u0161e vyzkou\u0161et zdarma.<br>Pokud si chcete p\u016fj\u010dit knihy a vz\u00edt si je dom\u016f, pot\u0159ebujete pr\u016fkazku do knihovny.<br>To stoj\u00ed 20 \u20ac ro\u010dn\u011b. Pro d\u011bti je to zdarma a pro osoby s Leipzig Passem je to 10 eur ro\u010dn\u011b. <\/p>\n\n\n\n<p>Pokud se v\u011bnujete dobrovolnick\u00e9 pr\u00e1ci, nau\u010d\u00edte se tak\u00e9 n\u011bco m\u00e1lo n\u011bmecky.<br>Dobrovolnick\u00e1 pr\u00e1ce je jako neplacen\u00e1 pr\u00e1ce.<br>D\u011bl\u00e1te to, abyste pomohli ostatn\u00edm lidem. Nap\u0159\u00edklad mlad\u00ed lid\u00e9 nebo star\u0161\u00ed lid\u00e9.<br>Ale pozn\u00e1v\u00e1te nov\u00e9 lidi a mluv\u00edte v\u00edce n\u011bmecky.<br>K n\u011b\u010demu takov\u00e9mu nemus\u00edte v\u017edycky moc mluvit n\u011bmecky.<br>Na <a href=\"https:\/\/freiwilligen-agentur-leipzig.de\/\" target=\"_blank\" rel=\"noreferrer noopener\">Dobrovolnick\u00e1 agentura<\/a> takov\u00e9 aktivity najdete. <\/p>\n\n\n\n<p>N\u011bkte\u0159\u00ed lid\u00e9 d\u011blaj\u00ed jazykov\u00fd tandem.<br>Dva lid\u00e9 si navz\u00e1jem pom\u00e1haj\u00ed u\u010dit se jazyky.<br>Nap\u0159\u00edklad \u010dlov\u011bk mluv\u00ed rusky a chce se nau\u010dit \u0161pan\u011blsky.<br>Dal\u0161\u00ed \u010dlov\u011bk mluv\u00ed \u0161pan\u011blsky a chce se nau\u010dit rusky.<br>Ti dva lid\u00e9 se setk\u00e1vaj\u00ed a procvi\u010duj\u00ed si oba jazyky.<br><a href=\"http:\/\/www.sprachtandem-leipzig.de\/de\/info.html\" target=\"_blank\" rel=\"noreferrer noopener\">Zde<\/a> M\u016f\u017eete si vyhledat jazykov\u00fd tandem.<\/p>\n\n\n\n<p>Existuje tak\u00e9 mnoho online zdroj\u016f, kde se m\u016f\u017eete u\u010dit n\u011bm\u010dinu.<br>Nap\u0159\u00edklad <a href=\"https:\/\/www.duolingo.com\/learn\" target=\"_blank\" rel=\"noreferrer noopener\">Duolingo<\/a> nebo na YouTube, TikToku a Instagramu.<br>The <a href=\"https:\/\/www.goethe.de\/de\/spr\/ueb.html\" target=\"_blank\" rel=\"noreferrer noopener\">Goetheho institut<\/a> a <a href=\"https:\/\/learngerman.dw.com\/de\/deutsch-lernen\/s-9095\" target=\"_blank\" rel=\"noreferrer noopener\">N\u011bmeck\u00e1 vlna<\/a> maj\u00ed spoustu obsahu pro lidi, kte\u0159\u00ed se cht\u011bj\u00ed u\u010dit n\u011bmecky.<\/p>\n<\/div><\/div>\n<\/div><\/div>\n<div class=\"gsp_post_data\" \r\n\t            data-post_type=\"page\" \r\n\t            data-cat=\"bildung\" \r\n\t            data-modified=\"120\"\r\n\t            data-created=\"1688944049\"\r\n\t            data-title=\"Deutsche Sprache\" \r\n\t            data-home=\"https:\/\/info-to-go.binational-leipzig.de\/cs\"><\/div>","protected":false},"excerpt":{"rendered":"","protected":false},"author":1,"featured_media":0,"parent":10,"menu_order":1,"comment_status":"closed","ping_status":"closed","template":"","meta":{"footnotes":""},"categories":[11],"tags":[],"class_list":["post-35","page","type-page","status-publish","hentry","category-bildung"],"_links":{"self":[{"href":"https:\/\/info-to-go.binational-leipzig.de\/cs\/wp-json\/wp\/v2\/pages\/35","targetHints":{"allow":["GET"]}}],"collection":[{"href":"https:\/\/info-to-go.binational-leipzig.de\/cs\/wp-json\/wp\/v2\/pages"}],"about":[{"href":"https:\/\/info-to-go.binational-leipzig.de\/cs\/wp-json\/wp\/v2\/types\/page"}],"author":[{"embeddable":true,"href":"https:\/\/info-to-go.binational-leipzig.de\/cs\/wp-json\/wp\/v2\/users\/1"}],"replies":[{"embeddable":true,"href":"https:\/\/info-to-go.binational-leipzig.de\/cs\/wp-json\/wp\/v2\/comments?post=35"}],"version-history":[{"count":11,"href":"https:\/\/info-to-go.binational-leipzig.de\/cs\/wp-json\/wp\/v2\/pages\/35\/revisions"}],"predecessor-version":[{"id":639,"href":"https:\/\/info-to-go.binational-leipzig.de\/cs\/wp-json\/wp\/v2\/pages\/35\/revisions\/639"}],"up":[{"embeddable":true,"href":"https:\/\/info-to-go.binational-leipzig.de\/cs\/wp-json\/wp\/v2\/pages\/10"}],"wp:attachment":[{"href":"https:\/\/info-to-go.binational-leipzig.de\/cs\/wp-json\/wp\/v2\/media?parent=35"}],"wp:term":[{"taxonomy":"category","embeddable":true,"href":"https:\/\/info-to-go.binational-leipzig.de\/cs\/wp-json\/wp\/v2\/categories?post=35"},{"taxonomy":"post_tag","embeddable":true,"href":"https:\/\/info-to-go.binational-leipzig.de\/cs\/wp-json\/wp\/v2\/tags?post=35"}],"curies":[{"name":"wp","href":"https:\/\/api.w.org\/{rel}","templated":true}]}}