{"id":399,"date":"2024-01-17T12:08:03","date_gmt":"2024-01-17T11:08:03","guid":{"rendered":"https:\/\/info-to-go.binational-leipzig.de\/?page_id=399"},"modified":"2024-07-31T12:56:05","modified_gmt":"2024-07-31T10:56:05","slug":"impressum","status":"publish","type":"page","link":"https:\/\/info-to-go.binational-leipzig.de\/cs\/impressum\/","title":{"rendered":"Otisk"},"content":{"rendered":"<p><strong>Informace dle \u00a7 5 TMG<\/strong><\/p>\n\n\n\n<p>Asociace bin\u00e1rodn\u00edch rodin a partnerstv\u00ed, iaf eV<br>Ludolfusstra\u00dfe 2\u20134<br>60487 Frankfurt nad Mohanem<\/p>\n\n\n\n<p><strong>Zastoupeno<\/strong><\/p>\n\n\n\n<p>Asiye Bal\u0131k\u00e7\u0131-Schmidt, Natalia Bugaj-Wolfram<\/p>\n\n\n\n<p>Zvl\u00e1\u0161tn\u00ed z\u00e1stupce podle \u00a7 30 BGB: NN<\/p>\n\n\n\n<p>Rejst\u0159\u00edkov\u00fd soud:<\/p>\n\n\n\n<p>Okresn\u00ed soud Frankfurt nad Mohanem, registra\u010dn\u00ed \u010d\u00edslo sdru\u017een\u00ed: VR 6728<\/p>\n\n\n\n<p>Finan\u010dn\u00ed \u00fa\u0159ad Frankfurt V DI\u010c 014 250 63357<\/p>\n\n\n\n<p><strong>kontakt<\/strong><\/p>\n\n\n\n<p>Telefon: +49 (0) 69 713 756 \u2013 0<br>Fax: +49 (0) 69 707 50 92<br>E-mail: info@verband-binationaler.de<\/p>\n\n\n\n<p><strong>Z\u00e1pis do rejst\u0159\u00edku<\/strong><\/p>\n\n\n\n<p>Registrace v rejst\u0159\u00edku spolk\u016f.<br>Rejst\u0159\u00edkov\u00fd soud: Okresn\u00ed soud Frankfurt nad Mohanem<br>Registra\u010dn\u00ed \u010d\u00edslo: VR 6728<\/p>\n\n\n\n<p><strong>DPH<\/strong><\/p>\n\n\n\n<p>DI\u010c dle \u00a7 27a z\u00e1kona o DPH:<br>DE114234727<\/p>\n\n\n\n<p><strong>\u0158e\u0161en\u00ed spor\u016f<\/strong><\/p>\n\n\n\n<p>Nejsme ochotni ani povinni \u00fa\u010dastnit se \u0159\u00edzen\u00ed o \u0159e\u0161en\u00ed spor\u016f p\u0159ed rozhod\u010d\u00ed komis\u00ed pro spot\u0159ebitele.<\/p>\n\n\n\n<p><strong>Zdroje<\/strong><\/p>\n\n\n\n<p>Technick\u00e1 realizace: Stephan Wein a Ahmet Erdem \u015eent\u00fcrk<br>Webdesign: Chris Schneider<\/p>\n\n\n\n<p><strong>Fotografie<\/strong><\/p>\n\n\n\n<p>\u201eKdo jsme\u201c: Mehmet Arbag<\/p>\n\n\n\n<p><strong>Pr\u00e1vn\u00ed upozorn\u011bn\u00ed<\/strong><\/p>\n\n\n\n<p>Odpov\u011bdnost za obsah<\/p>\n\n\n\n<p>Jako poskytovatel slu\u017eeb jsme v souladu s \u00a7 7 odst. 1 z\u00e1kona o telem\u00e9di\u00edch (TMG) odpov\u011bdn\u00ed za obsah na t\u011bchto str\u00e1nk\u00e1ch. Nicm\u00e9n\u011b podle \u00a7\u00a7 8 a\u017e 10 n\u011bmeck\u00e9ho z\u00e1kona o telemedi\u00e1ln\u00edch slu\u017eb\u00e1ch (TMG) nejsme my jako poskytovatel\u00e9 slu\u017eeb povinni monitorovat p\u0159en\u00e1\u0161en\u00e9 nebo ukl\u00e1dan\u00e9 informace t\u0159et\u00edch stran ani vy\u0161et\u0159ovat okolnosti, kter\u00e9 nazna\u010duj\u00ed nez\u00e1konnou \u010dinnost.<\/p>\n\n\n\n<p>Povinnosti odstranit nebo zablokovat pou\u017eit\u00ed informac\u00ed podle obecn\u00fdch pr\u00e1vn\u00edch p\u0159edpis\u016f z\u016fst\u00e1vaj\u00ed nedot\u010deny. Odpov\u011bdnost v tomto ohledu je v\u0161ak mo\u017en\u00e1 a\u017e od okam\u017eiku, kdy se o konkr\u00e9tn\u00edm poru\u0161en\u00ed z\u00e1kona dozv\u011bd\u011blo. Pokud se dozv\u00edme o jak\u00e9mkoli takov\u00e9m poru\u0161en\u00ed z\u00e1kona, takov\u00fd obsah okam\u017eit\u011b odstran\u00edme.<\/p>\n\n\n\n<p><strong>Odpov\u011bdnost za odkazy<\/strong><\/p>\n\n\n\n<p>Na\u0161e nab\u00eddka obsahuje odkazy na extern\u00ed webov\u00e9 str\u00e1nky t\u0159et\u00edch stran, na jejich\u017e obsah nem\u00e1me \u017e\u00e1dn\u00fd vliv. Proto nem\u016f\u017eeme p\u0159evz\u00edt \u017e\u00e1dnou odpov\u011bdnost za tento extern\u00ed obsah. Za obsah odkazovan\u00fdch str\u00e1nek je v\u017edy zodpov\u011bdn\u00fd p\u0159\u00edslu\u0161n\u00fd poskytovatel nebo provozovatel str\u00e1nek. Propojen\u00e9 str\u00e1nky byly v dob\u011b propojen\u00ed zkontrolov\u00e1ny z hlediska mo\u017en\u00e9ho poru\u0161en\u00ed z\u00e1kona. Neleg\u00e1ln\u00ed obsah nebyl v dob\u011b odkazov\u00e1n\u00ed rozpoznateln\u00fd.<\/p>\n\n\n\n<p>Trval\u00e9 sledov\u00e1n\u00ed obsahu odkazovan\u00fdch str\u00e1nek v\u0161ak nen\u00ed rozumn\u00e9 bez konkr\u00e9tn\u00edch d\u016fkaz\u016f o poru\u0161en\u00ed z\u00e1kona. Pokud se dozv\u00edme o jak\u00fdchkoli poru\u0161en\u00edch z\u00e1kona, takov\u00e9 odkazy okam\u017eit\u011b odstran\u00edme.<\/p>\n\n\n\n<p><strong>copyright<\/strong><\/p>\n\n\n\n<p>Obsah a d\u00edla na t\u011bchto str\u00e1nk\u00e1ch vytvo\u0159en\u00e1 provozovateli webu podl\u00e9haj\u00ed n\u011bmeck\u00e9mu autorsk\u00e9mu pr\u00e1vu. Reprodukce, zpracov\u00e1n\u00ed, distribuce a jak\u00e9koli jin\u00e9 vyu\u017eit\u00ed mimo r\u00e1mec autorsk\u00e9ho pr\u00e1va vy\u017eaduje p\u00edsemn\u00fd souhlas p\u0159\u00edslu\u0161n\u00e9ho autora nebo tv\u016frce. Stahov\u00e1n\u00ed a kopie t\u011bchto str\u00e1nek jsou povoleny pouze pro soukrom\u00e9, nekomer\u010dn\u00ed pou\u017eit\u00ed.<\/p>\n\n\n\n<p>V rozsahu, v jak\u00e9m obsah t\u011bchto str\u00e1nek nebyl vytvo\u0159en provozovatelem, jsou respektov\u00e1na autorsk\u00e1 pr\u00e1va t\u0159et\u00edch stran. Zejm\u00e9na je obsah t\u0159et\u00edch stran takto ozna\u010den. Pokud byste se p\u0159esto dozv\u011bd\u011bli o poru\u0161en\u00ed autorsk\u00fdch pr\u00e1v, \u017e\u00e1d\u00e1me v\u00e1s, abyste n\u00e1s o tom informovali. Pokud se dozv\u00edme o jak\u00fdchkoli poru\u0161en\u00edch z\u00e1kona, takov\u00fd obsah neprodlen\u011b odstran\u00edme.<\/p>\n<div class=\"gsp_post_data\" \r\n\t            data-post_type=\"page\" \r\n\t            data-cat=\"\" \r\n\t            data-modified=\"120\"\r\n\t            data-created=\"1705493283\"\r\n\t            data-title=\"Impressum\" \r\n\t            data-home=\"https:\/\/info-to-go.binational-leipzig.de\/cs\"><\/div>","protected":false},"excerpt":{"rendered":"<p>Angaben gem\u00e4\u00df \u00a7 5 TMG Verband binationaler Familien und Partnerschaften, iaf e.V.Ludolfusstra\u00dfe 2 \u2013 460487 Frankfurt am Main Vertreten durch Asiye Bal\u0131k\u00e7\u0131-Schmidt, Natalia Bugaj-Wolfram Besondere Vertreterin gem. \u00a7 30 BGB: N.N. Registergericht: Amtsgericht Frankfurt am Main&nbsp; Vereins-Registernummer: VR 6728 Finanzamt Frankfurt V \u00a0 Steuernummer 014 250 63357 Kontakt Telefon: +49 (0) 69 713 756 \u2013 [&hellip;]<\/p>\n","protected":false},"author":2,"featured_media":0,"parent":0,"menu_order":0,"comment_status":"closed","ping_status":"closed","template":"","meta":{"footnotes":""},"categories":[],"tags":[],"class_list":["post-399","page","type-page","status-publish","hentry"],"_links":{"self":[{"href":"https:\/\/info-to-go.binational-leipzig.de\/cs\/wp-json\/wp\/v2\/pages\/399","targetHints":{"allow":["GET"]}}],"collection":[{"href":"https:\/\/info-to-go.binational-leipzig.de\/cs\/wp-json\/wp\/v2\/pages"}],"about":[{"href":"https:\/\/info-to-go.binational-leipzig.de\/cs\/wp-json\/wp\/v2\/types\/page"}],"author":[{"embeddable":true,"href":"https:\/\/info-to-go.binational-leipzig.de\/cs\/wp-json\/wp\/v2\/users\/2"}],"replies":[{"embeddable":true,"href":"https:\/\/info-to-go.binational-leipzig.de\/cs\/wp-json\/wp\/v2\/comments?post=399"}],"version-history":[{"count":3,"href":"https:\/\/info-to-go.binational-leipzig.de\/cs\/wp-json\/wp\/v2\/pages\/399\/revisions"}],"predecessor-version":[{"id":481,"href":"https:\/\/info-to-go.binational-leipzig.de\/cs\/wp-json\/wp\/v2\/pages\/399\/revisions\/481"}],"wp:attachment":[{"href":"https:\/\/info-to-go.binational-leipzig.de\/cs\/wp-json\/wp\/v2\/media?parent=399"}],"wp:term":[{"taxonomy":"category","embeddable":true,"href":"https:\/\/info-to-go.binational-leipzig.de\/cs\/wp-json\/wp\/v2\/categories?post=399"},{"taxonomy":"post_tag","embeddable":true,"href":"https:\/\/info-to-go.binational-leipzig.de\/cs\/wp-json\/wp\/v2\/tags?post=399"}],"curies":[{"name":"wp","href":"https:\/\/api.w.org\/{rel}","templated":true}]}}