{"id":598,"date":"2025-06-25T11:47:50","date_gmt":"2025-06-25T09:47:50","guid":{"rendered":"https:\/\/info-to-go.binational-leipzig.de\/?page_id=598"},"modified":"2025-06-25T11:47:51","modified_gmt":"2025-06-25T09:47:51","slug":"barrierefreiheitserklaerung","status":"publish","type":"page","link":"https:\/\/info-to-go.binational-leipzig.de\/cs\/barrierefreiheitserklaerung\/","title":{"rendered":"Prohl\u00e1\u0161en\u00ed o p\u0159\u00edstupnosti"},"content":{"rendered":"<h3 class=\"wp-block-heading\">Prohl\u00e1\u0161en\u00ed o p\u0159\u00edstupnosti<\/h3>\n\n\n\n<p><strong>Asociace bin\u00e1rodn\u00edch rodin a partnerstv\u00ed, iaf eV, kancel\u00e1\u0159 a poradna v Lipsku<\/strong>&nbsp;usiluje o to, aby byly jeho webov\u00e9 str\u00e1nky pou\u017eiteln\u00e9 v souladu s pr\u00e1vn\u00edmi po\u017eadavky t\u00fdkaj\u00edc\u00edmi se p\u0159\u00edstupnosti. Toto prohl\u00e1\u0161en\u00ed o p\u0159\u00edstupnosti se vztahuje na webov\u00e9 str\u00e1nky&nbsp;<a href=\"https:\/\/binational-leipzig.de\/\"><strong>binational-leipzig.de<\/strong><\/a><\/p>\n\n\n\n<hr class=\"wp-block-separator has-alpha-channel-opacity\"\/>\n\n\n\n<h3 class=\"wp-block-heading\"><strong>Stav souladu s po\u017eadavky<\/strong><\/h3>\n\n\n\n<p>Tato webov\u00e1 str\u00e1nka je&nbsp;<strong>\u010d\u00e1ste\u010dn\u011b<\/strong>&nbsp;s po\u017eadavky&nbsp;<strong>Na\u0159\u00edzen\u00ed o bezbari\u00e9rov\u00e9m p\u0159\u00edstupu k informa\u010dn\u00edm technologi\u00edm (BITV 2.0) a sm\u011brnice EU 2016\/2102<\/strong>&nbsp;Neust\u00e1le pracujeme na odstra\u0148ov\u00e1n\u00ed st\u00e1vaj\u00edc\u00edch p\u0159ek\u00e1\u017eek a zlep\u0161ov\u00e1n\u00ed u\u017eivatelsk\u00e9 p\u0159\u00edv\u011btivosti pro v\u0161echny.<\/p>\n\n\n\n<hr class=\"wp-block-separator has-alpha-channel-opacity\"\/>\n\n\n\n<h3 class=\"wp-block-heading\"><strong>Nep\u0159\u00edstupn\u00fd obsah<\/strong><\/h3>\n\n\n\n<p>I p\u0159es na\u0161i snahu existuj\u00ed n\u011bkter\u00e9 oblasti, kter\u00e9 nejsou pln\u011b p\u0159\u00edstupn\u00e9:<\/p>\n\n\n\n<ul class=\"wp-block-list\">\n<li><strong>PDF dokumenty<\/strong>N\u011bkter\u00e9 star\u0161\u00ed soubory PDF nejsou form\u00e1tov\u00e1ny p\u0159\u00edstupn\u00fdm zp\u016fsobem.<\/li>\n\n\n\n<li><strong>Alternativn\u00ed texty<\/strong>N\u011bkter\u00e9 obr\u00e1zky nebo grafick\u00e9 prvky nemus\u00ed obsahovat dostatek alternativn\u00edho textu.<\/li>\n\n\n\n<li><strong>Navigace a pou\u017eitelnost<\/strong>Jednotliv\u00e9 interaktivn\u00ed prvky nemus\u00ed b\u00fdt pln\u011b ovl\u00e1d\u00e1teln\u00e9 kl\u00e1vesnic\u00ed.<\/li>\n\n\n\n<li><strong>Videa<\/strong>N\u011bkter\u00e1 vlo\u017een\u00e1 videa nemaj\u00ed titulky ani zvukov\u00e9 popisy.<\/li>\n<\/ul>\n\n\n\n<p>Pracujeme na postupn\u00e9m odstran\u011bn\u00ed t\u011bchto nedostatk\u016f.<\/p>\n\n\n\n<hr class=\"wp-block-separator has-alpha-channel-opacity\"\/>\n\n\n\n<h3 class=\"wp-block-heading\"><strong>P\u0159\u00edprava tohoto prohl\u00e1\u0161en\u00ed<\/strong><\/h3>\n\n\n\n<p>Toto prohl\u00e1\u0161en\u00ed bylo u\u010din\u011bno dne&nbsp;<strong>10.01.2025<\/strong>&nbsp;vytvo\u0159eno a naposledy aktualizov\u00e1no dne&nbsp;<strong>19.02.2025<\/strong>&nbsp;zkontrolov\u00e1no.<br><br>Webov\u00e9 str\u00e1nky byly hodnoceny&nbsp;<strong>intern\u00ed sebehodnocen\u00ed<\/strong>&nbsp;a tak\u00e9 pomoc\u00ed automatizovan\u00fdch test\u016f.<\/p>\n\n\n\n<hr class=\"wp-block-separator has-alpha-channel-opacity\"\/>\n\n\n\n<h3 class=\"wp-block-heading\"><strong>Zp\u011btn\u00e1 vazba a kontaktn\u00ed informace<\/strong><\/h3>\n\n\n\n<p>Pokud naraz\u00edte na jak\u00e9koli p\u0159ek\u00e1\u017eky na na\u0161ich webov\u00fdch str\u00e1nk\u00e1ch nebo m\u00e1te n\u00e1vrhy na vylep\u0161en\u00ed, nev\u00e1hejte n\u00e1s kontaktovat:<\/p>\n\n\n\n<p>Asociace bin\u00e1rodn\u00edch rodin a partnerstv\u00ed, iaf eV<br>Obchodn\u00ed a poradensk\u00e1 kancel\u00e1\u0159 Lipsko<br><br><a href=\"https:\/\/www.google.com\/maps\/place\/Verband+binationaler+Familien+u.+Partnerschaften+e.V.\/@51.3232198,12.3793402,18.79z\/data=!4m5!3m4!1s0x0:0x280bc9ed9b02c389!8m2!3d51.3232449!4d12.3798815\" target=\"_blank\" rel=\"noreferrer noopener\">Arndtstrasse 63<br>04275 Lipsko<\/a><br><br>Telefon: 0341-6 88 00 22<br>E-mail:&nbsp;<a href=\"http:\/\/leipzig@verband-binationaler-de\/\" rel=\"noreferrer noopener\" target=\"_blank\">leipzig@verband-binationaler-de<\/a><\/p>\n\n\n\n<hr class=\"wp-block-separator has-alpha-channel-opacity\"\/>\n\n\n\n<h3 class=\"wp-block-heading\"><strong>Vym\u00e1hac\u00ed \u0159\u00edzen\u00ed<\/strong><\/h3>\n\n\n\n<p>Pokud v\u00e1\u0161 dotaz t\u00fdkaj\u00edc\u00ed se p\u0159\u00edstupnosti na\u0161ich webov\u00fdch str\u00e1nek nebude uspokojiv\u011b zodpov\u011bzen, m\u016f\u017eete se obr\u00e1tit na&nbsp;<strong>Org\u00e1n pro vynucov\u00e1n\u00ed pr\u00e1va&nbsp;<\/strong>oto\u010dit se:<\/p>\n\n\n\n<p><strong>Sask\u00fd monitorovac\u00ed org\u00e1n pro digit\u00e1ln\u00ed p\u0159\u00edstupnost<\/strong><br>Sask\u00e9 st\u00e1tn\u00ed ministerstvo soci\u00e1ln\u00edch v\u011bc\u00ed a soci\u00e1ln\u00ed soudr\u017enosti<br>E-mail:&nbsp;<a href=\"mailto:durchsetzungsstelle@sk.sachsen.de\">durchsetzungsstelle@sk.sachsen.de<\/a><br>Web:&nbsp;<a href=\"https:\/\/www.durchsetzungsstelle.sachsen.de\/\" rel=\"noreferrer noopener\" target=\"_blank\">www.durchsetzungsstelle.sachsen.de<\/a><\/p>\n\n\n\n<hr class=\"wp-block-separator has-alpha-channel-opacity\"\/>\n\n\n\n<p>Neust\u00e1le se sna\u017e\u00edme, aby na\u0161e digit\u00e1ln\u00ed prezentace byla dostupn\u011bj\u0161\u00ed pro v\u0161echny, a d\u011bkujeme za va\u0161i zp\u011btnou vazbu!<\/p>\n<div class=\"gsp_post_data\" \r\n\t            data-post_type=\"page\" \r\n\t            data-cat=\"\" \r\n\t            data-modified=\"120\"\r\n\t            data-created=\"1750852070\"\r\n\t            data-title=\"Barrierefreiheitserkl\u00e4rung\" \r\n\t            data-home=\"https:\/\/info-to-go.binational-leipzig.de\/cs\"><\/div>","protected":false},"excerpt":{"rendered":"<p>Erkl\u00e4rung zur Barrierefreiheit Verband binationaler Familien und Partnerschaften, iaf e.V. Gesch\u00e4fts- und Beratungsstelle Leipzig&nbsp;ist bestrebt, ihre Website in \u00dcbereinstimmung mit den gesetzlichen Vorgaben zur Barrierefreiheit nutzbar zu machen. Diese Erkl\u00e4rung zur Barrierefreiheit gilt f\u00fcr die Website&nbsp;binational-leipzig.de Stand der Vereinbarkeit mit den Anforderungen Diese Website ist&nbsp;teilweise&nbsp;mit den Anforderungen der&nbsp;Barrierefreie-Informationstechnik-Verordnung (BITV 2.0) sowie der EU-Richtlinie 2016\/2102&nbsp;vereinbar. Wir [&hellip;]<\/p>\n","protected":false},"author":2,"featured_media":0,"parent":0,"menu_order":0,"comment_status":"closed","ping_status":"closed","template":"","meta":{"footnotes":""},"categories":[],"tags":[],"class_list":["post-598","page","type-page","status-publish","hentry"],"_links":{"self":[{"href":"https:\/\/info-to-go.binational-leipzig.de\/cs\/wp-json\/wp\/v2\/pages\/598","targetHints":{"allow":["GET"]}}],"collection":[{"href":"https:\/\/info-to-go.binational-leipzig.de\/cs\/wp-json\/wp\/v2\/pages"}],"about":[{"href":"https:\/\/info-to-go.binational-leipzig.de\/cs\/wp-json\/wp\/v2\/types\/page"}],"author":[{"embeddable":true,"href":"https:\/\/info-to-go.binational-leipzig.de\/cs\/wp-json\/wp\/v2\/users\/2"}],"replies":[{"embeddable":true,"href":"https:\/\/info-to-go.binational-leipzig.de\/cs\/wp-json\/wp\/v2\/comments?post=598"}],"version-history":[{"count":1,"href":"https:\/\/info-to-go.binational-leipzig.de\/cs\/wp-json\/wp\/v2\/pages\/598\/revisions"}],"predecessor-version":[{"id":599,"href":"https:\/\/info-to-go.binational-leipzig.de\/cs\/wp-json\/wp\/v2\/pages\/598\/revisions\/599"}],"wp:attachment":[{"href":"https:\/\/info-to-go.binational-leipzig.de\/cs\/wp-json\/wp\/v2\/media?parent=598"}],"wp:term":[{"taxonomy":"category","embeddable":true,"href":"https:\/\/info-to-go.binational-leipzig.de\/cs\/wp-json\/wp\/v2\/categories?post=598"},{"taxonomy":"post_tag","embeddable":true,"href":"https:\/\/info-to-go.binational-leipzig.de\/cs\/wp-json\/wp\/v2\/tags?post=598"}],"curies":[{"name":"wp","href":"https:\/\/api.w.org\/{rel}","templated":true}]}}