{"id":31,"date":"2023-07-09T23:06:26","date_gmt":"2023-07-09T21:06:26","guid":{"rendered":"https:\/\/sprijin.binational-leipzig.de\/?page_id=31"},"modified":"2025-08-22T16:37:13","modified_gmt":"2025-08-22T14:37:13","slug":"arbeit","status":"publish","type":"page","link":"https:\/\/info-to-go.binational-leipzig.de\/de\/start\/wirtschaft\/arbeit\/","title":{"rendered":"Arbeit"},"content":{"rendered":"\n<div class=\"wp-block-esab-accordion accordion-a3b61b0f\" data-mode=\"global\"><div class=\"esab__container\">\n<div class=\"wp-block-esab-accordion-child\"><div class=\"esab__head\" role=\"button\" aria-expanded=\"false\"><div class=\"esab__heading_txt\"><h2 class=\"esab__heading_tag\">Ich bin aus der EU. Kann ich in Deutschland arbeiten?<\/h2><\/div><div class=\"esab__icon\"><div class=\"esab__collapse\"> <svg version=\"1.2\" viewBox=\"0 0 24 24\" width=\"24\" height=\"24\"><path fill-rule=\"evenodd\" d=\"m3.5 20.5c-4.7-4.7-4.7-12.3 0-17 4.7-4.7 12.3-4.7 17 0 4.6 4.7 4.6 12.3 0 17-4.7 4.6-12.3 4.6-17 0zm0.9-0.9c4.2 4.2 11 4.2 15.2 0 4.2-4.2 4.2-11 0-15.2-4.2-4.3-11-4.3-15.2 0-4.3 4.2-4.3 11 0 15.2z\"><\/path><path d=\"m11.4 15.9v-3.3h-3.3c-0.3 0-0.6-0.3-0.6-0.6 0-0.4 0.3-0.6 0.6-0.6h3.3v-3.3c0-0.3 0.3-0.6 0.6-0.6 0.3 0 0.6 0.3 0.6 0.6v3.3h3.3c0.3 0 0.6 0.2 0.6 0.6q0 0.2-0.2 0.4-0.2 0.2-0.4 0.2h-3.3v3.3q0 0.2-0.2 0.4-0.2 0.2-0.4 0.2c-0.4 0-0.6-0.3-0.6-0.6z\"><\/path><\/svg> <\/div><div class=\"esab__expand\"> <svg version=\"1.2\" viewBox=\"0 0 24 24\" width=\"24\" height=\"24\"><path fill-rule=\"evenodd\" d=\"m12 24c-6.6 0-12-5.4-12-12 0-6.6 5.4-12 12-12 6.6 0 12 5.4 12 12 0 6.6-5.4 12-12 12zm10.6-12c0-5.9-4.7-10.6-10.6-10.6-5.9 0-10.6 4.7-10.6 10.6 0 5.9 4.7 10.6 10.6 10.6 5.9 0 10.6-4.7 10.6-10.6z\"><\/path><path d=\"m5.6 11.3h12.8v1.4h-12.8z\"><\/path><\/svg> <\/div><\/div><\/div><div class=\"esab__body\">\n<p>Sie d\u00fcrfen sofort arbeiten.<br>Sie brauchen keine Erlaubnis oder Genehmigung.<br>Sie k\u00f6nnen jeden Job anfangen.<\/p>\n\n\n\n<p>Manchmal sagt eine Firma, Sie brauchen f\u00fcr die Arbeit erst eine Anmeldung.<br>Das stimmt nicht. <strong>Sie k\u00f6nnen ohne Anmeldung arbeiten.<\/strong><br><a href=\"https:\/\/bema.berlin\/site\/assets\/files\/1244\/1_arbeiten_ohne_anmeldung_einer_wohnadresse_stand_28_2_2019_senias.pdf\" target=\"_blank\" rel=\"noreferrer noopener\">Dieses Dokument<\/a> erkl\u00e4rt es f\u00fcr Arbeitgeber, wenn es Fragen dazu gibt.<br><a href=\"https:\/\/www.eu-gleichbehandlungsstelle.de\/eugs-de\/praxisleitfaden\/arbeiten-ohne-meldeadresse\" target=\"_blank\" rel=\"noreferrer noopener\">Hier<\/a> kann man mehr lesen, wie es mit der Arbeit, Bankkonto und so weiter ohne Anmeldung geht.<\/p>\n\n\n\n<p>Wenn Sie eine selbst\u00e4ndige Arbeit machen m\u00f6chten, m\u00fcssen Sie sich erst beim Finanzamt (f\u00fcr eine Freiberuflichkeit) oder Gewerbeamt (f\u00fcr einen Gewerbeschein) melden. Das <a href=\"https:\/\/www.egz-leipzig.de\/leistungen\/beratung-und-coaching\/gruendungsunterstuetzung-fuer-migranten\" target=\"_blank\" rel=\"noopener\">EGZ<\/a> (Existenzgr\u00fcnderzentrum) hilft Menschen, die sich selbst\u00e4ndig machen wollen. Die bieten Schulungen und Beratungen auf Englisch, Russisch, Arabisch und andere Sprachen an.<\/p>\n<\/div><\/div>\n\n\n\n<div class=\"wp-block-esab-accordion-child\"><div class=\"esab__head\" role=\"button\" aria-expanded=\"false\"><div class=\"esab__heading_txt\"><h2 class=\"esab__heading_tag\">Wie finde ich einen Job?<\/h2><\/div><div class=\"esab__icon\"><div class=\"esab__collapse\"> <svg version=\"1.2\" viewBox=\"0 0 24 24\" width=\"24\" height=\"24\"><path fill-rule=\"evenodd\" d=\"m3.5 20.5c-4.7-4.7-4.7-12.3 0-17 4.7-4.7 12.3-4.7 17 0 4.6 4.7 4.6 12.3 0 17-4.7 4.6-12.3 4.6-17 0zm0.9-0.9c4.2 4.2 11 4.2 15.2 0 4.2-4.2 4.2-11 0-15.2-4.2-4.3-11-4.3-15.2 0-4.3 4.2-4.3 11 0 15.2z\"><\/path><path d=\"m11.4 15.9v-3.3h-3.3c-0.3 0-0.6-0.3-0.6-0.6 0-0.4 0.3-0.6 0.6-0.6h3.3v-3.3c0-0.3 0.3-0.6 0.6-0.6 0.3 0 0.6 0.3 0.6 0.6v3.3h3.3c0.3 0 0.6 0.2 0.6 0.6q0 0.2-0.2 0.4-0.2 0.2-0.4 0.2h-3.3v3.3q0 0.2-0.2 0.4-0.2 0.2-0.4 0.2c-0.4 0-0.6-0.3-0.6-0.6z\"><\/path><\/svg> <\/div><div class=\"esab__expand\"> <svg version=\"1.2\" viewBox=\"0 0 24 24\" width=\"24\" height=\"24\"><path fill-rule=\"evenodd\" d=\"m12 24c-6.6 0-12-5.4-12-12 0-6.6 5.4-12 12-12 6.6 0 12 5.4 12 12 0 6.6-5.4 12-12 12zm10.6-12c0-5.9-4.7-10.6-10.6-10.6-5.9 0-10.6 4.7-10.6 10.6 0 5.9 4.7 10.6 10.6 10.6 5.9 0 10.6-4.7 10.6-10.6z\"><\/path><path d=\"m5.6 11.3h12.8v1.4h-12.8z\"><\/path><\/svg> <\/div><\/div><\/div><div class=\"esab__body\">\n<p>Heutzutage findet man die meisten Jobangebote online.<br>Hier sind ein paar gro\u00dfe Webseiten, die Jobs \u00fcberall in Deutschland listen:<\/p>\n\n\n\n<ul class=\"wp-block-list\">\n<li><a href=\"https:\/\/www.monster.de\/jobs\/suche?q=&amp;where=leipzig&amp;page=1&amp;so=m.h.s\" target=\"_blank\" rel=\"noreferrer noopener\">https:\/\/www.monster.de\/jobs\/suche?q=&amp;where=leipzig&amp;page=1&amp;so=m.h.s<\/a>&nbsp;<\/li>\n\n\n\n<li><a href=\"https:\/\/www.stepstone.de\/jobs\/in-leipzig?radius=10\" target=\"_blank\" rel=\"noreferrer noopener\">https:\/\/www.stepstone.de\/jobs\/in-leipzig?radius=10<\/a>&nbsp;<\/li>\n\n\n\n<li><a href=\"https:\/\/de.indeed.com\/Jobs?l=Leipzig&amp;radius=10&amp;vjk=83a771d44ca870f0\" target=\"_blank\" rel=\"noreferrer noopener\">https:\/\/de.indeed.com\/Jobs?l=Leipzig&amp;radius=10&amp;vjk=83a771d44ca870f0<\/a>&nbsp;<\/li>\n<\/ul>\n\n\n\n<p>Die Bundesagentur f\u00fcr Arbeit hat eine eigene gro\u00dfe <a href=\"https:\/\/www.arbeitsagentur.de\/jobsuche\/suche?angebotsart=1&amp;wo=leipzig&amp;umkreis=10&amp;id=10000-1197360251-S\" target=\"_blank\" rel=\"noreferrer noopener\">Jobb\u00f6rse<\/a>.<\/p>\n\n\n\n<p>In Leipzig kann man auch auf <a href=\"http:\/\/Die Bundesagentur f\u00fcr Arbeit hat eine eigene gro\u00dfe Jobb\u00f6rse. In Leipzig kann man auch auf Das Schwanze Brett und ebay Kleinanzeigen Jobangebote finden.https:\/\/www.dsble.de\/jobs\/nur\/in\/leipzigEs gibt aber auch Schilder mit Jobangebote an Orten wie Superm\u00e4rkte, Restaurants, Bars. &nbsp;Wenn Sie sich f\u00fcr einen Job interessieren, machen Sie eine Bewerbung.Man kann sich einfach direkt m\u00fcndlich bewerben. Sehr oft sind Bewerbungen jetzt per Email oder direkt im Online-Jobportal.In der Regel muss man aber mindestens einen Lebenslauf haben. Das ist ein Dokument mit 1-2 Seiten. Darauf steht:\u00b7&nbsp;&nbsp;&nbsp;&nbsp;&nbsp;&nbsp;&nbsp; Ihre pers\u00f6nlichen Daten und Kontaktinformation\u00b7&nbsp;&nbsp;&nbsp;&nbsp;&nbsp;&nbsp;&nbsp; Wo Sie zur Schule gegangen sind\u00b7&nbsp;&nbsp;&nbsp;&nbsp;&nbsp;&nbsp;&nbsp; On Sie studiert oder einen Beruf gelernt haben\u00b7&nbsp;&nbsp;&nbsp;&nbsp;&nbsp;&nbsp;&nbsp; Wo Sie schon gearbeitet haben\u00b7&nbsp;&nbsp;&nbsp;&nbsp;&nbsp;&nbsp;&nbsp; Welche Sprachen Sie sprechenEs gibt verschiedene Formate, wie man einen Lebenslauf schreiben kann. Wichtig ist, dass Sie alle Informationen zu Ihrer Bildung und Arbeitserfahrung angeben. Pr\u00fcfen Sie, dass Ihre Kontaktdaten korrekt und aktuell sind. Hier k\u00f6nnen Sie Beispiele anschauen und ein Muster nutzen, um selber einen Lebenslauf zu machen.\" target=\"_blank\" rel=\"noreferrer noopener\">Das Schwarze Brett<\/a> und <a href=\"https:\/\/www.kleinanzeigen.de\/s-jobs\/leipzig\/anzeige:angebote\/c102l4233\" target=\"_blank\" rel=\"noreferrer noopener\">Kleinanzeigen<\/a> Jobangebote finden.<br>Es gibt aber auch Schilder mit Jobangebote an Orten wie Superm\u00e4rkte, Restaurants, Bars.<\/p>\n\n\n\n<p>Wenn Sie sich f\u00fcr einen Job interessieren, machen Sie eine Bewerbung.<br>Manchman kann man sich einfach direkt m\u00fcndlich vor Ort  oder \u00fcber Whatsapp bewerben.<br>Aber meistens sind Bewerbungen per Email oder direkt im Online-Jobportal.<br>In der Regel muss man einen Lebenslauf schicken.<\/p>\n\n\n\n<p><br>Ein Lebenslauf ist ein Dokument mit 1-2 Seiten.<\/p>\n\n\n\n<p>Darauf steht:<\/p>\n\n\n\n<div class=\"wp-block-group is-vertical is-layout-flex wp-container-core-group-is-layout-8cf370e7 wp-block-group-is-layout-flex\">\n<p class=\"has-text-align-center\">Ihre pers\u00f6nlichen Daten und Kontaktinformation<\/p>\n\n\n\n<p class=\"has-text-align-center\">Wo Sie zur Schule gegangen sind<\/p>\n\n\n\n<p class=\"has-text-align-center\">Ob Sie studiert oder einen Beruf gelernt haben<\/p>\n\n\n\n<p class=\"has-text-align-center\">Wo Sie schon gearbeitet haben<\/p>\n\n\n\n<p class=\"has-text-align-center\">Welche Sprachen Sie sprechen<\/p>\n\n\n\n<p>Welche andere F\u00e4higkeiten Sie haben<\/p>\n<\/div>\n\n\n\n<p><\/p>\n\n\n\n<p><\/p>\n\n\n\n<p>Es gibt verschiedene Formate, wie man einen Lebenslauf schreiben kann.<br>Wichtig ist, dass Sie alle Informationen zu Ihrer Bildung und Arbeitserfahrung angeben.<br>Pr\u00fcfen Sie, dass Ihre Kontaktdaten korrekt und aktuell sind.<br>Das Online-Tool <a href=\"https:\/\/www.canva.com\/de_de\/\" target=\"_blank\" rel=\"noopener\">Canva <\/a>hat verschiedene M\u00f6glichkeiten, um eine Lebenslauf kostenlos zu machen.<\/p>\n\n\n\n<p>Wenn man Nachweise von Qualifiationen (Schulabschluss, Ausbildung, Studium) oder Arbeitszeugnisse hat, soll man diese auch mit dem Lebenslauf schicken. Wenn die Nachweise nicht auf Deutsch sind, kann die Agentur f\u00fcr Arbeit oder Jobcenter f\u00fcr eine \u00dcbersetzungen bezahlen. Sie m\u00fcssen mit Ihrer Agentur f\u00fcr Arbeit\/ Jobcenter das erst besprechen, vor Sie die Dokumente \u00fcbersetzen lassen.<\/p>\n\n\n\n<p>Die Agentur f\u00fcr Arbeit Leipzig hat ein <a href=\"https:\/\/www.arbeitsagentur.de\/vor-ort\/leipzig\/biz-leipzig\" target=\"_blank\" rel=\"noreferrer noopener\">Berufsinformationszentrum<\/a> (BIZ).<br>Dort kann man einfach vorbeigehen und Informationen zur Jobsuche holen.<br>Da gibt es auch Computer mit Internet, wo Sie eine Bewerbung machen k\u00f6nnen oder nach Jobs suchen.<\/p>\n\n\n\n<p>Sie k\u00f6nnen zu <a href=\"https:\/\/www.facebook.com\/WirsindPatenLeipzig\/?locale=de_DE\" target=\"_blank\" rel=\"noreferrer noopener\">Wir sind Paten<\/a> gehen, wenn Sie Hilfe mit dem Lebenslauf oder Bewerbung brauchen.<br>Am Freitag von 15-17h gibt es dort in der Zschochersche Str. 50 diese Hilfe.<br>Die Menschen dort sprechen verschiedene Sprachen.<\/p>\n\n\n\n<p>Das <a href=\"https:\/\/www.leipziger-erwerbslosenzentrum.de\/Home\" target=\"_blank\" rel=\"noopener\">Leipziger Erwerbslosen Zentrum<\/a> (LEZ) bietet auch kostenlose Hilfe bei der Jobsuche und Berwerbung an. Dort soll man sich erst per Email oder Telefon anmelden und diesen Fragebogen so gut wie m\u00f6glich als Vorbereitung ausf\u00fcllen. <\/p>\n\n\n\n<div data-wp-interactive=\"core\/file\" class=\"wp-block-file\"><object data-wp-bind--hidden=\"!state.hasPdfPreview\" hidden class=\"wp-block-file__embed\" data=\"https:\/\/info-to-go.binational-leipzig.de\/wp-content\/uploads\/2025\/04\/Fragebogen-Formular-fuer-die-Erstellung-von-Bewerbungsunterlagen-1.pdf\" type=\"application\/pdf\" style=\"width:100%;height:600px\" aria-label=\"Einbettung von Fragebogen - Formular f\u00fcr die Erstellung von Bewerbungsunterlagen-1.\"><\/object><a id=\"wp-block-file--media-6cb7fce2-57dd-4588-bd06-8366eb265072\" href=\"https:\/\/info-to-go.binational-leipzig.de\/wp-content\/uploads\/2025\/04\/Fragebogen-Formular-fuer-die-Erstellung-von-Bewerbungsunterlagen-1.pdf\">Fragebogen &#8211; Formular f\u00fcr die Erstellung von Bewerbungsunterlagen-1<\/a><a href=\"https:\/\/info-to-go.binational-leipzig.de\/wp-content\/uploads\/2025\/04\/Fragebogen-Formular-fuer-die-Erstellung-von-Bewerbungsunterlagen-1.pdf\" class=\"wp-block-file__button wp-element-button\" aria-describedby=\"wp-block-file--media-6cb7fce2-57dd-4588-bd06-8366eb265072\" download>Download<\/a><\/div>\n<\/div><\/div>\n\n\n\n<div class=\"wp-block-esab-accordion-child\"><div class=\"esab__head\" role=\"button\" aria-expanded=\"false\"><div class=\"esab__heading_txt\"><h2 class=\"esab__heading_tag\">Was ist ein Minijob?<\/h2><\/div><div class=\"esab__icon\"><div class=\"esab__collapse\"> <svg version=\"1.2\" viewBox=\"0 0 24 24\" width=\"24\" height=\"24\"><path fill-rule=\"evenodd\" d=\"m3.5 20.5c-4.7-4.7-4.7-12.3 0-17 4.7-4.7 12.3-4.7 17 0 4.6 4.7 4.6 12.3 0 17-4.7 4.6-12.3 4.6-17 0zm0.9-0.9c4.2 4.2 11 4.2 15.2 0 4.2-4.2 4.2-11 0-15.2-4.2-4.3-11-4.3-15.2 0-4.3 4.2-4.3 11 0 15.2z\"><\/path><path d=\"m11.4 15.9v-3.3h-3.3c-0.3 0-0.6-0.3-0.6-0.6 0-0.4 0.3-0.6 0.6-0.6h3.3v-3.3c0-0.3 0.3-0.6 0.6-0.6 0.3 0 0.6 0.3 0.6 0.6v3.3h3.3c0.3 0 0.6 0.2 0.6 0.6q0 0.2-0.2 0.4-0.2 0.2-0.4 0.2h-3.3v3.3q0 0.2-0.2 0.4-0.2 0.2-0.4 0.2c-0.4 0-0.6-0.3-0.6-0.6z\"><\/path><\/svg> <\/div><div class=\"esab__expand\"> <svg version=\"1.2\" viewBox=\"0 0 24 24\" width=\"24\" height=\"24\"><path fill-rule=\"evenodd\" d=\"m12 24c-6.6 0-12-5.4-12-12 0-6.6 5.4-12 12-12 6.6 0 12 5.4 12 12 0 6.6-5.4 12-12 12zm10.6-12c0-5.9-4.7-10.6-10.6-10.6-5.9 0-10.6 4.7-10.6 10.6 0 5.9 4.7 10.6 10.6 10.6 5.9 0 10.6-4.7 10.6-10.6z\"><\/path><path d=\"m5.6 11.3h12.8v1.4h-12.8z\"><\/path><\/svg> <\/div><\/div><\/div><div class=\"esab__body\">\n<p>Ein Minijob ist ein Teilzeit-Job. Mit einem Minijob kann man maximal \u20ac 556 Euro im Monat verdienen. Auch bei einem Minijob hat man Rechte wie in einen Vollzeit-Job, zum Beispiel Urlaub, Mindestlohn, K\u00fcndigungsschutz. Diese Rechte sind <a href=\"https:\/\/www.minijob-zentrale.de\/DE\/die-minijobs\/arbeitsrechte-im-minijob\/arbeitsrechte-im-minijob_node.html\" target=\"_blank\" rel=\"noopener\">hier<\/a> gut erkl\u00e4rt (auch auf Englisch).<\/p>\n\n\n\n<p>EU-B\u00fcrger*innen mit einem Minijob gelten als Arbeitsnehmer*innen in Deutschland und haben damit Anspruch auf Sozialleistungen wie B\u00fcrgergeld und Kindergeld. Mit einem Minijob ist man aber durch die Arbeit nicht krankenversichert. Manchmal arbeiten Menschen lange mit einem Minijob und melden sich erst sp\u00e4ter bei einer Krankenversicherung. Sie m\u00fcssen dann oft sehr viel Geld zahlen f\u00fcr die ganzen vergangenen Monate in Deutschland. Wenn Sie einen Minijob haben, dann ist es sinnvoll, B\u00fcrgergeld beim Jobcenter zu beantragen. Das Jobcenter bezahlt die Kosten f\u00fcr eine Krankenversicherung.<\/p>\n<\/div><\/div>\n\n\n\n<div class=\"wp-block-esab-accordion-child\"><div class=\"esab__head\" role=\"button\" aria-expanded=\"false\"><div class=\"esab__heading_txt\"><h2 class=\"esab__heading_tag\">Wer hilft mir, eine Arbeit zu finden?<\/h2><\/div><div class=\"esab__icon\"><div class=\"esab__collapse\"> <svg version=\"1.2\" viewBox=\"0 0 24 24\" width=\"24\" height=\"24\"><path fill-rule=\"evenodd\" d=\"m3.5 20.5c-4.7-4.7-4.7-12.3 0-17 4.7-4.7 12.3-4.7 17 0 4.6 4.7 4.6 12.3 0 17-4.7 4.6-12.3 4.6-17 0zm0.9-0.9c4.2 4.2 11 4.2 15.2 0 4.2-4.2 4.2-11 0-15.2-4.2-4.3-11-4.3-15.2 0-4.3 4.2-4.3 11 0 15.2z\"><\/path><path d=\"m11.4 15.9v-3.3h-3.3c-0.3 0-0.6-0.3-0.6-0.6 0-0.4 0.3-0.6 0.6-0.6h3.3v-3.3c0-0.3 0.3-0.6 0.6-0.6 0.3 0 0.6 0.3 0.6 0.6v3.3h3.3c0.3 0 0.6 0.2 0.6 0.6q0 0.2-0.2 0.4-0.2 0.2-0.4 0.2h-3.3v3.3q0 0.2-0.2 0.4-0.2 0.2-0.4 0.2c-0.4 0-0.6-0.3-0.6-0.6z\"><\/path><\/svg> <\/div><div class=\"esab__expand\"> <svg version=\"1.2\" viewBox=\"0 0 24 24\" width=\"24\" height=\"24\"><path fill-rule=\"evenodd\" d=\"m12 24c-6.6 0-12-5.4-12-12 0-6.6 5.4-12 12-12 6.6 0 12 5.4 12 12 0 6.6-5.4 12-12 12zm10.6-12c0-5.9-4.7-10.6-10.6-10.6-5.9 0-10.6 4.7-10.6 10.6 0 5.9 4.7 10.6 10.6 10.6 5.9 0 10.6-4.7 10.6-10.6z\"><\/path><path d=\"m5.6 11.3h12.8v1.4h-12.8z\"><\/path><\/svg> <\/div><\/div><\/div><div class=\"esab__body\">\n<p>Die <a href=\"https:\/\/www.arbeitsagentur.de\/vor-ort\/leipzig\" target=\"_blank\" rel=\"noopener\">Bundesagentur f\u00fcr Arbeit<\/a> hilft arbeitslosen Menschen in Deutschland, eine Arbeit zu finden.<br>EU-B\u00fcrger*innen k\u00f6nnen sich als arbeitssuchend bei der Agentur f\u00fcr Arbeit Leipzig melden.<br>Sie bekommen kein Arbeitslsoengeld, wenn Sie noch nicht in Deutschland gearbeitet haben.<br>Aber die Mitarbeiter*innen helfen Ihnen, eine Arbeit zu finden.<br>Wenn Sie nicht so viel Deutsch sprechen, muss die Agentur f\u00fcr Arbeit eine \u00dcbersetzung f\u00fcr Sie organisieren.<\/p>\n\n\n\n<p>Es gibt dazu Projekte in Leipzig, die Migrant*innen bei der Arbeitssuche helfen.<\/p>\n\n\n\n<p>F\u00fcr Frauen mit oder ohne Deutschkenntnisse gibt es das Projekt <a href=\"https:\/\/daa-sat.de\/ave\" target=\"_blank\" rel=\"noreferrer noopener\">AVE<\/a>. M\u00e4nner zwischen 18 und 35 Jahre mit oder ohne Deutschkenntnisse k\u00f6nnen zum Projekt <a href=\"https:\/\/daa-mitte-ost.de\/bildungsangebote\/projekte\/kommpaktle\" target=\"_blank\" rel=\"noopener\">kommPAkT.LE<\/a> gehen.<\/p>\n\n\n\n<p>Wenn Sie schon etwas Deutsch k\u00f6nnen und nach einer qualifizierten Arbeit oder Ausbildung suchen, dann hilft das Projekt <a href=\"https:\/\/www.arbeitundleben.eu\/projekte\/detail\/arbeitsmarktmentoren-leipzig-481\/\" target=\"_blank\" rel=\"noreferrer noopener\">Arbeitsmarktmentoren<\/a> Ihnen dabei.<\/p>\n\n\n\n<p><a href=\"https:\/\/www.fia-leipzig.de\/\" target=\"_blank\" rel=\"noopener\">Frauen in Arbeit <\/a>(FiA) und <a href=\"https:\/\/www.arbeitundleben.eu\/projekte\/detail\/base-leipzig-1175\/\" target=\"_blank\" rel=\"noopener\">BASE Leipzig<\/a> sind zwei weitere Projekte, die Frauen bei Themen wie Zugang zum Arbeitsmarkt, Arbeitssuche, Praktikum usw. unterst\u00fctzen.<\/p>\n<\/div><\/div>\n\n\n\n<div class=\"wp-block-esab-accordion-child\"><div class=\"esab__head\" role=\"button\" aria-expanded=\"false\"><div class=\"esab__heading_txt\"><h2 class=\"esab__heading_tag\">Muss ich Deutsch sprechen?<\/h2><\/div><div class=\"esab__icon\"><div class=\"esab__collapse\"> <svg version=\"1.2\" viewBox=\"0 0 24 24\" width=\"24\" height=\"24\"><path fill-rule=\"evenodd\" d=\"m3.5 20.5c-4.7-4.7-4.7-12.3 0-17 4.7-4.7 12.3-4.7 17 0 4.6 4.7 4.6 12.3 0 17-4.7 4.6-12.3 4.6-17 0zm0.9-0.9c4.2 4.2 11 4.2 15.2 0 4.2-4.2 4.2-11 0-15.2-4.2-4.3-11-4.3-15.2 0-4.3 4.2-4.3 11 0 15.2z\"><\/path><path d=\"m11.4 15.9v-3.3h-3.3c-0.3 0-0.6-0.3-0.6-0.6 0-0.4 0.3-0.6 0.6-0.6h3.3v-3.3c0-0.3 0.3-0.6 0.6-0.6 0.3 0 0.6 0.3 0.6 0.6v3.3h3.3c0.3 0 0.6 0.2 0.6 0.6q0 0.2-0.2 0.4-0.2 0.2-0.4 0.2h-3.3v3.3q0 0.2-0.2 0.4-0.2 0.2-0.4 0.2c-0.4 0-0.6-0.3-0.6-0.6z\"><\/path><\/svg> <\/div><div class=\"esab__expand\"> <svg version=\"1.2\" viewBox=\"0 0 24 24\" width=\"24\" height=\"24\"><path fill-rule=\"evenodd\" d=\"m12 24c-6.6 0-12-5.4-12-12 0-6.6 5.4-12 12-12 6.6 0 12 5.4 12 12 0 6.6-5.4 12-12 12zm10.6-12c0-5.9-4.7-10.6-10.6-10.6-5.9 0-10.6 4.7-10.6 10.6 0 5.9 4.7 10.6 10.6 10.6 5.9 0 10.6-4.7 10.6-10.6z\"><\/path><path d=\"m5.6 11.3h12.8v1.4h-12.8z\"><\/path><\/svg> <\/div><\/div><\/div><div class=\"esab__body\">\n<p>Es gibt kein Gesetz, dass man zum Beispiel A2 oder B1 f\u00fcr die Arbeit braucht.<br>Jede Firma kann f\u00fcr sich entscheiden, wie viel Deutsch die Mitarbeiter*innen brauchen.<\/p>\n\n\n\n<p>Hier gibt es Beispieltext.<\/p>\n\n\n\n<p>Es ist aber einfacher, einen Job zu finden, wenn man Deutsch spricht.<br>Es gibt manche Jobs, wo man Deutsch nicht sprechen muss. Zum Beispiel, wenn man bei einer internationalen Firma auf Englisch arbeitet.<br><a href=\"https:\/\/leipglo.com\/jobs-international-people\/\" target=\"_blank\" rel=\"noreferrer noopener\">Hier<\/a> sind solche internationalen Jobs in Leipzig gelistet.<\/p>\n\n\n\n<p>Es gibt manche Jobs, wo man mit wenig Deutsch arbeiten kann.<br>Zum Beispiel im Hotel, Restaurant, Bar, Baustellen, Logistik.<br>Es ist trotzdem wichtig, dass Sie den Arbeitsvertrag und Regelungen verstehen.<\/p>\n<\/div><\/div>\n\n\n\n<div class=\"wp-block-esab-accordion-child\"><div class=\"esab__head\" role=\"button\" aria-expanded=\"false\"><div class=\"esab__heading_txt\"><h2 class=\"esab__heading_tag\">Ich habe eine Frage zum Arbeitsrecht<\/h2><\/div><div class=\"esab__icon\"><div class=\"esab__collapse\"> <svg version=\"1.2\" viewBox=\"0 0 24 24\" width=\"24\" height=\"24\"><path fill-rule=\"evenodd\" d=\"m3.5 20.5c-4.7-4.7-4.7-12.3 0-17 4.7-4.7 12.3-4.7 17 0 4.6 4.7 4.6 12.3 0 17-4.7 4.6-12.3 4.6-17 0zm0.9-0.9c4.2 4.2 11 4.2 15.2 0 4.2-4.2 4.2-11 0-15.2-4.2-4.3-11-4.3-15.2 0-4.3 4.2-4.3 11 0 15.2z\"><\/path><path d=\"m11.4 15.9v-3.3h-3.3c-0.3 0-0.6-0.3-0.6-0.6 0-0.4 0.3-0.6 0.6-0.6h3.3v-3.3c0-0.3 0.3-0.6 0.6-0.6 0.3 0 0.6 0.3 0.6 0.6v3.3h3.3c0.3 0 0.6 0.2 0.6 0.6q0 0.2-0.2 0.4-0.2 0.2-0.4 0.2h-3.3v3.3q0 0.2-0.2 0.4-0.2 0.2-0.4 0.2c-0.4 0-0.6-0.3-0.6-0.6z\"><\/path><\/svg> <\/div><div class=\"esab__expand\"> <svg version=\"1.2\" viewBox=\"0 0 24 24\" width=\"24\" height=\"24\"><path fill-rule=\"evenodd\" d=\"m12 24c-6.6 0-12-5.4-12-12 0-6.6 5.4-12 12-12 6.6 0 12 5.4 12 12 0 6.6-5.4 12-12 12zm10.6-12c0-5.9-4.7-10.6-10.6-10.6-5.9 0-10.6 4.7-10.6 10.6 0 5.9 4.7 10.6 10.6 10.6 5.9 0 10.6-4.7 10.6-10.6z\"><\/path><path d=\"m5.6 11.3h12.8v1.4h-12.8z\"><\/path><\/svg> <\/div><\/div><\/div><div class=\"esab__body\">\n<p>Wenn Sie nicht sicher sind, ob alles korrekt bei Ihrer Arbeit ist, k\u00f6nnen Sie Hilfe holen.<br>Vielleicht haben Sie Fragen wie:<\/p>\n\n\n\n<ul class=\"wp-block-list\">\n<li>Wie viel Urlaub habe ich?<\/li>\n\n\n\n<li>Warum arbeite ich mehr Stunden als im Arbeitsvertrag?<\/li>\n\n\n\n<li>Ich habe eine K\u00fcndigung bekommen. Ist die K\u00fcndigung korrekt?<\/li>\n<\/ul>\n\n\n\n<p>Die sind Fragen zum Arbeitsrecht. Auf dieser <a href=\"https:\/\/www.faire-mobilitaet.de\/ihre-rechte\/\" target=\"_blank\" rel=\"noopener\">Webseite <\/a>gibt es viele Informationen in verschiedenen Sprachen zum Arbeitsrecht, auch spezifisch f\u00fcr bestimmte Jobs, wie Lieferung, Baustelle und Gastro (Restuarants, Bars). <a href=\"https:\/\/www.babs.sachsen.de\/index.html\" data-type=\"link\" data-id=\"https:\/\/www.faire-integration.de\/de\/topic\/411.ich-bin-bereits-in-deutschland.html\" target=\"_blank\" rel=\"noreferrer noopener\">Diese Seite<\/a> hat auch viele mehrsprachige Informationen dazu.<\/p>\n\n\n\n<p>Wenn Sie eine Beratung zum Arbeitsrecht brauchen, k\u00f6nnen Sie BABS kontaktieren.<br>BABS ist die Beratungsstelle f\u00fcr ausl\u00e4ndische Besch\u00e4ftigte in Sachen und sie haben ein B\u00fcro in Leipzig.<br>Die Beratung ist kostenlos und ist auf Deutsch, Polnisch, Ungarisch, Rum\u00e4nisch und Englisch m\u00f6glich.<br><a href=\"https:\/\/www.babs.sachsen.de\/kontakt-3995.html\" target=\"_blank\" rel=\"noreferrer noopener\">Hier<\/a> sind die Kontaktdetails und \u00d6ffnungszeiten.<\/p>\n<\/div><\/div>\n<\/div><\/div>\n<div class=\"gsp_post_data\" \r\n\t            data-post_type=\"page\" \r\n\t            data-cat=\"wirtschaft\" \r\n\t            data-modified=\"120\"\r\n\t            data-created=\"1688943986\"\r\n\t            data-title=\"Arbeit\" \r\n\t            data-home=\"https:\/\/info-to-go.binational-leipzig.de\/de\"><\/div>","protected":false},"excerpt":{"rendered":"","protected":false},"author":3,"featured_media":0,"parent":8,"menu_order":1,"comment_status":"closed","ping_status":"closed","template":"","meta":{"footnotes":""},"categories":[10],"tags":[],"class_list":["post-31","page","type-page","status-publish","hentry","category-wirtschaft"],"_links":{"self":[{"href":"https:\/\/info-to-go.binational-leipzig.de\/de\/wp-json\/wp\/v2\/pages\/31","targetHints":{"allow":["GET"]}}],"collection":[{"href":"https:\/\/info-to-go.binational-leipzig.de\/de\/wp-json\/wp\/v2\/pages"}],"about":[{"href":"https:\/\/info-to-go.binational-leipzig.de\/de\/wp-json\/wp\/v2\/types\/page"}],"author":[{"embeddable":true,"href":"https:\/\/info-to-go.binational-leipzig.de\/de\/wp-json\/wp\/v2\/users\/3"}],"replies":[{"embeddable":true,"href":"https:\/\/info-to-go.binational-leipzig.de\/de\/wp-json\/wp\/v2\/comments?post=31"}],"version-history":[{"count":25,"href":"https:\/\/info-to-go.binational-leipzig.de\/de\/wp-json\/wp\/v2\/pages\/31\/revisions"}],"predecessor-version":[{"id":612,"href":"https:\/\/info-to-go.binational-leipzig.de\/de\/wp-json\/wp\/v2\/pages\/31\/revisions\/612"}],"up":[{"embeddable":true,"href":"https:\/\/info-to-go.binational-leipzig.de\/de\/wp-json\/wp\/v2\/pages\/8"}],"wp:attachment":[{"href":"https:\/\/info-to-go.binational-leipzig.de\/de\/wp-json\/wp\/v2\/media?parent=31"}],"wp:term":[{"taxonomy":"category","embeddable":true,"href":"https:\/\/info-to-go.binational-leipzig.de\/de\/wp-json\/wp\/v2\/categories?post=31"},{"taxonomy":"post_tag","embeddable":true,"href":"https:\/\/info-to-go.binational-leipzig.de\/de\/wp-json\/wp\/v2\/tags?post=31"}],"curies":[{"name":"wp","href":"https:\/\/api.w.org\/{rel}","templated":true}]}}