{"id":33,"date":"2023-07-09T23:06:42","date_gmt":"2023-07-09T21:06:42","guid":{"rendered":"https:\/\/sprijin.binational-leipzig.de\/?page_id=33"},"modified":"2025-11-22T13:14:33","modified_gmt":"2025-11-22T12:14:33","slug":"geld-und-finanzen","status":"publish","type":"page","link":"https:\/\/info-to-go.binational-leipzig.de\/de\/start\/wirtschaft\/geld-und-finanzen\/","title":{"rendered":"Geld und Finanzen"},"content":{"rendered":"\n<div class=\"wp-block-esab-accordion accordion-756f9975\" data-mode=\"global\"><div class=\"esab__container\">\n<div class=\"wp-block-esab-accordion-child\"><div class=\"esab__head\" role=\"button\" aria-expanded=\"false\"><div class=\"esab__heading_txt\"><p class=\"esab__heading_tag\">Wie kann ich ein Bankkonto er\u00f6ffnen?\u00a0<\/p><\/div><div class=\"esab__icon\"><div class=\"esab__collapse\"> <svg version=\"1.2\" viewBox=\"0 0 24 24\" width=\"24\" height=\"24\"><path fill-rule=\"evenodd\" d=\"m3.5 20.5c-4.7-4.7-4.7-12.3 0-17 4.7-4.7 12.3-4.7 17 0 4.6 4.7 4.6 12.3 0 17-4.7 4.6-12.3 4.6-17 0zm0.9-0.9c4.2 4.2 11 4.2 15.2 0 4.2-4.2 4.2-11 0-15.2-4.2-4.3-11-4.3-15.2 0-4.3 4.2-4.3 11 0 15.2z\"><\/path><path d=\"m11.4 15.9v-3.3h-3.3c-0.3 0-0.6-0.3-0.6-0.6 0-0.4 0.3-0.6 0.6-0.6h3.3v-3.3c0-0.3 0.3-0.6 0.6-0.6 0.3 0 0.6 0.3 0.6 0.6v3.3h3.3c0.3 0 0.6 0.2 0.6 0.6q0 0.2-0.2 0.4-0.2 0.2-0.4 0.2h-3.3v3.3q0 0.2-0.2 0.4-0.2 0.2-0.4 0.2c-0.4 0-0.6-0.3-0.6-0.6z\"><\/path><\/svg> <\/div><div class=\"esab__expand\"> <svg version=\"1.2\" viewBox=\"0 0 24 24\" width=\"24\" height=\"24\"><path fill-rule=\"evenodd\" d=\"m12 24c-6.6 0-12-5.4-12-12 0-6.6 5.4-12 12-12 6.6 0 12 5.4 12 12 0 6.6-5.4 12-12 12zm10.6-12c0-5.9-4.7-10.6-10.6-10.6-5.9 0-10.6 4.7-10.6 10.6 0 5.9 4.7 10.6 10.6 10.6 5.9 0 10.6-4.7 10.6-10.6z\"><\/path><path d=\"m5.6 11.3h12.8v1.4h-12.8z\"><\/path><\/svg> <\/div><\/div><\/div><div class=\"esab__body\">\n<p>Alle Menschen in Deutschland mit einem Ausweis und Adresse k\u00f6nnen ein Bankkonto \u00f6ffnen. <\/p>\n\n\n\n<p>Sie m\u00fcssen <strong>nicht <\/strong>eine Wohnung oder eine Anmeldung\/ Meldebest\u00e4tigung haben.<br>Man muss nur einen Ausweis und eine Adresse haben.<br>Eine Adresse von Freund*innen oder einer Beratungsstelle ist auch OK.<br>Manchmal sagt die\u00a0Bank, es geht nicht ohne Anmeldung.<br>Sie k\u00f6nnen der Bank <a href=\"https:\/\/www.bafin.de\/DE\/Verbraucher\/Bank\/Produkte\/Basiskonto\/basiskonto_artikel.html\" target=\"_blank\" rel=\"noopener\">diese <\/a>Informationen zeigen.\u00a0Es erkl\u00e4rt, was man f\u00fcr die Er\u00f6ffnung eines Bankkontos braucht.<\/p>\n\n\n\n<p>Wenn es pers\u00f6nlich vor Ort bei der Bank nicht funktioniert, k\u00f6nnen Sie die Kontoer\u00f6ffnung schriftlich beantragen.<br>Mit diesem <a href=\"https:\/\/www.bafin.de\/SharedDocs\/Downloads\/DE\/Formular\/dl_fo_basiskonto_antrag_abschluss.pdf?__blob=publicationFile&amp;v=3\" target=\"_blank\" rel=\"noopener\">Formular <\/a>machen Sie das.<br>Wenn eine Bank die Kontoer\u00f6ffnung immer noch ablehnt, k\u00f6nnen Sie sich an die Beh\u00f6rde \u2018BaFin\u2019 (Bundesanstalt f\u00fcr Finanzdienstleistungsaufsicht) wenden.<br>Das BaFin achtet darauf, dass alle Banken in Deutschland korrekt arbeiten.<br><a href=\"https:\/\/web.basp.bafin.de\/lip\/form\/display.do?%24context=32BE57B25CB25A31FC9B\" target=\"_blank\" rel=\"noopener\">Hier <\/a>kann man Kontakt mit BaFin aufnehmen.&nbsp;<\/p>\n<\/div><\/div>\n\n\n\n<div class=\"wp-block-esab-accordion-child\"><div class=\"esab__head\" role=\"button\" aria-expanded=\"false\"><div class=\"esab__heading_txt\"><p class=\"esab__heading_tag\">Bei welcher Bank soll ich ein Konto er\u00f6ffnen?<\/p><\/div><div class=\"esab__icon\"><div class=\"esab__collapse\"> <svg version=\"1.2\" viewBox=\"0 0 24 24\" width=\"24\" height=\"24\"><path fill-rule=\"evenodd\" d=\"m3.5 20.5c-4.7-4.7-4.7-12.3 0-17 4.7-4.7 12.3-4.7 17 0 4.6 4.7 4.6 12.3 0 17-4.7 4.6-12.3 4.6-17 0zm0.9-0.9c4.2 4.2 11 4.2 15.2 0 4.2-4.2 4.2-11 0-15.2-4.2-4.3-11-4.3-15.2 0-4.3 4.2-4.3 11 0 15.2z\"><\/path><path d=\"m11.4 15.9v-3.3h-3.3c-0.3 0-0.6-0.3-0.6-0.6 0-0.4 0.3-0.6 0.6-0.6h3.3v-3.3c0-0.3 0.3-0.6 0.6-0.6 0.3 0 0.6 0.3 0.6 0.6v3.3h3.3c0.3 0 0.6 0.2 0.6 0.6q0 0.2-0.2 0.4-0.2 0.2-0.4 0.2h-3.3v3.3q0 0.2-0.2 0.4-0.2 0.2-0.4 0.2c-0.4 0-0.6-0.3-0.6-0.6z\"><\/path><\/svg> <\/div><div class=\"esab__expand\"> <svg version=\"1.2\" viewBox=\"0 0 24 24\" width=\"24\" height=\"24\"><path fill-rule=\"evenodd\" d=\"m12 24c-6.6 0-12-5.4-12-12 0-6.6 5.4-12 12-12 6.6 0 12 5.4 12 12 0 6.6-5.4 12-12 12zm10.6-12c0-5.9-4.7-10.6-10.6-10.6-5.9 0-10.6 4.7-10.6 10.6 0 5.9 4.7 10.6 10.6 10.6 5.9 0 10.6-4.7 10.6-10.6z\"><\/path><path d=\"m5.6 11.3h12.8v1.4h-12.8z\"><\/path><\/svg> <\/div><\/div><\/div><div class=\"esab__body\">\n<p>Es gibt viele verschiedene Banken in Deutschland.<br>Manche haben Filiale, wo man hingehen kann.<br>Manche sind nur online.<br>Sie m\u00fcssen schauen, welche Bank am besten passt.<br>Es gibt regelm\u00e4\u00dfige Geb\u00fchren f\u00fcr ein Bankkonto.<br><a href=\"https:\/\/www.verbraucherzentrale.de\/wissen\/geld-versicherungen\/sparen-und-anlegen\/bankgebuehren-nicht-alle-gebuehren-beim-girokonto-sind-zulaessig-5185\" target=\"_blank\" rel=\"noopener\">Hier <\/a>k\u00f6nnen Sie sehen, welche Geb\u00fchren erlaubt sind und welche nicht.&nbsp;<\/p>\n\n\n\n<p><\/p>\n\n\n\n<p>Wenn man ein Bankkonto hat, bekommt man regelm\u00e4\u00dfig einen Kontoauszug.<br>Meistens bekommt man einen Kontoauszug f\u00fcr einen Monat.<br>Auf dem Kontoauszug stehen alle Infos zum Eingang und Ausgang vom Geld.<br>Zum Beispiel: wenn das Geld von Arbeit kommt oder wenn die Miete bezahlt wird.<br>Es ist sehr wichtig, dieser Kontoauszug zu behalten.<br>Sehr oft muss man nachweisen, dass man etwas bestimmtes bezahlt hat oder wie viel Geld man verdient hat.<br>Wenn man einen Kontoauszug verliert, kann die Bank eine Kopie geben.<br>Man muss aber relativ viel Geld daf\u00fcr bezahlen. Zum Beispiel 5 Euro f\u00fcr jeden Kontoauszug.<br>Es ist einfacher, wenn man Online-Banking benutzt.<br>Dann hat man immer die Kontoausz\u00fcge sicher in dem Online-Postfach und muss nichts mehr daf\u00fcr bezahlen.&nbsp;<\/p>\n\n\n\n<p><\/p>\n\n\n\n<p>Wenn Sie etwas per Bankkonto bezahlen, k\u00f6nnen Sie das per \u00dcberweisung oder Lastschrift bezahlen.<br>\u00dcberweisung: Sie schicken das Geld von Ihrem Konto zu einem anderen Konto. Zum Beispiel das Geld f\u00fcr die Miete zu Ihrem Vermieter.<br>Lastschrift: Eine Firma nimmt jeden Monat Geld automatisch von Ihrem Konto. Zum Beispiel das Geld f\u00fcr den Strom in Ihrer Wohnung wird direkt vom Stromanbieter genommen.<br>Wenn Sie Geld \u00fcberweisen, k\u00f6nnen Sie einen \u2018Verwendungs-Zweck\u2019 angeben.<br>Der Verwendungszweck ist der Grund, warum Sie das Geld \u00fcberweisen.<br>Zum Beispiel \u2018Miete August 2024\u2019.<br>Manche Menschen nutzen auch Kreditkarten, um Sachen zu bezahlen.&nbsp;<br>Mit Kreditkarten kann es aber viele Geb\u00fchren und hohe Zinsen geben.<br>Am Ende bezahlen Sie damit viel mehr als mit Ihrem normalen Bankkonto.&nbsp;<\/p>\n<\/div><\/div>\n\n\n\n<div class=\"wp-block-esab-accordion-child\"><div class=\"esab__head\" role=\"button\" aria-expanded=\"false\"><div class=\"esab__heading_txt\"><p class=\"esab__heading_tag\">Muss ich einen Vertag f\u00fcr mein Handy oder Internet machen?\u00a0<\/p><\/div><div class=\"esab__icon\"><div class=\"esab__collapse\"> <svg version=\"1.2\" viewBox=\"0 0 24 24\" width=\"24\" height=\"24\"><path fill-rule=\"evenodd\" d=\"m3.5 20.5c-4.7-4.7-4.7-12.3 0-17 4.7-4.7 12.3-4.7 17 0 4.6 4.7 4.6 12.3 0 17-4.7 4.6-12.3 4.6-17 0zm0.9-0.9c4.2 4.2 11 4.2 15.2 0 4.2-4.2 4.2-11 0-15.2-4.2-4.3-11-4.3-15.2 0-4.3 4.2-4.3 11 0 15.2z\"><\/path><path d=\"m11.4 15.9v-3.3h-3.3c-0.3 0-0.6-0.3-0.6-0.6 0-0.4 0.3-0.6 0.6-0.6h3.3v-3.3c0-0.3 0.3-0.6 0.6-0.6 0.3 0 0.6 0.3 0.6 0.6v3.3h3.3c0.3 0 0.6 0.2 0.6 0.6q0 0.2-0.2 0.4-0.2 0.2-0.4 0.2h-3.3v3.3q0 0.2-0.2 0.4-0.2 0.2-0.4 0.2c-0.4 0-0.6-0.3-0.6-0.6z\"><\/path><\/svg> <\/div><div class=\"esab__expand\"> <svg version=\"1.2\" viewBox=\"0 0 24 24\" width=\"24\" height=\"24\"><path fill-rule=\"evenodd\" d=\"m12 24c-6.6 0-12-5.4-12-12 0-6.6 5.4-12 12-12 6.6 0 12 5.4 12 12 0 6.6-5.4 12-12 12zm10.6-12c0-5.9-4.7-10.6-10.6-10.6-5.9 0-10.6 4.7-10.6 10.6 0 5.9 4.7 10.6 10.6 10.6 5.9 0 10.6-4.7 10.6-10.6z\"><\/path><path d=\"m5.6 11.3h12.8v1.4h-12.8z\"><\/path><\/svg> <\/div><\/div><\/div><div class=\"esab__body\">\n<p>Muss ich einen Vertag f\u00fcr mein Handy oder Internet machen?<br>Sie m\u00fcssen nicht unbedingt einen Handy-Vertrag machen.<br>Es gibt auch Prepaid SIM-Karten.&nbsp;<br>Sie k\u00f6nnen das Handy dann immer aufladen.&nbsp;<\/p>\n\n\n\n<p><\/p>\n\n\n\n<p>Sie werden eventuell Vertr\u00e4ge mit verschiedenen Firmen in Deutschland machen.<br>Zum Beispiel f\u00fcr das Handy, Internet, Strom, Versicherung.<br>Sie sollen immer gut \u00fcberlegen, welche Vertr\u00e4ge Sie machen.<\/p>\n\n\n\n<p>Vor allem:&nbsp;&nbsp;<\/p>\n\n\n\n<ul class=\"wp-block-list\">\n<li>Wie lange l\u00e4uft&nbsp;der Vertrag?&nbsp;&nbsp;<\/li>\n\n\n\n<li>Wie viel muss ich jeden Monat bezahlen?&nbsp;<\/li>\n\n\n\n<li>Wann und wie kann ich den Vertrag k\u00fcndigen?&nbsp;<\/li>\n<\/ul>\n\n\n\n<p>Sehr oft machen Menschen schnell einen Vertrag. Am Anfang ist es vielleicht sehr g\u00fcnstig. Aber nach einer Weile wird es teurerer.<br>Sie k\u00f6nnen Webseiten wie \u201e<a href=\"https:\/\/www.check24.de\/\" target=\"_blank\" rel=\"noopener\">CHECK24<\/a>\u201c nutzen, um Angebote zu vergleichen.&nbsp;<\/p>\n<\/div><\/div>\n\n\n\n<div class=\"wp-block-esab-accordion-child\"><div class=\"esab__head\" role=\"button\" aria-expanded=\"false\"><div class=\"esab__heading_txt\"><p class=\"esab__heading_tag\">Muss ich den Rundfunk-Beitrag bezahlen?\u00a0<\/p><\/div><div class=\"esab__icon\"><div class=\"esab__collapse\"> <svg version=\"1.2\" viewBox=\"0 0 24 24\" width=\"24\" height=\"24\"><path fill-rule=\"evenodd\" d=\"m3.5 20.5c-4.7-4.7-4.7-12.3 0-17 4.7-4.7 12.3-4.7 17 0 4.6 4.7 4.6 12.3 0 17-4.7 4.6-12.3 4.6-17 0zm0.9-0.9c4.2 4.2 11 4.2 15.2 0 4.2-4.2 4.2-11 0-15.2-4.2-4.3-11-4.3-15.2 0-4.3 4.2-4.3 11 0 15.2z\"><\/path><path d=\"m11.4 15.9v-3.3h-3.3c-0.3 0-0.6-0.3-0.6-0.6 0-0.4 0.3-0.6 0.6-0.6h3.3v-3.3c0-0.3 0.3-0.6 0.6-0.6 0.3 0 0.6 0.3 0.6 0.6v3.3h3.3c0.3 0 0.6 0.2 0.6 0.6q0 0.2-0.2 0.4-0.2 0.2-0.4 0.2h-3.3v3.3q0 0.2-0.2 0.4-0.2 0.2-0.4 0.2c-0.4 0-0.6-0.3-0.6-0.6z\"><\/path><\/svg> <\/div><div class=\"esab__expand\"> <svg version=\"1.2\" viewBox=\"0 0 24 24\" width=\"24\" height=\"24\"><path fill-rule=\"evenodd\" d=\"m12 24c-6.6 0-12-5.4-12-12 0-6.6 5.4-12 12-12 6.6 0 12 5.4 12 12 0 6.6-5.4 12-12 12zm10.6-12c0-5.9-4.7-10.6-10.6-10.6-5.9 0-10.6 4.7-10.6 10.6 0 5.9 4.7 10.6 10.6 10.6 5.9 0 10.6-4.7 10.6-10.6z\"><\/path><path d=\"m5.6 11.3h12.8v1.4h-12.8z\"><\/path><\/svg> <\/div><\/div><\/div><div class=\"esab__body\">\n<p>In Deutschland gibt es den Rundfunk-Beitrag f\u00fcr TV und Radio.<br>Mit dem Geld werden die TV-Sender ARD, ZDF und die Radio Deutschlandradio finanziert.<br>Die sind \u00f6ffentliche Sender und produzieren Informationen und Sendungen f\u00fcr die ganze Bev\u00f6lkerung.<br>Wenn man genug Geld hat, muss man den Beitrag bezahlen.<br>Auch wenn man deutschen Fernseher nicht anschaut oder deutsche Radio nicht zuh\u00f6rt, muss man bezahlen.<br>Wenn man wenig verdient und B\u00fcrgergeld bekommt, muss man aber nicht bezahlen.<br>Sie beantragen die Befreiung vom Rundfunkbeitrag beim Beitragsservice <a href=\"https:\/\/www.rundfunkbeitrag.de\/buergerinnen_und_buerger\/formulare\/befreiung_oder_ermaessigung_beantragen\/index_ger.html\" target=\"_blank\" rel=\"noopener\">hier<\/a>.&nbsp;Dieses Video erkl\u00e4rt, wie man das Formular ausf\u00fcllt:<\/p>\n\n\n\n<figure class=\"wp-block-embed is-type-video is-provider-youtube wp-block-embed-youtube wp-embed-aspect-16-9 wp-has-aspect-ratio\"><div class=\"wp-block-embed__wrapper\">\n<iframe loading=\"lazy\" title=\"Wie kann ich mich online vom Rundfunkbeitrag befreien lassen?\" width=\"640\" height=\"360\" src=\"https:\/\/www.youtube.com\/embed\/Qf8Jw2Rmz9o?feature=oembed\" frameborder=\"0\" allow=\"accelerometer; autoplay; clipboard-write; encrypted-media; gyroscope; picture-in-picture; web-share\" referrerpolicy=\"strict-origin-when-cross-origin\" allowfullscreen><\/iframe>\n<\/div><\/figure>\n\n\n\n<p><\/p>\n<\/div><\/div>\n\n\n\n<div class=\"wp-block-esab-accordion-child\"><div class=\"esab__head\" role=\"button\" aria-expanded=\"false\"><div class=\"esab__heading_txt\"><p class=\"esab__heading_tag\">Wo kann ich Sachen wie Bankgeb\u00fchren und Vertr\u00e4ge pr\u00fcfen lassen?\u00a0<\/p><\/div><div class=\"esab__icon\"><div class=\"esab__collapse\"> <svg version=\"1.2\" viewBox=\"0 0 24 24\" width=\"24\" height=\"24\"><path fill-rule=\"evenodd\" d=\"m3.5 20.5c-4.7-4.7-4.7-12.3 0-17 4.7-4.7 12.3-4.7 17 0 4.6 4.7 4.6 12.3 0 17-4.7 4.6-12.3 4.6-17 0zm0.9-0.9c4.2 4.2 11 4.2 15.2 0 4.2-4.2 4.2-11 0-15.2-4.2-4.3-11-4.3-15.2 0-4.3 4.2-4.3 11 0 15.2z\"><\/path><path d=\"m11.4 15.9v-3.3h-3.3c-0.3 0-0.6-0.3-0.6-0.6 0-0.4 0.3-0.6 0.6-0.6h3.3v-3.3c0-0.3 0.3-0.6 0.6-0.6 0.3 0 0.6 0.3 0.6 0.6v3.3h3.3c0.3 0 0.6 0.2 0.6 0.6q0 0.2-0.2 0.4-0.2 0.2-0.4 0.2h-3.3v3.3q0 0.2-0.2 0.4-0.2 0.2-0.4 0.2c-0.4 0-0.6-0.3-0.6-0.6z\"><\/path><\/svg> <\/div><div class=\"esab__expand\"> <svg version=\"1.2\" viewBox=\"0 0 24 24\" width=\"24\" height=\"24\"><path fill-rule=\"evenodd\" d=\"m12 24c-6.6 0-12-5.4-12-12 0-6.6 5.4-12 12-12 6.6 0 12 5.4 12 12 0 6.6-5.4 12-12 12zm10.6-12c0-5.9-4.7-10.6-10.6-10.6-5.9 0-10.6 4.7-10.6 10.6 0 5.9 4.7 10.6 10.6 10.6 5.9 0 10.6-4.7 10.6-10.6z\"><\/path><path d=\"m5.6 11.3h12.8v1.4h-12.8z\"><\/path><\/svg> <\/div><\/div><\/div><div class=\"esab__body\">\n<p>Wenn Sie bestimmte Geb\u00fchren nicht verstehen oder mit einem Vertrag nicht zufrieden sind, k\u00f6nnen Sie zur Verbraucherzentrale gehen.<br>Die Verbraucherzentrale ist da, um Menschen zu informieren und von fragw\u00fcrdigen Vertr\u00e4gen zu sch\u00fctzen. F\u00fcr manche Beratungen dort muss man etwas bezahlen.<br><a href=\"https:\/\/www.verbraucherzentrale-sachsen.de\/beratungsstellen\/leipzig\/beratungsangebote\/1949\" target=\"_blank\" rel=\"noopener\">Hier <\/a>sind die Kontaktinformation zur Verbraucherzentrale Leipzig.&nbsp;<\/p>\n<\/div><\/div>\n<\/div><\/div>\n\n\n\n<p><\/p>\n<div class=\"gsp_post_data\" \r\n\t            data-post_type=\"page\" \r\n\t            data-cat=\"wirtschaft\" \r\n\t            data-modified=\"120\"\r\n\t            data-created=\"1688944002\"\r\n\t            data-title=\"Geld und Finanzen\" \r\n\t            data-home=\"https:\/\/info-to-go.binational-leipzig.de\/de\"><\/div>","protected":false},"excerpt":{"rendered":"","protected":false},"author":1,"featured_media":0,"parent":8,"menu_order":2,"comment_status":"closed","ping_status":"closed","template":"","meta":{"footnotes":""},"categories":[10],"tags":[],"class_list":["post-33","page","type-page","status-publish","hentry","category-wirtschaft"],"_links":{"self":[{"href":"https:\/\/info-to-go.binational-leipzig.de\/de\/wp-json\/wp\/v2\/pages\/33","targetHints":{"allow":["GET"]}}],"collection":[{"href":"https:\/\/info-to-go.binational-leipzig.de\/de\/wp-json\/wp\/v2\/pages"}],"about":[{"href":"https:\/\/info-to-go.binational-leipzig.de\/de\/wp-json\/wp\/v2\/types\/page"}],"author":[{"embeddable":true,"href":"https:\/\/info-to-go.binational-leipzig.de\/de\/wp-json\/wp\/v2\/users\/1"}],"replies":[{"embeddable":true,"href":"https:\/\/info-to-go.binational-leipzig.de\/de\/wp-json\/wp\/v2\/comments?post=33"}],"version-history":[{"count":11,"href":"https:\/\/info-to-go.binational-leipzig.de\/de\/wp-json\/wp\/v2\/pages\/33\/revisions"}],"predecessor-version":[{"id":721,"href":"https:\/\/info-to-go.binational-leipzig.de\/de\/wp-json\/wp\/v2\/pages\/33\/revisions\/721"}],"up":[{"embeddable":true,"href":"https:\/\/info-to-go.binational-leipzig.de\/de\/wp-json\/wp\/v2\/pages\/8"}],"wp:attachment":[{"href":"https:\/\/info-to-go.binational-leipzig.de\/de\/wp-json\/wp\/v2\/media?parent=33"}],"wp:term":[{"taxonomy":"category","embeddable":true,"href":"https:\/\/info-to-go.binational-leipzig.de\/de\/wp-json\/wp\/v2\/categories?post=33"},{"taxonomy":"post_tag","embeddable":true,"href":"https:\/\/info-to-go.binational-leipzig.de\/de\/wp-json\/wp\/v2\/tags?post=33"}],"curies":[{"name":"wp","href":"https:\/\/api.w.org\/{rel}","templated":true}]}}