{"id":598,"date":"2025-06-25T11:47:50","date_gmt":"2025-06-25T09:47:50","guid":{"rendered":"https:\/\/info-to-go.binational-leipzig.de\/?page_id=598"},"modified":"2025-06-25T11:47:51","modified_gmt":"2025-06-25T09:47:51","slug":"barrierefreiheitserklaerung","status":"publish","type":"page","link":"https:\/\/info-to-go.binational-leipzig.de\/de\/barrierefreiheitserklaerung\/","title":{"rendered":"Barrierefreiheitserkl\u00e4rung"},"content":{"rendered":"\n<h3 class=\"wp-block-heading\">Erkl\u00e4rung zur Barrierefreiheit<\/h3>\n\n\n\n<p><strong>Verband binationaler Familien und Partnerschaften, iaf e.V. Gesch\u00e4fts- und Beratungsstelle Leipzig<\/strong>&nbsp;ist bestrebt, ihre Website in \u00dcbereinstimmung mit den gesetzlichen Vorgaben zur Barrierefreiheit nutzbar zu machen. Diese Erkl\u00e4rung zur Barrierefreiheit gilt f\u00fcr die Website&nbsp;<a href=\"https:\/\/binational-leipzig.de\/\"><strong>binational-leipzig.de<\/strong><\/a><\/p>\n\n\n\n<hr class=\"wp-block-separator has-alpha-channel-opacity\"\/>\n\n\n\n<h3 class=\"wp-block-heading\"><strong>Stand der Vereinbarkeit mit den Anforderungen<\/strong><\/h3>\n\n\n\n<p>Diese Website ist&nbsp;<strong>teilweise<\/strong>&nbsp;mit den Anforderungen der&nbsp;<strong>Barrierefreie-Informationstechnik-Verordnung (BITV 2.0) sowie der EU-Richtlinie 2016\/2102<\/strong>&nbsp;vereinbar. Wir arbeiten kontinuierlich daran, bestehende Barrieren zu reduzieren und die Benutzerfreundlichkeit f\u00fcr alle Menschen zu verbessern.<\/p>\n\n\n\n<hr class=\"wp-block-separator has-alpha-channel-opacity\"\/>\n\n\n\n<h3 class=\"wp-block-heading\"><strong>Nicht barrierefreie Inhalte<\/strong><\/h3>\n\n\n\n<p>Trotz unserer Bem\u00fchungen gibt es einige Bereiche, die nicht vollst\u00e4ndig barrierefrei sind:<\/p>\n\n\n\n<ul class=\"wp-block-list\">\n<li><strong>PDF-Dokumente<\/strong>: Einige \u00e4ltere PDF-Dateien sind nicht barrierefrei formatiert.<\/li>\n\n\n\n<li><strong>Alternativtexte<\/strong>: Einige Bilder oder grafische Elemente k\u00f6nnen keine ausreichenden Alternativtexte enthalten.<\/li>\n\n\n\n<li><strong>Navigation und Bedienbarkeit<\/strong>: Einzelne interaktive Elemente sind eventuell nicht vollst\u00e4ndig tastatursteuerbar.<\/li>\n\n\n\n<li><strong>Videos<\/strong>: Es fehlen teilweise Untertitel oder Audiodeskriptionen f\u00fcr eingebettete Videos.<\/li>\n<\/ul>\n\n\n\n<p>Wir arbeiten daran, diese M\u00e4ngel schrittweise zu beheben.<\/p>\n\n\n\n<hr class=\"wp-block-separator has-alpha-channel-opacity\"\/>\n\n\n\n<h3 class=\"wp-block-heading\"><strong>Erstellung dieser Erkl\u00e4rung<\/strong><\/h3>\n\n\n\n<p>Diese Erkl\u00e4rung wurde am&nbsp;<strong>10.01.2025<\/strong>&nbsp;erstellt und zuletzt am&nbsp;<strong>19.02.2025<\/strong>&nbsp;\u00fcberpr\u00fcft.<br><br>Die Bewertung der Website erfolgte durch eine&nbsp;<strong>interne Selbstbewertung<\/strong>&nbsp;sowie mithilfe von automatisierten Tests.<\/p>\n\n\n\n<hr class=\"wp-block-separator has-alpha-channel-opacity\"\/>\n\n\n\n<h3 class=\"wp-block-heading\"><strong>Feedback und Kontaktangaben<\/strong><\/h3>\n\n\n\n<p>Falls Sie auf unserer Website auf Barrieren sto\u00dfen oder Verbesserungsvorschl\u00e4ge haben, k\u00f6nnen Sie uns gerne kontaktieren:<\/p>\n\n\n\n<p>Verband binationaler Familien und Partnerschaften, iaf e.V.<br>Gesch\u00e4fts- und Beratungsstelle Leipzig<br><br><a href=\"https:\/\/www.google.com\/maps\/place\/Verband+binationaler+Familien+u.+Partnerschaften+e.V.\/@51.3232198,12.3793402,18.79z\/data=!4m5!3m4!1s0x0:0x280bc9ed9b02c389!8m2!3d51.3232449!4d12.3798815\" target=\"_blank\" rel=\"noreferrer noopener\">Arndtstr.&nbsp;63<br>04275&nbsp;Leipzig<\/a><br><br>Telefon: 0341-6 88 00 22<br>E-Mail:&nbsp;<a href=\"http:\/\/leipzig@verband-binationaler-de\/\" rel=\"noreferrer noopener\" target=\"_blank\">leipzig@verband-binationaler-de<\/a><\/p>\n\n\n\n<hr class=\"wp-block-separator has-alpha-channel-opacity\"\/>\n\n\n\n<h3 class=\"wp-block-heading\"><strong>Durchsetzungsverfahren<\/strong><\/h3>\n\n\n\n<p>Falls Ihre Anfrage zur Barrierefreiheit unserer Website nicht zufriedenstellend beantwortet wird, k\u00f6nnen Sie sich an die&nbsp;<strong>Durchsetzungsstelle&nbsp;<\/strong>wenden:<\/p>\n\n\n\n<p><strong>Sachsen \u00dcberwachungsstelle f\u00fcr digitale Barrierefreiheit<\/strong><br>S\u00e4chsisches Staatsministerium f\u00fcr Soziales und Gesellschaftlichen Zusammenhalt<br>E-Mail:&nbsp;<a href=\"mailto:durchsetzungsstelle@sk.sachsen.de\">durchsetzungsstelle@sk.sachsen.de<\/a><br>Web:&nbsp;<a href=\"https:\/\/www.durchsetzungsstelle.sachsen.de\/\" rel=\"noreferrer noopener\" target=\"_blank\">www.durchsetzungsstelle.sachsen.de<\/a><\/p>\n\n\n\n<hr class=\"wp-block-separator has-alpha-channel-opacity\"\/>\n\n\n\n<p>Wir sind stets bem\u00fcht, unsere digitale Pr\u00e4senz f\u00fcr alle Menschen zug\u00e4nglicher zu machen und danken Ihnen f\u00fcr Ihr Feedback!<\/p>\n<div class=\"gsp_post_data\" \r\n\t            data-post_type=\"page\" \r\n\t            data-cat=\"\" \r\n\t            data-modified=\"120\"\r\n\t            data-created=\"1750852070\"\r\n\t            data-title=\"Barrierefreiheitserkl\u00e4rung\" \r\n\t            data-home=\"https:\/\/info-to-go.binational-leipzig.de\/de\"><\/div>","protected":false},"excerpt":{"rendered":"<p>Erkl\u00e4rung zur Barrierefreiheit Verband binationaler Familien und Partnerschaften, iaf e.V. Gesch\u00e4fts- und Beratungsstelle Leipzig&nbsp;ist bestrebt, ihre Website in \u00dcbereinstimmung mit den gesetzlichen Vorgaben zur Barrierefreiheit nutzbar zu machen. Diese Erkl\u00e4rung zur Barrierefreiheit gilt f\u00fcr die Website&nbsp;binational-leipzig.de Stand der Vereinbarkeit mit den Anforderungen Diese Website ist&nbsp;teilweise&nbsp;mit den Anforderungen der&nbsp;Barrierefreie-Informationstechnik-Verordnung (BITV 2.0) sowie der EU-Richtlinie 2016\/2102&nbsp;vereinbar. Wir [&hellip;]<\/p>\n","protected":false},"author":2,"featured_media":0,"parent":0,"menu_order":0,"comment_status":"closed","ping_status":"closed","template":"","meta":{"footnotes":""},"categories":[],"tags":[],"class_list":["post-598","page","type-page","status-publish","hentry"],"_links":{"self":[{"href":"https:\/\/info-to-go.binational-leipzig.de\/de\/wp-json\/wp\/v2\/pages\/598","targetHints":{"allow":["GET"]}}],"collection":[{"href":"https:\/\/info-to-go.binational-leipzig.de\/de\/wp-json\/wp\/v2\/pages"}],"about":[{"href":"https:\/\/info-to-go.binational-leipzig.de\/de\/wp-json\/wp\/v2\/types\/page"}],"author":[{"embeddable":true,"href":"https:\/\/info-to-go.binational-leipzig.de\/de\/wp-json\/wp\/v2\/users\/2"}],"replies":[{"embeddable":true,"href":"https:\/\/info-to-go.binational-leipzig.de\/de\/wp-json\/wp\/v2\/comments?post=598"}],"version-history":[{"count":1,"href":"https:\/\/info-to-go.binational-leipzig.de\/de\/wp-json\/wp\/v2\/pages\/598\/revisions"}],"predecessor-version":[{"id":599,"href":"https:\/\/info-to-go.binational-leipzig.de\/de\/wp-json\/wp\/v2\/pages\/598\/revisions\/599"}],"wp:attachment":[{"href":"https:\/\/info-to-go.binational-leipzig.de\/de\/wp-json\/wp\/v2\/media?parent=598"}],"wp:term":[{"taxonomy":"category","embeddable":true,"href":"https:\/\/info-to-go.binational-leipzig.de\/de\/wp-json\/wp\/v2\/categories?post=598"},{"taxonomy":"post_tag","embeddable":true,"href":"https:\/\/info-to-go.binational-leipzig.de\/de\/wp-json\/wp\/v2\/tags?post=598"}],"curies":[{"name":"wp","href":"https:\/\/api.w.org\/{rel}","templated":true}]}}