{"id":399,"date":"2024-01-17T12:08:03","date_gmt":"2024-01-17T11:08:03","guid":{"rendered":"https:\/\/info-to-go.binational-leipzig.de\/?page_id=399"},"modified":"2024-07-31T12:56:05","modified_gmt":"2024-07-31T10:56:05","slug":"impressum","status":"publish","type":"page","link":"https:\/\/info-to-go.binational-leipzig.de\/el\/impressum\/","title":{"rendered":"\u03b1\u03c0\u03bf\u03c4\u03cd\u03c0\u03c9\u03bc\u03b1"},"content":{"rendered":"<p><strong>\u03a0\u03bb\u03b7\u03c1\u03bf\u03c6\u03bf\u03c1\u03af\u03b5\u03c2 \u03c3\u03cd\u03bc\u03c6\u03c9\u03bd\u03b1 \u03bc\u03b5 \u03c4\u03bf \u00a7 5 TMG<\/strong><\/p>\n\n\n\n<p>\u0388\u03bd\u03c9\u03c3\u03b7 \u0394\u03b9\u03b5\u03b8\u03bd\u03b9\u03ba\u03ce\u03bd \u039f\u03b9\u03ba\u03bf\u03b3\u03b5\u03bd\u03b5\u03b9\u03ce\u03bd \u03ba\u03b1\u03b9 \u03a3\u03c5\u03bd\u03b5\u03c1\u03b3\u03b1\u03c3\u03b9\u03ce\u03bd, iaf eV<br>\u039b\u03bf\u03cd\u03bd\u03c4\u03bf\u03bb\u03c6\u03bf\u03c5\u03c3\u03c4\u03c1\u03ac\u03c3\u03b5 2 \u2013 4<br>60487 \u03a6\u03c1\u03b1\u03bd\u03ba\u03c6\u03bf\u03cd\u03c1\u03c4\u03b7 \u03c3\u03c4\u03bf\u03bd \u039c\u03ac\u03b9\u03bd<\/p>\n\n\n\n<p><strong>\u0395\u03ba\u03c0\u03c1\u03bf\u03c3\u03c9\u03c0\u03b5\u03af\u03c4\u03b1\u03b9 \u03b1\u03c0\u03cc<\/strong><\/p>\n\n\n\n<p>Asiye Bal\u0131k\u00e7\u0131-Schmidt, Natalia Bugaj-Wolfram<\/p>\n\n\n\n<p>\u0395\u03b9\u03b4\u03b9\u03ba\u03cc\u03c2 \u03b5\u03ba\u03c0\u03c1\u03cc\u03c3\u03c9\u03c0\u03bf\u03c2 \u03c3\u03cd\u03bc\u03c6\u03c9\u03bd\u03b1 \u03bc\u03b5 \u03c4\u03bf \u00a7 30 BGB: NN<\/p>\n\n\n\n<p>\u0394\u03b9\u03ba\u03b1\u03c3\u03c4\u03ae\u03c1\u03b9\u03bf \u03bc\u03b7\u03c4\u03c1\u03ce\u03bf\u03c5:<\/p>\n\n\n\n<p>\u0391\u03c1\u03b9\u03b8\u03bc\u03cc\u03c2 \u03bc\u03b7\u03c4\u03c1\u03ce\u03bf\u03c5 \u03c3\u03c5\u03bb\u03bb\u03cc\u03b3\u03bf\u03c5 \u03c4\u03bf\u03c5 \u03c0\u03b5\u03c1\u03b9\u03c6\u03b5\u03c1\u03b5\u03b9\u03b1\u03ba\u03bf\u03cd \u03b4\u03b9\u03ba\u03b1\u03c3\u03c4\u03b7\u03c1\u03af\u03bf\u03c5 \u03c4\u03b7\u03c2 \u03a6\u03c1\u03b1\u03bd\u03ba\u03c6\u03bf\u03cd\u03c1\u03c4\u03b7\u03c2 \u03b5\u03c0\u03af \u03c4\u03bf\u03c5 \u039c\u03ac\u03b9\u03bd: VR 6728<\/p>\n\n\n\n<p>\u0395\u03c6\u03bf\u03c1\u03af\u03b1 \u03a6\u03c1\u03b1\u03bd\u03ba\u03c6\u03bf\u03cd\u03c1\u03c4\u03b7\u03c2 V \u0391\u03c1\u03b9\u03b8\u03bc\u03cc\u03c2 \u03c6\u03bf\u03c1\u03bf\u03bb\u03bf\u03b3\u03b9\u03ba\u03bf\u03cd \u03bc\u03b7\u03c4\u03c1\u03ce\u03bf\u03c5 014 250 63357<\/p>\n\n\n\n<p><strong>\u03b5\u03c0\u03b1\u03c6\u03ae<\/strong><\/p>\n\n\n\n<p>\u03a4\u03b7\u03bb\u03ad\u03c6\u03c9\u03bd\u03bf: +49 (0) 69 713 756 \u2013 0<br>\u03a6\u03b1\u03be: +49 (0) 69 707 50 92<br>\u0397\u03bb\u03b5\u03ba\u03c4\u03c1\u03bf\u03bd\u03b9\u03ba\u03cc \u03c4\u03b1\u03c7\u03c5\u03b4\u03c1\u03bf\u03bc\u03b5\u03af\u03bf: info@verband-binationaler.de<\/p>\n\n\n\n<p><strong>\u039a\u03b1\u03c4\u03b1\u03c7\u03ce\u03c1\u03b7\u03c3\u03b7 \u03bc\u03b7\u03c4\u03c1\u03ce\u03bf\u03c5<\/strong><\/p>\n\n\n\n<p>\u0395\u03b3\u03b3\u03c1\u03b1\u03c6\u03ae \u03c3\u03c4\u03bf \u03bc\u03b7\u03c4\u03c1\u03ce\u03bf \u03c3\u03c9\u03bc\u03b1\u03c4\u03b5\u03af\u03c9\u03bd.<br>\u0394\u03b9\u03ba\u03b1\u03c3\u03c4\u03ae\u03c1\u03b9\u03bf \u03bc\u03b7\u03c4\u03c1\u03ce\u03bf\u03c5: \u03a0\u03b5\u03c1\u03b9\u03c6\u03b5\u03c1\u03b5\u03b9\u03b1\u03ba\u03cc \u0394\u03b9\u03ba\u03b1\u03c3\u03c4\u03ae\u03c1\u03b9\u03bf \u03a6\u03c1\u03b1\u03bd\u03ba\u03c6\u03bf\u03cd\u03c1\u03c4\u03b7\u03c2 \u03b5\u03c0\u03af \u03c4\u03bf\u03c5 \u039c\u03ac\u03b9\u03bd<br>\u0391\u03c1\u03b9\u03b8\u03bc\u03cc\u03c2 \u03ba\u03c5\u03ba\u03bb\u03bf\u03c6\u03bf\u03c1\u03af\u03b1\u03c2: VR 6728<\/p>\n\n\n\n<p><strong>\u0394\u0395\u039e\u0391\u039c\u0395\u039d\u0397<\/strong><\/p>\n\n\n\n<p>\u0391\u03c1\u03b9\u03b8\u03bc\u03cc\u03c2 \u03c6\u03bf\u03c1\u03bf\u03bb\u03bf\u03b3\u03b9\u03ba\u03bf\u03cd \u03bc\u03b7\u03c4\u03c1\u03ce\u03bf\u03c5 \u03a6\u03a0\u0391 \u03c3\u03cd\u03bc\u03c6\u03c9\u03bd\u03b1 \u03bc\u03b5 \u03c4\u03bf \u03ac\u03c1\u03b8\u03c1\u03bf 27\u03b1 \u03c4\u03bf\u03c5 \u03bd\u03cc\u03bc\u03bf\u03c5 \u03c0\u03b5\u03c1\u03af \u03a6\u03a0\u0391:<br>DE114234727<\/p>\n\n\n\n<p><strong>\u0395\u03c0\u03af\u03bb\u03c5\u03c3\u03b7 \u03b4\u03b9\u03b1\u03c6\u03bf\u03c1\u03ce\u03bd<\/strong><\/p>\n\n\n\n<p>\u0394\u03b5\u03bd \u03b5\u03af\u03bc\u03b1\u03c3\u03c4\u03b5 \u03c0\u03c1\u03cc\u03b8\u03c5\u03bc\u03bf\u03b9 \u03ae \u03c5\u03c0\u03bf\u03c7\u03c1\u03b5\u03c9\u03bc\u03ad\u03bd\u03bf\u03b9 \u03bd\u03b1 \u03c3\u03c5\u03bc\u03bc\u03b5\u03c4\u03ac\u03c3\u03c7\u03bf\u03c5\u03bc\u03b5 \u03c3\u03b5 \u03b4\u03b9\u03b1\u03b4\u03b9\u03ba\u03b1\u03c3\u03af\u03b5\u03c2 \u03b5\u03c0\u03af\u03bb\u03c5\u03c3\u03b7\u03c2 \u03b4\u03b9\u03b1\u03c6\u03bf\u03c1\u03ce\u03bd \u03b5\u03bd\u03ce\u03c0\u03b9\u03bf\u03bd \u03b5\u03c0\u03b9\u03c4\u03c1\u03bf\u03c0\u03ae\u03c2 \u03b4\u03b9\u03b1\u03b9\u03c4\u03b7\u03c3\u03af\u03b1\u03c2 \u03ba\u03b1\u03c4\u03b1\u03bd\u03b1\u03bb\u03c9\u03c4\u03ce\u03bd.<\/p>\n\n\n\n<p><strong>\u03a0\u03b7\u03b3\u03ad\u03c2<\/strong><\/p>\n\n\n\n<p>\u03a4\u03b5\u03c7\u03bd\u03b9\u03ba\u03ae \u03c5\u03bb\u03bf\u03c0\u03bf\u03af\u03b7\u03c3\u03b7: Stephan Wein \u03ba\u03b1\u03b9 Ahmet Erdem \u015eent\u00fcrk<br>\u03a3\u03c7\u03b5\u03b4\u03b9\u03b1\u03c3\u03bc\u03cc\u03c2 \u03b9\u03c3\u03c4\u03bf\u03c3\u03b5\u03bb\u03af\u03b4\u03c9\u03bd: \u039a\u03c1\u03b9\u03c2 \u03a3\u03bd\u03ac\u03b9\u03bd\u03c4\u03b5\u03c1<\/p>\n\n\n\n<p><strong>\u03a6\u03c9\u03c4\u03bf\u03b3\u03c1\u03b1\u03c6\u03af\u03b5\u03c2<\/strong><\/p>\n\n\n\n<p>\u00ab\u03a0\u03bf\u03b9\u03bf\u03b9 \u03b5\u03af\u03bc\u03b1\u03c3\u03c4\u03b5\u00bb: \u039c\u03b5\u03c7\u03bc\u03ad\u03c4 \u0391\u03c1\u03bc\u03c0\u03ac\u03b3\u03ba<\/p>\n\n\n\n<p><strong>\u039d\u03bf\u03bc\u03b9\u03ba\u03ae \u03b5\u03b9\u03b4\u03bf\u03c0\u03bf\u03af\u03b7\u03c3\u03b7<\/strong><\/p>\n\n\n\n<p>\u0395\u03c5\u03b8\u03cd\u03bd\u03b7 \u03b3\u03b9\u03b1 \u03c4\u03bf \u03c0\u03b5\u03c1\u03b9\u03b5\u03c7\u03cc\u03bc\u03b5\u03bd\u03bf<\/p>\n\n\n\n<p>\u03a9\u03c2 \u03c0\u03ac\u03c1\u03bf\u03c7\u03bf\u03c2 \u03c5\u03c0\u03b7\u03c1\u03b5\u03c3\u03b9\u03ce\u03bd, \u03b5\u03af\u03bc\u03b1\u03c3\u03c4\u03b5 \u03c5\u03c0\u03b5\u03cd\u03b8\u03c5\u03bd\u03bf\u03b9 \u03b3\u03b9\u03b1 \u03c4\u03bf \u03b4\u03b9\u03ba\u03cc \u03bc\u03b1\u03c2 \u03c0\u03b5\u03c1\u03b9\u03b5\u03c7\u03cc\u03bc\u03b5\u03bd\u03bf \u03c3\u03b5 \u03b1\u03c5\u03c4\u03ad\u03c2 \u03c4\u03b9\u03c2 \u03c3\u03b5\u03bb\u03af\u03b4\u03b5\u03c2 \u03c3\u03cd\u03bc\u03c6\u03c9\u03bd\u03b1 \u03bc\u03b5 \u03c4\u03bf \u03ac\u03c1\u03b8\u03c1\u03bf 7 (1) \u03c4\u03bf\u03c5 \u03b3\u03b5\u03c1\u03bc\u03b1\u03bd\u03b9\u03ba\u03bf\u03cd \u03bd\u03cc\u03bc\u03bf\u03c5 \u03c0\u03b5\u03c1\u03af \u03c4\u03b7\u03bb\u03b5\u03bc\u03ad\u03c3\u03c9\u03bd (TMG). \u03a9\u03c3\u03c4\u03cc\u03c3\u03bf, \u03c3\u03cd\u03bc\u03c6\u03c9\u03bd\u03b1 \u03bc\u03b5 \u03c4\u03b1 \u03ac\u03c1\u03b8\u03c1\u03b1 8 \u03ad\u03c9\u03c2 10 \u03c4\u03bf\u03c5 \u0393\u03b5\u03c1\u03bc\u03b1\u03bd\u03b9\u03ba\u03bf\u03cd \u039d\u03cc\u03bc\u03bf\u03c5 \u03c0\u03b5\u03c1\u03af \u03a4\u03b7\u03bb\u03b5\u03bc\u03ad\u03c3\u03c9\u03bd (TMG), \u03b5\u03bc\u03b5\u03af\u03c2 \u03c9\u03c2 \u03c0\u03ac\u03c1\u03bf\u03c7\u03bf\u03b9 \u03c5\u03c0\u03b7\u03c1\u03b5\u03c3\u03b9\u03ce\u03bd \u03b4\u03b5\u03bd \u03b5\u03af\u03bc\u03b1\u03c3\u03c4\u03b5 \u03c5\u03c0\u03bf\u03c7\u03c1\u03b5\u03c9\u03bc\u03ad\u03bd\u03bf\u03b9 \u03bd\u03b1 \u03c0\u03b1\u03c1\u03b1\u03ba\u03bf\u03bb\u03bf\u03c5\u03b8\u03bf\u03cd\u03bc\u03b5 \u03c4\u03b9\u03c2 \u03bc\u03b5\u03c4\u03b1\u03b4\u03b9\u03b4\u03cc\u03bc\u03b5\u03bd\u03b5\u03c2 \u03ae \u03b1\u03c0\u03bf\u03b8\u03b7\u03ba\u03b5\u03c5\u03bc\u03ad\u03bd\u03b5\u03c2 \u03c0\u03bb\u03b7\u03c1\u03bf\u03c6\u03bf\u03c1\u03af\u03b5\u03c2 \u03c4\u03c1\u03af\u03c4\u03c9\u03bd \u03ae \u03bd\u03b1 \u03b4\u03b9\u03b5\u03c1\u03b5\u03c5\u03bd\u03bf\u03cd\u03bc\u03b5 \u03c0\u03b5\u03c1\u03b9\u03c3\u03c4\u03ac\u03c3\u03b5\u03b9\u03c2 \u03c0\u03bf\u03c5 \u03c5\u03c0\u03bf\u03b4\u03b7\u03bb\u03ce\u03bd\u03bf\u03c5\u03bd \u03c0\u03b1\u03c1\u03ac\u03bd\u03bf\u03bc\u03b7 \u03b4\u03c1\u03b1\u03c3\u03c4\u03b7\u03c1\u03b9\u03cc\u03c4\u03b7\u03c4\u03b1.<\/p>\n\n\n\n<p>\u039f\u03b9 \u03c5\u03c0\u03bf\u03c7\u03c1\u03b5\u03ce\u03c3\u03b5\u03b9\u03c2 \u03b1\u03c6\u03b1\u03af\u03c1\u03b5\u03c3\u03b7\u03c2 \u03ae \u03b1\u03c0\u03bf\u03ba\u03bb\u03b5\u03b9\u03c3\u03bc\u03bf\u03cd \u03c4\u03b7\u03c2 \u03c7\u03c1\u03ae\u03c3\u03b7\u03c2 \u03c0\u03bb\u03b7\u03c1\u03bf\u03c6\u03bf\u03c1\u03b9\u03ce\u03bd \u03b2\u03ac\u03c3\u03b5\u03b9 \u03c4\u03b7\u03c2 \u03b3\u03b5\u03bd\u03b9\u03ba\u03ae\u03c2 \u03bd\u03bf\u03bc\u03bf\u03b8\u03b5\u03c3\u03af\u03b1\u03c2 \u03c0\u03b1\u03c1\u03b1\u03bc\u03ad\u03bd\u03bf\u03c5\u03bd \u03b1\u03bd\u03b5\u03c0\u03b7\u03c1\u03ad\u03b1\u03c3\u03c4\u03b5\u03c2. \u03a9\u03c3\u03c4\u03cc\u03c3\u03bf, \u03b7 \u03b5\u03c5\u03b8\u03cd\u03bd\u03b7 \u03c9\u03c2 \u03c0\u03c1\u03bf\u03c2 \u03b1\u03c5\u03c4\u03cc \u03b5\u03af\u03bd\u03b1\u03b9 \u03b4\u03c5\u03bd\u03b1\u03c4\u03ae \u03bc\u03cc\u03bd\u03bf \u03b1\u03c0\u03cc \u03c4\u03b7 \u03c3\u03c4\u03b9\u03b3\u03bc\u03ae \u03c0\u03bf\u03c5 \u03bb\u03b1\u03bc\u03b2\u03ac\u03bd\u03b5\u03c4\u03b1\u03b9 \u03b3\u03bd\u03ce\u03c3\u03b7 \u03bc\u03b9\u03b1\u03c2 \u03c3\u03c5\u03b3\u03ba\u03b5\u03ba\u03c1\u03b9\u03bc\u03ad\u03bd\u03b7\u03c2 \u03c0\u03b1\u03c1\u03ac\u03b2\u03b1\u03c3\u03b7\u03c2 \u03c4\u03bf\u03c5 \u03bd\u03cc\u03bc\u03bf\u03c5. \u0395\u03ac\u03bd \u03b1\u03bd\u03c4\u03b9\u03bb\u03b7\u03c6\u03b8\u03bf\u03cd\u03bc\u03b5 \u03bf\u03c0\u03bf\u03b9\u03b5\u03c3\u03b4\u03ae\u03c0\u03bf\u03c4\u03b5 \u03c4\u03ad\u03c4\u03bf\u03b9\u03b5\u03c2 \u03c0\u03b1\u03c1\u03b1\u03b2\u03b9\u03ac\u03c3\u03b5\u03b9\u03c2 \u03c4\u03bf\u03c5 \u03bd\u03cc\u03bc\u03bf\u03c5, \u03b8\u03b1 \u03b1\u03c6\u03b1\u03b9\u03c1\u03ad\u03c3\u03bf\u03c5\u03bc\u03b5 \u03b1\u03bc\u03ad\u03c3\u03c9\u03c2 \u03c4\u03bf \u03b5\u03bd \u03bb\u03cc\u03b3\u03c9 \u03c0\u03b5\u03c1\u03b9\u03b5\u03c7\u03cc\u03bc\u03b5\u03bd\u03bf.<\/p>\n\n\n\n<p><strong>\u0395\u03c5\u03b8\u03cd\u03bd\u03b7 \u03b3\u03b9\u03b1 \u03c3\u03c5\u03bd\u03b4\u03ad\u03c3\u03bc\u03bf\u03c5\u03c2<\/strong><\/p>\n\n\n\n<p>\u0397 \u03c0\u03c1\u03bf\u03c3\u03c6\u03bf\u03c1\u03ac \u03bc\u03b1\u03c2 \u03c0\u03b5\u03c1\u03b9\u03ad\u03c7\u03b5\u03b9 \u03c3\u03c5\u03bd\u03b4\u03ad\u03c3\u03bc\u03bf\u03c5\u03c2 \u03c0\u03c1\u03bf\u03c2 \u03b5\u03be\u03c9\u03c4\u03b5\u03c1\u03b9\u03ba\u03bf\u03cd\u03c2 \u03b9\u03c3\u03c4\u03cc\u03c4\u03bf\u03c0\u03bf\u03c5\u03c2 \u03c4\u03c1\u03af\u03c4\u03c9\u03bd \u03bc\u03b5\u03c1\u03ce\u03bd, \u03c3\u03c4\u03bf \u03c0\u03b5\u03c1\u03b9\u03b5\u03c7\u03cc\u03bc\u03b5\u03bd\u03bf \u03c4\u03c9\u03bd \u03bf\u03c0\u03bf\u03af\u03c9\u03bd \u03b4\u03b5\u03bd \u03ad\u03c7\u03bf\u03c5\u03bc\u03b5 \u03ba\u03b1\u03bc\u03af\u03b1 \u03b5\u03c0\u03b9\u03c1\u03c1\u03bf\u03ae. \u03a3\u03c5\u03bd\u03b5\u03c0\u03ce\u03c2, \u03b4\u03b5\u03bd \u03bc\u03c0\u03bf\u03c1\u03bf\u03cd\u03bc\u03b5 \u03bd\u03b1 \u03b1\u03bd\u03b1\u03bb\u03ac\u03b2\u03bf\u03c5\u03bc\u03b5 \u03ba\u03b1\u03bc\u03af\u03b1 \u03b5\u03c5\u03b8\u03cd\u03bd\u03b7 \u03b3\u03b9\u03b1 \u03b1\u03c5\u03c4\u03cc \u03c4\u03bf \u03b5\u03be\u03c9\u03c4\u03b5\u03c1\u03b9\u03ba\u03cc \u03c0\u03b5\u03c1\u03b9\u03b5\u03c7\u03cc\u03bc\u03b5\u03bd\u03bf. \u039f \u03b1\u03bd\u03c4\u03af\u03c3\u03c4\u03bf\u03b9\u03c7\u03bf\u03c2 \u03c0\u03ac\u03c1\u03bf\u03c7\u03bf\u03c2 \u03ae \u03b4\u03b9\u03b1\u03c7\u03b5\u03b9\u03c1\u03b9\u03c3\u03c4\u03ae\u03c2 \u03c4\u03c9\u03bd \u03c3\u03b5\u03bb\u03af\u03b4\u03c9\u03bd \u03c6\u03ad\u03c1\u03b5\u03b9 \u03c0\u03ac\u03bd\u03c4\u03b1 \u03c4\u03b7\u03bd \u03b5\u03c5\u03b8\u03cd\u03bd\u03b7 \u03b3\u03b9\u03b1 \u03c4\u03bf \u03c0\u03b5\u03c1\u03b9\u03b5\u03c7\u03cc\u03bc\u03b5\u03bd\u03bf \u03c4\u03c9\u03bd \u03c3\u03c5\u03bd\u03b4\u03b5\u03b4\u03b5\u03bc\u03ad\u03bd\u03c9\u03bd \u03c3\u03b5\u03bb\u03af\u03b4\u03c9\u03bd. \u039f\u03b9 \u03c3\u03c5\u03bd\u03b4\u03b5\u03b4\u03b5\u03bc\u03ad\u03bd\u03b5\u03c2 \u03c3\u03b5\u03bb\u03af\u03b4\u03b5\u03c2 \u03b5\u03bb\u03ad\u03b3\u03c7\u03b8\u03b7\u03ba\u03b1\u03bd \u03b3\u03b9\u03b1 \u03c0\u03b9\u03b8\u03b1\u03bd\u03ad\u03c2 \u03bd\u03bf\u03bc\u03b9\u03ba\u03ad\u03c2 \u03c0\u03b1\u03c1\u03b1\u03b2\u03ac\u03c3\u03b5\u03b9\u03c2 \u03ba\u03b1\u03c4\u03ac \u03c4\u03b7 \u03c3\u03c4\u03b9\u03b3\u03bc\u03ae \u03c4\u03b7\u03c2 \u03c3\u03cd\u03bd\u03b4\u03b5\u03c3\u03b7\u03c2. \u03a4\u03bf \u03c0\u03b1\u03c1\u03ac\u03bd\u03bf\u03bc\u03bf \u03c0\u03b5\u03c1\u03b9\u03b5\u03c7\u03cc\u03bc\u03b5\u03bd\u03bf \u03b4\u03b5\u03bd \u03ae\u03c4\u03b1\u03bd \u03b1\u03bd\u03b1\u03b3\u03bd\u03c9\u03c1\u03af\u03c3\u03b9\u03bc\u03bf \u03ba\u03b1\u03c4\u03ac \u03c4\u03b7 \u03c3\u03c4\u03b9\u03b3\u03bc\u03ae \u03c4\u03b7\u03c2 \u03c3\u03cd\u03bd\u03b4\u03b5\u03c3\u03b7\u03c2.<\/p>\n\n\n\n<p>\u03a9\u03c3\u03c4\u03cc\u03c3\u03bf, \u03b7 \u03bc\u03cc\u03bd\u03b9\u03bc\u03b7 \u03c0\u03b1\u03c1\u03b1\u03ba\u03bf\u03bb\u03bf\u03cd\u03b8\u03b7\u03c3\u03b7 \u03c4\u03bf\u03c5 \u03c0\u03b5\u03c1\u03b9\u03b5\u03c7\u03bf\u03bc\u03ad\u03bd\u03bf\u03c5 \u03c4\u03c9\u03bd \u03c3\u03c5\u03bd\u03b4\u03b5\u03b4\u03b5\u03bc\u03ad\u03bd\u03c9\u03bd \u03c3\u03b5\u03bb\u03af\u03b4\u03c9\u03bd \u03b4\u03b5\u03bd \u03b5\u03af\u03bd\u03b1\u03b9 \u03bb\u03bf\u03b3\u03b9\u03ba\u03ae \u03c7\u03c9\u03c1\u03af\u03c2 \u03b1\u03c0\u03c4\u03ac \u03c3\u03c4\u03bf\u03b9\u03c7\u03b5\u03af\u03b1 \u03c0\u03b1\u03c1\u03b1\u03b2\u03af\u03b1\u03c3\u03b7\u03c2 \u03c4\u03bf\u03c5 \u03bd\u03cc\u03bc\u03bf\u03c5. \u0395\u03ac\u03bd \u03b1\u03bd\u03c4\u03b9\u03bb\u03b7\u03c6\u03b8\u03bf\u03cd\u03bc\u03b5 \u03c4\u03c5\u03c7\u03cc\u03bd \u03bd\u03bf\u03bc\u03b9\u03ba\u03ad\u03c2 \u03c0\u03b1\u03c1\u03b1\u03b2\u03ac\u03c3\u03b5\u03b9\u03c2, \u03b8\u03b1 \u03b1\u03c6\u03b1\u03b9\u03c1\u03ad\u03c3\u03bf\u03c5\u03bc\u03b5 \u03b1\u03bc\u03ad\u03c3\u03c9\u03c2 \u03b1\u03c5\u03c4\u03bf\u03cd\u03c2 \u03c4\u03bf\u03c5\u03c2 \u03c3\u03c5\u03bd\u03b4\u03ad\u03c3\u03bc\u03bf\u03c5\u03c2.<\/p>\n\n\n\n<p><strong>\u03c0\u03bd\u03b5\u03c5\u03bc\u03b1\u03c4\u03b9\u03ba\u03ae \u03b9\u03b4\u03b9\u03bf\u03ba\u03c4\u03b7\u03c3\u03af\u03b1<\/strong><\/p>\n\n\n\n<p>\u03a4\u03bf \u03c0\u03b5\u03c1\u03b9\u03b5\u03c7\u03cc\u03bc\u03b5\u03bd\u03bf \u03ba\u03b1\u03b9 \u03c4\u03b1 \u03ad\u03c1\u03b3\u03b1 \u03c3\u03b5 \u03b1\u03c5\u03c4\u03ad\u03c2 \u03c4\u03b9\u03c2 \u03c3\u03b5\u03bb\u03af\u03b4\u03b5\u03c2 \u03c0\u03bf\u03c5 \u03b4\u03b7\u03bc\u03b9\u03bf\u03c5\u03c1\u03b3\u03bf\u03cd\u03bd\u03c4\u03b1\u03b9 \u03b1\u03c0\u03cc \u03c4\u03bf\u03c5\u03c2 \u03b4\u03b9\u03b1\u03c7\u03b5\u03b9\u03c1\u03b9\u03c3\u03c4\u03ad\u03c2 \u03c4\u03bf\u03c5 \u03b9\u03c3\u03c4\u03cc\u03c4\u03bf\u03c0\u03bf\u03c5 \u03c5\u03c0\u03cc\u03ba\u03b5\u03b9\u03bd\u03c4\u03b1\u03b9 \u03c3\u03c4\u03b7 \u03b3\u03b5\u03c1\u03bc\u03b1\u03bd\u03b9\u03ba\u03ae \u03bd\u03bf\u03bc\u03bf\u03b8\u03b5\u03c3\u03af\u03b1 \u03c0\u03b5\u03c1\u03af \u03c0\u03bd\u03b5\u03c5\u03bc\u03b1\u03c4\u03b9\u03ba\u03ce\u03bd \u03b4\u03b9\u03ba\u03b1\u03b9\u03c9\u03bc\u03ac\u03c4\u03c9\u03bd. \u0397 \u03b1\u03bd\u03b1\u03c0\u03b1\u03c1\u03b1\u03b3\u03c9\u03b3\u03ae, \u03b7 \u03b5\u03c0\u03b5\u03be\u03b5\u03c1\u03b3\u03b1\u03c3\u03af\u03b1, \u03b7 \u03b4\u03b9\u03b1\u03bd\u03bf\u03bc\u03ae \u03ba\u03b1\u03b9 \u03ba\u03ac\u03b8\u03b5 \u03b5\u03af\u03b4\u03bf\u03c5\u03c2 \u03b5\u03ba\u03bc\u03b5\u03c4\u03ac\u03bb\u03bb\u03b5\u03c5\u03c3\u03b7 \u03b5\u03ba\u03c4\u03cc\u03c2 \u03c4\u03c9\u03bd \u03bf\u03c1\u03af\u03c9\u03bd \u03c4\u03bf\u03c5 \u03bd\u03cc\u03bc\u03bf\u03c5 \u03c0\u03b5\u03c1\u03af \u03c0\u03bd\u03b5\u03c5\u03bc\u03b1\u03c4\u03b9\u03ba\u03ce\u03bd \u03b4\u03b9\u03ba\u03b1\u03b9\u03c9\u03bc\u03ac\u03c4\u03c9\u03bd \u03b1\u03c0\u03b1\u03b9\u03c4\u03bf\u03cd\u03bd \u03c4\u03b7\u03bd \u03ad\u03b3\u03b3\u03c1\u03b1\u03c6\u03b7 \u03c3\u03c5\u03b3\u03ba\u03b1\u03c4\u03ac\u03b8\u03b5\u03c3\u03b7 \u03c4\u03bf\u03c5 \u03b1\u03bd\u03c4\u03af\u03c3\u03c4\u03bf\u03b9\u03c7\u03bf\u03c5 \u03b4\u03b7\u03bc\u03b9\u03bf\u03c5\u03c1\u03b3\u03bf\u03cd. \u039f\u03b9 \u03bb\u03ae\u03c8\u03b5\u03b9\u03c2 \u03ba\u03b1\u03b9 \u03c4\u03b1 \u03b1\u03bd\u03c4\u03af\u03b3\u03c1\u03b1\u03c6\u03b1 \u03b1\u03c5\u03c4\u03bf\u03cd \u03c4\u03bf\u03c5 \u03b9\u03c3\u03c4\u03cc\u03c4\u03bf\u03c0\u03bf\u03c5 \u03b5\u03c0\u03b9\u03c4\u03c1\u03ad\u03c0\u03bf\u03bd\u03c4\u03b1\u03b9 \u03bc\u03cc\u03bd\u03bf \u03b3\u03b9\u03b1 \u03b9\u03b4\u03b9\u03c9\u03c4\u03b9\u03ba\u03ae, \u03bc\u03b7 \u03b5\u03bc\u03c0\u03bf\u03c1\u03b9\u03ba\u03ae \u03c7\u03c1\u03ae\u03c3\u03b7.<\/p>\n\n\n\n<p>\u03a3\u03c4\u03bf \u03b2\u03b1\u03b8\u03bc\u03cc \u03c0\u03bf\u03c5 \u03c4\u03bf \u03c0\u03b5\u03c1\u03b9\u03b5\u03c7\u03cc\u03bc\u03b5\u03bd\u03bf \u03b1\u03c5\u03c4\u03bf\u03cd \u03c4\u03bf\u03c5 \u03b9\u03c3\u03c4\u03cc\u03c4\u03bf\u03c0\u03bf\u03c5 \u03b4\u03b5\u03bd \u03b4\u03b7\u03bc\u03b9\u03bf\u03c5\u03c1\u03b3\u03ae\u03b8\u03b7\u03ba\u03b5 \u03b1\u03c0\u03cc \u03c4\u03bf\u03bd \u03b4\u03b9\u03b1\u03c7\u03b5\u03b9\u03c1\u03b9\u03c3\u03c4\u03ae, \u03c4\u03b1 \u03c0\u03bd\u03b5\u03c5\u03bc\u03b1\u03c4\u03b9\u03ba\u03ac \u03b4\u03b9\u03ba\u03b1\u03b9\u03ce\u03bc\u03b1\u03c4\u03b1 \u03c4\u03c1\u03af\u03c4\u03c9\u03bd \u03bc\u03b5\u03c1\u03ce\u03bd \u03b3\u03af\u03bd\u03bf\u03bd\u03c4\u03b1\u03b9 \u03c3\u03b5\u03b2\u03b1\u03c3\u03c4\u03ac. \u03a3\u03c5\u03b3\u03ba\u03b5\u03ba\u03c1\u03b9\u03bc\u03ad\u03bd\u03b1, \u03c4\u03bf \u03c0\u03b5\u03c1\u03b9\u03b5\u03c7\u03cc\u03bc\u03b5\u03bd\u03bf \u03c4\u03c1\u03af\u03c4\u03c9\u03bd \u03bc\u03b5\u03c1\u03ce\u03bd \u03b5\u03c0\u03b9\u03c3\u03b7\u03bc\u03b1\u03af\u03bd\u03b5\u03c4\u03b1\u03b9 \u03c9\u03c2 \u03c4\u03ad\u03c4\u03bf\u03b9\u03bf. \u03a3\u03b5 \u03c0\u03b5\u03c1\u03af\u03c0\u03c4\u03c9\u03c3\u03b7 \u03c0\u03bf\u03c5 \u03c0\u03b1\u03c1\u03cc\u03bb\u03b1 \u03b1\u03c5\u03c4\u03ac \u03b1\u03bd\u03c4\u03b9\u03bb\u03b7\u03c6\u03b8\u03b5\u03af\u03c4\u03b5 \u03c0\u03b1\u03c1\u03b1\u03b2\u03af\u03b1\u03c3\u03b7 \u03c0\u03bd\u03b5\u03c5\u03bc\u03b1\u03c4\u03b9\u03ba\u03ce\u03bd \u03b4\u03b9\u03ba\u03b1\u03b9\u03c9\u03bc\u03ac\u03c4\u03c9\u03bd, \u03c3\u03b1\u03c2 \u03c0\u03b1\u03c1\u03b1\u03ba\u03b1\u03bb\u03bf\u03cd\u03bc\u03b5 \u03bd\u03b1 \u03bc\u03b1\u03c2 \u03b5\u03b9\u03b4\u03bf\u03c0\u03bf\u03b9\u03ae\u03c3\u03b5\u03c4\u03b5 \u03c3\u03c7\u03b5\u03c4\u03b9\u03ba\u03ac. \u0395\u03ac\u03bd \u03b1\u03bd\u03c4\u03b9\u03bb\u03b7\u03c6\u03b8\u03bf\u03cd\u03bc\u03b5 \u03c4\u03c5\u03c7\u03cc\u03bd \u03bd\u03bf\u03bc\u03b9\u03ba\u03ad\u03c2 \u03c0\u03b1\u03c1\u03b1\u03b2\u03ac\u03c3\u03b5\u03b9\u03c2, \u03b8\u03b1 \u03b1\u03c6\u03b1\u03b9\u03c1\u03ad\u03c3\u03bf\u03c5\u03bc\u03b5 \u03b1\u03bc\u03ad\u03c3\u03c9\u03c2 \u03c4\u03bf \u03b5\u03bd \u03bb\u03cc\u03b3\u03c9 \u03c0\u03b5\u03c1\u03b9\u03b5\u03c7\u03cc\u03bc\u03b5\u03bd\u03bf.<\/p>\n<div class=\"gsp_post_data\" \r\n\t            data-post_type=\"page\" \r\n\t            data-cat=\"\" \r\n\t            data-modified=\"120\"\r\n\t            data-created=\"1705493283\"\r\n\t            data-title=\"Impressum\" \r\n\t            data-home=\"https:\/\/info-to-go.binational-leipzig.de\/el\"><\/div>","protected":false},"excerpt":{"rendered":"<p>Angaben gem\u00e4\u00df \u00a7 5 TMG Verband binationaler Familien und Partnerschaften, iaf e.V.Ludolfusstra\u00dfe 2 \u2013 460487 Frankfurt am Main Vertreten durch Asiye Bal\u0131k\u00e7\u0131-Schmidt, Natalia Bugaj-Wolfram Besondere Vertreterin gem. \u00a7 30 BGB: N.N. Registergericht: Amtsgericht Frankfurt am Main&nbsp; Vereins-Registernummer: VR 6728 Finanzamt Frankfurt V \u00a0 Steuernummer 014 250 63357 Kontakt Telefon: +49 (0) 69 713 756 \u2013 [&hellip;]<\/p>\n","protected":false},"author":2,"featured_media":0,"parent":0,"menu_order":0,"comment_status":"closed","ping_status":"closed","template":"","meta":{"footnotes":""},"categories":[],"tags":[],"class_list":["post-399","page","type-page","status-publish","hentry"],"_links":{"self":[{"href":"https:\/\/info-to-go.binational-leipzig.de\/el\/wp-json\/wp\/v2\/pages\/399","targetHints":{"allow":["GET"]}}],"collection":[{"href":"https:\/\/info-to-go.binational-leipzig.de\/el\/wp-json\/wp\/v2\/pages"}],"about":[{"href":"https:\/\/info-to-go.binational-leipzig.de\/el\/wp-json\/wp\/v2\/types\/page"}],"author":[{"embeddable":true,"href":"https:\/\/info-to-go.binational-leipzig.de\/el\/wp-json\/wp\/v2\/users\/2"}],"replies":[{"embeddable":true,"href":"https:\/\/info-to-go.binational-leipzig.de\/el\/wp-json\/wp\/v2\/comments?post=399"}],"version-history":[{"count":3,"href":"https:\/\/info-to-go.binational-leipzig.de\/el\/wp-json\/wp\/v2\/pages\/399\/revisions"}],"predecessor-version":[{"id":481,"href":"https:\/\/info-to-go.binational-leipzig.de\/el\/wp-json\/wp\/v2\/pages\/399\/revisions\/481"}],"wp:attachment":[{"href":"https:\/\/info-to-go.binational-leipzig.de\/el\/wp-json\/wp\/v2\/media?parent=399"}],"wp:term":[{"taxonomy":"category","embeddable":true,"href":"https:\/\/info-to-go.binational-leipzig.de\/el\/wp-json\/wp\/v2\/categories?post=399"},{"taxonomy":"post_tag","embeddable":true,"href":"https:\/\/info-to-go.binational-leipzig.de\/el\/wp-json\/wp\/v2\/tags?post=399"}],"curies":[{"name":"wp","href":"https:\/\/api.w.org\/{rel}","templated":true}]}}