{"id":598,"date":"2025-06-25T11:47:50","date_gmt":"2025-06-25T09:47:50","guid":{"rendered":"https:\/\/info-to-go.binational-leipzig.de\/?page_id=598"},"modified":"2025-06-25T11:47:51","modified_gmt":"2025-06-25T09:47:51","slug":"barrierefreiheitserklaerung","status":"publish","type":"page","link":"https:\/\/info-to-go.binational-leipzig.de\/el\/barrierefreiheitserklaerung\/","title":{"rendered":"\u0394\u03ae\u03bb\u03c9\u03c3\u03b7 \u03c0\u03c1\u03bf\u03c3\u03b2\u03b1\u03c3\u03b9\u03bc\u03cc\u03c4\u03b7\u03c4\u03b1\u03c2"},"content":{"rendered":"<h3 class=\"wp-block-heading\">\u0394\u03ae\u03bb\u03c9\u03c3\u03b7 \u03a0\u03c1\u03bf\u03c3\u03b2\u03b1\u03c3\u03b9\u03bc\u03cc\u03c4\u03b7\u03c4\u03b1\u03c2<\/h3>\n\n\n\n<p><strong>\u0388\u03bd\u03c9\u03c3\u03b7 \u03b4\u03b9\u03b5\u03b8\u03bd\u03b9\u03ba\u03ce\u03bd \u03bf\u03b9\u03ba\u03bf\u03b3\u03b5\u03bd\u03b5\u03b9\u03ce\u03bd \u03ba\u03b1\u03b9 \u03c3\u03c5\u03bc\u03b2\u03b9\u03ce\u03c3\u03b5\u03c9\u03bd, iaf eV, \u03b3\u03c1\u03b1\u03c6\u03b5\u03af\u03bf \u03ba\u03b1\u03b9 \u03c3\u03c5\u03bc\u03b2\u03bf\u03c5\u03bb\u03b5\u03c5\u03c4\u03b9\u03ba\u03cc \u03b3\u03c1\u03b1\u03c6\u03b5\u03af\u03bf \u03c3\u03c4\u03b7 \u039b\u03b5\u03b9\u03c8\u03af\u03b1<\/strong>&nbsp;\u03c0\u03c1\u03bf\u03c3\u03c0\u03b1\u03b8\u03b5\u03af \u03bd\u03b1 \u03ba\u03b1\u03c4\u03b1\u03c3\u03c4\u03ae\u03c3\u03b5\u03b9 \u03c4\u03bf\u03bd \u03b9\u03c3\u03c4\u03cc\u03c4\u03bf\u03c0\u03cc \u03c4\u03b7\u03c2 \u03b5\u03cd\u03c7\u03c1\u03b7\u03c3\u03c4\u03bf \u03c3\u03cd\u03bc\u03c6\u03c9\u03bd\u03b1 \u03bc\u03b5 \u03c4\u03b9\u03c2 \u03bd\u03bf\u03bc\u03b9\u03ba\u03ad\u03c2 \u03b1\u03c0\u03b1\u03b9\u03c4\u03ae\u03c3\u03b5\u03b9\u03c2 \u03c3\u03c7\u03b5\u03c4\u03b9\u03ba\u03ac \u03bc\u03b5 \u03c4\u03b7\u03bd \u03c0\u03c1\u03bf\u03c3\u03b2\u03b1\u03c3\u03b9\u03bc\u03cc\u03c4\u03b7\u03c4\u03b1. \u0397 \u03c0\u03b1\u03c1\u03bf\u03cd\u03c3\u03b1 \u03b4\u03ae\u03bb\u03c9\u03c3\u03b7 \u03c0\u03c1\u03bf\u03c3\u03b2\u03b1\u03c3\u03b9\u03bc\u03cc\u03c4\u03b7\u03c4\u03b1\u03c2 \u03b9\u03c3\u03c7\u03cd\u03b5\u03b9 \u03b3\u03b9\u03b1 \u03c4\u03bf\u03bd \u03b9\u03c3\u03c4\u03cc\u03c4\u03bf\u03c0\u03bf.&nbsp;<a href=\"https:\/\/binational-leipzig.de\/\"><strong>binational-leipzig.de<\/strong><\/a><\/p>\n\n\n\n<hr class=\"wp-block-separator has-alpha-channel-opacity\"\/>\n\n\n\n<h3 class=\"wp-block-heading\"><strong>\u039a\u03b1\u03c4\u03ac\u03c3\u03c4\u03b1\u03c3\u03b7 \u03c3\u03c5\u03bc\u03bc\u03cc\u03c1\u03c6\u03c9\u03c3\u03b7\u03c2 \u03bc\u03b5 \u03c4\u03b9\u03c2 \u03b1\u03c0\u03b1\u03b9\u03c4\u03ae\u03c3\u03b5\u03b9\u03c2<\/strong><\/h3>\n\n\n\n<p>\u0391\u03c5\u03c4\u03cc\u03c2 \u03bf \u03b9\u03c3\u03c4\u03cc\u03c4\u03bf\u03c0\u03bf\u03c2 \u03b5\u03af\u03bd\u03b1\u03b9&nbsp;<strong>\u03bc\u03b5\u03c1\u03b9\u03ba\u03ce\u03c2<\/strong>&nbsp;\u03bc\u03b5 \u03c4\u03b9\u03c2 \u03b1\u03c0\u03b1\u03b9\u03c4\u03ae\u03c3\u03b5\u03b9\u03c2 \u03c4\u03bf\u03c5&nbsp;<strong>\u0394\u03b9\u03ac\u03c4\u03b1\u03b3\u03bc\u03b1 \u03b3\u03b9\u03b1 \u03c4\u03b7\u03bd \u03a4\u03b5\u03c7\u03bd\u03bf\u03bb\u03bf\u03b3\u03af\u03b1 \u03a0\u03bb\u03b7\u03c1\u03bf\u03c6\u03bf\u03c1\u03b9\u03ce\u03bd \u03a7\u03c9\u03c1\u03af\u03c2 \u0395\u03bc\u03c0\u03bf\u03b4\u03b9\u03c3\u03bc\u03bf\u03cd\u03c2 (BITV 2.0) \u03ba\u03b1\u03b9 \u039f\u03b4\u03b7\u03b3\u03af\u03b1 2016\/2102 \u03c4\u03b7\u03c2 \u0395\u0395<\/strong>&nbsp;\u0395\u03c1\u03b3\u03b1\u03b6\u03cc\u03bc\u03b1\u03c3\u03c4\u03b5 \u03c3\u03c5\u03bd\u03b5\u03c7\u03ce\u03c2 \u03b3\u03b9\u03b1 \u03c4\u03b7 \u03bc\u03b5\u03af\u03c9\u03c3\u03b7 \u03c4\u03c9\u03bd \u03c5\u03c6\u03b9\u03c3\u03c4\u03ac\u03bc\u03b5\u03bd\u03c9\u03bd \u03b5\u03bc\u03c0\u03bf\u03b4\u03af\u03c9\u03bd \u03ba\u03b1\u03b9 \u03c4\u03b7 \u03b2\u03b5\u03bb\u03c4\u03af\u03c9\u03c3\u03b7 \u03c4\u03b7\u03c2 \u03c6\u03b9\u03bb\u03b9\u03ba\u03cc\u03c4\u03b7\u03c4\u03b1\u03c2 \u03c0\u03c1\u03bf\u03c2 \u03c4\u03bf\u03bd \u03c7\u03c1\u03ae\u03c3\u03c4\u03b7 \u03b3\u03b9\u03b1 \u03cc\u03bb\u03bf\u03c5\u03c2.<\/p>\n\n\n\n<hr class=\"wp-block-separator has-alpha-channel-opacity\"\/>\n\n\n\n<h3 class=\"wp-block-heading\"><strong>\u039c\u03b7 \u03c0\u03c1\u03bf\u03c3\u03b2\u03ac\u03c3\u03b9\u03bc\u03bf \u03c0\u03b5\u03c1\u03b9\u03b5\u03c7\u03cc\u03bc\u03b5\u03bd\u03bf<\/strong><\/h3>\n\n\n\n<p>\u03a0\u03b1\u03c1\u03ac \u03c4\u03b9\u03c2 \u03c0\u03c1\u03bf\u03c3\u03c0\u03ac\u03b8\u03b5\u03b9\u03ad\u03c2 \u03bc\u03b1\u03c2, \u03c5\u03c0\u03ac\u03c1\u03c7\u03bf\u03c5\u03bd \u03bf\u03c1\u03b9\u03c3\u03bc\u03ad\u03bd\u03b5\u03c2 \u03c0\u03b5\u03c1\u03b9\u03bf\u03c7\u03ad\u03c2 \u03c0\u03bf\u03c5 \u03b4\u03b5\u03bd \u03b5\u03af\u03bd\u03b1\u03b9 \u03c0\u03bb\u03ae\u03c1\u03c9\u03c2 \u03c0\u03c1\u03bf\u03c3\u03b2\u03ac\u03c3\u03b9\u03bc\u03b5\u03c2:<\/p>\n\n\n\n<ul class=\"wp-block-list\">\n<li><strong>\u0388\u03b3\u03b3\u03c1\u03b1\u03c6\u03b1 PDF<\/strong>\u039f\u03c1\u03b9\u03c3\u03bc\u03ad\u03bd\u03b1 \u03c0\u03b1\u03bb\u03b1\u03b9\u03cc\u03c4\u03b5\u03c1\u03b1 \u03b1\u03c1\u03c7\u03b5\u03af\u03b1 PDF \u03b4\u03b5\u03bd \u03ad\u03c7\u03bf\u03c5\u03bd \u03bc\u03bf\u03c1\u03c6\u03bf\u03c0\u03bf\u03b9\u03b7\u03b8\u03b5\u03af \u03bc\u03b5 \u03c0\u03c1\u03bf\u03c3\u03b2\u03ac\u03c3\u03b9\u03bc\u03bf \u03c4\u03c1\u03cc\u03c0\u03bf.<\/li>\n\n\n\n<li><strong>\u0395\u03bd\u03b1\u03bb\u03bb\u03b1\u03ba\u03c4\u03b9\u03ba\u03ac \u03ba\u03b5\u03af\u03bc\u03b5\u03bd\u03b1<\/strong>\u039f\u03c1\u03b9\u03c3\u03bc\u03ad\u03bd\u03b5\u03c2 \u03b5\u03b9\u03ba\u03cc\u03bd\u03b5\u03c2 \u03ae \u03b3\u03c1\u03b1\u03c6\u03b9\u03ba\u03ac \u03c3\u03c4\u03bf\u03b9\u03c7\u03b5\u03af\u03b1 \u03b5\u03bd\u03b4\u03ad\u03c7\u03b5\u03c4\u03b1\u03b9 \u03bd\u03b1 \u03bc\u03b7\u03bd \u03c0\u03b5\u03c1\u03b9\u03ad\u03c7\u03bf\u03c5\u03bd \u03b5\u03c0\u03b1\u03c1\u03ba\u03ad\u03c2 \u03b5\u03bd\u03b1\u03bb\u03bb\u03b1\u03ba\u03c4\u03b9\u03ba\u03cc \u03ba\u03b5\u03af\u03bc\u03b5\u03bd\u03bf.<\/li>\n\n\n\n<li><strong>\u03a0\u03bb\u03bf\u03ae\u03b3\u03b7\u03c3\u03b7 \u03ba\u03b1\u03b9 \u03c7\u03c1\u03b7\u03c3\u03c4\u03b9\u03ba\u03cc\u03c4\u03b7\u03c4\u03b1<\/strong>: \u0395\u03bd\u03b4\u03ad\u03c7\u03b5\u03c4\u03b1\u03b9 \u03bd\u03b1 \u03bc\u03b7\u03bd \u03b5\u03bb\u03ad\u03b3\u03c7\u03bf\u03bd\u03c4\u03b1\u03b9 \u03c0\u03bb\u03ae\u03c1\u03c9\u03c2 \u03bc\u03b5 \u03c4\u03bf \u03c0\u03bb\u03b7\u03ba\u03c4\u03c1\u03bf\u03bb\u03cc\u03b3\u03b9\u03bf \u03bc\u03b5\u03bc\u03bf\u03bd\u03c9\u03bc\u03ad\u03bd\u03b1 \u03b4\u03b9\u03b1\u03b4\u03c1\u03b1\u03c3\u03c4\u03b9\u03ba\u03ac \u03c3\u03c4\u03bf\u03b9\u03c7\u03b5\u03af\u03b1.<\/li>\n\n\n\n<li><strong>\u0392\u03af\u03bd\u03c4\u03b5\u03bf<\/strong>\u039f\u03c1\u03b9\u03c3\u03bc\u03ad\u03bd\u03b1 \u03b5\u03bd\u03c3\u03c9\u03bc\u03b1\u03c4\u03c9\u03bc\u03ad\u03bd\u03b1 \u03b2\u03af\u03bd\u03c4\u03b5\u03bf \u03b4\u03b5\u03bd \u03b4\u03b9\u03b1\u03b8\u03ad\u03c4\u03bf\u03c5\u03bd \u03c5\u03c0\u03cc\u03c4\u03b9\u03c4\u03bb\u03bf\u03c5\u03c2 \u03ae \u03b7\u03c7\u03b7\u03c4\u03b9\u03ba\u03ad\u03c2 \u03c0\u03b5\u03c1\u03b9\u03b3\u03c1\u03b1\u03c6\u03ad\u03c2.<\/li>\n<\/ul>\n\n\n\n<p>\u0395\u03c1\u03b3\u03b1\u03b6\u03cc\u03bc\u03b1\u03c3\u03c4\u03b5 \u03b3\u03b9\u03b1 \u03bd\u03b1 \u03b4\u03b9\u03bf\u03c1\u03b8\u03ce\u03c3\u03bf\u03c5\u03bc\u03b5 \u03c3\u03c4\u03b1\u03b4\u03b9\u03b1\u03ba\u03ac \u03b1\u03c5\u03c4\u03ad\u03c2 \u03c4\u03b9\u03c2 \u03b5\u03bb\u03bb\u03b5\u03af\u03c8\u03b5\u03b9\u03c2.<\/p>\n\n\n\n<hr class=\"wp-block-separator has-alpha-channel-opacity\"\/>\n\n\n\n<h3 class=\"wp-block-heading\"><strong>\u03a0\u03c1\u03bf\u03b5\u03c4\u03bf\u03b9\u03bc\u03b1\u03c3\u03af\u03b1 \u03b1\u03c5\u03c4\u03ae\u03c2 \u03c4\u03b7\u03c2 \u03b4\u03ae\u03bb\u03c9\u03c3\u03b7\u03c2<\/strong><\/h3>\n\n\n\n<p>\u0391\u03c5\u03c4\u03ae \u03b7 \u03b4\u03ae\u03bb\u03c9\u03c3\u03b7 \u03ad\u03b3\u03b9\u03bd\u03b5 \u03c3\u03c4\u03b9\u03c2&nbsp;<strong>10.01.2025<\/strong>&nbsp;\u03b4\u03b7\u03bc\u03b9\u03bf\u03c5\u03c1\u03b3\u03ae\u03b8\u03b7\u03ba\u03b5 \u03ba\u03b1\u03b9 \u03b5\u03bd\u03b7\u03bc\u03b5\u03c1\u03ce\u03b8\u03b7\u03ba\u03b5 \u03c4\u03b5\u03bb\u03b5\u03c5\u03c4\u03b1\u03af\u03b1 \u03c6\u03bf\u03c1\u03ac \u03c3\u03c4\u03b9\u03c2&nbsp;<strong>19.02.2025<\/strong>&nbsp;\u03c4\u03b5\u03c4\u03c1\u03b1\u03b3\u03c9\u03bd\u03b9\u03c3\u03bc\u03ad\u03bd\u03bf\u03c2.<br><br>\u0397 \u03b9\u03c3\u03c4\u03bf\u03c3\u03b5\u03bb\u03af\u03b4\u03b1 \u03b1\u03be\u03b9\u03bf\u03bb\u03bf\u03b3\u03ae\u03b8\u03b7\u03ba\u03b5 \u03b1\u03c0\u03cc&nbsp;<strong>\u03b5\u03c3\u03c9\u03c4\u03b5\u03c1\u03b9\u03ba\u03ae \u03b1\u03c5\u03c4\u03bf\u03b1\u03be\u03b9\u03bf\u03bb\u03cc\u03b3\u03b7\u03c3\u03b7<\/strong>&nbsp;\u03ba\u03b1\u03b8\u03ce\u03c2 \u03ba\u03b1\u03b9 \u03bc\u03b5 \u03c4\u03b7 \u03c7\u03c1\u03ae\u03c3\u03b7 \u03b1\u03c5\u03c4\u03bf\u03bc\u03b1\u03c4\u03bf\u03c0\u03bf\u03b9\u03b7\u03bc\u03ad\u03bd\u03c9\u03bd \u03b4\u03bf\u03ba\u03b9\u03bc\u03ce\u03bd.<\/p>\n\n\n\n<hr class=\"wp-block-separator has-alpha-channel-opacity\"\/>\n\n\n\n<h3 class=\"wp-block-heading\"><strong>\u03a3\u03c7\u03cc\u03bb\u03b9\u03b1 \u03ba\u03b1\u03b9 \u03c3\u03c4\u03bf\u03b9\u03c7\u03b5\u03af\u03b1 \u03b5\u03c0\u03b9\u03ba\u03bf\u03b9\u03bd\u03c9\u03bd\u03af\u03b1\u03c2<\/strong><\/h3>\n\n\n\n<p>\u0395\u03ac\u03bd \u03b1\u03bd\u03c4\u03b9\u03bc\u03b5\u03c4\u03c9\u03c0\u03af\u03c3\u03b5\u03c4\u03b5 \u03bf\u03c0\u03bf\u03b9\u03b1\u03b4\u03ae\u03c0\u03bf\u03c4\u03b5 \u03b5\u03bc\u03c0\u03cc\u03b4\u03b9\u03b1 \u03c3\u03c4\u03bf\u03bd \u03b9\u03c3\u03c4\u03cc\u03c4\u03bf\u03c0\u03cc \u03bc\u03b1\u03c2 \u03ae \u03ad\u03c7\u03b5\u03c4\u03b5 \u03c0\u03c1\u03bf\u03c4\u03ac\u03c3\u03b5\u03b9\u03c2 \u03b3\u03b9\u03b1 \u03b2\u03b5\u03bb\u03c4\u03af\u03c9\u03c3\u03b7, \u03bc\u03b7 \u03b4\u03b9\u03c3\u03c4\u03ac\u03c3\u03b5\u03c4\u03b5 \u03bd\u03b1 \u03b5\u03c0\u03b9\u03ba\u03bf\u03b9\u03bd\u03c9\u03bd\u03ae\u03c3\u03b5\u03c4\u03b5 \u03bc\u03b1\u03b6\u03af \u03bc\u03b1\u03c2:<\/p>\n\n\n\n<p>\u0388\u03bd\u03c9\u03c3\u03b7 \u0394\u03b9\u03b5\u03b8\u03bd\u03b9\u03ba\u03ce\u03bd \u039f\u03b9\u03ba\u03bf\u03b3\u03b5\u03bd\u03b5\u03b9\u03ce\u03bd \u03ba\u03b1\u03b9 \u03a3\u03c5\u03bd\u03b5\u03c1\u03b3\u03b1\u03c3\u03b9\u03ce\u03bd, iaf eV<br>\u0393\u03c1\u03b1\u03c6\u03b5\u03af\u03bf \u0395\u03c0\u03b9\u03c7\u03b5\u03b9\u03c1\u03ae\u03c3\u03b5\u03c9\u03bd \u03ba\u03b1\u03b9 \u03a3\u03c5\u03bc\u03b2\u03bf\u03c5\u03bb\u03b5\u03c5\u03c4\u03b9\u03ba\u03ae\u03c2 \u039b\u03b5\u03b9\u03c8\u03af\u03b1\u03c2<br><br><a href=\"https:\/\/www.google.com\/maps\/place\/Verband+binationaler+Familien+u.+Partnerschaften+e.V.\/@51.3232198,12.3793402,18.79z\/data=!4m5!3m4!1s0x0:0x280bc9ed9b02c389!8m2!3d51.3232449!4d12.3798815\" target=\"_blank\" rel=\"noreferrer noopener\">\u0386\u03c1\u03bd\u03c4\u03c3\u03c4\u03c1\u03b1\u03c3\u03c3\u03b5 63<br>04275 \u039b\u03b5\u03b9\u03c8\u03af\u03b1<\/a><br><br>\u03a4\u03b7\u03bb\u03ad\u03c6\u03c9\u03bd\u03bf: 0341-6 88 00 22<br>E-mail:&nbsp;<a href=\"http:\/\/leipzig@verband-binationaler-de\/\" rel=\"noreferrer noopener\" target=\"_blank\">leipzig@verband-binationaler-de<\/a><\/p>\n\n\n\n<hr class=\"wp-block-separator has-alpha-channel-opacity\"\/>\n\n\n\n<h3 class=\"wp-block-heading\"><strong>\u0394\u03b9\u03b1\u03b4\u03b9\u03ba\u03b1\u03c3\u03af\u03b5\u03c2 \u03b5\u03ba\u03c4\u03ad\u03bb\u03b5\u03c3\u03b7\u03c2<\/strong><\/h3>\n\n\n\n<p>\u0395\u03ac\u03bd \u03c4\u03bf \u03b5\u03c1\u03ce\u03c4\u03b7\u03bc\u03ac \u03c3\u03b1\u03c2 \u03c3\u03c7\u03b5\u03c4\u03b9\u03ba\u03ac \u03bc\u03b5 \u03c4\u03b7\u03bd \u03c0\u03c1\u03bf\u03c3\u03b2\u03b1\u03c3\u03b9\u03bc\u03cc\u03c4\u03b7\u03c4\u03b1 \u03c4\u03bf\u03c5 \u03b9\u03c3\u03c4\u03cc\u03c4\u03bf\u03c0\u03bf\u03cd \u03bc\u03b1\u03c2 \u03b4\u03b5\u03bd \u03b1\u03c0\u03b1\u03bd\u03c4\u03b7\u03b8\u03b5\u03af \u03b9\u03ba\u03b1\u03bd\u03bf\u03c0\u03bf\u03b9\u03b7\u03c4\u03b9\u03ba\u03ac, \u03bc\u03c0\u03bf\u03c1\u03b5\u03af\u03c4\u03b5 \u03bd\u03b1 \u03b5\u03c0\u03b9\u03ba\u03bf\u03b9\u03bd\u03c9\u03bd\u03ae\u03c3\u03b5\u03c4\u03b5 \u03bc\u03b5 \u03c4\u03b7\u03bd&nbsp;<strong>\u03a6\u03bf\u03c1\u03ad\u03b1\u03c2 \u0395\u03c0\u03b9\u03b2\u03bf\u03bb\u03ae\u03c2&nbsp;<\/strong>\u03b3\u03cd\u03c1\u03bd\u03b1:<\/p>\n\n\n\n<p><strong>\u03a6\u03bf\u03c1\u03ad\u03b1\u03c2 \u03a0\u03b1\u03c1\u03b1\u03ba\u03bf\u03bb\u03bf\u03cd\u03b8\u03b7\u03c3\u03b7\u03c2 \u03a8\u03b7\u03c6\u03b9\u03b1\u03ba\u03ae\u03c2 \u03a0\u03c1\u03bf\u03c3\u03b2\u03b1\u03c3\u03b9\u03bc\u03cc\u03c4\u03b7\u03c4\u03b1\u03c2 \u03c4\u03b7\u03c2 \u03a3\u03b1\u03be\u03bf\u03bd\u03af\u03b1\u03c2<\/strong><br>\u03a5\u03c0\u03bf\u03c5\u03c1\u03b3\u03b5\u03af\u03bf \u039a\u03bf\u03b9\u03bd\u03c9\u03bd\u03b9\u03ba\u03ce\u03bd \u03a5\u03c0\u03bf\u03b8\u03ad\u03c3\u03b5\u03c9\u03bd \u03ba\u03b1\u03b9 \u039a\u03bf\u03b9\u03bd\u03c9\u03bd\u03b9\u03ba\u03ae\u03c2 \u03a3\u03c5\u03bd\u03bf\u03c7\u03ae\u03c2 \u03c4\u03bf\u03c5 \u03a3\u03b1\u03be\u03bf\u03bd\u03b9\u03ba\u03bf\u03cd \u039a\u03c1\u03b1\u03c4\u03b9\u03b4\u03af\u03bf\u03c5<br>E-mail:&nbsp;<a href=\"mailto:durchsetzungsstelle@sk.sachsen.de\">durchsetzungsstelle@sk.sachsen.de<\/a><br>\u0399\u03c3\u03c4\u03cc\u03c2:&nbsp;<a href=\"https:\/\/www.durchsetzungsstelle.sachsen.de\/\" rel=\"noreferrer noopener\" target=\"_blank\">www.durchsetzungsstelle.sachsen.de<\/a><\/p>\n\n\n\n<hr class=\"wp-block-separator has-alpha-channel-opacity\"\/>\n\n\n\n<p>\u03a0\u03c1\u03bf\u03c3\u03c0\u03b1\u03b8\u03bf\u03cd\u03bc\u03b5 \u03c3\u03c5\u03bd\u03b5\u03c7\u03ce\u03c2 \u03bd\u03b1 \u03ba\u03ac\u03bd\u03bf\u03c5\u03bc\u03b5 \u03c4\u03b7\u03bd \u03c8\u03b7\u03c6\u03b9\u03b1\u03ba\u03ae \u03bc\u03b1\u03c2 \u03c0\u03b1\u03c1\u03bf\u03c5\u03c3\u03af\u03b1 \u03c0\u03b9\u03bf \u03c0\u03c1\u03bf\u03c3\u03b9\u03c4\u03ae \u03c3\u03b5 \u03cc\u03bb\u03bf\u03c5\u03c2 \u03ba\u03b1\u03b9 \u03c3\u03b1\u03c2 \u03b5\u03c5\u03c7\u03b1\u03c1\u03b9\u03c3\u03c4\u03bf\u03cd\u03bc\u03b5 \u03b3\u03b9\u03b1 \u03c4\u03b1 \u03c3\u03c7\u03cc\u03bb\u03b9\u03ac \u03c3\u03b1\u03c2!<\/p>\n<div class=\"gsp_post_data\" \r\n\t            data-post_type=\"page\" \r\n\t            data-cat=\"\" \r\n\t            data-modified=\"120\"\r\n\t            data-created=\"1750852070\"\r\n\t            data-title=\"Barrierefreiheitserkl\u00e4rung\" \r\n\t            data-home=\"https:\/\/info-to-go.binational-leipzig.de\/el\"><\/div>","protected":false},"excerpt":{"rendered":"<p>Erkl\u00e4rung zur Barrierefreiheit Verband binationaler Familien und Partnerschaften, iaf e.V. Gesch\u00e4fts- und Beratungsstelle Leipzig&nbsp;ist bestrebt, ihre Website in \u00dcbereinstimmung mit den gesetzlichen Vorgaben zur Barrierefreiheit nutzbar zu machen. Diese Erkl\u00e4rung zur Barrierefreiheit gilt f\u00fcr die Website&nbsp;binational-leipzig.de Stand der Vereinbarkeit mit den Anforderungen Diese Website ist&nbsp;teilweise&nbsp;mit den Anforderungen der&nbsp;Barrierefreie-Informationstechnik-Verordnung (BITV 2.0) sowie der EU-Richtlinie 2016\/2102&nbsp;vereinbar. Wir [&hellip;]<\/p>\n","protected":false},"author":2,"featured_media":0,"parent":0,"menu_order":0,"comment_status":"closed","ping_status":"closed","template":"","meta":{"footnotes":""},"categories":[],"tags":[],"class_list":["post-598","page","type-page","status-publish","hentry"],"_links":{"self":[{"href":"https:\/\/info-to-go.binational-leipzig.de\/el\/wp-json\/wp\/v2\/pages\/598","targetHints":{"allow":["GET"]}}],"collection":[{"href":"https:\/\/info-to-go.binational-leipzig.de\/el\/wp-json\/wp\/v2\/pages"}],"about":[{"href":"https:\/\/info-to-go.binational-leipzig.de\/el\/wp-json\/wp\/v2\/types\/page"}],"author":[{"embeddable":true,"href":"https:\/\/info-to-go.binational-leipzig.de\/el\/wp-json\/wp\/v2\/users\/2"}],"replies":[{"embeddable":true,"href":"https:\/\/info-to-go.binational-leipzig.de\/el\/wp-json\/wp\/v2\/comments?post=598"}],"version-history":[{"count":1,"href":"https:\/\/info-to-go.binational-leipzig.de\/el\/wp-json\/wp\/v2\/pages\/598\/revisions"}],"predecessor-version":[{"id":599,"href":"https:\/\/info-to-go.binational-leipzig.de\/el\/wp-json\/wp\/v2\/pages\/598\/revisions\/599"}],"wp:attachment":[{"href":"https:\/\/info-to-go.binational-leipzig.de\/el\/wp-json\/wp\/v2\/media?parent=598"}],"wp:term":[{"taxonomy":"category","embeddable":true,"href":"https:\/\/info-to-go.binational-leipzig.de\/el\/wp-json\/wp\/v2\/categories?post=598"},{"taxonomy":"post_tag","embeddable":true,"href":"https:\/\/info-to-go.binational-leipzig.de\/el\/wp-json\/wp\/v2\/tags?post=598"}],"curies":[{"name":"wp","href":"https:\/\/api.w.org\/{rel}","templated":true}]}}