{"id":399,"date":"2024-01-17T12:08:03","date_gmt":"2024-01-17T11:08:03","guid":{"rendered":"https:\/\/info-to-go.binational-leipzig.de\/?page_id=399"},"modified":"2024-07-31T12:56:05","modified_gmt":"2024-07-31T10:56:05","slug":"impressum","status":"publish","type":"page","link":"https:\/\/info-to-go.binational-leipzig.de\/en\/impressum\/","title":{"rendered":"imprint"},"content":{"rendered":"<p><strong>Information according to \u00a7 5 TMG<\/strong><\/p>\n\n\n\n<p>Association of Binational Families and Partnerships, iaf eV<br>Ludolfusstra\u00dfe 2 \u2013 4<br>60487 Frankfurt am Main<\/p>\n\n\n\n<p><strong>Represented by<\/strong><\/p>\n\n\n\n<p>Asiye Bal\u0131k\u00e7\u0131-Schmidt, Natalia Bugaj-Wolfram<\/p>\n\n\n\n<p>Special representative according to \u00a7 30 BGB: NN<\/p>\n\n\n\n<p>Register court:<\/p>\n\n\n\n<p>District Court of Frankfurt am Main Association registration number: VR 6728<\/p>\n\n\n\n<p>Tax Office Frankfurt V Tax number 014 250 63357<\/p>\n\n\n\n<p><strong>contact<\/strong><\/p>\n\n\n\n<p>Telephone: +49 (0) 69 713 756 \u2013 0<br>Fax: +49 (0) 69 707 50 92<br>Email: info@verband-binationaler.de<\/p>\n\n\n\n<p><strong>Register entry<\/strong><\/p>\n\n\n\n<p>Registration in the register of associations.<br>Register court: District Court of Frankfurt am Main<br>Registration number: VR 6728<\/p>\n\n\n\n<p><strong>VAT<\/strong><\/p>\n\n\n\n<p>VAT identification number according to Section 27a of the VAT Act:<br>DE114234727<\/p>\n\n\n\n<p><strong>Dispute resolution<\/strong><\/p>\n\n\n\n<p>We are not willing or obliged to participate in dispute resolution proceedings before a consumer arbitration board.<\/p>\n\n\n\n<p><strong>Sources<\/strong><\/p>\n\n\n\n<p>Technical implementation: Stephan Wein and Ahmet Erdem \u015eent\u00fcrk<br>Web design: Chris Schneider<\/p>\n\n\n\n<p><strong>Photos<\/strong><\/p>\n\n\n\n<p>\u201cWho we are\u201d: Mehmet Arbag<\/p>\n\n\n\n<p><strong>Legal Notice<\/strong><\/p>\n\n\n\n<p>Liability for content<\/p>\n\n\n\n<p>As a service provider, we are responsible for our own content on these pages in accordance with Section 7 (1) of the German Telemedia Act (TMG). However, according to Sections 8 to 10 of the German Telemedia Act (TMG), we as a service provider are not obligated to monitor transmitted or stored third-party information or to investigate circumstances that indicate illegal activity.<\/p>\n\n\n\n<p>Obligations to remove or block the use of information under general law remain unaffected. However, liability in this regard is only possible at the time of knowledge about a specific violation of law. Upon becoming aware of such violations, we will remove such content immediately.<\/p>\n\n\n\n<p><strong>Liability for links<\/strong><\/p>\n\n\n\n<p>Our website contains links to external third-party websites over whose content we have no influence. Therefore, we cannot accept any liability for this external content. The respective provider or operator of the linked pages is always responsible for the content of the linked pages. The linked pages were reviewed for possible legal violations at the time of linking. No illegal content was apparent at the time of linking.<\/p>\n\n\n\n<p>However, permanent monitoring of the content of linked pages is unreasonable without concrete evidence of a legal violation. Upon notification of any legal violations, we will remove such links immediately.<\/p>\n\n\n\n<p><strong>copyright<\/strong><\/p>\n\n\n\n<p>The content and works on these pages created by the site operators are subject to German copyright law. Reproduction, processing, distribution, and any form of exploitation outside the limits of copyright law require the written consent of the respective author or creator. Downloads and copies of this site are permitted only for private, non-commercial use.<\/p>\n\n\n\n<p>To the extent that the content on this site was not created by the operator, the copyrights of third parties are respected. In particular, third-party content is marked as such. Should you nevertheless become aware of a copyright infringement, please notify us accordingly. Upon notification of any such violations, we will remove such content immediately.<\/p>\n<div class=\"gsp_post_data\" \r\n\t            data-post_type=\"page\" \r\n\t            data-cat=\"\" \r\n\t            data-modified=\"120\"\r\n\t            data-created=\"1705493283\"\r\n\t            data-title=\"Impressum\" \r\n\t            data-home=\"https:\/\/info-to-go.binational-leipzig.de\/en\"><\/div>","protected":false},"excerpt":{"rendered":"<p>Angaben gem\u00e4\u00df \u00a7 5 TMG Verband binationaler Familien und Partnerschaften, iaf e.V.Ludolfusstra\u00dfe 2 \u2013 460487 Frankfurt am Main Vertreten durch Asiye Bal\u0131k\u00e7\u0131-Schmidt, Natalia Bugaj-Wolfram Besondere Vertreterin gem. \u00a7 30 BGB: N.N. Registergericht: Amtsgericht Frankfurt am Main&nbsp; Vereins-Registernummer: VR 6728 Finanzamt Frankfurt V \u00a0 Steuernummer 014 250 63357 Kontakt Telefon: +49 (0) 69 713 756 \u2013 [&hellip;]<\/p>\n","protected":false},"author":2,"featured_media":0,"parent":0,"menu_order":0,"comment_status":"closed","ping_status":"closed","template":"","meta":{"footnotes":""},"categories":[],"tags":[],"class_list":["post-399","page","type-page","status-publish","hentry"],"_links":{"self":[{"href":"https:\/\/info-to-go.binational-leipzig.de\/en\/wp-json\/wp\/v2\/pages\/399","targetHints":{"allow":["GET"]}}],"collection":[{"href":"https:\/\/info-to-go.binational-leipzig.de\/en\/wp-json\/wp\/v2\/pages"}],"about":[{"href":"https:\/\/info-to-go.binational-leipzig.de\/en\/wp-json\/wp\/v2\/types\/page"}],"author":[{"embeddable":true,"href":"https:\/\/info-to-go.binational-leipzig.de\/en\/wp-json\/wp\/v2\/users\/2"}],"replies":[{"embeddable":true,"href":"https:\/\/info-to-go.binational-leipzig.de\/en\/wp-json\/wp\/v2\/comments?post=399"}],"version-history":[{"count":3,"href":"https:\/\/info-to-go.binational-leipzig.de\/en\/wp-json\/wp\/v2\/pages\/399\/revisions"}],"predecessor-version":[{"id":481,"href":"https:\/\/info-to-go.binational-leipzig.de\/en\/wp-json\/wp\/v2\/pages\/399\/revisions\/481"}],"wp:attachment":[{"href":"https:\/\/info-to-go.binational-leipzig.de\/en\/wp-json\/wp\/v2\/media?parent=399"}],"wp:term":[{"taxonomy":"category","embeddable":true,"href":"https:\/\/info-to-go.binational-leipzig.de\/en\/wp-json\/wp\/v2\/categories?post=399"},{"taxonomy":"post_tag","embeddable":true,"href":"https:\/\/info-to-go.binational-leipzig.de\/en\/wp-json\/wp\/v2\/tags?post=399"}],"curies":[{"name":"wp","href":"https:\/\/api.w.org\/{rel}","templated":true}]}}