{"id":598,"date":"2025-06-25T11:47:50","date_gmt":"2025-06-25T09:47:50","guid":{"rendered":"https:\/\/info-to-go.binational-leipzig.de\/?page_id=598"},"modified":"2025-06-25T11:47:51","modified_gmt":"2025-06-25T09:47:51","slug":"barrierefreiheitserklaerung","status":"publish","type":"page","link":"https:\/\/info-to-go.binational-leipzig.de\/en\/barrierefreiheitserklaerung\/","title":{"rendered":"Accessibility statement"},"content":{"rendered":"<h3 class=\"wp-block-heading\">Accessibility Statement<\/h3>\n\n\n\n<p><strong>Association of binational families and partnerships, iaf eV, Leipzig office and advisory office<\/strong>&nbsp;strives to make its website usable in accordance with legal requirements regarding accessibility. This accessibility statement applies to the website&nbsp;<a href=\"https:\/\/binational-leipzig.de\/\"><strong>binational-leipzig.de<\/strong><\/a><\/p>\n\n\n\n<hr class=\"wp-block-separator has-alpha-channel-opacity\"\/>\n\n\n\n<h3 class=\"wp-block-heading\"><strong>Status of compliance with the requirements<\/strong><\/h3>\n\n\n\n<p>This website is&nbsp;<strong>partially<\/strong>&nbsp;with the requirements of&nbsp;<strong>Barrier-Free Information Technology Ordinance (BITV 2.0) and EU Directive 2016\/2102<\/strong>&nbsp;We are continuously working to reduce existing barriers and improve user-friendliness for everyone.<\/p>\n\n\n\n<hr class=\"wp-block-separator has-alpha-channel-opacity\"\/>\n\n\n\n<h3 class=\"wp-block-heading\"><strong>Non-accessible content<\/strong><\/h3>\n\n\n\n<p>Despite our efforts, there are some areas that are not fully accessible:<\/p>\n\n\n\n<ul class=\"wp-block-list\">\n<li><strong>PDF documents<\/strong>: Some older PDF files are not formatted in an accessible manner.<\/li>\n\n\n\n<li><strong>Alternative texts<\/strong>: Some images or graphic elements may not contain sufficient alternative text.<\/li>\n\n\n\n<li><strong>Navigation and usability<\/strong>: Individual interactive elements may not be fully keyboard-controlled.<\/li>\n\n\n\n<li><strong>Videos<\/strong>: Some embedded videos lack subtitles or audio descriptions.<\/li>\n<\/ul>\n\n\n\n<p>We are working to gradually correct these deficiencies.<\/p>\n\n\n\n<hr class=\"wp-block-separator has-alpha-channel-opacity\"\/>\n\n\n\n<h3 class=\"wp-block-heading\"><strong>Preparation of this declaration<\/strong><\/h3>\n\n\n\n<p>This statement was made on&nbsp;<strong>10.01.2025<\/strong>&nbsp;created and last updated on&nbsp;<strong>19.02.2025<\/strong>&nbsp;checked.<br><br>The website was evaluated by a&nbsp;<strong>internal self-assessment<\/strong>&nbsp;as well as using automated tests.<\/p>\n\n\n\n<hr class=\"wp-block-separator has-alpha-channel-opacity\"\/>\n\n\n\n<h3 class=\"wp-block-heading\"><strong>Feedback and contact information<\/strong><\/h3>\n\n\n\n<p>If you encounter any barriers on our website or have suggestions for improvement, please feel free to contact us:<\/p>\n\n\n\n<p>Association of Binational Families and Partnerships, iaf eV<br>Business and Advisory Office Leipzig<br><br><a href=\"https:\/\/www.google.com\/maps\/place\/Verband+binationaler+Familien+u.+Partnerschaften+e.V.\/@51.3232198,12.3793402,18.79z\/data=!4m5!3m4!1s0x0:0x280bc9ed9b02c389!8m2!3d51.3232449!4d12.3798815\" target=\"_blank\" rel=\"noreferrer noopener\">Arndtstrasse 63<br>04275 Leipzig<\/a><br><br>Phone: 0341-6 88 00 22<br>E-mail:&nbsp;<a href=\"http:\/\/leipzig@verband-binationaler-de\/\" rel=\"noreferrer noopener\" target=\"_blank\">leipzig@verband-binationaler-de<\/a><\/p>\n\n\n\n<hr class=\"wp-block-separator has-alpha-channel-opacity\"\/>\n\n\n\n<h3 class=\"wp-block-heading\"><strong>Enforcement proceedings<\/strong><\/h3>\n\n\n\n<p>If your query regarding the accessibility of our website is not answered satisfactorily, you can contact the&nbsp;<strong>Enforcement Body&nbsp;<\/strong>turn around:<\/p>\n\n\n\n<p><strong>Saxony Monitoring Body for Digital Accessibility<\/strong><br>Saxon State Ministry for Social Affairs and Social Cohesion<br>E-mail:&nbsp;<a href=\"mailto:durchsetzungsstelle@sk.sachsen.de\">durchsetzungsstelle@sk.sachsen.de<\/a><br>Web:&nbsp;<a href=\"https:\/\/www.durchsetzungsstelle.sachsen.de\/\" rel=\"noreferrer noopener\" target=\"_blank\">www.durchsetzungsstelle.sachsen.de<\/a><\/p>\n\n\n\n<hr class=\"wp-block-separator has-alpha-channel-opacity\"\/>\n\n\n\n<p>We are constantly striving to make our digital presence more accessible to everyone and thank you for your feedback!<\/p>\n<div class=\"gsp_post_data\" \r\n\t            data-post_type=\"page\" \r\n\t            data-cat=\"\" \r\n\t            data-modified=\"120\"\r\n\t            data-created=\"1750852070\"\r\n\t            data-title=\"Barrierefreiheitserkl\u00e4rung\" \r\n\t            data-home=\"https:\/\/info-to-go.binational-leipzig.de\/en\"><\/div>","protected":false},"excerpt":{"rendered":"<p>Erkl\u00e4rung zur Barrierefreiheit Verband binationaler Familien und Partnerschaften, iaf e.V. Gesch\u00e4fts- und Beratungsstelle Leipzig&nbsp;ist bestrebt, ihre Website in \u00dcbereinstimmung mit den gesetzlichen Vorgaben zur Barrierefreiheit nutzbar zu machen. Diese Erkl\u00e4rung zur Barrierefreiheit gilt f\u00fcr die Website&nbsp;binational-leipzig.de Stand der Vereinbarkeit mit den Anforderungen Diese Website ist&nbsp;teilweise&nbsp;mit den Anforderungen der&nbsp;Barrierefreie-Informationstechnik-Verordnung (BITV 2.0) sowie der EU-Richtlinie 2016\/2102&nbsp;vereinbar. Wir [&hellip;]<\/p>\n","protected":false},"author":2,"featured_media":0,"parent":0,"menu_order":0,"comment_status":"closed","ping_status":"closed","template":"","meta":{"footnotes":""},"categories":[],"tags":[],"class_list":["post-598","page","type-page","status-publish","hentry"],"_links":{"self":[{"href":"https:\/\/info-to-go.binational-leipzig.de\/en\/wp-json\/wp\/v2\/pages\/598","targetHints":{"allow":["GET"]}}],"collection":[{"href":"https:\/\/info-to-go.binational-leipzig.de\/en\/wp-json\/wp\/v2\/pages"}],"about":[{"href":"https:\/\/info-to-go.binational-leipzig.de\/en\/wp-json\/wp\/v2\/types\/page"}],"author":[{"embeddable":true,"href":"https:\/\/info-to-go.binational-leipzig.de\/en\/wp-json\/wp\/v2\/users\/2"}],"replies":[{"embeddable":true,"href":"https:\/\/info-to-go.binational-leipzig.de\/en\/wp-json\/wp\/v2\/comments?post=598"}],"version-history":[{"count":1,"href":"https:\/\/info-to-go.binational-leipzig.de\/en\/wp-json\/wp\/v2\/pages\/598\/revisions"}],"predecessor-version":[{"id":599,"href":"https:\/\/info-to-go.binational-leipzig.de\/en\/wp-json\/wp\/v2\/pages\/598\/revisions\/599"}],"wp:attachment":[{"href":"https:\/\/info-to-go.binational-leipzig.de\/en\/wp-json\/wp\/v2\/media?parent=598"}],"wp:term":[{"taxonomy":"category","embeddable":true,"href":"https:\/\/info-to-go.binational-leipzig.de\/en\/wp-json\/wp\/v2\/categories?post=598"},{"taxonomy":"post_tag","embeddable":true,"href":"https:\/\/info-to-go.binational-leipzig.de\/en\/wp-json\/wp\/v2\/tags?post=598"}],"curies":[{"name":"wp","href":"https:\/\/api.w.org\/{rel}","templated":true}]}}