{"id":25,"date":"2023-07-09T23:02:05","date_gmt":"2023-07-09T21:02:05","guid":{"rendered":"https:\/\/sprijin.binational-leipzig.de\/?page_id=25"},"modified":"2025-11-28T22:44:55","modified_gmt":"2025-11-28T21:44:55","slug":"kinder-und-familie","status":"publish","type":"page","link":"https:\/\/info-to-go.binational-leipzig.de\/es\/start\/soziales\/kinder-und-familie\/","title":{"rendered":"Ni\u00f1os y familia"},"content":{"rendered":"<div class=\"wp-block-esab-accordion accordion-28ab7e5b\" data-mode=\"global\"><div class=\"esab__container\">\n<div class=\"wp-block-esab-accordion-child\"><div class=\"esab__head\" role=\"button\" aria-expanded=\"false\"><div class=\"esab__heading_txt\"><h2 class=\"esab__heading_tag\">Estoy embarazada. \u00bfQu\u00e9 tengo que hacer?\u00a0<\/h2><\/div><div class=\"esab__icon\"><div class=\"esab__collapse\"> <svg version=\"1.2\" viewbox=\"0 0 24 24\" width=\"24\" height=\"24\"><path fill-rule=\"evenodd\" d=\"m3.5 20.5c-4.7-4.7-4.7-12.3 0-17 4.7-4.7 12.3-4.7 17 0 4.6 4.7 4.6 12.3 0 17-4.7 4.6-12.3 4.6-17 0zm0.9-0.9c4.2 4.2 11 4.2 15.2 0 4.2-4.2 4.2-11 0-15.2-4.2-4.3-11-4.3-15.2 0-4.3 4.2-4.3 11 0 15.2z\"><\/path><path d=\"m11.4 15.9v-3.3h-3.3c-0.3 0-0.6-0.3-0.6-0.6 0-0.4 0.3-0.6 0.6-0.6h3.3v-3.3c0-0.3 0.3-0.6 0.6-0.6 0.3 0 0.6 0.3 0.6 0.6v3.3h3.3c0.3 0 0.6 0.2 0.6 0.6q0 0.2-0.2 0.4-0.2 0.2-0.4 0.2h-3.3v3.3q0 0.2-0.2 0.4-0.2 0.2-0.4 0.2c-0.4 0-0.6-0.3-0.6-0.6z\"><\/path><\/svg> <\/div><div class=\"esab__expand\"> <svg version=\"1.2\" viewbox=\"0 0 24 24\" width=\"24\" height=\"24\"><path fill-rule=\"evenodd\" d=\"m12 24c-6.6 0-12-5.4-12-12 0-6.6 5.4-12 12-12 6.6 0 12 5.4 12 12 0 6.6-5.4 12-12 12zm10.6-12c0-5.9-4.7-10.6-10.6-10.6-5.9 0-10.6 4.7-10.6 10.6 0 5.9 4.7 10.6 10.6 10.6 5.9 0 10.6-4.7 10.6-10.6z\"><\/path><path d=\"m5.6 11.3h12.8v1.4h-12.8z\"><\/path><\/svg> <\/div><\/div><\/div><div class=\"esab__body\">\n<p>Si est\u00e1 embarazada, puede obtener mucha informaci\u00f3n en un centro de consejer\u00eda de embarazo. Est\u00e1n disponibles en... <a href=\"https:\/\/www.awo-leipzig-stadt.de\/hilfe-zur-erziehung\/schwangerenberatung\/\" target=\"_blank\" rel=\"noopener\">AWO<\/a>, <a href=\"https:\/\/www.caritas-leipzig.de\/hilfeundberatung\/kinderjugendlicheundfamilien\/beratungsangebote\/schwangerschaft\/schwangerschaft\" target=\"_blank\" rel=\"noopener\">C\u00e1ritas<\/a>, <a href=\"https:\/\/www.diakonie-leipzig.de\/hilfe-angebote\/kinder-jugendliche-familien\/schwangerenberatung\/\" target=\"_blank\" rel=\"noopener\">Diacon\u00eda<\/a>, <a href=\"https:\/\/leipzig.donumvitae.org\/\" target=\"_blank\" rel=\"noopener\">Donum Vitae<\/a>, <a href=\"https:\/\/www.drk-leipzig.de\/schwangeren-und-familienberatungsstelle.html\" target=\"_blank\" rel=\"noopener\">Cruz Roja Alemana<\/a> y <a href=\"https:\/\/www.profamilia.de\/angebote-vor-ort\/sachsen\/beratungsstelle-leipzig\" target=\"_blank\" rel=\"noopener\">Pro Familia<\/a>. Hay un servicio de asesoramiento en l\u00ednea para mujeres embarazadas disponible en [nombre de la organizaci\u00f3n]. <a href=\"https:\/\/beratung.caritas.de\/schwangerschaftsberatung\/registration?aid=460\" target=\"_blank\" rel=\"noopener\">C\u00e1ritas <\/a>y <a href=\"https:\/\/beratung.diakonie.de\/registration\" target=\"_blank\" rel=\"noopener\">Diacon\u00eda<\/a>. Este folleto enumera estos centros de asesoramiento e incluye una lista de verificaci\u00f3n de todo lo que es importante antes y despu\u00e9s del parto:<\/p>\n\n\n\n<figure class=\"wp-block-gallery has-nested-images columns-default is-cropped wp-block-gallery-1 is-layout-flex wp-block-gallery-is-layout-flex\">\n<figure class=\"wp-block-image size-large\"><img loading=\"lazy\" decoding=\"async\" width=\"1024\" height=\"538\" data-id=\"729\" src=\"https:\/\/info-to-go.binational-leipzig.de\/wp-content\/uploads\/2025\/11\/Flyer-Checkliste-Schwanger-2023_page-0001-1024x538.jpg\" alt=\"\" class=\"wp-image-729\" srcset=\"https:\/\/info-to-go.binational-leipzig.de\/wp-content\/uploads\/2025\/11\/Flyer-Checkliste-Schwanger-2023_page-0001-1024x538.jpg 1024w, https:\/\/info-to-go.binational-leipzig.de\/wp-content\/uploads\/2025\/11\/Flyer-Checkliste-Schwanger-2023_page-0001-300x158.jpg 300w, https:\/\/info-to-go.binational-leipzig.de\/wp-content\/uploads\/2025\/11\/Flyer-Checkliste-Schwanger-2023_page-0001-768x403.jpg 768w, https:\/\/info-to-go.binational-leipzig.de\/wp-content\/uploads\/2025\/11\/Flyer-Checkliste-Schwanger-2023_page-0001-1536x807.jpg 1536w, https:\/\/info-to-go.binational-leipzig.de\/wp-content\/uploads\/2025\/11\/Flyer-Checkliste-Schwanger-2023_page-0001-2048x1076.jpg 2048w, https:\/\/info-to-go.binational-leipzig.de\/wp-content\/uploads\/2025\/11\/Flyer-Checkliste-Schwanger-2023_page-0001-18x9.jpg 18w\" sizes=\"auto, (max-width: 1024px) 100vw, 1024px\" \/><\/figure>\n\n\n\n<figure class=\"wp-block-image size-large\"><img loading=\"lazy\" decoding=\"async\" width=\"1024\" height=\"538\" data-id=\"728\" src=\"https:\/\/info-to-go.binational-leipzig.de\/wp-content\/uploads\/2025\/11\/Flyer-Checkliste-Schwanger-2023_page-0002-1024x538.jpg\" alt=\"\" class=\"wp-image-728\" srcset=\"https:\/\/info-to-go.binational-leipzig.de\/wp-content\/uploads\/2025\/11\/Flyer-Checkliste-Schwanger-2023_page-0002-1024x538.jpg 1024w, https:\/\/info-to-go.binational-leipzig.de\/wp-content\/uploads\/2025\/11\/Flyer-Checkliste-Schwanger-2023_page-0002-300x158.jpg 300w, https:\/\/info-to-go.binational-leipzig.de\/wp-content\/uploads\/2025\/11\/Flyer-Checkliste-Schwanger-2023_page-0002-768x403.jpg 768w, https:\/\/info-to-go.binational-leipzig.de\/wp-content\/uploads\/2025\/11\/Flyer-Checkliste-Schwanger-2023_page-0002-1536x807.jpg 1536w, https:\/\/info-to-go.binational-leipzig.de\/wp-content\/uploads\/2025\/11\/Flyer-Checkliste-Schwanger-2023_page-0002-2048x1076.jpg 2048w, https:\/\/info-to-go.binational-leipzig.de\/wp-content\/uploads\/2025\/11\/Flyer-Checkliste-Schwanger-2023_page-0002-18x9.jpg 18w\" sizes=\"auto, (max-width: 1024px) 100vw, 1024px\" \/><\/figure>\n<\/figure>\n\n\n\n<p>Un centro de consejer\u00eda de embarazo puede ayudarte durante todo el embarazo. Tambi\u00e9n te puede brindar apoyo si est\u00e1s considerando un aborto. La consejer\u00eda es gratuita y se puede impartir en otros idiomas.<\/p>\n\n\n\n<p>Si necesita apoyo financiero durante el embarazo, existen varias opciones. Si recibe prestaciones del Jobcenter, puede solicitar apoyo adicional durante el embarazo. Este apoyo est\u00e1 disponible a partir de la semana 13 de embarazo y se denomina &quot;necesidades adicionales durante el embarazo&quot;. Deber\u00e1 presentar una copia de su certificado de maternidad como comprobante de embarazo. Tambi\u00e9n puede recibir asistencia financiera del Jobcenter para ropa y art\u00edculos de beb\u00e9. Esta asistencia se denomina &quot;equipo inicial para el embarazo y el parto&quot;. <\/p>\n\n\n\n<p><\/p>\n\n\n\n<p>Si est\u00e1 casado, su marido se considera autom\u00e1ticamente el padre del ni\u00f1o.<br>Si no est\u00e1 casado, el padre del ni\u00f1o debe reconocer la paternidad.<br>El reconocimiento de la paternidad significa que el padre tiene ciertos derechos y obligaciones.<\/p>\n\n\n\n<p>Si est\u00e1 casada, autom\u00e1ticamente tiene la custodia compartida con su esposo.<br>Si no est\u00e1 casado, debe discutir la custodia con el padre.<br>Si decide la custodia compartida, oficial\u00edcelo con el padre mediante una declaraci\u00f3n de custodia.<\/p>\n\n\n\n<p>El reconocimiento de paternidad y la declaraci\u00f3n de custodia lo realizar\u00e1s con el padre del ni\u00f1o en la oficina de bienestar juvenil.<br>Estas son cosas muy importantes y es importante que usted y el padre entiendan todo en la cita.<br>Si usted y\/o el padre del ni\u00f1o no hablan mucho alem\u00e1n, la Oficina de Bienestar Juvenil puede organizar un int\u00e9rprete.<br><a href=\"https:\/\/www.leipzig.de\/jugend-familie-und-soziales\/kinder-jugend-und-elternhilfe\/unterhalts-und-sorgerecht\/beurkundungen\" target=\"_blank\" rel=\"noreferrer noopener\">Aqu\u00ed<\/a> Encontrar\u00e1 m\u00e1s informaci\u00f3n y datos de contacto en la Oficina de Protecci\u00f3n de Menores de Leipzig.<\/p>\n<\/div><\/div>\n\n\n\n<div class=\"wp-block-esab-accordion-child\"><div class=\"esab__head\" role=\"button\" aria-expanded=\"false\"><div class=\"esab__heading_txt\"><h2 class=\"esab__heading_tag\">\u00bfC\u00f3mo puedo encontrar una guarder\u00eda para mi hijo?<\/h2><\/div><div class=\"esab__icon\"><div class=\"esab__collapse\"> <svg version=\"1.2\" viewbox=\"0 0 24 24\" width=\"24\" height=\"24\"><path fill-rule=\"evenodd\" d=\"m3.5 20.5c-4.7-4.7-4.7-12.3 0-17 4.7-4.7 12.3-4.7 17 0 4.6 4.7 4.6 12.3 0 17-4.7 4.6-12.3 4.6-17 0zm0.9-0.9c4.2 4.2 11 4.2 15.2 0 4.2-4.2 4.2-11 0-15.2-4.2-4.3-11-4.3-15.2 0-4.3 4.2-4.3 11 0 15.2z\"><\/path><path d=\"m11.4 15.9v-3.3h-3.3c-0.3 0-0.6-0.3-0.6-0.6 0-0.4 0.3-0.6 0.6-0.6h3.3v-3.3c0-0.3 0.3-0.6 0.6-0.6 0.3 0 0.6 0.3 0.6 0.6v3.3h3.3c0.3 0 0.6 0.2 0.6 0.6q0 0.2-0.2 0.4-0.2 0.2-0.4 0.2h-3.3v3.3q0 0.2-0.2 0.4-0.2 0.2-0.4 0.2c-0.4 0-0.6-0.3-0.6-0.6z\"><\/path><\/svg> <\/div><div class=\"esab__expand\"> <svg version=\"1.2\" viewbox=\"0 0 24 24\" width=\"24\" height=\"24\"><path fill-rule=\"evenodd\" d=\"m12 24c-6.6 0-12-5.4-12-12 0-6.6 5.4-12 12-12 6.6 0 12 5.4 12 12 0 6.6-5.4 12-12 12zm10.6-12c0-5.9-4.7-10.6-10.6-10.6-5.9 0-10.6 4.7-10.6 10.6 0 5.9 4.7 10.6 10.6 10.6 5.9 0 10.6-4.7 10.6-10.6z\"><\/path><path d=\"m5.6 11.3h12.8v1.4h-12.8z\"><\/path><\/svg> <\/div><\/div><\/div><div class=\"esab__body\">\n<p>Los ni\u00f1os no tienen por qu\u00e9 ir a la guarder\u00eda. Los padres deciden si un ni\u00f1o debe ir a la guarder\u00eda y cu\u00e1ndo hacerlo.<br>La obligatoriedad s\u00f3lo existe en la escuela primaria.<br>Si un ni\u00f1o cumple seis a\u00f1os el 30 de junio, deber\u00e1 comenzar la escuela primaria ese a\u00f1o.<\/p>\n\n\n\n<p>Kita es la abreviatura de centro de cuidado diurno. Hay dos partes:<\/p>\n\n\n\n<p>Guarder\u00eda: para ni\u00f1os de 0 a 3 a\u00f1os <\/p>\n\n\n\n<p>Jard\u00edn de infancia: para ni\u00f1os desde los 3 a\u00f1os hasta la edad escolar.<\/p>\n\n\n\n<p>Si est\u00e1 buscando una plaza de guarder\u00eda en Leipzig, registre a su hijo en <a href=\"https:\/\/www.meinkitaplatz-leipzig.de\/app\/de\/home\/index\" target=\"_blank\" rel=\"noreferrer noopener\">mi lugar de guarder\u00eda<\/a> a.<br>Luego podr\u00e1s seleccionar guarder\u00edas.<br>Si necesita ayuda con el registro o para encontrar un lugar, puede obtener ayuda en el <a href=\"https:\/\/www.leipzig.de\/jugend-familie-und-soziales\/auslaender-und-migranten\/migration-und-integration\/willkommenszentrum\" target=\"_blank\" rel=\"noreferrer noopener\">Centro de bienvenida<\/a> o en <a href=\"https:\/\/www.leipzig.de\/jugend-familie-und-soziales\/kinderbetreuung\/kindertagesstaetten\" target=\"_blank\" rel=\"noreferrer noopener\">Oficina de Bienestar Juvenil<\/a>.<\/p>\n\n\n\n<p>La Oficina de Bienestar Juvenil tiene una <a href=\"https:\/\/static.leipzig.de\/fileadmin\/mediendatenbank\/leipzig-de\/Stadt\/02.5_Dez5_Jugend_Soziales_Gesundheit_Schule\/51_Amt_fuer_Jugend_Familie_und_Bildung\/Familieninfobuero\/Kitabroschuere_Leipzig-viersprachig.pdf\" target=\"_blank\" rel=\"noreferrer noopener\">folleto<\/a> a guarder\u00edas en Leipzig y <a href=\"https:\/\/static.leipzig.de\/fileadmin\/mediendatenbank\/leipzig-de\/Stadt\/02.5_Dez5_Jugend_Soziales_Gesundheit_Schule\/51_Amt_fuer_Jugend_Familie_und_Bildung\/Kita\/Kita_Einstieg_FAQ_Deutsch.pdf\" target=\"_blank\" rel=\"noreferrer noopener\">aqu\u00ed<\/a> Respondi\u00f3 muchas preguntas al respecto.<\/p>\n<\/div><\/div>\n\n\n\n<div class=\"wp-block-esab-accordion-child\"><div class=\"esab__head\" role=\"button\" aria-expanded=\"false\"><div class=\"esab__heading_txt\"><h2 class=\"esab__heading_tag\">\u00bfQu\u00e9 apoyo financiero est\u00e1 disponible para las familias?\u00a0<\/h2><\/div><div class=\"esab__icon\"><div class=\"esab__collapse\"> <svg version=\"1.2\" viewbox=\"0 0 24 24\" width=\"24\" height=\"24\"><path fill-rule=\"evenodd\" d=\"m3.5 20.5c-4.7-4.7-4.7-12.3 0-17 4.7-4.7 12.3-4.7 17 0 4.6 4.7 4.6 12.3 0 17-4.7 4.6-12.3 4.6-17 0zm0.9-0.9c4.2 4.2 11 4.2 15.2 0 4.2-4.2 4.2-11 0-15.2-4.2-4.3-11-4.3-15.2 0-4.3 4.2-4.3 11 0 15.2z\"><\/path><path d=\"m11.4 15.9v-3.3h-3.3c-0.3 0-0.6-0.3-0.6-0.6 0-0.4 0.3-0.6 0.6-0.6h3.3v-3.3c0-0.3 0.3-0.6 0.6-0.6 0.3 0 0.6 0.3 0.6 0.6v3.3h3.3c0.3 0 0.6 0.2 0.6 0.6q0 0.2-0.2 0.4-0.2 0.2-0.4 0.2h-3.3v3.3q0 0.2-0.2 0.4-0.2 0.2-0.4 0.2c-0.4 0-0.6-0.3-0.6-0.6z\"><\/path><\/svg> <\/div><div class=\"esab__expand\"> <svg version=\"1.2\" viewbox=\"0 0 24 24\" width=\"24\" height=\"24\"><path fill-rule=\"evenodd\" d=\"m12 24c-6.6 0-12-5.4-12-12 0-6.6 5.4-12 12-12 6.6 0 12 5.4 12 12 0 6.6-5.4 12-12 12zm10.6-12c0-5.9-4.7-10.6-10.6-10.6-5.9 0-10.6 4.7-10.6 10.6 0 5.9 4.7 10.6 10.6 10.6 5.9 0 10.6-4.7 10.6-10.6z\"><\/path><path d=\"m5.6 11.3h12.8v1.4h-12.8z\"><\/path><\/svg> <\/div><\/div><\/div><div class=\"esab__body\">\n<p>Existen diversos beneficios financieros para las familias.&nbsp;<\/p>\n\n\n\n<p>Mucha gente est\u00e1 familiarizada con el subsidio por hijo.<br>Los ciudadanos de la UE pueden recibir el subsidio por hijo en Alemania, incluso si sus hijos viven en otro pa\u00eds.<\/p>\n\n\n\n<p>Otros posibles beneficios incluyen el suplemento por hijo, el subsidio parental, el anticipo de manutenci\u00f3n y el subsidio estatal por hijo.<br><a href=\"https:\/\/familienportal.de\/familienportal\/familienleistungen\" target=\"_blank\" rel=\"noreferrer noopener\">Aqu\u00ed<\/a> Se explican la mayor\u00eda de los beneficios familiares.<br><a href=\"https:\/\/static.leipzig.de\/fileadmin\/mediendatenbank\/leipzig-de\/Stadt\/02.5_Dez5_Jugend_Soziales_Gesundheit_Schule\/51_Amt_fuer_Jugend_Familie_und_Bildung\/Familieninfobuero\/Broschuere\" target=\"_blank\" rel=\"noreferrer noopener\">Aqu\u00ed<\/a> Hay un folleto multiling\u00fce de la Oficina de Protecci\u00f3n de Menores de Leipzig.<\/p>\n\n\n\n<p>El subsidio estatal por hijo no est\u00e1 disponible en todas partes en Alemania.<br>En Leipzig, el dinero est\u00e1 disponible para los padres de ni\u00f1os de 1 a 2 a\u00f1os si uno de los padres se queda en casa y cuida del ni\u00f1o.<br>\u00bfCu\u00e1nto dinero es eso? Depende de la edad del ni\u00f1o y de cu\u00e1ntos hijos tengas.<br><a href=\"https:\/\/www.familie.sachsen.de\/landeserziehungsgeld.html?_cp=%7B%22accordion-content-5838%22%3A%7B%221%22%3Atrue%2C%222%22%3Atrue%7D%2C%22previousOpen%22%3A%7B%22group%22%3A%22accordion-content-5838%22%2C%22idx%22%3A1%7D%7D\" target=\"_blank\" rel=\"noreferrer noopener\">Aqu\u00ed<\/a> Se explica en detalle.<\/p>\n<\/div><\/div>\n\n\n\n<div class=\"wp-block-esab-accordion-child\"><div class=\"esab__head\" role=\"button\" aria-expanded=\"false\"><div class=\"esab__heading_txt\"><h2 class=\"esab__heading_tag\">Hay dificultades en mi familia. \u00bfQui\u00e9n nos ayudar\u00e1 con esto?<\/h2><\/div><div class=\"esab__icon\"><div class=\"esab__collapse\"> <svg version=\"1.2\" viewbox=\"0 0 24 24\" width=\"24\" height=\"24\"><path fill-rule=\"evenodd\" d=\"m3.5 20.5c-4.7-4.7-4.7-12.3 0-17 4.7-4.7 12.3-4.7 17 0 4.6 4.7 4.6 12.3 0 17-4.7 4.6-12.3 4.6-17 0zm0.9-0.9c4.2 4.2 11 4.2 15.2 0 4.2-4.2 4.2-11 0-15.2-4.2-4.3-11-4.3-15.2 0-4.3 4.2-4.3 11 0 15.2z\"><\/path><path d=\"m11.4 15.9v-3.3h-3.3c-0.3 0-0.6-0.3-0.6-0.6 0-0.4 0.3-0.6 0.6-0.6h3.3v-3.3c0-0.3 0.3-0.6 0.6-0.6 0.3 0 0.6 0.3 0.6 0.6v3.3h3.3c0.3 0 0.6 0.2 0.6 0.6q0 0.2-0.2 0.4-0.2 0.2-0.4 0.2h-3.3v3.3q0 0.2-0.2 0.4-0.2 0.2-0.4 0.2c-0.4 0-0.6-0.3-0.6-0.6z\"><\/path><\/svg> <\/div><div class=\"esab__expand\"> <svg version=\"1.2\" viewbox=\"0 0 24 24\" width=\"24\" height=\"24\"><path fill-rule=\"evenodd\" d=\"m12 24c-6.6 0-12-5.4-12-12 0-6.6 5.4-12 12-12 6.6 0 12 5.4 12 12 0 6.6-5.4 12-12 12zm10.6-12c0-5.9-4.7-10.6-10.6-10.6-5.9 0-10.6 4.7-10.6 10.6 0 5.9 4.7 10.6 10.6 10.6 5.9 0 10.6-4.7 10.6-10.6z\"><\/path><path d=\"m5.6 11.3h12.8v1.4h-12.8z\"><\/path><\/svg> <\/div><\/div><\/div><div class=\"esab__body\">\n<p>A veces criar hijos es un desaf\u00edo o hay conflictos entre los padres.<br>En estos casos, tiene sentido ponerse en contacto con un centro de asesoramiento familiar.<\/p>\n\n\n\n<p>Los centros de asesoramiento familiar tienen mucha experiencia en este tipo de situaciones.<br>La ayuda es gratuita y el personal a menudo habla otros idiomas.<br><a href=\"https:\/\/static.leipzig.de\/fileadmin\/mediendatenbank\/leipzig-de\/Stadt\/02.5_Dez5_Jugend_Soziales_Gesundheit_Schule\/51_Amt_fuer_Jugend_Familie_und_Bildung\/Familieninfobuero\/Flyer-Erziehungsberatungsstellen-2020.pdf\" target=\"_blank\" rel=\"noopener\">Aqu\u00ed<\/a> Se enumeran todos los centros de asesoramiento familiar en Leipzig.<\/p>\n<\/div><\/div>\n\n\n\n<div class=\"wp-block-esab-accordion-child\"><div class=\"esab__head\" role=\"button\" aria-expanded=\"false\"><div class=\"esab__heading_txt\"><h2 class=\"esab__heading_tag\">\u00bfQu\u00e9 hace la oficina de bienestar juvenil?<\/h2><\/div><div class=\"esab__icon\"><div class=\"esab__collapse\"> <svg version=\"1.2\" viewbox=\"0 0 24 24\" width=\"24\" height=\"24\"><path fill-rule=\"evenodd\" d=\"m3.5 20.5c-4.7-4.7-4.7-12.3 0-17 4.7-4.7 12.3-4.7 17 0 4.6 4.7 4.6 12.3 0 17-4.7 4.6-12.3 4.6-17 0zm0.9-0.9c4.2 4.2 11 4.2 15.2 0 4.2-4.2 4.2-11 0-15.2-4.2-4.3-11-4.3-15.2 0-4.3 4.2-4.3 11 0 15.2z\"><\/path><path d=\"m11.4 15.9v-3.3h-3.3c-0.3 0-0.6-0.3-0.6-0.6 0-0.4 0.3-0.6 0.6-0.6h3.3v-3.3c0-0.3 0.3-0.6 0.6-0.6 0.3 0 0.6 0.3 0.6 0.6v3.3h3.3c0.3 0 0.6 0.2 0.6 0.6q0 0.2-0.2 0.4-0.2 0.2-0.4 0.2h-3.3v3.3q0 0.2-0.2 0.4-0.2 0.2-0.4 0.2c-0.4 0-0.6-0.3-0.6-0.6z\"><\/path><\/svg> <\/div><div class=\"esab__expand\"> <svg version=\"1.2\" viewbox=\"0 0 24 24\" width=\"24\" height=\"24\"><path fill-rule=\"evenodd\" d=\"m12 24c-6.6 0-12-5.4-12-12 0-6.6 5.4-12 12-12 6.6 0 12 5.4 12 12 0 6.6-5.4 12-12 12zm10.6-12c0-5.9-4.7-10.6-10.6-10.6-5.9 0-10.6 4.7-10.6 10.6 0 5.9 4.7 10.6 10.6 10.6 5.9 0 10.6-4.7 10.6-10.6z\"><\/path><path d=\"m5.6 11.3h12.8v1.4h-12.8z\"><\/path><\/svg> <\/div><\/div><\/div><div class=\"esab__body\">\n<p>La oficina de bienestar juvenil tiene la tarea de proteger a los ni\u00f1os y j\u00f3venes y apoyar a los padres.<br>La Oficina de Bienestar Juvenil cuenta con diversos departamentos, por ejemplo, para guarder\u00edas o subsidios parentales.<br>Tambi\u00e9n ofrece asesoramiento familiar.<\/p>\n\n\n\n<p>La oficina de bienestar juvenil emplea trabajadores sociales que velan por el bienestar de los ni\u00f1os.<br>Esto significa que se aseguran de que al ni\u00f1o le vaya bien.<br>Si un ni\u00f1o se encuentra en una situaci\u00f3n peligrosa (ni\u00f1o en peligro), la oficina de bienestar juvenil puede tomar al ni\u00f1o bajo custodia.<br>Esto significa que el ni\u00f1o permanece en un hogar administrado por la oficina de bienestar juvenil o con una familia de acogida hasta que el ni\u00f1o pueda regresar a la familia.<br>El tribunal de familia decide sobre estos asuntos.<br>El ni\u00f1o recibe ayuda durante el tr\u00e1mite por parte de un representante legal.<br>Esta persona tiene la tarea de representar los intereses del ni\u00f1o.<\/p>\n\n\n\n<p><a href=\"https:\/\/www.unterstuetzung-die-ankommt.de\/de\/mediathek\/broschueren\/\" target=\"_blank\" rel=\"noreferrer noopener\">Aqu\u00ed<\/a> Puede leer informaci\u00f3n sobre las tareas de la Oficina de Bienestar Juvenil en varios idiomas.<\/p>\n<\/div><\/div>\n<\/div><\/div>\n<div class=\"gsp_post_data\" \r\n\t            data-post_type=\"page\" \r\n\t            data-cat=\"soziales\" \r\n\t            data-modified=\"120\"\r\n\t            data-created=\"1688943725\"\r\n\t            data-title=\"Kinder und Familie\" \r\n\t            data-home=\"https:\/\/info-to-go.binational-leipzig.de\/es\"><\/div>","protected":false},"excerpt":{"rendered":"","protected":false},"author":1,"featured_media":0,"parent":5,"menu_order":6,"comment_status":"closed","ping_status":"closed","template":"","meta":{"footnotes":""},"categories":[9],"tags":[],"class_list":["post-25","page","type-page","status-publish","hentry","category-soziales"],"_links":{"self":[{"href":"https:\/\/info-to-go.binational-leipzig.de\/es\/wp-json\/wp\/v2\/pages\/25","targetHints":{"allow":["GET"]}}],"collection":[{"href":"https:\/\/info-to-go.binational-leipzig.de\/es\/wp-json\/wp\/v2\/pages"}],"about":[{"href":"https:\/\/info-to-go.binational-leipzig.de\/es\/wp-json\/wp\/v2\/types\/page"}],"author":[{"embeddable":true,"href":"https:\/\/info-to-go.binational-leipzig.de\/es\/wp-json\/wp\/v2\/users\/1"}],"replies":[{"embeddable":true,"href":"https:\/\/info-to-go.binational-leipzig.de\/es\/wp-json\/wp\/v2\/comments?post=25"}],"version-history":[{"count":17,"href":"https:\/\/info-to-go.binational-leipzig.de\/es\/wp-json\/wp\/v2\/pages\/25\/revisions"}],"predecessor-version":[{"id":732,"href":"https:\/\/info-to-go.binational-leipzig.de\/es\/wp-json\/wp\/v2\/pages\/25\/revisions\/732"}],"up":[{"embeddable":true,"href":"https:\/\/info-to-go.binational-leipzig.de\/es\/wp-json\/wp\/v2\/pages\/5"}],"wp:attachment":[{"href":"https:\/\/info-to-go.binational-leipzig.de\/es\/wp-json\/wp\/v2\/media?parent=25"}],"wp:term":[{"taxonomy":"category","embeddable":true,"href":"https:\/\/info-to-go.binational-leipzig.de\/es\/wp-json\/wp\/v2\/categories?post=25"},{"taxonomy":"post_tag","embeddable":true,"href":"https:\/\/info-to-go.binational-leipzig.de\/es\/wp-json\/wp\/v2\/tags?post=25"}],"curies":[{"name":"wp","href":"https:\/\/api.w.org\/{rel}","templated":true}]}}