{"id":33,"date":"2023-07-09T23:06:42","date_gmt":"2023-07-09T21:06:42","guid":{"rendered":"https:\/\/sprijin.binational-leipzig.de\/?page_id=33"},"modified":"2025-11-22T13:14:33","modified_gmt":"2025-11-22T12:14:33","slug":"geld-und-finanzen","status":"publish","type":"page","link":"https:\/\/info-to-go.binational-leipzig.de\/es\/start\/wirtschaft\/geld-und-finanzen\/","title":{"rendered":"Dinero y finanzas"},"content":{"rendered":"<div class=\"wp-block-esab-accordion accordion-756f9975\" data-mode=\"global\"><div class=\"esab__container\">\n<div class=\"wp-block-esab-accordion-child\"><div class=\"esab__head\" role=\"button\" aria-expanded=\"false\"><div class=\"esab__heading_txt\"><p class=\"esab__heading_tag\">\u00bfC\u00f3mo puedo abrir una cuenta bancaria?\u00a0<\/p><\/div><div class=\"esab__icon\"><div class=\"esab__collapse\"> <svg version=\"1.2\" viewbox=\"0 0 24 24\" width=\"24\" height=\"24\"><path fill-rule=\"evenodd\" d=\"m3.5 20.5c-4.7-4.7-4.7-12.3 0-17 4.7-4.7 12.3-4.7 17 0 4.6 4.7 4.6 12.3 0 17-4.7 4.6-12.3 4.6-17 0zm0.9-0.9c4.2 4.2 11 4.2 15.2 0 4.2-4.2 4.2-11 0-15.2-4.2-4.3-11-4.3-15.2 0-4.3 4.2-4.3 11 0 15.2z\"><\/path><path d=\"m11.4 15.9v-3.3h-3.3c-0.3 0-0.6-0.3-0.6-0.6 0-0.4 0.3-0.6 0.6-0.6h3.3v-3.3c0-0.3 0.3-0.6 0.6-0.6 0.3 0 0.6 0.3 0.6 0.6v3.3h3.3c0.3 0 0.6 0.2 0.6 0.6q0 0.2-0.2 0.4-0.2 0.2-0.4 0.2h-3.3v3.3q0 0.2-0.2 0.4-0.2 0.2-0.4 0.2c-0.4 0-0.6-0.3-0.6-0.6z\"><\/path><\/svg> <\/div><div class=\"esab__expand\"> <svg version=\"1.2\" viewbox=\"0 0 24 24\" width=\"24\" height=\"24\"><path fill-rule=\"evenodd\" d=\"m12 24c-6.6 0-12-5.4-12-12 0-6.6 5.4-12 12-12 6.6 0 12 5.4 12 12 0 6.6-5.4 12-12 12zm10.6-12c0-5.9-4.7-10.6-10.6-10.6-5.9 0-10.6 4.7-10.6 10.6 0 5.9 4.7 10.6 10.6 10.6 5.9 0 10.6-4.7 10.6-10.6z\"><\/path><path d=\"m5.6 11.3h12.8v1.4h-12.8z\"><\/path><\/svg> <\/div><\/div><\/div><div class=\"esab__body\">\n<p>Cualquier persona en Alemania que disponga de un documento de identidad y una direcci\u00f3n puede abrir una cuenta bancaria. <\/p>\n\n\n\n<p>Usted debe <strong>no <\/strong>tener un apartamento o una confirmaci\u00f3n de registro\/inscripci\u00f3n.<br>Man muss solo tiene una identificaci\u00f3n y una direcci\u00f3n.<br>Tambi\u00e9n vale una direcci\u00f3n de amigos o un centro de asesoramiento.<br>A veces el banco dice que no se puede hacer sin registro.<br>Puedes decirle al banco <a href=\"https:\/\/www.bafin.de\/DE\/Verbraucher\/Bank\/Produkte\/Basiskonto\/basiskonto_artikel.html\" target=\"_blank\" rel=\"noopener\">este <\/a>Proporciona informaci\u00f3n. Explica lo que necesitas para abrir una cuenta bancaria.<\/p>\n\n\n\n<p>Si no puede visitar el banco en persona, puede solicitar la apertura de una cuenta por escrito.<br>Con esto <a href=\"https:\/\/www.bafin.de\/SharedDocs\/Downloads\/DE\/Formular\/dl_fo_basiskonto_antrag_abschluss.pdf?__blob=publicationFile&amp;v=3\" target=\"_blank\" rel=\"noopener\">Forma <\/a>Haz eso.<br>Si el banco sigue neg\u00e1ndose a abrir una cuenta, puede ponerse en contacto con la autoridad &#039;BaFin&#039; (Autoridad Federal de Supervisi\u00f3n Financiera).<br>BaFin garantiza que todos los bancos en Alemania funcionen correctamente.<br><a href=\"https:\/\/web.basp.bafin.de\/lip\/form\/display.do?%24context=32BE57B25CB25A31FC9B\" target=\"_blank\" rel=\"noopener\">Aqu\u00ed <\/a>Puedes ponerte en contacto con BaFin.&nbsp;<\/p>\n<\/div><\/div>\n\n\n\n<div class=\"wp-block-esab-accordion-child\"><div class=\"esab__head\" role=\"button\" aria-expanded=\"false\"><div class=\"esab__heading_txt\"><p class=\"esab__heading_tag\">\u00bfEn qu\u00e9 banco debo abrir una cuenta?<\/p><\/div><div class=\"esab__icon\"><div class=\"esab__collapse\"> <svg version=\"1.2\" viewbox=\"0 0 24 24\" width=\"24\" height=\"24\"><path fill-rule=\"evenodd\" d=\"m3.5 20.5c-4.7-4.7-4.7-12.3 0-17 4.7-4.7 12.3-4.7 17 0 4.6 4.7 4.6 12.3 0 17-4.7 4.6-12.3 4.6-17 0zm0.9-0.9c4.2 4.2 11 4.2 15.2 0 4.2-4.2 4.2-11 0-15.2-4.2-4.3-11-4.3-15.2 0-4.3 4.2-4.3 11 0 15.2z\"><\/path><path d=\"m11.4 15.9v-3.3h-3.3c-0.3 0-0.6-0.3-0.6-0.6 0-0.4 0.3-0.6 0.6-0.6h3.3v-3.3c0-0.3 0.3-0.6 0.6-0.6 0.3 0 0.6 0.3 0.6 0.6v3.3h3.3c0.3 0 0.6 0.2 0.6 0.6q0 0.2-0.2 0.4-0.2 0.2-0.4 0.2h-3.3v3.3q0 0.2-0.2 0.4-0.2 0.2-0.4 0.2c-0.4 0-0.6-0.3-0.6-0.6z\"><\/path><\/svg> <\/div><div class=\"esab__expand\"> <svg version=\"1.2\" viewbox=\"0 0 24 24\" width=\"24\" height=\"24\"><path fill-rule=\"evenodd\" d=\"m12 24c-6.6 0-12-5.4-12-12 0-6.6 5.4-12 12-12 6.6 0 12 5.4 12 12 0 6.6-5.4 12-12 12zm10.6-12c0-5.9-4.7-10.6-10.6-10.6-5.9 0-10.6 4.7-10.6 10.6 0 5.9 4.7 10.6 10.6 10.6 5.9 0 10.6-4.7 10.6-10.6z\"><\/path><path d=\"m5.6 11.3h12.8v1.4h-12.8z\"><\/path><\/svg> <\/div><\/div><\/div><div class=\"esab__body\">\n<p>Hay muchos bancos diferentes en Alemania.<br>Algunos tienen sucursales donde puedes acudir.<br>Algunos s\u00f3lo est\u00e1n en l\u00ednea.<br>Tienes que ver qu\u00e9 banco te conviene m\u00e1s.<br>Existen tarifas regulares para una cuenta bancaria.<br><a href=\"https:\/\/www.verbraucherzentrale.de\/wissen\/geld-versicherungen\/sparen-und-anlegen\/bankgebuehren-nicht-alle-gebuehren-beim-girokonto-sind-zulaessig-5185\" target=\"_blank\" rel=\"noopener\">Aqu\u00ed <\/a>Podr\u00e1s ver qu\u00e9 tarifas est\u00e1n permitidas y cu\u00e1les no.&nbsp;<\/p>\n\n\n\n<p><\/p>\n\n\n\n<p>Si tiene una cuenta bancaria, recibir\u00e1 un extracto bancario peri\u00f3dico.<br>La mayor\u00eda de las veces recibir\u00e1s un extracto bancario de un mes.<br>El extracto bancario contiene toda la informaci\u00f3n sobre el dinero entrante y saliente.<br>Por ejemplo: cuando el dinero proviene del trabajo o cuando se paga el alquiler.<br>Es muy importante conservar este extracto bancario.<br>Muy a menudo tienes que demostrar que pagaste algo espec\u00edfico o cu\u00e1nto dinero ganaste.<br>Si pierde un extracto bancario, el banco puede proporcionarle una copia.<br>Man muss pero paga una cantidad relativamente grande de dinero por ello. Por ejemplo, 5 euros por cada extracto bancario.<br>Es m\u00e1s f\u00e1cil si utilizas la banca en l\u00ednea.<br>De esta manera, tendr\u00e1s siempre tus extractos bancarios seguros en tu buz\u00f3n online y no tendr\u00e1s que pagar nada m\u00e1s por ellos.&nbsp;<\/p>\n\n\n\n<p><\/p>\n\n\n\n<p>Si pagas algo con una cuenta bancaria, puedes pagar mediante transferencia bancaria o d\u00e9bito directo.<br>Transferencia: Env\u00edas el dinero de tu cuenta a otra cuenta. Por ejemplo, el dinero del alquiler a su propietario.<br>Domiciliaci\u00f3n bancaria: Una empresa extrae dinero autom\u00e1ticamente de tu cuenta cada mes. Por ejemplo, el dinero para la electricidad de su apartamento se paga directamente del proveedor de electricidad.<br>Al transferir dinero, puedes especificar un &quot;prop\u00f3sito&quot;.<br>El prop\u00f3sito previsto es la raz\u00f3n por la cual est\u00e1s transfiriendo el dinero.<br>Por ejemplo, \u201cAlquiler agosto 2024\u201d.<br>Algunas personas tambi\u00e9n usan tarjetas de cr\u00e9dito para pagar cosas.&nbsp;<br>Sin embargo, las tarjetas de cr\u00e9dito pueden generar muchos cargos y altas tasas de inter\u00e9s.<br>Al final, terminas pagando mucho m\u00e1s que con tu cuenta bancaria normal.&nbsp;<\/p>\n<\/div><\/div>\n\n\n\n<div class=\"wp-block-esab-accordion-child\"><div class=\"esab__head\" role=\"button\" aria-expanded=\"false\"><div class=\"esab__heading_txt\"><p class=\"esab__heading_tag\">\u00bfNecesito firmar un contrato para mi tel\u00e9fono m\u00f3vil o internet?\u00a0<\/p><\/div><div class=\"esab__icon\"><div class=\"esab__collapse\"> <svg version=\"1.2\" viewbox=\"0 0 24 24\" width=\"24\" height=\"24\"><path fill-rule=\"evenodd\" d=\"m3.5 20.5c-4.7-4.7-4.7-12.3 0-17 4.7-4.7 12.3-4.7 17 0 4.6 4.7 4.6 12.3 0 17-4.7 4.6-12.3 4.6-17 0zm0.9-0.9c4.2 4.2 11 4.2 15.2 0 4.2-4.2 4.2-11 0-15.2-4.2-4.3-11-4.3-15.2 0-4.3 4.2-4.3 11 0 15.2z\"><\/path><path d=\"m11.4 15.9v-3.3h-3.3c-0.3 0-0.6-0.3-0.6-0.6 0-0.4 0.3-0.6 0.6-0.6h3.3v-3.3c0-0.3 0.3-0.6 0.6-0.6 0.3 0 0.6 0.3 0.6 0.6v3.3h3.3c0.3 0 0.6 0.2 0.6 0.6q0 0.2-0.2 0.4-0.2 0.2-0.4 0.2h-3.3v3.3q0 0.2-0.2 0.4-0.2 0.2-0.4 0.2c-0.4 0-0.6-0.3-0.6-0.6z\"><\/path><\/svg> <\/div><div class=\"esab__expand\"> <svg version=\"1.2\" viewbox=\"0 0 24 24\" width=\"24\" height=\"24\"><path fill-rule=\"evenodd\" d=\"m12 24c-6.6 0-12-5.4-12-12 0-6.6 5.4-12 12-12 6.6 0 12 5.4 12 12 0 6.6-5.4 12-12 12zm10.6-12c0-5.9-4.7-10.6-10.6-10.6-5.9 0-10.6 4.7-10.6 10.6 0 5.9 4.7 10.6 10.6 10.6 5.9 0 10.6-4.7 10.6-10.6z\"><\/path><path d=\"m5.6 11.3h12.8v1.4h-12.8z\"><\/path><\/svg> <\/div><\/div><\/div><div class=\"esab__body\">\n<p>\u00bfNecesito firmar un contrato para mi tel\u00e9fono m\u00f3vil o internet?<br>No necesariamente tienes que firmar un contrato de telefon\u00eda celular.<br>Tambi\u00e9n existen tarjetas SIM prepago.&nbsp;<br>Luego siempre podr\u00e1s cargar tu tel\u00e9fono.&nbsp;<\/p>\n\n\n\n<p><\/p>\n\n\n\n<p>En Alemania podr\u00e1 celebrar contratos con diversas empresas.<br>Por ejemplo, para tel\u00e9fonos m\u00f3viles, internet, electricidad, seguros.<br>Siempre debes pensar detenidamente qu\u00e9 contratos firmas.<\/p>\n\n\n\n<p>Sobre todo:&nbsp;&nbsp;<\/p>\n\n\n\n<ul class=\"wp-block-list\">\n<li>\u00bfCu\u00e1nto dura el contrato?&nbsp;&nbsp;<\/li>\n\n\n\n<li>\u00bfCu\u00e1nto tengo que pagar cada mes?&nbsp;<\/li>\n\n\n\n<li>\u00bfCu\u00e1ndo y c\u00f3mo puedo rescindir el contrato?&nbsp;<\/li>\n<\/ul>\n\n\n\n<p>Muy a menudo la gente hace un contrato r\u00e1pidamente. Al principio puede resultar muy barato. Pero despu\u00e9s de un tiempo se vuelve m\u00e1s caro.<br>Puedes visitar sitios web como \u201c<a href=\"https:\/\/www.check24.de\/\" target=\"_blank\" rel=\"noopener\">CHECK24<\/a>\u201cpara comparar ofertas.&nbsp;<\/p>\n<\/div><\/div>\n\n\n\n<div class=\"wp-block-esab-accordion-child\"><div class=\"esab__head\" role=\"button\" aria-expanded=\"false\"><div class=\"esab__heading_txt\"><p class=\"esab__heading_tag\">\u00bfTengo que pagar la tarifa de transmisi\u00f3n?\u00a0<\/p><\/div><div class=\"esab__icon\"><div class=\"esab__collapse\"> <svg version=\"1.2\" viewbox=\"0 0 24 24\" width=\"24\" height=\"24\"><path fill-rule=\"evenodd\" d=\"m3.5 20.5c-4.7-4.7-4.7-12.3 0-17 4.7-4.7 12.3-4.7 17 0 4.6 4.7 4.6 12.3 0 17-4.7 4.6-12.3 4.6-17 0zm0.9-0.9c4.2 4.2 11 4.2 15.2 0 4.2-4.2 4.2-11 0-15.2-4.2-4.3-11-4.3-15.2 0-4.3 4.2-4.3 11 0 15.2z\"><\/path><path d=\"m11.4 15.9v-3.3h-3.3c-0.3 0-0.6-0.3-0.6-0.6 0-0.4 0.3-0.6 0.6-0.6h3.3v-3.3c0-0.3 0.3-0.6 0.6-0.6 0.3 0 0.6 0.3 0.6 0.6v3.3h3.3c0.3 0 0.6 0.2 0.6 0.6q0 0.2-0.2 0.4-0.2 0.2-0.4 0.2h-3.3v3.3q0 0.2-0.2 0.4-0.2 0.2-0.4 0.2c-0.4 0-0.6-0.3-0.6-0.6z\"><\/path><\/svg> <\/div><div class=\"esab__expand\"> <svg version=\"1.2\" viewbox=\"0 0 24 24\" width=\"24\" height=\"24\"><path fill-rule=\"evenodd\" d=\"m12 24c-6.6 0-12-5.4-12-12 0-6.6 5.4-12 12-12 6.6 0 12 5.4 12 12 0 6.6-5.4 12-12 12zm10.6-12c0-5.9-4.7-10.6-10.6-10.6-5.9 0-10.6 4.7-10.6 10.6 0 5.9 4.7 10.6 10.6 10.6 5.9 0 10.6-4.7 10.6-10.6z\"><\/path><path d=\"m5.6 11.3h12.8v1.4h-12.8z\"><\/path><\/svg> <\/div><\/div><\/div><div class=\"esab__body\">\n<p>En Alemania existe una tasa de transmisi\u00f3n para la televisi\u00f3n y la radio.<br>El dinero se utilizar\u00e1 para financiar las cadenas de televisi\u00f3n ARD, ZDF y Deutschlandradio.<br>Son emisoras p\u00fablicas y producen informaci\u00f3n y programas para toda la poblaci\u00f3n.<br>Si tienes suficiente dinero, tienes que pagar la contribuci\u00f3n.<br>Incluso si no ves la televisi\u00f3n alemana o no escuchas la radio alemana, tienes que pagar.<br>Sin embargo, si usted gana poco y recibe el subsidio ciudadano, no tiene que pagar.<br>Solicita la exenci\u00f3n de la tasa de radiodifusi\u00f3n en el Servicio de Contribuciones <a href=\"https:\/\/www.rundfunkbeitrag.de\/buergerinnen_und_buerger\/formulare\/befreiung_oder_ermaessigung_beantragen\/index_ger.html\" target=\"_blank\" rel=\"noopener\">aqu\u00ed<\/a>. Este v\u00eddeo explica c\u00f3mo rellenar el formulario:<\/p>\n\n\n\n<figure class=\"wp-block-embed is-type-video is-provider-youtube wp-block-embed-youtube wp-embed-aspect-16-9 wp-has-aspect-ratio\"><div class=\"wp-block-embed__wrapper\">\n<iframe loading=\"lazy\" title=\"\u00bfC\u00f3mo puedo eximirme del pago de la tasa de retransmisi\u00f3n en Internet?\" width=\"640\" height=\"360\" src=\"https:\/\/www.youtube.com\/embed\/Qf8Jw2Rmz9o?feature=oembed\" frameborder=\"0\" allow=\"accelerometer; autoplay; clipboard-write; encrypted-media; gyroscope; picture-in-picture; web-share\" referrerpolicy=\"strict-origin-when-cross-origin\" allowfullscreen><\/iframe>\n<\/div><\/figure>\n\n\n\n<p><\/p>\n<\/div><\/div>\n\n\n\n<div class=\"wp-block-esab-accordion-child\"><div class=\"esab__head\" role=\"button\" aria-expanded=\"false\"><div class=\"esab__heading_txt\"><p class=\"esab__heading_tag\">\u00bfD\u00f3nde puedo consultar cuestiones como comisiones bancarias y contratos?\u00a0<\/p><\/div><div class=\"esab__icon\"><div class=\"esab__collapse\"> <svg version=\"1.2\" viewbox=\"0 0 24 24\" width=\"24\" height=\"24\"><path fill-rule=\"evenodd\" d=\"m3.5 20.5c-4.7-4.7-4.7-12.3 0-17 4.7-4.7 12.3-4.7 17 0 4.6 4.7 4.6 12.3 0 17-4.7 4.6-12.3 4.6-17 0zm0.9-0.9c4.2 4.2 11 4.2 15.2 0 4.2-4.2 4.2-11 0-15.2-4.2-4.3-11-4.3-15.2 0-4.3 4.2-4.3 11 0 15.2z\"><\/path><path d=\"m11.4 15.9v-3.3h-3.3c-0.3 0-0.6-0.3-0.6-0.6 0-0.4 0.3-0.6 0.6-0.6h3.3v-3.3c0-0.3 0.3-0.6 0.6-0.6 0.3 0 0.6 0.3 0.6 0.6v3.3h3.3c0.3 0 0.6 0.2 0.6 0.6q0 0.2-0.2 0.4-0.2 0.2-0.4 0.2h-3.3v3.3q0 0.2-0.2 0.4-0.2 0.2-0.4 0.2c-0.4 0-0.6-0.3-0.6-0.6z\"><\/path><\/svg> <\/div><div class=\"esab__expand\"> <svg version=\"1.2\" viewbox=\"0 0 24 24\" width=\"24\" height=\"24\"><path fill-rule=\"evenodd\" d=\"m12 24c-6.6 0-12-5.4-12-12 0-6.6 5.4-12 12-12 6.6 0 12 5.4 12 12 0 6.6-5.4 12-12 12zm10.6-12c0-5.9-4.7-10.6-10.6-10.6-5.9 0-10.6 4.7-10.6 10.6 0 5.9 4.7 10.6 10.6 10.6 5.9 0 10.6-4.7 10.6-10.6z\"><\/path><path d=\"m5.6 11.3h12.8v1.4h-12.8z\"><\/path><\/svg> <\/div><\/div><\/div><div class=\"esab__body\">\n<p>Si no entiende determinadas tarifas o no est\u00e1 satisfecho con un contrato, puede ponerse en contacto con el centro de atenci\u00f3n al consumidor.<br>El centro de asesoramiento al consumidor est\u00e1 ah\u00ed para informar a las personas y protegerlas de contratos cuestionables. All\u00ed hay que pagar por algunas consultas.<br><a href=\"https:\/\/www.verbraucherzentrale-sachsen.de\/beratungsstellen\/leipzig\/beratungsangebote\/1949\" target=\"_blank\" rel=\"noopener\">Aqu\u00ed <\/a>son los datos de contacto del Centro de asesoramiento al consumidor de Leipzig.&nbsp;<\/p>\n<\/div><\/div>\n<\/div><\/div>\n\n\n\n<p><\/p>\n<div class=\"gsp_post_data\" \r\n\t            data-post_type=\"page\" \r\n\t            data-cat=\"wirtschaft\" \r\n\t            data-modified=\"120\"\r\n\t            data-created=\"1688944002\"\r\n\t            data-title=\"Geld und Finanzen\" \r\n\t            data-home=\"https:\/\/info-to-go.binational-leipzig.de\/es\"><\/div>","protected":false},"excerpt":{"rendered":"","protected":false},"author":1,"featured_media":0,"parent":8,"menu_order":2,"comment_status":"closed","ping_status":"closed","template":"","meta":{"footnotes":""},"categories":[10],"tags":[],"class_list":["post-33","page","type-page","status-publish","hentry","category-wirtschaft"],"_links":{"self":[{"href":"https:\/\/info-to-go.binational-leipzig.de\/es\/wp-json\/wp\/v2\/pages\/33","targetHints":{"allow":["GET"]}}],"collection":[{"href":"https:\/\/info-to-go.binational-leipzig.de\/es\/wp-json\/wp\/v2\/pages"}],"about":[{"href":"https:\/\/info-to-go.binational-leipzig.de\/es\/wp-json\/wp\/v2\/types\/page"}],"author":[{"embeddable":true,"href":"https:\/\/info-to-go.binational-leipzig.de\/es\/wp-json\/wp\/v2\/users\/1"}],"replies":[{"embeddable":true,"href":"https:\/\/info-to-go.binational-leipzig.de\/es\/wp-json\/wp\/v2\/comments?post=33"}],"version-history":[{"count":11,"href":"https:\/\/info-to-go.binational-leipzig.de\/es\/wp-json\/wp\/v2\/pages\/33\/revisions"}],"predecessor-version":[{"id":721,"href":"https:\/\/info-to-go.binational-leipzig.de\/es\/wp-json\/wp\/v2\/pages\/33\/revisions\/721"}],"up":[{"embeddable":true,"href":"https:\/\/info-to-go.binational-leipzig.de\/es\/wp-json\/wp\/v2\/pages\/8"}],"wp:attachment":[{"href":"https:\/\/info-to-go.binational-leipzig.de\/es\/wp-json\/wp\/v2\/media?parent=33"}],"wp:term":[{"taxonomy":"category","embeddable":true,"href":"https:\/\/info-to-go.binational-leipzig.de\/es\/wp-json\/wp\/v2\/categories?post=33"},{"taxonomy":"post_tag","embeddable":true,"href":"https:\/\/info-to-go.binational-leipzig.de\/es\/wp-json\/wp\/v2\/tags?post=33"}],"curies":[{"name":"wp","href":"https:\/\/api.w.org\/{rel}","templated":true}]}}