{"id":399,"date":"2024-01-17T12:08:03","date_gmt":"2024-01-17T11:08:03","guid":{"rendered":"https:\/\/info-to-go.binational-leipzig.de\/?page_id=399"},"modified":"2024-07-31T12:56:05","modified_gmt":"2024-07-31T10:56:05","slug":"impressum","status":"publish","type":"page","link":"https:\/\/info-to-go.binational-leipzig.de\/es\/impressum\/","title":{"rendered":"Pie de imprenta"},"content":{"rendered":"<p><strong>Informaci\u00f3n seg\u00fan el \u00a7 5 TMG<\/strong><\/p>\n\n\n\n<p>Asociaci\u00f3n de Familias y Asociaciones Binacionales, iaf eV<br>Calle Ludolfus 2 \u2013 4<br>60487 Fr\u00e1ncfort del Meno<\/p>\n\n\n\n<p><strong>Representado por<\/strong><\/p>\n\n\n\n<p>Asiye Bal\u0131k\u00e7\u0131-Schmidt, Natalia Bugaj-Wolfram<\/p>\n\n\n\n<p>Representante especial seg\u00fan \u00a7 30 BGB: NN<\/p>\n\n\n\n<p>Tribunal de registro:<\/p>\n\n\n\n<p>Tribunal de Distrito de Fr\u00e1ncfort del Meno. N\u00famero de registro de la asociaci\u00f3n: VR 6728<\/p>\n\n\n\n<p>Oficina de Hacienda de Frankfurt V N\u00famero de identificaci\u00f3n fiscal 014 250 63357<\/p>\n\n\n\n<p><strong>contacto<\/strong><\/p>\n\n\n\n<p>Tel\u00e9fono: +49 (0) 69 713 756 \u2013 0<br>Fax: +49 (0) 69 707 50 92<br>Correo electr\u00f3nico: info@verband-binationaler.de<\/p>\n\n\n\n<p><strong>Entrada de registro<\/strong><\/p>\n\n\n\n<p>Inscripci\u00f3n en el registro de asociaciones.<br>Tribunal de registro: Tribunal de distrito de Fr\u00e1ncfort del Meno<br>N\u00famero de registro: VR 6728<\/p>\n\n\n\n<p><strong>TINA<\/strong><\/p>\n\n\n\n<p>N\u00famero de identificaci\u00f3n del IVA seg\u00fan el art\u00edculo 27a de la Ley del IVA:<br>DE114234727<\/p>\n\n\n\n<p><strong>Resoluci\u00f3n de disputas<\/strong><\/p>\n\n\n\n<p>No estamos dispuestos ni obligados a participar en procedimientos de resoluci\u00f3n de disputas ante una junta de arbitraje de consumidores.<\/p>\n\n\n\n<p><strong>Fuentes<\/strong><\/p>\n\n\n\n<p>Implementaci\u00f3n t\u00e9cnica: Stephan Wein y Ahmet Erdem \u015eent\u00fcrk<br>Dise\u00f1o web: Chris Schneider<\/p>\n\n\n\n<p><strong>Fotos<\/strong><\/p>\n\n\n\n<p>\u201cQui\u00e9nes somos\u201d: Mehmet Arbag<\/p>\n\n\n\n<p><strong>Aviso legal<\/strong><\/p>\n\n\n\n<p>Responsabilidad por el contenido<\/p>\n\n\n\n<p>Como proveedor de servicios, somos responsables de nuestro propio contenido en estas p\u00e1ginas de acuerdo con la Secci\u00f3n 7 (1) de la Ley de Telemedia Alemana (TMG). Sin embargo, de acuerdo con los art\u00edculos 8 a 10 de la Ley de Telemedia alemana (TMG), nosotros como proveedores de servicios no estamos obligados a supervisar la informaci\u00f3n de terceros transmitida o almacenada ni a investigar circunstancias que indiquen una actividad ilegal.<\/p>\n\n\n\n<p>Las obligaciones de eliminar o bloquear el uso de informaci\u00f3n seg\u00fan el derecho general no se ver\u00e1n afectadas. Sin embargo, la responsabilidad a este respecto s\u00f3lo es posible a partir del momento en que se tiene conocimiento de una concreta infracci\u00f3n legal. Si tenemos conocimiento de alguna violaci\u00f3n de la ley, eliminaremos dicho contenido inmediatamente.<\/p>\n\n\n\n<p><strong>Responsabilidad por los enlaces<\/strong><\/p>\n\n\n\n<p>Nuestra oferta contiene enlaces a sitios web externos de terceros sobre cuyo contenido no tenemos influencia. Por lo tanto, no podemos asumir ninguna responsabilidad por este contenido externo. El respectivo proveedor u operador de las p\u00e1ginas es siempre responsable del contenido de las p\u00e1ginas enlazadas. Las p\u00e1ginas enlazadas fueron comprobadas en el momento de establecer el enlace para detectar posibles infracciones legales. En el momento del enlace no se reconoci\u00f3 contenido ilegal.<\/p>\n\n\n\n<p>Sin embargo, un control permanente del contenido de las p\u00e1ginas enlazadas no es razonable sin pruebas concretas de una infracci\u00f3n de la ley. Si tenemos conocimiento de alguna infracci\u00f3n legal, eliminaremos dichos enlaces inmediatamente.<\/p>\n\n\n\n<p><strong>derechos de autor<\/strong><\/p>\n\n\n\n<p>Los contenidos y obras de estas p\u00e1ginas creados por los operadores del sitio est\u00e1n sujetos a la legislaci\u00f3n sobre derechos de autor alemana. La reproducci\u00f3n, transformaci\u00f3n, distribuci\u00f3n y cualquier tipo de explotaci\u00f3n fuera de los l\u00edmites de los derechos de autor requieren el consentimiento por escrito del respectivo autor o creador. Las descargas y copias de este sitio s\u00f3lo est\u00e1n permitidas para uso privado y no comercial.<\/p>\n\n\n\n<p>En la medida en que los contenidos de este sitio no hayan sido creados por el operador, se respetar\u00e1n los derechos de autor de terceros. En particular, el contenido de terceros est\u00e1 marcado como tal. Si, a pesar de todo, llegase a tener conocimiento de alguna infracci\u00f3n de derechos de autor, le rogamos que nos lo notifique. Si tenemos conocimiento de alguna infracci\u00f3n legal, eliminaremos dicho contenido inmediatamente.<\/p>\n<div class=\"gsp_post_data\" \r\n\t            data-post_type=\"page\" \r\n\t            data-cat=\"\" \r\n\t            data-modified=\"120\"\r\n\t            data-created=\"1705493283\"\r\n\t            data-title=\"Impressum\" \r\n\t            data-home=\"https:\/\/info-to-go.binational-leipzig.de\/es\"><\/div>","protected":false},"excerpt":{"rendered":"<p>Angaben gem\u00e4\u00df \u00a7 5 TMG Verband binationaler Familien und Partnerschaften, iaf e.V.Ludolfusstra\u00dfe 2 \u2013 460487 Frankfurt am Main Vertreten durch Asiye Bal\u0131k\u00e7\u0131-Schmidt, Natalia Bugaj-Wolfram Besondere Vertreterin gem. \u00a7 30 BGB: N.N. Registergericht: Amtsgericht Frankfurt am Main&nbsp; Vereins-Registernummer: VR 6728 Finanzamt Frankfurt V \u00a0 Steuernummer 014 250 63357 Kontakt Telefon: +49 (0) 69 713 756 \u2013 [&hellip;]<\/p>\n","protected":false},"author":2,"featured_media":0,"parent":0,"menu_order":0,"comment_status":"closed","ping_status":"closed","template":"","meta":{"footnotes":""},"categories":[],"tags":[],"class_list":["post-399","page","type-page","status-publish","hentry"],"_links":{"self":[{"href":"https:\/\/info-to-go.binational-leipzig.de\/es\/wp-json\/wp\/v2\/pages\/399","targetHints":{"allow":["GET"]}}],"collection":[{"href":"https:\/\/info-to-go.binational-leipzig.de\/es\/wp-json\/wp\/v2\/pages"}],"about":[{"href":"https:\/\/info-to-go.binational-leipzig.de\/es\/wp-json\/wp\/v2\/types\/page"}],"author":[{"embeddable":true,"href":"https:\/\/info-to-go.binational-leipzig.de\/es\/wp-json\/wp\/v2\/users\/2"}],"replies":[{"embeddable":true,"href":"https:\/\/info-to-go.binational-leipzig.de\/es\/wp-json\/wp\/v2\/comments?post=399"}],"version-history":[{"count":3,"href":"https:\/\/info-to-go.binational-leipzig.de\/es\/wp-json\/wp\/v2\/pages\/399\/revisions"}],"predecessor-version":[{"id":481,"href":"https:\/\/info-to-go.binational-leipzig.de\/es\/wp-json\/wp\/v2\/pages\/399\/revisions\/481"}],"wp:attachment":[{"href":"https:\/\/info-to-go.binational-leipzig.de\/es\/wp-json\/wp\/v2\/media?parent=399"}],"wp:term":[{"taxonomy":"category","embeddable":true,"href":"https:\/\/info-to-go.binational-leipzig.de\/es\/wp-json\/wp\/v2\/categories?post=399"},{"taxonomy":"post_tag","embeddable":true,"href":"https:\/\/info-to-go.binational-leipzig.de\/es\/wp-json\/wp\/v2\/tags?post=399"}],"curies":[{"name":"wp","href":"https:\/\/api.w.org\/{rel}","templated":true}]}}