{"id":598,"date":"2025-06-25T11:47:50","date_gmt":"2025-06-25T09:47:50","guid":{"rendered":"https:\/\/info-to-go.binational-leipzig.de\/?page_id=598"},"modified":"2025-06-25T11:47:51","modified_gmt":"2025-06-25T09:47:51","slug":"barrierefreiheitserklaerung","status":"publish","type":"page","link":"https:\/\/info-to-go.binational-leipzig.de\/es\/barrierefreiheitserklaerung\/","title":{"rendered":"Declaraci\u00f3n de accesibilidad"},"content":{"rendered":"<h3 class=\"wp-block-heading\">Declaraci\u00f3n de accesibilidad<\/h3>\n\n\n\n<p><strong>Asociaci\u00f3n de familias y asociaciones binacionales, iaf eV, oficina de Leipzig y oficina de asesoramiento<\/strong>&nbsp;Se esfuerza por que su sitio web sea utilizable de acuerdo con los requisitos legales de accesibilidad. Esta declaraci\u00f3n de accesibilidad se aplica al sitio web.&nbsp;<a href=\"https:\/\/binational-leipzig.de\/\"><strong>binacional-leipzig.de<\/strong><\/a><\/p>\n\n\n\n<hr class=\"wp-block-separator has-alpha-channel-opacity\"\/>\n\n\n\n<h3 class=\"wp-block-heading\"><strong>Estado de cumplimiento de los requisitos<\/strong><\/h3>\n\n\n\n<p>Este sitio web es&nbsp;<strong>parcialmente<\/strong>&nbsp;con los requisitos de&nbsp;<strong>Ordenanza sobre tecnolog\u00edas de la informaci\u00f3n sin barreras (BITV 2.0) y Directiva de la UE 2016\/2102<\/strong>&nbsp;Trabajamos continuamente para reducir las barreras existentes y mejorar la facilidad de uso para todos.<\/p>\n\n\n\n<hr class=\"wp-block-separator has-alpha-channel-opacity\"\/>\n\n\n\n<h3 class=\"wp-block-heading\"><strong>Contenido no accesible<\/strong><\/h3>\n\n\n\n<p>A pesar de nuestros esfuerzos, hay algunas zonas que no son totalmente accesibles:<\/p>\n\n\n\n<ul class=\"wp-block-list\">\n<li><strong>Documentos PDF<\/strong>:Algunos archivos PDF antiguos no est\u00e1n formateados de manera accesible.<\/li>\n\n\n\n<li><strong>Textos alternativos<\/strong>:Es posible que algunas im\u00e1genes o elementos gr\u00e1ficos no contengan suficiente texto alternativo.<\/li>\n\n\n\n<li><strong>Navegaci\u00f3n y usabilidad<\/strong>:Es posible que los elementos interactivos individuales no se puedan controlar completamente con el teclado.<\/li>\n\n\n\n<li><strong>V\u00eddeos<\/strong>:Algunos v\u00eddeos incrustados carecen de subt\u00edtulos o descripciones de audio.<\/li>\n<\/ul>\n\n\n\n<p>Estamos trabajando para corregir gradualmente estas deficiencias.<\/p>\n\n\n\n<hr class=\"wp-block-separator has-alpha-channel-opacity\"\/>\n\n\n\n<h3 class=\"wp-block-heading\"><strong>Preparaci\u00f3n de esta declaraci\u00f3n<\/strong><\/h3>\n\n\n\n<p>Esta declaraci\u00f3n fue hecha el&nbsp;<strong>10.01.2025<\/strong>&nbsp;Creado y actualizado por \u00faltima vez el&nbsp;<strong>19.02.2025<\/strong>&nbsp;comprobado.<br><br>El sitio web fue evaluado por un&nbsp;<strong>autoevaluaci\u00f3n interna<\/strong>&nbsp;as\u00ed como el uso de pruebas automatizadas.<\/p>\n\n\n\n<hr class=\"wp-block-separator has-alpha-channel-opacity\"\/>\n\n\n\n<h3 class=\"wp-block-heading\"><strong>Comentarios e informaci\u00f3n de contacto<\/strong><\/h3>\n\n\n\n<p>Si encuentra alg\u00fan obst\u00e1culo en nuestro sitio web o tiene sugerencias para mejorarlo, no dude en contactarnos:<\/p>\n\n\n\n<p>Asociaci\u00f3n de Familias y Asociaciones Binacionales, iaf eV<br>Oficina de Negocios y Asesor\u00eda de Leipzig<br><br><a href=\"https:\/\/www.google.com\/maps\/place\/Verband+binationaler+Familien+u.+Partnerschaften+e.V.\/@51.3232198,12.3793402,18.79z\/data=!4m5!3m4!1s0x0:0x280bc9ed9b02c389!8m2!3d51.3232449!4d12.3798815\" target=\"_blank\" rel=\"noreferrer noopener\">Calle Arndt 63<br>04275 Leipzig<\/a><br><br>Tel\u00e9fono: 0341-6 88 00 22<br>Correo electr\u00f3nico:&nbsp;<a href=\"http:\/\/leipzig@verband-binationaler-de\/\" rel=\"noreferrer noopener\" target=\"_blank\">leipzig@verband-binationaler-de<\/a><\/p>\n\n\n\n<hr class=\"wp-block-separator has-alpha-channel-opacity\"\/>\n\n\n\n<h3 class=\"wp-block-heading\"><strong>Procedimientos de ejecuci\u00f3n<\/strong><\/h3>\n\n\n\n<p>Si su consulta sobre la accesibilidad de nuestro sitio web no es respondida satisfactoriamente, puede ponerse en contacto con el&nbsp;<strong>Organismo de ejecuci\u00f3n&nbsp;<\/strong>Giro de vuelta:<\/p>\n\n\n\n<p><strong>Centro de Monitoreo de Accesibilidad Digital de Sajonia<\/strong><br>Ministerio del Estado de Sajonia para Asuntos Sociales y Cohesi\u00f3n Social<br>Correo electr\u00f3nico:&nbsp;<a href=\"mailto:durchsetzungsstelle@sk.sachsen.de\">durchsetzungsstelle@sk.sachsen.de<\/a><br>Web:&nbsp;<a href=\"https:\/\/www.durchsetzungsstelle.sachsen.de\/\" rel=\"noreferrer noopener\" target=\"_blank\">www.durchsetzungsstelle.sachsen.de<\/a><\/p>\n\n\n\n<hr class=\"wp-block-separator has-alpha-channel-opacity\"\/>\n\n\n\n<p>Nos esforzamos constantemente para que nuestra presencia digital sea m\u00e1s accesible para todos y \u00a1gracias por tus comentarios!<\/p>\n<div class=\"gsp_post_data\" \r\n\t            data-post_type=\"page\" \r\n\t            data-cat=\"\" \r\n\t            data-modified=\"120\"\r\n\t            data-created=\"1750852070\"\r\n\t            data-title=\"Barrierefreiheitserkl\u00e4rung\" \r\n\t            data-home=\"https:\/\/info-to-go.binational-leipzig.de\/es\"><\/div>","protected":false},"excerpt":{"rendered":"<p>Erkl\u00e4rung zur Barrierefreiheit Verband binationaler Familien und Partnerschaften, iaf e.V. Gesch\u00e4fts- und Beratungsstelle Leipzig&nbsp;ist bestrebt, ihre Website in \u00dcbereinstimmung mit den gesetzlichen Vorgaben zur Barrierefreiheit nutzbar zu machen. Diese Erkl\u00e4rung zur Barrierefreiheit gilt f\u00fcr die Website&nbsp;binational-leipzig.de Stand der Vereinbarkeit mit den Anforderungen Diese Website ist&nbsp;teilweise&nbsp;mit den Anforderungen der&nbsp;Barrierefreie-Informationstechnik-Verordnung (BITV 2.0) sowie der EU-Richtlinie 2016\/2102&nbsp;vereinbar. Wir [&hellip;]<\/p>\n","protected":false},"author":2,"featured_media":0,"parent":0,"menu_order":0,"comment_status":"closed","ping_status":"closed","template":"","meta":{"footnotes":""},"categories":[],"tags":[],"class_list":["post-598","page","type-page","status-publish","hentry"],"_links":{"self":[{"href":"https:\/\/info-to-go.binational-leipzig.de\/es\/wp-json\/wp\/v2\/pages\/598","targetHints":{"allow":["GET"]}}],"collection":[{"href":"https:\/\/info-to-go.binational-leipzig.de\/es\/wp-json\/wp\/v2\/pages"}],"about":[{"href":"https:\/\/info-to-go.binational-leipzig.de\/es\/wp-json\/wp\/v2\/types\/page"}],"author":[{"embeddable":true,"href":"https:\/\/info-to-go.binational-leipzig.de\/es\/wp-json\/wp\/v2\/users\/2"}],"replies":[{"embeddable":true,"href":"https:\/\/info-to-go.binational-leipzig.de\/es\/wp-json\/wp\/v2\/comments?post=598"}],"version-history":[{"count":1,"href":"https:\/\/info-to-go.binational-leipzig.de\/es\/wp-json\/wp\/v2\/pages\/598\/revisions"}],"predecessor-version":[{"id":599,"href":"https:\/\/info-to-go.binational-leipzig.de\/es\/wp-json\/wp\/v2\/pages\/598\/revisions\/599"}],"wp:attachment":[{"href":"https:\/\/info-to-go.binational-leipzig.de\/es\/wp-json\/wp\/v2\/media?parent=598"}],"wp:term":[{"taxonomy":"category","embeddable":true,"href":"https:\/\/info-to-go.binational-leipzig.de\/es\/wp-json\/wp\/v2\/categories?post=598"},{"taxonomy":"post_tag","embeddable":true,"href":"https:\/\/info-to-go.binational-leipzig.de\/es\/wp-json\/wp\/v2\/tags?post=598"}],"curies":[{"name":"wp","href":"https:\/\/api.w.org\/{rel}","templated":true}]}}