{"id":598,"date":"2025-06-25T11:47:50","date_gmt":"2025-06-25T09:47:50","guid":{"rendered":"https:\/\/info-to-go.binational-leipzig.de\/?page_id=598"},"modified":"2025-06-25T11:47:51","modified_gmt":"2025-06-25T09:47:51","slug":"barrierefreiheitserklaerung","status":"publish","type":"page","link":"https:\/\/info-to-go.binational-leipzig.de\/fa\/barrierefreiheitserklaerung\/","title":{"rendered":"\u0628\u06cc\u0627\u0646\u06cc\u0647 \u062f\u0633\u062a\u0631\u0633\u06cc"},"content":{"rendered":"<h3 class=\"wp-block-heading\">\u0628\u06cc\u0627\u0646\u06cc\u0647 \u062f\u0633\u062a\u0631\u0633\u06cc<\/h3>\n\n\n\n<p><strong>\u0627\u0646\u062c\u0645\u0646 \u062e\u0627\u0646\u0648\u0627\u062f\u0647\u200c\u0647\u0627 \u0648 \u0645\u0634\u0627\u0631\u06a9\u062a\u200c\u0647\u0627\u06cc \u062f\u0648 \u0645\u0644\u06cc\u062a\u06cc\u060c iaf eV\u060c \u062f\u0641\u062a\u0631 \u0644\u0627\u06cc\u067e\u0632\u06cc\u06af \u0648 \u062f\u0641\u062a\u0631 \u0645\u0634\u0627\u0648\u0631\u0647<\/strong>&nbsp;\u062a\u0644\u0627\u0634 \u0645\u06cc\u200c\u06a9\u0646\u062f \u062a\u0627 \u0648\u0628\u200c\u0633\u0627\u06cc\u062a \u062e\u0648\u062f \u0631\u0627 \u0645\u0637\u0627\u0628\u0642 \u0628\u0627 \u0627\u0644\u0632\u0627\u0645\u0627\u062a \u0642\u0627\u0646\u0648\u0646\u06cc \u0645\u0631\u0628\u0648\u0637 \u0628\u0647 \u062f\u0633\u062a\u0631\u0633\u06cc\u200c\u067e\u0630\u06cc\u0631\u06cc\u060c \u0642\u0627\u0628\u0644 \u0627\u0633\u062a\u0641\u0627\u062f\u0647 \u06a9\u0646\u062f. \u0627\u06cc\u0646 \u0628\u06cc\u0627\u0646\u06cc\u0647 \u062f\u0633\u062a\u0631\u0633\u06cc\u200c\u067e\u0630\u06cc\u0631\u06cc \u062f\u0631 \u0645\u0648\u0631\u062f \u0648\u0628\u200c\u0633\u0627\u06cc\u062a \u0627\u0639\u0645\u0627\u0644 \u0645\u06cc\u200c\u0634\u0648\u062f.&nbsp;<a href=\"https:\/\/binational-leipzig.de\/\"><strong>binational-leipzig.de<\/strong><\/a><\/p>\n\n\n\n<hr class=\"wp-block-separator has-alpha-channel-opacity\"\/>\n\n\n\n<h3 class=\"wp-block-heading\"><strong>\u0648\u0636\u0639\u06cc\u062a \u0627\u0646\u0637\u0628\u0627\u0642 \u0628\u0627 \u0627\u0644\u0632\u0627\u0645\u0627\u062a<\/strong><\/h3>\n\n\n\n<p>\u0627\u06cc\u0646 \u0648\u0628\u200c\u0633\u0627\u06cc\u062a&nbsp;<strong>\u062a\u0627 \u062d\u062f\u06cc<\/strong>&nbsp;\u0628\u0627 \u0627\u0644\u0632\u0627\u0645\u0627\u062a\u0650&nbsp;<strong>\u0641\u0631\u0645\u0627\u0646 \u0641\u0646\u0627\u0648\u0631\u06cc \u0627\u0637\u0644\u0627\u0639\u0627\u062a \u0628\u062f\u0648\u0646 \u0645\u0627\u0646\u0639 (BITV 2.0) \u0648 \u062f\u0633\u062a\u0648\u0631\u0627\u0644\u0639\u0645\u0644 \u0627\u062a\u062d\u0627\u062f\u06cc\u0647 \u0627\u0631\u0648\u067e\u0627 2016\/2102<\/strong>&nbsp;\u0645\u0627 \u0628\u0647 \u0637\u0648\u0631 \u0645\u062f\u0627\u0648\u0645 \u062f\u0631 \u062a\u0644\u0627\u0634\u06cc\u0645 \u062a\u0627 \u0645\u0648\u0627\u0646\u0639 \u0645\u0648\u062c\u0648\u062f \u0631\u0627 \u06a9\u0627\u0647\u0634 \u062f\u0627\u062f\u0647 \u0648 \u0633\u0647\u0648\u0644\u062a \u0627\u0633\u062a\u0641\u0627\u062f\u0647 \u0631\u0627 \u0628\u0631\u0627\u06cc \u0647\u0645\u0647 \u0628\u0647\u0628\u0648\u062f \u0628\u062e\u0634\u06cc\u0645.<\/p>\n\n\n\n<hr class=\"wp-block-separator has-alpha-channel-opacity\"\/>\n\n\n\n<h3 class=\"wp-block-heading\"><strong>\u0645\u062d\u062a\u0648\u0627\u06cc \u063a\u06cc\u0631\u0642\u0627\u0628\u0644 \u062f\u0633\u062a\u0631\u0633<\/strong><\/h3>\n\n\n\n<p>\u0639\u0644\u06cc\u0631\u063a\u0645 \u062a\u0644\u0627\u0634\u200c\u0647\u0627\u06cc \u0645\u0627\u060c \u0628\u0631\u062e\u06cc \u0627\u0632 \u0645\u0646\u0627\u0637\u0642 \u0628\u0647 \u0637\u0648\u0631 \u06a9\u0627\u0645\u0644 \u0642\u0627\u0628\u0644 \u062f\u0633\u062a\u0631\u0633\u06cc \u0646\u06cc\u0633\u062a\u0646\u062f:<\/p>\n\n\n\n<ul class=\"wp-block-list\">\n<li><strong>\u0627\u0633\u0646\u0627\u062f \u067e\u06cc\u200c\u062f\u06cc\u200c\u0627\u0641<\/strong>: \u0628\u0631\u062e\u06cc \u0627\u0632 \u0641\u0627\u06cc\u0644\u200c\u0647\u0627\u06cc PDF \u0642\u062f\u06cc\u0645\u06cc\u200c\u062a\u0631 \u0628\u0647 \u0634\u06cc\u0648\u0647\u200c\u0627\u06cc \u0642\u0627\u0628\u0644 \u062f\u0633\u062a\u0631\u0633 \u0642\u0627\u0644\u0628\u200c\u0628\u0646\u062f\u06cc \u0646\u0634\u062f\u0647\u200c\u0627\u0646\u062f.<\/li>\n\n\n\n<li><strong>\u0645\u062a\u0648\u0646 \u062c\u0627\u06cc\u06af\u0632\u06cc\u0646<\/strong>: \u0628\u0631\u062e\u06cc \u0627\u0632 \u062a\u0635\u0627\u0648\u06cc\u0631 \u06cc\u0627 \u0639\u0646\u0627\u0635\u0631 \u06af\u0631\u0627\u0641\u06cc\u06a9\u06cc \u0645\u0645\u06a9\u0646 \u0627\u0633\u062a \u062d\u0627\u0648\u06cc \u0645\u062a\u0646 \u062c\u0627\u06cc\u06af\u0632\u06cc\u0646 \u06a9\u0627\u0641\u06cc \u0646\u0628\u0627\u0634\u0646\u062f.<\/li>\n\n\n\n<li><strong>\u0646\u0627\u0648\u0628\u0631\u06cc \u0648 \u0642\u0627\u0628\u0644\u06cc\u062a \u0627\u0633\u062a\u0641\u0627\u062f\u0647<\/strong>: \u0639\u0646\u0627\u0635\u0631 \u062a\u0639\u0627\u0645\u0644\u06cc \u0645\u0646\u0641\u0631\u062f \u0645\u0645\u06a9\u0646 \u0627\u0633\u062a \u0628\u0647 \u0637\u0648\u0631 \u06a9\u0627\u0645\u0644 \u062a\u0648\u0633\u0637 \u0635\u0641\u062d\u0647 \u06a9\u0644\u06cc\u062f \u06a9\u0646\u062a\u0631\u0644 \u0646\u0634\u0648\u0646\u062f.<\/li>\n\n\n\n<li><strong>\u0648\u06cc\u062f\u06cc\u0648\u0647\u0627<\/strong>: \u0628\u0631\u062e\u06cc \u0627\u0632 \u0648\u06cc\u062f\u06cc\u0648\u0647\u0627\u06cc \u062c\u0627\u0633\u0627\u0632\u06cc\u200c\u0634\u062f\u0647 \u0641\u0627\u0642\u062f \u0632\u06cc\u0631\u0646\u0648\u06cc\u0633 \u06cc\u0627 \u062a\u0648\u0636\u06cc\u062d\u0627\u062a \u0635\u0648\u062a\u06cc \u0647\u0633\u062a\u0646\u062f.<\/li>\n<\/ul>\n\n\n\n<p>\u0645\u0627 \u062f\u0631 \u062a\u0644\u0627\u0634 \u0647\u0633\u062a\u06cc\u0645 \u062a\u0627 \u0628\u0647 \u062a\u062f\u0631\u06cc\u062c \u0627\u06cc\u0646 \u06a9\u0627\u0633\u062a\u06cc\u200c\u0647\u0627 \u0631\u0627 \u0628\u0631\u0637\u0631\u0641 \u06a9\u0646\u06cc\u0645.<\/p>\n\n\n\n<hr class=\"wp-block-separator has-alpha-channel-opacity\"\/>\n\n\n\n<h3 class=\"wp-block-heading\"><strong>\u062a\u0647\u06cc\u0647 \u0627\u06cc\u0646 \u0627\u0639\u0644\u0627\u0645\u06cc\u0647<\/strong><\/h3>\n\n\n\n<p>\u0627\u06cc\u0646 \u0628\u06cc\u0627\u0646\u06cc\u0647 \u062f\u0631 \u062a\u0627\u0631\u06cc\u062e \u0628\u06cc\u0627\u0646 \u0634\u062f\u0647 \u0627\u0633\u062a&nbsp;<strong>10.01.2025<\/strong>&nbsp;\u0627\u06cc\u062c\u0627\u062f \u0634\u062f\u0647 \u0648 \u0622\u062e\u0631\u06cc\u0646 \u0628\u0647\u200c\u0631\u0648\u0632\u0631\u0633\u0627\u0646\u06cc \u062f\u0631&nbsp;<strong>19.02.2025<\/strong>&nbsp;\u0628\u0631\u0631\u0633\u06cc \u0634\u062f.<br><br>\u0627\u06cc\u0646 \u0648\u0628\u200c\u0633\u0627\u06cc\u062a \u062a\u0648\u0633\u0637 \u06cc\u06a9 \u0646\u0641\u0631 \u0627\u0631\u0632\u06cc\u0627\u0628\u06cc \u0634\u062f.&nbsp;<strong>\u062e\u0648\u062f\u0627\u0631\u0632\u06cc\u0627\u0628\u06cc \u062f\u0631\u0648\u0646\u06cc<\/strong>&nbsp;\u0648 \u0647\u0645\u0686\u0646\u06cc\u0646 \u0628\u0627 \u0627\u0633\u062a\u0641\u0627\u062f\u0647 \u0627\u0632 \u062a\u0633\u062a\u200c\u0647\u0627\u06cc \u062e\u0648\u062f\u06a9\u0627\u0631.<\/p>\n\n\n\n<hr class=\"wp-block-separator has-alpha-channel-opacity\"\/>\n\n\n\n<h3 class=\"wp-block-heading\"><strong>\u0628\u0627\u0632\u062e\u0648\u0631\u062f \u0648 \u0627\u0637\u0644\u0627\u0639\u0627\u062a \u062a\u0645\u0627\u0633<\/strong><\/h3>\n\n\n\n<p>\u0627\u06af\u0631 \u062f\u0631 \u0648\u0628\u200c\u0633\u0627\u06cc\u062a \u0645\u0627 \u0628\u0627 \u0647\u0631\u06af\u0648\u0646\u0647 \u0645\u0627\u0646\u0639\u06cc \u0645\u0648\u0627\u062c\u0647 \u0634\u062f\u06cc\u062f \u06cc\u0627 \u067e\u06cc\u0634\u0646\u0647\u0627\u062f\u06cc \u0628\u0631\u0627\u06cc \u0628\u0647\u0628\u0648\u062f \u062f\u0627\u0631\u06cc\u062f\u060c \u0644\u0637\u0641\u0627\u064b \u0628\u0627 \u0645\u0627 \u062a\u0645\u0627\u0633 \u0628\u06af\u06cc\u0631\u06cc\u062f:<\/p>\n\n\n\n<p>\u0627\u0646\u062c\u0645\u0646 \u062e\u0627\u0646\u0648\u0627\u062f\u0647\u200c\u0647\u0627 \u0648 \u0645\u0634\u0627\u0631\u06a9\u062a\u200c\u0647\u0627\u06cc \u062f\u0648 \u0645\u0644\u06cc\u062a\u06cc\u060c iaf eV<br>\u062f\u0641\u062a\u0631 \u0645\u0634\u0627\u0648\u0631\u0647 \u0648 \u06a9\u0633\u0628 \u0648 \u06a9\u0627\u0631 \u0644\u0627\u06cc\u067e\u0632\u06cc\u06af<br><br><a href=\"https:\/\/www.google.com\/maps\/place\/Verband+binationaler+Familien+u.+Partnerschaften+e.V.\/@51.3232198,12.3793402,18.79z\/data=!4m5!3m4!1s0x0:0x280bc9ed9b02c389!8m2!3d51.3232449!4d12.3798815\" target=\"_blank\" rel=\"noreferrer noopener\">\u062e\u06cc\u0627\u0628\u0627\u0646 \u0622\u0631\u0646\u062f\u062a\u060c \u067e\u0644\u0627\u06a9 \u06f6\u06f3<br>\u06f0\u06f4\u06f2\u06f7\u06f5 \u0644\u0627\u06cc\u067e\u0632\u06cc\u06af<\/a><br><br>\u062a\u0644\u0641\u0646: \u06f0\u06f3\u06f4\u06f1-\u06f6 \u06f8\u06f8 \u06f0\u06f0 \u06f2\u06f2<br>\u0627\u06cc\u0645\u06cc\u0644:&nbsp;<a href=\"http:\/\/leipzig@verband-binationaler-de\/\" rel=\"noreferrer noopener\" target=\"_blank\">leipzig@verband-binationaler-de<\/a><\/p>\n\n\n\n<hr class=\"wp-block-separator has-alpha-channel-opacity\"\/>\n\n\n\n<h3 class=\"wp-block-heading\"><strong>\u0645\u0631\u0627\u062d\u0644 \u0627\u062c\u0631\u0627\u06cc \u0627\u062d\u06a9\u0627\u0645<\/strong><\/h3>\n\n\n\n<p>\u0627\u06af\u0631 \u0628\u0647 \u0633\u0648\u0627\u0644 \u0634\u0645\u0627 \u062f\u0631 \u0645\u0648\u0631\u062f \u062f\u0633\u062a\u0631\u0633\u06cc \u0628\u0647 \u0648\u0628\u200c\u0633\u0627\u06cc\u062a \u0645\u0627 \u0628\u0647 \u0637\u0648\u0631 \u0631\u0636\u0627\u06cc\u062a\u200c\u0628\u062e\u0634 \u067e\u0627\u0633\u062e \u062f\u0627\u062f\u0647 \u0646\u0634\u062f\u0647 \u0627\u0633\u062a\u060c \u0645\u06cc\u200c\u062a\u0648\u0627\u0646\u06cc\u062f \u0628\u0627 ... \u062a\u0645\u0627\u0633 \u0628\u06af\u06cc\u0631\u06cc\u062f.&nbsp;<strong>\u0646\u0647\u0627\u062f \u0627\u062c\u0631\u0627\u06cc\u06cc&nbsp;<\/strong>\u0628\u0686\u0631\u062e:<\/p>\n\n\n\n<p><strong>\u0646\u0647\u0627\u062f \u0646\u0638\u0627\u0631\u062a \u0628\u0631 \u062f\u0633\u062a\u0631\u0633\u06cc \u062f\u06cc\u062c\u06cc\u062a\u0627\u0644 \u062f\u0631 \u0632\u0627\u06a9\u0633\u0646<\/strong><br>\u0648\u0632\u0627\u0631\u062a \u0627\u0645\u0648\u0631 \u0627\u062c\u062a\u0645\u0627\u0639\u06cc \u0648 \u0627\u0646\u0633\u062c\u0627\u0645 \u0627\u062c\u062a\u0645\u0627\u0639\u06cc \u0627\u06cc\u0627\u0644\u062a \u0633\u0627\u06a9\u0633\u0648\u0646\u06cc<br>\u0627\u06cc\u0645\u06cc\u0644:&nbsp;<a href=\"mailto:durchsetzungsstelle@sk.sachsen.de\">durchsetzungsstelle@sk.sachsen.de<\/a><br>\u0648\u0628:&nbsp;<a href=\"https:\/\/www.durchsetzungsstelle.sachsen.de\/\" rel=\"noreferrer noopener\" target=\"_blank\">www.durchsetzungsstelle.sachsen.de<\/a><\/p>\n\n\n\n<hr class=\"wp-block-separator has-alpha-channel-opacity\"\/>\n\n\n\n<p>\u0645\u0627 \u062f\u0627\u0626\u0645\u0627\u064b \u062f\u0631 \u062a\u0644\u0627\u0634\u06cc\u0645 \u062a\u0627 \u062d\u0636\u0648\u0631 \u062f\u06cc\u062c\u06cc\u062a\u0627\u0644\u06cc \u062e\u0648\u062f \u0631\u0627 \u0628\u0631\u0627\u06cc \u0647\u0645\u0647 \u0642\u0627\u0628\u0644 \u062f\u0633\u062a\u0631\u0633\u200c\u062a\u0631 \u06a9\u0646\u06cc\u0645 \u0648 \u0627\u0632 \u0628\u0627\u0632\u062e\u0648\u0631\u062f \u0634\u0645\u0627 \u0645\u062a\u0634\u06a9\u0631\u06cc\u0645!<\/p>\n<div class=\"gsp_post_data\" \r\n\t            data-post_type=\"page\" \r\n\t            data-cat=\"\" \r\n\t            data-modified=\"120\"\r\n\t            data-created=\"1750852070\"\r\n\t            data-title=\"Barrierefreiheitserkl\u00e4rung\" \r\n\t            data-home=\"https:\/\/info-to-go.binational-leipzig.de\/fa\"><\/div>","protected":false},"excerpt":{"rendered":"<p>Erkl\u00e4rung zur Barrierefreiheit Verband binationaler Familien und Partnerschaften, iaf e.V. Gesch\u00e4fts- und Beratungsstelle Leipzig&nbsp;ist bestrebt, ihre Website in \u00dcbereinstimmung mit den gesetzlichen Vorgaben zur Barrierefreiheit nutzbar zu machen. Diese Erkl\u00e4rung zur Barrierefreiheit gilt f\u00fcr die Website&nbsp;binational-leipzig.de Stand der Vereinbarkeit mit den Anforderungen Diese Website ist&nbsp;teilweise&nbsp;mit den Anforderungen der&nbsp;Barrierefreie-Informationstechnik-Verordnung (BITV 2.0) sowie der EU-Richtlinie 2016\/2102&nbsp;vereinbar. Wir [&hellip;]<\/p>\n","protected":false},"author":2,"featured_media":0,"parent":0,"menu_order":0,"comment_status":"closed","ping_status":"closed","template":"","meta":{"footnotes":""},"categories":[],"tags":[],"class_list":["post-598","page","type-page","status-publish","hentry"],"_links":{"self":[{"href":"https:\/\/info-to-go.binational-leipzig.de\/fa\/wp-json\/wp\/v2\/pages\/598","targetHints":{"allow":["GET"]}}],"collection":[{"href":"https:\/\/info-to-go.binational-leipzig.de\/fa\/wp-json\/wp\/v2\/pages"}],"about":[{"href":"https:\/\/info-to-go.binational-leipzig.de\/fa\/wp-json\/wp\/v2\/types\/page"}],"author":[{"embeddable":true,"href":"https:\/\/info-to-go.binational-leipzig.de\/fa\/wp-json\/wp\/v2\/users\/2"}],"replies":[{"embeddable":true,"href":"https:\/\/info-to-go.binational-leipzig.de\/fa\/wp-json\/wp\/v2\/comments?post=598"}],"version-history":[{"count":1,"href":"https:\/\/info-to-go.binational-leipzig.de\/fa\/wp-json\/wp\/v2\/pages\/598\/revisions"}],"predecessor-version":[{"id":599,"href":"https:\/\/info-to-go.binational-leipzig.de\/fa\/wp-json\/wp\/v2\/pages\/598\/revisions\/599"}],"wp:attachment":[{"href":"https:\/\/info-to-go.binational-leipzig.de\/fa\/wp-json\/wp\/v2\/media?parent=598"}],"wp:term":[{"taxonomy":"category","embeddable":true,"href":"https:\/\/info-to-go.binational-leipzig.de\/fa\/wp-json\/wp\/v2\/categories?post=598"},{"taxonomy":"post_tag","embeddable":true,"href":"https:\/\/info-to-go.binational-leipzig.de\/fa\/wp-json\/wp\/v2\/tags?post=598"}],"curies":[{"name":"\u0648\u0631\u062f\u067e\u0631\u0633","href":"https:\/\/api.w.org\/{rel}","templated":true}]}}