{"id":31,"date":"2023-07-09T23:06:26","date_gmt":"2023-07-09T21:06:26","guid":{"rendered":"https:\/\/sprijin.binational-leipzig.de\/?page_id=31"},"modified":"2025-08-22T16:37:13","modified_gmt":"2025-08-22T14:37:13","slug":"arbeit","status":"publish","type":"page","link":"https:\/\/info-to-go.binational-leipzig.de\/fr\/start\/wirtschaft\/arbeit\/","title":{"rendered":"Travail"},"content":{"rendered":"<div class=\"wp-block-esab-accordion accordion-a3b61b0f\" data-mode=\"global\"><div class=\"esab__container\">\n<div class=\"wp-block-esab-accordion-child\"><div class=\"esab__head\" role=\"button\" aria-expanded=\"false\"><div class=\"esab__heading_txt\"><h2 class=\"esab__heading_tag\">Je viens de l&#039;UE. Puis-je travailler en Allemagne ?<\/h2><\/div><div class=\"esab__icon\"><div class=\"esab__collapse\"> <svg version=\"1.2\" viewbox=\"0 0 24 24\" width=\"24\" height=\"24\"><path fill-rule=\"evenodd\" d=\"m3.5 20.5c-4.7-4.7-4.7-12.3 0-17 4.7-4.7 12.3-4.7 17 0 4.6 4.7 4.6 12.3 0 17-4.7 4.6-12.3 4.6-17 0zm0.9-0.9c4.2 4.2 11 4.2 15.2 0 4.2-4.2 4.2-11 0-15.2-4.2-4.3-11-4.3-15.2 0-4.3 4.2-4.3 11 0 15.2z\"><\/path><path d=\"m11.4 15.9v-3.3h-3.3c-0.3 0-0.6-0.3-0.6-0.6 0-0.4 0.3-0.6 0.6-0.6h3.3v-3.3c0-0.3 0.3-0.6 0.6-0.6 0.3 0 0.6 0.3 0.6 0.6v3.3h3.3c0.3 0 0.6 0.2 0.6 0.6q0 0.2-0.2 0.4-0.2 0.2-0.4 0.2h-3.3v3.3q0 0.2-0.2 0.4-0.2 0.2-0.4 0.2c-0.4 0-0.6-0.3-0.6-0.6z\"><\/path><\/svg> <\/div><div class=\"esab__expand\"> <svg version=\"1.2\" viewbox=\"0 0 24 24\" width=\"24\" height=\"24\"><path fill-rule=\"evenodd\" d=\"m12 24c-6.6 0-12-5.4-12-12 0-6.6 5.4-12 12-12 6.6 0 12 5.4 12 12 0 6.6-5.4 12-12 12zm10.6-12c0-5.9-4.7-10.6-10.6-10.6-5.9 0-10.6 4.7-10.6 10.6 0 5.9 4.7 10.6 10.6 10.6 5.9 0 10.6-4.7 10.6-10.6z\"><\/path><path d=\"m5.6 11.3h12.8v1.4h-12.8z\"><\/path><\/svg> <\/div><\/div><\/div><div class=\"esab__body\">\n<p>Vous pouvez commencer \u00e0 travailler imm\u00e9diatement.<br>Vous n\u2019avez besoin d\u2019aucune permission ni approbation.<br>Vous pouvez commencer n\u2019importe quel travail.<\/p>\n\n\n\n<p>Parfois, une entreprise vous dira que vous devez vous inscrire avant de pouvoir travailler.<br>Ce n&#039;est pas vrai. <strong>Vous pouvez travailler sans vous inscrire.<\/strong><br><a href=\"https:\/\/bema.berlin\/site\/assets\/files\/1244\/1_arbeiten_ohne_anmeldung_einer_wohnadresse_stand_28_2_2019_senias.pdf\" target=\"_blank\" rel=\"noreferrer noopener\">Ce document<\/a> l&#039;explique aux employeurs s&#039;ils ont des questions \u00e0 ce sujet.<br><a href=\"https:\/\/www.eu-gleichbehandlungsstelle.de\/eugs-de\/praxisleitfaden\/arbeiten-ohne-meldeadresse\" target=\"_blank\" rel=\"noreferrer noopener\">Ici<\/a> vous pouvez en savoir plus sur la fa\u00e7on d&#039;obtenir un emploi, un compte bancaire, etc. sans vous inscrire.<\/p>\n\n\n\n<p>Si vous souhaitez travailler de mani\u00e8re ind\u00e9pendante, vous devez d&#039;abord vous inscrire aupr\u00e8s du bureau des imp\u00f4ts (pour le travail ind\u00e9pendant) ou du bureau du commerce (pour une licence commerciale). Le <a href=\"https:\/\/www.egz-leipzig.de\/leistungen\/beratung-und-coaching\/gruendungsunterstuetzung-fuer-migranten\" target=\"_blank\" rel=\"noopener\">EGZ<\/a> (Start-up Center) aide les personnes qui souhaitent devenir ind\u00e9pendantes. Ils proposent des formations et des conseils en anglais, russe, arabe et d&#039;autres langues.<\/p>\n<\/div><\/div>\n\n\n\n<div class=\"wp-block-esab-accordion-child\"><div class=\"esab__head\" role=\"button\" aria-expanded=\"false\"><div class=\"esab__heading_txt\"><h2 class=\"esab__heading_tag\">Comment trouver un emploi ?<\/h2><\/div><div class=\"esab__icon\"><div class=\"esab__collapse\"> <svg version=\"1.2\" viewbox=\"0 0 24 24\" width=\"24\" height=\"24\"><path fill-rule=\"evenodd\" d=\"m3.5 20.5c-4.7-4.7-4.7-12.3 0-17 4.7-4.7 12.3-4.7 17 0 4.6 4.7 4.6 12.3 0 17-4.7 4.6-12.3 4.6-17 0zm0.9-0.9c4.2 4.2 11 4.2 15.2 0 4.2-4.2 4.2-11 0-15.2-4.2-4.3-11-4.3-15.2 0-4.3 4.2-4.3 11 0 15.2z\"><\/path><path d=\"m11.4 15.9v-3.3h-3.3c-0.3 0-0.6-0.3-0.6-0.6 0-0.4 0.3-0.6 0.6-0.6h3.3v-3.3c0-0.3 0.3-0.6 0.6-0.6 0.3 0 0.6 0.3 0.6 0.6v3.3h3.3c0.3 0 0.6 0.2 0.6 0.6q0 0.2-0.2 0.4-0.2 0.2-0.4 0.2h-3.3v3.3q0 0.2-0.2 0.4-0.2 0.2-0.4 0.2c-0.4 0-0.6-0.3-0.6-0.6z\"><\/path><\/svg> <\/div><div class=\"esab__expand\"> <svg version=\"1.2\" viewbox=\"0 0 24 24\" width=\"24\" height=\"24\"><path fill-rule=\"evenodd\" d=\"m12 24c-6.6 0-12-5.4-12-12 0-6.6 5.4-12 12-12 6.6 0 12 5.4 12 12 0 6.6-5.4 12-12 12zm10.6-12c0-5.9-4.7-10.6-10.6-10.6-5.9 0-10.6 4.7-10.6 10.6 0 5.9 4.7 10.6 10.6 10.6 5.9 0 10.6-4.7 10.6-10.6z\"><\/path><path d=\"m5.6 11.3h12.8v1.4h-12.8z\"><\/path><\/svg> <\/div><\/div><\/div><div class=\"esab__body\">\n<p>De nos jours, la plupart des offres d\u2019emploi peuvent \u00eatre trouv\u00e9es en ligne.<br>Voici quelques sites Web importants qui r\u00e9pertorient les emplois dans toute l&#039;Allemagne\u00a0:<\/p>\n\n\n\n<ul class=\"wp-block-list\">\n<li><a href=\"https:\/\/www.monster.de\/jobs\/suche?q=&amp;where=leipzig&amp;page=1&amp;so=m.h.s\" target=\"_blank\" rel=\"noreferrer noopener\">https:\/\/www.monster.de\/jobs\/suche?q=&amp;where=leipzig&amp;page=1&amp;so=m.h.s<\/a>&nbsp;<\/li>\n\n\n\n<li><a href=\"https:\/\/www.stepstone.de\/jobs\/in-leipzig?radius=10\" target=\"_blank\" rel=\"noreferrer noopener\">https:\/\/www.stepstone.de\/jobs\/in-leipzig?radius=10<\/a>&nbsp;<\/li>\n\n\n\n<li><a href=\"https:\/\/de.indeed.com\/Jobs?l=Leipzig&amp;radius=10&amp;vjk=83a771d44ca870f0\" target=\"_blank\" rel=\"noreferrer noopener\">https:\/\/de.indeed.com\/Jobs?l=Leipzig&amp;radius=10&amp;vjk=83a771d44ca870f0<\/a>&nbsp;<\/li>\n<\/ul>\n\n\n\n<p>L&#039;Agence f\u00e9d\u00e9rale pour l&#039;emploi dispose de son propre grand <a href=\"https:\/\/www.arbeitsagentur.de\/jobsuche\/suche?angebotsart=1&amp;wo=leipzig&amp;umkreis=10&amp;id=10000-1197360251-S\" target=\"_blank\" rel=\"noreferrer noopener\">March\u00e9 du travail<\/a>.<\/p>\n\n\n\n<p>\u00c0 Leipzig, vous pouvez \u00e9galement <a href=\"\/fr\/L&\/#039;Agence f\u00e9d\u00e9rale pour l&#039;emploi dispose de sa propre grande bourse de l&#039;emploi. \u00c0 Leipzig, vous pouvez \u00e9galement trouver des offres d&#039;emploi sur Das Schwanze Brett et les petites annonces eBay.https:\/\/www.dsble.de\/jobs\/nur\/in\/leipzigIl existe \u00e9galement des panneaux avec des offres d&#039;emploi dans des endroits comme les supermarch\u00e9s, les restaurants et les bars.  Si vous \u00eates int\u00e9ress\u00e9 par un emploi, postulez. Vous pouvez simplement postuler directement verbalement. Tr\u00e8s souvent, les candidatures se font d\u00e9sormais par courrier \u00e9lectronique ou directement via le portail d\u2019emploi en ligne. Cependant, vous avez g\u00e9n\u00e9ralement besoin d\u2019au moins un CV. Il s&#039;agit d&#039;un document de 1 \u00e0 2 pages. Il comprend : \u00b7 Vos donn\u00e9es personnelles et vos coordonn\u00e9es \u00b7 O\u00f9 vous \u00eates all\u00e9 \u00e0 l&#039;\u00e9cole \u00b7 O\u00f9 vous avez \u00e9tudi\u00e9 ou appris un m\u00e9tier \u00b7 O\u00f9 vous avez travaill\u00e9 \u00b7 Quelles langues vous parlez Il existe diff\u00e9rents formats pour r\u00e9diger un CV. Il est important que vous fournissiez toutes les informations sur votre formation et votre exp\u00e9rience professionnelle. V\u00e9rifiez que vos coordonn\u00e9es sont correctes et \u00e0 jour. Ici, vous pouvez voir des exemples et utiliser un mod\u00e8le pour cr\u00e9er votre propre CV.\" target=\"_blank\" rel=\"noreferrer noopener\">Le tableau d&#039;affichage<\/a> et <a href=\"https:\/\/www.kleinanzeigen.de\/s-jobs\/leipzig\/anzeige:angebote\/c102l4233\" target=\"_blank\" rel=\"noreferrer noopener\">Petites annonces<\/a> Trouver des offres d&#039;emploi.<br>Il y a \u00e9galement des panneaux avec des offres d&#039;emploi dans des endroits comme les supermarch\u00e9s, les restaurants, les bars.<\/p>\n\n\n\n<p>Si vous \u00eates int\u00e9ress\u00e9 par un emploi, postulez.<br>Dans certains cas, vous pouvez simplement postuler verbalement sur place ou via WhatsApp.<br>Mais la plupart des candidatures se font par courrier \u00e9lectronique ou directement sur le portail d\u2019emploi en ligne.<br>En g\u00e9n\u00e9ral, il faut envoyer un CV.<\/p>\n\n\n\n<p><br>Un CV est un document de 1 \u00e0 2 pages.<\/p>\n\n\n\n<p>Il est \u00e9crit :<\/p>\n\n\n\n<div class=\"wp-block-group is-vertical is-layout-flex wp-container-core-group-is-layout-8cf370e7 wp-block-group-is-layout-flex\">\n<p class=\"has-text-align-center\">Vos donn\u00e9es personnelles et vos coordonn\u00e9es<\/p>\n\n\n\n<p class=\"has-text-align-center\">O\u00f9 es-tu all\u00e9 \u00e0 l&#039;\u00e9cole<\/p>\n\n\n\n<p class=\"has-text-align-center\">Que vous ayez \u00e9tudi\u00e9 ou appris un m\u00e9tier<\/p>\n\n\n\n<p class=\"has-text-align-center\">O\u00f9 avez-vous d\u00e9j\u00e0 travaill\u00e9<\/p>\n\n\n\n<p class=\"has-text-align-center\">Quelles langues parlez-vous<\/p>\n\n\n\n<p>Quelles autres comp\u00e9tences poss\u00e9dez-vous ?<\/p>\n<\/div>\n\n\n\n<p><\/p>\n\n\n\n<p><\/p>\n\n\n\n<p>Il existe diff\u00e9rents formats pour r\u00e9diger un CV.<br>Il est important que vous fournissiez toutes les informations sur votre formation et votre exp\u00e9rience professionnelle.<br>V\u00e9rifiez que vos coordonn\u00e9es sont correctes et \u00e0 jour.<br>L&#039;outil en ligne <a href=\"https:\/\/www.canva.com\/de_de\/\" target=\"_blank\" rel=\"noopener\">Canva <\/a>dispose de diff\u00e9rentes options pour cr\u00e9er un CV gratuitement.<\/p>\n\n\n\n<p>Si vous disposez de justificatifs de dipl\u00f4mes (dipl\u00f4me de fin d&#039;\u00e9tudes, formation professionnelle, \u00e9tudes universitaires) ou de r\u00e9f\u00e9rences professionnelles, veuillez les joindre \u00e0 votre CV. Si les dipl\u00f4mes ne sont pas en allemand, l&#039;agence pour l&#039;emploi ou le centre pour l&#039;emploi peut facturer une traduction. Il est imp\u00e9ratif d&#039;en discuter avec votre agence pour l&#039;emploi ou votre centre pour l&#039;emploi avant de faire traduire les documents.<\/p>\n\n\n\n<p>L&#039;Agence pour l&#039;emploi de Leipzig dispose d&#039;un <a href=\"https:\/\/www.arbeitsagentur.de\/vor-ort\/leipzig\/biz-leipzig\" target=\"_blank\" rel=\"noreferrer noopener\">Centre d&#039;information sur les carri\u00e8res<\/a> (BIS).<br>Vous pouvez simplement passer nous voir et obtenir des informations sur la recherche d&#039;emploi.<br>Il y a \u00e9galement des ordinateurs avec Internet o\u00f9 vous pouvez postuler ou rechercher des emplois.<\/p>\n\n\n\n<p>Tu peux <a href=\"https:\/\/www.facebook.com\/WirsindPatenLeipzig\/?locale=de_DE\" target=\"_blank\" rel=\"noreferrer noopener\">Nous sommes sponsors<\/a> si vous avez besoin d&#039;aide avec votre CV ou votre candidature.<br>Cette aide est disponible le vendredi de 15h \u00e0 17h. \u00e0 la rue Zschochersche 50.<br>Les gens l\u00e0-bas parlent des langues diff\u00e9rentes.<\/p>\n\n\n\n<p>Le site <a href=\"https:\/\/www.leipziger-erwerbslosenzentrum.de\/Home\" target=\"_blank\" rel=\"noopener\">Centre de ch\u00f4mage de Leipzig<\/a> (LEZ) propose \u00e9galement une aide gratuite pour la recherche d&#039;emploi et les candidatures. Vous devez d&#039;abord vous inscrire par email ou par t\u00e9l\u00e9phone et remplir au mieux ce questionnaire en guise de pr\u00e9paration. <\/p>\n\n\n\n<div data-wp-interactive=\"core\/file\" class=\"wp-block-file\"><object data-wp-bind--hidden=\"!state.hasPdfPreview\" hidden class=\"wp-block-file__embed\" data=\"https:\/\/info-to-go.binational-leipzig.de\/wp-content\/uploads\/2025\/04\/Fragebogen-Formular-fuer-die-Erstellung-von-Bewerbungsunterlagen-1.pdf\" type=\"application\/pdf\" style=\"width:100%;height:600px\" aria-label=\"Contenu embarqu\u00e9 Fragebogen - Formular f\u00fcr die Erstellung von Bewerbungsunterlagen-1.\"><\/object><a id=\"wp-block-file--media-6cb7fce2-57dd-4588-bd06-8366eb265072\" href=\"https:\/\/info-to-go.binational-leipzig.de\/wp-content\/uploads\/2025\/04\/Fragebogen-Formular-fuer-die-Erstellung-von-Bewerbungsunterlagen-1.pdf\">Questionnaire \u2013 Formulaire pour la pr\u00e9paration des documents de candidature-1<\/a><a href=\"https:\/\/info-to-go.binational-leipzig.de\/wp-content\/uploads\/2025\/04\/Fragebogen-Formular-fuer-die-Erstellung-von-Bewerbungsunterlagen-1.pdf\" class=\"wp-block-file__button wp-element-button\" aria-describedby=\"wp-block-file--media-6cb7fce2-57dd-4588-bd06-8366eb265072\" download>T\u00e9l\u00e9charger<\/a><\/div>\n<\/div><\/div>\n\n\n\n<div class=\"wp-block-esab-accordion-child\"><div class=\"esab__head\" role=\"button\" aria-expanded=\"false\"><div class=\"esab__heading_txt\"><h2 class=\"esab__heading_tag\">Qu&#039;est-ce qu&#039;un mini-job ?<\/h2><\/div><div class=\"esab__icon\"><div class=\"esab__collapse\"> <svg version=\"1.2\" viewbox=\"0 0 24 24\" width=\"24\" height=\"24\"><path fill-rule=\"evenodd\" d=\"m3.5 20.5c-4.7-4.7-4.7-12.3 0-17 4.7-4.7 12.3-4.7 17 0 4.6 4.7 4.6 12.3 0 17-4.7 4.6-12.3 4.6-17 0zm0.9-0.9c4.2 4.2 11 4.2 15.2 0 4.2-4.2 4.2-11 0-15.2-4.2-4.3-11-4.3-15.2 0-4.3 4.2-4.3 11 0 15.2z\"><\/path><path d=\"m11.4 15.9v-3.3h-3.3c-0.3 0-0.6-0.3-0.6-0.6 0-0.4 0.3-0.6 0.6-0.6h3.3v-3.3c0-0.3 0.3-0.6 0.6-0.6 0.3 0 0.6 0.3 0.6 0.6v3.3h3.3c0.3 0 0.6 0.2 0.6 0.6q0 0.2-0.2 0.4-0.2 0.2-0.4 0.2h-3.3v3.3q0 0.2-0.2 0.4-0.2 0.2-0.4 0.2c-0.4 0-0.6-0.3-0.6-0.6z\"><\/path><\/svg> <\/div><div class=\"esab__expand\"> <svg version=\"1.2\" viewbox=\"0 0 24 24\" width=\"24\" height=\"24\"><path fill-rule=\"evenodd\" d=\"m12 24c-6.6 0-12-5.4-12-12 0-6.6 5.4-12 12-12 6.6 0 12 5.4 12 12 0 6.6-5.4 12-12 12zm10.6-12c0-5.9-4.7-10.6-10.6-10.6-5.9 0-10.6 4.7-10.6 10.6 0 5.9 4.7 10.6 10.6 10.6 5.9 0 10.6-4.7 10.6-10.6z\"><\/path><path d=\"m5.6 11.3h12.8v1.4h-12.8z\"><\/path><\/svg> <\/div><\/div><\/div><div class=\"esab__body\">\n<p>Un mini-job est un travail \u00e0 temps partiel. Avec un mini-job, vous pouvez gagner un maximum de 556 \u20ac par mois. M\u00eame avec un mini-job, vous avez les m\u00eames droits que dans un emploi \u00e0 temps plein, par exemple les vacances, le salaire minimum, la protection contre le licenciement. Ces droits sont <a href=\"https:\/\/www.minijob-zentrale.de\/DE\/die-minijobs\/arbeitsrechte-im-minijob\/arbeitsrechte-im-minijob_node.html\" target=\"_blank\" rel=\"noopener\">ici<\/a> bien expliqu\u00e9 (aussi en anglais).<\/p>\n\n\n\n<p>Les citoyens de l&#039;UE ayant un mini-emploi sont consid\u00e9r\u00e9s comme des employ\u00e9s en Allemagne et ont donc droit \u00e0 des prestations sociales telles que l&#039;allocation citoyenne et les allocations familiales. Cependant, avec un mini-emploi, vous n&#039;\u00eates pas couvert par une assurance maladie via votre travail. Il arrive parfois que des personnes occupent un mini-emploi pendant une longue p\u00e9riode et ne s&#039;inscrivent aupr\u00e8s d&#039;une compagnie d&#039;assurance maladie que plus tard. Ils doivent souvent payer beaucoup d\u2019argent pour les derniers mois pass\u00e9s en Allemagne. Si vous avez un mini-emploi, il est judicieux de demander une allocation citoyenne aupr\u00e8s du centre pour l&#039;emploi. Le centre pour l&#039;emploi prend en charge les frais d&#039;assurance maladie.<\/p>\n<\/div><\/div>\n\n\n\n<div class=\"wp-block-esab-accordion-child\"><div class=\"esab__head\" role=\"button\" aria-expanded=\"false\"><div class=\"esab__heading_txt\"><h2 class=\"esab__heading_tag\">Qui peut m&#039;aider \u00e0 trouver un emploi ?<\/h2><\/div><div class=\"esab__icon\"><div class=\"esab__collapse\"> <svg version=\"1.2\" viewbox=\"0 0 24 24\" width=\"24\" height=\"24\"><path fill-rule=\"evenodd\" d=\"m3.5 20.5c-4.7-4.7-4.7-12.3 0-17 4.7-4.7 12.3-4.7 17 0 4.6 4.7 4.6 12.3 0 17-4.7 4.6-12.3 4.6-17 0zm0.9-0.9c4.2 4.2 11 4.2 15.2 0 4.2-4.2 4.2-11 0-15.2-4.2-4.3-11-4.3-15.2 0-4.3 4.2-4.3 11 0 15.2z\"><\/path><path d=\"m11.4 15.9v-3.3h-3.3c-0.3 0-0.6-0.3-0.6-0.6 0-0.4 0.3-0.6 0.6-0.6h3.3v-3.3c0-0.3 0.3-0.6 0.6-0.6 0.3 0 0.6 0.3 0.6 0.6v3.3h3.3c0.3 0 0.6 0.2 0.6 0.6q0 0.2-0.2 0.4-0.2 0.2-0.4 0.2h-3.3v3.3q0 0.2-0.2 0.4-0.2 0.2-0.4 0.2c-0.4 0-0.6-0.3-0.6-0.6z\"><\/path><\/svg> <\/div><div class=\"esab__expand\"> <svg version=\"1.2\" viewbox=\"0 0 24 24\" width=\"24\" height=\"24\"><path fill-rule=\"evenodd\" d=\"m12 24c-6.6 0-12-5.4-12-12 0-6.6 5.4-12 12-12 6.6 0 12 5.4 12 12 0 6.6-5.4 12-12 12zm10.6-12c0-5.9-4.7-10.6-10.6-10.6-5.9 0-10.6 4.7-10.6 10.6 0 5.9 4.7 10.6 10.6 10.6 5.9 0 10.6-4.7 10.6-10.6z\"><\/path><path d=\"m5.6 11.3h12.8v1.4h-12.8z\"><\/path><\/svg> <\/div><\/div><\/div><div class=\"esab__body\">\n<p>Le <a href=\"https:\/\/www.arbeitsagentur.de\/vor-ort\/leipzig\" target=\"_blank\" rel=\"noopener\">Agence f\u00e9d\u00e9rale pour l&#039;emploi<\/a> aide les ch\u00f4meurs en Allemagne \u00e0 trouver un emploi.<br>Les citoyens de l&#039;UE peuvent s&#039;inscrire comme demandeurs d&#039;emploi aupr\u00e8s de l&#039;Agence pour l&#039;emploi de Leipzig.<br>Vous ne recevrez pas d\u2019allocations ch\u00f4mage si vous n\u2019avez pas encore travaill\u00e9 en Allemagne.<br>Mais le personnel vous aidera \u00e0 trouver un emploi.<br>Si vous ne parlez pas beaucoup allemand, l&#039;agence pour l&#039;emploi devra organiser une traduction pour vous.<\/p>\n\n\n\n<p>\u00c0 Leipzig, il existe des projets qui aident les migrants \u00e0 trouver du travail.<\/p>\n\n\n\n<p>Pour les femmes avec ou sans comp\u00e9tences en allemand, il existe le projet <a href=\"https:\/\/daa-sat.de\/ave\" target=\"_blank\" rel=\"noreferrer noopener\">AVE<\/a>. Les hommes entre 18 et 35 ans avec ou sans connaissance de l&#039;allemand peuvent rejoindre le projet <a href=\"https:\/\/daa-mitte-ost.de\/bildungsangebote\/projekte\/kommpaktle\" target=\"_blank\" rel=\"noopener\">kommPAkT.LE<\/a> partir.<\/p>\n\n\n\n<p>Si vous connaissez d\u00e9j\u00e0 un peu l&#039;allemand et que vous recherchez un emploi qualifi\u00e9 ou une formation, alors le projet <a href=\"https:\/\/www.arbeitundleben.eu\/projekte\/detail\/arbeitsmarktmentoren-leipzig-481\/\" target=\"_blank\" rel=\"noreferrer noopener\">Mentors du march\u00e9 du travail<\/a> Toi avec \u00e7a.<\/p>\n\n\n\n<p><a href=\"https:\/\/www.fia-leipzig.de\/\" target=\"_blank\" rel=\"noopener\">Les femmes au travail <\/a>(FiA) et <a href=\"https:\/\/www.arbeitundleben.eu\/projekte\/detail\/base-leipzig-1175\/\" target=\"_blank\" rel=\"noopener\">BASE Leipzig<\/a> sont deux autres projets qui soutiennent les femmes dans des probl\u00e9matiques telles que l&#039;acc\u00e8s au march\u00e9 du travail, la recherche d&#039;emploi, les stages, etc.<\/p>\n<\/div><\/div>\n\n\n\n<div class=\"wp-block-esab-accordion-child\"><div class=\"esab__head\" role=\"button\" aria-expanded=\"false\"><div class=\"esab__heading_txt\"><h2 class=\"esab__heading_tag\">Dois-je parler allemand ?<\/h2><\/div><div class=\"esab__icon\"><div class=\"esab__collapse\"> <svg version=\"1.2\" viewbox=\"0 0 24 24\" width=\"24\" height=\"24\"><path fill-rule=\"evenodd\" d=\"m3.5 20.5c-4.7-4.7-4.7-12.3 0-17 4.7-4.7 12.3-4.7 17 0 4.6 4.7 4.6 12.3 0 17-4.7 4.6-12.3 4.6-17 0zm0.9-0.9c4.2 4.2 11 4.2 15.2 0 4.2-4.2 4.2-11 0-15.2-4.2-4.3-11-4.3-15.2 0-4.3 4.2-4.3 11 0 15.2z\"><\/path><path d=\"m11.4 15.9v-3.3h-3.3c-0.3 0-0.6-0.3-0.6-0.6 0-0.4 0.3-0.6 0.6-0.6h3.3v-3.3c0-0.3 0.3-0.6 0.6-0.6 0.3 0 0.6 0.3 0.6 0.6v3.3h3.3c0.3 0 0.6 0.2 0.6 0.6q0 0.2-0.2 0.4-0.2 0.2-0.4 0.2h-3.3v3.3q0 0.2-0.2 0.4-0.2 0.2-0.4 0.2c-0.4 0-0.6-0.3-0.6-0.6z\"><\/path><\/svg> <\/div><div class=\"esab__expand\"> <svg version=\"1.2\" viewbox=\"0 0 24 24\" width=\"24\" height=\"24\"><path fill-rule=\"evenodd\" d=\"m12 24c-6.6 0-12-5.4-12-12 0-6.6 5.4-12 12-12 6.6 0 12 5.4 12 12 0 6.6-5.4 12-12 12zm10.6-12c0-5.9-4.7-10.6-10.6-10.6-5.9 0-10.6 4.7-10.6 10.6 0 5.9 4.7 10.6 10.6 10.6 5.9 0 10.6-4.7 10.6-10.6z\"><\/path><path d=\"m5.6 11.3h12.8v1.4h-12.8z\"><\/path><\/svg> <\/div><\/div><\/div><div class=\"esab__body\">\n<p>Aucune loi n\u2019exige un niveau A2 ou B1 pour travailler, par exemple.<br>Chaque entreprise peut d\u00e9cider elle-m\u00eame du niveau d\u2019allemand dont ses employ\u00e9s ont besoin.<\/p>\n\n\n\n<p>Vous trouverez ici un exemple de texte.<\/p>\n\n\n\n<p>Mais il est plus facile de trouver un emploi si vous parlez allemand.<br>Il y a des emplois pour lesquels il n&#039;est pas n\u00e9cessaire de parler allemand. Par exemple, si vous travaillez en anglais pour une entreprise internationale.<br><a href=\"https:\/\/leipglo.com\/jobs-international-people\/\" target=\"_blank\" rel=\"noreferrer noopener\">Ici<\/a> De tels emplois internationaux \u00e0 Leipzig sont r\u00e9pertori\u00e9s.<\/p>\n\n\n\n<p>Il y a des emplois o\u00f9 vous pouvez travailler avec peu d&#039;allemand.<br>Par exemple dans les h\u00f4tels, les restaurants, les bars, les chantiers de construction, la logistique.<br>Il est toujours important que vous compreniez le contrat de travail et les r\u00e9glementations.<\/p>\n<\/div><\/div>\n\n\n\n<div class=\"wp-block-esab-accordion-child\"><div class=\"esab__head\" role=\"button\" aria-expanded=\"false\"><div class=\"esab__heading_txt\"><h2 class=\"esab__heading_tag\">J&#039;ai une question sur le droit du travail<\/h2><\/div><div class=\"esab__icon\"><div class=\"esab__collapse\"> <svg version=\"1.2\" viewbox=\"0 0 24 24\" width=\"24\" height=\"24\"><path fill-rule=\"evenodd\" d=\"m3.5 20.5c-4.7-4.7-4.7-12.3 0-17 4.7-4.7 12.3-4.7 17 0 4.6 4.7 4.6 12.3 0 17-4.7 4.6-12.3 4.6-17 0zm0.9-0.9c4.2 4.2 11 4.2 15.2 0 4.2-4.2 4.2-11 0-15.2-4.2-4.3-11-4.3-15.2 0-4.3 4.2-4.3 11 0 15.2z\"><\/path><path d=\"m11.4 15.9v-3.3h-3.3c-0.3 0-0.6-0.3-0.6-0.6 0-0.4 0.3-0.6 0.6-0.6h3.3v-3.3c0-0.3 0.3-0.6 0.6-0.6 0.3 0 0.6 0.3 0.6 0.6v3.3h3.3c0.3 0 0.6 0.2 0.6 0.6q0 0.2-0.2 0.4-0.2 0.2-0.4 0.2h-3.3v3.3q0 0.2-0.2 0.4-0.2 0.2-0.4 0.2c-0.4 0-0.6-0.3-0.6-0.6z\"><\/path><\/svg> <\/div><div class=\"esab__expand\"> <svg version=\"1.2\" viewbox=\"0 0 24 24\" width=\"24\" height=\"24\"><path fill-rule=\"evenodd\" d=\"m12 24c-6.6 0-12-5.4-12-12 0-6.6 5.4-12 12-12 6.6 0 12 5.4 12 12 0 6.6-5.4 12-12 12zm10.6-12c0-5.9-4.7-10.6-10.6-10.6-5.9 0-10.6 4.7-10.6 10.6 0 5.9 4.7 10.6 10.6 10.6 5.9 0 10.6-4.7 10.6-10.6z\"><\/path><path d=\"m5.6 11.3h12.8v1.4h-12.8z\"><\/path><\/svg> <\/div><\/div><\/div><div class=\"esab__body\">\n<p>Si vous n\u2019\u00eates pas s\u00fbr que tout est correct dans votre travail, vous pouvez obtenir de l\u2019aide.<br>Peut-\u00eatre avez-vous des questions comme :<\/p>\n\n\n\n<ul class=\"wp-block-list\">\n<li>Combien de vacances ai-je ?<\/li>\n\n\n\n<li>Pourquoi est-ce que je travaille plus d\u2019heures que ce que stipule mon contrat de travail ?<\/li>\n\n\n\n<li>J&#039;ai re\u00e7u un avis de r\u00e9siliation. La terminaison est-elle correcte ?<\/li>\n<\/ul>\n\n\n\n<p>Ce sont des questions sur le droit du travail. \u00c0 ce sujet <a href=\"https:\/\/www.faire-mobilitaet.de\/ihre-rechte\/\" target=\"_blank\" rel=\"noopener\">site web <\/a>Il existe de nombreuses informations en diff\u00e9rentes langues sur le droit du travail, \u00e9galement sp\u00e9cifiques \u00e0 certains m\u00e9tiers, comme la livraison, les chantiers et la gastronomie (restaurants, bars). <a href=\"https:\/\/www.babs.sachsen.de\/index.html\" data-type=\"link\" data-id=\"https:\/\/www.faire-integration.de\/de\/topic\/411.ich-bin-bereits-in-deutschland.html\" target=\"_blank\" rel=\"noreferrer noopener\">Cette page<\/a> contient \u00e9galement de nombreuses informations multilingues.<\/p>\n\n\n\n<p>Si vous avez besoin de conseils en mati\u00e8re de droit du travail, vous pouvez contacter BABS.<br>BABS est le centre de conseil pour les employ\u00e9s \u00e9trangers en la mati\u00e8re et dispose d&#039;un bureau \u00e0 Leipzig.<br>La consultation est gratuite et est disponible en allemand, polonais, hongrois, roumain et anglais.<br><a href=\"https:\/\/www.babs.sachsen.de\/kontakt-3995.html\" target=\"_blank\" rel=\"noreferrer noopener\">Ici<\/a> sont les coordonn\u00e9es et les heures d&#039;ouverture.<\/p>\n<\/div><\/div>\n<\/div><\/div>\n<div class=\"gsp_post_data\" \r\n\t            data-post_type=\"page\" \r\n\t            data-cat=\"wirtschaft\" \r\n\t            data-modified=\"120\"\r\n\t            data-created=\"1688943986\"\r\n\t            data-title=\"Arbeit\" \r\n\t            data-home=\"https:\/\/info-to-go.binational-leipzig.de\/fr\"><\/div>","protected":false},"excerpt":{"rendered":"","protected":false},"author":3,"featured_media":0,"parent":8,"menu_order":1,"comment_status":"closed","ping_status":"closed","template":"","meta":{"footnotes":""},"categories":[10],"tags":[],"class_list":["post-31","page","type-page","status-publish","hentry","category-wirtschaft"],"_links":{"self":[{"href":"https:\/\/info-to-go.binational-leipzig.de\/fr\/wp-json\/wp\/v2\/pages\/31","targetHints":{"allow":["GET"]}}],"collection":[{"href":"https:\/\/info-to-go.binational-leipzig.de\/fr\/wp-json\/wp\/v2\/pages"}],"about":[{"href":"https:\/\/info-to-go.binational-leipzig.de\/fr\/wp-json\/wp\/v2\/types\/page"}],"author":[{"embeddable":true,"href":"https:\/\/info-to-go.binational-leipzig.de\/fr\/wp-json\/wp\/v2\/users\/3"}],"replies":[{"embeddable":true,"href":"https:\/\/info-to-go.binational-leipzig.de\/fr\/wp-json\/wp\/v2\/comments?post=31"}],"version-history":[{"count":25,"href":"https:\/\/info-to-go.binational-leipzig.de\/fr\/wp-json\/wp\/v2\/pages\/31\/revisions"}],"predecessor-version":[{"id":612,"href":"https:\/\/info-to-go.binational-leipzig.de\/fr\/wp-json\/wp\/v2\/pages\/31\/revisions\/612"}],"up":[{"embeddable":true,"href":"https:\/\/info-to-go.binational-leipzig.de\/fr\/wp-json\/wp\/v2\/pages\/8"}],"wp:attachment":[{"href":"https:\/\/info-to-go.binational-leipzig.de\/fr\/wp-json\/wp\/v2\/media?parent=31"}],"wp:term":[{"taxonomy":"category","embeddable":true,"href":"https:\/\/info-to-go.binational-leipzig.de\/fr\/wp-json\/wp\/v2\/categories?post=31"},{"taxonomy":"post_tag","embeddable":true,"href":"https:\/\/info-to-go.binational-leipzig.de\/fr\/wp-json\/wp\/v2\/tags?post=31"}],"curies":[{"name":"wp","href":"https:\/\/api.w.org\/{rel}","templated":true}]}}