{"id":399,"date":"2024-01-17T12:08:03","date_gmt":"2024-01-17T11:08:03","guid":{"rendered":"https:\/\/info-to-go.binational-leipzig.de\/?page_id=399"},"modified":"2024-07-31T12:56:05","modified_gmt":"2024-07-31T10:56:05","slug":"impressum","status":"publish","type":"page","link":"https:\/\/info-to-go.binational-leipzig.de\/fr\/impressum\/","title":{"rendered":"Mentions l\u00e9gales"},"content":{"rendered":"<p><strong>Informations conform\u00e9ment au \u00a7 5 TMG<\/strong><\/p>\n\n\n\n<p>Association des familles et des partenariats binationaux, iaf eV<br>Rue Ludolfus 2 \u2013 4<br>60487 Francfort-sur-le-Main<\/p>\n\n\n\n<p><strong>Repr\u00e9sent\u00e9 par<\/strong><\/p>\n\n\n\n<p>Asiye Bal\u0131k\u00e7\u0131-Schmidt, Natalia Bugaj-Wolfram<\/p>\n\n\n\n<p>Repr\u00e9sentant sp\u00e9cial selon \u00a7 30 BGB : NN<\/p>\n\n\n\n<p>Tribunal d&#039;enregistrement :<\/p>\n\n\n\n<p>Tribunal de district de Francfort-sur-le-Main Num\u00e9ro d&#039;enregistrement de l&#039;association : VR 6728<\/p>\n\n\n\n<p>Bureau des imp\u00f4ts de Francfort V Num\u00e9ro fiscal 014 250 63357<\/p>\n\n\n\n<p><strong>contact<\/strong><\/p>\n\n\n\n<p>T\u00e9l\u00e9phone : +49 (0) 69 713 756 \u2013 0<br>Fax : +49 (0) 69 707 50 92<br>Courriel : info@verband-binationaler.de<\/p>\n\n\n\n<p><strong>inscription au registre<\/strong><\/p>\n\n\n\n<p>Inscription au registre des associations.<br>Tribunal d&#039;enregistrement : Tribunal d&#039;instance de Francfort-sur-le-Main<br>Num\u00e9ro d&#039;enregistrement : VR 6728<\/p>\n\n\n\n<p><strong>T.V.A.<\/strong><\/p>\n\n\n\n<p>Num\u00e9ro d&#039;identification TVA selon l&#039;article 27a de la loi sur la TVA :<br>DE114234727<\/p>\n\n\n\n<p><strong>R\u00e9solution des litiges<\/strong><\/p>\n\n\n\n<p>Nous ne sommes pas dispos\u00e9s ou oblig\u00e9s de participer \u00e0 une proc\u00e9dure de r\u00e8glement des litiges devant un conseil d&#039;arbitrage des consommateurs.<\/p>\n\n\n\n<p><strong>Sources<\/strong><\/p>\n\n\n\n<p>Mise en \u0153uvre technique : Stephan Wein et Ahmet Erdem \u015eent\u00fcrk<br>Conception Web : Chris Schneider<\/p>\n\n\n\n<p><strong>Photos<\/strong><\/p>\n\n\n\n<p>\u00ab Qui sommes-nous \u00bb : Mehmet Arbag<\/p>\n\n\n\n<p><strong>Mentions l\u00e9gales<\/strong><\/p>\n\n\n\n<p>Responsabilit\u00e9 du contenu<\/p>\n\n\n\n<p>En tant que prestataire de services, nous sommes responsables de notre propre contenu sur ces pages conform\u00e9ment \u00e0 l&#039;article 7 (1) de la loi allemande sur les t\u00e9l\u00e9m\u00e9dias (TMG). Toutefois, conform\u00e9ment aux articles 8 \u00e0 10 de la loi allemande sur les t\u00e9l\u00e9m\u00e9dias (TMG), nous, en tant que prestataires de services, ne sommes pas tenus de surveiller les informations de tiers transmises ou stock\u00e9es ni d&#039;enqu\u00eater sur les circonstances indiquant une activit\u00e9 ill\u00e9gale.<\/p>\n\n\n\n<p>Les obligations de supprimer ou de bloquer l&#039;utilisation des informations en vertu du droit g\u00e9n\u00e9ral restent inchang\u00e9es. Toutefois, la responsabilit\u00e9 \u00e0 cet \u00e9gard n\u2019est possible qu\u2019\u00e0 partir du moment o\u00f9 l\u2019on a connaissance d\u2019une violation concr\u00e8te de la loi. Si nous prenons connaissance de telles violations de la loi, nous supprimerons imm\u00e9diatement ce contenu.<\/p>\n\n\n\n<p><strong>Responsabilit\u00e9 des liens<\/strong><\/p>\n\n\n\n<p>Notre offre contient des liens vers des sites Web externes de tiers sur le contenu desquels nous n&#039;avons aucune influence. Par cons\u00e9quent, nous ne pouvons assumer aucune responsabilit\u00e9 pour ce contenu externe. Le fournisseur ou l&#039;exploitant respectif des pages est toujours responsable du contenu des pages li\u00e9es. Les pages li\u00e9es ont \u00e9t\u00e9 v\u00e9rifi\u00e9es au moment de la cr\u00e9ation du lien afin de d\u00e9tecter d&#039;\u00e9ventuelles violations de la loi. Le contenu ill\u00e9gal n&#039;\u00e9tait pas reconnaissable au moment de la cr\u00e9ation du lien.<\/p>\n\n\n\n<p>Toutefois, un contr\u00f4le permanent du contenu des pages li\u00e9es n&#039;est pas raisonnable sans preuve concr\u00e8te d&#039;une violation de la loi. Si nous prenons connaissance de violations l\u00e9gales, nous supprimerons imm\u00e9diatement ces liens.<\/p>\n\n\n\n<p><strong>droits d&#039;auteur<\/strong><\/p>\n\n\n\n<p>Les contenus et \u0153uvres de ces pages cr\u00e9\u00e9s par les exploitants du site sont soumis \u00e0 la loi allemande sur le droit d&#039;auteur. La reproduction, le traitement, la distribution et toute forme d&#039;exploitation en dehors des limites du droit d&#039;auteur n\u00e9cessitent le consentement \u00e9crit de l&#039;auteur ou du cr\u00e9ateur concern\u00e9. Les t\u00e9l\u00e9chargements et copies de ce site ne sont autoris\u00e9s que pour un usage priv\u00e9 et non commercial.<\/p>\n\n\n\n<p>Dans la mesure o\u00f9 le contenu de ce site n&#039;a pas \u00e9t\u00e9 cr\u00e9\u00e9 par l&#039;op\u00e9rateur, les droits d&#039;auteur de tiers sont respect\u00e9s. En particulier, le contenu tiers est marqu\u00e9 comme tel. Si vous deviez n\u00e9anmoins avoir connaissance d\u2019une violation du droit d\u2019auteur, nous vous demandons de nous en informer en cons\u00e9quence. Si nous prenons connaissance de violations l\u00e9gales, nous supprimerons imm\u00e9diatement ce contenu.<\/p>\n<div class=\"gsp_post_data\" \r\n\t            data-post_type=\"page\" \r\n\t            data-cat=\"\" \r\n\t            data-modified=\"120\"\r\n\t            data-created=\"1705493283\"\r\n\t            data-title=\"Impressum\" \r\n\t            data-home=\"https:\/\/info-to-go.binational-leipzig.de\/fr\"><\/div>","protected":false},"excerpt":{"rendered":"<p>Angaben gem\u00e4\u00df \u00a7 5 TMG Verband binationaler Familien und Partnerschaften, iaf e.V.Ludolfusstra\u00dfe 2 \u2013 460487 Frankfurt am Main Vertreten durch Asiye Bal\u0131k\u00e7\u0131-Schmidt, Natalia Bugaj-Wolfram Besondere Vertreterin gem. \u00a7 30 BGB: N.N. Registergericht: Amtsgericht Frankfurt am Main&nbsp; Vereins-Registernummer: VR 6728 Finanzamt Frankfurt V \u00a0 Steuernummer 014 250 63357 Kontakt Telefon: +49 (0) 69 713 756 \u2013 [&hellip;]<\/p>\n","protected":false},"author":2,"featured_media":0,"parent":0,"menu_order":0,"comment_status":"closed","ping_status":"closed","template":"","meta":{"footnotes":""},"categories":[],"tags":[],"class_list":["post-399","page","type-page","status-publish","hentry"],"_links":{"self":[{"href":"https:\/\/info-to-go.binational-leipzig.de\/fr\/wp-json\/wp\/v2\/pages\/399","targetHints":{"allow":["GET"]}}],"collection":[{"href":"https:\/\/info-to-go.binational-leipzig.de\/fr\/wp-json\/wp\/v2\/pages"}],"about":[{"href":"https:\/\/info-to-go.binational-leipzig.de\/fr\/wp-json\/wp\/v2\/types\/page"}],"author":[{"embeddable":true,"href":"https:\/\/info-to-go.binational-leipzig.de\/fr\/wp-json\/wp\/v2\/users\/2"}],"replies":[{"embeddable":true,"href":"https:\/\/info-to-go.binational-leipzig.de\/fr\/wp-json\/wp\/v2\/comments?post=399"}],"version-history":[{"count":3,"href":"https:\/\/info-to-go.binational-leipzig.de\/fr\/wp-json\/wp\/v2\/pages\/399\/revisions"}],"predecessor-version":[{"id":481,"href":"https:\/\/info-to-go.binational-leipzig.de\/fr\/wp-json\/wp\/v2\/pages\/399\/revisions\/481"}],"wp:attachment":[{"href":"https:\/\/info-to-go.binational-leipzig.de\/fr\/wp-json\/wp\/v2\/media?parent=399"}],"wp:term":[{"taxonomy":"category","embeddable":true,"href":"https:\/\/info-to-go.binational-leipzig.de\/fr\/wp-json\/wp\/v2\/categories?post=399"},{"taxonomy":"post_tag","embeddable":true,"href":"https:\/\/info-to-go.binational-leipzig.de\/fr\/wp-json\/wp\/v2\/tags?post=399"}],"curies":[{"name":"wp","href":"https:\/\/api.w.org\/{rel}","templated":true}]}}