{"id":598,"date":"2025-06-25T11:47:50","date_gmt":"2025-06-25T09:47:50","guid":{"rendered":"https:\/\/info-to-go.binational-leipzig.de\/?page_id=598"},"modified":"2025-06-25T11:47:51","modified_gmt":"2025-06-25T09:47:51","slug":"barrierefreiheitserklaerung","status":"publish","type":"page","link":"https:\/\/info-to-go.binational-leipzig.de\/fr\/barrierefreiheitserklaerung\/","title":{"rendered":"D\u00e9claration d&#039;accessibilit\u00e9"},"content":{"rendered":"<h3 class=\"wp-block-heading\">D\u00e9claration d&#039;accessibilit\u00e9<\/h3>\n\n\n\n<p><strong>Association des familles et partenariats binationaux, iaf eV, bureau et bureau de conseil de Leipzig<\/strong>&nbsp;s&#039;efforce de rendre son site web utilisable conform\u00e9ment aux exigences l\u00e9gales en mati\u00e8re d&#039;accessibilit\u00e9. Cette d\u00e9claration d&#039;accessibilit\u00e9 s&#039;applique au site web.&nbsp;<a href=\"https:\/\/binational-leipzig.de\/\"><strong>binational-leipzig.de<\/strong><\/a><\/p>\n\n\n\n<hr class=\"wp-block-separator has-alpha-channel-opacity\"\/>\n\n\n\n<h3 class=\"wp-block-heading\"><strong>\u00c9tat de conformit\u00e9 aux exigences<\/strong><\/h3>\n\n\n\n<p>Ce site Web est&nbsp;<strong>partiellement<\/strong>&nbsp;avec les exigences de&nbsp;<strong>Ordonnance sur les technologies de l&#039;information sans obstacle (BITV 2.0) et directive europ\u00e9enne 2016\/2102<\/strong>&nbsp;Nous travaillons continuellement \u00e0 r\u00e9duire les barri\u00e8res existantes et \u00e0 am\u00e9liorer la convivialit\u00e9 pour tous.<\/p>\n\n\n\n<hr class=\"wp-block-separator has-alpha-channel-opacity\"\/>\n\n\n\n<h3 class=\"wp-block-heading\"><strong>Contenu non accessible<\/strong><\/h3>\n\n\n\n<p>Malgr\u00e9 nos efforts, certaines zones ne sont pas enti\u00e8rement accessibles :<\/p>\n\n\n\n<ul class=\"wp-block-list\">\n<li><strong>Documents PDF<\/strong>: Certains fichiers PDF plus anciens ne sont pas format\u00e9s de mani\u00e8re accessible.<\/li>\n\n\n\n<li><strong>Textes alternatifs<\/strong>:Certaines images ou \u00e9l\u00e9ments graphiques peuvent ne pas contenir suffisamment de texte alternatif.<\/li>\n\n\n\n<li><strong>Navigation et convivialit\u00e9<\/strong>:Les \u00e9l\u00e9ments interactifs individuels peuvent ne pas \u00eatre enti\u00e8rement contr\u00f4l\u00e9s par clavier.<\/li>\n\n\n\n<li><strong>Vid\u00e9os<\/strong>:Certaines vid\u00e9os int\u00e9gr\u00e9es manquent de sous-titres ou de descriptions audio.<\/li>\n<\/ul>\n\n\n\n<p>Nous travaillons \u00e0 corriger progressivement ces d\u00e9ficiences.<\/p>\n\n\n\n<hr class=\"wp-block-separator has-alpha-channel-opacity\"\/>\n\n\n\n<h3 class=\"wp-block-heading\"><strong>Pr\u00e9paration de cette d\u00e9claration<\/strong><\/h3>\n\n\n\n<p>Cette d\u00e9claration a \u00e9t\u00e9 faite le&nbsp;<strong>10.01.2025<\/strong>&nbsp;cr\u00e9\u00e9 et mis \u00e0 jour pour la derni\u00e8re fois le&nbsp;<strong>19.02.2025<\/strong>&nbsp;\u00e0 carreaux.<br><br>Le site Web a \u00e9t\u00e9 \u00e9valu\u00e9 par un&nbsp;<strong>auto-\u00e9valuation interne<\/strong>&nbsp;ainsi que l\u2019utilisation de tests automatis\u00e9s.<\/p>\n\n\n\n<hr class=\"wp-block-separator has-alpha-channel-opacity\"\/>\n\n\n\n<h3 class=\"wp-block-heading\"><strong>Commentaires et coordonn\u00e9es<\/strong><\/h3>\n\n\n\n<p>Si vous rencontrez des obstacles sur notre site Web ou avez des suggestions d&#039;am\u00e9lioration, n&#039;h\u00e9sitez pas \u00e0 nous contacter :<\/p>\n\n\n\n<p>Association des familles et des partenariats binationaux, iaf eV<br>Bureau d&#039;affaires et de conseil de Leipzig<br><br><a href=\"https:\/\/www.google.com\/maps\/place\/Verband+binationaler+Familien+u.+Partnerschaften+e.V.\/@51.3232198,12.3793402,18.79z\/data=!4m5!3m4!1s0x0:0x280bc9ed9b02c389!8m2!3d51.3232449!4d12.3798815\" target=\"_blank\" rel=\"noreferrer noopener\">Arndtstrasse 63<br>04275 Leipzig<\/a><br><br>T\u00e9l\u00e9phone : 0341-6 88 00 22<br>E-mail:&nbsp;<a href=\"http:\/\/leipzig@verband-binationaler-de\/\" rel=\"noreferrer noopener\" target=\"_blank\">leipzig@verband-binationaler-de<\/a><\/p>\n\n\n\n<hr class=\"wp-block-separator has-alpha-channel-opacity\"\/>\n\n\n\n<h3 class=\"wp-block-heading\"><strong>Proc\u00e9dures d&#039;ex\u00e9cution<\/strong><\/h3>\n\n\n\n<p>Si votre question concernant l&#039;accessibilit\u00e9 de notre site Web n&#039;obtient pas de r\u00e9ponse satisfaisante, vous pouvez contacter le&nbsp;<strong>Organisme charg\u00e9 de l&#039;application de la loi&nbsp;<\/strong>faire demi-tour:<\/p>\n\n\n\n<p><strong>Centre de surveillance de l&#039;accessibilit\u00e9 num\u00e9rique de Saxe<\/strong><br>Minist\u00e8re des Affaires sociales et de la Coh\u00e9sion sociale du Land de Saxe<br>E-mail:&nbsp;<a href=\"mailto:durchsetzungsstelle@sk.sachsen.de\">durchsetzungsstelle@sk.sachsen.de<\/a><br>Web:&nbsp;<a href=\"https:\/\/www.durchsetzungsstelle.sachsen.de\/\" rel=\"noreferrer noopener\" target=\"_blank\">www.durchsetzungsstelle.sachsen.de<\/a><\/p>\n\n\n\n<hr class=\"wp-block-separator has-alpha-channel-opacity\"\/>\n\n\n\n<p>Nous nous effor\u00e7ons constamment de rendre notre pr\u00e9sence num\u00e9rique plus accessible \u00e0 tous et vous remercions pour vos commentaires !<\/p>\n<div class=\"gsp_post_data\" \r\n\t            data-post_type=\"page\" \r\n\t            data-cat=\"\" \r\n\t            data-modified=\"120\"\r\n\t            data-created=\"1750852070\"\r\n\t            data-title=\"Barrierefreiheitserkl\u00e4rung\" \r\n\t            data-home=\"https:\/\/info-to-go.binational-leipzig.de\/fr\"><\/div>","protected":false},"excerpt":{"rendered":"<p>Erkl\u00e4rung zur Barrierefreiheit Verband binationaler Familien und Partnerschaften, iaf e.V. Gesch\u00e4fts- und Beratungsstelle Leipzig&nbsp;ist bestrebt, ihre Website in \u00dcbereinstimmung mit den gesetzlichen Vorgaben zur Barrierefreiheit nutzbar zu machen. Diese Erkl\u00e4rung zur Barrierefreiheit gilt f\u00fcr die Website&nbsp;binational-leipzig.de Stand der Vereinbarkeit mit den Anforderungen Diese Website ist&nbsp;teilweise&nbsp;mit den Anforderungen der&nbsp;Barrierefreie-Informationstechnik-Verordnung (BITV 2.0) sowie der EU-Richtlinie 2016\/2102&nbsp;vereinbar. Wir [&hellip;]<\/p>\n","protected":false},"author":2,"featured_media":0,"parent":0,"menu_order":0,"comment_status":"closed","ping_status":"closed","template":"","meta":{"footnotes":""},"categories":[],"tags":[],"class_list":["post-598","page","type-page","status-publish","hentry"],"_links":{"self":[{"href":"https:\/\/info-to-go.binational-leipzig.de\/fr\/wp-json\/wp\/v2\/pages\/598","targetHints":{"allow":["GET"]}}],"collection":[{"href":"https:\/\/info-to-go.binational-leipzig.de\/fr\/wp-json\/wp\/v2\/pages"}],"about":[{"href":"https:\/\/info-to-go.binational-leipzig.de\/fr\/wp-json\/wp\/v2\/types\/page"}],"author":[{"embeddable":true,"href":"https:\/\/info-to-go.binational-leipzig.de\/fr\/wp-json\/wp\/v2\/users\/2"}],"replies":[{"embeddable":true,"href":"https:\/\/info-to-go.binational-leipzig.de\/fr\/wp-json\/wp\/v2\/comments?post=598"}],"version-history":[{"count":1,"href":"https:\/\/info-to-go.binational-leipzig.de\/fr\/wp-json\/wp\/v2\/pages\/598\/revisions"}],"predecessor-version":[{"id":599,"href":"https:\/\/info-to-go.binational-leipzig.de\/fr\/wp-json\/wp\/v2\/pages\/598\/revisions\/599"}],"wp:attachment":[{"href":"https:\/\/info-to-go.binational-leipzig.de\/fr\/wp-json\/wp\/v2\/media?parent=598"}],"wp:term":[{"taxonomy":"category","embeddable":true,"href":"https:\/\/info-to-go.binational-leipzig.de\/fr\/wp-json\/wp\/v2\/categories?post=598"},{"taxonomy":"post_tag","embeddable":true,"href":"https:\/\/info-to-go.binational-leipzig.de\/fr\/wp-json\/wp\/v2\/tags?post=598"}],"curies":[{"name":"wp","href":"https:\/\/api.w.org\/{rel}","templated":true}]}}