{"id":35,"date":"2023-07-09T23:07:29","date_gmt":"2023-07-09T21:07:29","guid":{"rendered":"https:\/\/sprijin.binational-leipzig.de\/?page_id=35"},"modified":"2025-08-26T11:48:33","modified_gmt":"2025-08-26T09:48:33","slug":"deutsche-sprache","status":"publish","type":"page","link":"https:\/\/info-to-go.binational-leipzig.de\/hr\/start\/bildung\/deutsche-sprache\/","title":{"rendered":"njema\u010dkog jezika"},"content":{"rendered":"<div class=\"wp-block-esab-accordion accordion-88f2547e\" data-mode=\"global\"><div class=\"esab__container\">\n<div class=\"wp-block-esab-accordion-child\"><div class=\"esab__head\" role=\"button\" aria-expanded=\"false\"><div class=\"esab__heading_txt\"><h2 class=\"esab__heading_tag\">\u0160to zna\u010di A1 njema\u010dki, B2 njema\u010dki i tako dalje?\u00a0<\/h2><\/div><div class=\"esab__icon\"><div class=\"esab__collapse\"> <svg version=\"1.2\" viewbox=\"0 0 24 24\" width=\"24\" height=\"24\"><path fill-rule=\"evenodd\" d=\"m3.5 20.5c-4.7-4.7-4.7-12.3 0-17 4.7-4.7 12.3-4.7 17 0 4.6 4.7 4.6 12.3 0 17-4.7 4.6-12.3 4.6-17 0zm0.9-0.9c4.2 4.2 11 4.2 15.2 0 4.2-4.2 4.2-11 0-15.2-4.2-4.3-11-4.3-15.2 0-4.3 4.2-4.3 11 0 15.2z\"><\/path><path d=\"m11.4 15.9v-3.3h-3.3c-0.3 0-0.6-0.3-0.6-0.6 0-0.4 0.3-0.6 0.6-0.6h3.3v-3.3c0-0.3 0.3-0.6 0.6-0.6 0.3 0 0.6 0.3 0.6 0.6v3.3h3.3c0.3 0 0.6 0.2 0.6 0.6q0 0.2-0.2 0.4-0.2 0.2-0.4 0.2h-3.3v3.3q0 0.2-0.2 0.4-0.2 0.2-0.4 0.2c-0.4 0-0.6-0.3-0.6-0.6z\"><\/path><\/svg> <\/div><div class=\"esab__expand\"> <svg version=\"1.2\" viewbox=\"0 0 24 24\" width=\"24\" height=\"24\"><path fill-rule=\"evenodd\" d=\"m12 24c-6.6 0-12-5.4-12-12 0-6.6 5.4-12 12-12 6.6 0 12 5.4 12 12 0 6.6-5.4 12-12 12zm10.6-12c0-5.9-4.7-10.6-10.6-10.6-5.9 0-10.6 4.7-10.6 10.6 0 5.9 4.7 10.6 10.6 10.6 5.9 0 10.6-4.7 10.6-10.6z\"><\/path><path d=\"m5.6 11.3h12.8v1.4h-12.8z\"><\/path><\/svg> <\/div><\/div><\/div><div class=\"esab__body\">\n<p>Oznake A1, B2 i tako dalje zna\u010de da osoba mo\u017ee govoriti njema\u010dki jezik na odre\u0111enoj razini.<br>Svi dijelovi jezika su va\u017eni: slu\u0161anje, \u010ditanje, govor i pisanje.<br>Postoji 6 razina, od po\u010detnika do stru\u010dnjaka: A1, A2, B1, B2, C1, C2.<br><a href=\"https:\/\/integreat.app\/marburg-biedenkopf\/de\/sprache\/information-3\" target=\"_blank\" rel=\"noreferrer noopener\">Ovdje<\/a> Ovih 6 koraka je dobro obja\u0161njeno.<\/p>\n<\/div><\/div>\n\n\n\n<div class=\"wp-block-esab-accordion-child\"><div class=\"esab__head\" role=\"button\" aria-expanded=\"false\"><div class=\"esab__heading_txt\"><h2 class=\"esab__heading_tag\">Kako mogu poha\u0111ati integracijski te\u010daj?\u00a0<\/h2><\/div><div class=\"esab__icon\"><div class=\"esab__collapse\"> <svg version=\"1.2\" viewbox=\"0 0 24 24\" width=\"24\" height=\"24\"><path fill-rule=\"evenodd\" d=\"m3.5 20.5c-4.7-4.7-4.7-12.3 0-17 4.7-4.7 12.3-4.7 17 0 4.6 4.7 4.6 12.3 0 17-4.7 4.6-12.3 4.6-17 0zm0.9-0.9c4.2 4.2 11 4.2 15.2 0 4.2-4.2 4.2-11 0-15.2-4.2-4.3-11-4.3-15.2 0-4.3 4.2-4.3 11 0 15.2z\"><\/path><path d=\"m11.4 15.9v-3.3h-3.3c-0.3 0-0.6-0.3-0.6-0.6 0-0.4 0.3-0.6 0.6-0.6h3.3v-3.3c0-0.3 0.3-0.6 0.6-0.6 0.3 0 0.6 0.3 0.6 0.6v3.3h3.3c0.3 0 0.6 0.2 0.6 0.6q0 0.2-0.2 0.4-0.2 0.2-0.4 0.2h-3.3v3.3q0 0.2-0.2 0.4-0.2 0.2-0.4 0.2c-0.4 0-0.6-0.3-0.6-0.6z\"><\/path><\/svg> <\/div><div class=\"esab__expand\"> <svg version=\"1.2\" viewbox=\"0 0 24 24\" width=\"24\" height=\"24\"><path fill-rule=\"evenodd\" d=\"m12 24c-6.6 0-12-5.4-12-12 0-6.6 5.4-12 12-12 6.6 0 12 5.4 12 12 0 6.6-5.4 12-12 12zm10.6-12c0-5.9-4.7-10.6-10.6-10.6-5.9 0-10.6 4.7-10.6 10.6 0 5.9 4.7 10.6 10.6 10.6 5.9 0 10.6-4.7 10.6-10.6z\"><\/path><path d=\"m5.6 11.3h12.8v1.4h-12.8z\"><\/path><\/svg> <\/div><\/div><\/div><div class=\"esab__body\">\n<p>Mnogi ljudi koji jo\u0161 ne govore dobro njema\u010dki prvo poha\u0111aju integracijski te\u010daj.<br>Ovo je te\u010daj njema\u010dkog jezika koji financira dr\u017eava.<br>To zna\u010di da ko\u0161ta manje od drugih te\u010dajeva njema\u010dkog jezika.<br>Neki ljudi uop\u0107e ne moraju platiti za te\u010daj.&nbsp;<\/p>\n\n\n\n<p>Te\u010daj ide od razine A1 do B1.<br>Ne morate po\u010deti na razini A1 ako ve\u0107 malo govorite njema\u010dki.<br>Prvo pola\u017eete ispit u jezi\u010dnoj \u0161koli. To se naziva &quot;test za odre\u0111ivanje plasmana&quot;.<br>\u0160kola \u0107e zatim odlu\u010diti koji \u0107ete studij zapo\u010deti.&nbsp;<\/p>\n\n\n\n<p><a href=\"https:\/\/bamf-navi.bamf.de\/de\/Themen\/Integrationskurse\/?coord=735271.5692864&amp;\" target=\"_blank\" rel=\"noreferrer noopener\">Na ovoj stranici<\/a> Mo\u017eete vidjeti sve jezi\u010dne \u0161kole u Leipzigu koje nude integracijske te\u010dajeve.<br>Tamo \u0107ete prona\u0107i sve informacije o razini te\u010daja, vremenu odr\u017eavanja te\u010dajeva, adresi i kontaktnim podacima \u0161kola.<\/p>\n\n\n\n<p>Ako \u017eelite poha\u0111ati integracijski te\u010daj, potrebno vam je dopu\u0161tenje.<br>Ovo dopu\u0161tenje naziva se &quot;autorizacija&quot;. Za ovo odobrenje tra\u017eite od nadle\u017enog tijela BAMF-a.<br><a href=\"https:\/\/www.bamf.de\/SharedDocs\/Anlagen\/DE\/Integration\/Integrationskurse\/Kursteilnehmer\/AntraegeAlle\/630-007_antrag-zulassung-integrationskurs-ausl_pdf.pdf?__blob=publicationFile&amp;v=27\" target=\"_blank\" rel=\"noreferrer noopener\">Ovdje<\/a> je obrazac. Po\u0161aljite obrazac BAMF-u ovdje:&nbsp;<\/p>\n\n\n\n<p class=\"has-text-align-center\">BAMF&nbsp;<\/p>\n\n\n\n<p class=\"has-text-align-center\">Otto-Schmerbach-Stra\u00dfe 20&nbsp;<\/p>\n\n\n\n<p class=\"has-text-align-center\">09117 Chemnitz&nbsp;<\/p>\n\n\n\n<p>Morate zavr\u0161iti prvi dio ako \u017eelite poha\u0111ati te\u010daj.<br>Drugi dio, \u201eMolim za oslobo\u0111enje od pla\u0107anja naknade za integracijski te\u010daj\u201c, morate ispuniti ako ne mo\u017eete platiti te\u010daj.&nbsp;<\/p>\n\n\n\n<p>Ako ne mo\u017eete platiti, uz obrazac morate poslati i dokaz.<br>Na primjer, obavijest o gra\u0111anskoj potpori ili stambenoj potpori ili Leipzi\u0161ka propusnica.<br>Tako\u0111er ne morate pla\u0107ati ako radite i ne zara\u0111ujete vi\u0161e od ovog bruto iznosa: 2.491 \u20ac (bez djece); 3.246 \u20ac (s 1 djetetom); 4.001 \u20ac (s dvoje ili vi\u0161e djece).<br>U tom slu\u010daju, molimo vas da uz obrazac prilo\u017eite i platne liste.&nbsp;<\/p>\n\n\n\n<p><a href=\"https:\/\/www.bamf.de\/SharedDocs\/Anlagen\/DE\/Integration\/Integrationskurse\/Kursteilnehmer\/Merkblaetter\/630-036_merkblatt-auslaenderbehoerde.pdf?__blob=publicationFile&amp;v=40+\" target=\"_blank\" rel=\"noreferrer noopener\">Ovdje<\/a> Mnogo informacija o integracijskom te\u010daju mo\u017eete dobiti izravno od BAMF-a.<\/p>\n<\/div><\/div>\n\n\n\n<div class=\"wp-block-esab-accordion-child\"><div class=\"esab__head\" role=\"button\" aria-expanded=\"false\"><div class=\"esab__heading_txt\"><h2 class=\"esab__heading_tag\">Ve\u0107 imam B1 njema\u010dki. Kako mogu nau\u010diti vi\u0161e njema\u010dkog jezika?\u00a0<\/h2><\/div><div class=\"esab__icon\"><div class=\"esab__collapse\"> <svg version=\"1.2\" viewbox=\"0 0 24 24\" width=\"24\" height=\"24\"><path fill-rule=\"evenodd\" d=\"m3.5 20.5c-4.7-4.7-4.7-12.3 0-17 4.7-4.7 12.3-4.7 17 0 4.6 4.7 4.6 12.3 0 17-4.7 4.6-12.3 4.6-17 0zm0.9-0.9c4.2 4.2 11 4.2 15.2 0 4.2-4.2 4.2-11 0-15.2-4.2-4.3-11-4.3-15.2 0-4.3 4.2-4.3 11 0 15.2z\"><\/path><path d=\"m11.4 15.9v-3.3h-3.3c-0.3 0-0.6-0.3-0.6-0.6 0-0.4 0.3-0.6 0.6-0.6h3.3v-3.3c0-0.3 0.3-0.6 0.6-0.6 0.3 0 0.6 0.3 0.6 0.6v3.3h3.3c0.3 0 0.6 0.2 0.6 0.6q0 0.2-0.2 0.4-0.2 0.2-0.4 0.2h-3.3v3.3q0 0.2-0.2 0.4-0.2 0.2-0.4 0.2c-0.4 0-0.6-0.3-0.6-0.6z\"><\/path><\/svg> <\/div><div class=\"esab__expand\"> <svg version=\"1.2\" viewbox=\"0 0 24 24\" width=\"24\" height=\"24\"><path fill-rule=\"evenodd\" d=\"m12 24c-6.6 0-12-5.4-12-12 0-6.6 5.4-12 12-12 6.6 0 12 5.4 12 12 0 6.6-5.4 12-12 12zm10.6-12c0-5.9-4.7-10.6-10.6-10.6-5.9 0-10.6 4.7-10.6 10.6 0 5.9 4.7 10.6 10.6 10.6 5.9 0 10.6-4.7 10.6-10.6z\"><\/path><path d=\"m5.6 11.3h12.8v1.4h-12.8z\"><\/path><\/svg> <\/div><\/div><\/div><div class=\"esab__body\">\n<p>Od razine B1 mo\u017eete poha\u0111ati te\u010daj strukovnog jezika. To ide do B2, C1 ili C2.<br>U te\u010daju profesionalnog jezika fokus je vi\u0161e na njema\u010dkom jeziku za posao.<br>Ovaj te\u010daj financira vlada i stoga nije toliko skup.&nbsp;<\/p>\n\n\n\n<p>Za poha\u0111anje te\u010daja potrebno vam je dopu\u0161tenje.<br>Ako ste nezaposleni, mo\u017eete to dobiti od centra za zapo\u0161ljavanje ili agencije za zapo\u0161ljavanje.<br>Ako radite, zatra\u017eite dopu\u0161tenje izravno od BAMF-a.&nbsp;<\/p>\n\n\n\n<p>Ako imate dopu\u0161tenje, mo\u017eete pretra\u017eiti te\u010daj na web stranici KURSNET-a.<br><a href=\"https:\/\/web.arbeitsagentur.de\/sprachfoerderung\/suche\/berufssprachkurse?ort=Leipzig_12.3781_51.3383&amp;umkreis=10&amp;seite=0\" target=\"_blank\" rel=\"noreferrer noopener\">Ovdje<\/a> Te\u010dajevi se mogu prona\u0107i u Leipzigu.<\/p>\n\n\n\n<p>Neki ljudi moraju platiti za te\u010daj, neki ne.<br>Ovisi o tome koliko novca zara\u0111ujete.<br>Ako ovo platite i uspje\u0161no zavr\u0161ite te\u010daj, mo\u017eete dobiti 501% povrata tro\u0161kova.<br><a href=\"https:\/\/www.bamf.de\/DE\/Themen\/Integration\/ZugewanderteTeilnehmende\/DeutschBeruf\/deutsch-beruf.html?nn=282656#a_284040_1\" target=\"_blank\" rel=\"noreferrer noopener\">Ovdje<\/a> Na\u0107i \u0107ete vi\u0161e informacija i potrebne obrasce.<\/p>\n<\/div><\/div>\n\n\n\n<div class=\"wp-block-esab-accordion-child\"><div class=\"esab__head\" role=\"button\" aria-expanded=\"false\"><div class=\"esab__heading_txt\"><h2 class=\"esab__heading_tag\">Gdje jo\u0161 mogu nau\u010diti njema\u010dki?\u00a0<\/h2><\/div><div class=\"esab__icon\"><div class=\"esab__collapse\"> <svg version=\"1.2\" viewbox=\"0 0 24 24\" width=\"24\" height=\"24\"><path fill-rule=\"evenodd\" d=\"m3.5 20.5c-4.7-4.7-4.7-12.3 0-17 4.7-4.7 12.3-4.7 17 0 4.6 4.7 4.6 12.3 0 17-4.7 4.6-12.3 4.6-17 0zm0.9-0.9c4.2 4.2 11 4.2 15.2 0 4.2-4.2 4.2-11 0-15.2-4.2-4.3-11-4.3-15.2 0-4.3 4.2-4.3 11 0 15.2z\"><\/path><path d=\"m11.4 15.9v-3.3h-3.3c-0.3 0-0.6-0.3-0.6-0.6 0-0.4 0.3-0.6 0.6-0.6h3.3v-3.3c0-0.3 0.3-0.6 0.6-0.6 0.3 0 0.6 0.3 0.6 0.6v3.3h3.3c0.3 0 0.6 0.2 0.6 0.6q0 0.2-0.2 0.4-0.2 0.2-0.4 0.2h-3.3v3.3q0 0.2-0.2 0.4-0.2 0.2-0.4 0.2c-0.4 0-0.6-0.3-0.6-0.6z\"><\/path><\/svg> <\/div><div class=\"esab__expand\"> <svg version=\"1.2\" viewbox=\"0 0 24 24\" width=\"24\" height=\"24\"><path fill-rule=\"evenodd\" d=\"m12 24c-6.6 0-12-5.4-12-12 0-6.6 5.4-12 12-12 6.6 0 12 5.4 12 12 0 6.6-5.4 12-12 12zm10.6-12c0-5.9-4.7-10.6-10.6-10.6-5.9 0-10.6 4.7-10.6 10.6 0 5.9 4.7 10.6 10.6 10.6 5.9 0 10.6-4.7 10.6-10.6z\"><\/path><path d=\"m5.6 11.3h12.8v1.4h-12.8z\"><\/path><\/svg> <\/div><\/div><\/div><div class=\"esab__body\">\n<p>U Leipzigu postoje i druga mjesta gdje mo\u017eete u\u010diti njema\u010dki.<br>To su obi\u010dno neformalni te\u010dajevi gdje ne morate pla\u0107ati nikakav novac ili pla\u0107ate vrlo malo novca.<br>Mo\u017eete samo navratiti ili se nakratko registrirati.<br><a href=\"https:\/\/www.leipzig.de\/jugend-familie-und-soziales\/auslaender-und-migranten\/migration-und-integration\/deutsch-lernen-und-sprache\/beratungsangebote-und-informationen-zum-thema\" target=\"_blank\" rel=\"noreferrer noopener\">Ovdje<\/a> Navedeni su svi ovi te\u010dajevi i te\u010dajevi konverzacije.<\/p>\n\n\n\n<p>Gradska knji\u017enica u Leipzigu nudi mnogo resursa za ljude koji \u017eele u\u010diti njema\u010dki jezik.<br>Ima puno materijala u <a href=\"https:\/\/stadtbibliothek.leipzig.de\/macht-mit\/kreative-freiraeume\" target=\"_blank\" rel=\"noopener\">Jezi\u010dna soba<\/a> tamo. Mo\u017eete ga jednostavno isprobati besplatno.<br>Ako \u017eelite posuditi gra\u0111u i ponijeti je ku\u0107i, potrebna vam je \u010dlanska iskaznica knji\u017enice.<br>To ko\u0161ta 20 \u20ac godi\u0161nje. Besplatno je za djecu, a za osobe s Leipzig Passom 10 eura godi\u0161nje. <\/p>\n\n\n\n<p>Ako se bavite volonterskim radom, usput nau\u010dite i ne\u0161to njema\u010dkog jezika.<br>Volonterski rad je kao nepla\u0107eni rad.<br>To radi\u0161 kako bi pomogao drugim ljudima. Na primjer, mladi ljudi ili stariji ljudi.<br>Ali upoznaje\u0161 nove ljude i govori\u0161 vi\u0161e njema\u010dki.<br>Ne mora\u0161 uvijek puno govoriti njema\u010dki da bi u\u010dinio ne\u0161to takvo.<br>Na <a href=\"https:\/\/freiwilligen-agentur-leipzig.de\/\" target=\"_blank\" rel=\"noreferrer noopener\">Volonterska agencija<\/a> mo\u017eete prona\u0107i takve aktivnosti. <\/p>\n\n\n\n<p>Neki ljudi rade jezi\u010dni tandem.<br>Dvoje ljudi si me\u0111usobno poma\u017eu u u\u010denju jezika.<br>Na primjer, osoba govori ruski i \u017eeli nau\u010diti \u0161panjolski.<br>Druga osoba govori \u0161panjolski i \u017eeli nau\u010diti ruski.<br>Dvoje ljudi se upoznaju i vje\u017ebaju oba jezika.<br><a href=\"http:\/\/www.sprachtandem-leipzig.de\/de\/info.html\" target=\"_blank\" rel=\"noreferrer noopener\">Ovdje<\/a> mo\u017eete tra\u017eiti jezi\u010dni tandem.<\/p>\n\n\n\n<p>Tako\u0111er postoji mnogo online resursa gdje mo\u017eete u\u010diti njema\u010dki jezik.<br>Na primjer <a href=\"https:\/\/www.duolingo.com\/learn\" target=\"_blank\" rel=\"noreferrer noopener\">Duolingo<\/a> ili na YouTubeu, TikToku i Instagramu.<br>The <a href=\"https:\/\/www.goethe.de\/de\/spr\/ueb.html\" target=\"_blank\" rel=\"noreferrer noopener\">Goetheov institut<\/a> i <a href=\"https:\/\/learngerman.dw.com\/de\/deutsch-lernen\/s-9095\" target=\"_blank\" rel=\"noreferrer noopener\">Njema\u010dki val<\/a> imaju puno sadr\u017eaja za ljude koji \u017eele nau\u010diti njema\u010dki jezik.<\/p>\n<\/div><\/div>\n<\/div><\/div>\n<div class=\"gsp_post_data\" \r\n\t            data-post_type=\"page\" \r\n\t            data-cat=\"bildung\" \r\n\t            data-modified=\"120\"\r\n\t            data-created=\"1688944049\"\r\n\t            data-title=\"Deutsche Sprache\" \r\n\t            data-home=\"https:\/\/info-to-go.binational-leipzig.de\/hr\"><\/div>","protected":false},"excerpt":{"rendered":"","protected":false},"author":1,"featured_media":0,"parent":10,"menu_order":1,"comment_status":"closed","ping_status":"closed","template":"","meta":{"footnotes":""},"categories":[11],"tags":[],"class_list":["post-35","page","type-page","status-publish","hentry","category-bildung"],"_links":{"self":[{"href":"https:\/\/info-to-go.binational-leipzig.de\/hr\/wp-json\/wp\/v2\/pages\/35","targetHints":{"allow":["GET"]}}],"collection":[{"href":"https:\/\/info-to-go.binational-leipzig.de\/hr\/wp-json\/wp\/v2\/pages"}],"about":[{"href":"https:\/\/info-to-go.binational-leipzig.de\/hr\/wp-json\/wp\/v2\/types\/page"}],"author":[{"embeddable":true,"href":"https:\/\/info-to-go.binational-leipzig.de\/hr\/wp-json\/wp\/v2\/users\/1"}],"replies":[{"embeddable":true,"href":"https:\/\/info-to-go.binational-leipzig.de\/hr\/wp-json\/wp\/v2\/comments?post=35"}],"version-history":[{"count":11,"href":"https:\/\/info-to-go.binational-leipzig.de\/hr\/wp-json\/wp\/v2\/pages\/35\/revisions"}],"predecessor-version":[{"id":639,"href":"https:\/\/info-to-go.binational-leipzig.de\/hr\/wp-json\/wp\/v2\/pages\/35\/revisions\/639"}],"up":[{"embeddable":true,"href":"https:\/\/info-to-go.binational-leipzig.de\/hr\/wp-json\/wp\/v2\/pages\/10"}],"wp:attachment":[{"href":"https:\/\/info-to-go.binational-leipzig.de\/hr\/wp-json\/wp\/v2\/media?parent=35"}],"wp:term":[{"taxonomy":"category","embeddable":true,"href":"https:\/\/info-to-go.binational-leipzig.de\/hr\/wp-json\/wp\/v2\/categories?post=35"},{"taxonomy":"post_tag","embeddable":true,"href":"https:\/\/info-to-go.binational-leipzig.de\/hr\/wp-json\/wp\/v2\/tags?post=35"}],"curies":[{"name":"radni list","href":"https:\/\/api.w.org\/{rel}","templated":true}]}}