{"id":399,"date":"2024-01-17T12:08:03","date_gmt":"2024-01-17T11:08:03","guid":{"rendered":"https:\/\/info-to-go.binational-leipzig.de\/?page_id=399"},"modified":"2024-07-31T12:56:05","modified_gmt":"2024-07-31T10:56:05","slug":"impressum","status":"publish","type":"page","link":"https:\/\/info-to-go.binational-leipzig.de\/hr\/impressum\/","title":{"rendered":"otisak"},"content":{"rendered":"<p><strong>Informacije prema \u00a7 5 TMG-a<\/strong><\/p>\n\n\n\n<p>Udruga binacionalnih obitelji i partnerstava, iaf eV<br>Ludolfusstra\u00dfe 2 \u2013 4<br>60487 Frankfurt na Majni<\/p>\n\n\n\n<p><strong>Zastupano od strane<\/strong><\/p>\n\n\n\n<p>Asiye Bal\u0131k\u00e7\u0131-Schmidt, Natalia Bugaj-Wolfram<\/p>\n\n\n\n<p>Posebni predstavnik prema \u00a7 30 BGB-a: NN<\/p>\n\n\n\n<p>Registarski sud:<\/p>\n\n\n\n<p>Okru\u017eni sud u Frankfurtu na Majni, registracijski broj udruge: VR 6728<\/p>\n\n\n\n<p>Porezni ured Frankfurt V Porezni broj 014 250 63357<\/p>\n\n\n\n<p><strong>kontakt<\/strong><\/p>\n\n\n\n<p>Telefon: +49 (0) 69 713 756 \u2013 0<br>Faks: +49 (0) 69 707 50 92<br>E-po\u0161ta: info@verband-binationaler.de<\/p>\n\n\n\n<p><strong>Upis u registar<\/strong><\/p>\n\n\n\n<p>Upis u registar udruga.<br>Registarski sud: Okru\u017eni sud u Frankfurtu na Majni<br>Registarski broj: VR 6728<\/p>\n\n\n\n<p><strong>PDV<\/strong><\/p>\n\n\n\n<p>PDV identifikacijski broj prema \u010dlanku 27a Zakona o PDV-u:<br>DE114234727<\/p>\n\n\n\n<p><strong>Rje\u0161avanje sporova<\/strong><\/p>\n\n\n\n<p>Nismo voljni niti obvezni sudjelovati u postupcima rje\u0161avanja sporova pred arbitra\u017enim odborom za potro\u0161a\u010de.<\/p>\n\n\n\n<p><strong>Izvori<\/strong><\/p>\n\n\n\n<p>Tehni\u010dka izvedba: Stephan Wein i Ahmet Erdem \u015eent\u00fcrk<br>Dizajn weba: Chris Schneider<\/p>\n\n\n\n<p><strong>Fotografije<\/strong><\/p>\n\n\n\n<p>\u201eTko smo mi\u201c: Mehmet Arbag<\/p>\n\n\n\n<p><strong>Pravna obavijest<\/strong><\/p>\n\n\n\n<p>Odgovornost za sadr\u017eaj<\/p>\n\n\n\n<p>Kao pru\u017eatelj usluga, odgovorni smo za vlastiti sadr\u017eaj na ovim stranicama u skladu s \u010dlankom 7. stavkom 1. njema\u010dkog Zakona o telemedijima (TMG). Me\u0111utim, prema odjeljcima 8 do 10 njema\u010dkog Zakona o telemedijima (TMG), mi kao pru\u017eatelji usluga nismo obvezni nadzirati prenesene ili pohranjene informacije tre\u0107ih strana ili istra\u017eivati okolnosti koje ukazuju na nezakonite aktivnosti.<\/p>\n\n\n\n<p>Obveze uklanjanja ili blokiranja kori\u0161tenja informacija prema op\u0107em pravu ostaju nepromijenjene. Me\u0111utim, odgovornost u tom pogledu mogu\u0107a je tek od trenutka saznanja o konkretnoj povredi zakona. Ako postanemo svjesni takvih kr\u0161enja zakona, odmah \u0107emo ukloniti takav sadr\u017eaj.<\/p>\n\n\n\n<p><strong>Odgovornost za linkove<\/strong><\/p>\n\n\n\n<p>Na\u0161a ponuda sadr\u017ei poveznice na vanjske web stranice tre\u0107ih strana na \u010diji sadr\u017eaj nemamo utjecaj. Stoga ne mo\u017eemo preuzeti nikakvu odgovornost za ovaj vanjski sadr\u017eaj. Za sadr\u017eaj povezanih stranica uvijek je odgovoran odgovaraju\u0107i pru\u017eatelj usluga ili operater stranica. Povezane stranice su provjerene na mogu\u0107e pravne prekr\u0161aje u trenutku povezivanja. Ilegalni sadr\u017eaj nije bio prepoznatljiv u trenutku povezivanja.<\/p>\n\n\n\n<p>Me\u0111utim, trajno pra\u0107enje sadr\u017eaja povezanih stranica nije razumno bez konkretnih dokaza o kr\u0161enju zakona. Ako postanemo svjesni bilo kakvih zakonskih kr\u0161enja, odmah \u0107emo ukloniti takve poveznice.<\/p>\n\n\n\n<p><strong>autorska prava<\/strong><\/p>\n\n\n\n<p>Sadr\u017eaj i djela na ovim stranicama koje su kreirali operateri stranice podlije\u017eu njema\u010dkom zakonu o autorskim pravima. Reprodukcija, obrada, distribucija i bilo kakva vrsta iskori\u0161tavanja izvan granica zakona o autorskim pravima zahtijevaju pismenu suglasnost odgovaraju\u0107eg autora ili stvaratelja. Preuzimanja i kopije ove stranice dopu\u0161tene su samo za privatnu, nekomercijalnu upotrebu.<\/p>\n\n\n\n<p>U mjeri u kojoj sadr\u017eaj ove stranice nije kreirao operater, po\u0161tuju se autorska prava tre\u0107ih strana. Posebno je sadr\u017eaj tre\u0107ih strana ozna\u010den kao takav. Ako ipak postanete svjesni kr\u0161enja autorskih prava, molimo vas da nas o tome obavijestite. Ako postanemo svjesni bilo kakvih zakonskih kr\u0161enja, odmah \u0107emo ukloniti takav sadr\u017eaj.<\/p>\n<div class=\"gsp_post_data\" \r\n\t            data-post_type=\"page\" \r\n\t            data-cat=\"\" \r\n\t            data-modified=\"120\"\r\n\t            data-created=\"1705493283\"\r\n\t            data-title=\"Impressum\" \r\n\t            data-home=\"https:\/\/info-to-go.binational-leipzig.de\/hr\"><\/div>","protected":false},"excerpt":{"rendered":"<p>Angaben gem\u00e4\u00df \u00a7 5 TMG Verband binationaler Familien und Partnerschaften, iaf e.V.Ludolfusstra\u00dfe 2 \u2013 460487 Frankfurt am Main Vertreten durch Asiye Bal\u0131k\u00e7\u0131-Schmidt, Natalia Bugaj-Wolfram Besondere Vertreterin gem. \u00a7 30 BGB: N.N. Registergericht: Amtsgericht Frankfurt am Main&nbsp; Vereins-Registernummer: VR 6728 Finanzamt Frankfurt V \u00a0 Steuernummer 014 250 63357 Kontakt Telefon: +49 (0) 69 713 756 \u2013 [&hellip;]<\/p>\n","protected":false},"author":2,"featured_media":0,"parent":0,"menu_order":0,"comment_status":"closed","ping_status":"closed","template":"","meta":{"footnotes":""},"categories":[],"tags":[],"class_list":["post-399","page","type-page","status-publish","hentry"],"_links":{"self":[{"href":"https:\/\/info-to-go.binational-leipzig.de\/hr\/wp-json\/wp\/v2\/pages\/399","targetHints":{"allow":["GET"]}}],"collection":[{"href":"https:\/\/info-to-go.binational-leipzig.de\/hr\/wp-json\/wp\/v2\/pages"}],"about":[{"href":"https:\/\/info-to-go.binational-leipzig.de\/hr\/wp-json\/wp\/v2\/types\/page"}],"author":[{"embeddable":true,"href":"https:\/\/info-to-go.binational-leipzig.de\/hr\/wp-json\/wp\/v2\/users\/2"}],"replies":[{"embeddable":true,"href":"https:\/\/info-to-go.binational-leipzig.de\/hr\/wp-json\/wp\/v2\/comments?post=399"}],"version-history":[{"count":3,"href":"https:\/\/info-to-go.binational-leipzig.de\/hr\/wp-json\/wp\/v2\/pages\/399\/revisions"}],"predecessor-version":[{"id":481,"href":"https:\/\/info-to-go.binational-leipzig.de\/hr\/wp-json\/wp\/v2\/pages\/399\/revisions\/481"}],"wp:attachment":[{"href":"https:\/\/info-to-go.binational-leipzig.de\/hr\/wp-json\/wp\/v2\/media?parent=399"}],"wp:term":[{"taxonomy":"category","embeddable":true,"href":"https:\/\/info-to-go.binational-leipzig.de\/hr\/wp-json\/wp\/v2\/categories?post=399"},{"taxonomy":"post_tag","embeddable":true,"href":"https:\/\/info-to-go.binational-leipzig.de\/hr\/wp-json\/wp\/v2\/tags?post=399"}],"curies":[{"name":"radni list","href":"https:\/\/api.w.org\/{rel}","templated":true}]}}