{"id":598,"date":"2025-06-25T11:47:50","date_gmt":"2025-06-25T09:47:50","guid":{"rendered":"https:\/\/info-to-go.binational-leipzig.de\/?page_id=598"},"modified":"2025-06-25T11:47:51","modified_gmt":"2025-06-25T09:47:51","slug":"barrierefreiheitserklaerung","status":"publish","type":"page","link":"https:\/\/info-to-go.binational-leipzig.de\/hr\/barrierefreiheitserklaerung\/","title":{"rendered":"Izjava o pristupa\u010dnosti"},"content":{"rendered":"<h3 class=\"wp-block-heading\">Izjava o pristupa\u010dnosti<\/h3>\n\n\n\n<p><strong>Udruga binacionalnih obitelji i partnerstava, iaf eV, ured i savjetodavni ured u Leipzigu<\/strong>&nbsp;nastoji u\u010diniti svoju web stranicu upotrebljivom u skladu sa zakonskim zahtjevima u vezi s pristupa\u010dno\u0161\u0107u. Ova izjava o pristupa\u010dnosti odnosi se na web stranicu&nbsp;<a href=\"https:\/\/binational-leipzig.de\/\"><strong>binational-leipzig.de<\/strong><\/a><\/p>\n\n\n\n<hr class=\"wp-block-separator has-alpha-channel-opacity\"\/>\n\n\n\n<h3 class=\"wp-block-heading\"><strong>Status uskla\u0111enosti sa zahtjevima<\/strong><\/h3>\n\n\n\n<p>Ova web stranica je&nbsp;<strong>djelomi\u010dno<\/strong>&nbsp;sa zahtjevima&nbsp;<strong>Uredba o informacijskoj tehnologiji bez prepreka (BITV 2.0) i Direktiva EU 2016\/2102<\/strong>&nbsp;Neprestano radimo na smanjenju postoje\u0107ih prepreka i pobolj\u0161anju jednostavnosti kori\u0161tenja za sve.<\/p>\n\n\n\n<hr class=\"wp-block-separator has-alpha-channel-opacity\"\/>\n\n\n\n<h3 class=\"wp-block-heading\"><strong>Nepristupa\u010dan sadr\u017eaj<\/strong><\/h3>\n\n\n\n<p>Unato\u010d na\u0161im naporima, postoje neka podru\u010dja koja nisu u potpunosti dostupna:<\/p>\n\n\n\n<ul class=\"wp-block-list\">\n<li><strong>PDF dokumenti<\/strong>Neke starije PDF datoteke nisu formatirane na pristupa\u010dan na\u010din.<\/li>\n\n\n\n<li><strong>Alternativni tekstovi<\/strong>Neke slike ili grafi\u010dki elementi mo\u017eda ne sadr\u017ee dovoljno alternativnog teksta.<\/li>\n\n\n\n<li><strong>Navigacija i upotrebljivost<\/strong>Pojedini interaktivni elementi mo\u017eda ne\u0107e biti u potpunosti kontrolirani tipkovnicom.<\/li>\n\n\n\n<li><strong>Videozapisi<\/strong>Neki ugra\u0111eni videozapisi nemaju titlove ili audio opise.<\/li>\n<\/ul>\n\n\n\n<p>Radimo na postupnom ispravljanju ovih nedostataka.<\/p>\n\n\n\n<hr class=\"wp-block-separator has-alpha-channel-opacity\"\/>\n\n\n\n<h3 class=\"wp-block-heading\"><strong>Priprema ove izjave<\/strong><\/h3>\n\n\n\n<p>Ova izjava je dana&nbsp;<strong>10.01.2025<\/strong>&nbsp;kreirano i zadnji put a\u017eurirano&nbsp;<strong>19.02.2025<\/strong>&nbsp;provjereno.<br><br>Web stranicu je ocijenio\/la&nbsp;<strong>unutarnja samoprocjena<\/strong>&nbsp;kao i kori\u0161tenje automatiziranih testova.<\/p>\n\n\n\n<hr class=\"wp-block-separator has-alpha-channel-opacity\"\/>\n\n\n\n<h3 class=\"wp-block-heading\"><strong>Povratne informacije i kontakt informacije<\/strong><\/h3>\n\n\n\n<p>Ako nai\u0111ete na bilo kakve prepreke na na\u0161oj web stranici ili imate prijedloge za pobolj\u0161anje, slobodno nas kontaktirajte:<\/p>\n\n\n\n<p>Udruga binacionalnih obitelji i partnerstava, iaf eV<br>Poslovni i savjetodavni ured Leipzig<br><br><a href=\"https:\/\/www.google.com\/maps\/place\/Verband+binationaler+Familien+u.+Partnerschaften+e.V.\/@51.3232198,12.3793402,18.79z\/data=!4m5!3m4!1s0x0:0x280bc9ed9b02c389!8m2!3d51.3232449!4d12.3798815\" target=\"_blank\" rel=\"noreferrer noopener\">Arndtstrasse 63<br>04275 Leipzig<\/a><br><br>Telefon: 0341-6 88 00 22<br>E-po\u0161ta:&nbsp;<a href=\"http:\/\/leipzig@verband-binationaler-de\/\" rel=\"noreferrer noopener\" target=\"_blank\">leipzig@verband-binationaler-de<\/a><\/p>\n\n\n\n<hr class=\"wp-block-separator has-alpha-channel-opacity\"\/>\n\n\n\n<h3 class=\"wp-block-heading\"><strong>Ovr\u0161ni postupak<\/strong><\/h3>\n\n\n\n<p>Ako na va\u0161 upit u vezi s pristupa\u010dno\u0161\u0107u na\u0161e web stranice ne dobijete zadovoljavaju\u0107i odgovor, mo\u017eete se obratiti&nbsp;<strong>Tijelo za provedbu zakona&nbsp;<\/strong>zaokrenuti:<\/p>\n\n\n\n<p><strong>Sasko tijelo za nadzor digitalne dostupnosti<\/strong><br>Sasko dr\u017eavno ministarstvo za socijalna pitanja i socijalnu koheziju<br>E-po\u0161ta:&nbsp;<a href=\"mailto:durchsetzungsstelle@sk.sachsen.de\">durchsetzungsstelle@sk.sachsen.de<\/a><br>Web:&nbsp;<a href=\"https:\/\/www.durchsetzungsstelle.sachsen.de\/\" rel=\"noreferrer noopener\" target=\"_blank\">www.durchsetzungsstelle.sachsen.de<\/a><\/p>\n\n\n\n<hr class=\"wp-block-separator has-alpha-channel-opacity\"\/>\n\n\n\n<p>Neprestano se trudimo u\u010diniti na\u0161u digitalnu prisutnost dostupnijom svima i zahvaljujemo vam na povratnim informacijama!<\/p>\n<div class=\"gsp_post_data\" \r\n\t            data-post_type=\"page\" \r\n\t            data-cat=\"\" \r\n\t            data-modified=\"120\"\r\n\t            data-created=\"1750852070\"\r\n\t            data-title=\"Barrierefreiheitserkl\u00e4rung\" \r\n\t            data-home=\"https:\/\/info-to-go.binational-leipzig.de\/hr\"><\/div>","protected":false},"excerpt":{"rendered":"<p>Erkl\u00e4rung zur Barrierefreiheit Verband binationaler Familien und Partnerschaften, iaf e.V. Gesch\u00e4fts- und Beratungsstelle Leipzig&nbsp;ist bestrebt, ihre Website in \u00dcbereinstimmung mit den gesetzlichen Vorgaben zur Barrierefreiheit nutzbar zu machen. Diese Erkl\u00e4rung zur Barrierefreiheit gilt f\u00fcr die Website&nbsp;binational-leipzig.de Stand der Vereinbarkeit mit den Anforderungen Diese Website ist&nbsp;teilweise&nbsp;mit den Anforderungen der&nbsp;Barrierefreie-Informationstechnik-Verordnung (BITV 2.0) sowie der EU-Richtlinie 2016\/2102&nbsp;vereinbar. Wir [&hellip;]<\/p>\n","protected":false},"author":2,"featured_media":0,"parent":0,"menu_order":0,"comment_status":"closed","ping_status":"closed","template":"","meta":{"footnotes":""},"categories":[],"tags":[],"class_list":["post-598","page","type-page","status-publish","hentry"],"_links":{"self":[{"href":"https:\/\/info-to-go.binational-leipzig.de\/hr\/wp-json\/wp\/v2\/pages\/598","targetHints":{"allow":["GET"]}}],"collection":[{"href":"https:\/\/info-to-go.binational-leipzig.de\/hr\/wp-json\/wp\/v2\/pages"}],"about":[{"href":"https:\/\/info-to-go.binational-leipzig.de\/hr\/wp-json\/wp\/v2\/types\/page"}],"author":[{"embeddable":true,"href":"https:\/\/info-to-go.binational-leipzig.de\/hr\/wp-json\/wp\/v2\/users\/2"}],"replies":[{"embeddable":true,"href":"https:\/\/info-to-go.binational-leipzig.de\/hr\/wp-json\/wp\/v2\/comments?post=598"}],"version-history":[{"count":1,"href":"https:\/\/info-to-go.binational-leipzig.de\/hr\/wp-json\/wp\/v2\/pages\/598\/revisions"}],"predecessor-version":[{"id":599,"href":"https:\/\/info-to-go.binational-leipzig.de\/hr\/wp-json\/wp\/v2\/pages\/598\/revisions\/599"}],"wp:attachment":[{"href":"https:\/\/info-to-go.binational-leipzig.de\/hr\/wp-json\/wp\/v2\/media?parent=598"}],"wp:term":[{"taxonomy":"category","embeddable":true,"href":"https:\/\/info-to-go.binational-leipzig.de\/hr\/wp-json\/wp\/v2\/categories?post=598"},{"taxonomy":"post_tag","embeddable":true,"href":"https:\/\/info-to-go.binational-leipzig.de\/hr\/wp-json\/wp\/v2\/tags?post=598"}],"curies":[{"name":"radni list","href":"https:\/\/api.w.org\/{rel}","templated":true}]}}