{"id":285,"date":"2024-01-04T13:29:12","date_gmt":"2024-01-04T12:29:12","guid":{"rendered":"https:\/\/info-to-go.binational-leipzig.de\/?page_id=285"},"modified":"2025-08-22T17:19:40","modified_gmt":"2025-08-22T15:19:40","slug":"wer-wir-sind","status":"publish","type":"page","link":"https:\/\/info-to-go.binational-leipzig.de\/hu\/wer-wir-sind\/","title":{"rendered":"Kik vagyunk"},"content":{"rendered":"<p class=\"has-black-color has-text-color has-link-color wp-elements-c72634aa25679946aa2a2eeb64f08b5a\">Ketten vagyunk, Loredana \u00e9s \u00c9anna, akik teljes munkaid\u0151ben Lipcs\u00e9ben dolgozunk migr\u00e1nsok tan\u00e1csad\u00e1s\u00e1val. Ak\u00e1r most \u00e9rkezt\u00e9l Lipcs\u00e9be, ak\u00e1r m\u00e1r egy ideje \u00e9lsz itt, gyakran felmer\u00fclnek k\u00e9rd\u00e9seid.<\/p>\n\n\n\n<p class=\"has-black-color has-text-color has-link-color wp-elements-dea5cb0ff36a345c1fbc84f5590a1874\">Rengeteg inform\u00e1ci\u00f3 kering, \u00e9s n\u00e9ha nem lehet tudni, hogy pontosak-e. Vil\u00e1gos t\u00e1j\u00e9koztat\u00e1st szeretn\u00e9nk ny\u00fajtani ezekr\u0151l a k\u00e9rd\u00e9sekr\u0151l. Azt szeretn\u00e9nk, hogy a lipcsei migr\u00e1nsok pontosabb inform\u00e1ci\u00f3kat kapjanak. \u00c9s ne kelljen fizetni\u00fck \u00e9rt\u00fck.<\/p>\n\n\n\n<p class=\"has-black-color has-text-color has-link-color wp-elements-4043f67d40b375a80d425c35cf5a0be0\">Az ezen az oldalon tal\u00e1lhat\u00f3 inform\u00e1ci\u00f3k els\u0151sorban a Lipcs\u00e9ben \u00e9l\u0151, m\u00e1s EU-orsz\u00e1gokb\u00f3l \u00e9rkez\u0151 lakosoknak sz\u00f3lnak. Azonban az inform\u00e1ci\u00f3k nagy r\u00e9sze azok sz\u00e1m\u00e1ra is relev\u00e1ns, akik N\u00e9metorsz\u00e1g m\u00e1s r\u00e9sz\u00e9n \u00e9lnek, vagy nem az EU-b\u00f3l sz\u00e1rmaznak.<\/p>\n\n\n\n<p class=\"has-black-color has-text-color has-link-color wp-elements-e8ae7e8e05904e336e3d813e52eed443\">Bizonyos helyeken m\u00e9g id\u0151re van sz\u00fcks\u00e9g\u00fcnk az inform\u00e1ci\u00f3k el\u0151\u00e1ll\u00edt\u00e1s\u00e1hoz. Ha a jobb als\u00f3 sarokban kattintasz, m\u00e1s nyelveket is kiv\u00e1laszthatsz. A sz\u00f6veg egy r\u00e9sze automatikusan leford\u00edtott, ez\u00e9rt k\u00e9rj\u00fck, \u00e9rtsd meg, ha hib\u00e1k fordulnak el\u0151.<\/p>\n\n\n\n<p class=\"has-black-color has-text-color has-link-color wp-elements-0b3980da428105955e054e953c4943e2\">Mindent megtesz\u00fcnk annak \u00e9rdek\u00e9ben, hogy az inform\u00e1ci\u00f3k \u00e1tfog\u00f3ak, pontosak \u00e9s naprak\u00e9szek legyenek. Azonban, ha hi\u00e1nyoss\u00e1got vagy hib\u00e1t \u00e9szlel, k\u00e9rj\u00fck, jelezze nek\u00fcnk. Ez a j\u00f6v\u0151ben m\u00e1soknak is seg\u00edteni fog. El\u00e9rhet\u0151s\u00e9geinket az al\u00e1bbi \u201eImpresszum\u201d men\u00fcpont alatt tal\u00e1lja.<\/p>\n\n\n\n<p class=\"has-black-color has-text-color has-link-color wp-elements-af7e68fbac72b2a48a8647dff244d1a1\">J\u00f3 olvas\u00e1st!<\/p>\n\n\n\n<p class=\"has-black-color has-text-color has-link-color wp-elements-098d904d21b72a9790d08d436c9eb658\">Loredana \u00e9s \u00c9anna \ud83d\ude0a<\/p>\n\n\n<div class=\"wp-block-image\">\n<figure data-wp-context=\"{&quot;imageId&quot;:&quot;69f54a819e873&quot;}\" data-wp-interactive=\"core\/image\" data-wp-key=\"69f54a819e873\" class=\"aligncenter size-large is-resized wp-lightbox-container\"><img loading=\"lazy\" decoding=\"async\" width=\"1024\" height=\"642\" data-wp-class--hide=\"state.isContentHidden\" data-wp-class--show=\"state.isContentVisible\" data-wp-init=\"callbacks.setButtonStyles\" data-wp-on--click=\"actions.showLightbox\" data-wp-on--load=\"callbacks.setButtonStyles\" data-wp-on-window--resize=\"callbacks.setButtonStyles\" src=\"https:\/\/info-to-go.binational-leipzig.de\/wp-content\/uploads\/2024\/01\/website-pic-1024x642.jpg\" alt=\"\" class=\"wp-image-287\" style=\"width:565px;height:auto\" srcset=\"https:\/\/info-to-go.binational-leipzig.de\/wp-content\/uploads\/2024\/01\/website-pic-1024x642.jpg 1024w, https:\/\/info-to-go.binational-leipzig.de\/wp-content\/uploads\/2024\/01\/website-pic-300x188.jpg 300w, https:\/\/info-to-go.binational-leipzig.de\/wp-content\/uploads\/2024\/01\/website-pic-768x481.jpg 768w, https:\/\/info-to-go.binational-leipzig.de\/wp-content\/uploads\/2024\/01\/website-pic-1536x962.jpg 1536w, https:\/\/info-to-go.binational-leipzig.de\/wp-content\/uploads\/2024\/01\/website-pic-2048x1283.jpg 2048w, https:\/\/info-to-go.binational-leipzig.de\/wp-content\/uploads\/2024\/01\/website-pic-18x12.jpg 18w\" sizes=\"auto, (max-width: 1024px) 100vw, 1024px\" \/><button\n\t\t\tclass=\"lightbox-trigger\"\n\t\t\ttype=\"button\"\n\t\t\taria-haspopup=\"dialog\"\n\t\t\taria-label=\"Nagy\u00edt\u00e1s\"\n\t\t\tdata-wp-init=\"callbacks.initTriggerButton\"\n\t\t\tdata-wp-on--click=\"actions.showLightbox\"\n\t\t\tdata-wp-style--right=\"state.imageButtonRight\"\n\t\t\tdata-wp-style--top=\"state.imageButtonTop\"\n\t\t>\n\t\t\t<svg xmlns=\"http:\/\/www.w3.org\/2000\/svg\" width=\"12\" height=\"12\" fill=\"none\" viewbox=\"0 0 12 12\">\n\t\t\t\t<path fill=\"#fff\" d=\"M2 0a2 2 0 0 0-2 2v2h1.5V2a.5.5 0 0 1 .5-.5h2V0H2Zm2 10.5H2a.5.5 0 0 1-.5-.5V8H0v2a2 2 0 0 0 2 2h2v-1.5ZM8 12v-1.5h2a.5.5 0 0 0 .5-.5V8H12v2a2 2 0 0 1-2 2H8Zm2-12a2 2 0 0 1 2 2v2h-1.5V2a.5.5 0 0 0-.5-.5H8V0h2Z\" \/>\n\t\t\t<\/svg>\n\t\t<\/button><\/figure>\n<\/div><div class=\"gsp_post_data\" \r\n\t            data-post_type=\"page\" \r\n\t            data-cat=\"\" \r\n\t            data-modified=\"120\"\r\n\t            data-created=\"1704374952\"\r\n\t            data-title=\"Wer wir sind\" \r\n\t            data-home=\"https:\/\/info-to-go.binational-leipzig.de\/hu\"><\/div>","protected":false},"excerpt":{"rendered":"<p>Wir sind zwei Personen, Loredana und \u00c9anna, die beide hauptamtlich aktiv in der Beratung von Migrant*innen in Leipzig sind. Egal, ob man ganz neu in Leipzig ist oder schon eine Weile hier lebt: Es gibt oft Fragen. Es gibt viele Informationen und manchmal wei\u00df man nicht, ob sie richtig sind. Wir wollen klare Informationen zu [&hellip;]<\/p>\n","protected":false},"author":1,"featured_media":0,"parent":0,"menu_order":0,"comment_status":"closed","ping_status":"closed","template":"","meta":{"footnotes":""},"categories":[],"tags":[],"class_list":["post-285","page","type-page","status-publish","hentry"],"_links":{"self":[{"href":"https:\/\/info-to-go.binational-leipzig.de\/hu\/wp-json\/wp\/v2\/pages\/285","targetHints":{"allow":["GET"]}}],"collection":[{"href":"https:\/\/info-to-go.binational-leipzig.de\/hu\/wp-json\/wp\/v2\/pages"}],"about":[{"href":"https:\/\/info-to-go.binational-leipzig.de\/hu\/wp-json\/wp\/v2\/types\/page"}],"author":[{"embeddable":true,"href":"https:\/\/info-to-go.binational-leipzig.de\/hu\/wp-json\/wp\/v2\/users\/1"}],"replies":[{"embeddable":true,"href":"https:\/\/info-to-go.binational-leipzig.de\/hu\/wp-json\/wp\/v2\/comments?post=285"}],"version-history":[{"count":12,"href":"https:\/\/info-to-go.binational-leipzig.de\/hu\/wp-json\/wp\/v2\/pages\/285\/revisions"}],"predecessor-version":[{"id":614,"href":"https:\/\/info-to-go.binational-leipzig.de\/hu\/wp-json\/wp\/v2\/pages\/285\/revisions\/614"}],"wp:attachment":[{"href":"https:\/\/info-to-go.binational-leipzig.de\/hu\/wp-json\/wp\/v2\/media?parent=285"}],"wp:term":[{"taxonomy":"category","embeddable":true,"href":"https:\/\/info-to-go.binational-leipzig.de\/hu\/wp-json\/wp\/v2\/categories?post=285"},{"taxonomy":"post_tag","embeddable":true,"href":"https:\/\/info-to-go.binational-leipzig.de\/hu\/wp-json\/wp\/v2\/tags?post=285"}],"curies":[{"name":"wp","href":"https:\/\/api.w.org\/{rel}","templated":true}]}}