{"id":3,"date":"2024-03-11T13:45:00","date_gmt":"2024-03-11T12:45:00","guid":{"rendered":"https:\/\/sprijin.binational-leipzig.de\/?page_id=3"},"modified":"2024-03-11T13:45:51","modified_gmt":"2024-03-11T12:45:51","slug":"datenschutzerklaerung","status":"publish","type":"page","link":"https:\/\/info-to-go.binational-leipzig.de\/hu\/datenschutzerklaerung\/","title":{"rendered":"Adatv\u00e9delmi ir\u00e1nyelvek"},"content":{"rendered":"<p><strong>1. Adatv\u00e9delem \u00e1ttekint\u00e9se<\/strong><\/p>\n\n\n\n<p><strong><em>\u00c1ltal\u00e1nos inform\u00e1ci\u00f3k<\/em><\/strong><\/p>\n\n\n\n<p>Az al\u00e1bbi inform\u00e1ci\u00f3k egyszer\u0171 \u00e1ttekint\u00e9st ny\u00fajtanak arr\u00f3l, hogy mi t\u00f6rt\u00e9nik a szem\u00e9lyes adataival, amikor megl\u00e1togatja weboldalunkat. Szem\u00e9lyes adatnak min\u0151s\u00fcl minden olyan adat, amely felhaszn\u00e1lhat\u00f3 az \u00d6n szem\u00e9lyes azonos\u00edt\u00e1s\u00e1ra. Az adatv\u00e9delemmel kapcsolatos r\u00e9szletes inform\u00e1ci\u00f3k\u00e9rt k\u00e9rj\u00fck, olvassa el az adatv\u00e9delmi szab\u00e1lyzatunkat, amely a sz\u00f6veg alatt tal\u00e1lhat\u00f3.<\/p>\n\n\n\n<p><strong>Adatgy\u0171jt\u00e9s a weboldalunkon<\/strong><\/p>\n\n\n\n<p><strong><em>Ki a felel\u0151s az adatgy\u0171jt\u00e9s\u00e9rt ezen a weboldalon?<\/em><\/strong><\/p>\n\n\n\n<p>A weboldalon t\u00f6rt\u00e9n\u0151 adatfeldolgoz\u00e1st a weboldal \u00fczemeltet\u0151je v\u00e9gzi. El\u00e9rhet\u0151s\u00e9geiket megtal\u00e1lja a weboldal impresszum\u00e1ban.<\/p>\n\n\n\n<p><strong><em>Hogyan gy\u0171jtj\u00fck az \u00d6n adatait?<\/em><\/strong><\/p>\n\n\n\n<p>Egyr\u00e9szt az adatait akkor gy\u0171jtj\u00fck, amikor \u00d6n megadja azokat nek\u00fcnk. Ez lehet p\u00e9ld\u00e1ul az az adat, amit egy kapcsolatfelv\u00e9teli \u0171rlapon ad meg.<\/p>\n\n\n\n<p>M\u00e1s adatokat informatikai rendszereink automatikusan gy\u0171jtenek, amikor megl\u00e1togatja a weboldalt. Ezek els\u0151sorban technikai adatok (pl. internetb\u00f6ng\u00e9sz\u0151, oper\u00e1ci\u00f3s rendszer vagy az oldal el\u00e9r\u00e9s\u00e9nek id\u0151pontja). Ezeket az adatokat automatikusan gy\u0171jtj\u00fck, amint bel\u00e9p a weboldalunkra.<\/p>\n\n\n\n<p><strong><em>Mire haszn\u00e1ljuk fel az adatait?<\/em><\/strong><\/p>\n\n\n\n<p>Bizonyos adatokat a weboldal megfelel\u0151 m\u0171k\u00f6d\u00e9s\u00e9nek biztos\u00edt\u00e1sa \u00e9rdek\u00e9ben gy\u0171jt\u00fcnk. M\u00e1s adatokat is felhaszn\u00e1lhatunk a felhaszn\u00e1l\u00f3i viselked\u00e9s elemz\u00e9s\u00e9re.<\/p>\n\n\n\n<p><strong><em>Milyen jogai vannak az adataival kapcsolatban?<\/em><\/strong><\/p>\n\n\n\n<p>\u00d6nnek joga van b\u00e1rmikor \u00e9s ingyenesen t\u00e1j\u00e9koztat\u00e1st kapni a t\u00e1rolt szem\u00e9lyes adatainak eredet\u00e9r\u0151l, c\u00edmzettj\u00e9r\u0151l \u00e9s c\u00e9lj\u00e1r\u00f3l. \u00d6nnek joga van k\u00e9rni ezen adatok helyesb\u00edt\u00e9s\u00e9t, z\u00e1rol\u00e1s\u00e1t vagy t\u00f6rl\u00e9s\u00e9t is. B\u00e1rmikor kapcsolatba l\u00e9phet vel\u00fcnk az impresszumban megadott c\u00edmen, ha b\u00e1rmilyen k\u00e9rd\u00e9se van ezzel vagy az adatv\u00e9delemmel kapcsolatos egy\u00e9b probl\u00e9m\u00e1kkal kapcsolatban. Tov\u00e1bb\u00e1 joga van panaszt beny\u00fajtani az illet\u00e9kes fel\u00fcgyeleti hat\u00f3s\u00e1ghoz.<\/p>\n\n\n\n<p><strong>2. \u00c1ltal\u00e1nos inform\u00e1ci\u00f3k \u00e9s k\u00f6telez\u0151 inform\u00e1ci\u00f3k<\/strong><\/p>\n\n\n\n<p><strong>Adatv\u00e9delem<\/strong><\/p>\n\n\n\n<p>Ezen oldalak \u00fczemeltet\u0151i nagyon komolyan veszik a szem\u00e9lyes adataid v\u00e9delm\u00e9t. Szem\u00e9lyes adatait bizalmasan \u00e9s a t\u00f6rv\u00e9nyi adatv\u00e9delmi el\u0151\u00edr\u00e1soknak, valamint a jelen adatv\u00e9delmi ir\u00e1nyelveknek megfelel\u0151en kezelj\u00fck.<\/p>\n\n\n\n<p>Amikor ezt a weboldalt haszn\u00e1lja, k\u00fcl\u00f6nf\u00e9le szem\u00e9lyes adatokat gy\u0171jt\u00fcnk. A szem\u00e9lyes adatok olyan adatok, amelyek felhaszn\u00e1lhat\u00f3k az \u00d6n szem\u00e9lyes azonos\u00edt\u00e1s\u00e1ra. Ez az adatv\u00e9delmi ir\u00e1nyelv elmagyar\u00e1zza, hogy milyen adatokat gy\u0171jt\u00fcnk \u00e9s mire haszn\u00e1ljuk fel azokat. Azt is elmagyar\u00e1zza, hogy ezt hogyan \u00e9s milyen c\u00e9lb\u00f3l teszik.<\/p>\n\n\n\n<p>Szeretn\u00e9nk felh\u00edvni a figyelmet arra, hogy az interneten kereszt\u00fcli adat\u00e1tvitel (pl. e-mailben t\u00f6rt\u00e9n\u0151 kommunik\u00e1ci\u00f3) biztons\u00e1gi r\u00e9seket tartalmazhat. Az adatok teljes v\u00e9delme harmadik felek hozz\u00e1f\u00e9r\u00e9s\u00e9t\u0151l nem lehets\u00e9ges.<\/p>\n\n\n\n<p><strong><em>Megjegyz\u00e9s a felel\u0151s szervr\u0151l<\/em><\/strong><\/p>\n\n\n\n<p>A weboldalon az adatkezel\u00e9s\u00e9rt felel\u0151s szerv:<br>K\u00e9tnemzetis\u00e9g\u0171 Csal\u00e1dok \u00e9s Partners\u00e9gek Sz\u00f6vets\u00e9ge, iaf eV<\/p>\n\n\n\n<p>Ludolfusstra\u00dfe 2 \u2013 4<br>60487 Frankfurt am Main<br>Telefon: +49 (0) 69 713 756 \u2013 0<br>Email: info@verband-binationaler.de<\/p>\n\n\n\n<p>A felel\u0151s szerv az a term\u00e9szetes vagy jogi szem\u00e9ly, aki \u00f6n\u00e1ll\u00f3an vagy m\u00e1sokkal egy\u00fctt d\u00f6nt a szem\u00e9lyes adatok (pl. nevek, e-mail c\u00edmek stb.) kezel\u00e9s\u00e9nek c\u00e9ljair\u00f3l \u00e9s eszk\u00f6zeir\u0151l.<\/p>\n\n\n\n<p><strong><em>Az adatkezel\u00e9shez adott hozz\u00e1j\u00e1rul\u00e1s visszavon\u00e1sa<\/em><\/strong><\/p>\n\n\n\n<p>Sz\u00e1mos adatfeldolgoz\u00e1si m\u0171velet csak az \u00d6n kifejezett hozz\u00e1j\u00e1rul\u00e1s\u00e1val lehets\u00e9ges. Hozz\u00e1j\u00e1rul\u00e1s\u00e1t b\u00e1rmikor visszavonhatja. Csup\u00e1n egy inform\u00e1lis e-mailt kell k\u00fcldenie nek\u00fcnk. A visszavon\u00e1sig v\u00e9grehajtott adatkezel\u00e9s jogszer\u0171s\u00e9g\u00e9t a visszavon\u00e1s nem \u00e9rinti.<\/p>\n\n\n\n<p><strong><em>Panaszt\u00e9teli jog az illet\u00e9kes fel\u00fcgyeleti hat\u00f3s\u00e1gn\u00e1l<\/em><\/strong><\/p>\n\n\n\n<p>Az adatv\u00e9delmi jogszab\u00e1lyok megs\u00e9rt\u00e9se eset\u00e9n az \u00e9rintett jogosult panaszt beny\u00fajtani az illet\u00e9kes fel\u00fcgyeleti hat\u00f3s\u00e1ghoz. Az adatv\u00e9delmi k\u00e9rd\u00e9sekben a felel\u0151s fel\u00fcgyeleti hat\u00f3s\u00e1g Hessen tartom\u00e1ny adatv\u00e9delmi biztosa.<br><a href=\"http:\/\/www.datenschutz.hessen.de\/\" rel=\"noreferrer noopener\" target=\"_blank\">www.datenschutz.hessen.de<\/a><\/p>\n\n\n\n<p><strong><em>Adathordozhat\u00f3s\u00e1ghoz val\u00f3 jog<\/em><\/strong><\/p>\n\n\n\n<p>Jogod van ahhoz, hogy az \u00e1ltalunk az \u00d6n hozz\u00e1j\u00e1rul\u00e1sa alapj\u00e1n vagy szerz\u0151d\u00e9s teljes\u00edt\u00e9se \u00e9rdek\u00e9ben automatikusan feldolgozott adatokat sz\u00e9les k\u00f6rben haszn\u00e1lt, g\u00e9ppel olvashat\u00f3 form\u00e1tumban megkapd, ha \u00e1tadjuk neked vagy egy harmadik f\u00e9lnek. Amennyiben az adatok egy m\u00e1sik adatkezel\u0151nek t\u00f6rt\u00e9n\u0151 k\u00f6zvetlen tov\u00e1bb\u00edt\u00e1s\u00e1t k\u00e9ri, erre csak akkor ker\u00fcl sor, ha az technikailag megval\u00f3s\u00edthat\u00f3.<\/p>\n\n\n\n<p><strong><em>SSL vagy TLS titkos\u00edt\u00e1s<\/em><\/strong><\/p>\n\n\n\n<p>Biztons\u00e1gi okokb\u00f3l \u00e9s a bizalmas tartalmak, p\u00e9ld\u00e1ul a weboldal \u00fczemeltet\u0151j\u00e9nek k\u00fcld\u00f6tt megrendel\u00e9sek vagy megkeres\u00e9sek tov\u00e1bb\u00edt\u00e1s\u00e1nak v\u00e9delme \u00e9rdek\u00e9ben ez a weboldal SSL vagy TLS titkos\u00edt\u00e1st haszn\u00e1l. TLS titkos\u00edt\u00e1s. A titkos\u00edtott kapcsolatot arr\u00f3l ismerheted fel, hogy a b\u00f6ng\u00e9sz\u0151 c\u00edmsora \u201ehttp:\/\/\u201d-r\u0151l \u201ehttps:\/\/\u201d-re v\u00e1ltozik, valamint a b\u00f6ng\u00e9sz\u0151 sor\u00e1ban megjelenik a lakat szimb\u00f3lum.<\/p>\n\n\n\n<p>Ha az SSL vagy TLS titkos\u00edt\u00e1s aktiv\u00e1lva van, a nek\u00fcnk k\u00fcld\u00f6tt adatokat harmadik felek nem olvashatj\u00e1k.<\/p>\n\n\n\n<p><strong><em>Inform\u00e1ci\u00f3, z\u00e1rol\u00e1s, t\u00f6rl\u00e9s<\/em><\/strong><\/p>\n\n\n\n<p>A vonatkoz\u00f3 jogszab\u00e1lyok keretein bel\u00fcl b\u00e1rmikor jogosult ingyenes t\u00e1j\u00e9koztat\u00e1st kapni a t\u00e1rolt szem\u00e9lyes adatair\u00f3l, azok forr\u00e1s\u00e1r\u00f3l \u00e9s c\u00edmzettj\u00e9r\u0151l, valamint az adatkezel\u00e9s c\u00e9lj\u00e1r\u00f3l, \u00e9s adott esetben jogosult ezen adatok helyesb\u00edt\u00e9s\u00e9re, z\u00e1rol\u00e1s\u00e1ra vagy t\u00f6rl\u00e9s\u00e9re. B\u00e1rmikor kapcsolatba l\u00e9phet vel\u00fcnk az impresszumban megadott c\u00edmen, ha b\u00e1rmilyen k\u00e9rd\u00e9se van ezzel vagy a szem\u00e9lyes adatokkal kapcsolatos egy\u00e9b probl\u00e9m\u00e1kkal kapcsolatban.<\/p>\n\n\n\n<p><strong><em>Tiltakoz\u00e1s a rekl\u00e1m e-mailekkel szemben<\/em><\/strong><\/p>\n\n\n\n<p>A nyomtatv\u00e1nyk\u00f6telezetts\u00e9g keret\u00e9ben k\u00f6zz\u00e9tett el\u00e9rhet\u0151s\u00e9gek felhaszn\u00e1l\u00e1sa k\u00e9retlen rekl\u00e1mok \u00e9s inform\u00e1ci\u00f3s anyagok k\u00fcld\u00e9s\u00e9re tilos. Az oldal \u00fczemeltet\u0151i kifejezetten fenntartj\u00e1k a jogot, hogy jogi l\u00e9p\u00e9seket tegyenek k\u00e9retlen rekl\u00e1manyagok k\u00fcld\u00e9se eset\u00e9n, p\u00e9ld\u00e1ul spam e-mailek form\u00e1j\u00e1ban.<\/p>\n\n\n\n<p><strong>3. Adatv\u00e9delmi tisztvisel\u0151<\/strong><\/p>\n\n\n\n<p><strong>Jogilag el\u0151\u00edrt adatv\u00e9delmi tisztvisel\u0151<\/strong><\/p>\n\n\n\n<p>Kinevezt\u00fcnk egy bels\u0151 adatv\u00e9delmi tisztvisel\u0151t a c\u00e9g\u00fcnkh\u00f6z:<br>K\u00e9tnemzetis\u00e9g\u0171 Csal\u00e1dok \u00e9s Partners\u00e9gek Sz\u00f6vets\u00e9ge, iaf eV<\/p>\n\n\n\n<p>Ludolfusstra\u00dfe 2 \u2013 4<br>60487 Frankfurt am Main<br>Telefon: +49 (0) 69 713 756 \u2013 0<br>Email: datenschutz@verband-binationaler.de<\/p>\n\n\n\n<p><strong>4. Adatgy\u0171jt\u00e9s weboldalunkon<\/strong><\/p>\n\n\n\n<p><strong>S\u00fctik<\/strong><\/p>\n\n\n\n<p>N\u00e9h\u00e1ny internetes oldal \u00fagynevezett s\u00fctiket haszn\u00e1l. A s\u00fctik nem okoznak k\u00e1rt a sz\u00e1m\u00edt\u00f3g\u00e9pedben, \u00e9s nem tartalmaznak v\u00edrusokat. A s\u00fctiket arra haszn\u00e1ljuk, hogy szolg\u00e1ltat\u00e1sunkat felhaszn\u00e1l\u00f3bar\u00e1tabb\u00e1, hat\u00e9konyabb\u00e1 \u00e9s biztons\u00e1gosabb\u00e1 tegy\u00fck. A s\u00fctik kis sz\u00f6veges f\u00e1jlok, amelyeket a sz\u00e1m\u00edt\u00f3g\u00e9p\u00e9n t\u00e1rolnak, \u00e9s amelyeket a b\u00f6ng\u00e9sz\u0151je ment el.<\/p>\n\n\n\n<p>Az \u00e1ltalunk haszn\u00e1lt s\u00fctik t\u00f6bbs\u00e9ge \u00fagynevezett \u201emunkamenet-s\u00fcti\u201d. A l\u00e1togat\u00e1s ut\u00e1n automatikusan t\u00f6rl\u0151dnek. M\u00e1s s\u00fctik a k\u00e9sz\u00fcl\u00e9keden t\u00e1rol\u00f3dnak, am\u00edg nem t\u00f6rl\u00f6d \u0151ket. Ezek a s\u00fctik lehet\u0151v\u00e9 teszik sz\u00e1munkra, hogy felismerj\u00fck b\u00f6ng\u00e9sz\u0151j\u00e9t a k\u00f6vetkez\u0151 l\u00e1togat\u00e1skor.<\/p>\n\n\n\n<p>Be\u00e1ll\u00edthatja b\u00f6ng\u00e9sz\u0151j\u00e9t \u00fagy, hogy t\u00e1j\u00e9koztass\u00e1k a s\u00fctik be\u00e1ll\u00edt\u00e1s\u00e1r\u00f3l, \u00e9s csak egyes esetekben enged\u00e9lyezze a s\u00fctiket, kiz\u00e1rja a s\u00fctik elfogad\u00e1s\u00e1t bizonyos esetekben vagy \u00e1ltal\u00e1noss\u00e1gban, \u00e9s aktiv\u00e1lja a s\u00fctik automatikus t\u00f6rl\u00e9s\u00e9t a b\u00f6ng\u00e9sz\u0151 bez\u00e1r\u00e1sakor. Ha a s\u00fctik ki vannak kapcsolva, a weboldal funkcionalit\u00e1sa korl\u00e1tozott lehet.<\/p>\n\n\n\n<p>Az elektronikus kommunik\u00e1ci\u00f3s folyamat lebonyol\u00edt\u00e1s\u00e1hoz vagy bizonyos, \u00d6n \u00e1ltal ig\u00e9nyelt funkci\u00f3k (pl. bev\u00e1s\u00e1rl\u00f3kos\u00e1r funkci\u00f3) biztos\u00edt\u00e1s\u00e1hoz sz\u00fcks\u00e9ges s\u00fctik t\u00e1rol\u00e1sa a GDPR 6. cikk (6) bekezd\u00e9se alapj\u00e1n t\u00f6rt\u00e9nik. GDPR 6. cikk (1) bekezd\u00e9s f) pontja. A weboldal \u00fczemeltet\u0151j\u00e9nek jogos \u00e9rdeke f\u0171z\u0151dik a s\u00fctik t\u00e1rol\u00e1s\u00e1hoz, hogy biztos\u00edtsa szolg\u00e1ltat\u00e1sai technikailag hibamentes \u00e9s optimaliz\u00e1lt ny\u00fajt\u00e1s\u00e1t. Ha m\u00e1s s\u00fctiket (pl. a b\u00f6ng\u00e9sz\u00e9si viselked\u00e9s elemz\u00e9s\u00e9re szolg\u00e1l\u00f3 s\u00fctiket) is t\u00e1rolunk, azokat k\u00fcl\u00f6n kezelj\u00fck a jelen adatv\u00e9delmi szab\u00e1lyzatban.<\/p>\n\n\n\n<p><strong>Szervernapl\u00f3f\u00e1jlok<\/strong><\/p>\n\n\n\n<p>Az oldalak szolg\u00e1ltat\u00f3ja automatikusan gy\u0171jti \u00e9s t\u00e1rolja az inform\u00e1ci\u00f3kat \u00fagynevezett szervernapl\u00f3f\u00e1jlokban, amelyeket a b\u00f6ng\u00e9sz\u0151je automatikusan tov\u00e1bb\u00edt nek\u00fcnk. Ezek a k\u00f6vetkez\u0151k:<\/p>\n\n\n\n<p>&nbsp;&nbsp;&nbsp; B\u00f6ng\u00e9sz\u0151 t\u00edpusa \u00e9s verzi\u00f3ja<\/p>\n\n\n\n<p>&nbsp;&nbsp;&nbsp; haszn\u00e1lt oper\u00e1ci\u00f3s rendszer<\/p>\n\n\n\n<p>&nbsp;&nbsp;&nbsp; Hivatkoz\u00f3 URL<\/p>\n\n\n\n<p>&nbsp;&nbsp;&nbsp; A hozz\u00e1f\u00e9r\u0151 sz\u00e1m\u00edt\u00f3g\u00e9p \u00e1llom\u00e1sneve<\/p>\n\n\n\n<p>&nbsp;&nbsp;&nbsp; Szerverk\u00e9r\u00e9s id\u0151pontja<\/p>\n\n\n\n<p>&nbsp;&nbsp;&nbsp; IP-c\u00edm<\/p>\n\n\n\n<p>Ezek az adatok nem lesznek \u00f6sszevonva m\u00e1s adatforr\u00e1sokkal.<\/p>\n\n\n\n<p>Az adatkezel\u00e9s alapja a GDPR 6. cikkelye. A GDPR 6. cikk\u00e9nek (1) bekezd\u00e9s\u00e9nek f) pontja, amely lehet\u0151v\u00e9 teszi az adatok kezel\u00e9s\u00e9t szerz\u0151d\u00e9s teljes\u00edt\u00e9se vagy szerz\u0151d\u00e9s el\u0151tti int\u00e9zked\u00e9sek c\u00e9lj\u00e1b\u00f3l.<\/p>\n\n\n\n<p><strong>5. B\u0151v\u00edtm\u00e9nyek \u00e9s eszk\u00f6z\u00f6k<\/strong><\/p>\n\n\n\n<p><strong>Google Web Bet\u0171t\u00edpusok<\/strong><\/p>\n\n\n\n<p>Ez az oldal a Google \u00e1ltal biztos\u00edtott \u00fagynevezett webes bet\u0171t\u00edpusokat haszn\u00e1lja a bet\u0171t\u00edpusok egys\u00e9ges megjelen\u00edt\u00e9s\u00e9hez. Amikor megl\u00e1togat egy oldalt, a b\u00f6ng\u00e9sz\u0151je bet\u00f6lti a sz\u00fcks\u00e9ges webes bet\u0171t\u00edpusokat a b\u00f6ng\u00e9sz\u0151 gyors\u00edt\u00f3t\u00e1r\u00e1ba a sz\u00f6vegek \u00e9s bet\u0171t\u00edpusok helyes megjelen\u00edt\u00e9s\u00e9hez.<\/p>\n\n\n\n<p>Ehhez a haszn\u00e1lt b\u00f6ng\u00e9sz\u0151nek csatlakoznia kell a Google szervereihez. Ez lehet\u0151v\u00e9 teszi a Google sz\u00e1m\u00e1ra, hogy megtudja, hogy weboldalunkat az \u00d6n IP-c\u00edm\u00e9n kereszt\u00fcl \u00e9rt\u00e9k el. Online aj\u00e1nlataink egys\u00e9ges \u00e9s vonz\u00f3 megjelen\u00edt\u00e9se \u00e9rdek\u00e9ben Google Web Fonts bet\u0171t\u00edpusokat haszn\u00e1lunk. Ez jogos \u00e9rdeket k\u00e9pvisel a GDPR 6. cikk\u00e9nek \u00e9rtelm\u00e9ben. GDPR 6. cikk (1) bekezd\u00e9s f) pontja.<\/p>\n\n\n\n<p>Ha a b\u00f6ng\u00e9sz\u0151je nem t\u00e1mogatja a webes bet\u0171t\u00edpusokat, akkor a sz\u00e1m\u00edt\u00f3g\u00e9p\u00e9n tal\u00e1lhat\u00f3 szabv\u00e1nyos bet\u0171t\u00edpus ker\u00fcl felhaszn\u00e1l\u00e1sra.<\/p>\n\n\n\n<p>A Google Web Fonts bet\u0171t\u00edpusokr\u00f3l tov\u00e1bbi inform\u00e1ci\u00f3t itt tal\u00e1l: <a href=\"https:\/\/developers.google.com\/fonts\/faq\" target=\"_blank\" rel=\"noreferrer noopener\">https:\/\/developers.google.com\/fonts\/faq<\/a>  \u00e9s a Google adatv\u00e9delmi ir\u00e1nyelveiben:\u00a0<a href=\"https:\/\/www.google.com\/policies\/privacy\/\" target=\"_blank\" rel=\"noreferrer noopener\">https:\/\/www.google.com\/policies\/privacy\/<\/a>.<\/p>\n<div class=\"gsp_post_data\" \r\n\t            data-post_type=\"page\" \r\n\t            data-cat=\"\" \r\n\t            data-modified=\"120\"\r\n\t            data-created=\"1710164700\"\r\n\t            data-title=\"Datenschutzerkl\u00e4rung\" \r\n\t            data-home=\"https:\/\/info-to-go.binational-leipzig.de\/hu\"><\/div>","protected":false},"excerpt":{"rendered":"<p>1. Datenschutz auf einen Blick Allgemeine Hinweise Die folgenden Hinweise geben einen einfachen \u00dcberblick dar\u00fcber, was mit Ihren personenbezogenen Daten passiert, wenn Sie unsere Website besuchen. Personenbezogene Daten sind alle Daten, mit denen Sie pers\u00f6nlich identifiziert werden k\u00f6nnen. Ausf\u00fchrliche Informationen zum Thema Datenschutz entnehmen Sie unserer unter diesem Text aufgef\u00fchrten Datenschutzerkl\u00e4rung. Datenerfassung auf unserer Website [&hellip;]<\/p>\n","protected":false},"author":1,"featured_media":0,"parent":0,"menu_order":0,"comment_status":"closed","ping_status":"open","template":"","meta":{"footnotes":""},"categories":[],"tags":[],"class_list":["post-3","page","type-page","status-publish","hentry"],"_links":{"self":[{"href":"https:\/\/info-to-go.binational-leipzig.de\/hu\/wp-json\/wp\/v2\/pages\/3","targetHints":{"allow":["GET"]}}],"collection":[{"href":"https:\/\/info-to-go.binational-leipzig.de\/hu\/wp-json\/wp\/v2\/pages"}],"about":[{"href":"https:\/\/info-to-go.binational-leipzig.de\/hu\/wp-json\/wp\/v2\/types\/page"}],"author":[{"embeddable":true,"href":"https:\/\/info-to-go.binational-leipzig.de\/hu\/wp-json\/wp\/v2\/users\/1"}],"replies":[{"embeddable":true,"href":"https:\/\/info-to-go.binational-leipzig.de\/hu\/wp-json\/wp\/v2\/comments?post=3"}],"version-history":[{"count":1,"href":"https:\/\/info-to-go.binational-leipzig.de\/hu\/wp-json\/wp\/v2\/pages\/3\/revisions"}],"predecessor-version":[{"id":447,"href":"https:\/\/info-to-go.binational-leipzig.de\/hu\/wp-json\/wp\/v2\/pages\/3\/revisions\/447"}],"wp:attachment":[{"href":"https:\/\/info-to-go.binational-leipzig.de\/hu\/wp-json\/wp\/v2\/media?parent=3"}],"wp:term":[{"taxonomy":"category","embeddable":true,"href":"https:\/\/info-to-go.binational-leipzig.de\/hu\/wp-json\/wp\/v2\/categories?post=3"},{"taxonomy":"post_tag","embeddable":true,"href":"https:\/\/info-to-go.binational-leipzig.de\/hu\/wp-json\/wp\/v2\/tags?post=3"}],"curies":[{"name":"wp","href":"https:\/\/api.w.org\/{rel}","templated":true}]}}