{"id":35,"date":"2023-07-09T23:07:29","date_gmt":"2023-07-09T21:07:29","guid":{"rendered":"https:\/\/sprijin.binational-leipzig.de\/?page_id=35"},"modified":"2025-08-26T11:48:33","modified_gmt":"2025-08-26T09:48:33","slug":"deutsche-sprache","status":"publish","type":"page","link":"https:\/\/info-to-go.binational-leipzig.de\/hu\/start\/bildung\/deutsche-sprache\/","title":{"rendered":"n\u00e9met nyelv"},"content":{"rendered":"<div class=\"wp-block-esab-accordion accordion-88f2547e\" data-mode=\"global\"><div class=\"esab__container\">\n<div class=\"wp-block-esab-accordion-child\"><div class=\"esab__head\" role=\"button\" aria-expanded=\"false\"><div class=\"esab__heading_txt\"><h2 class=\"esab__heading_tag\">Mit jelent az A1-es n\u00e9met, a B2-es n\u00e9met \u00e9s \u00edgy tov\u00e1bb?\u00a0<\/h2><\/div><div class=\"esab__icon\"><div class=\"esab__collapse\"> <svg version=\"1.2\" viewbox=\"0 0 24 24\" width=\"24\" height=\"24\"><path fill-rule=\"evenodd\" d=\"m3.5 20.5c-4.7-4.7-4.7-12.3 0-17 4.7-4.7 12.3-4.7 17 0 4.6 4.7 4.6 12.3 0 17-4.7 4.6-12.3 4.6-17 0zm0.9-0.9c4.2 4.2 11 4.2 15.2 0 4.2-4.2 4.2-11 0-15.2-4.2-4.3-11-4.3-15.2 0-4.3 4.2-4.3 11 0 15.2z\"><\/path><path d=\"m11.4 15.9v-3.3h-3.3c-0.3 0-0.6-0.3-0.6-0.6 0-0.4 0.3-0.6 0.6-0.6h3.3v-3.3c0-0.3 0.3-0.6 0.6-0.6 0.3 0 0.6 0.3 0.6 0.6v3.3h3.3c0.3 0 0.6 0.2 0.6 0.6q0 0.2-0.2 0.4-0.2 0.2-0.4 0.2h-3.3v3.3q0 0.2-0.2 0.4-0.2 0.2-0.4 0.2c-0.4 0-0.6-0.3-0.6-0.6z\"><\/path><\/svg> <\/div><div class=\"esab__expand\"> <svg version=\"1.2\" viewbox=\"0 0 24 24\" width=\"24\" height=\"24\"><path fill-rule=\"evenodd\" d=\"m12 24c-6.6 0-12-5.4-12-12 0-6.6 5.4-12 12-12 6.6 0 12 5.4 12 12 0 6.6-5.4 12-12 12zm10.6-12c0-5.9-4.7-10.6-10.6-10.6-5.9 0-10.6 4.7-10.6 10.6 0 5.9 4.7 10.6 10.6 10.6 5.9 0 10.6-4.7 10.6-10.6z\"><\/path><path d=\"m5.6 11.3h12.8v1.4h-12.8z\"><\/path><\/svg> <\/div><\/div><\/div><div class=\"esab__body\">\n<p>Az A1, B2 \u00e9s \u00edgy tov\u00e1bb jel\u00f6l\u00e9sek azt jelentik, hogy egy szem\u00e9ly egy bizonyos szinten besz\u00e9l n\u00e9met\u00fcl.<br>A nyelv minden r\u00e9sze fontos: a hallgat\u00e1s, az olvas\u00e1s, a besz\u00e9d \u00e9s az \u00edr\u00e1s.<br>6 szint van, kezd\u0151t\u0151l a halad\u00f3ig: A1, A2, B1, B2, C1, C2.<br><a href=\"https:\/\/integreat.app\/marburg-biedenkopf\/de\/sprache\/information-3\" target=\"_blank\" rel=\"noreferrer noopener\">Itt<\/a> Ez a 6 l\u00e9p\u00e9s j\u00f3l el van magyar\u00e1zva.<\/p>\n<\/div><\/div>\n\n\n\n<div class=\"wp-block-esab-accordion-child\"><div class=\"esab__head\" role=\"button\" aria-expanded=\"false\"><div class=\"esab__heading_txt\"><h2 class=\"esab__heading_tag\">Hogyan vehetek r\u00e9szt integr\u00e1ci\u00f3s tanfolyamon?\u00a0<\/h2><\/div><div class=\"esab__icon\"><div class=\"esab__collapse\"> <svg version=\"1.2\" viewbox=\"0 0 24 24\" width=\"24\" height=\"24\"><path fill-rule=\"evenodd\" d=\"m3.5 20.5c-4.7-4.7-4.7-12.3 0-17 4.7-4.7 12.3-4.7 17 0 4.6 4.7 4.6 12.3 0 17-4.7 4.6-12.3 4.6-17 0zm0.9-0.9c4.2 4.2 11 4.2 15.2 0 4.2-4.2 4.2-11 0-15.2-4.2-4.3-11-4.3-15.2 0-4.3 4.2-4.3 11 0 15.2z\"><\/path><path d=\"m11.4 15.9v-3.3h-3.3c-0.3 0-0.6-0.3-0.6-0.6 0-0.4 0.3-0.6 0.6-0.6h3.3v-3.3c0-0.3 0.3-0.6 0.6-0.6 0.3 0 0.6 0.3 0.6 0.6v3.3h3.3c0.3 0 0.6 0.2 0.6 0.6q0 0.2-0.2 0.4-0.2 0.2-0.4 0.2h-3.3v3.3q0 0.2-0.2 0.4-0.2 0.2-0.4 0.2c-0.4 0-0.6-0.3-0.6-0.6z\"><\/path><\/svg> <\/div><div class=\"esab__expand\"> <svg version=\"1.2\" viewbox=\"0 0 24 24\" width=\"24\" height=\"24\"><path fill-rule=\"evenodd\" d=\"m12 24c-6.6 0-12-5.4-12-12 0-6.6 5.4-12 12-12 6.6 0 12 5.4 12 12 0 6.6-5.4 12-12 12zm10.6-12c0-5.9-4.7-10.6-10.6-10.6-5.9 0-10.6 4.7-10.6 10.6 0 5.9 4.7 10.6 10.6 10.6 5.9 0 10.6-4.7 10.6-10.6z\"><\/path><path d=\"m5.6 11.3h12.8v1.4h-12.8z\"><\/path><\/svg> <\/div><\/div><\/div><div class=\"esab__body\">\n<p>Sokan, akik m\u00e9g nem besz\u00e9lnek sokat n\u00e9met\u00fcl, el\u0151sz\u00f6r integr\u00e1ci\u00f3s tanfolyamon vesznek r\u00e9szt.<br>Ez egy n\u00e9met nyelvtanfolyam, amit az \u00e1llam finansz\u00edroz.<br>Ez azt jelenti, hogy olcs\u00f3bb, mint m\u00e1s n\u00e9met tanfolyamok.<br>Vannak, akiknek egy\u00e1ltal\u00e1n nem kell fizetni\u00fck a tanfolyam\u00e9rt.&nbsp;<\/p>\n\n\n\n<p>A tanfolyam A1-t\u0151l B1-ig terjed.<br>Nem kell A1-es szinten kezdened, ha m\u00e1r besz\u00e9lsz egy kicsit n\u00e9met\u00fcl.<br>El\u0151sz\u00f6r is vizsg\u00e1zol a nyelviskol\u00e1ban. Ezt \u201eelhelyez\u00e9si tesztnek\u201d nevezik.<br>Majd az iskola eld\u00f6nti, hogy melyik szakon kezded.&nbsp;<\/p>\n\n\n\n<p><a href=\"https:\/\/bamf-navi.bamf.de\/de\/Themen\/Integrationskurse\/?coord=735271.5692864&amp;\" target=\"_blank\" rel=\"noreferrer noopener\">Ezen az oldalon<\/a> Megtekintheted az \u00f6sszes lipcsei nyelviskol\u00e1t, amelyek integr\u00e1ci\u00f3s tanfolyamokat k\u00edn\u00e1lnak.<br>Itt megtal\u00e1lod az \u00f6sszes inform\u00e1ci\u00f3t a kurzusszintr\u0151l, a kurzusok id\u0151pontjair\u00f3l, a c\u00edmr\u0151l \u00e9s az iskol\u00e1k el\u00e9rhet\u0151s\u00e9geir\u0151l.<\/p>\n\n\n\n<p>Ha integr\u00e1ci\u00f3s tanfolyamon szeretn\u00e9l r\u00e9szt venni, enged\u00e9lyre van sz\u00fcks\u00e9ged.<br>Ezt az enged\u00e9lyt \u201eenged\u00e9lyez\u00e9snek\u201d nevezik. Ezt a j\u00f3v\u00e1hagy\u00e1st a BAMF hat\u00f3s\u00e1gt\u00f3l k\u00e9ri.<br><a href=\"https:\/\/www.bamf.de\/SharedDocs\/Anlagen\/DE\/Integration\/Integrationskurse\/Kursteilnehmer\/AntraegeAlle\/630-007_antrag-zulassung-integrationskurs-ausl_pdf.pdf?__blob=publicationFile&amp;v=27\" target=\"_blank\" rel=\"noreferrer noopener\">Itt<\/a> a forma. K\u00fcldje el az \u0171rlapot a BAMF-nek ide:&nbsp;<\/p>\n\n\n\n<p class=\"has-text-align-center\">BAMF&nbsp;<\/p>\n\n\n\n<p class=\"has-text-align-center\">Otto-Schmerbach-Stra\u00dfe 20&nbsp;<\/p>\n\n\n\n<p class=\"has-text-align-center\">09117 Chemnitz&nbsp;<\/p>\n\n\n\n<p>A kurzus elv\u00e9gz\u00e9s\u00e9hez az els\u0151 r\u00e9szt kell elv\u00e9gezned.<br>A m\u00e1sodik r\u00e9szt, az \u201eIntegr\u00e1ci\u00f3s tanfolyam d\u00edja al\u00f3li mentes\u00edt\u00e9st k\u00e9rek\u201d-et, akkor kell kit\u00f6ltenie, ha nem tudja fizetni a tanfolyamot.&nbsp;<\/p>\n\n\n\n<p>Ha nem tud fizetni, a nyomtatv\u00e1nyhoz csatolnia kell a bizonylatot.<br>P\u00e9ld\u00e1ul egy \u00e9rtes\u00edt\u00e9s a polg\u00e1ri seg\u00e9lyr\u0151l vagy a lakhat\u00e1si t\u00e1mogat\u00e1sr\u00f3l, vagy a lipcsei b\u00e9rletr\u0151l.<br>Akkor sem kell fizetnie, ha dolgozik, \u00e9s nem keres t\u00f6bbet, mint ez a brutt\u00f3 \u00f6sszeg: 2491 eur\u00f3 (gyermekek n\u00e9lk\u00fcl); 3 246 \u20ac (1 gyermekkel); 4001 \u20ac (2 vagy t\u00f6bb gyermek eset\u00e9n).<br>Ebben az esetben k\u00e9rj\u00fck, hogy a fizet\u00e9si bizonylatokat is mell\u00e9kelj\u00e9k az \u0171rlaphoz.&nbsp;<\/p>\n\n\n\n<p><a href=\"https:\/\/www.bamf.de\/SharedDocs\/Anlagen\/DE\/Integration\/Integrationskurse\/Kursteilnehmer\/Merkblaetter\/630-036_merkblatt-auslaenderbehoerde.pdf?__blob=publicationFile&amp;v=40+\" target=\"_blank\" rel=\"noreferrer noopener\">Itt<\/a> Sok inform\u00e1ci\u00f3 tal\u00e1lhat\u00f3 az integr\u00e1ci\u00f3s kurzusr\u00f3l k\u00f6zvetlen\u00fcl a BAMF-t\u0151l.<\/p>\n<\/div><\/div>\n\n\n\n<div class=\"wp-block-esab-accordion-child\"><div class=\"esab__head\" role=\"button\" aria-expanded=\"false\"><div class=\"esab__heading_txt\"><h2 class=\"esab__heading_tag\">M\u00e1r van B1-es n\u00e9met tud\u00e1som. Hogyan tanulhatn\u00e9k t\u00f6bbet n\u00e9met\u00fcl?\u00a0<\/h2><\/div><div class=\"esab__icon\"><div class=\"esab__collapse\"> <svg version=\"1.2\" viewbox=\"0 0 24 24\" width=\"24\" height=\"24\"><path fill-rule=\"evenodd\" d=\"m3.5 20.5c-4.7-4.7-4.7-12.3 0-17 4.7-4.7 12.3-4.7 17 0 4.6 4.7 4.6 12.3 0 17-4.7 4.6-12.3 4.6-17 0zm0.9-0.9c4.2 4.2 11 4.2 15.2 0 4.2-4.2 4.2-11 0-15.2-4.2-4.3-11-4.3-15.2 0-4.3 4.2-4.3 11 0 15.2z\"><\/path><path d=\"m11.4 15.9v-3.3h-3.3c-0.3 0-0.6-0.3-0.6-0.6 0-0.4 0.3-0.6 0.6-0.6h3.3v-3.3c0-0.3 0.3-0.6 0.6-0.6 0.3 0 0.6 0.3 0.6 0.6v3.3h3.3c0.3 0 0.6 0.2 0.6 0.6q0 0.2-0.2 0.4-0.2 0.2-0.4 0.2h-3.3v3.3q0 0.2-0.2 0.4-0.2 0.2-0.4 0.2c-0.4 0-0.6-0.3-0.6-0.6z\"><\/path><\/svg> <\/div><div class=\"esab__expand\"> <svg version=\"1.2\" viewbox=\"0 0 24 24\" width=\"24\" height=\"24\"><path fill-rule=\"evenodd\" d=\"m12 24c-6.6 0-12-5.4-12-12 0-6.6 5.4-12 12-12 6.6 0 12 5.4 12 12 0 6.6-5.4 12-12 12zm10.6-12c0-5.9-4.7-10.6-10.6-10.6-5.9 0-10.6 4.7-10.6 10.6 0 5.9 4.7 10.6 10.6 10.6 5.9 0 10.6-4.7 10.6-10.6z\"><\/path><path d=\"m5.6 11.3h12.8v1.4h-12.8z\"><\/path><\/svg> <\/div><\/div><\/div><div class=\"esab__body\">\n<p>B1 szintt\u0151l szakmai nyelvtanfolyamra is jelentkezhetsz. Ez B2, C1 vagy C2 szintig terjed.<br>A szakmai nyelvtanfolyamon a hangs\u00faly ink\u00e1bb a munk\u00e1hoz sz\u00fcks\u00e9ges n\u00e9met nyelven van.<br>Ez a k\u00e9pz\u00e9s \u00e1llamilag finansz\u00edrozott, ez\u00e9rt nem is olyan dr\u00e1ga.&nbsp;<\/p>\n\n\n\n<p>Enged\u00e9lyre van sz\u00fcks\u00e9ged a kurzuson val\u00f3 r\u00e9szv\u00e9telhez.<br>Ha munkan\u00e9lk\u00fcli vagy, ezt a munka\u00fcgyi k\u00f6zpontt\u00f3l vagy a munkaer\u0151-k\u00f6zvet\u00edt\u0151 \u00fcgyn\u00f6ks\u00e9gt\u0151l szerezheted be.<br>Ha dolgozol, k\u00e9rj enged\u00e9lyt k\u00f6zvetlen\u00fcl a BAMF-t\u0151l.&nbsp;<\/p>\n\n\n\n<p>Ha van enged\u00e9lyed, kereshetsz kurzust a KURSNET weboldal\u00e1n.<br><a href=\"https:\/\/web.arbeitsagentur.de\/sprachfoerderung\/suche\/berufssprachkurse?ort=Leipzig_12.3781_51.3383&amp;umkreis=10&amp;seite=0\" target=\"_blank\" rel=\"noreferrer noopener\">Itt<\/a> A tanfolyamok Lipcs\u00e9ben tal\u00e1lhat\u00f3k.<\/p>\n\n\n\n<p>Van, akinek fizetnie kell a tanfolyam\u00e9rt, van, akinek nem.<br>Att\u00f3l f\u00fcgg, mennyi p\u00e9nzt keresel.<br>Ha ezt kifizeted \u00e9s sikeresen elv\u00e9gzed a tanfolyamot, a k\u00f6lts\u00e9g 501%-\u00e1t visszakaphatod.<br><a href=\"https:\/\/www.bamf.de\/DE\/Themen\/Integration\/ZugewanderteTeilnehmende\/DeutschBeruf\/deutsch-beruf.html?nn=282656#a_284040_1\" target=\"_blank\" rel=\"noreferrer noopener\">Itt<\/a> Tov\u00e1bbi inform\u00e1ci\u00f3kat \u00e9s a sz\u00fcks\u00e9ges nyomtatv\u00e1nyokat is megtal\u00e1lja.<\/p>\n<\/div><\/div>\n\n\n\n<div class=\"wp-block-esab-accordion-child\"><div class=\"esab__head\" role=\"button\" aria-expanded=\"false\"><div class=\"esab__heading_txt\"><h2 class=\"esab__heading_tag\">Hol m\u00e1shol tanulhatok n\u00e9met\u00fcl?\u00a0<\/h2><\/div><div class=\"esab__icon\"><div class=\"esab__collapse\"> <svg version=\"1.2\" viewbox=\"0 0 24 24\" width=\"24\" height=\"24\"><path fill-rule=\"evenodd\" d=\"m3.5 20.5c-4.7-4.7-4.7-12.3 0-17 4.7-4.7 12.3-4.7 17 0 4.6 4.7 4.6 12.3 0 17-4.7 4.6-12.3 4.6-17 0zm0.9-0.9c4.2 4.2 11 4.2 15.2 0 4.2-4.2 4.2-11 0-15.2-4.2-4.3-11-4.3-15.2 0-4.3 4.2-4.3 11 0 15.2z\"><\/path><path d=\"m11.4 15.9v-3.3h-3.3c-0.3 0-0.6-0.3-0.6-0.6 0-0.4 0.3-0.6 0.6-0.6h3.3v-3.3c0-0.3 0.3-0.6 0.6-0.6 0.3 0 0.6 0.3 0.6 0.6v3.3h3.3c0.3 0 0.6 0.2 0.6 0.6q0 0.2-0.2 0.4-0.2 0.2-0.4 0.2h-3.3v3.3q0 0.2-0.2 0.4-0.2 0.2-0.4 0.2c-0.4 0-0.6-0.3-0.6-0.6z\"><\/path><\/svg> <\/div><div class=\"esab__expand\"> <svg version=\"1.2\" viewbox=\"0 0 24 24\" width=\"24\" height=\"24\"><path fill-rule=\"evenodd\" d=\"m12 24c-6.6 0-12-5.4-12-12 0-6.6 5.4-12 12-12 6.6 0 12 5.4 12 12 0 6.6-5.4 12-12 12zm10.6-12c0-5.9-4.7-10.6-10.6-10.6-5.9 0-10.6 4.7-10.6 10.6 0 5.9 4.7 10.6 10.6 10.6 5.9 0 10.6-4.7 10.6-10.6z\"><\/path><path d=\"m5.6 11.3h12.8v1.4h-12.8z\"><\/path><\/svg> <\/div><\/div><\/div><div class=\"esab__body\">\n<p>Lipcs\u00e9ben m\u00e1s helyek is vannak, ahol n\u00e9met\u00fcl tanulhatsz.<br>Ezek \u00e1ltal\u00e1ban inform\u00e1lis kurzusok, ahol egy\u00e1ltal\u00e1n nem kell fizetni, vagy nagyon keveset kell fizetni.<br>Vagy csak \u00fagy beugorhatsz, vagy r\u00f6viden regisztr\u00e1lhatsz.<br><a href=\"https:\/\/www.leipzig.de\/jugend-familie-und-soziales\/auslaender-und-migranten\/migration-und-integration\/deutsch-lernen-und-sprache\/beratungsangebote-und-informationen-zum-thema\" target=\"_blank\" rel=\"noreferrer noopener\">Itt<\/a> Mindezek a kurzusok \u00e9s t\u00e1rsalg\u00e1si kurzusok fel vannak sorolva.<\/p>\n\n\n\n<p>A lipcsei v\u00e1rosi k\u00f6nyvt\u00e1r sz\u00e1mos forr\u00e1st k\u00edn\u00e1l azok sz\u00e1m\u00e1ra, akik n\u00e9met\u00fcl szeretn\u00e9nek tanulni.<br>Sok anyag van benne <a href=\"https:\/\/stadtbibliothek.leipzig.de\/macht-mit\/kreative-freiraeume\" target=\"_blank\" rel=\"noopener\">Nyelvi szoba<\/a> ott. Egyszer\u0171en kipr\u00f3b\u00e1lhatod ingyen.<br>Ha k\u00f6lcs\u00f6n szeretn\u00e9l venni \u00e9s hazavinni k\u00f6nyveket, k\u00f6nyvt\u00e1ri k\u00e1rty\u00e1ra van sz\u00fcks\u00e9ged.<br>Ez \u00e9vi 20 eur\u00f3ba ker\u00fcl. Gyermekeknek ingyenes, a lipcsei b\u00e9rlettel rendelkez\u0151knek pedig \u00e9vi 10 eur\u00f3. <\/p>\n\n\n\n<p>Ha \u00f6nk\u00e9ntes munk\u00e1t v\u00e9gzel, akkor mellette n\u00e9met\u00fcl is tanulsz.<br>Az \u00f6nk\u00e9ntes munka olyan, mint a fizetetlen munka.<br>Ezt az\u00e9rt teszed, hogy m\u00e1sokon seg\u00edts. P\u00e9ld\u00e1ul fiatalok vagy id\u0151sebbek.<br>De \u00faj embereket ismerhetsz meg, \u00e9s t\u00f6bbet besz\u00e9lsz n\u00e9met\u00fcl.<br>Nem kell mindig sokat n\u00e9met\u00fcl besz\u00e9lni ahhoz, hogy ilyesmit csin\u00e1lj.<br>A <a href=\"https:\/\/freiwilligen-agentur-leipzig.de\/\" target=\"_blank\" rel=\"noreferrer noopener\">\u00d6nk\u00e9ntes \u00fcgyn\u00f6ks\u00e9g<\/a> tal\u00e1lhatsz ilyen tev\u00e9kenys\u00e9geket. <\/p>\n\n\n\n<p>Vannak, akik nyelvi tandemet csin\u00e1lnak.<br>K\u00e9t ember seg\u00edt egym\u00e1snak nyelveket tanulni.<br>P\u00e9ld\u00e1ul valaki besz\u00e9l oroszul \u00e9s spanyolul akar tanulni.<br>Egy m\u00e1sik szem\u00e9ly spanyolul besz\u00e9l, \u00e9s oroszul szeretne tanulni.<br>A k\u00e9t ember tal\u00e1lkozik \u00e9s gyakorolja mindk\u00e9t nyelvet.<br><a href=\"http:\/\/www.sprachtandem-leipzig.de\/de\/info.html\" target=\"_blank\" rel=\"noreferrer noopener\">Itt<\/a> nyelvi tandemet kereshetsz.<\/p>\n\n\n\n<p>Emellett rengeteg online forr\u00e1s tal\u00e1lhat\u00f3, ahol n\u00e9met\u00fcl tanulhatsz.<br>P\u00e9ld\u00e1ul <a href=\"https:\/\/www.duolingo.com\/learn\" target=\"_blank\" rel=\"noreferrer noopener\">Duolingo<\/a> vagy YouTube-on, TikTokon \u00e9s Instagramon.<br>A <a href=\"https:\/\/www.goethe.de\/de\/spr\/ueb.html\" target=\"_blank\" rel=\"noreferrer noopener\">Goethe Int\u00e9zet<\/a> \u00e9s <a href=\"https:\/\/learngerman.dw.com\/de\/deutsch-lernen\/s-9095\" target=\"_blank\" rel=\"noreferrer noopener\">N\u00e9met hull\u00e1m<\/a> rengeteg tartalommal rendelkezik azok sz\u00e1m\u00e1ra, akik n\u00e9met\u00fcl szeretn\u00e9nek tanulni.<\/p>\n<\/div><\/div>\n<\/div><\/div>\n<div class=\"gsp_post_data\" \r\n\t            data-post_type=\"page\" \r\n\t            data-cat=\"bildung\" \r\n\t            data-modified=\"120\"\r\n\t            data-created=\"1688944049\"\r\n\t            data-title=\"Deutsche Sprache\" \r\n\t            data-home=\"https:\/\/info-to-go.binational-leipzig.de\/hu\"><\/div>","protected":false},"excerpt":{"rendered":"","protected":false},"author":1,"featured_media":0,"parent":10,"menu_order":1,"comment_status":"closed","ping_status":"closed","template":"","meta":{"footnotes":""},"categories":[11],"tags":[],"class_list":["post-35","page","type-page","status-publish","hentry","category-bildung"],"_links":{"self":[{"href":"https:\/\/info-to-go.binational-leipzig.de\/hu\/wp-json\/wp\/v2\/pages\/35","targetHints":{"allow":["GET"]}}],"collection":[{"href":"https:\/\/info-to-go.binational-leipzig.de\/hu\/wp-json\/wp\/v2\/pages"}],"about":[{"href":"https:\/\/info-to-go.binational-leipzig.de\/hu\/wp-json\/wp\/v2\/types\/page"}],"author":[{"embeddable":true,"href":"https:\/\/info-to-go.binational-leipzig.de\/hu\/wp-json\/wp\/v2\/users\/1"}],"replies":[{"embeddable":true,"href":"https:\/\/info-to-go.binational-leipzig.de\/hu\/wp-json\/wp\/v2\/comments?post=35"}],"version-history":[{"count":11,"href":"https:\/\/info-to-go.binational-leipzig.de\/hu\/wp-json\/wp\/v2\/pages\/35\/revisions"}],"predecessor-version":[{"id":639,"href":"https:\/\/info-to-go.binational-leipzig.de\/hu\/wp-json\/wp\/v2\/pages\/35\/revisions\/639"}],"up":[{"embeddable":true,"href":"https:\/\/info-to-go.binational-leipzig.de\/hu\/wp-json\/wp\/v2\/pages\/10"}],"wp:attachment":[{"href":"https:\/\/info-to-go.binational-leipzig.de\/hu\/wp-json\/wp\/v2\/media?parent=35"}],"wp:term":[{"taxonomy":"category","embeddable":true,"href":"https:\/\/info-to-go.binational-leipzig.de\/hu\/wp-json\/wp\/v2\/categories?post=35"},{"taxonomy":"post_tag","embeddable":true,"href":"https:\/\/info-to-go.binational-leipzig.de\/hu\/wp-json\/wp\/v2\/tags?post=35"}],"curies":[{"name":"wp","href":"https:\/\/api.w.org\/{rel}","templated":true}]}}