{"id":399,"date":"2024-01-17T12:08:03","date_gmt":"2024-01-17T11:08:03","guid":{"rendered":"https:\/\/info-to-go.binational-leipzig.de\/?page_id=399"},"modified":"2024-07-31T12:56:05","modified_gmt":"2024-07-31T10:56:05","slug":"impressum","status":"publish","type":"page","link":"https:\/\/info-to-go.binational-leipzig.de\/hu\/impressum\/","title":{"rendered":"impresszum"},"content":{"rendered":"<p><strong>T\u00e1j\u00e9koztat\u00e1s a TMG 5. \u00a7-a szerint<\/strong><\/p>\n\n\n\n<p>K\u00e9tnemzetis\u00e9g\u0171 Csal\u00e1dok \u00e9s Partners\u00e9gek Sz\u00f6vets\u00e9ge, iaf eV<br>Ludolfusstra\u00dfe 2 \u2013 4<br>60487 Frankfurt am Main<\/p>\n\n\n\n<p><strong>K\u00e9pviseli<\/strong><\/p>\n\n\n\n<p>Asiye Bal\u0131k\u00e7\u0131-Schmidt, Natalia Bugaj-Wolfram<\/p>\n\n\n\n<p>K\u00fcl\u00f6nleges k\u00e9pvisel\u0151 a BGB 30. \u00a7-a szerint: NN<\/p>\n\n\n\n<p>C\u00e9gb\u00edr\u00f3s\u00e1g:<\/p>\n\n\n\n<p>Frankfurt am Main-i Ker\u00fcleti B\u00edr\u00f3s\u00e1g Egyes\u00fcleti nyilv\u00e1ntart\u00e1si sz\u00e1m: VR 6728<\/p>\n\n\n\n<p>Frankfurti V. ad\u00f3hivatal, ad\u00f3sz\u00e1m: 014 250 63357<\/p>\n\n\n\n<p><strong>\u00e9rintkez\u00e9s<\/strong><\/p>\n\n\n\n<p>Telefon: +49 (0) 69 713 756 \u2013 0<br>Fax: +49 (0) 69 707 50 92<br>Email: info@verband-binationaler.de<\/p>\n\n\n\n<p><strong>Regisztr\u00e1ci\u00f3s bejegyz\u00e9s<\/strong><\/p>\n\n\n\n<p>Regisztr\u00e1ci\u00f3 az egyes\u00fcletek nyilv\u00e1ntart\u00e1s\u00e1ba.<br>C\u00e9gb\u00edr\u00f3s\u00e1g: Frankfurt am Main-i Ker\u00fcleti B\u00edr\u00f3s\u00e1g<br>Regisztr\u00e1ci\u00f3s sz\u00e1m: VR 6728<\/p>\n\n\n\n<p><strong>K\u00c1D<\/strong><\/p>\n\n\n\n<p>\u00c1FA-azonos\u00edt\u00f3 sz\u00e1m az \u00c1FA-t\u00f6rv\u00e9ny 27a. \u00a7-a szerint:<br>DE114234727<\/p>\n\n\n\n<p><strong>Vitarendez\u00e9s<\/strong><\/p>\n\n\n\n<p>Nem vagyunk hajland\u00f3ak \u00e9s nem is k\u00f6telesek r\u00e9szt venni fogyaszt\u00f3v\u00e9delmi v\u00e1lasztottb\u00edr\u00f3s\u00e1g el\u0151tti vitarendez\u00e9si elj\u00e1r\u00e1sokban.<\/p>\n\n\n\n<p><strong>Forr\u00e1sok<\/strong><\/p>\n\n\n\n<p>Technikai megval\u00f3s\u00edt\u00e1s: Stephan Wein \u00e9s Ahmet Erdem \u015eent\u00fcrk<br>Webdesign: Chris Schneider<\/p>\n\n\n\n<p><strong>Fot\u00f3k<\/strong><\/p>\n\n\n\n<p>\u201eKik vagyunk\u201d: Mehmet Arbag<\/p>\n\n\n\n<p><strong>Jogi nyilatkozat<\/strong><\/p>\n\n\n\n<p>Felel\u0151ss\u00e9g a tartalom\u00e9rt<\/p>\n\n\n\n<p>Szolg\u00e1ltat\u00f3k\u00e9nt a n\u00e9met telem\u00e9diat\u00f6rv\u00e9ny (TMG) 7. \u00a7 (1) bekezd\u00e9s\u00e9nek megfelel\u0151en felel\u0151sek vagyunk az ezeken az oldalakon tal\u00e1lhat\u00f3 saj\u00e1t tartalmaink\u00e9rt. A n\u00e9met telem\u00e9diat\u00f6rv\u00e9ny (TMG) 8\u201310. szakasza \u00e9rtelm\u00e9ben azonban szolg\u00e1ltat\u00f3k\u00e9nt nem vagyunk k\u00f6telesek fel\u00fcgyelni a tov\u00e1bb\u00edtott vagy t\u00e1rolt harmadik f\u00e9lt\u0151l sz\u00e1rmaz\u00f3 inform\u00e1ci\u00f3kat, illetve kivizsg\u00e1lni az illeg\u00e1lis tev\u00e9kenys\u00e9gre utal\u00f3 k\u00f6r\u00fclm\u00e9nyeket.<\/p>\n\n\n\n<p>Az \u00e1ltal\u00e1nos jogszab\u00e1lyok szerinti, az inform\u00e1ci\u00f3k elt\u00e1vol\u00edt\u00e1s\u00e1ra vagy felhaszn\u00e1l\u00e1s\u00e1nak blokkol\u00e1s\u00e1ra vonatkoz\u00f3 k\u00f6telezetts\u00e9gek v\u00e1ltozatlanok maradnak. A felel\u0151ss\u00e9g azonban ebben a tekintetben csak a konkr\u00e9t jogs\u00e9rt\u00e9sr\u0151l val\u00f3 tudom\u00e1sszerz\u00e9s id\u0151pontj\u00e1t\u00f3l lehets\u00e9ges. Amennyiben tudom\u00e1st szerz\u00fcnk b\u00e1rmilyen ilyen jogs\u00e9rt\u00e9sr\u0151l, azonnal elt\u00e1vol\u00edtjuk az ilyen tartalmat.<\/p>\n\n\n\n<p><strong>Felel\u0151ss\u00e9g a linkek\u00e9rt<\/strong><\/p>\n\n\n\n<p>Aj\u00e1nlatunk k\u00fcls\u0151, harmadik f\u00e9l weboldalaira mutat\u00f3 linkeket tartalmaz, amelyek tartalm\u00e1ra nincs befoly\u00e1sunk. Ez\u00e9rt nem v\u00e1llalhatunk felel\u0151ss\u00e9get a k\u00fcls\u0151 tartalom\u00e9rt. A hivatkozott oldalak tartalm\u00e1\u00e9rt mindig az adott oldalak szolg\u00e1ltat\u00f3ja vagy \u00fczemeltet\u0151je felel\u0151s. A hivatkozott oldalakat a hivatkoz\u00e1s id\u0151pontj\u00e1ban ellen\u0151rizt\u00fck az esetleges jogs\u00e9rt\u00e9sek szempontj\u00e1b\u00f3l. A linkel\u00e9s id\u0151pontj\u00e1ban az illeg\u00e1lis tartalom nem volt felismerhet\u0151.<\/p>\n\n\n\n<p>A hivatkozott oldalak tartalm\u00e1nak \u00e1lland\u00f3 ellen\u0151rz\u00e9se azonban nem indokolt a jogs\u00e9rt\u00e9s konkr\u00e9t bizony\u00edt\u00e9ka n\u00e9lk\u00fcl. Amennyiben b\u00e1rmilyen jogs\u00e9rt\u00e9sr\u0151l szerez\u00fcnk tudom\u00e1st, az ilyen linkeket azonnal elt\u00e1vol\u00edtjuk.<\/p>\n\n\n\n<p><strong>szerz\u0151i jog<\/strong><\/p>\n\n\n\n<p>Az oldalakon tal\u00e1lhat\u00f3, a webhely \u00fczemeltet\u0151i \u00e1ltal l\u00e9trehozott tartalmak \u00e9s m\u0171vek a n\u00e9met szerz\u0151i jogi t\u00f6rv\u00e9ny hat\u00e1lya al\u00e1 tartoznak. A szerz\u0151i jogi t\u00f6rv\u00e9ny keretein k\u00edv\u00fcl es\u0151 sokszoros\u00edt\u00e1shoz, feldolgoz\u00e1shoz, terjeszt\u00e9shez \u00e9s b\u00e1rmilyen felhaszn\u00e1l\u00e1shoz a mindenkori szerz\u0151 vagy alkot\u00f3 \u00edr\u00e1sos hozz\u00e1j\u00e1rul\u00e1sa sz\u00fcks\u00e9ges. A webhely let\u00f6lt\u00e9se \u00e9s m\u00e1sol\u00e1sa csak mag\u00e1nc\u00e9l\u00fa, nem kereskedelmi c\u00e9l\u00fa felhaszn\u00e1l\u00e1sra enged\u00e9lyezett.<\/p>\n\n\n\n<p>Amennyiben a weboldal tartalm\u00e1t nem az \u00fczemeltet\u0151 hozta l\u00e9tre, harmadik felek szerz\u0151i jogai tiszteletben tartand\u00f3k. K\u00fcl\u00f6n\u00f6sen a harmadik f\u00e9lt\u0151l sz\u00e1rmaz\u00f3 tartalmakat jel\u00f6lik meg \u00edgy. Amennyiben ennek ellen\u00e9re szerz\u0151i jogs\u00e9rt\u00e9sr\u0151l szerezne tudom\u00e1st, k\u00e9rj\u00fck, \u00e9rtes\u00edtsen minket. Amennyiben b\u00e1rmilyen jogs\u00e9rt\u00e9sr\u0151l szerez\u00fcnk tudom\u00e1st, az ilyen tartalmat azonnal elt\u00e1vol\u00edtjuk.<\/p>\n<div class=\"gsp_post_data\" \r\n\t            data-post_type=\"page\" \r\n\t            data-cat=\"\" \r\n\t            data-modified=\"120\"\r\n\t            data-created=\"1705493283\"\r\n\t            data-title=\"Impressum\" \r\n\t            data-home=\"https:\/\/info-to-go.binational-leipzig.de\/hu\"><\/div>","protected":false},"excerpt":{"rendered":"<p>Angaben gem\u00e4\u00df \u00a7 5 TMG Verband binationaler Familien und Partnerschaften, iaf e.V.Ludolfusstra\u00dfe 2 \u2013 460487 Frankfurt am Main Vertreten durch Asiye Bal\u0131k\u00e7\u0131-Schmidt, Natalia Bugaj-Wolfram Besondere Vertreterin gem. \u00a7 30 BGB: N.N. Registergericht: Amtsgericht Frankfurt am Main&nbsp; Vereins-Registernummer: VR 6728 Finanzamt Frankfurt V \u00a0 Steuernummer 014 250 63357 Kontakt Telefon: +49 (0) 69 713 756 \u2013 [&hellip;]<\/p>\n","protected":false},"author":2,"featured_media":0,"parent":0,"menu_order":0,"comment_status":"closed","ping_status":"closed","template":"","meta":{"footnotes":""},"categories":[],"tags":[],"class_list":["post-399","page","type-page","status-publish","hentry"],"_links":{"self":[{"href":"https:\/\/info-to-go.binational-leipzig.de\/hu\/wp-json\/wp\/v2\/pages\/399","targetHints":{"allow":["GET"]}}],"collection":[{"href":"https:\/\/info-to-go.binational-leipzig.de\/hu\/wp-json\/wp\/v2\/pages"}],"about":[{"href":"https:\/\/info-to-go.binational-leipzig.de\/hu\/wp-json\/wp\/v2\/types\/page"}],"author":[{"embeddable":true,"href":"https:\/\/info-to-go.binational-leipzig.de\/hu\/wp-json\/wp\/v2\/users\/2"}],"replies":[{"embeddable":true,"href":"https:\/\/info-to-go.binational-leipzig.de\/hu\/wp-json\/wp\/v2\/comments?post=399"}],"version-history":[{"count":3,"href":"https:\/\/info-to-go.binational-leipzig.de\/hu\/wp-json\/wp\/v2\/pages\/399\/revisions"}],"predecessor-version":[{"id":481,"href":"https:\/\/info-to-go.binational-leipzig.de\/hu\/wp-json\/wp\/v2\/pages\/399\/revisions\/481"}],"wp:attachment":[{"href":"https:\/\/info-to-go.binational-leipzig.de\/hu\/wp-json\/wp\/v2\/media?parent=399"}],"wp:term":[{"taxonomy":"category","embeddable":true,"href":"https:\/\/info-to-go.binational-leipzig.de\/hu\/wp-json\/wp\/v2\/categories?post=399"},{"taxonomy":"post_tag","embeddable":true,"href":"https:\/\/info-to-go.binational-leipzig.de\/hu\/wp-json\/wp\/v2\/tags?post=399"}],"curies":[{"name":"wp","href":"https:\/\/api.w.org\/{rel}","templated":true}]}}