{"id":399,"date":"2024-01-17T12:08:03","date_gmt":"2024-01-17T11:08:03","guid":{"rendered":"https:\/\/info-to-go.binational-leipzig.de\/?page_id=399"},"modified":"2024-07-31T12:56:05","modified_gmt":"2024-07-31T10:56:05","slug":"impressum","status":"publish","type":"page","link":"https:\/\/info-to-go.binational-leipzig.de\/it\/impressum\/","title":{"rendered":"Impronta"},"content":{"rendered":"<p><strong>Informazioni ai sensi del \u00a7 5 TMG<\/strong><\/p>\n\n\n\n<p>Associazione delle famiglie e delle partnership binnazionali, iaf eV<br>Ludolfusstra\u00dfe 2 \u2013 4<br>60487 Francoforte sul Meno<\/p>\n\n\n\n<p><strong>Rappresentato da<\/strong><\/p>\n\n\n\n<p>Asiye Bal\u0131k\u00e7\u0131-Schmidt, Natalia Bugaj-Wolfram<\/p>\n\n\n\n<p>Rappresentante speciale ai sensi del \u00a7 30 BGB: NN<\/p>\n\n\n\n<p>Tribunale del registro:<\/p>\n\n\n\n<p>Tribunale distrettuale di Francoforte sul Meno Numero di registrazione dell&#039;associazione: VR 6728<\/p>\n\n\n\n<p>Ufficio delle imposte Francoforte V Partita IVA 014 250 63357<\/p>\n\n\n\n<p><strong>contatto<\/strong><\/p>\n\n\n\n<p>Telefono: +49 (0) 69 713 756 \u2013 0<br>Fax: +49 (0) 69 707 50 92<br>E-mail: info@verband-binationaler.de<\/p>\n\n\n\n<p><strong>Registrazione nel registro<\/strong><\/p>\n\n\n\n<p>Iscrizione nel registro delle associazioni.<br>Tribunale del registro: Tribunale distrettuale di Francoforte sul Meno<br>Numero di registrazione: VR 6728<\/p>\n\n\n\n<p><strong>I.V.A.<\/strong><\/p>\n\n\n\n<p>Numero di identificazione IVA secondo \u00a7 27a della legge sull&#039;IVA:<br>DE114234727<\/p>\n\n\n\n<p><strong>Risoluzione delle controversie<\/strong><\/p>\n\n\n\n<p>Non siamo disposti n\u00e9 obbligati a partecipare a procedimenti di risoluzione delle controversie dinanzi a un collegio arbitrale dei consumatori.<\/p>\n\n\n\n<p><strong>Fonti<\/strong><\/p>\n\n\n\n<p>Implementazione tecnica: Stephan Wein e Ahmet Erdem \u015eent\u00fcrk<br>Web design: Chris Schneider<\/p>\n\n\n\n<p><strong>Foto<\/strong><\/p>\n\n\n\n<p>\u201cChi siamo\u201d: Mehmet Arbag<\/p>\n\n\n\n<p><strong>Avviso legale<\/strong><\/p>\n\n\n\n<p>Responsabilit\u00e0 per i contenuti<\/p>\n\n\n\n<p>In qualit\u00e0 di fornitore di servizi siamo responsabili dei nostri contenuti su queste pagine ai sensi del \u00a7 7 (1) della legge tedesca sui telemedia (TMG). Tuttavia, ai sensi dei \u00a7\u00a7 da 8 a 10 della legge tedesca sui telemedia (TMG), in qualit\u00e0 di fornitori di servizi non siamo tenuti a monitorare le informazioni di terzi trasmesse o memorizzate, n\u00e9 a indagare su circostanze che indicano un&#039;attivit\u00e0 illegale.<\/p>\n\n\n\n<p>Restano impregiudicati gli obblighi di rimozione o blocco dell&#039;uso delle informazioni previsti dalla legge generale. Tuttavia, una responsabilit\u00e0 in tal senso \u00e8 possibile solo a partire dal momento in cui si viene a conoscenza di una concreta violazione della legge. Qualora venissimo a conoscenza di tali violazioni della legge, rimuoveremo immediatamente tali contenuti.<\/p>\n\n\n\n<p><strong>Responsabilit\u00e0 per i link<\/strong><\/p>\n\n\n\n<p>La nostra offerta contiene link a siti web esterni di terze parti sui cui contenuti non abbiamo alcuna influenza. Pertanto non possiamo assumerci alcuna responsabilit\u00e0 per questi contenuti esterni. Per i contenuti delle pagine collegate \u00e8 sempre responsabile il rispettivo fornitore o gestore delle pagine. Al momento del collegamento \u00e8 stata verificata la presenza di possibili violazioni legali nelle pagine collegate. Al momento del collegamento non erano riconoscibili contenuti illegali.<\/p>\n\n\n\n<p>Tuttavia, un controllo permanente del contenuto delle pagine collegate non \u00e8 ragionevole senza prove concrete di una violazione della legge. Qualora venissimo a conoscenza di violazioni legali, rimuoveremo immediatamente tali link.<\/p>\n\n\n\n<p><strong>copyright<\/strong><\/p>\n\n\n\n<p>I contenuti e le opere presenti su queste pagine, creati dai gestori del sito, sono soggetti al diritto d&#039;autore tedesco. La riproduzione, l&#039;elaborazione, la distribuzione e qualsiasi tipo di sfruttamento al di fuori dei limiti del diritto d&#039;autore necessitano del consenso scritto del rispettivo autore o creatore. I download e le copie di questo sito sono consentiti solo per uso privato e non commerciale.<\/p>\n\n\n\n<p>Nella misura in cui i contenuti di questo sito non sono stati creati dal gestore, vengono rispettati i diritti d&#039;autore di terzi. In particolare, i contenuti di terze parti vengono contrassegnati come tali. Se tuttavia doveste venire a conoscenza di una violazione del copyright, vi preghiamo di segnalarcelo. Qualora venissimo a conoscenza di eventuali violazioni legali, rimuoveremo immediatamente tali contenuti.<\/p>\n<div class=\"gsp_post_data\" \r\n\t            data-post_type=\"page\" \r\n\t            data-cat=\"\" \r\n\t            data-modified=\"120\"\r\n\t            data-created=\"1705493283\"\r\n\t            data-title=\"Impressum\" \r\n\t            data-home=\"https:\/\/info-to-go.binational-leipzig.de\/it\"><\/div>","protected":false},"excerpt":{"rendered":"<p>Angaben gem\u00e4\u00df \u00a7 5 TMG Verband binationaler Familien und Partnerschaften, iaf e.V.Ludolfusstra\u00dfe 2 \u2013 460487 Frankfurt am Main Vertreten durch Asiye Bal\u0131k\u00e7\u0131-Schmidt, Natalia Bugaj-Wolfram Besondere Vertreterin gem. \u00a7 30 BGB: N.N. Registergericht: Amtsgericht Frankfurt am Main&nbsp; Vereins-Registernummer: VR 6728 Finanzamt Frankfurt V \u00a0 Steuernummer 014 250 63357 Kontakt Telefon: +49 (0) 69 713 756 \u2013 [&hellip;]<\/p>\n","protected":false},"author":2,"featured_media":0,"parent":0,"menu_order":0,"comment_status":"closed","ping_status":"closed","template":"","meta":{"footnotes":""},"categories":[],"tags":[],"class_list":["post-399","page","type-page","status-publish","hentry"],"_links":{"self":[{"href":"https:\/\/info-to-go.binational-leipzig.de\/it\/wp-json\/wp\/v2\/pages\/399","targetHints":{"allow":["GET"]}}],"collection":[{"href":"https:\/\/info-to-go.binational-leipzig.de\/it\/wp-json\/wp\/v2\/pages"}],"about":[{"href":"https:\/\/info-to-go.binational-leipzig.de\/it\/wp-json\/wp\/v2\/types\/page"}],"author":[{"embeddable":true,"href":"https:\/\/info-to-go.binational-leipzig.de\/it\/wp-json\/wp\/v2\/users\/2"}],"replies":[{"embeddable":true,"href":"https:\/\/info-to-go.binational-leipzig.de\/it\/wp-json\/wp\/v2\/comments?post=399"}],"version-history":[{"count":3,"href":"https:\/\/info-to-go.binational-leipzig.de\/it\/wp-json\/wp\/v2\/pages\/399\/revisions"}],"predecessor-version":[{"id":481,"href":"https:\/\/info-to-go.binational-leipzig.de\/it\/wp-json\/wp\/v2\/pages\/399\/revisions\/481"}],"wp:attachment":[{"href":"https:\/\/info-to-go.binational-leipzig.de\/it\/wp-json\/wp\/v2\/media?parent=399"}],"wp:term":[{"taxonomy":"category","embeddable":true,"href":"https:\/\/info-to-go.binational-leipzig.de\/it\/wp-json\/wp\/v2\/categories?post=399"},{"taxonomy":"post_tag","embeddable":true,"href":"https:\/\/info-to-go.binational-leipzig.de\/it\/wp-json\/wp\/v2\/tags?post=399"}],"curies":[{"name":"wp","href":"https:\/\/api.w.org\/{rel}","templated":true}]}}