{"id":598,"date":"2025-06-25T11:47:50","date_gmt":"2025-06-25T09:47:50","guid":{"rendered":"https:\/\/info-to-go.binational-leipzig.de\/?page_id=598"},"modified":"2025-06-25T11:47:51","modified_gmt":"2025-06-25T09:47:51","slug":"barrierefreiheitserklaerung","status":"publish","type":"page","link":"https:\/\/info-to-go.binational-leipzig.de\/ka\/barrierefreiheitserklaerung\/","title":{"rendered":"\u10ee\u10d4\u10da\u10db\u10d8\u10e1\u10d0\u10ec\u10d5\u10d3\u10dd\u10db\u10dd\u10d1\u10d8\u10e1 \u10d2\u10d0\u10dc\u10ea\u10ee\u10d0\u10d3\u10d4\u10d1\u10d0"},"content":{"rendered":"<h3 class=\"wp-block-heading\">\u10ee\u10d4\u10da\u10db\u10d8\u10e1\u10d0\u10ec\u10d5\u10d3\u10dd\u10db\u10dd\u10d1\u10d8\u10e1 \u10d2\u10d0\u10dc\u10ea\u10ee\u10d0\u10d3\u10d4\u10d1\u10d0<\/h3>\n\n\n\n<p><strong>\u10dd\u10e0\u10d4\u10e0\u10dd\u10d5\u10dc\u10e3\u10da\u10d8 \u10dd\u10ef\u10d0\u10ee\u10d4\u10d1\u10d8\u10e1\u10d0 \u10d3\u10d0 \u10de\u10d0\u10e0\u10e2\u10dc\u10d8\u10dd\u10e0\u10dd\u10d1\u10d4\u10d1\u10d8\u10e1 \u10d0\u10e1\u10dd\u10ea\u10d8\u10d0\u10ea\u10d8\u10d0, iaf eV, \u10da\u10d0\u10d8\u10e4\u10ea\u10d8\u10d2\u10d8\u10e1 \u10dd\u10e4\u10d8\u10e1\u10d8 \u10d3\u10d0 \u10e1\u10d0\u10d9\u10dd\u10dc\u10e1\u10e3\u10da\u10e2\u10d0\u10ea\u10d8\u10dd \u10dd\u10e4\u10d8\u10e1\u10d8<\/strong>&nbsp;\u10ea\u10d3\u10d8\u10da\u10dd\u10d1\u10e1, \u10e0\u10dd\u10db \u10db\u10d8\u10e1\u10d8 \u10d5\u10d4\u10d1\u10e1\u10d0\u10d8\u10e2\u10d8 \u10d2\u10d0\u10db\u10dd\u10e1\u10d0\u10e7\u10d4\u10dc\u10d4\u10d1\u10d4\u10da\u10d8 \u10d8\u10e7\u10dd\u10e1 \u10ee\u10d4\u10da\u10db\u10d8\u10e1\u10d0\u10ec\u10d5\u10d3\u10dd\u10db\u10dd\u10d1\u10d0\u10e1\u10d7\u10d0\u10dc \u10d3\u10d0\u10d9\u10d0\u10d5\u10e8\u10d8\u10e0\u10d4\u10d1\u10e3\u10da\u10d8 \u10e1\u10d0\u10db\u10d0\u10e0\u10d7\u10da\u10d4\u10d1\u10e0\u10d8\u10d5\u10d8 \u10db\u10dd\u10d7\u10ee\u10dd\u10d5\u10dc\u10d4\u10d1\u10d8\u10e1 \u10e8\u10d4\u10e1\u10d0\u10d1\u10d0\u10db\u10d8\u10e1\u10d0\u10d3. \u10ee\u10d4\u10da\u10db\u10d8\u10e1\u10d0\u10ec\u10d5\u10d3\u10dd\u10db\u10dd\u10d1\u10d8\u10e1 \u10d4\u10e1 \u10d2\u10d0\u10dc\u10ea\u10ee\u10d0\u10d3\u10d4\u10d1\u10d0 \u10d5\u10e0\u10ea\u10d4\u10da\u10d3\u10d4\u10d1\u10d0 \u10d5\u10d4\u10d1\u10e1\u10d0\u10d8\u10e2\u10d6\u10d4.&nbsp;<a href=\"https:\/\/binational-leipzig.de\/\"><strong>binational-leipzig.de<\/strong><\/a><\/p>\n\n\n\n<hr class=\"wp-block-separator has-alpha-channel-opacity\"\/>\n\n\n\n<h3 class=\"wp-block-heading\"><strong>\u10db\u10dd\u10d7\u10ee\u10dd\u10d5\u10dc\u10d4\u10d1\u10d7\u10d0\u10dc \u10e8\u10d4\u10e1\u10d0\u10d1\u10d0\u10db\u10d8\u10e1\u10dd\u10d1\u10d8\u10e1 \u10e1\u10e2\u10d0\u10e2\u10e3\u10e1\u10d8<\/strong><\/h3>\n\n\n\n<p>\u10d4\u10e1 \u10d5\u10d4\u10d1\u10e1\u10d0\u10d8\u10e2\u10d8 \u10d0\u10e0\u10d8\u10e1&nbsp;<strong>\u10dc\u10d0\u10ec\u10d8\u10da\u10dd\u10d1\u10e0\u10d8\u10d5<\/strong>&nbsp;\u10db\u10dd\u10d7\u10ee\u10dd\u10d5\u10dc\u10d4\u10d1\u10d7\u10d0\u10dc \u10d4\u10e0\u10d7\u10d0\u10d3&nbsp;<strong>\u10d1\u10d0\u10e0\u10d8\u10d4\u10e0\u10d4\u10d1\u10d8\u10e1\u10d2\u10d0\u10dc \u10d7\u10d0\u10d5\u10d8\u10e1\u10e3\u10e4\u10d0\u10da\u10d8 \u10e1\u10d0\u10d8\u10dc\u10e4\u10dd\u10e0\u10db\u10d0\u10ea\u10d8\u10dd \u10e2\u10d4\u10e5\u10dc\u10dd\u10da\u10dd\u10d2\u10d8\u10d4\u10d1\u10d8\u10e1 \u10e8\u10d4\u10e1\u10d0\u10ee\u10d4\u10d1 \u10d3\u10d0\u10d3\u10d2\u10d4\u10dc\u10d8\u10da\u10d4\u10d1\u10d0 (BITV 2.0) \u10d3\u10d0 \u10d4\u10d5\u10e0\u10dd\u10d9\u10d0\u10d5\u10e8\u10d8\u10e0\u10d8\u10e1 \u10d3\u10d8\u10e0\u10d4\u10e5\u10e2\u10d8\u10d5\u10d0 2016\/2102<\/strong>&nbsp;\u10e9\u10d5\u10d4\u10dc \u10d2\u10d0\u10dc\u10e3\u10ec\u10e7\u10d5\u10d4\u10e2\u10da\u10d8\u10d5 \u10d5\u10db\u10e3\u10e8\u10d0\u10dd\u10d1\u10d7 \u10d0\u10e0\u10e1\u10d4\u10d1\u10e3\u10da\u10d8 \u10d1\u10d0\u10e0\u10d8\u10d4\u10e0\u10d4\u10d1\u10d8\u10e1 \u10e8\u10d4\u10e1\u10d0\u10db\u10ea\u10d8\u10e0\u10d4\u10d1\u10da\u10d0\u10d3 \u10d3\u10d0 \u10e7\u10d5\u10d4\u10da\u10d0\u10e1\u10d7\u10d5\u10d8\u10e1 \u10db\u10dd\u10db\u10ee\u10db\u10d0\u10e0\u10d4\u10d1\u10da\u10d8\u10e1\u10d7\u10d5\u10d8\u10e1 \u10db\u10dd\u10ee\u10d4\u10e0\u10ee\u10d4\u10d1\u10e3\u10da\u10dd\u10d1\u10d8\u10e1 \u10d2\u10d0\u10e1\u10d0\u10e3\u10db\u10ef\u10dd\u10d1\u10d4\u10e1\u10d4\u10d1\u10da\u10d0\u10d3.<\/p>\n\n\n\n<hr class=\"wp-block-separator has-alpha-channel-opacity\"\/>\n\n\n\n<h3 class=\"wp-block-heading\"><strong>\u10db\u10d8\u10e3\u10ec\u10d5\u10d3\u10dd\u10db\u10d4\u10da\u10d8 \u10d9\u10dd\u10dc\u10e2\u10d4\u10dc\u10e2\u10d8<\/strong><\/h3>\n\n\n\n<p>\u10e9\u10d5\u10d4\u10dc\u10d8 \u10eb\u10d0\u10da\u10d8\u10e1\u10ee\u10db\u10d4\u10d5\u10d8\u10e1 \u10db\u10d8\u10e3\u10ee\u10d4\u10d3\u10d0\u10d5\u10d0\u10d3, \u10d0\u10e0\u10e1\u10d4\u10d1\u10dd\u10d1\u10e1 \u10e0\u10d0\u10db\u10d3\u10d4\u10dc\u10d8\u10db\u10d4 \u10e1\u10e4\u10d4\u10e0\u10dd, \u10e0\u10dd\u10db\u10da\u10d4\u10d1\u10d8\u10ea \u10e1\u10e0\u10e3\u10da\u10d0\u10d3 \u10ee\u10d4\u10da\u10db\u10d8\u10e1\u10d0\u10ec\u10d5\u10d3\u10dd\u10db\u10d8 \u10d0\u10e0 \u10d0\u10e0\u10d8\u10e1:<\/p>\n\n\n\n<ul class=\"wp-block-list\">\n<li><strong>PDF \u10d3\u10dd\u10d9\u10e3\u10db\u10d4\u10dc\u10e2\u10d4\u10d1\u10d8<\/strong>\u10d6\u10dd\u10d2\u10d8\u10d4\u10e0\u10d7\u10d8 \u10eb\u10d5\u10d4\u10da\u10d8 PDF \u10e4\u10d0\u10d8\u10da\u10d8 \u10d0\u10e0 \u10d0\u10e0\u10d8\u10e1 \u10e4\u10dd\u10e0\u10db\u10d0\u10e2\u10d8\u10e0\u10d4\u10d1\u10e3\u10da\u10d8 \u10ee\u10d4\u10da\u10db\u10d8\u10e1\u10d0\u10ec\u10d5\u10d3\u10dd\u10db\u10d8 \u10e4\u10dd\u10e0\u10db\u10d8\u10d7.<\/li>\n\n\n\n<li><strong>\u10d0\u10da\u10e2\u10d4\u10e0\u10dc\u10d0\u10e2\u10d8\u10e3\u10da\u10d8 \u10e2\u10d4\u10e5\u10e1\u10e2\u10d4\u10d1\u10d8<\/strong>\u10e8\u10d4\u10e1\u10d0\u10eb\u10da\u10dd\u10d0, \u10d6\u10dd\u10d2\u10d8\u10d4\u10e0\u10d7\u10d8 \u10e1\u10e3\u10e0\u10d0\u10d7\u10d8 \u10d0\u10dc \u10d2\u10e0\u10d0\u10e4\u10d8\u10d9\u10e3\u10da\u10d8 \u10d4\u10da\u10d4\u10db\u10d4\u10dc\u10e2\u10d8 \u10d0\u10e0 \u10e8\u10d4\u10d8\u10ea\u10d0\u10d5\u10d3\u10d4\u10e1 \u10e1\u10d0\u10d9\u10db\u10d0\u10e0\u10d8\u10e1 \u10d0\u10da\u10e2\u10d4\u10e0\u10dc\u10d0\u10e2\u10d8\u10e3\u10da \u10e2\u10d4\u10e5\u10e1\u10e2\u10e1.<\/li>\n\n\n\n<li><strong>\u10dc\u10d0\u10d5\u10d8\u10d2\u10d0\u10ea\u10d8\u10d0 \u10d3\u10d0 \u10d2\u10d0\u10db\u10dd\u10e7\u10d4\u10dc\u10d4\u10d1\u10d0\u10d3\u10dd\u10d1\u10d0<\/strong>\u10e8\u10d4\u10e1\u10d0\u10eb\u10da\u10dd\u10d0, \u10ea\u10d0\u10da\u10d9\u10d4\u10e3\u10da\u10d8 \u10d8\u10dc\u10e2\u10d4\u10e0\u10d0\u10e5\u10e2\u10d8\u10e3\u10da\u10d8 \u10d4\u10da\u10d4\u10db\u10d4\u10dc\u10e2\u10d4\u10d1\u10d8 \u10e1\u10e0\u10e3\u10da\u10d0\u10d3 \u10d9\u10da\u10d0\u10d5\u10d8\u10d0\u10e2\u10e3\u10e0\u10d8\u10d7 \u10d0\u10e0 \u10d9\u10dd\u10dc\u10e2\u10e0\u10dd\u10da\u10d3\u10d4\u10d1\u10dd\u10d3\u10d4\u10e1.<\/li>\n\n\n\n<li><strong>\u10d5\u10d8\u10d3\u10d4\u10dd\u10d4\u10d1\u10d8<\/strong>\u10d6\u10dd\u10d2\u10d8\u10d4\u10e0\u10d7 \u10e9\u10d0\u10e8\u10d4\u10dc\u10d4\u10d1\u10e3\u10da \u10d5\u10d8\u10d3\u10d4\u10dd\u10e1 \u10d0\u10d9\u10da\u10d8\u10d0 \u10e1\u10e3\u10d1\u10e2\u10d8\u10e2\u10e0\u10d4\u10d1\u10d8 \u10d0\u10dc \u10d0\u10e3\u10d3\u10d8\u10dd \u10d0\u10e6\u10ec\u10d4\u10e0\u10d8\u10da\u10dd\u10d1\u10d0.<\/li>\n<\/ul>\n\n\n\n<p>\u10e9\u10d5\u10d4\u10dc \u10d5\u10db\u10e3\u10e8\u10d0\u10dd\u10d1\u10d7 \u10d0\u10db \u10ee\u10d0\u10e0\u10d5\u10d4\u10d6\u10d4\u10d1\u10d8\u10e1 \u10d7\u10d0\u10dc\u10d3\u10d0\u10d7\u10d0\u10dc\u10dd\u10d1\u10d8\u10d7 \u10d2\u10d0\u10db\u10dd\u10e1\u10ec\u10dd\u10e0\u10d4\u10d1\u10d0\u10d6\u10d4.<\/p>\n\n\n\n<hr class=\"wp-block-separator has-alpha-channel-opacity\"\/>\n\n\n\n<h3 class=\"wp-block-heading\"><strong>\u10d0\u10db \u10d3\u10d4\u10d9\u10da\u10d0\u10e0\u10d0\u10ea\u10d8\u10d8\u10e1 \u10db\u10dd\u10db\u10d6\u10d0\u10d3\u10d4\u10d1\u10d0<\/strong><\/h3>\n\n\n\n<p>\u10d4\u10e1 \u10d2\u10d0\u10dc\u10ea\u10ee\u10d0\u10d3\u10d4\u10d1\u10d0 \u10d2\u10d0\u10d9\u10d4\u10d7\u10d3\u10d0&nbsp;<strong>10.01.2025<\/strong>&nbsp;\u10e8\u10d4\u10e5\u10db\u10dc\u10d8\u10da\u10d8 \u10d3\u10d0 \u10d1\u10dd\u10da\u10dd\u10e1 \u10d2\u10d0\u10dc\u10d0\u10ee\u10da\u10d4\u10d1\u10e3\u10da\u10d8&nbsp;<strong>19.02.2025<\/strong>&nbsp;\u10e8\u10d4\u10db\u10dd\u10ec\u10db\u10d4\u10d1\u10e3\u10da\u10d8\u10d0.<br><br>\u10d5\u10d4\u10d1\u10e1\u10d0\u10d8\u10e2\u10d8 \u10e8\u10d4\u10e4\u10d0\u10e1\u10d3\u10d0 \u10d0.\u10e8.-\u10e1 \u10db\u10d8\u10d4\u10e0&nbsp;<strong>\u10e8\u10d8\u10dc\u10d0\u10d2\u10d0\u10dc\u10d8 \u10d7\u10d5\u10d8\u10d7\u10e8\u10d4\u10e4\u10d0\u10e1\u10d4\u10d1\u10d0<\/strong>&nbsp;\u10d0\u10e1\u10d4\u10d5\u10d4 \u10d0\u10d5\u10e2\u10dd\u10db\u10d0\u10e2\u10e3\u10e0\u10d8 \u10e2\u10d4\u10e1\u10e2\u10d4\u10d1\u10d8\u10e1 \u10d2\u10d0\u10db\u10dd\u10e7\u10d4\u10dc\u10d4\u10d1\u10d8\u10d7.<\/p>\n\n\n\n<hr class=\"wp-block-separator has-alpha-channel-opacity\"\/>\n\n\n\n<h3 class=\"wp-block-heading\"><strong>\u10d2\u10d0\u10db\u10dd\u10ee\u10db\u10d0\u10e3\u10e0\u10d4\u10d1\u10d0 \u10d3\u10d0 \u10e1\u10d0\u10d9\u10dd\u10dc\u10e2\u10d0\u10e5\u10e2\u10dd \u10d8\u10dc\u10e4\u10dd\u10e0\u10db\u10d0\u10ea\u10d8\u10d0<\/strong><\/h3>\n\n\n\n<p>\u10d7\u10e3 \u10e9\u10d5\u10d4\u10dc\u10e1 \u10d5\u10d4\u10d1\u10e1\u10d0\u10d8\u10e2\u10d6\u10d4 \u10e0\u10d0\u10d8\u10db\u10d4 \u10d3\u10d0\u10d1\u10e0\u10d9\u10dd\u10da\u10d4\u10d1\u10d0\u10e1 \u10ec\u10d0\u10d0\u10ec\u10e7\u10d3\u10d4\u10d1\u10d8\u10d7 \u10d0\u10dc \u10d2\u10d0\u10e5\u10d5\u10d7 \u10ec\u10d8\u10dc\u10d0\u10d3\u10d0\u10d3\u10d4\u10d1\u10d4\u10d1\u10d8 \u10d2\u10d0\u10e3\u10db\u10ef\u10dd\u10d1\u10d4\u10e1\u10d4\u10d1\u10d8\u10e1\u10d7\u10d5\u10d8\u10e1, \u10d2\u10d7\u10ee\u10dd\u10d5\u10d7, \u10d3\u10d0\u10d2\u10d5\u10d8\u10d9\u10d0\u10d5\u10e8\u10d8\u10e0\u10d3\u10d4\u10d7:<\/p>\n\n\n\n<p>\u10dd\u10e0\u10d4\u10e0\u10dd\u10d5\u10dc\u10e3\u10da\u10d8 \u10dd\u10ef\u10d0\u10ee\u10d4\u10d1\u10d8\u10e1\u10d0 \u10d3\u10d0 \u10de\u10d0\u10e0\u10e2\u10dc\u10d8\u10dd\u10e0\u10dd\u10d1\u10d4\u10d1\u10d8\u10e1 \u10d0\u10e1\u10dd\u10ea\u10d8\u10d0\u10ea\u10d8\u10d0, iaf eV<br>\u10d1\u10d8\u10d6\u10dc\u10d4\u10e1\u10d8\u10e1\u10d0 \u10d3\u10d0 \u10e1\u10d0\u10d9\u10dd\u10dc\u10e1\u10e3\u10da\u10e2\u10d0\u10ea\u10d8\u10dd \u10dd\u10e4\u10d8\u10e1\u10d8 \u10da\u10d0\u10d8\u10e4\u10ea\u10d8\u10d2\u10e8\u10d8<br><br><a href=\"https:\/\/www.google.com\/maps\/place\/Verband+binationaler+Familien+u.+Partnerschaften+e.V.\/@51.3232198,12.3793402,18.79z\/data=!4m5!3m4!1s0x0:0x280bc9ed9b02c389!8m2!3d51.3232449!4d12.3798815\" target=\"_blank\" rel=\"noreferrer noopener\">\u10d0\u10e0\u10dc\u10d3\u10e2\u10e8\u10e2\u10e0\u10d0\u10e1\u10d4 63<br>04275 \u10da\u10d0\u10d8\u10e4\u10ea\u10d8\u10d2\u10d8<\/a><br><br>\u10e2\u10d4\u10da\u10d4\u10e4\u10dd\u10dc\u10d8: 0341-6 88 00 22<br>\u10d4\u10da. \u10e4\u10dd\u10e1\u10e2\u10d0:&nbsp;<a href=\"http:\/\/leipzig@verband-binationaler-de\/\" rel=\"noreferrer noopener\" target=\"_blank\">leipzig@verband-binationaler-de<\/a><\/p>\n\n\n\n<hr class=\"wp-block-separator has-alpha-channel-opacity\"\/>\n\n\n\n<h3 class=\"wp-block-heading\"><strong>\u10d0\u10e6\u10e1\u10e0\u10e3\u10da\u10d4\u10d1\u10d8\u10e1 \u10ec\u10d0\u10e0\u10db\u10dd\u10d4\u10d1\u10d0<\/strong><\/h3>\n\n\n\n<p>\u10d7\u10e3 \u10e9\u10d5\u10d4\u10dc\u10d8 \u10d5\u10d4\u10d1\u10e1\u10d0\u10d8\u10e2\u10d8\u10e1 \u10ee\u10d4\u10da\u10db\u10d8\u10e1\u10d0\u10ec\u10d5\u10d3\u10dd\u10db\u10dd\u10d1\u10d0\u10e1\u10d7\u10d0\u10dc \u10d3\u10d0\u10d9\u10d0\u10d5\u10e8\u10d8\u10e0\u10d4\u10d1\u10d8\u10d7 \u10d7\u10e5\u10d5\u10d4\u10dc\u10e1 \u10e8\u10d4\u10d9\u10d8\u10d7\u10ee\u10d5\u10d0\u10d6\u10d4 \u10d3\u10d0\u10db\u10d0\u10d9\u10db\u10d0\u10e7\u10dd\u10e4\u10d8\u10da\u10d4\u10d1\u10d4\u10da\u10d8 \u10de\u10d0\u10e1\u10e3\u10ee\u10d8 \u10d0\u10e0 \u10d0\u10e0\u10d8\u10e1, \u10e8\u10d4\u10d2\u10d8\u10eb\u10da\u10d8\u10d0\u10d7 \u10d3\u10d0\u10e3\u10d9\u10d0\u10d5\u10e8\u10d8\u10e0\u10d3\u10d4\u10d7&nbsp;<strong>\u10d0\u10e6\u10e1\u10e0\u10e3\u10da\u10d4\u10d1\u10d8\u10e1 \u10dd\u10e0\u10d2\u10d0\u10dc\u10dd&nbsp;<\/strong>\u10e8\u10d4\u10db\u10dd\u10d1\u10e0\u10e3\u10dc\u10d4\u10d1\u10d0:<\/p>\n\n\n\n<p><strong>\u10e1\u10d0\u10e5\u10e1\u10dd\u10dc\u10d8\u10d8\u10e1 \u10ea\u10d8\u10e4\u10e0\u10e3\u10da\u10d8 \u10ee\u10d4\u10da\u10db\u10d8\u10e1\u10d0\u10ec\u10d5\u10d3\u10dd\u10db\u10dd\u10d1\u10d8\u10e1 \u10db\u10dd\u10dc\u10d8\u10e2\u10dd\u10e0\u10d8\u10dc\u10d2\u10d8\u10e1 \u10dd\u10e0\u10d2\u10d0\u10dc\u10dd<\/strong><br>\u10e1\u10d0\u10e5\u10e1\u10dd\u10dc\u10d8\u10d8\u10e1 \u10e1\u10d0\u10ee\u10d4\u10da\u10db\u10ec\u10d8\u10e4\u10dd\u10e1 \u10e1\u10dd\u10ea\u10d8\u10d0\u10da\u10e3\u10e0 \u10e1\u10d0\u10d9\u10d8\u10d7\u10ee\u10d7\u10d0 \u10d3\u10d0 \u10e1\u10dd\u10ea\u10d8\u10d0\u10da\u10e3\u10e0\u10d8 \u10d8\u10dc\u10e2\u10d4\u10d2\u10e0\u10d0\u10ea\u10d8\u10d8\u10e1 \u10e1\u10d0\u10db\u10d8\u10dc\u10d8\u10e1\u10e2\u10e0\u10dd<br>\u10d4\u10da. \u10e4\u10dd\u10e1\u10e2\u10d0:&nbsp;<a href=\"mailto:durchsetzungsstelle@sk.sachsen.de\">durchsetzungsstelle@sk.sachsen.de<\/a><br>\u10d5\u10d4\u10d1\u10d2\u10d5\u10d4\u10e0\u10d3\u10d8:&nbsp;<a href=\"https:\/\/www.durchsetzungsstelle.sachsen.de\/\" rel=\"noreferrer noopener\" target=\"_blank\">www.durchsetzungsstelle.sachsen.de<\/a><\/p>\n\n\n\n<hr class=\"wp-block-separator has-alpha-channel-opacity\"\/>\n\n\n\n<p>\u10e9\u10d5\u10d4\u10dc \u10db\u10e3\u10d3\u10db\u10d8\u10d5\u10d0\u10d3 \u10d5\u10ea\u10d3\u10d8\u10da\u10dd\u10d1\u10d7, \u10e9\u10d5\u10d4\u10dc\u10d8 \u10ea\u10d8\u10e4\u10e0\u10e3\u10da\u10d8 \u10e7\u10dd\u10e4\u10dc\u10d0 \u10e7\u10d5\u10d4\u10da\u10d0\u10e1\u10d7\u10d5\u10d8\u10e1 \u10e3\u10e4\u10e0\u10dd \u10ee\u10d4\u10da\u10db\u10d8\u10e1\u10d0\u10ec\u10d5\u10d3\u10dd\u10db\u10d8 \u10d2\u10d0\u10d5\u10ee\u10d0\u10d3\u10dd\u10d7 \u10d3\u10d0 \u10d2\u10db\u10d0\u10d3\u10da\u10dd\u10d1\u10d7 \u10d7\u10e5\u10d5\u10d4\u10dc\u10d8 \u10d2\u10d0\u10db\u10dd\u10ee\u10db\u10d0\u10e3\u10e0\u10d4\u10d1\u10d8\u10e1\u10d7\u10d5\u10d8\u10e1!<\/p>\n<div class=\"gsp_post_data\" \r\n\t            data-post_type=\"page\" \r\n\t            data-cat=\"\" \r\n\t            data-modified=\"120\"\r\n\t            data-created=\"1750852070\"\r\n\t            data-title=\"Barrierefreiheitserkl\u00e4rung\" \r\n\t            data-home=\"https:\/\/info-to-go.binational-leipzig.de\/ka\"><\/div>","protected":false},"excerpt":{"rendered":"<p>Erkl\u00e4rung zur Barrierefreiheit Verband binationaler Familien und Partnerschaften, iaf e.V. Gesch\u00e4fts- und Beratungsstelle Leipzig&nbsp;ist bestrebt, ihre Website in \u00dcbereinstimmung mit den gesetzlichen Vorgaben zur Barrierefreiheit nutzbar zu machen. Diese Erkl\u00e4rung zur Barrierefreiheit gilt f\u00fcr die Website&nbsp;binational-leipzig.de Stand der Vereinbarkeit mit den Anforderungen Diese Website ist&nbsp;teilweise&nbsp;mit den Anforderungen der&nbsp;Barrierefreie-Informationstechnik-Verordnung (BITV 2.0) sowie der EU-Richtlinie 2016\/2102&nbsp;vereinbar. Wir [&hellip;]<\/p>\n","protected":false},"author":2,"featured_media":0,"parent":0,"menu_order":0,"comment_status":"closed","ping_status":"closed","template":"","meta":{"footnotes":""},"categories":[],"tags":[],"class_list":["post-598","page","type-page","status-publish","hentry"],"_links":{"self":[{"href":"https:\/\/info-to-go.binational-leipzig.de\/ka\/wp-json\/wp\/v2\/pages\/598","targetHints":{"allow":["GET"]}}],"collection":[{"href":"https:\/\/info-to-go.binational-leipzig.de\/ka\/wp-json\/wp\/v2\/pages"}],"about":[{"href":"https:\/\/info-to-go.binational-leipzig.de\/ka\/wp-json\/wp\/v2\/types\/page"}],"author":[{"embeddable":true,"href":"https:\/\/info-to-go.binational-leipzig.de\/ka\/wp-json\/wp\/v2\/users\/2"}],"replies":[{"embeddable":true,"href":"https:\/\/info-to-go.binational-leipzig.de\/ka\/wp-json\/wp\/v2\/comments?post=598"}],"version-history":[{"count":1,"href":"https:\/\/info-to-go.binational-leipzig.de\/ka\/wp-json\/wp\/v2\/pages\/598\/revisions"}],"predecessor-version":[{"id":599,"href":"https:\/\/info-to-go.binational-leipzig.de\/ka\/wp-json\/wp\/v2\/pages\/598\/revisions\/599"}],"wp:attachment":[{"href":"https:\/\/info-to-go.binational-leipzig.de\/ka\/wp-json\/wp\/v2\/media?parent=598"}],"wp:term":[{"taxonomy":"category","embeddable":true,"href":"https:\/\/info-to-go.binational-leipzig.de\/ka\/wp-json\/wp\/v2\/categories?post=598"},{"taxonomy":"post_tag","embeddable":true,"href":"https:\/\/info-to-go.binational-leipzig.de\/ka\/wp-json\/wp\/v2\/tags?post=598"}],"curies":[{"name":"wp","href":"https:\/\/api.w.org\/{rel}","templated":true}]}}