{"id":105,"date":"2023-07-10T15:12:30","date_gmt":"2023-07-10T13:12:30","guid":{"rendered":"https:\/\/sprijin.binational-leipzig.de\/?page_id=105"},"modified":"2025-08-26T16:33:21","modified_gmt":"2025-08-26T14:33:21","slug":"start","status":"publish","type":"page","link":"https:\/\/info-to-go.binational-leipzig.de\/ku\/","title":{"rendered":"destp\u00eakirin"},"content":{"rendered":"<h2 class=\"wp-block-heading has-text-align-center\">H\u00fbn bi x\u00ear hatin Leipzig \u00fb bi x\u00ear hatin r\u00fbpela me ya agahdariy\u00ea!<\/h2>\n\n\n\n<p class=\"has-text-align-center\">Li vir h\u00fbn \u00ea li ser mijar\u00ean cih\u00eareng \u00ean ku ji bo jiyana li Leipzig gir\u00eeng in, n\u00ear\u00eenek bib\u00eenin.<\/p>\n\n\n\n<p class=\"has-text-align-center wirlink has-white-background-color has-background\"><a href=\"https:\/\/info-to-go.binational-leipzig.de\/ku\/wer-wir-sind\/\" data-type=\"page\" data-id=\"285\"><strong>Em k\u00ee ne<\/strong><\/a><\/p>\n\n\n\n<p><\/p>\n<div class=\"gsp_post_data\" \r\n\t            data-post_type=\"page\" \r\n\t            data-cat=\"\" \r\n\t            data-modified=\"120\"\r\n\t            data-created=\"1689001950\"\r\n\t            data-title=\"Start\" \r\n\t            data-home=\"https:\/\/info-to-go.binational-leipzig.de\/ku\"><\/div>","protected":false},"excerpt":{"rendered":"<p>Bi x\u00ear hatin Leipzig\u00ea \u00fb bi x\u00ear hatin r\u00fbpela me ya agahdariy\u00ea! Li vir h\u00fbn \u00ea nih\u00ear\u00eenek gi\u015ft\u00ee li ser mijar\u00ean c\u00fbrbec\u00fbr \u00ean ku ji bo jiyana li Leipzig\u00ea gir\u00eeng in bib\u00eenin. Em k\u00ee ne<\/p>","protected":false},"author":1,"featured_media":0,"parent":0,"menu_order":0,"comment_status":"closed","ping_status":"closed","template":"","meta":{"footnotes":""},"categories":[],"tags":[],"class_list":["post-105","page","type-page","status-publish","hentry"],"_links":{"self":[{"href":"https:\/\/info-to-go.binational-leipzig.de\/ku\/wp-json\/wp\/v2\/pages\/105","targetHints":{"allow":["GET"]}}],"collection":[{"href":"https:\/\/info-to-go.binational-leipzig.de\/ku\/wp-json\/wp\/v2\/pages"}],"about":[{"href":"https:\/\/info-to-go.binational-leipzig.de\/ku\/wp-json\/wp\/v2\/types\/page"}],"author":[{"embeddable":true,"href":"https:\/\/info-to-go.binational-leipzig.de\/ku\/wp-json\/wp\/v2\/users\/1"}],"replies":[{"embeddable":true,"href":"https:\/\/info-to-go.binational-leipzig.de\/ku\/wp-json\/wp\/v2\/comments?post=105"}],"version-history":[{"count":12,"href":"https:\/\/info-to-go.binational-leipzig.de\/ku\/wp-json\/wp\/v2\/pages\/105\/revisions"}],"predecessor-version":[{"id":349,"href":"https:\/\/info-to-go.binational-leipzig.de\/ku\/wp-json\/wp\/v2\/pages\/105\/revisions\/349"}],"wp:attachment":[{"href":"https:\/\/info-to-go.binational-leipzig.de\/ku\/wp-json\/wp\/v2\/media?parent=105"}],"wp:term":[{"taxonomy":"category","embeddable":true,"href":"https:\/\/info-to-go.binational-leipzig.de\/ku\/wp-json\/wp\/v2\/categories?post=105"},{"taxonomy":"post_tag","embeddable":true,"href":"https:\/\/info-to-go.binational-leipzig.de\/ku\/wp-json\/wp\/v2\/tags?post=105"}],"curies":[{"name":"wp","href":"https:\/\/api.w.org\/{rel}","templated":true}]}}