{"id":25,"date":"2023-07-09T23:02:05","date_gmt":"2023-07-09T21:02:05","guid":{"rendered":"https:\/\/sprijin.binational-leipzig.de\/?page_id=25"},"modified":"2025-11-28T22:44:55","modified_gmt":"2025-11-28T21:44:55","slug":"kinder-und-familie","status":"publish","type":"page","link":"https:\/\/info-to-go.binational-leipzig.de\/ku\/start\/soziales\/kinder-und-familie\/","title":{"rendered":"Zarok \u00fb malbat"},"content":{"rendered":"<div class=\"wp-block-esab-accordion accordion-28ab7e5b\" data-mode=\"global\"><div class=\"esab__container\">\n<div class=\"wp-block-esab-accordion-child\"><div class=\"esab__head\" role=\"button\" aria-expanded=\"false\"><div class=\"esab__heading_txt\"><h2 class=\"esab__heading_tag\">Ez ducan\u00ee me. Derew\u00een\u00ea bedew \u00fb bi\u00e7\u00fbk?\u00a0<\/h2><\/div><div class=\"esab__icon\"><div class=\"esab__collapse\"> <svg version=\"1.2\" viewbox=\"0 0 24 24\" width=\"24\" height=\"24\"><path fill-rule=\"evenodd\" d=\"m3.5 20.5c-4.7-4.7-4.7-12.3 0-17 4.7-4.7 12.3-4.7 17 0 4.6 4.7 4.6 12.3 0 17-4.7 4.6-12.3 4.6-17 0zm0.9-0.9c4.2 4.2 11 4.2 15.2 0 4.2-4.2 4.2-11 0-15.2-4.2-4.3-11-4.3-15.2 0-4.3 4.2-4.3 11 0 15.2z\"><\/path><path d=\"m11.4 15.9v-3.3h-3.3c-0.3 0-0.6-0.3-0.6-0.6 0-0.4 0.3-0.6 0.6-0.6h3.3v-3.3c0-0.3 0.3-0.6 0.6-0.6 0.3 0 0.6 0.3 0.6 0.6v3.3h3.3c0.3 0 0.6 0.2 0.6 0.6q0 0.2-0.2 0.4-0.2 0.2-0.4 0.2h-3.3v3.3q0 0.2-0.2 0.4-0.2 0.2-0.4 0.2c-0.4 0-0.6-0.3-0.6-0.6z\"><\/path><\/svg> <\/div><div class=\"esab__expand\"> <svg version=\"1.2\" viewbox=\"0 0 24 24\" width=\"24\" height=\"24\"><path fill-rule=\"evenodd\" d=\"m12 24c-6.6 0-12-5.4-12-12 0-6.6 5.4-12 12-12 6.6 0 12 5.4 12 12 0 6.6-5.4 12-12 12zm10.6-12c0-5.9-4.7-10.6-10.6-10.6-5.9 0-10.6 4.7-10.6 10.6 0 5.9 4.7 10.6 10.6 10.6 5.9 0 10.6-4.7 10.6-10.6z\"><\/path><path d=\"m5.6 11.3h12.8v1.4h-12.8z\"><\/path><\/svg> <\/div><\/div><\/div><div class=\"esab__body\">\n<p>Heke h\u00fbn ducan\u00ee ne, h\u00fbn dikarin gelek agahdar\u00ee ji navendeke \u015f\u00eawirmendiya ducaniy\u00ea bist\u00eenin. Ev li... hene. <a href=\"https:\/\/www.awo-leipzig-stadt.de\/hilfe-zur-erziehung\/schwangerenberatung\/\" target=\"_blank\" rel=\"noopener\">AWO<\/a>, <a href=\"https:\/\/www.caritas-leipzig.de\/hilfeundberatung\/kinderjugendlicheundfamilien\/beratungsangebote\/schwangerschaft\/schwangerschaft\" target=\"_blank\" rel=\"noopener\">Caritas<\/a>, <a href=\"https:\/\/www.diakonie-leipzig.de\/hilfe-angebote\/kinder-jugendliche-familien\/schwangerenberatung\/\" target=\"_blank\" rel=\"noopener\">Diakonie<\/a>, <a href=\"https:\/\/leipzig.donumvitae.org\/\" target=\"_blank\" rel=\"noopener\">Donum Vitae<\/a>, <a href=\"https:\/\/www.drk-leipzig.de\/schwangeren-und-familienberatungsstelle.html\" target=\"_blank\" rel=\"noopener\">Xa\u00e7a Sor a Alman\u00ee<\/a> \u00fb <a href=\"https:\/\/www.profamilia.de\/angebote-vor-ort\/sachsen\/beratungsstelle-leipzig\" target=\"_blank\" rel=\"noopener\">Pro Familia<\/a>. Ji bo jin\u00ean ducan\u00ee li [nav\u00ea r\u00eaxistin\u00ea] xizmeteke \u015f\u00eawirmendiya serh\u00eal heye. <a href=\"https:\/\/beratung.caritas.de\/schwangerschaftsberatung\/registration?aid=460\" target=\"_blank\" rel=\"noopener\">Caritas <\/a>\u00fb <a href=\"https:\/\/beratung.diakonie.de\/registration\" target=\"_blank\" rel=\"noopener\">Diakonie<\/a>. Ev belavok van navend\u00ean \u015f\u00eeretan navn\u00ee\u015f dike \u00fb navn\u00ee\u015fek kontrol\u00ea ya her ti\u015ft\u00ea gir\u00eeng ber\u00ee \u00fb pi\u015ft\u00ee zay\u00een\u00ea vedihew\u00eene:<\/p>\n\n\n\n<figure class=\"wp-block-gallery has-nested-images columns-default is-cropped wp-block-gallery-1 is-layout-flex wp-block-gallery-is-layout-flex\">\n<figure class=\"wp-block-image size-large\"><img loading=\"lazy\" decoding=\"async\" width=\"1024\" height=\"538\" data-id=\"729\" src=\"https:\/\/info-to-go.binational-leipzig.de\/wp-content\/uploads\/2025\/11\/Flyer-Checkliste-Schwanger-2023_page-0001-1024x538.jpg\" alt=\"\" class=\"wp-image-729\" srcset=\"https:\/\/info-to-go.binational-leipzig.de\/wp-content\/uploads\/2025\/11\/Flyer-Checkliste-Schwanger-2023_page-0001-1024x538.jpg 1024w, https:\/\/info-to-go.binational-leipzig.de\/wp-content\/uploads\/2025\/11\/Flyer-Checkliste-Schwanger-2023_page-0001-300x158.jpg 300w, https:\/\/info-to-go.binational-leipzig.de\/wp-content\/uploads\/2025\/11\/Flyer-Checkliste-Schwanger-2023_page-0001-768x403.jpg 768w, https:\/\/info-to-go.binational-leipzig.de\/wp-content\/uploads\/2025\/11\/Flyer-Checkliste-Schwanger-2023_page-0001-1536x807.jpg 1536w, https:\/\/info-to-go.binational-leipzig.de\/wp-content\/uploads\/2025\/11\/Flyer-Checkliste-Schwanger-2023_page-0001-2048x1076.jpg 2048w, https:\/\/info-to-go.binational-leipzig.de\/wp-content\/uploads\/2025\/11\/Flyer-Checkliste-Schwanger-2023_page-0001-18x9.jpg 18w\" sizes=\"auto, (max-width: 1024px) 100vw, 1024px\" \/><\/figure>\n\n\n\n<figure class=\"wp-block-image size-large\"><img loading=\"lazy\" decoding=\"async\" width=\"1024\" height=\"538\" data-id=\"728\" src=\"https:\/\/info-to-go.binational-leipzig.de\/wp-content\/uploads\/2025\/11\/Flyer-Checkliste-Schwanger-2023_page-0002-1024x538.jpg\" alt=\"\" class=\"wp-image-728\" srcset=\"https:\/\/info-to-go.binational-leipzig.de\/wp-content\/uploads\/2025\/11\/Flyer-Checkliste-Schwanger-2023_page-0002-1024x538.jpg 1024w, https:\/\/info-to-go.binational-leipzig.de\/wp-content\/uploads\/2025\/11\/Flyer-Checkliste-Schwanger-2023_page-0002-300x158.jpg 300w, https:\/\/info-to-go.binational-leipzig.de\/wp-content\/uploads\/2025\/11\/Flyer-Checkliste-Schwanger-2023_page-0002-768x403.jpg 768w, https:\/\/info-to-go.binational-leipzig.de\/wp-content\/uploads\/2025\/11\/Flyer-Checkliste-Schwanger-2023_page-0002-1536x807.jpg 1536w, https:\/\/info-to-go.binational-leipzig.de\/wp-content\/uploads\/2025\/11\/Flyer-Checkliste-Schwanger-2023_page-0002-2048x1076.jpg 2048w, https:\/\/info-to-go.binational-leipzig.de\/wp-content\/uploads\/2025\/11\/Flyer-Checkliste-Schwanger-2023_page-0002-18x9.jpg 18w\" sizes=\"auto, (max-width: 1024px) 100vw, 1024px\" \/><\/figure>\n<\/figure>\n\n\n\n<p>Navendeke \u015f\u00eawirmendiya ducaniy\u00ea dikare di tevahiya ducaniy\u00ea de al\u00eekariya we bike. Ger h\u00fbn li ser kurtaj\u00ea difikirin, ew dikarin pi\u015ftgir\u00eey\u00ea j\u00ee peyda bikin. \u015e\u00eawirmend\u00ee b\u00eapere ye \u00fb dikare bi ziman\u00ean din j\u00ee were kirin.<\/p>\n\n\n\n<p>Eger di dema ducaniy\u00ea de pi\u015ftgiriya daray\u00ee hewce bike, \u00e7end vebijark hene. Ger h\u00fbn ji Jobcenter s\u00fbd werbigirin, h\u00fbn dikarin di dema ducaniy\u00ea de ji bo pi\u015ftgiriya z\u00eade serl\u00eadan bikin. Ev pi\u015ftgir\u00ee ji hefteya 13-an a ducaniy\u00ea ve peyda dibe \u00fb j\u00ea re &quot;p\u00eadiviy\u00ean z\u00eade di dema ducaniy\u00ea de&quot; t\u00ea gotin. H\u00fbn \u00ea hewce bikin ku kopiyek ji qeyda xwe ya dayiktiy\u00ea wek\u00ee del\u00eela ducaniy\u00ea p\u00ea\u015fk\u00ea\u015f bikin. Her weha h\u00fbn dikarin ji Jobcenter ji bo cil \u00fb berg \u00fb ti\u015ft\u00ean pitikan al\u00eekariya daray\u00ee bist\u00eenin. Ev al\u00eekar\u00ee wek\u00ee &quot;am\u00fbr\u00ean destp\u00eak\u00ea ji bo ducaniy\u00ea \u00fb zay\u00een\u00ea&quot; t\u00ea binavkirin. <\/p>\n\n\n\n<p><\/p>\n\n\n\n<p>Eger tu zewic\u00ee b\u00ee, m\u00ear\u00ea te bixweber wek bav\u00ea zarok t\u00ea hesibandin.<br>Eger h\u00fbn ne zewic\u00ee ne, div\u00ea bav\u00ea zarok bav\u00eetiy\u00ea qeb\u00fbl bike.<br>Naskirina bav\u00eetiy\u00ea t\u00ea v\u00ea watey\u00ea ku bav xwed\u00ee hin maf \u00fb erk in.<\/p>\n\n\n\n<p>Eger tu zewic\u00ee b\u00ee, tu bixweber bi m\u00ear\u00ea xwe re xwed\u00ee welayeta hevbe\u015f \u00ee.<br>Eger tu ne zewic\u00ee y\u00ee, div\u00ea tu li ser welayeta zarok bi bav\u00ea re n\u00eeqa\u015f bik\u00ee.<br>Eger h\u00fbn biryara welayeta hevbe\u015f bidin, v\u00ea yek\u00ea bi r\u00eaya daxuyaniyek welayet\u00ea bi bav re ferm\u00ee bikin.<\/p>\n\n\n\n<p>Tu d\u00ea li of\u00eesa xizmetguzariya ciwanan bi bav\u00ea zarok re li ser qeb\u00fblkirina bav\u00eetiy\u00ea \u00fb daxuyaniya welayet\u00ea bik\u00ee.<br>Ev ti\u015ft\u00ean pir gir\u00eeng in \u00fb gir\u00eeng e ku h\u00fbn \u00fb bav di randev\u00fby\u00ea de her ti\u015ft\u00ee f\u00eam bikin.<br>Eger h\u00fbn \u00fb\/an bav\u00ea zarok\u00ea z\u00eade bi Alman\u00ee nizanin, Da\u00eereya Xizmetguzariya Ciwanan dikare werg\u00earek\u00ee peyda bike.<br><a href=\"https:\/\/www.leipzig.de\/jugend-familie-und-soziales\/kinder-jugend-und-elternhilfe\/unterhalts-und-sorgerecht\/beurkundungen\" target=\"_blank\" rel=\"noreferrer noopener\">Vir<\/a> Agahiy\u00ean b\u00eatir \u00fb agahdariy\u00ean t\u00eakiliy\u00ea ji Of\u00eesa Xizmetguzariya Ciwanan a Leipzig\u00ea hene.<\/p>\n<\/div><\/div>\n\n\n\n<div class=\"wp-block-esab-accordion-child\"><div class=\"esab__head\" role=\"button\" aria-expanded=\"false\"><div class=\"esab__heading_txt\"><h2 class=\"esab__heading_tag\">Ez \u00e7awa dikarim ji bo zarok\u00ea\/a xwe navendeke l\u00ean\u00ear\u00eena rojane bib\u00eenim?<\/h2><\/div><div class=\"esab__icon\"><div class=\"esab__collapse\"> <svg version=\"1.2\" viewbox=\"0 0 24 24\" width=\"24\" height=\"24\"><path fill-rule=\"evenodd\" d=\"m3.5 20.5c-4.7-4.7-4.7-12.3 0-17 4.7-4.7 12.3-4.7 17 0 4.6 4.7 4.6 12.3 0 17-4.7 4.6-12.3 4.6-17 0zm0.9-0.9c4.2 4.2 11 4.2 15.2 0 4.2-4.2 4.2-11 0-15.2-4.2-4.3-11-4.3-15.2 0-4.3 4.2-4.3 11 0 15.2z\"><\/path><path d=\"m11.4 15.9v-3.3h-3.3c-0.3 0-0.6-0.3-0.6-0.6 0-0.4 0.3-0.6 0.6-0.6h3.3v-3.3c0-0.3 0.3-0.6 0.6-0.6 0.3 0 0.6 0.3 0.6 0.6v3.3h3.3c0.3 0 0.6 0.2 0.6 0.6q0 0.2-0.2 0.4-0.2 0.2-0.4 0.2h-3.3v3.3q0 0.2-0.2 0.4-0.2 0.2-0.4 0.2c-0.4 0-0.6-0.3-0.6-0.6z\"><\/path><\/svg> <\/div><div class=\"esab__expand\"> <svg version=\"1.2\" viewbox=\"0 0 24 24\" width=\"24\" height=\"24\"><path fill-rule=\"evenodd\" d=\"m12 24c-6.6 0-12-5.4-12-12 0-6.6 5.4-12 12-12 6.6 0 12 5.4 12 12 0 6.6-5.4 12-12 12zm10.6-12c0-5.9-4.7-10.6-10.6-10.6-5.9 0-10.6 4.7-10.6 10.6 0 5.9 4.7 10.6 10.6 10.6 5.9 0 10.6-4.7 10.6-10.6z\"><\/path><path d=\"m5.6 11.3h12.8v1.4h-12.8z\"><\/path><\/svg> <\/div><\/div><\/div><div class=\"esab__body\">\n<p>Zarok ne mecb\u00fbr in ku bi\u00e7in bax\u00e7ey\u00ea zarokan. D\u00ea \u00fb bav biryar didin ka zarok\u00ea wan keng\u00ee div\u00ea bi\u00e7e kre\u015f\u00ea \u00fb gelo ew \u00ea bi\u00e7e w\u00ea der\u00ea.<br>Mecb\u00fbr\u00ee ten\u00ea di dibistana seretay\u00ee de t\u00ea.<br>Eger zarokek di 30\u00ea Hez\u00eeran\u00ea de \u015fe\u015f sal\u00ee be, div\u00ea ew sal\u00ea dest bi dibistana seretay\u00ee bike.<\/p>\n\n\n\n<p>Kita kurtenav\u00ea &quot;day care tes\u00ees&quot; e. Du be\u015f hene:<\/p>\n\n\n\n<p>Bax\u00e7ey\u00ea zarokan: ji bo zarok\u00ean ji 0 heta 3 sal\u00ee <\/p>\n\n\n\n<p>Bax\u00e7ey\u00ea Zarokan: Ji bo zarok\u00ean ji 3 sal\u00ee heta temen\u00ea dibistan\u00ea<\/p>\n\n\n\n<p>Eger h\u00fbn li Leipzig\u00ea li cihek\u00ee l\u00ean\u00ear\u00eena rojane digerin, zarok\u00ea xwe li ser qeyd bikin. <a href=\"https:\/\/www.meinkitaplatz-leipzig.de\/app\/de\/home\/index\" target=\"_blank\" rel=\"noreferrer noopener\">cih\u00ea l\u00ean\u00ear\u00eena zarokan a min<\/a> ber.<br>D\u00fbv re h\u00fbn dikarin navend\u00ean l\u00ean\u00ear\u00eena rojane hilbij\u00earin.<br>Eger ji bo qeydkirin\u00ea an d\u00eetina cihek\u00ee al\u00eekar\u00eey\u00ea hewce bik\u00ee, tu dikar\u00ee al\u00eekar\u00eey\u00ea li <a href=\"https:\/\/www.leipzig.de\/jugend-familie-und-soziales\/auslaender-und-migranten\/migration-und-integration\/willkommenszentrum\" target=\"_blank\" rel=\"noreferrer noopener\">Navenda Bi x\u00ear hat\u00ee<\/a> yan j\u00ee li <a href=\"https:\/\/www.leipzig.de\/jugend-familie-und-soziales\/kinderbetreuung\/kindertagesstaetten\" target=\"_blank\" rel=\"noreferrer noopener\">Niv\u00eesgeha Xizmetguzariya Ciwanan<\/a>.<\/p>\n\n\n\n<p>Of\u00eesa Xizmetguzariya Ciwanan xwed\u00ee r\u00eagezek e <a href=\"https:\/\/static.leipzig.de\/fileadmin\/mediendatenbank\/leipzig-de\/Stadt\/02.5_Dez5_Jugend_Soziales_Gesundheit_Schule\/51_Amt_fuer_Jugend_Familie_und_Bildung\/Familieninfobuero\/Kitabroschuere_Leipzig-viersprachig.pdf\" target=\"_blank\" rel=\"noreferrer noopener\">pirt\u00fbkok<\/a> bo navend\u00ean l\u00ean\u00ear\u00eena rojane li Leipzig \u00fb <a href=\"https:\/\/static.leipzig.de\/fileadmin\/mediendatenbank\/leipzig-de\/Stadt\/02.5_Dez5_Jugend_Soziales_Gesundheit_Schule\/51_Amt_fuer_Jugend_Familie_und_Bildung\/Kita\/Kita_Einstieg_FAQ_Deutsch.pdf\" target=\"_blank\" rel=\"noreferrer noopener\">vir<\/a> bersiva gelek pirs\u00ean li ser w\u00ea da.<\/p>\n<\/div><\/div>\n\n\n\n<div class=\"wp-block-esab-accordion-child\"><div class=\"esab__head\" role=\"button\" aria-expanded=\"false\"><div class=\"esab__heading_txt\"><h2 class=\"esab__heading_tag\">Pi\u015ftgiriya abor\u00ee ji bo malbatan \u00e7i cure ye?\u00a0<\/h2><\/div><div class=\"esab__icon\"><div class=\"esab__collapse\"> <svg version=\"1.2\" viewbox=\"0 0 24 24\" width=\"24\" height=\"24\"><path fill-rule=\"evenodd\" d=\"m3.5 20.5c-4.7-4.7-4.7-12.3 0-17 4.7-4.7 12.3-4.7 17 0 4.6 4.7 4.6 12.3 0 17-4.7 4.6-12.3 4.6-17 0zm0.9-0.9c4.2 4.2 11 4.2 15.2 0 4.2-4.2 4.2-11 0-15.2-4.2-4.3-11-4.3-15.2 0-4.3 4.2-4.3 11 0 15.2z\"><\/path><path d=\"m11.4 15.9v-3.3h-3.3c-0.3 0-0.6-0.3-0.6-0.6 0-0.4 0.3-0.6 0.6-0.6h3.3v-3.3c0-0.3 0.3-0.6 0.6-0.6 0.3 0 0.6 0.3 0.6 0.6v3.3h3.3c0.3 0 0.6 0.2 0.6 0.6q0 0.2-0.2 0.4-0.2 0.2-0.4 0.2h-3.3v3.3q0 0.2-0.2 0.4-0.2 0.2-0.4 0.2c-0.4 0-0.6-0.3-0.6-0.6z\"><\/path><\/svg> <\/div><div class=\"esab__expand\"> <svg version=\"1.2\" viewbox=\"0 0 24 24\" width=\"24\" height=\"24\"><path fill-rule=\"evenodd\" d=\"m12 24c-6.6 0-12-5.4-12-12 0-6.6 5.4-12 12-12 6.6 0 12 5.4 12 12 0 6.6-5.4 12-12 12zm10.6-12c0-5.9-4.7-10.6-10.6-10.6-5.9 0-10.6 4.7-10.6 10.6 0 5.9 4.7 10.6 10.6 10.6 5.9 0 10.6-4.7 10.6-10.6z\"><\/path><path d=\"m5.6 11.3h12.8v1.4h-12.8z\"><\/path><\/svg> <\/div><\/div><\/div><div class=\"esab__body\">\n<p>Ji bo malbatan feydey\u00ean c\u00fbda y\u00ean abor\u00ee hene.&nbsp;<\/p>\n\n\n\n<p>Gelek kes bi al\u00eekariya al\u00eekariya zarokan re nas dikin.<br>Welatiy\u00ean YE dikarin li Almanya perey\u00ea zarokan bist\u00eenin, her \u00e7end zarok li welatek\u00ee din bij\u00een j\u00ee.<\/p>\n\n\n\n<p>Feydey\u00ean din \u00ean gengaz l\u00eaz\u00eadekirina zarokan, m\u00fb\u00e7eya d\u00ea\u00fbbavan, p\u00ea\u015fde\u00e7\u00fbna debara jiyan\u00ea \u00fb m\u00fb\u00e7eya zarokan a dewlet\u00ea ne.<br><a href=\"https:\/\/familienportal.de\/familienportal\/familienleistungen\" target=\"_blank\" rel=\"noreferrer noopener\">Vir<\/a> piraniya feydey\u00ean malbat\u00ea t\u00eane ravekirin.<br><a href=\"https:\/\/static.leipzig.de\/fileadmin\/mediendatenbank\/leipzig-de\/Stadt\/02.5_Dez5_Jugend_Soziales_Gesundheit_Schule\/51_Amt_fuer_Jugend_Familie_und_Bildung\/Familieninfobuero\/Broschuere\" target=\"_blank\" rel=\"noreferrer noopener\">Vir<\/a> Bro\u015f\u00fbrek pirziman\u00ee ji Of\u00eesa Xizmetguzariya Ciwanan a Leipzig\u00ea heye.<\/p>\n\n\n\n<p>Perey\u00ea zarokan \u00ea dewlet\u00ea li her der\u00ea Almanya peyda nabe.<br>Li Leipzig\u00ea, heke yek ji d\u00ea\u00fbbavan li mal\u00ea bim\u00eene \u00fb li zarok bin\u00eare, pere ji bo d\u00ea\u00fbbav\u00ean zarok\u00ean 1-2 sal\u00ee peyda dibe.<br>Ew \u00e7iqas pere ye? Ew bi temen\u00ea zarok \u00fb \u00e7end zarok\u00ean we ve gir\u00eaday\u00ee ye.<br><a href=\"https:\/\/www.familie.sachsen.de\/landeserziehungsgeld.html?_cp=%7B%22accordion-content-5838%22%3A%7B%221%22%3Atrue%2C%222%22%3Atrue%7D%2C%22previousOpen%22%3A%7B%22group%22%3A%22accordion-content-5838%22%2C%22idx%22%3A1%7D%7D\" target=\"_blank\" rel=\"noreferrer noopener\">Vir<\/a> bi berfireh\u00ee t\u00ea ravekirin.<\/p>\n<\/div><\/div>\n\n\n\n<div class=\"wp-block-esab-accordion-child\"><div class=\"esab__head\" role=\"button\" aria-expanded=\"false\"><div class=\"esab__heading_txt\"><h2 class=\"esab__heading_tag\">Di malbata min de zehmet\u00ee hene. K\u00ee d\u00ea di v\u00ea yek\u00ea de al\u00eekariya me bike?<\/h2><\/div><div class=\"esab__icon\"><div class=\"esab__collapse\"> <svg version=\"1.2\" viewbox=\"0 0 24 24\" width=\"24\" height=\"24\"><path fill-rule=\"evenodd\" d=\"m3.5 20.5c-4.7-4.7-4.7-12.3 0-17 4.7-4.7 12.3-4.7 17 0 4.6 4.7 4.6 12.3 0 17-4.7 4.6-12.3 4.6-17 0zm0.9-0.9c4.2 4.2 11 4.2 15.2 0 4.2-4.2 4.2-11 0-15.2-4.2-4.3-11-4.3-15.2 0-4.3 4.2-4.3 11 0 15.2z\"><\/path><path d=\"m11.4 15.9v-3.3h-3.3c-0.3 0-0.6-0.3-0.6-0.6 0-0.4 0.3-0.6 0.6-0.6h3.3v-3.3c0-0.3 0.3-0.6 0.6-0.6 0.3 0 0.6 0.3 0.6 0.6v3.3h3.3c0.3 0 0.6 0.2 0.6 0.6q0 0.2-0.2 0.4-0.2 0.2-0.4 0.2h-3.3v3.3q0 0.2-0.2 0.4-0.2 0.2-0.4 0.2c-0.4 0-0.6-0.3-0.6-0.6z\"><\/path><\/svg> <\/div><div class=\"esab__expand\"> <svg version=\"1.2\" viewbox=\"0 0 24 24\" width=\"24\" height=\"24\"><path fill-rule=\"evenodd\" d=\"m12 24c-6.6 0-12-5.4-12-12 0-6.6 5.4-12 12-12 6.6 0 12 5.4 12 12 0 6.6-5.4 12-12 12zm10.6-12c0-5.9-4.7-10.6-10.6-10.6-5.9 0-10.6 4.7-10.6 10.6 0 5.9 4.7 10.6 10.6 10.6 5.9 0 10.6-4.7 10.6-10.6z\"><\/path><path d=\"m5.6 11.3h12.8v1.4h-12.8z\"><\/path><\/svg> <\/div><\/div><\/div><div class=\"esab__body\">\n<p>Carinan mezinkirina zarokan dijwar be an j\u00ee di navbera d\u00ea \u00fb bavan de nakok\u00ee hebin.<br>Di rew\u015f\u00ean weha de, \u00e7\u00eatir e ku meriv bi navendek \u015f\u00eawirmendiya malbat\u00ea re t\u00eakil\u00ee daynin.<\/p>\n\n\n\n<p>Navend\u00ean \u015f\u00eawirmendiya malbat\u00ee di rew\u015f\u00ean weha de xwed\u00ee ezm\u00fbneke mezin in.<br>Al\u00eekar\u00ee b\u00eapere ye \u00fb karmend pir caran bi ziman\u00ean din diaxivin.<br><a href=\"https:\/\/static.leipzig.de\/fileadmin\/mediendatenbank\/leipzig-de\/Stadt\/02.5_Dez5_Jugend_Soziales_Gesundheit_Schule\/51_Amt_fuer_Jugend_Familie_und_Bildung\/Familieninfobuero\/Flyer-Erziehungsberatungsstellen-2020.pdf\" target=\"_blank\" rel=\"noopener\">Vir<\/a> Hem\u00fb navend\u00ean \u015f\u00eawirmendiya malbat\u00ee li Leipzig\u00ea hatine navn\u00ee\u015fkirin.<\/p>\n<\/div><\/div>\n\n\n\n<div class=\"wp-block-esab-accordion-child\"><div class=\"esab__head\" role=\"button\" aria-expanded=\"false\"><div class=\"esab__heading_txt\"><h2 class=\"esab__heading_tag\">Of\u00eesa Karmend\u00ean Ciwanan \u00e7i dike?<\/h2><\/div><div class=\"esab__icon\"><div class=\"esab__collapse\"> <svg version=\"1.2\" viewbox=\"0 0 24 24\" width=\"24\" height=\"24\"><path fill-rule=\"evenodd\" d=\"m3.5 20.5c-4.7-4.7-4.7-12.3 0-17 4.7-4.7 12.3-4.7 17 0 4.6 4.7 4.6 12.3 0 17-4.7 4.6-12.3 4.6-17 0zm0.9-0.9c4.2 4.2 11 4.2 15.2 0 4.2-4.2 4.2-11 0-15.2-4.2-4.3-11-4.3-15.2 0-4.3 4.2-4.3 11 0 15.2z\"><\/path><path d=\"m11.4 15.9v-3.3h-3.3c-0.3 0-0.6-0.3-0.6-0.6 0-0.4 0.3-0.6 0.6-0.6h3.3v-3.3c0-0.3 0.3-0.6 0.6-0.6 0.3 0 0.6 0.3 0.6 0.6v3.3h3.3c0.3 0 0.6 0.2 0.6 0.6q0 0.2-0.2 0.4-0.2 0.2-0.4 0.2h-3.3v3.3q0 0.2-0.2 0.4-0.2 0.2-0.4 0.2c-0.4 0-0.6-0.3-0.6-0.6z\"><\/path><\/svg> <\/div><div class=\"esab__expand\"> <svg version=\"1.2\" viewbox=\"0 0 24 24\" width=\"24\" height=\"24\"><path fill-rule=\"evenodd\" d=\"m12 24c-6.6 0-12-5.4-12-12 0-6.6 5.4-12 12-12 6.6 0 12 5.4 12 12 0 6.6-5.4 12-12 12zm10.6-12c0-5.9-4.7-10.6-10.6-10.6-5.9 0-10.6 4.7-10.6 10.6 0 5.9 4.7 10.6 10.6 10.6 5.9 0 10.6-4.7 10.6-10.6z\"><\/path><path d=\"m5.6 11.3h12.8v1.4h-12.8z\"><\/path><\/svg> <\/div><\/div><\/div><div class=\"esab__body\">\n<p>Niv\u00eesgeha xizmetguzariya ciwanan xwed\u00ee erk\u00ea parastina zarok \u00fb ciwanan \u00fb pi\u015ftgiriya d\u00ea\u00fbbavan e.<br>Niv\u00eesgeha Xizmetguzariya Ciwanan gelek be\u015f\u00ean w\u00ea hene, m\u00eenak\u00ee ji bo navend\u00ean l\u00ean\u00ear\u00eena rojane an j\u00ee perey\u00ea d\u00ea\u00fbbavan.<br>Ew \u015f\u00eawirmendiya malbat\u00ee j\u00ee p\u00ea\u015fk\u00ea\u015f dike.<\/p>\n\n\n\n<p>Niv\u00eesgeha xizmetguzariya ciwanan xebatkar\u00ean civak\u00ee dixebit\u00eene ku l\u00ean\u00ear\u00eena xwe\u015fguzariya zarokan dikin.<br>Ev t\u00ea v\u00ea watey\u00ea ku ew pi\u015ftrast dikin ku zarok ba\u015f dike.<br>Eger zarokek di rew\u015fek xeternak de be (xetera zarokan), niv\u00eesgeha xizmetguzariya ciwanan dikare zarok\u00ea bigire bin \u00e7avd\u00eariy\u00ea.<br>Ev t\u00ea v\u00ea watey\u00ea ku zarok heta ku zarok bikaribe vegere malbat\u00ea, li malek\u00ea ku ji h\u00eala niv\u00eesgeha xizmetguzariya ciwanan ve t\u00ea bir\u00eavebirin an j\u00ee li cem malbateke xwed\u00eekir\u00ee dim\u00eene.<br>Dadgeha malbat\u00ea li ser mijar\u00ean wiha biryar dide.<br>Zarok di dema p\u00eavajoy\u00ea de ji n\u00fbnerek\u00ee qan\u00fbn\u00ee al\u00eekar\u00ee werdigire.<br>Ev kes xwed\u00ee erk\u00ea tems\u00eelkirina berjewendiy\u00ean zarokan e.<\/p>\n\n\n\n<p><a href=\"https:\/\/www.unterstuetzung-die-ankommt.de\/de\/mediathek\/broschueren\/\" target=\"_blank\" rel=\"noreferrer noopener\">Vir<\/a> H\u00fbn dikarin agahdariya li ser erk\u00ean Niv\u00eesgeha Refaha Ciwanan bi ziman\u00ean c\u00fbda bixw\u00eenin.<\/p>\n<\/div><\/div>\n<\/div><\/div>\n<div class=\"gsp_post_data\" \r\n\t            data-post_type=\"page\" \r\n\t            data-cat=\"soziales\" \r\n\t            data-modified=\"120\"\r\n\t            data-created=\"1688943725\"\r\n\t            data-title=\"Kinder und Familie\" \r\n\t            data-home=\"https:\/\/info-to-go.binational-leipzig.de\/ku\"><\/div>","protected":false},"excerpt":{"rendered":"","protected":false},"author":1,"featured_media":0,"parent":5,"menu_order":6,"comment_status":"closed","ping_status":"closed","template":"","meta":{"footnotes":""},"categories":[9],"tags":[],"class_list":["post-25","page","type-page","status-publish","hentry","category-soziales"],"_links":{"self":[{"href":"https:\/\/info-to-go.binational-leipzig.de\/ku\/wp-json\/wp\/v2\/pages\/25","targetHints":{"allow":["GET"]}}],"collection":[{"href":"https:\/\/info-to-go.binational-leipzig.de\/ku\/wp-json\/wp\/v2\/pages"}],"about":[{"href":"https:\/\/info-to-go.binational-leipzig.de\/ku\/wp-json\/wp\/v2\/types\/page"}],"author":[{"embeddable":true,"href":"https:\/\/info-to-go.binational-leipzig.de\/ku\/wp-json\/wp\/v2\/users\/1"}],"replies":[{"embeddable":true,"href":"https:\/\/info-to-go.binational-leipzig.de\/ku\/wp-json\/wp\/v2\/comments?post=25"}],"version-history":[{"count":17,"href":"https:\/\/info-to-go.binational-leipzig.de\/ku\/wp-json\/wp\/v2\/pages\/25\/revisions"}],"predecessor-version":[{"id":732,"href":"https:\/\/info-to-go.binational-leipzig.de\/ku\/wp-json\/wp\/v2\/pages\/25\/revisions\/732"}],"up":[{"embeddable":true,"href":"https:\/\/info-to-go.binational-leipzig.de\/ku\/wp-json\/wp\/v2\/pages\/5"}],"wp:attachment":[{"href":"https:\/\/info-to-go.binational-leipzig.de\/ku\/wp-json\/wp\/v2\/media?parent=25"}],"wp:term":[{"taxonomy":"category","embeddable":true,"href":"https:\/\/info-to-go.binational-leipzig.de\/ku\/wp-json\/wp\/v2\/categories?post=25"},{"taxonomy":"post_tag","embeddable":true,"href":"https:\/\/info-to-go.binational-leipzig.de\/ku\/wp-json\/wp\/v2\/tags?post=25"}],"curies":[{"name":"wp","href":"https:\/\/api.w.org\/{rel}","templated":true}]}}