{"id":3,"date":"2024-03-11T13:45:00","date_gmt":"2024-03-11T12:45:00","guid":{"rendered":"https:\/\/sprijin.binational-leipzig.de\/?page_id=3"},"modified":"2024-03-11T13:45:51","modified_gmt":"2024-03-11T12:45:51","slug":"datenschutzerklaerung","status":"publish","type":"page","link":"https:\/\/info-to-go.binational-leipzig.de\/ku\/datenschutzerklaerung\/","title":{"rendered":"Siyaseta Taybet\u00eetiy\u00ea"},"content":{"rendered":"<p><strong>1. Parastina daneyan bi kurtas\u00ee<\/strong><\/p>\n\n\n\n<p><strong><em>Agahiy\u00ean gi\u015ft\u00ee<\/em><\/strong><\/p>\n\n\n\n<p>Agahiy\u00ean j\u00ear\u00een nih\u00ear\u00eenek h\u00easan a ti\u015ft\u00ean ku dema h\u00fbn serdana malpera me dikin bi daney\u00ean we y\u00ean kesane diqewimin peyda dikin. Agahiy\u00ean kesane her daneyek e ku dikare were bikar an\u00een da ku h\u00fbn bi kesane werin naskirin. Ji bo agahdariya berfireh li ser parastina daneyan, ji kerema xwe li siyaseta me ya nepen\u00eetiy\u00ea ya li j\u00ear v\u00ea niv\u00ees\u00ea bin\u00earin.<\/p>\n\n\n\n<p><strong>Berhevkirina daneyan li ser malpera me<\/strong><\/p>\n\n\n\n<p><strong><em>K\u00ee berpirsiyar\u00ea berhevkirina daneyan li ser v\u00ea malper\u00ea ye?<\/em><\/strong><\/p>\n\n\n\n<p>Dan\u00fbstandina daneyan li ser v\u00ea malper\u00ea ji h\u00eala operator\u00ea malper\u00ea ve t\u00ea kirin. H\u00fbn dikarin agahdariy\u00ean t\u00eakiliya wan di \u00e7apkirina v\u00ea malper\u00ea de bib\u00eenin.<\/p>\n\n\n\n<p><strong><em>Em \u00e7awa daney\u00ean we berhev dikin?<\/em><\/strong><\/p>\n\n\n\n<p>Ji aliyek\u00ee ve, daney\u00ean we dema ku h\u00fbn wan ji me re peyda dikin t\u00eane berhev kirin. Ev dikare, bo nim\u00fbne, daney\u00ean ku h\u00fbn di forma t\u00eakiliy\u00ea de t\u00eakevin bin.<\/p>\n\n\n\n<p>Dema ku h\u00fbn serdana malper\u00ea dikin, daney\u00ean din ji h\u00eala pergal\u00ean me y\u00ean IT-\u00ea ve bixweber t\u00eane berhev kirin. Ev bi giran\u00ee daney\u00ean tekn\u00eek\u00ee ne (m\u00eenak geroka \u00eenternet\u00ea, pergala xebitandin\u00ea an dema gih\u00ee\u015ftina r\u00fbpel\u00ea). Ev daneyan gava h\u00fbn dikevin malpera me bixweber t\u00eane berhevkirin.<\/p>\n\n\n\n<p><strong><em>Em daney\u00ean we ji bo \u00e7i bikar t\u00eenin?<\/em><\/strong><\/p>\n\n\n\n<p>Hin ji daneyan t\u00eane berhevkirin da ku malper bi r\u00eak\u00fbp\u00eak bixebite. Dibe ku daney\u00ean din ji bo anal\u00eezkirina tevgera bikarh\u00eaner\u00ea we werin bikar an\u00een.<\/p>\n\n\n\n<p><strong><em>Di derbar\u00ea daney\u00ean we de \u00e7i maf\u00ean we hene?<\/em><\/strong><\/p>\n\n\n\n<p>Maf\u00ea te heye ku di her k\u00ealiy\u00ea de \u00fb b\u00eapere agahdar\u00ee li ser j\u00eaderk, wergir \u00fb armanca daney\u00ean xwe y\u00ean kesane y\u00ean tomarkir\u00ee werbigir\u00ee. Her weha maf\u00ea we heye ku h\u00fbn daxwaza sererastkirin, astengkirin an j\u00eabirina van daneyan bikin. Heke di derbar\u00ea v\u00ea yek\u00ea an pirsgir\u00eak\u00ean din \u00ean t\u00eakildar\u00ee parastina daneyan de pirs\u00ean we hebin, h\u00fbn dikarin her dem bi navn\u00ee\u015fana ku di \u00e7apkirin\u00ea de hat\u00ee day\u00een bi me re t\u00eakil\u00ee daynin. Wek\u00ee din, maf\u00ea we heye ku h\u00fbn gil\u00eenameyek\u00ea li cem dezgeha \u00e7avd\u00eariya berpirsiyar tomar bikin.<\/p>\n\n\n\n<p><strong>2. Agahiy\u00ean gi\u015ft\u00ee \u00fb agahdariy\u00ean mecb\u00fbr\u00ee<\/strong><\/p>\n\n\n\n<p><strong>Parastina daneyan<\/strong><\/p>\n\n\n\n<p>Operator\u00ean van r\u00fbpelan parastina daney\u00ean we y\u00ean kesane pir cid\u00ee digirin. Em daney\u00ean we y\u00ean kesane bi awayek\u00ee nepen\u00ee \u00fb li gor\u00ee r\u00eaziknamey\u00ean parastina daneyan \u00ean qan\u00fbn\u00ee \u00fb v\u00ea siyaseta nepen\u00eetiy\u00ea bi kar t\u00eenin.<\/p>\n\n\n\n<p>Dema ku h\u00fbn v\u00ea malper\u00ea bikar t\u00eenin, daney\u00ean kesane y\u00ean c\u00fbda t\u00eane berhev kirin. Agahiy\u00ean kesane daney\u00ean ku dikarin ji bo nasnameya we ya kesane werin bikar an\u00een in. Ev siyaseta nepen\u00eetiy\u00ea rave dike ka em \u00e7i daneyan berhev dikin \u00fb ji bo \u00e7i em wan bikar t\u00eenin. Ew her wiha rave dike ka ev \u00e7awa \u00fb ji bo \u00e7i armanc\u00ea t\u00ea kirin.<\/p>\n\n\n\n<p>Em dixwazin destn\u00ee\u015fan bikin ku veguhestina daneyan li ser \u00eenternet\u00ea (m\u00eenak dema ku bi e-namey\u00ea re t\u00eakil\u00ee t\u00ea dan\u00een) dibe ku k\u00eamasiy\u00ean ewlehiy\u00ea hebin. Parastina tevah\u00ee ya daneyan ji gih\u00ee\u015ftina aliy\u00ean s\u00eayem\u00een ne gengaz e.<\/p>\n\n\n\n<p><strong><em>T\u00eab\u00een\u00ee li ser saziya berpirsiyar<\/em><\/strong><\/p>\n\n\n\n<p>Dezgeha berpirsiyar ji bo p\u00eavajoya daneyan li ser v\u00ea malper\u00ea ev e:<br>Komeleya Malbat \u00fb Hevpariy\u00ean Dunetewey\u00ee, iaf eV<\/p>\n\n\n\n<p>Ludolfusstra\u00dfe 2 \u2013 4<br>60487 Frankfurt am Main<br>Telefon: +49 (0) 69 713 756 \u2013 0<br>Email: info@verband-binationaler.de<\/p>\n\n\n\n<p>Dezgeha berpirsiyar ew kes\u00ea xwezay\u00ee an yasay\u00ee ye ku bi tena ser\u00ea xwe an bi hevbe\u015f\u00ee bi y\u00ean din re li ser armanc \u00fb r\u00eabaz\u00ean p\u00eavajoya daney\u00ean kesane (wek m\u00eenak nav, navn\u00ee\u015fan\u00ean e-namey\u00ea, hwd.) biryar dide.<\/p>\n\n\n\n<p><strong><em>Betalkirina raz\u00eeb\u00fbna we ji bo p\u00eavajoya daneyan<\/em><\/strong><\/p>\n\n\n\n<p>Gelek operasyon\u00ean p\u00eavajoya daneyan ten\u00ea bi raz\u00eeb\u00fbna we ya e\u015fkere gengaz in. H\u00fbn dikarin her dem raz\u00eeb\u00fbna xwe betal bikin. Tekane ti\u015ft\u00ea ku div\u00ea h\u00fbn bikin ev e ku h\u00fbn e-nameyek neferm\u00ee ji me re bi\u015f\u00eenin. Qan\u00fbn\u00eeb\u00fbna p\u00eavajoya daneyan a heta dema betalkirin\u00ea hat\u00ee kirin ji ber betalkirin\u00ea b\u00eabandor dim\u00eene.<\/p>\n\n\n\n<p><strong><em>Maf\u00ea gil\u00eekirin\u00ea li cem dezgeha \u00e7avd\u00eariya rayedar<\/em><\/strong><\/p>\n\n\n\n<p>Di rew\u015fa binp\u00eakirina qan\u00fbna parastina daneyan de, kes\u00ea t\u00eakildar maf\u00ea w\u00ee heye ku gil\u00eenameyek\u00ea li cem dezgeha \u00e7avd\u00eariy\u00ea ya p\u00eawend\u00eedar tomar bike. Dezgeha \u00e7avd\u00eariy\u00ea ya berpirsiyar ji bo mijar\u00ean parastina daneyan Kom\u00eeser\u00ea Parastina Daneyan a Dewleta Hessen e.<br><a href=\"http:\/\/www.datenschutz.hessen.de\/\" rel=\"noreferrer noopener\" target=\"_blank\">www.datenschutz.hessen.de<\/a><\/p>\n\n\n\n<p><strong><em>Maf\u00ea veguhestina daneyan<\/em><\/strong><\/p>\n\n\n\n<p>Maf\u00ea te heye ku daney\u00ean ku em li ser bingeha raz\u00eeb\u00fbna te an j\u00ee di bicihan\u00eena peymanek\u00ea de ku ji te an ji aliyek s\u00eayem re hatiye day\u00een, bi awayek\u00ee gelemper\u00ee \u00fb bi awayek\u00ee mak\u00eeney\u00ee xwend\u00ee, bixweber bi kar t\u00eenin, bist\u00een\u00ee. Eger h\u00fbn daxwaza veguhestina rasterast a daneyan bo aliyek\u00ee din \u00ea berpirsiyar bikin, ev ten\u00ea d\u00ea were kirin ger ku ji h\u00eala tekn\u00eek\u00ee ve gengaz be.<\/p>\n\n\n\n<p><strong><em>\u015e\u00eefrekirina SSL an TLS<\/em><\/strong><\/p>\n\n\n\n<p>Ji ber sedem\u00ean ewlehiy\u00ea \u00fb ji bo parastina veguhestina naveroka nepen\u00ee, wek ferman an l\u00eapirs\u00een\u00ean ku h\u00fbn wek\u00ee operator\u00ea malper\u00ea ji me re di\u015f\u00eenin, ev malper \u015f\u00eefrekirina SSL an TLS bikar t\u00eene. \u015e\u00eefrekirina TLS. H\u00fbn dikarin gir\u00eadanek \u015f\u00eefrekir\u00ee bi w\u00ea rastiy\u00ea nas bikin ku xeta navn\u00ee\u015fan\u00ea ya gerok\u00ea ji &quot;http:\/\/&quot; diguhere bo &quot;https:\/\/&quot; \u00fb bi sembola kil\u00eet\u00ea di xeta geroka we de.<\/p>\n\n\n\n<p>Eger \u015f\u00eefrekirina SSL an TLS \u00e7alak be, daney\u00ean ku h\u00fbn ji me re di\u015f\u00eenin nikarin ji h\u00eala aliy\u00ean s\u00eayem\u00een ve werin xwendin.<\/p>\n\n\n\n<p><strong><em>Agahdar\u00ee, astengkirin, j\u00eabirin<\/em><\/strong><\/p>\n\n\n\n<p>Di \u00e7ar\u00e7oveya r\u00eaziknamey\u00ean qan\u00fbn\u00ee y\u00ean derbasdar de, maf\u00ea we heye ku di her k\u00ealiy\u00ea de agahdariya bela\u015f li ser daney\u00ean kesane y\u00ean hilan\u00een, j\u00eaderk \u00fb wergir \u00fb armanca p\u00eavajoya daneyan bist\u00eenin \u00fb, heke p\u00eakan be, maf\u00ea we heye ku van daneyan rast bikin, asteng bikin an j\u00ea bibin. Heke di derbar\u00ea v\u00ea yek\u00ea an pirsgir\u00eak\u00ean din \u00ean t\u00eakildar\u00ee daney\u00ean kesane de pirs\u00ean we hebin, h\u00fbn dikarin her dem bi navn\u00ee\u015fana ku di \u00e7apkirin\u00ea de hat\u00ee day\u00een bi me re t\u00eakil\u00ee daynin.<\/p>\n\n\n\n<p><strong><em>Neraz\u00eeb\u00fbna li dij\u00ee e-namey\u00ean reklam\u00ea<\/em><\/strong><\/p>\n\n\n\n<p>Bi v\u00ea yek\u00ea, bikaran\u00eena daney\u00ean t\u00eakiliy\u00ea y\u00ean ku di \u00e7ar\u00e7oveya mecb\u00fbriyeta \u00e7apkirin\u00ea de hatine we\u015fandin ji bo \u015fandina reklam \u00fb materyal\u00ean agahdariy\u00ea y\u00ean nexwest\u00ee qedexe ye. Bikarh\u00eaner\u00ean malper\u00ea bi e\u015fkere maf\u00ea xwe dipar\u00eazin ku di rew\u015fa \u015fandina agahiy\u00ean reklam\u00ea y\u00ean nexwest\u00ee de, bo nim\u00fbne bi r\u00eaya e-namey\u00ean spam\u00ea, tedb\u00eer\u00ean yasay\u00ee bigirin.<\/p>\n\n\n\n<p><strong>3. Berpirs\u00ea Parastina Daneyan<\/strong><\/p>\n\n\n\n<p><strong>Karmend\u00ea parastina daneyan \u00ea qan\u00fbn\u00ee y\u00ea p\u00eaw\u00eest<\/strong><\/p>\n\n\n\n<p>Me ji bo parg\u00eedaniya xwe berpirs\u00ea parastina daney\u00ean navxwey\u00ee tay\u00een kiriye:<br>Komeleya Malbat \u00fb Hevpariy\u00ean Dunetewey\u00ee, iaf eV<\/p>\n\n\n\n<p>Ludolfusstra\u00dfe 2 \u2013 4<br>60487 Frankfurt am Main<br>Telefon: +49 (0) 69 713 756 \u2013 0<br>\u00cem\u00eal: datenschutz@verband-binationaler.de<\/p>\n\n\n\n<p><strong>4. Berhevkirina daneyan li ser malpera me<\/strong><\/p>\n\n\n\n<p><strong>K\u00fbk\u00ee<\/strong><\/p>\n\n\n\n<p>Hin r\u00fbpel\u00ean \u00eenternet\u00ea y\u00ean ku j\u00ea re dib\u00eajin cookie bi kar t\u00eenin. K\u00fbk\u00ee zirar\u00ea nadin komp\u00fbtera we \u00fb v\u00eerus t\u00ea de n\u00eenin. K\u00fbk\u00ee t\u00eane bikar an\u00een da ku kar\u00fbbar\u00ea me bikarh\u00eaner-dostanetir, bibandortir \u00fb ewletir bike. K\u00fbk\u00ee pel\u00ean niv\u00ees\u00ea y\u00ean pi\u00e7\u00fbk in ku li ser komputera we t\u00eane hilan\u00een \u00fb ji h\u00eala geroka we ve t\u00eane tomar kirin.<\/p>\n\n\n\n<p>Piraniya \u00e7erez\u00ean ku em bikar t\u00eenin, y\u00ean ku j\u00ea re &quot;\u00e7erez\u00ean dani\u015f\u00een\u00ea&quot; t\u00ea gotin in. Ew pi\u015ft\u00ee serdana we bixweber t\u00eane j\u00eabirin. \u00c7erez\u00ean din heta ku h\u00fbn wan j\u00ea bibin li ser c\u00eehaza we t\u00eane hilan\u00een. Ev \u00e7erez dih\u00ealin ku em gava h\u00fbn careke din serdana geroka xwe bikin, geroka we nas bikin.<\/p>\n\n\n\n<p>H\u00fbn dikarin geroka xwe wisa saz bikin ku h\u00fbn di derbar\u00ea dan\u00eena cookieyan de agahdar bin \u00fb ten\u00ea di hin rew\u015f\u00ean takekes\u00ee de dest\u00fbr\u00ea bidin cookieyan, ji bo hin rew\u015fan an bi gi\u015ft\u00ee qeb\u00fblkirina cookieyan ji hol\u00ea rakin \u00fb dema ku h\u00fbn gerok\u00ea digirin j\u00eabirina otomat\u00eek\u00ee ya cookieyan \u00e7alak bikin. Eger k\u00fbk\u00ee b\u00ean ne\u00e7alakkirin, dibe ku fonksiyona v\u00ea malper\u00ea bi s\u00eenor be.<\/p>\n\n\n\n<p>\u00c7erez\u00ean ku ji bo p\u00eakan\u00eena p\u00eavajoya ragihandina elektron\u00eek\u00ee an j\u00ee ji bo dab\u00eenkirina hin fonksiyon\u00ean ku h\u00fbn hewce ne (m\u00eenak fonksiyona selika kir\u00een\u00ea) hewce ne, li gor\u00ee Bend 1 t\u00eane hilan\u00een. 6 (1) (f) GDPR. Bir\u00eavebir\u00ea malper\u00ea berjewendiyek rewa heye ku \u00e7erezan hil\u00eene da ku dab\u00eenkirina kar\u00fbbar\u00ean xwe b\u00ea xeletiy\u00ean tekn\u00eek\u00ee \u00fb \u00e7\u00eatir\u00eenkir\u00ee misoger bike. Eger \u00e7erez\u00ean din (m\u00eenak \u00e7erez\u00ean ji bo anal\u00eezkirina tevgera we ya gerok\u00ea) werin hilan\u00een, ev \u00ea di v\u00ea siyaseta nepen\u00eetiy\u00ea de bi awayek\u00ee cuda werin dermankirin.<\/p>\n\n\n\n<p><strong>Pel\u00ean tomar\u00ean server\u00ea<\/strong><\/p>\n\n\n\n<p>P\u00ea\u015fk\u00ea\u015fvan\u00ea r\u00fbpelan bixweber agahiyan di pel\u00ean t\u00eaketina server\u00ea de berhev dike \u00fb tomar dike, ku geroka we bixweber ji me re di\u015f\u00eene. Ev in:<\/p>\n\n\n\n<p>&nbsp;&nbsp;&nbsp; Curey\u00ea \u00fb guhertoya gerok\u00ea<\/p>\n\n\n\n<p>&nbsp;&nbsp;&nbsp; pergala xebitandin\u00ea ya ku t\u00ea bikar an\u00een<\/p>\n\n\n\n<p>&nbsp;&nbsp;&nbsp; URL-ya referans\u00ea<\/p>\n\n\n\n<p>&nbsp;&nbsp;&nbsp; Nav\u00ea m\u00eavandar\u00ea komputer\u00ea ku digih\u00eeje<\/p>\n\n\n\n<p>&nbsp;&nbsp;&nbsp; Dema daxwaza server\u00ea<\/p>\n\n\n\n<p>&nbsp;&nbsp;&nbsp; Navn\u00ee\u015fana IP&#039;y\u00ea<\/p>\n\n\n\n<p>Ev dane d\u00ea bi \u00e7avkaniy\u00ean daney\u00ean din re ney\u00ean yekkirin.<\/p>\n\n\n\n<p>Bingeha p\u00eavajoya daneyan Huner\u00ea ye. 6 (1) (f) GDPR, ku dest\u00fbr\u00ea dide hilgirtina daneyan ji bo bicihan\u00eena peymanek\u00ea an ji bo tedb\u00eer\u00ean p\u00ea\u015f-peyman\u00ea.<\/p>\n\n\n\n<p><strong>5. Plugin \u00fb am\u00fbr<\/strong><\/p>\n\n\n\n<p><strong>Font\u00ean Web\u00ea y\u00ean Google<\/strong><\/p>\n\n\n\n<p>Ev malper ji bo n\u00ee\u015fandana yekreng a fontan, font\u00ean web\u00ea y\u00ean ku ji h\u00eala Google ve t\u00eane peyda kirin bikar t\u00eene. Dema ku h\u00fbn serdana r\u00fbpelek\u00ea dikin, geroka we font\u00ean web\u00ea y\u00ean p\u00eaw\u00eest bar dike nav cache-a geroka we da ku niv\u00ees \u00fb font bi r\u00eak\u00fbp\u00eak n\u00ee\u015fan bide.<\/p>\n\n\n\n<p>Ji bo v\u00ea armanc\u00ea, div\u00ea geroka ku h\u00fbn bikar t\u00eenin bi server\u00ean Google-\u00ea ve gir\u00eaday\u00ee be. Ev dih\u00eale ku Google bizanibe ku malpera me bi r\u00eaya navn\u00ee\u015fana IP-ya we hatiye gih\u00ee\u015ftin. Em ji bo p\u00ea\u015fk\u00ea\u015fkirineke yekreng \u00fb balk\u00ea\u015f a p\u00ea\u015fniyar\u00ean xwe y\u00ean serh\u00eal, Google Web Fonts bi kar t\u00eenin. Ev di \u00e7ar\u00e7oveya wateya Art. de berjewendiyek rewa tems\u00eel dike. 6 (1) (f) GDPR.<\/p>\n\n\n\n<p>Eger geroka te font\u00ean web\u00ea pi\u015ftgir\u00ee neke, fonteke standard ji komputer\u00ea te d\u00ea were bikaran\u00een.<\/p>\n\n\n\n<p>Ji bo b\u00eatir agahdar\u00ee li ser Google Web Fonts, bin\u00eare <a href=\"https:\/\/developers.google.com\/fonts\/faq\" target=\"_blank\" rel=\"noreferrer noopener\">https:\/\/developers.google.com\/fonts\/faq<\/a>  \u00fb di siyaseta nepen\u00eetiy\u00ea ya Google de:\u00a0<a href=\"https:\/\/www.google.com\/policies\/privacy\/\" target=\"_blank\" rel=\"noreferrer noopener\">https:\/\/www.google.com\/policies\/privacy\/<\/a>.<\/p>\n<div class=\"gsp_post_data\" \r\n\t            data-post_type=\"page\" \r\n\t            data-cat=\"\" \r\n\t            data-modified=\"120\"\r\n\t            data-created=\"1710164700\"\r\n\t            data-title=\"Datenschutzerkl\u00e4rung\" \r\n\t            data-home=\"https:\/\/info-to-go.binational-leipzig.de\/ku\"><\/div>","protected":false},"excerpt":{"rendered":"<p>1. Datenschutz auf einen Blick Allgemeine Hinweise Die folgenden Hinweise geben einen einfachen \u00dcberblick dar\u00fcber, was mit Ihren personenbezogenen Daten passiert, wenn Sie unsere Website besuchen. Personenbezogene Daten sind alle Daten, mit denen Sie pers\u00f6nlich identifiziert werden k\u00f6nnen. Ausf\u00fchrliche Informationen zum Thema Datenschutz entnehmen Sie unserer unter diesem Text aufgef\u00fchrten Datenschutzerkl\u00e4rung. Datenerfassung auf unserer Website [&hellip;]<\/p>\n","protected":false},"author":1,"featured_media":0,"parent":0,"menu_order":0,"comment_status":"closed","ping_status":"open","template":"","meta":{"footnotes":""},"categories":[],"tags":[],"class_list":["post-3","page","type-page","status-publish","hentry"],"_links":{"self":[{"href":"https:\/\/info-to-go.binational-leipzig.de\/ku\/wp-json\/wp\/v2\/pages\/3","targetHints":{"allow":["GET"]}}],"collection":[{"href":"https:\/\/info-to-go.binational-leipzig.de\/ku\/wp-json\/wp\/v2\/pages"}],"about":[{"href":"https:\/\/info-to-go.binational-leipzig.de\/ku\/wp-json\/wp\/v2\/types\/page"}],"author":[{"embeddable":true,"href":"https:\/\/info-to-go.binational-leipzig.de\/ku\/wp-json\/wp\/v2\/users\/1"}],"replies":[{"embeddable":true,"href":"https:\/\/info-to-go.binational-leipzig.de\/ku\/wp-json\/wp\/v2\/comments?post=3"}],"version-history":[{"count":1,"href":"https:\/\/info-to-go.binational-leipzig.de\/ku\/wp-json\/wp\/v2\/pages\/3\/revisions"}],"predecessor-version":[{"id":447,"href":"https:\/\/info-to-go.binational-leipzig.de\/ku\/wp-json\/wp\/v2\/pages\/3\/revisions\/447"}],"wp:attachment":[{"href":"https:\/\/info-to-go.binational-leipzig.de\/ku\/wp-json\/wp\/v2\/media?parent=3"}],"wp:term":[{"taxonomy":"category","embeddable":true,"href":"https:\/\/info-to-go.binational-leipzig.de\/ku\/wp-json\/wp\/v2\/categories?post=3"},{"taxonomy":"post_tag","embeddable":true,"href":"https:\/\/info-to-go.binational-leipzig.de\/ku\/wp-json\/wp\/v2\/tags?post=3"}],"curies":[{"name":"wp","href":"https:\/\/api.w.org\/{rel}","templated":true}]}}