{"id":33,"date":"2023-07-09T23:06:42","date_gmt":"2023-07-09T21:06:42","guid":{"rendered":"https:\/\/sprijin.binational-leipzig.de\/?page_id=33"},"modified":"2025-11-22T13:14:33","modified_gmt":"2025-11-22T12:14:33","slug":"geld-und-finanzen","status":"publish","type":"page","link":"https:\/\/info-to-go.binational-leipzig.de\/ku\/start\/wirtschaft\/geld-und-finanzen\/","title":{"rendered":"Pere \u00fb Abor\u00ee"},"content":{"rendered":"<div class=\"wp-block-esab-accordion accordion-756f9975\" data-mode=\"global\"><div class=\"esab__container\">\n<div class=\"wp-block-esab-accordion-child\"><div class=\"esab__head\" role=\"button\" aria-expanded=\"false\"><div class=\"esab__heading_txt\"><p class=\"esab__heading_tag\">Ez \u00e7awa dikarim hesab\u00ea bank\u00ea vekim?\u00a0<\/p><\/div><div class=\"esab__icon\"><div class=\"esab__collapse\"> <svg version=\"1.2\" viewbox=\"0 0 24 24\" width=\"24\" height=\"24\"><path fill-rule=\"evenodd\" d=\"m3.5 20.5c-4.7-4.7-4.7-12.3 0-17 4.7-4.7 12.3-4.7 17 0 4.6 4.7 4.6 12.3 0 17-4.7 4.6-12.3 4.6-17 0zm0.9-0.9c4.2 4.2 11 4.2 15.2 0 4.2-4.2 4.2-11 0-15.2-4.2-4.3-11-4.3-15.2 0-4.3 4.2-4.3 11 0 15.2z\"><\/path><path d=\"m11.4 15.9v-3.3h-3.3c-0.3 0-0.6-0.3-0.6-0.6 0-0.4 0.3-0.6 0.6-0.6h3.3v-3.3c0-0.3 0.3-0.6 0.6-0.6 0.3 0 0.6 0.3 0.6 0.6v3.3h3.3c0.3 0 0.6 0.2 0.6 0.6q0 0.2-0.2 0.4-0.2 0.2-0.4 0.2h-3.3v3.3q0 0.2-0.2 0.4-0.2 0.2-0.4 0.2c-0.4 0-0.6-0.3-0.6-0.6z\"><\/path><\/svg> <\/div><div class=\"esab__expand\"> <svg version=\"1.2\" viewbox=\"0 0 24 24\" width=\"24\" height=\"24\"><path fill-rule=\"evenodd\" d=\"m12 24c-6.6 0-12-5.4-12-12 0-6.6 5.4-12 12-12 6.6 0 12 5.4 12 12 0 6.6-5.4 12-12 12zm10.6-12c0-5.9-4.7-10.6-10.6-10.6-5.9 0-10.6 4.7-10.6 10.6 0 5.9 4.7 10.6 10.6 10.6 5.9 0 10.6-4.7 10.6-10.6z\"><\/path><path d=\"m5.6 11.3h12.8v1.4h-12.8z\"><\/path><\/svg> <\/div><\/div><\/div><div class=\"esab__body\">\n<p>Her kes\u00ea li Almanya ku xwediy\u00ea nasname \u00fb navn\u00ee\u015fan\u00ea be dikare hesab\u00ea bank\u00ea veke. <\/p>\n\n\n\n<p>Div\u00ea h\u00fbn <strong>ne <\/strong>xwed\u00ee apartmanek an qeydkirin\/pejirandina qeydkirin\u00ea be.<br>Man muss ten\u00ea yek nasname \u00fb yek navn\u00ee\u015fan heye.<br>Navn\u00ee\u015fana hevalan an j\u00ee navendeke \u015f\u00eawirmendiy\u00ea j\u00ee ba\u015f e.<br>Carinan bank dib\u00eaje ku b\u00eay\u00ee qeydkirin\u00ea nay\u00ea kirin.<br>H\u00fbn dikarin ji bank\u00ea re b\u00eajin <a href=\"https:\/\/www.bafin.de\/DE\/Verbraucher\/Bank\/Produkte\/Basiskonto\/basiskonto_artikel.html\" target=\"_blank\" rel=\"noopener\">ev <\/a>Agahdariy\u00ea peyda dike. Ew rave dike ka ji bo vekirina hesab\u00ea bank\u00ea \u00e7i hewce ye.<\/p>\n\n\n\n<p>Heger h\u00fbn nekarin bi xwe serdana bank\u00ea bikin, h\u00fbn dikarin bi niv\u00eesk\u00ee serl\u00eadana vekirina hesab\u00ea bikin.<br>Bi v\u00ea yek\u00ea re <a href=\"https:\/\/www.bafin.de\/SharedDocs\/Downloads\/DE\/Formular\/dl_fo_basiskonto_antrag_abschluss.pdf?__blob=publicationFile&amp;v=3\" target=\"_blank\" rel=\"noopener\">\u015eikil <\/a>w\u00ea yek\u00ea bike.<br>Eger bankek h\u00een j\u00ee vekirina hesab\u00ea red bike, h\u00fbn dikarin bi rayedariya &#039;BaFin&#039; (Desteya \u00c7avd\u00eariya Daray\u00ee ya Federal) re t\u00eakil\u00ee daynin.<br>BaFin pi\u015ftrast dike ku hem\u00ee bank li Almanya bi r\u00eak\u00fbp\u00eak dixebitin.<br><a href=\"https:\/\/web.basp.bafin.de\/lip\/form\/display.do?%24context=32BE57B25CB25A31FC9B\" target=\"_blank\" rel=\"noopener\">Vir <\/a>h\u00fbn dikarin bi BaFin re t\u00eakil\u00ee daynin.&nbsp;<\/p>\n<\/div><\/div>\n\n\n\n<div class=\"wp-block-esab-accordion-child\"><div class=\"esab__head\" role=\"button\" aria-expanded=\"false\"><div class=\"esab__heading_txt\"><p class=\"esab__heading_tag\">Div\u00ea ez li k\u00eejan bank\u00ea hesab\u00ea vekim?<\/p><\/div><div class=\"esab__icon\"><div class=\"esab__collapse\"> <svg version=\"1.2\" viewbox=\"0 0 24 24\" width=\"24\" height=\"24\"><path fill-rule=\"evenodd\" d=\"m3.5 20.5c-4.7-4.7-4.7-12.3 0-17 4.7-4.7 12.3-4.7 17 0 4.6 4.7 4.6 12.3 0 17-4.7 4.6-12.3 4.6-17 0zm0.9-0.9c4.2 4.2 11 4.2 15.2 0 4.2-4.2 4.2-11 0-15.2-4.2-4.3-11-4.3-15.2 0-4.3 4.2-4.3 11 0 15.2z\"><\/path><path d=\"m11.4 15.9v-3.3h-3.3c-0.3 0-0.6-0.3-0.6-0.6 0-0.4 0.3-0.6 0.6-0.6h3.3v-3.3c0-0.3 0.3-0.6 0.6-0.6 0.3 0 0.6 0.3 0.6 0.6v3.3h3.3c0.3 0 0.6 0.2 0.6 0.6q0 0.2-0.2 0.4-0.2 0.2-0.4 0.2h-3.3v3.3q0 0.2-0.2 0.4-0.2 0.2-0.4 0.2c-0.4 0-0.6-0.3-0.6-0.6z\"><\/path><\/svg> <\/div><div class=\"esab__expand\"> <svg version=\"1.2\" viewbox=\"0 0 24 24\" width=\"24\" height=\"24\"><path fill-rule=\"evenodd\" d=\"m12 24c-6.6 0-12-5.4-12-12 0-6.6 5.4-12 12-12 6.6 0 12 5.4 12 12 0 6.6-5.4 12-12 12zm10.6-12c0-5.9-4.7-10.6-10.6-10.6-5.9 0-10.6 4.7-10.6 10.6 0 5.9 4.7 10.6 10.6 10.6 5.9 0 10.6-4.7 10.6-10.6z\"><\/path><path d=\"m5.6 11.3h12.8v1.4h-12.8z\"><\/path><\/svg> <\/div><\/div><\/div><div class=\"esab__body\">\n<p>Li Almanya gelek bank\u00ean c\u00fbda hene.<br>Hin ji wan \u015fax\u00ean wan hene ku h\u00fbn dikarin bi\u00e7in wir.<br>Hin ji wan ten\u00ea serh\u00eal in.<br>Div\u00ea h\u00fbn bib\u00eenin ka k\u00eejan banka ji bo we \u00e7\u00eatir\u00een e.<br>Ji bo hesab\u00ea bankek bir\u00eak\u00fbp\u00eak xerc\u00ea heye.<br><a href=\"https:\/\/www.verbraucherzentrale.de\/wissen\/geld-versicherungen\/sparen-und-anlegen\/bankgebuehren-nicht-alle-gebuehren-beim-girokonto-sind-zulaessig-5185\" target=\"_blank\" rel=\"noopener\">Vir <\/a>h\u00fbn dikarin bib\u00eenin ka k\u00eejan xerc t\u00eane dest\u00fbr kirin \u00fb k\u00eejan ne.&nbsp;<\/p>\n\n\n\n<p><\/p>\n\n\n\n<p>Heke hesab\u00ea we y\u00ea bank\u00ea hebe, h\u00fbn bi r\u00eak\u00fbp\u00eak daxuyaniyek bank\u00ea werdigirin.<br>Piraniya caran h\u00fbn ji bo mehek\u00ea daxuyaniyek bank\u00ea dist\u00eenin.<br>Daxuyaniya bank\u00ea hem\u00fb agahiy\u00ean li ser perey\u00ean hatin \u00fb \u00e7\u00fbn\u00ea dihew\u00eene.<br>M\u00eenak: dema ku pere ji kar t\u00ea an j\u00ee dema ku kir\u00ea t\u00ea day\u00een.<br>Pir gir\u00eeng e ku h\u00fbn v\u00ea daxuyaniya bank\u00ea bipar\u00eazin.<br>Gelek caran div\u00ea h\u00fbn \u00eespat bikin ku we ti\u015ftek taybet\u00ee daye an j\u00ee we \u00e7iqas pere qezenc kiriye.<br>Eger h\u00fbn daxuyaniyek bank\u00ea winda bikin, bank dikare kopyayek w\u00ea bide we.<br>Man muss l\u00ea m\u00eeqdarek nisbeten mezin pere ji bo w\u00ea dide. M\u00eenak\u00ee, 5 euro ji bo her daxuyaniya bank\u00ea.<br>Heke h\u00fbn bankkariya serh\u00eal bikar b\u00eenin, ew h\u00easantir e.<br>Hing\u00ea h\u00fbn her gav daxuyaniy\u00ean banka xwe bi ewleh\u00ee di qutiya nameya xwe ya serh\u00eal de digirin \u00fb \u00ead\u00ee ne hewce ye ku h\u00fbn ji bo wan ti\u015ftek bidin.&nbsp;<\/p>\n\n\n\n<p><\/p>\n\n\n\n<p>Heke h\u00fbn bi r\u00eaya hesab\u00ea bank\u00ea ji bo ti\u015ftek\u00ee drav bidin, h\u00fbn dikarin bi veguhestina bank\u00ea an j\u00ee bi deb\u00eeta rasterast drav bidin.<br>Veguhastin: H\u00fbn pereyan ji hesab\u00ea xwe di\u015f\u00eenin hesab\u00ea din. Bo nim\u00fbne, perey\u00ean kir\u00ea ji bo xwediy\u00ea xan\u00eey\u00ea we.<br>Deb\u00eeta rasterast: \u015e\u00eerket her meh bixweber pere ji hesab\u00ea we dist\u00eene. Bo nim\u00fbne, perey\u00ea elektr\u00eek\u00ea y\u00ea apartmana we rasterast ji dab\u00eenker\u00ea elektr\u00eek\u00ea t\u00ea wergirtin.<br>Dema ku h\u00fbn pereyan vediguhez\u00eenin, h\u00fbn dikarin &#039;armanc&#039;ek diyar bikin.<br>Armanca mebest sedema veguheztina pereyan e.<br>M\u00eenak\u00ee, &#039;Kir\u00ea Tebaxa 2024&#039;.<br>Hin kes j\u00ee ji bo day\u00eena pereyan qert\u00ean krediy\u00ea bikar t\u00eenin.&nbsp;<br>L\u00eabel\u00ea, kart\u00ean krediy\u00ea dikarin gelek xerc \u00fb r\u00eajey\u00ean fa\u00eez\u00ea y\u00ean bilind hebin.<br>Di dawiy\u00ea de, h\u00fbn \u00ea ji hesab\u00ea xwe y\u00ea banka normal pir z\u00eadetir bidin.&nbsp;<\/p>\n<\/div><\/div>\n\n\n\n<div class=\"wp-block-esab-accordion-child\"><div class=\"esab__head\" role=\"button\" aria-expanded=\"false\"><div class=\"esab__heading_txt\"><p class=\"esab__heading_tag\">Gelo div\u00ea ez ji bo telefona xwe ya mob\u00eel an j\u00ee \u00eenternet\u00ea peymanek \u00eemze bikim?\u00a0<\/p><\/div><div class=\"esab__icon\"><div class=\"esab__collapse\"> <svg version=\"1.2\" viewbox=\"0 0 24 24\" width=\"24\" height=\"24\"><path fill-rule=\"evenodd\" d=\"m3.5 20.5c-4.7-4.7-4.7-12.3 0-17 4.7-4.7 12.3-4.7 17 0 4.6 4.7 4.6 12.3 0 17-4.7 4.6-12.3 4.6-17 0zm0.9-0.9c4.2 4.2 11 4.2 15.2 0 4.2-4.2 4.2-11 0-15.2-4.2-4.3-11-4.3-15.2 0-4.3 4.2-4.3 11 0 15.2z\"><\/path><path d=\"m11.4 15.9v-3.3h-3.3c-0.3 0-0.6-0.3-0.6-0.6 0-0.4 0.3-0.6 0.6-0.6h3.3v-3.3c0-0.3 0.3-0.6 0.6-0.6 0.3 0 0.6 0.3 0.6 0.6v3.3h3.3c0.3 0 0.6 0.2 0.6 0.6q0 0.2-0.2 0.4-0.2 0.2-0.4 0.2h-3.3v3.3q0 0.2-0.2 0.4-0.2 0.2-0.4 0.2c-0.4 0-0.6-0.3-0.6-0.6z\"><\/path><\/svg> <\/div><div class=\"esab__expand\"> <svg version=\"1.2\" viewbox=\"0 0 24 24\" width=\"24\" height=\"24\"><path fill-rule=\"evenodd\" d=\"m12 24c-6.6 0-12-5.4-12-12 0-6.6 5.4-12 12-12 6.6 0 12 5.4 12 12 0 6.6-5.4 12-12 12zm10.6-12c0-5.9-4.7-10.6-10.6-10.6-5.9 0-10.6 4.7-10.6 10.6 0 5.9 4.7 10.6 10.6 10.6 5.9 0 10.6-4.7 10.6-10.6z\"><\/path><path d=\"m5.6 11.3h12.8v1.4h-12.8z\"><\/path><\/svg> <\/div><\/div><\/div><div class=\"esab__body\">\n<p>Gelo div\u00ea ez ji bo telefona xwe ya mob\u00eel an j\u00ee \u00eenternet\u00ea peymanek \u00eemze bikim?<br>P\u00eadiv\u00ee nake ku h\u00fbn peymanek telefona mob\u00eel \u00eemze bikin.<br>Her wiha kart\u00ean SIM y\u00ean p\u00ea\u015fwext j\u00ee hene.&nbsp;<br>W\u00ea hing\u00ea h\u00fbn dikarin her gav telefona xwe \u015farj bikin.&nbsp;<\/p>\n\n\n\n<p><\/p>\n\n\n\n<p>H\u00fbn dikarin li Almanyay\u00ea bi gelek \u015f\u00eerketan re peymanan bikin.<br>M\u00eenak\u00ee, ji bo telefon\u00ean desta, \u00eenternet, elektr\u00eek, s\u00eegortey\u00ea.<br>Div\u00ea h\u00fbn her gav bi baldar\u00ee bifikirin ka h\u00fbn k\u00eejan peymanan dikin.<\/p>\n\n\n\n<p>Ber\u00ee her ti\u015ft\u00ee:&nbsp;&nbsp;<\/p>\n\n\n\n<ul class=\"wp-block-list\">\n<li>Peyman \u00e7iqas dir\u00eaj dibe?&nbsp;&nbsp;<\/li>\n\n\n\n<li>Div\u00ea ez her meh \u00e7iqas bidim?&nbsp;<\/li>\n\n\n\n<li>Keng\u00ee \u00fb \u00e7awa ez dikarim peyman\u00ea biqed\u00eenim?&nbsp;<\/li>\n<\/ul>\n\n\n\n<p>Pir caran mirov z\u00fb peymanek \u00e7\u00eadikin. Di destp\u00eak\u00ea de, dibe ku pir erzan be. L\u00ea pi\u015ft\u00ee demek\u00ea ew bihatir dibe.<br>H\u00fbn dikarin malper\u00ean wek\u00ee &quot;&quot; ziyaret bikin<a href=\"https:\/\/www.check24.de\/\" target=\"_blank\" rel=\"noopener\">KONTROLA24<\/a>&quot;Ji bo berawirdkirina p\u00ea\u015fniyaran.&quot;&nbsp;<\/p>\n<\/div><\/div>\n\n\n\n<div class=\"wp-block-esab-accordion-child\"><div class=\"esab__head\" role=\"button\" aria-expanded=\"false\"><div class=\"esab__heading_txt\"><p class=\"esab__heading_tag\">Div\u00ea ez heq\u00ea we\u015fan\u00ea bidim?\u00a0<\/p><\/div><div class=\"esab__icon\"><div class=\"esab__collapse\"> <svg version=\"1.2\" viewbox=\"0 0 24 24\" width=\"24\" height=\"24\"><path fill-rule=\"evenodd\" d=\"m3.5 20.5c-4.7-4.7-4.7-12.3 0-17 4.7-4.7 12.3-4.7 17 0 4.6 4.7 4.6 12.3 0 17-4.7 4.6-12.3 4.6-17 0zm0.9-0.9c4.2 4.2 11 4.2 15.2 0 4.2-4.2 4.2-11 0-15.2-4.2-4.3-11-4.3-15.2 0-4.3 4.2-4.3 11 0 15.2z\"><\/path><path d=\"m11.4 15.9v-3.3h-3.3c-0.3 0-0.6-0.3-0.6-0.6 0-0.4 0.3-0.6 0.6-0.6h3.3v-3.3c0-0.3 0.3-0.6 0.6-0.6 0.3 0 0.6 0.3 0.6 0.6v3.3h3.3c0.3 0 0.6 0.2 0.6 0.6q0 0.2-0.2 0.4-0.2 0.2-0.4 0.2h-3.3v3.3q0 0.2-0.2 0.4-0.2 0.2-0.4 0.2c-0.4 0-0.6-0.3-0.6-0.6z\"><\/path><\/svg> <\/div><div class=\"esab__expand\"> <svg version=\"1.2\" viewbox=\"0 0 24 24\" width=\"24\" height=\"24\"><path fill-rule=\"evenodd\" d=\"m12 24c-6.6 0-12-5.4-12-12 0-6.6 5.4-12 12-12 6.6 0 12 5.4 12 12 0 6.6-5.4 12-12 12zm10.6-12c0-5.9-4.7-10.6-10.6-10.6-5.9 0-10.6 4.7-10.6 10.6 0 5.9 4.7 10.6 10.6 10.6 5.9 0 10.6-4.7 10.6-10.6z\"><\/path><path d=\"m5.6 11.3h12.8v1.4h-12.8z\"><\/path><\/svg> <\/div><\/div><\/div><div class=\"esab__body\">\n<p>Li Almanyay\u00ea ji bo telev\u00eezyon \u00fb radyoy\u00ea xerc\u00ea we\u015fan\u00ea heye.<br>Ev pere ji bo f\u00eenansekirina stasyon\u00ean telev\u00eezyon\u00ea y\u00ean ARD, ZDF \u00fb Deutschlandradio t\u00ea bikaran\u00een.<br>Ew we\u015fan\u00ean gi\u015ft\u00ee ne \u00fb ji bo tevahiya nif\u00fbs\u00ea agah\u00ee \u00fb bernameyan \u00e7\u00eadikin.<br>Heger perey\u00ean te t\u00eara xwe hebin, div\u00ea tu be\u015fdariy\u00ea bid\u00ee.<br>Tewra ku h\u00fbn telev\u00eezyona Alman\u00ee tema\u015fe nekin an radyoya Alman\u00ee guh nedin j\u00ee, div\u00ea h\u00fbn pere bidin.<br>L\u00eabel\u00ea, heke h\u00fbn k\u00eam qezenc bikin \u00fb m\u00fb\u00e7eya hemwelat\u00eeb\u00fbn\u00ea bist\u00eenin, ne mecb\u00fbr in ku bidin.<br>H\u00fbn ji bo \u00eest\u00eesnaya ji xerc\u00ea we\u015fan\u00ea li Xizmeta Be\u015fdariy\u00ea serl\u00eadan dikin. <a href=\"https:\/\/www.rundfunkbeitrag.de\/buergerinnen_und_buerger\/formulare\/befreiung_oder_ermaessigung_beantragen\/index_ger.html\" target=\"_blank\" rel=\"noopener\">vir<\/a>. Ev v\u00eedyo rave dike ka meriv \u00e7awa form\u00ea dagire:<\/p>\n\n\n\n<figure class=\"wp-block-embed is-type-video is-provider-youtube wp-block-embed-youtube wp-embed-aspect-16-9 wp-has-aspect-ratio\"><div class=\"wp-block-embed__wrapper\">\n<iframe loading=\"lazy\" title=\"Ez \u00e7awa dikarim ji heq\u00ea we\u015fana serh\u00eal azad bibim?\" width=\"640\" height=\"360\" src=\"https:\/\/www.youtube.com\/embed\/Qf8Jw2Rmz9o?feature=oembed\" frameborder=\"0\" allow=\"accelerometer; autoplay; clipboard-write; encrypted-media; gyroscope; picture-in-picture; web-share\" referrerpolicy=\"strict-origin-when-cross-origin\" allowfullscreen><\/iframe>\n<\/div><\/figure>\n\n\n\n<p><\/p>\n<\/div><\/div>\n\n\n\n<div class=\"wp-block-esab-accordion-child\"><div class=\"esab__head\" role=\"button\" aria-expanded=\"false\"><div class=\"esab__heading_txt\"><p class=\"esab__heading_tag\">Ez dikarim ti\u015ft\u00ean wek\u00ee xerc\u00ean bank\u00ea \u00fb peymanan li ku kontrol bikim?\u00a0<\/p><\/div><div class=\"esab__icon\"><div class=\"esab__collapse\"> <svg version=\"1.2\" viewbox=\"0 0 24 24\" width=\"24\" height=\"24\"><path fill-rule=\"evenodd\" d=\"m3.5 20.5c-4.7-4.7-4.7-12.3 0-17 4.7-4.7 12.3-4.7 17 0 4.6 4.7 4.6 12.3 0 17-4.7 4.6-12.3 4.6-17 0zm0.9-0.9c4.2 4.2 11 4.2 15.2 0 4.2-4.2 4.2-11 0-15.2-4.2-4.3-11-4.3-15.2 0-4.3 4.2-4.3 11 0 15.2z\"><\/path><path d=\"m11.4 15.9v-3.3h-3.3c-0.3 0-0.6-0.3-0.6-0.6 0-0.4 0.3-0.6 0.6-0.6h3.3v-3.3c0-0.3 0.3-0.6 0.6-0.6 0.3 0 0.6 0.3 0.6 0.6v3.3h3.3c0.3 0 0.6 0.2 0.6 0.6q0 0.2-0.2 0.4-0.2 0.2-0.4 0.2h-3.3v3.3q0 0.2-0.2 0.4-0.2 0.2-0.4 0.2c-0.4 0-0.6-0.3-0.6-0.6z\"><\/path><\/svg> <\/div><div class=\"esab__expand\"> <svg version=\"1.2\" viewbox=\"0 0 24 24\" width=\"24\" height=\"24\"><path fill-rule=\"evenodd\" d=\"m12 24c-6.6 0-12-5.4-12-12 0-6.6 5.4-12 12-12 6.6 0 12 5.4 12 12 0 6.6-5.4 12-12 12zm10.6-12c0-5.9-4.7-10.6-10.6-10.6-5.9 0-10.6 4.7-10.6 10.6 0 5.9 4.7 10.6 10.6 10.6 5.9 0 10.6-4.7 10.6-10.6z\"><\/path><path d=\"m5.6 11.3h12.8v1.4h-12.8z\"><\/path><\/svg> <\/div><\/div><\/div><div class=\"esab__body\">\n<p>Eger h\u00fbn hin xercan f\u00eam nakin an j\u00ee ji peymanek\u00ea neraz\u00ee ne, h\u00fbn dikarin bi navenda \u015f\u00eawirmendiya xer\u00eedaran re t\u00eakil\u00ee daynin.<br>Navenda \u015f\u00eereta xer\u00eedaran li wir e da ku mirovan agahdar bike \u00fb wan ji peyman\u00ean gumanbar bipar\u00eaze. Div\u00ea h\u00fbn li wir ji bo hin \u015f\u00eawirmendiyan pere bidin.<br><a href=\"https:\/\/www.verbraucherzentrale-sachsen.de\/beratungsstellen\/leipzig\/beratungsangebote\/1949\" target=\"_blank\" rel=\"noopener\">Vir <\/a>agahdariy\u00ean t\u00eakiliy\u00ea y\u00ean Navenda \u015e\u00eawirmendiya Xer\u00eedaran a Leipzig\u00ea ne.&nbsp;<\/p>\n<\/div><\/div>\n<\/div><\/div>\n\n\n\n<p><\/p>\n<div class=\"gsp_post_data\" \r\n\t            data-post_type=\"page\" \r\n\t            data-cat=\"wirtschaft\" \r\n\t            data-modified=\"120\"\r\n\t            data-created=\"1688944002\"\r\n\t            data-title=\"Geld und Finanzen\" \r\n\t            data-home=\"https:\/\/info-to-go.binational-leipzig.de\/ku\"><\/div>","protected":false},"excerpt":{"rendered":"","protected":false},"author":1,"featured_media":0,"parent":8,"menu_order":2,"comment_status":"closed","ping_status":"closed","template":"","meta":{"footnotes":""},"categories":[10],"tags":[],"class_list":["post-33","page","type-page","status-publish","hentry","category-wirtschaft"],"_links":{"self":[{"href":"https:\/\/info-to-go.binational-leipzig.de\/ku\/wp-json\/wp\/v2\/pages\/33","targetHints":{"allow":["GET"]}}],"collection":[{"href":"https:\/\/info-to-go.binational-leipzig.de\/ku\/wp-json\/wp\/v2\/pages"}],"about":[{"href":"https:\/\/info-to-go.binational-leipzig.de\/ku\/wp-json\/wp\/v2\/types\/page"}],"author":[{"embeddable":true,"href":"https:\/\/info-to-go.binational-leipzig.de\/ku\/wp-json\/wp\/v2\/users\/1"}],"replies":[{"embeddable":true,"href":"https:\/\/info-to-go.binational-leipzig.de\/ku\/wp-json\/wp\/v2\/comments?post=33"}],"version-history":[{"count":11,"href":"https:\/\/info-to-go.binational-leipzig.de\/ku\/wp-json\/wp\/v2\/pages\/33\/revisions"}],"predecessor-version":[{"id":721,"href":"https:\/\/info-to-go.binational-leipzig.de\/ku\/wp-json\/wp\/v2\/pages\/33\/revisions\/721"}],"up":[{"embeddable":true,"href":"https:\/\/info-to-go.binational-leipzig.de\/ku\/wp-json\/wp\/v2\/pages\/8"}],"wp:attachment":[{"href":"https:\/\/info-to-go.binational-leipzig.de\/ku\/wp-json\/wp\/v2\/media?parent=33"}],"wp:term":[{"taxonomy":"category","embeddable":true,"href":"https:\/\/info-to-go.binational-leipzig.de\/ku\/wp-json\/wp\/v2\/categories?post=33"},{"taxonomy":"post_tag","embeddable":true,"href":"https:\/\/info-to-go.binational-leipzig.de\/ku\/wp-json\/wp\/v2\/tags?post=33"}],"curies":[{"name":"wp","href":"https:\/\/api.w.org\/{rel}","templated":true}]}}