{"id":35,"date":"2023-07-09T23:07:29","date_gmt":"2023-07-09T21:07:29","guid":{"rendered":"https:\/\/sprijin.binational-leipzig.de\/?page_id=35"},"modified":"2025-08-26T11:48:33","modified_gmt":"2025-08-26T09:48:33","slug":"deutsche-sprache","status":"publish","type":"page","link":"https:\/\/info-to-go.binational-leipzig.de\/ku\/start\/bildung\/deutsche-sprache\/","title":{"rendered":"ziman\u00ea alman\u00ee"},"content":{"rendered":"<div class=\"wp-block-esab-accordion accordion-88f2547e\" data-mode=\"global\"><div class=\"esab__container\">\n<div class=\"wp-block-esab-accordion-child\"><div class=\"esab__head\" role=\"button\" aria-expanded=\"false\"><div class=\"esab__heading_txt\"><h2 class=\"esab__heading_tag\">A1 Alman\u00ee, B2 Alman\u00ee \u00fb hwd. t\u00ea \u00e7i watey\u00ea?\u00a0<\/h2><\/div><div class=\"esab__icon\"><div class=\"esab__collapse\"> <svg version=\"1.2\" viewbox=\"0 0 24 24\" width=\"24\" height=\"24\"><path fill-rule=\"evenodd\" d=\"m3.5 20.5c-4.7-4.7-4.7-12.3 0-17 4.7-4.7 12.3-4.7 17 0 4.6 4.7 4.6 12.3 0 17-4.7 4.6-12.3 4.6-17 0zm0.9-0.9c4.2 4.2 11 4.2 15.2 0 4.2-4.2 4.2-11 0-15.2-4.2-4.3-11-4.3-15.2 0-4.3 4.2-4.3 11 0 15.2z\"><\/path><path d=\"m11.4 15.9v-3.3h-3.3c-0.3 0-0.6-0.3-0.6-0.6 0-0.4 0.3-0.6 0.6-0.6h3.3v-3.3c0-0.3 0.3-0.6 0.6-0.6 0.3 0 0.6 0.3 0.6 0.6v3.3h3.3c0.3 0 0.6 0.2 0.6 0.6q0 0.2-0.2 0.4-0.2 0.2-0.4 0.2h-3.3v3.3q0 0.2-0.2 0.4-0.2 0.2-0.4 0.2c-0.4 0-0.6-0.3-0.6-0.6z\"><\/path><\/svg> <\/div><div class=\"esab__expand\"> <svg version=\"1.2\" viewbox=\"0 0 24 24\" width=\"24\" height=\"24\"><path fill-rule=\"evenodd\" d=\"m12 24c-6.6 0-12-5.4-12-12 0-6.6 5.4-12 12-12 6.6 0 12 5.4 12 12 0 6.6-5.4 12-12 12zm10.6-12c0-5.9-4.7-10.6-10.6-10.6-5.9 0-10.6 4.7-10.6 10.6 0 5.9 4.7 10.6 10.6 10.6 5.9 0 10.6-4.7 10.6-10.6z\"><\/path><path d=\"m5.6 11.3h12.8v1.4h-12.8z\"><\/path><\/svg> <\/div><\/div><\/div><div class=\"esab__body\">\n<p>N\u00ee\u015fan\u00ean A1, B2 \u00fb hwd. t\u00ea v\u00ea watey\u00ea ku kesek dikare di asteke diyarkir\u00ee de bi Alman\u00ee biaxive.<br>Hem\u00fb be\u015f\u00ean ziman gir\u00eeng in: guhdar\u00eekirin, xwendin, axaftin \u00fb niv\u00eesandin.<br>\u015ee\u015f ast hene, ji destp\u00eaker bigire heta pispor: A1, A2, B1, B2, C1, C2.<br><a href=\"https:\/\/integreat.app\/marburg-biedenkopf\/de\/sprache\/information-3\" target=\"_blank\" rel=\"noreferrer noopener\">Vir<\/a> Ev 6 gav ba\u015f hatine ravekirin.<\/p>\n<\/div><\/div>\n\n\n\n<div class=\"wp-block-esab-accordion-child\"><div class=\"esab__head\" role=\"button\" aria-expanded=\"false\"><div class=\"esab__heading_txt\"><h2 class=\"esab__heading_tag\">Ez \u00e7awa dikarim be\u015fdar\u00ee kursa entegrasyon\u00ea bibim?\u00a0<\/h2><\/div><div class=\"esab__icon\"><div class=\"esab__collapse\"> <svg version=\"1.2\" viewbox=\"0 0 24 24\" width=\"24\" height=\"24\"><path fill-rule=\"evenodd\" d=\"m3.5 20.5c-4.7-4.7-4.7-12.3 0-17 4.7-4.7 12.3-4.7 17 0 4.6 4.7 4.6 12.3 0 17-4.7 4.6-12.3 4.6-17 0zm0.9-0.9c4.2 4.2 11 4.2 15.2 0 4.2-4.2 4.2-11 0-15.2-4.2-4.3-11-4.3-15.2 0-4.3 4.2-4.3 11 0 15.2z\"><\/path><path d=\"m11.4 15.9v-3.3h-3.3c-0.3 0-0.6-0.3-0.6-0.6 0-0.4 0.3-0.6 0.6-0.6h3.3v-3.3c0-0.3 0.3-0.6 0.6-0.6 0.3 0 0.6 0.3 0.6 0.6v3.3h3.3c0.3 0 0.6 0.2 0.6 0.6q0 0.2-0.2 0.4-0.2 0.2-0.4 0.2h-3.3v3.3q0 0.2-0.2 0.4-0.2 0.2-0.4 0.2c-0.4 0-0.6-0.3-0.6-0.6z\"><\/path><\/svg> <\/div><div class=\"esab__expand\"> <svg version=\"1.2\" viewbox=\"0 0 24 24\" width=\"24\" height=\"24\"><path fill-rule=\"evenodd\" d=\"m12 24c-6.6 0-12-5.4-12-12 0-6.6 5.4-12 12-12 6.6 0 12 5.4 12 12 0 6.6-5.4 12-12 12zm10.6-12c0-5.9-4.7-10.6-10.6-10.6-5.9 0-10.6 4.7-10.6 10.6 0 5.9 4.7 10.6 10.6 10.6 5.9 0 10.6-4.7 10.6-10.6z\"><\/path><path d=\"m5.6 11.3h12.8v1.4h-12.8z\"><\/path><\/svg> <\/div><\/div><\/div><div class=\"esab__body\">\n<p>Gelek kes\u00ean ku h\u00een ba\u015f bi Alman\u00ee nizanin, p\u00ea\u015f\u00ee be\u015fdar\u00ee dewreyeke entegrasyon\u00ea dibin.<br>Ev dewreyeke ziman\u00ea Alman\u00ee ye ku ji aliy\u00ea dewlet\u00ea ve t\u00ea f\u00eenansekirin.<br>Ev t\u00ea v\u00ea watey\u00ea ku l\u00ea\u00e7\u00fbna w\u00ea ji qurs\u00ean din \u00ean Alman\u00ee erzantir e.<br>Hin kes ne mecb\u00fbr in ku bi tevah\u00ee perey\u00ea qurs\u00ea bidin.&nbsp;<\/p>\n\n\n\n<p>Ev dewre ji asta A1 heta asta B1 dir\u00eaj dibe.<br>Heke h\u00fbn jixwe hinek\u00ee Alman\u00ee dizanin, ne hewce ye ku h\u00fbn ji asta A1 dest p\u00ea bikin.<br>P\u00ea\u015f\u00ee h\u00fbn li dibistana ziman azm\u00fbnek\u00ea didin. Ev wek\u00ee &quot;test\u00ea bicihkirin\u00ea&quot; t\u00ea binavkirin.<br>D\u00fb re dibistan d\u00ea biryar bide ku h\u00fbn \u00ea bi k\u00eejan qurs\u00ea dest p\u00ea bikin.&nbsp;<\/p>\n\n\n\n<p><a href=\"https:\/\/bamf-navi.bamf.de\/de\/Themen\/Integrationskurse\/?coord=735271.5692864&amp;\" target=\"_blank\" rel=\"noreferrer noopener\">Li ser v\u00ea r\u00fbpel\u00ea<\/a> H\u00fbn dikarin hem\u00ee dibistan\u00ean ziman \u00ean li Leipzig\u00ea bib\u00eenin ku qurs\u00ean entegrasyon\u00ea p\u00ea\u015fk\u00ea\u015f dikin.<br>Li wir h\u00fbn \u00ea hem\u00ee agahdar\u00ee li ser asta qurs\u00ea, dem\u00ean qurs\u00ea, navn\u00ee\u015fan \u00fb agahdariy\u00ean t\u00eakiliy\u00ea y\u00ean dibistanan bib\u00eenin.<\/p>\n\n\n\n<p>Eger h\u00fbn bixwazin be\u015fdar\u00ee dewreyeke entegrasyon\u00ea bibin, h\u00fbn hewcey\u00ea dest\u00fbr\u00ea ne.<br>Ji v\u00ea dest\u00fbr\u00ea re &quot;dest\u00fbrdan&quot; t\u00ea gotin. H\u00fbn ji bo v\u00ea pejirandin\u00ea ji rayedar\u00ean BAMF-\u00ea dixwazin.<br><a href=\"https:\/\/www.bamf.de\/SharedDocs\/Anlagen\/DE\/Integration\/Integrationskurse\/Kursteilnehmer\/AntraegeAlle\/630-007_antrag-zulassung-integrationskurs-ausl_pdf.pdf?__blob=publicationFile&amp;v=27\" target=\"_blank\" rel=\"noreferrer noopener\">Vir<\/a> form\u00ea ye. Form\u00ea li vir ji BAMF re bi\u015f\u00eenin:&nbsp;<\/p>\n\n\n\n<p class=\"has-text-align-center\">BAMF&nbsp;<\/p>\n\n\n\n<p class=\"has-text-align-center\">Otto-Schmerbach-Stra\u00dfe 20&nbsp;<\/p>\n\n\n\n<p class=\"has-text-align-center\">09117 Chemnitz&nbsp;<\/p>\n\n\n\n<p>Ger h\u00fbn bixwazin be\u015fdar\u00ee ders\u00ea bibin div\u00ea h\u00fbn be\u015fa yekem temam bikin.<br>Heger h\u00fbn nekarin perey\u00ea qurs\u00ea bidin, div\u00ea h\u00fbn be\u015fa duyem\u00een, &quot;Ez ji bo \u00eest\u00eesnaya ji xerc\u00ea qursa entegrasyon\u00ea serl\u00eadan dikim,&quot; temam bikin.&nbsp;<\/p>\n\n\n\n<p>Heke h\u00fbn nekarin drav bidin, div\u00ea h\u00fbn del\u00eel bi form\u00ea re bi\u015f\u00eenin.<br>Bo nim\u00fbne, agahdariyek ji bo al\u00eekariya hemwelatiy\u00ea an j\u00ee al\u00eekariya xan\u00ee, an j\u00ee Leipzig Pass.<br>Her wiha heke h\u00fbn bixebitin \u00fb ji v\u00ea dahata gi\u015ft\u00ee z\u00eadetir qezenc nekin, ne hewce ye ku h\u00fbn pere bidin: 2.491 \u20ac (b\u00eay\u00ee zarokan); 3.246 \u20ac (bi 1 zarok\u00ee re); 4.001\u20ac (bi 2 zarokan an j\u00ee z\u00eadetir).<br>Di v\u00ea rew\u015f\u00ea de, ji kerema xwe belgeya m\u00fb\u00e7ey\u00ea bi form\u00ea re bi\u015f\u00eenin.&nbsp;<\/p>\n\n\n\n<p><a href=\"https:\/\/www.bamf.de\/SharedDocs\/Anlagen\/DE\/Integration\/Integrationskurse\/Kursteilnehmer\/Merkblaetter\/630-036_merkblatt-auslaenderbehoerde.pdf?__blob=publicationFile&amp;v=40+\" target=\"_blank\" rel=\"noreferrer noopener\">Vir<\/a> Gelek agah\u00ee li ser kursa entegrasyon\u00ea rasterast ji BAMF-\u00ea hene.<\/p>\n<\/div><\/div>\n\n\n\n<div class=\"wp-block-esab-accordion-child\"><div class=\"esab__head\" role=\"button\" aria-expanded=\"false\"><div class=\"esab__heading_txt\"><h2 class=\"esab__heading_tag\">Min jixwe Alman\u00ee di asta B1 de heye. Ez \u00e7awa dikarim b\u00eatir Alman\u00ee h\u00een bibim?\u00a0<\/h2><\/div><div class=\"esab__icon\"><div class=\"esab__collapse\"> <svg version=\"1.2\" viewbox=\"0 0 24 24\" width=\"24\" height=\"24\"><path fill-rule=\"evenodd\" d=\"m3.5 20.5c-4.7-4.7-4.7-12.3 0-17 4.7-4.7 12.3-4.7 17 0 4.6 4.7 4.6 12.3 0 17-4.7 4.6-12.3 4.6-17 0zm0.9-0.9c4.2 4.2 11 4.2 15.2 0 4.2-4.2 4.2-11 0-15.2-4.2-4.3-11-4.3-15.2 0-4.3 4.2-4.3 11 0 15.2z\"><\/path><path d=\"m11.4 15.9v-3.3h-3.3c-0.3 0-0.6-0.3-0.6-0.6 0-0.4 0.3-0.6 0.6-0.6h3.3v-3.3c0-0.3 0.3-0.6 0.6-0.6 0.3 0 0.6 0.3 0.6 0.6v3.3h3.3c0.3 0 0.6 0.2 0.6 0.6q0 0.2-0.2 0.4-0.2 0.2-0.4 0.2h-3.3v3.3q0 0.2-0.2 0.4-0.2 0.2-0.4 0.2c-0.4 0-0.6-0.3-0.6-0.6z\"><\/path><\/svg> <\/div><div class=\"esab__expand\"> <svg version=\"1.2\" viewbox=\"0 0 24 24\" width=\"24\" height=\"24\"><path fill-rule=\"evenodd\" d=\"m12 24c-6.6 0-12-5.4-12-12 0-6.6 5.4-12 12-12 6.6 0 12 5.4 12 12 0 6.6-5.4 12-12 12zm10.6-12c0-5.9-4.7-10.6-10.6-10.6-5.9 0-10.6 4.7-10.6 10.6 0 5.9 4.7 10.6 10.6 10.6 5.9 0 10.6-4.7 10.6-10.6z\"><\/path><path d=\"m5.6 11.3h12.8v1.4h-12.8z\"><\/path><\/svg> <\/div><\/div><\/div><div class=\"esab__body\">\n<p>Ji asta B1 p\u00ea ve h\u00fbn dikarin be\u015fdar\u00ee kursa ziman a p\u00ee\u015fey\u00ee bibin. Ev heta B2, C1 an C2 di\u00e7e.<br>Di kursa ziman\u00ea p\u00ee\u015fey\u00ee de, bal\u00ea b\u00eatir li ser ziman\u00ea Alman\u00ee y\u00ea ji bo kar t\u00ea day\u00een.<br>Ev dewre ji h\u00eala hik\u00fbmet\u00ea ve t\u00ea f\u00eenansekirin \u00fb ji ber v\u00ea yek\u00ea ne pir biha ye.&nbsp;<\/p>\n\n\n\n<p>Ji bo be\u015fdarb\u00fbna di kurs\u00ea de h\u00fbn hewcey\u00ea dest\u00fbr\u00ea ne.<br>Heke h\u00fbn b\u00eakar in, h\u00fbn dikarin v\u00ea ji navenda kar an ajansa kar bist\u00eenin.<br>Heke h\u00fbn dixebitin, rasterast ji BAMF-\u00ea dest\u00fbr\u00ea bixwazin.&nbsp;<\/p>\n\n\n\n<p>Heke dest\u00fbra we hebe, h\u00fbn dikarin li ser malpera KURSNET li qursek\u00ea bigerin.<br><a href=\"https:\/\/web.arbeitsagentur.de\/sprachfoerderung\/suche\/berufssprachkurse?ort=Leipzig_12.3781_51.3383&amp;umkreis=10&amp;seite=0\" target=\"_blank\" rel=\"noreferrer noopener\">Vir<\/a> Kurs dikarin li Leipzig\u00ea werin d\u00eetin.<\/p>\n\n\n\n<p>Hin kes ne\u00e7ar in ku ji bo qurs\u00ea pere bidin, hin j\u00ee nadin.<br>Ew gir\u00eaday\u00ee ye ku h\u00fbn \u00e7iqas pere qezenc dikin.<br>Eger h\u00fbn v\u00ea bidin \u00fb qurs\u00ea bi serkeft\u00ee biqed\u00eenin, h\u00fbn dikarin ji sed\u00ee 501\u00ea l\u00ea\u00e7\u00fbn\u00ea pa\u015fde bist\u00eenin.<br><a href=\"https:\/\/www.bamf.de\/DE\/Themen\/Integration\/ZugewanderteTeilnehmende\/DeutschBeruf\/deutsch-beruf.html?nn=282656#a_284040_1\" target=\"_blank\" rel=\"noreferrer noopener\">Vir<\/a> H\u00fbn \u00ea b\u00eatir agahdar\u00ee \u00fb form\u00ean p\u00eaw\u00eest bib\u00eenin.<\/p>\n<\/div><\/div>\n\n\n\n<div class=\"wp-block-esab-accordion-child\"><div class=\"esab__head\" role=\"button\" aria-expanded=\"false\"><div class=\"esab__heading_txt\"><h2 class=\"esab__heading_tag\">Ez li ku der\u00ea din dikarim Alman\u00ee h\u00een bibim?\u00a0<\/h2><\/div><div class=\"esab__icon\"><div class=\"esab__collapse\"> <svg version=\"1.2\" viewbox=\"0 0 24 24\" width=\"24\" height=\"24\"><path fill-rule=\"evenodd\" d=\"m3.5 20.5c-4.7-4.7-4.7-12.3 0-17 4.7-4.7 12.3-4.7 17 0 4.6 4.7 4.6 12.3 0 17-4.7 4.6-12.3 4.6-17 0zm0.9-0.9c4.2 4.2 11 4.2 15.2 0 4.2-4.2 4.2-11 0-15.2-4.2-4.3-11-4.3-15.2 0-4.3 4.2-4.3 11 0 15.2z\"><\/path><path d=\"m11.4 15.9v-3.3h-3.3c-0.3 0-0.6-0.3-0.6-0.6 0-0.4 0.3-0.6 0.6-0.6h3.3v-3.3c0-0.3 0.3-0.6 0.6-0.6 0.3 0 0.6 0.3 0.6 0.6v3.3h3.3c0.3 0 0.6 0.2 0.6 0.6q0 0.2-0.2 0.4-0.2 0.2-0.4 0.2h-3.3v3.3q0 0.2-0.2 0.4-0.2 0.2-0.4 0.2c-0.4 0-0.6-0.3-0.6-0.6z\"><\/path><\/svg> <\/div><div class=\"esab__expand\"> <svg version=\"1.2\" viewbox=\"0 0 24 24\" width=\"24\" height=\"24\"><path fill-rule=\"evenodd\" d=\"m12 24c-6.6 0-12-5.4-12-12 0-6.6 5.4-12 12-12 6.6 0 12 5.4 12 12 0 6.6-5.4 12-12 12zm10.6-12c0-5.9-4.7-10.6-10.6-10.6-5.9 0-10.6 4.7-10.6 10.6 0 5.9 4.7 10.6 10.6 10.6 5.9 0 10.6-4.7 10.6-10.6z\"><\/path><path d=\"m5.6 11.3h12.8v1.4h-12.8z\"><\/path><\/svg> <\/div><\/div><\/div><div class=\"esab__body\">\n<p>Her wiha li Leipzig\u00ea cih\u00ean din j\u00ee hene ku h\u00fbn dikarin l\u00ea f\u00ear\u00ee Alman\u00ee bibin.<br>Ev bi gelemper\u00ee qurs\u00ean neferm\u00ee ne ku h\u00fbn ne hewce ne ku pereyan bidin an j\u00ee h\u00fbn pir k\u00eam pereyan didin.<br>H\u00fbn dikarin ten\u00ea werin an j\u00ee ji bo demek kurt qeyd bibin.<br><a href=\"https:\/\/www.leipzig.de\/jugend-familie-und-soziales\/auslaender-und-migranten\/migration-und-integration\/deutsch-lernen-und-sprache\/beratungsangebote-und-informationen-zum-thema\" target=\"_blank\" rel=\"noreferrer noopener\">Vir<\/a> hem\u00fb ev ders \u00fb dersnamey\u00ean axaftin\u00ea hatine navn\u00ee\u015fkirin.<\/p>\n\n\n\n<p>Pirt\u00fbkxaneya Bajar\u00ea Leipzig\u00ea ji bo kes\u00ean ku dixwazin Alman\u00ee f\u00ear bibin gelek \u00e7avkan\u00ee hene.<br>Gelek materyal t\u00ea de heye <a href=\"https:\/\/stadtbibliothek.leipzig.de\/macht-mit\/kreative-freiraeume\" target=\"_blank\" rel=\"noopener\">Odeya ziman<\/a> va. H\u00fbn dikarin w\u00ea bi h\u00easan\u00ee bela\u015f bicerib\u00eenin.<br>Eger tu bixwaz\u00ee ti\u015ftan bi deyn bib\u00ee \u00fb bib\u00ee mal\u00ea, div\u00ea tu qarteke pirt\u00fbkxaney\u00ea bist\u00een\u00ee.<br>Ev sal 20 \u20ac digire. Ji bo zarokan b\u00eapere ye \u00fb ji bo kes\u00ean ku xwediy\u00ea Leipzig Pass in salane 10 \u20ac ye. <\/p>\n\n\n\n<p>Eger tu kar\u00ea dilxwaz\u00ee bik\u00ee, tu dikar\u00ee li k\u00ealek\u00ea hinek\u00ee Alman\u00ee j\u00ee h\u00een bib\u00ee.<br>Kar\u00ea dilxwaz\u00ee wek kar\u00ea b\u00eapere ye.<br>Tu v\u00ea yek\u00ea dik\u00ee da ku al\u00eekariya kes\u00ean din bik\u00ee. M\u00eenak\u00ee, kes\u00ean ciwan an kes\u00ean temenmezin.<br>L\u00ea h\u00fbn mirov\u00ean n\u00fb nas dikin \u00fb b\u00eatir bi Alman\u00ee diaxivin.<br>Ji bo ti\u015ftek\u00ee wisa ne hewce ye ku h\u00fbn her tim gelek bi Alman\u00ee biaxivin.<br>Li <a href=\"https:\/\/freiwilligen-agentur-leipzig.de\/\" target=\"_blank\" rel=\"noreferrer noopener\">Ajansa dilxwazan<\/a> H\u00fbn dikarin \u00e7alakiy\u00ean weha bib\u00eenin. <\/p>\n\n\n\n<p>Hin kes tandemek ziman\u00ee dikin.<br>Du kes ji bo f\u00earb\u00fbna zimanan al\u00eekariya hev dikin.<br>Mesela, kesek bi R\u00fbs\u00ee diaxive \u00fb dixwaze span\u00ee h\u00een bibe.<br>Kesek\u00ee din bi span\u00ee diaxive \u00fb dixwaze r\u00fbs\u00ee h\u00een bibe.<br>Herdu kes hevdu dib\u00eenin \u00fb herdu zimanan prat\u00eek dikin.<br><a href=\"http:\/\/www.sprachtandem-leipzig.de\/de\/info.html\" target=\"_blank\" rel=\"noreferrer noopener\">Vir<\/a> h\u00fbn dikarin li tandemek ziman\u00ee bigerin.<\/p>\n\n\n\n<p>Her wiha gelek \u00e7avkan\u00ee li ser \u00eenternet\u00ea hene ku h\u00fbn dikarin t\u00ea de Alman\u00ee h\u00een bibin.<br>Bo nim\u00fbne <a href=\"https:\/\/www.duolingo.com\/learn\" target=\"_blank\" rel=\"noreferrer noopener\">Duolingo<\/a> an li ser YouTube, TikTok \u00fb Instagram\u00ea.<br>Ew <a href=\"https:\/\/www.goethe.de\/de\/spr\/ueb.html\" target=\"_blank\" rel=\"noreferrer noopener\">Enst\u00eetuya Goethe<\/a> \u00fb <a href=\"https:\/\/learngerman.dw.com\/de\/deutsch-lernen\/s-9095\" target=\"_blank\" rel=\"noreferrer noopener\">P\u00eala Alman\u00ee<\/a> Ji bo kes\u00ean ku dixwazin Alman\u00ee h\u00een bibin, gelek naverok heye.<\/p>\n<\/div><\/div>\n<\/div><\/div>\n<div class=\"gsp_post_data\" \r\n\t            data-post_type=\"page\" \r\n\t            data-cat=\"bildung\" \r\n\t            data-modified=\"120\"\r\n\t            data-created=\"1688944049\"\r\n\t            data-title=\"Deutsche Sprache\" \r\n\t            data-home=\"https:\/\/info-to-go.binational-leipzig.de\/ku\"><\/div>","protected":false},"excerpt":{"rendered":"","protected":false},"author":1,"featured_media":0,"parent":10,"menu_order":1,"comment_status":"closed","ping_status":"closed","template":"","meta":{"footnotes":""},"categories":[11],"tags":[],"class_list":["post-35","page","type-page","status-publish","hentry","category-bildung"],"_links":{"self":[{"href":"https:\/\/info-to-go.binational-leipzig.de\/ku\/wp-json\/wp\/v2\/pages\/35","targetHints":{"allow":["GET"]}}],"collection":[{"href":"https:\/\/info-to-go.binational-leipzig.de\/ku\/wp-json\/wp\/v2\/pages"}],"about":[{"href":"https:\/\/info-to-go.binational-leipzig.de\/ku\/wp-json\/wp\/v2\/types\/page"}],"author":[{"embeddable":true,"href":"https:\/\/info-to-go.binational-leipzig.de\/ku\/wp-json\/wp\/v2\/users\/1"}],"replies":[{"embeddable":true,"href":"https:\/\/info-to-go.binational-leipzig.de\/ku\/wp-json\/wp\/v2\/comments?post=35"}],"version-history":[{"count":11,"href":"https:\/\/info-to-go.binational-leipzig.de\/ku\/wp-json\/wp\/v2\/pages\/35\/revisions"}],"predecessor-version":[{"id":639,"href":"https:\/\/info-to-go.binational-leipzig.de\/ku\/wp-json\/wp\/v2\/pages\/35\/revisions\/639"}],"up":[{"embeddable":true,"href":"https:\/\/info-to-go.binational-leipzig.de\/ku\/wp-json\/wp\/v2\/pages\/10"}],"wp:attachment":[{"href":"https:\/\/info-to-go.binational-leipzig.de\/ku\/wp-json\/wp\/v2\/media?parent=35"}],"wp:term":[{"taxonomy":"category","embeddable":true,"href":"https:\/\/info-to-go.binational-leipzig.de\/ku\/wp-json\/wp\/v2\/categories?post=35"},{"taxonomy":"post_tag","embeddable":true,"href":"https:\/\/info-to-go.binational-leipzig.de\/ku\/wp-json\/wp\/v2\/tags?post=35"}],"curies":[{"name":"wp","href":"https:\/\/api.w.org\/{rel}","templated":true}]}}