{"id":399,"date":"2024-01-17T12:08:03","date_gmt":"2024-01-17T11:08:03","guid":{"rendered":"https:\/\/info-to-go.binational-leipzig.de\/?page_id=399"},"modified":"2024-07-31T12:56:05","modified_gmt":"2024-07-31T10:56:05","slug":"impressum","status":"publish","type":"page","link":"https:\/\/info-to-go.binational-leipzig.de\/ku\/impressum\/","title":{"rendered":"\u015fop"},"content":{"rendered":"<p><strong>Agahdar\u00ee li gor\u00ee \u00a7 5 TMG<\/strong><\/p>\n\n\n\n<p>Komeleya Malbat \u00fb Hevpariy\u00ean Dunetewey\u00ee, iaf eV<br>Ludolfusstra\u00dfe 2 \u2013 4<br>60487 Frankfurt am Main<\/p>\n\n\n\n<p><strong>Ji h\u00eala<\/strong><\/p>\n\n\n\n<p>Asiye Bal\u0131k\u00e7\u0131-Schmidt, Natalia Bugaj-Wolfram<\/p>\n\n\n\n<p>N\u00fbner\u00ea taybet li gor\u00ee \u00a7 30 BGB: NN<\/p>\n\n\n\n<p>Dadgeha qeydkirin\u00ea:<\/p>\n\n\n\n<p>Dadgeha Nav\u00e7eya Frankfurt am Main Hejmara qeydkirina komeley\u00ea: VR 6728<\/p>\n\n\n\n<p>Of\u00eesa Bac\u00ea ya Frankfurt V Hejmara bac\u00ea 014 250 63357<\/p>\n\n\n\n<p><strong>t\u00eakel\u00ee<\/strong><\/p>\n\n\n\n<p>Telefon: +49 (0) 69 713 756 \u2013 0<br>Faks: +49 (0) 69 707 50 92<br>Email: info@verband-binationaler.de<\/p>\n\n\n\n<p><strong>T\u00eaketina qeydkirin\u00ea<\/strong><\/p>\n\n\n\n<p>Qeydkirina li qeyda komeleyan.<br>Dadgeha qeydkirin\u00ea: Dadgeha Nav\u00e7eya Frankfurt am Main<br>Hejmara qeydkirin\u00ea: VR 6728<\/p>\n\n\n\n<p><strong>VAT<\/strong><\/p>\n\n\n\n<p>Hejmara nasnameya VAT\u00ea li gor\u00ee Xala 27a ya Qan\u00fbna VAT\u00ea:<br>DE114234727<\/p>\n\n\n\n<p><strong>\u00c7areserkirina nakokiyan<\/strong><\/p>\n\n\n\n<p>Em ne amade ne \u00fb ne j\u00ee mecb\u00fbr in ku be\u015fdar\u00ee prosedur\u00ean \u00e7areserkirina nakokiyan li ber desteya hakemtiya xer\u00eedaran bibin.<\/p>\n\n\n\n<p><strong>\u00c7avkan\u00ee<\/strong><\/p>\n\n\n\n<p>P\u00eakan\u00eena tekn\u00eek\u00ee: Stephan Wein \u00fb Ahmet Erdem \u015eenturk<br>S\u00eawirana Malper\u00ea: Chris Schneider<\/p>\n\n\n\n<p><strong>W\u00eane<\/strong><\/p>\n\n\n\n<p>&quot;Em k\u00ee ne&quot;: Mehmet Arbag<\/p>\n\n\n\n<p><strong>Agahdariya Yasay\u00ee<\/strong><\/p>\n\n\n\n<p>Berpirsiyariya naverok\u00ea<\/p>\n\n\n\n<p>Wek\u00ee p\u00ea\u015fk\u00ea\u015fvan\u00ea xizmet\u00ea, em li gor\u00ee Xala 7 (1) a Qan\u00fbna Telemedyay\u00ea ya Alman\u00ee (TMG) ji naveroka xwe ya li ser van r\u00fbpelan berpirsiyar in. L\u00eabel\u00ea, li gor\u00ee be\u015f\u00ean 8 heta 10 y\u00ean Qan\u00fbna Telemedyay\u00ea ya Alman\u00ee (TMG), em wek\u00ee dab\u00eenker\u00ean xizmet\u00ea ne mecb\u00fbr in ku agahdariya aliy\u00ean s\u00eayem\u00een a veguhezt\u00ee an hilan\u00een\u00ea bi\u015fop\u00eenin an j\u00ee li ser rew\u015f\u00ean ku n\u00ee\u015fan didin \u00e7alakiyek neqan\u00fbn\u00ee l\u00eakol\u00een bikin.<\/p>\n\n\n\n<p>Erk\u00ean ji bo rakirin an astengkirina karan\u00eena agahiyan li gor\u00ee qan\u00fbna gi\u015ft\u00ee b\u00eabandor dim\u00eenin. L\u00eabel\u00ea, berpirsiyar\u00ee di v\u00ee war\u00ee de ten\u00ea ji dema zan\u00eena binp\u00eakirinek taybet\u00ee ya qan\u00fbn\u00ea ve mimkun e. Eger em ji binp\u00eakirin\u00ean qan\u00fbn\u00ea y\u00ean bi v\u00ee reng\u00ee haydar bibin, em \u00ea naveroka w\u00ee reng\u00ee tavil\u00ea j\u00ea bibin.<\/p>\n\n\n\n<p><strong>Berpirsiyariya ji bo gir\u00eadanan<\/strong><\/p>\n\n\n\n<p>P\u00ea\u015fniyara me gir\u00eadan\u00ean malper\u00ean dervey\u00ee y\u00ean partiya s\u00eayem\u00een dihew\u00eene ku em li ser naveroka wan ti bandora me tune. Ji ber v\u00ea yek\u00ea, em nikarin ji bo v\u00ea naveroka dervey\u00ee ti berpirsiyariyek\u00ea qeb\u00fbl bikin. P\u00ea\u015fk\u00ea\u015fvan an operator\u00ea r\u00fbpelan her gav berpirsiyar\u00ea naveroka r\u00fbpel\u00ean gir\u00eaday\u00ee ye. R\u00fbpel\u00ean gir\u00eaday\u00ee di dema gir\u00eadan\u00ea de ji bo binp\u00eakirin\u00ean qan\u00fbn\u00ee y\u00ean muhtemel hatin kontrol kirin. Naveroka neqan\u00fbn\u00ee di dema gir\u00eadan\u00ea de nay\u00ea naskirin.<\/p>\n\n\n\n<p>L\u00eabel\u00ea, \u00e7avd\u00eariya da\u00eem\u00ee ya naveroka r\u00fbpel\u00ean gir\u00eaday\u00ee b\u00eay\u00ee del\u00eel\u00ean berbi\u00e7av \u00ean binp\u00eakirina qan\u00fbn\u00ea ne maq\u00fbl e. Eger em ji binp\u00eakirin\u00ean yasay\u00ee haydar bibin, em \u00ea tavil\u00ea van gir\u00eadanan j\u00ea bibin.<\/p>\n\n\n\n<p><strong>maf\u00ea kop\u00eekirin\u00ea<\/strong><\/p>\n\n\n\n<p>Naverok \u00fb berhem\u00ean li ser van r\u00fbpelan ku ji h\u00eala operator\u00ean malper\u00ea ve hatine afirandin, di bin qan\u00fbna maf\u00ean niv\u00eeskariy\u00ea ya Alman de ne. Ji bo kop\u00eekirin, p\u00eavajokirin, belavkirin \u00fb her c\u00fbre \u00eest\u00eesmarkirina li dervey\u00ee s\u00eenor\u00ean qan\u00fbna maf\u00ea kop\u00eekirin\u00ea, dest\u00fbra niv\u00eesk\u00ee ya niv\u00eeskar an afir\u00eener\u00ea t\u00eakildar hewce dike. Dak\u00ea\u015fandin \u00fb kop\u00eekirin\u00ean v\u00ea malper\u00ea ten\u00ea ji bo karan\u00eena taybet \u00fb ne-bazirgan\u00ee dest\u00fbr in.<\/p>\n\n\n\n<p>Heta radeyek\u00ea ku naveroka v\u00ea malper\u00ea ji h\u00eala operator ve nehatibe afirandin, maf\u00ean kop\u00eekirin\u00ea y\u00ean aliy\u00ean s\u00eayem\u00een t\u00eane r\u00eazgirtin. Bi taybet\u00ee, naveroka partiya s\u00eayem\u00een wek\u00ee wusa t\u00ea n\u00ee\u015fankirin. L\u00eabel\u00ea, heke h\u00fbn ji binp\u00eakirina maf\u00ean niv\u00eeskariy\u00ea haydar bibin, em ji we dixwazin ku h\u00fbn li gor\u00ee v\u00ea yek\u00ea me agahdar bikin. Eger em ji binp\u00eakirin\u00ean yasay\u00ee haydar bibin, em \u00ea tavil\u00ea naveroka wisa j\u00ea bibin.<\/p>\n<div class=\"gsp_post_data\" \r\n\t            data-post_type=\"page\" \r\n\t            data-cat=\"\" \r\n\t            data-modified=\"120\"\r\n\t            data-created=\"1705493283\"\r\n\t            data-title=\"Impressum\" \r\n\t            data-home=\"https:\/\/info-to-go.binational-leipzig.de\/ku\"><\/div>","protected":false},"excerpt":{"rendered":"<p>Angaben gem\u00e4\u00df \u00a7 5 TMG Verband binationaler Familien und Partnerschaften, iaf e.V.Ludolfusstra\u00dfe 2 \u2013 460487 Frankfurt am Main Vertreten durch Asiye Bal\u0131k\u00e7\u0131-Schmidt, Natalia Bugaj-Wolfram Besondere Vertreterin gem. \u00a7 30 BGB: N.N. Registergericht: Amtsgericht Frankfurt am Main&nbsp; Vereins-Registernummer: VR 6728 Finanzamt Frankfurt V \u00a0 Steuernummer 014 250 63357 Kontakt Telefon: +49 (0) 69 713 756 \u2013 [&hellip;]<\/p>\n","protected":false},"author":2,"featured_media":0,"parent":0,"menu_order":0,"comment_status":"closed","ping_status":"closed","template":"","meta":{"footnotes":""},"categories":[],"tags":[],"class_list":["post-399","page","type-page","status-publish","hentry"],"_links":{"self":[{"href":"https:\/\/info-to-go.binational-leipzig.de\/ku\/wp-json\/wp\/v2\/pages\/399","targetHints":{"allow":["GET"]}}],"collection":[{"href":"https:\/\/info-to-go.binational-leipzig.de\/ku\/wp-json\/wp\/v2\/pages"}],"about":[{"href":"https:\/\/info-to-go.binational-leipzig.de\/ku\/wp-json\/wp\/v2\/types\/page"}],"author":[{"embeddable":true,"href":"https:\/\/info-to-go.binational-leipzig.de\/ku\/wp-json\/wp\/v2\/users\/2"}],"replies":[{"embeddable":true,"href":"https:\/\/info-to-go.binational-leipzig.de\/ku\/wp-json\/wp\/v2\/comments?post=399"}],"version-history":[{"count":3,"href":"https:\/\/info-to-go.binational-leipzig.de\/ku\/wp-json\/wp\/v2\/pages\/399\/revisions"}],"predecessor-version":[{"id":481,"href":"https:\/\/info-to-go.binational-leipzig.de\/ku\/wp-json\/wp\/v2\/pages\/399\/revisions\/481"}],"wp:attachment":[{"href":"https:\/\/info-to-go.binational-leipzig.de\/ku\/wp-json\/wp\/v2\/media?parent=399"}],"wp:term":[{"taxonomy":"category","embeddable":true,"href":"https:\/\/info-to-go.binational-leipzig.de\/ku\/wp-json\/wp\/v2\/categories?post=399"},{"taxonomy":"post_tag","embeddable":true,"href":"https:\/\/info-to-go.binational-leipzig.de\/ku\/wp-json\/wp\/v2\/tags?post=399"}],"curies":[{"name":"wp","href":"https:\/\/api.w.org\/{rel}","templated":true}]}}