{"id":3,"date":"2024-03-11T13:45:00","date_gmt":"2024-03-11T12:45:00","guid":{"rendered":"https:\/\/sprijin.binational-leipzig.de\/?page_id=3"},"modified":"2024-03-11T13:45:51","modified_gmt":"2024-03-11T12:45:51","slug":"datenschutzerklaerung","status":"publish","type":"page","link":"https:\/\/info-to-go.binational-leipzig.de\/pl\/datenschutzerklaerung\/","title":{"rendered":"Polityka prywatno\u015bci"},"content":{"rendered":"<p><strong>1. Ochrona danych w skr\u00f3cie<\/strong><\/p>\n\n\n\n<p><strong><em>Informacje og\u00f3lne<\/em><\/strong><\/p>\n\n\n\n<p>Poni\u017csze informacje daj\u0105 prosty przegl\u0105d tego, co dzieje si\u0119 z Twoimi danymi osobowymi, gdy odwiedzasz nasz\u0105 stron\u0119 internetow\u0105. Dane osobowe to wszelkie dane, kt\u00f3re mog\u0105 pos\u0142u\u017cy\u0107 do osobistej identyfikacji danej osoby. Szczeg\u00f3\u0142owe informacje dotycz\u0105ce ochrony danych osobowych znajdziesz w naszej polityce prywatno\u015bci, kt\u00f3ra znajduje si\u0119 pod tym tekstem.<\/p>\n\n\n\n<p><strong>Gromadzenie danych na naszej stronie internetowej<\/strong><\/p>\n\n\n\n<p><strong><em>Kto odpowiada za gromadzenie danych na tej stronie internetowej?<\/em><\/strong><\/p>\n\n\n\n<p>Przetwarzaniem danych na tej stronie internetowej zajmuje si\u0119 operator strony. Dane kontaktowe mo\u017cna znale\u017a\u0107 w stopce redakcyjnej tej witryny.<\/p>\n\n\n\n<p><strong><em>W jaki spos\u00f3b zbieramy Twoje dane?<\/em><\/strong><\/p>\n\n\n\n<p>Z jednej strony Twoje dane s\u0105 zbierane w momencie, gdy nam je przekazujesz. Mog\u0105 to by\u0107 na przyk\u0142ad dane wprowadzone do formularza kontaktowego.<\/p>\n\n\n\n<p>Inne dane s\u0105 automatycznie zbierane przez nasze systemy informatyczne, gdy odwiedzasz nasz\u0105 stron\u0119 internetow\u0105. S\u0105 to przede wszystkim dane techniczne (np. przegl\u0105darka internetowa, system operacyjny lub czas wej\u015bcia na stron\u0119). Dane te s\u0105 zbierane automatycznie w chwili wej\u015bcia na nasz\u0105 stron\u0119 internetow\u0105.<\/p>\n\n\n\n<p><strong><em>Do czego wykorzystujemy Twoje dane?<\/em><\/strong><\/p>\n\n\n\n<p>Cz\u0119\u015b\u0107 danych zbierana jest w celu zapewnienia prawid\u0142owego funkcjonowania witryny. Inne dane mog\u0105 zosta\u0107 u\u017cyte do analizy Twojego zachowania jako u\u017cytkownika.<\/p>\n\n\n\n<p><strong><em>Jakie prawa przys\u0142uguj\u0105 Ci w zwi\u0105zku ze swoimi danymi?<\/em><\/strong><\/p>\n\n\n\n<p>Maj\u0105 Pa\u0144stwo prawo w ka\u017cdej chwili uzyska\u0107 bezp\u0142atnie informacj\u0119 o pochodzeniu, odbiorcy i celu przechowywanych Pa\u0144stwa danych osobowych. Masz r\u00f3wnie\u017c prawo \u017c\u0105da\u0107 poprawienia, zablokowania lub usuni\u0119cia tych danych. Je\u017celi maj\u0105 Pa\u0144stwo jakiekolwiek pytania w tej sprawie lub w innych kwestiach zwi\u0105zanych z ochron\u0105 danych, mog\u0105 si\u0119 Pa\u0144stwo z nami skontaktowa\u0107 w dowolnym momencie, pisz\u0105c na adres podany w stopce redakcyjnej. Ponadto przys\u0142uguje Ci prawo wniesienia skargi do w\u0142a\u015bciwego organu nadzorczego.<\/p>\n\n\n\n<p><strong>2. Informacje og\u00f3lne i informacje obowi\u0105zkowe<\/strong><\/p>\n\n\n\n<p><strong>Ochrona danych<\/strong><\/p>\n\n\n\n<p>Operatorzy tych stron traktuj\u0105 ochron\u0119 Twoich danych osobowych bardzo powa\u017cnie. Twoje dane osobowe traktujemy poufnie i zgodnie z przepisami ustawowymi o ochronie danych oraz niniejsz\u0105 polityk\u0105 prywatno\u015bci.<\/p>\n\n\n\n<p>Podczas korzystania z tej witryny internetowej gromadzone s\u0105 r\u00f3\u017cne dane osobowe. Dane osobowe to dane, kt\u00f3re mog\u0105 pos\u0142u\u017cy\u0107 do osobistej identyfikacji danej osoby. Niniejsza polityka prywatno\u015bci wyja\u015bnia, jakie dane zbieramy i do czego je wykorzystujemy. Wyja\u015bnia r\u00f3wnie\u017c, jak i w jakim celu to si\u0119 robi.<\/p>\n\n\n\n<p>Chcieliby\u015bmy zwr\u00f3ci\u0107 uwag\u0119, \u017ce transmisja danych w Internecie (np. podczas komunikacji za po\u015brednictwem poczty elektronicznej) mo\u017ce mie\u0107 luki w zabezpieczeniach. Pe\u0142na ochrona danych przed dost\u0119pem os\u00f3b trzecich nie jest mo\u017cliwa.<\/p>\n\n\n\n<p><strong><em>Uwaga dotycz\u0105ca podmiotu odpowiedzialnego<\/em><\/strong><\/p>\n\n\n\n<p>Podmiotem odpowiedzialnym za przetwarzanie danych na tej stronie internetowej jest:<br>Stowarzyszenie Rodzin i Partnerstw Dwunarodowych, iaf eV<\/p>\n\n\n\n<p>Ludolfusstra\u00dfe 2 \u2013 4<br>60487 Frankfurt nad Menem<br>Telefon: +49 (0) 69 713 756 \u2013 0<br>Adres e-mail: info@verband-binationaler.de<\/p>\n\n\n\n<p>Podmiotem odpowiedzialnym jest osoba fizyczna lub prawna, kt\u00f3ra samodzielnie lub wsp\u00f3lnie z innymi ustala cele i sposoby przetwarzania danych osobowych (np. nazwisk, adres\u00f3w e-mail itp.).<\/p>\n\n\n\n<p><strong><em>Cofni\u0119cie zgody na przetwarzanie danych<\/em><\/strong><\/p>\n\n\n\n<p>Wiele operacji przetwarzania danych jest mo\u017cliwych wy\u0142\u0105cznie za Twoj\u0105 wyra\u017an\u0105 zgod\u0105. Swoj\u0105 zgod\u0119 mo\u017cesz w ka\u017cdej chwili odwo\u0142a\u0107. Wystarczy, \u017ce wy\u015blesz nam nieformalny e-mail. Legalno\u015b\u0107 przetwarzania danych dokonanego do chwili odwo\u0142ania zgody pozostaje nienaruszona przez odwo\u0142anie.<\/p>\n\n\n\n<p><strong><em>Prawo wniesienia skargi do w\u0142a\u015bciwego organu nadzorczego<\/em><\/strong><\/p>\n\n\n\n<p>W przypadku naruszenia przepis\u00f3w o ochronie danych osobowych, osobie, kt\u00f3rej dane dotycz\u0105, przys\u0142uguje prawo wniesienia skargi do w\u0142a\u015bciwego organu nadzorczego. W\u0142a\u015bciwym organem nadzoru w kwestiach ochrony danych jest Krajowy Komisarz Ochrony Danych Kraju Zwi\u0105zkowego Hesja.<br><a href=\"http:\/\/www.datenschutz.hessen.de\/\" rel=\"noreferrer noopener\" target=\"_blank\">www.datenschutz.hessen.de<\/a><\/p>\n\n\n\n<p><strong><em>Prawo do przenoszenia danych<\/em><\/strong><\/p>\n\n\n\n<p>Masz prawo do tego, aby dane, kt\u00f3re przetwarzamy automatycznie na podstawie Twojej zgody lub w celu realizacji umowy, zosta\u0142y przekazane Tobie lub osobie trzeciej w powszechnie u\u017cywanym formacie nadaj\u0105cym si\u0119 do odczytu maszynowego. Je\u015bli za\u017c\u0105dasz bezpo\u015bredniego przekazania danych innemu podmiotowi odpowiedzialnemu, nast\u0105pi to wy\u0142\u0105cznie, je\u015bli b\u0119dzie to technicznie wykonalne.<\/p>\n\n\n\n<p><strong><em>Szyfrowanie SSL lub TLS<\/em><\/strong><\/p>\n\n\n\n<p>Ze wzgl\u0119d\u00f3w bezpiecze\u0144stwa oraz w celu ochrony przesy\u0142ania poufnych tre\u015bci, takich jak zam\u00f3wienia lub zapytania, kt\u00f3re wysy\u0142aj\u0105 Pa\u0144stwo do nas jako operatora witryny, witryna ta korzysta z szyfrowania SSL lub TLS. Szyfrowanie TLS. Po\u0142\u0105czenie szyfrowane mo\u017cna rozpozna\u0107 po tym, \u017ce pasek adresu przegl\u0105darki zmienia si\u0119 z \u201ehttp:\/\/\u201d na \u201ehttps:\/\/\u201d oraz po symbolu k\u0142\u00f3dki w pasku przegl\u0105darki.<\/p>\n\n\n\n<p>Je\u015bli szyfrowanie SSL lub TLS jest aktywne, dane, kt\u00f3re nam przesy\u0142asz, nie mog\u0105 zosta\u0107 odczytane przez osoby trzecie.<\/p>\n\n\n\n<p><strong><em>Informacje, blokowanie, usuwanie<\/em><\/strong><\/p>\n\n\n\n<p>W ramach obowi\u0105zuj\u0105cych przepis\u00f3w prawa maj\u0105 Pa\u0144stwo prawo w ka\u017cdej chwili uzyska\u0107 bezp\u0142atn\u0105 informacj\u0119 o swoich przechowywanych danych osobowych, ich pochodzeniu i odbiorcy oraz celu przetwarzania danych, a tak\u017ce, je\u015bli ma to zastosowanie, prawo do sprostowania, zablokowania lub usuni\u0119cia tych danych. Je\u017celi maj\u0105 Pa\u0144stwo jakiekolwiek pytania w tej sprawie lub w innych kwestiach zwi\u0105zanych z danymi osobowymi, mog\u0105 si\u0119 Pa\u0144stwo z nami skontaktowa\u0107 w dowolnym momencie, pisz\u0105c na adres podany w stopce redakcyjnej.<\/p>\n\n\n\n<p><strong><em>Sprzeciw wobec e-maili reklamowych<\/em><\/strong><\/p>\n\n\n\n<p>Zabrania si\u0119 wykorzystywania danych kontaktowych, opublikowanych w ramach obowi\u0105zku zamieszczenia danych kontaktowych, do przesy\u0142ania niezam\u00f3wionych materia\u0142\u00f3w reklamowych i informacyjnych. Operatorzy serwisu zastrzegaj\u0105 sobie prawo do podj\u0119cia krok\u00f3w prawnych w przypadku otrzymania niezam\u00f3wionych informacji reklamowych, na przyk\u0142ad w formie spamu.<\/p>\n\n\n\n<p><strong>3. Inspektor Ochrony Danych<\/strong><\/p>\n\n\n\n<p><strong>Inspektor ochrony danych wymagany prawnie<\/strong><\/p>\n\n\n\n<p>W naszej firmie wyznaczyli\u015bmy wewn\u0119trznego inspektora ochrony danych:<br>Stowarzyszenie Rodzin i Partnerstw Dwunarodowych, iaf eV<\/p>\n\n\n\n<p>Ludolfusstra\u00dfe 2 \u2013 4<br>60487 Frankfurt nad Menem<br>Telefon: +49 (0) 69 713 756 \u2013 0<br>Adres e-mail: datenschutz@verband-binationaler.de<\/p>\n\n\n\n<p><strong>4. Gromadzenie danych na naszej stronie internetowej<\/strong><\/p>\n\n\n\n<p><strong>Ciastka<\/strong><\/p>\n\n\n\n<p>Niekt\u00f3re strony internetowe wykorzystuj\u0105 tzw. pliki cookie. Pliki cookie nie powoduj\u0105 \u017cadnych uszkodze\u0144 komputera i nie zawieraj\u0105 wirus\u00f3w. Pliki cookie s\u0105 wykorzystywane w celu uczynienia naszych us\u0142ug bardziej przyjaznymi dla u\u017cytkownika, skuteczniejszymi i bezpieczniejszymi. Pliki cookie to ma\u0142e pliki tekstowe, kt\u00f3re s\u0105 przechowywane na Twoim komputerze i zapisywane przez Twoj\u0105 przegl\u0105dark\u0119.<\/p>\n\n\n\n<p>Wi\u0119kszo\u015b\u0107 u\u017cywanych przez nas plik\u00f3w cookie to tzw. \u201epliki cookie sesyjne\u201d. Zostan\u0105 one automatycznie usuni\u0119te po zako\u0144czeniu wizyty. Inne pliki cookie pozostaj\u0105 na Twoim urz\u0105dzeniu, dop\u00f3ki ich nie usuniesz. Pliki cookie umo\u017cliwiaj\u0105 nam rozpoznanie Twojej przegl\u0105darki podczas nast\u0119pnej wizyty.<\/p>\n\n\n\n<p>Mo\u017cesz ustawi\u0107 swoj\u0105 przegl\u0105dark\u0119 tak, aby informowa\u0142a Ci\u0119 o ustawieniach plik\u00f3w cookie i zezwala\u0142a na pliki cookie tylko w indywidualnych przypadkach, wyklucza\u0142a akceptacj\u0119 plik\u00f3w cookie w okre\u015blonych przypadkach lub og\u00f3lnie oraz aktywowa\u0142a automatyczne usuwanie plik\u00f3w cookie po zamkni\u0119ciu przegl\u0105darki. Je\u015bli pliki cookie s\u0105 wy\u0142\u0105czone, funkcjonalno\u015b\u0107 tej witryny mo\u017ce by\u0107 ograniczona.<\/p>\n\n\n\n<p>Pliki cookie, kt\u00f3re s\u0105 niezb\u0119dne do przeprowadzenia procesu komunikacji elektronicznej lub do zapewnienia niekt\u00f3rych wymaganych przez Ciebie funkcji (np. funkcja koszyka zakupowego), s\u0105 przechowywane na podstawie art. 6 (1) (f) RODO. Operator witryny internetowej ma uzasadniony interes w przechowywaniu plik\u00f3w cookies w celu zapewnienia bezb\u0142\u0119dnego pod wzgl\u0119dem technicznym i zoptymalizowanego \u015bwiadczenia swoich us\u0142ug. Je\u015bli przechowywane s\u0105 inne pliki cookie (np. pliki cookie s\u0142u\u017c\u0105ce do analizy zachowania u\u017cytkownika w sieci), b\u0119d\u0105 one traktowane oddzielnie w niniejszej polityce prywatno\u015bci.<\/p>\n\n\n\n<p><strong>Pliki dziennika serwera<\/strong><\/p>\n\n\n\n<p>Dostawca stron automatycznie zbiera i przechowuje informacje w tzw. plikach dziennika serwera, kt\u00f3re Twoja przegl\u0105darka automatycznie przesy\u0142a do nas. S\u0105 to:<\/p>\n\n\n\n<p>&nbsp;&nbsp;&nbsp; Typ i wersja przegl\u0105darki<\/p>\n\n\n\n<p>&nbsp;&nbsp;&nbsp; u\u017cywany system operacyjny<\/p>\n\n\n\n<p>&nbsp;&nbsp;&nbsp; Adres URL polecaj\u0105cego<\/p>\n\n\n\n<p>&nbsp;&nbsp;&nbsp; Nazwa hosta komputera uzyskuj\u0105cego dost\u0119p<\/p>\n\n\n\n<p>&nbsp;&nbsp;&nbsp; Czas \u017c\u0105dania serwera<\/p>\n\n\n\n<p>&nbsp;&nbsp;&nbsp; Adres IP<\/p>\n\n\n\n<p>Dane te nie b\u0119d\u0105 \u0142\u0105czone z innymi \u017ar\u00f3d\u0142ami danych.<\/p>\n\n\n\n<p>Podstaw\u0105 przetwarzania danych jest art. 6 (1) (f) RODO, kt\u00f3ry zezwala na przetwarzanie danych w celu wykonania umowy lub podj\u0119cia dzia\u0142a\u0144 przed zawarciem umowy.<\/p>\n\n\n\n<p><strong>5. Wtyczki i narz\u0119dzia<\/strong><\/p>\n\n\n\n<p><strong>Czcionki internetowe Google<\/strong><\/p>\n\n\n\n<p>W celu ujednolicenia wy\u015bwietlania czcionek ta witryna korzysta z tzw. czcionek internetowych udost\u0119pnianych przez Google. Gdy odwiedzasz stron\u0119, Twoja przegl\u0105darka \u0142aduje wymagane czcionki internetowe do pami\u0119ci podr\u0119cznej przegl\u0105darki, aby prawid\u0142owo wy\u015bwietla\u0107 teksty i czcionki.<\/p>\n\n\n\n<p>W tym celu u\u017cywana przez Ciebie przegl\u0105darka musi po\u0142\u0105czy\u0107 si\u0119 z serwerami Google. Dzi\u0119ki temu Google wie, \u017ce nasza witryna zosta\u0142a odwiedzona za po\u015brednictwem Twojego adresu IP. U\u017cywamy czcionek Google Web Fonts w celu zapewnienia jednolitej i atrakcyjnej prezentacji naszej oferty online. Stanowi to uzasadniony interes w rozumieniu art. 6 (1) (f) RODO.<\/p>\n\n\n\n<p>Je\u015bli Twoja przegl\u0105darka nie obs\u0142uguje czcionek internetowych, zostanie u\u017cyta standardowa czcionka z Twojego komputera.<\/p>\n\n\n\n<p>Aby uzyska\u0107 wi\u0119cej informacji na temat czcionek internetowych Google, zobacz <a href=\"https:\/\/developers.google.com\/fonts\/faq\" target=\"_blank\" rel=\"noreferrer noopener\">https:\/\/developers.google.com\/fonts\/faq<\/a>  i w polityce prywatno\u015bci Google:\u00a0<a href=\"https:\/\/www.google.com\/policies\/privacy\/\" target=\"_blank\" rel=\"noreferrer noopener\">https:\/\/www.google.com\/policies\/privacy\/<\/a>.<\/p>\n<div class=\"gsp_post_data\" \r\n\t            data-post_type=\"page\" \r\n\t            data-cat=\"\" \r\n\t            data-modified=\"120\"\r\n\t            data-created=\"1710164700\"\r\n\t            data-title=\"Datenschutzerkl\u00e4rung\" \r\n\t            data-home=\"https:\/\/info-to-go.binational-leipzig.de\/pl\"><\/div>","protected":false},"excerpt":{"rendered":"<p>1. Datenschutz auf einen Blick Allgemeine Hinweise Die folgenden Hinweise geben einen einfachen \u00dcberblick dar\u00fcber, was mit Ihren personenbezogenen Daten passiert, wenn Sie unsere Website besuchen. Personenbezogene Daten sind alle Daten, mit denen Sie pers\u00f6nlich identifiziert werden k\u00f6nnen. Ausf\u00fchrliche Informationen zum Thema Datenschutz entnehmen Sie unserer unter diesem Text aufgef\u00fchrten Datenschutzerkl\u00e4rung. Datenerfassung auf unserer Website [&hellip;]<\/p>\n","protected":false},"author":1,"featured_media":0,"parent":0,"menu_order":0,"comment_status":"closed","ping_status":"open","template":"","meta":{"footnotes":""},"categories":[],"tags":[],"class_list":["post-3","page","type-page","status-publish","hentry"],"_links":{"self":[{"href":"https:\/\/info-to-go.binational-leipzig.de\/pl\/wp-json\/wp\/v2\/pages\/3","targetHints":{"allow":["GET"]}}],"collection":[{"href":"https:\/\/info-to-go.binational-leipzig.de\/pl\/wp-json\/wp\/v2\/pages"}],"about":[{"href":"https:\/\/info-to-go.binational-leipzig.de\/pl\/wp-json\/wp\/v2\/types\/page"}],"author":[{"embeddable":true,"href":"https:\/\/info-to-go.binational-leipzig.de\/pl\/wp-json\/wp\/v2\/users\/1"}],"replies":[{"embeddable":true,"href":"https:\/\/info-to-go.binational-leipzig.de\/pl\/wp-json\/wp\/v2\/comments?post=3"}],"version-history":[{"count":1,"href":"https:\/\/info-to-go.binational-leipzig.de\/pl\/wp-json\/wp\/v2\/pages\/3\/revisions"}],"predecessor-version":[{"id":447,"href":"https:\/\/info-to-go.binational-leipzig.de\/pl\/wp-json\/wp\/v2\/pages\/3\/revisions\/447"}],"wp:attachment":[{"href":"https:\/\/info-to-go.binational-leipzig.de\/pl\/wp-json\/wp\/v2\/media?parent=3"}],"wp:term":[{"taxonomy":"category","embeddable":true,"href":"https:\/\/info-to-go.binational-leipzig.de\/pl\/wp-json\/wp\/v2\/categories?post=3"},{"taxonomy":"post_tag","embeddable":true,"href":"https:\/\/info-to-go.binational-leipzig.de\/pl\/wp-json\/wp\/v2\/tags?post=3"}],"curies":[{"name":"wp","href":"https:\/\/api.w.org\/{rel}","templated":true}]}}