{"id":33,"date":"2023-07-09T23:06:42","date_gmt":"2023-07-09T21:06:42","guid":{"rendered":"https:\/\/sprijin.binational-leipzig.de\/?page_id=33"},"modified":"2025-11-22T13:14:33","modified_gmt":"2025-11-22T12:14:33","slug":"geld-und-finanzen","status":"publish","type":"page","link":"https:\/\/info-to-go.binational-leipzig.de\/pl\/start\/wirtschaft\/geld-und-finanzen\/","title":{"rendered":"Pieni\u0105dze i finanse"},"content":{"rendered":"<div class=\"wp-block-esab-accordion accordion-756f9975\" data-mode=\"global\"><div class=\"esab__container\">\n<div class=\"wp-block-esab-accordion-child\"><div class=\"esab__head\" role=\"button\" aria-expanded=\"false\"><div class=\"esab__heading_txt\"><p class=\"esab__heading_tag\">Jak mog\u0119 otworzy\u0107 konto bankowe?\u00a0<\/p><\/div><div class=\"esab__icon\"><div class=\"esab__collapse\"> <svg version=\"1.2\" viewbox=\"0 0 24 24\" width=\"24\" height=\"24\"><path fill-rule=\"evenodd\" d=\"m3.5 20.5c-4.7-4.7-4.7-12.3 0-17 4.7-4.7 12.3-4.7 17 0 4.6 4.7 4.6 12.3 0 17-4.7 4.6-12.3 4.6-17 0zm0.9-0.9c4.2 4.2 11 4.2 15.2 0 4.2-4.2 4.2-11 0-15.2-4.2-4.3-11-4.3-15.2 0-4.3 4.2-4.3 11 0 15.2z\"><\/path><path d=\"m11.4 15.9v-3.3h-3.3c-0.3 0-0.6-0.3-0.6-0.6 0-0.4 0.3-0.6 0.6-0.6h3.3v-3.3c0-0.3 0.3-0.6 0.6-0.6 0.3 0 0.6 0.3 0.6 0.6v3.3h3.3c0.3 0 0.6 0.2 0.6 0.6q0 0.2-0.2 0.4-0.2 0.2-0.4 0.2h-3.3v3.3q0 0.2-0.2 0.4-0.2 0.2-0.4 0.2c-0.4 0-0.6-0.3-0.6-0.6z\"><\/path><\/svg> <\/div><div class=\"esab__expand\"> <svg version=\"1.2\" viewbox=\"0 0 24 24\" width=\"24\" height=\"24\"><path fill-rule=\"evenodd\" d=\"m12 24c-6.6 0-12-5.4-12-12 0-6.6 5.4-12 12-12 6.6 0 12 5.4 12 12 0 6.6-5.4 12-12 12zm10.6-12c0-5.9-4.7-10.6-10.6-10.6-5.9 0-10.6 4.7-10.6 10.6 0 5.9 4.7 10.6 10.6 10.6 5.9 0 10.6-4.7 10.6-10.6z\"><\/path><path d=\"m5.6 11.3h12.8v1.4h-12.8z\"><\/path><\/svg> <\/div><\/div><\/div><div class=\"esab__body\">\n<p>Ka\u017cda osoba w Niemczech posiadaj\u0105ca dow\u00f3d osobisty i adres mo\u017ce za\u0142o\u017cy\u0107 konto bankowe. <\/p>\n\n\n\n<p>Musisz <strong>nie <\/strong>posiada\u0107 mieszkanie lub potwierdzenie rejestracji.<br>Wystarczy mie\u0107 dow\u00f3d to\u017csamo\u015bci i adres.<br>Adres przyjaciela lub poradni jest r\u00f3wnie\u017c w porz\u0105dku.<br>Czasami bank twierdzi, \u017ce bez rejestracji nie mo\u017cna tego zrobi\u0107.<br>Mo\u017cesz przekaza\u0107 bankowi <a href=\"https:\/\/www.bafin.de\/DE\/Verbraucher\/Bank\/Produkte\/Basiskonto\/basiskonto_artikel.html\" target=\"_blank\" rel=\"noopener\">te <\/a>Zawiera informacje. Wyja\u015bnia, co jest potrzebne do otwarcia konta bankowego.<\/p>\n\n\n\n<p>Je\u015bli nie mo\u017cesz otworzy\u0107 konta osobi\u015bcie w banku, mo\u017cesz z\u0142o\u017cy\u0107 wniosek na pi\u015bmie.<br>Dzi\u0119ki temu <a href=\"https:\/\/www.bafin.de\/SharedDocs\/Downloads\/DE\/Formular\/dl_fo_basiskonto_antrag_abschluss.pdf?__blob=publicationFile&amp;v=3\" target=\"_blank\" rel=\"noopener\">Formularz <\/a>to zrobi\u0107.<br>Je\u015bli bank nadal odmawia otwarcia konta, mo\u017cna skontaktowa\u0107 si\u0119 z Federalnym Urz\u0119dem Nadzoru Finansowego (BaFin).<br>BaFin zapewnia, \u017ce wszystkie banki w Niemczech dzia\u0142aj\u0105 prawid\u0142owo.<br><a href=\"https:\/\/web.basp.bafin.de\/lip\/form\/display.do?%24context=32BE57B25CB25A31FC9B\" target=\"_blank\" rel=\"noopener\">Tutaj <\/a>mo\u017cna skontaktowa\u0107 si\u0119 z BaFin.&nbsp;<\/p>\n<\/div><\/div>\n\n\n\n<div class=\"wp-block-esab-accordion-child\"><div class=\"esab__head\" role=\"button\" aria-expanded=\"false\"><div class=\"esab__heading_txt\"><p class=\"esab__heading_tag\">W kt\u00f3rym banku powinienem otworzy\u0107 konto?<\/p><\/div><div class=\"esab__icon\"><div class=\"esab__collapse\"> <svg version=\"1.2\" viewbox=\"0 0 24 24\" width=\"24\" height=\"24\"><path fill-rule=\"evenodd\" d=\"m3.5 20.5c-4.7-4.7-4.7-12.3 0-17 4.7-4.7 12.3-4.7 17 0 4.6 4.7 4.6 12.3 0 17-4.7 4.6-12.3 4.6-17 0zm0.9-0.9c4.2 4.2 11 4.2 15.2 0 4.2-4.2 4.2-11 0-15.2-4.2-4.3-11-4.3-15.2 0-4.3 4.2-4.3 11 0 15.2z\"><\/path><path d=\"m11.4 15.9v-3.3h-3.3c-0.3 0-0.6-0.3-0.6-0.6 0-0.4 0.3-0.6 0.6-0.6h3.3v-3.3c0-0.3 0.3-0.6 0.6-0.6 0.3 0 0.6 0.3 0.6 0.6v3.3h3.3c0.3 0 0.6 0.2 0.6 0.6q0 0.2-0.2 0.4-0.2 0.2-0.4 0.2h-3.3v3.3q0 0.2-0.2 0.4-0.2 0.2-0.4 0.2c-0.4 0-0.6-0.3-0.6-0.6z\"><\/path><\/svg> <\/div><div class=\"esab__expand\"> <svg version=\"1.2\" viewbox=\"0 0 24 24\" width=\"24\" height=\"24\"><path fill-rule=\"evenodd\" d=\"m12 24c-6.6 0-12-5.4-12-12 0-6.6 5.4-12 12-12 6.6 0 12 5.4 12 12 0 6.6-5.4 12-12 12zm10.6-12c0-5.9-4.7-10.6-10.6-10.6-5.9 0-10.6 4.7-10.6 10.6 0 5.9 4.7 10.6 10.6 10.6 5.9 0 10.6-4.7 10.6-10.6z\"><\/path><path d=\"m5.6 11.3h12.8v1.4h-12.8z\"><\/path><\/svg> <\/div><\/div><\/div><div class=\"esab__body\">\n<p>W Niemczech istnieje wiele r\u00f3\u017cnych bank\u00f3w.<br>Niekt\u00f3re maj\u0105 oddzia\u0142y, do kt\u00f3rych mo\u017cna si\u0119 uda\u0107.<br>Niekt\u00f3re s\u0105 dost\u0119pne tylko online.<br>Musisz sprawdzi\u0107, kt\u00f3ry bank najbardziej Ci odpowiada.<br>Za konto bankowe pobierane s\u0105 regularne op\u0142aty.<br><a href=\"https:\/\/www.verbraucherzentrale.de\/wissen\/geld-versicherungen\/sparen-und-anlegen\/bankgebuehren-nicht-alle-gebuehren-beim-girokonto-sind-zulaessig-5185\" target=\"_blank\" rel=\"noopener\">Tutaj <\/a>mo\u017cna sprawdzi\u0107, kt\u00f3re op\u0142aty s\u0105 dozwolone, a kt\u00f3re nie.&nbsp;<\/p>\n\n\n\n<p><\/p>\n\n\n\n<p>Je\u015bli posiadasz konto bankowe, regularnie otrzymujesz wyci\u0105g z konta.<br>Zwykle otrzymujesz wyci\u0105g z konta za jeden miesi\u0105c.<br>Wyci\u0105g z konta zawiera wszystkie informacje o przychodz\u0105cych i wychodz\u0105cych pieni\u0105dzach.<br>Na przyk\u0142ad: gdy pieni\u0105dze pochodz\u0105 z pracy lub gdy p\u0142acony jest czynsz.<br>Zachowanie tego wyci\u0105gu z konta jest bardzo wa\u017cne.<br>Bardzo cz\u0119sto musisz udowodni\u0107, \u017ce zap\u0142aci\u0142e\u015b co\u015b konkretnego lub ile pieni\u0119dzy zarobi\u0142e\u015b.<br>Je\u015bli zgubisz wyci\u0105g z konta, bank mo\u017ce przekaza\u0107 Ci jego kopi\u0119.<br>Ale trzeba za to sporo zap\u0142aci\u0107. Na przyk\u0142ad 5 euro za ka\u017cdy wyci\u0105g z konta.<br>Jest to \u0142atwiejsze, je\u015bli korzystasz z bankowo\u015bci internetowej.<br>Dzi\u0119ki temu wyci\u0105gi z konta s\u0105 zawsze bezpiecznie dost\u0119pne w skrzynce pocztowej online i nie trzeba za nie p\u0142aci\u0107.&nbsp;<\/p>\n\n\n\n<p><\/p>\n\n\n\n<p>Je\u015bli p\u0142acisz za co\u015b za pomoc\u0105 konta bankowego, mo\u017cesz zap\u0142aci\u0107 przelewem bankowym lub poleceniem zap\u0142aty.<br>Przelew: Wysy\u0142asz pieni\u0105dze ze swojego konta na inne konto. Na przyk\u0142ad pieni\u0105dze za czynsz do w\u0142a\u015bciciela.<br>Polecenie zap\u0142aty: Firma automatycznie pobiera pieni\u0105dze z konta ka\u017cdego miesi\u0105ca. Na przyk\u0142ad pieni\u0105dze za energi\u0119 elektryczn\u0105 w domu s\u0105 pobierane bezpo\u015brednio od dostawcy energii elektrycznej.<br>Podczas przesy\u0142ania pieni\u0119dzy mo\u017cna okre\u015bli\u0107 \"Cel\".<br>Zamierzony cel to pow\u00f3d, dla kt\u00f3rego przelewasz pieni\u0105dze.<br>Na przyk\u0142ad \"Rent August 2024\".<br>Niekt\u00f3re osoby u\u017cywaj\u0105 r\u00f3wnie\u017c kart kredytowych do p\u0142acenia za r\u00f3\u017cne rzeczy.&nbsp;<br>W przypadku kart kredytowych mo\u017ce jednak wyst\u0119powa\u0107 wiele op\u0142at i wysokie oprocentowanie.<br>Ostatecznie p\u0142acisz znacznie wi\u0119cej ni\u017c w przypadku zwyk\u0142ego konta bankowego.&nbsp;<\/p>\n<\/div><\/div>\n\n\n\n<div class=\"wp-block-esab-accordion-child\"><div class=\"esab__head\" role=\"button\" aria-expanded=\"false\"><div class=\"esab__heading_txt\"><p class=\"esab__heading_tag\">Czy musz\u0119 podpisa\u0107 umow\u0119 na telefon kom\u00f3rkowy lub Internet?\u00a0<\/p><\/div><div class=\"esab__icon\"><div class=\"esab__collapse\"> <svg version=\"1.2\" viewbox=\"0 0 24 24\" width=\"24\" height=\"24\"><path fill-rule=\"evenodd\" d=\"m3.5 20.5c-4.7-4.7-4.7-12.3 0-17 4.7-4.7 12.3-4.7 17 0 4.6 4.7 4.6 12.3 0 17-4.7 4.6-12.3 4.6-17 0zm0.9-0.9c4.2 4.2 11 4.2 15.2 0 4.2-4.2 4.2-11 0-15.2-4.2-4.3-11-4.3-15.2 0-4.3 4.2-4.3 11 0 15.2z\"><\/path><path d=\"m11.4 15.9v-3.3h-3.3c-0.3 0-0.6-0.3-0.6-0.6 0-0.4 0.3-0.6 0.6-0.6h3.3v-3.3c0-0.3 0.3-0.6 0.6-0.6 0.3 0 0.6 0.3 0.6 0.6v3.3h3.3c0.3 0 0.6 0.2 0.6 0.6q0 0.2-0.2 0.4-0.2 0.2-0.4 0.2h-3.3v3.3q0 0.2-0.2 0.4-0.2 0.2-0.4 0.2c-0.4 0-0.6-0.3-0.6-0.6z\"><\/path><\/svg> <\/div><div class=\"esab__expand\"> <svg version=\"1.2\" viewbox=\"0 0 24 24\" width=\"24\" height=\"24\"><path fill-rule=\"evenodd\" d=\"m12 24c-6.6 0-12-5.4-12-12 0-6.6 5.4-12 12-12 6.6 0 12 5.4 12 12 0 6.6-5.4 12-12 12zm10.6-12c0-5.9-4.7-10.6-10.6-10.6-5.9 0-10.6 4.7-10.6 10.6 0 5.9 4.7 10.6 10.6 10.6 5.9 0 10.6-4.7 10.6-10.6z\"><\/path><path d=\"m5.6 11.3h12.8v1.4h-12.8z\"><\/path><\/svg> <\/div><\/div><\/div><div class=\"esab__body\">\n<p>Czy musz\u0119 podpisa\u0107 umow\u0119 na telefon kom\u00f3rkowy lub Internet?<br>Nie musisz koniecznie podpisywa\u0107 umowy na telefon kom\u00f3rkowy.<br>Dost\u0119pne s\u0105 r\u00f3wnie\u017c przedp\u0142acone karty SIM.&nbsp;<br>Dzi\u0119ki temu mo\u017cna zawsze na\u0142adowa\u0107 telefon kom\u00f3rkowy.&nbsp;<\/p>\n\n\n\n<p><\/p>\n\n\n\n<p>Mo\u017cliwe, \u017ce podpiszesz umowy z r\u00f3\u017cnymi firmami w Niemczech.<br>Na przyk\u0142ad za telefon kom\u00f3rkowy, internet, pr\u0105d, ubezpieczenie.<br>Zawsze nale\u017cy dok\u0142adnie przemy\u015ble\u0107 zawierane umowy.<\/p>\n\n\n\n<p>Przede wszystkim:&nbsp;&nbsp;<\/p>\n\n\n\n<ul class=\"wp-block-list\">\n<li>Jak d\u0142ugo obowi\u0105zuje umowa?&nbsp;&nbsp;<\/li>\n\n\n\n<li>Ile musz\u0119 p\u0142aci\u0107 miesi\u0119cznie?&nbsp;<\/li>\n\n\n\n<li>Kiedy i jak mog\u0119 anulowa\u0107 umow\u0119?&nbsp;<\/li>\n<\/ul>\n\n\n\n<p>Bardzo cz\u0119sto ludzie szybko podpisuj\u0105 umow\u0119. Na pocz\u0105tku mo\u017ce to by\u0107 bardzo korzystne. Ale po pewnym czasie staje si\u0119 dro\u017csza.<br>Mo\u017cesz skorzysta\u0107 ze stron internetowych takich jak \"<a href=\"https:\/\/www.check24.de\/\" target=\"_blank\" rel=\"noopener\">CHECK24<\/a>\", aby por\u00f3wna\u0107 oferty.&nbsp;<\/p>\n<\/div><\/div>\n\n\n\n<div class=\"wp-block-esab-accordion-child\"><div class=\"esab__head\" role=\"button\" aria-expanded=\"false\"><div class=\"esab__heading_txt\"><p class=\"esab__heading_tag\">Czy musz\u0119 uiszcza\u0107 op\u0142at\u0119 licencyjn\u0105?\u00a0<\/p><\/div><div class=\"esab__icon\"><div class=\"esab__collapse\"> <svg version=\"1.2\" viewbox=\"0 0 24 24\" width=\"24\" height=\"24\"><path fill-rule=\"evenodd\" d=\"m3.5 20.5c-4.7-4.7-4.7-12.3 0-17 4.7-4.7 12.3-4.7 17 0 4.6 4.7 4.6 12.3 0 17-4.7 4.6-12.3 4.6-17 0zm0.9-0.9c4.2 4.2 11 4.2 15.2 0 4.2-4.2 4.2-11 0-15.2-4.2-4.3-11-4.3-15.2 0-4.3 4.2-4.3 11 0 15.2z\"><\/path><path d=\"m11.4 15.9v-3.3h-3.3c-0.3 0-0.6-0.3-0.6-0.6 0-0.4 0.3-0.6 0.6-0.6h3.3v-3.3c0-0.3 0.3-0.6 0.6-0.6 0.3 0 0.6 0.3 0.6 0.6v3.3h3.3c0.3 0 0.6 0.2 0.6 0.6q0 0.2-0.2 0.4-0.2 0.2-0.4 0.2h-3.3v3.3q0 0.2-0.2 0.4-0.2 0.2-0.4 0.2c-0.4 0-0.6-0.3-0.6-0.6z\"><\/path><\/svg> <\/div><div class=\"esab__expand\"> <svg version=\"1.2\" viewbox=\"0 0 24 24\" width=\"24\" height=\"24\"><path fill-rule=\"evenodd\" d=\"m12 24c-6.6 0-12-5.4-12-12 0-6.6 5.4-12 12-12 6.6 0 12 5.4 12 12 0 6.6-5.4 12-12 12zm10.6-12c0-5.9-4.7-10.6-10.6-10.6-5.9 0-10.6 4.7-10.6 10.6 0 5.9 4.7 10.6 10.6 10.6 5.9 0 10.6-4.7 10.6-10.6z\"><\/path><path d=\"m5.6 11.3h12.8v1.4h-12.8z\"><\/path><\/svg> <\/div><\/div><\/div><div class=\"esab__body\">\n<p>W Niemczech obowi\u0105zuje op\u0142ata abonamentowa za telewizj\u0119 i radio.<br>Pieni\u0105dze s\u0105 wykorzystywane do finansowania stacji telewizyjnych ARD, ZDF i Deutschlandradio.<br>S\u0105 nadawcami publicznymi i produkuj\u0105 informacje i programy dla ca\u0142ej populacji.<br>Je\u015bli masz wystarczaj\u0105co du\u017co pieni\u0119dzy, musisz zap\u0142aci\u0107 sk\u0142adk\u0119.<br>Nawet je\u015bli nie ogl\u0105dasz niemieckiej telewizji ani nie s\u0142uchasz niemieckiego radia, musisz p\u0142aci\u0107.<br>Je\u015bli jednak zarabiasz niewiele i otrzymujesz zasi\u0142ek obywatelski, nie musisz p\u0142aci\u0107.<br>Wniosek o zwolnienie z op\u0142aty licencyjnej sk\u0142ada si\u0119 w Beitragsservice <a href=\"https:\/\/www.rundfunkbeitrag.de\/buergerinnen_und_buerger\/formulare\/befreiung_oder_ermaessigung_beantragen\/index_ger.html\" target=\"_blank\" rel=\"noopener\">tutaj<\/a>. Ten film wyja\u015bnia, jak wype\u0142ni\u0107 formularz:<\/p>\n\n\n\n<figure class=\"wp-block-embed is-type-video is-provider-youtube wp-block-embed-youtube wp-embed-aspect-16-9 wp-has-aspect-ratio\"><div class=\"wp-block-embed__wrapper\">\n<iframe loading=\"lazy\" title=\"Jak mog\u0119 ubiega\u0107 si\u0119 o zwolnienie z op\u0142aty licencyjnej online?\" width=\"640\" height=\"360\" src=\"https:\/\/www.youtube.com\/embed\/Qf8Jw2Rmz9o?feature=oembed\" frameborder=\"0\" allow=\"accelerometer; autoplay; clipboard-write; encrypted-media; gyroscope; picture-in-picture; web-share\" referrerpolicy=\"strict-origin-when-cross-origin\" allowfullscreen><\/iframe>\n<\/div><\/figure>\n\n\n\n<p><\/p>\n<\/div><\/div>\n\n\n\n<div class=\"wp-block-esab-accordion-child\"><div class=\"esab__head\" role=\"button\" aria-expanded=\"false\"><div class=\"esab__heading_txt\"><p class=\"esab__heading_tag\">Gdzie mog\u0119 sprawdzi\u0107 takie rzeczy jak op\u0142aty bankowe i umowy?\u00a0<\/p><\/div><div class=\"esab__icon\"><div class=\"esab__collapse\"> <svg version=\"1.2\" viewbox=\"0 0 24 24\" width=\"24\" height=\"24\"><path fill-rule=\"evenodd\" d=\"m3.5 20.5c-4.7-4.7-4.7-12.3 0-17 4.7-4.7 12.3-4.7 17 0 4.6 4.7 4.6 12.3 0 17-4.7 4.6-12.3 4.6-17 0zm0.9-0.9c4.2 4.2 11 4.2 15.2 0 4.2-4.2 4.2-11 0-15.2-4.2-4.3-11-4.3-15.2 0-4.3 4.2-4.3 11 0 15.2z\"><\/path><path d=\"m11.4 15.9v-3.3h-3.3c-0.3 0-0.6-0.3-0.6-0.6 0-0.4 0.3-0.6 0.6-0.6h3.3v-3.3c0-0.3 0.3-0.6 0.6-0.6 0.3 0 0.6 0.3 0.6 0.6v3.3h3.3c0.3 0 0.6 0.2 0.6 0.6q0 0.2-0.2 0.4-0.2 0.2-0.4 0.2h-3.3v3.3q0 0.2-0.2 0.4-0.2 0.2-0.4 0.2c-0.4 0-0.6-0.3-0.6-0.6z\"><\/path><\/svg> <\/div><div class=\"esab__expand\"> <svg version=\"1.2\" viewbox=\"0 0 24 24\" width=\"24\" height=\"24\"><path fill-rule=\"evenodd\" d=\"m12 24c-6.6 0-12-5.4-12-12 0-6.6 5.4-12 12-12 6.6 0 12 5.4 12 12 0 6.6-5.4 12-12 12zm10.6-12c0-5.9-4.7-10.6-10.6-10.6-5.9 0-10.6 4.7-10.6 10.6 0 5.9 4.7 10.6 10.6 10.6 5.9 0 10.6-4.7 10.6-10.6z\"><\/path><path d=\"m5.6 11.3h12.8v1.4h-12.8z\"><\/path><\/svg> <\/div><\/div><\/div><div class=\"esab__body\">\n<p>Je\u015bli nie rozumiesz niekt\u00f3rych op\u0142at lub nie jeste\u015b zadowolony z umowy, mo\u017cesz uda\u0107 si\u0119 do centrum doradztwa konsumenckiego.<br>Centrum porad konsumenckich ma za zadanie informowa\u0107 ludzi i chroni\u0107 ich przed w\u0105tpliwymi umowami. Za niekt\u00f3re z oferowanych przez nie porad trzeba p\u0142aci\u0107.<br><a href=\"https:\/\/www.verbraucherzentrale-sachsen.de\/beratungsstellen\/leipzig\/beratungsangebote\/1949\" target=\"_blank\" rel=\"noopener\">Tutaj <\/a>to dane kontaktowe Centrum Doradztwa Konsumenckiego w Lipsku.&nbsp;<\/p>\n<\/div><\/div>\n<\/div><\/div>\n\n\n\n<p><\/p>\n<div class=\"gsp_post_data\" \r\n\t            data-post_type=\"page\" \r\n\t            data-cat=\"wirtschaft\" \r\n\t            data-modified=\"120\"\r\n\t            data-created=\"1688944002\"\r\n\t            data-title=\"Geld und Finanzen\" \r\n\t            data-home=\"https:\/\/info-to-go.binational-leipzig.de\/pl\"><\/div>","protected":false},"excerpt":{"rendered":"","protected":false},"author":1,"featured_media":0,"parent":8,"menu_order":2,"comment_status":"closed","ping_status":"closed","template":"","meta":{"footnotes":""},"categories":[10],"tags":[],"class_list":["post-33","page","type-page","status-publish","hentry","category-wirtschaft"],"_links":{"self":[{"href":"https:\/\/info-to-go.binational-leipzig.de\/pl\/wp-json\/wp\/v2\/pages\/33","targetHints":{"allow":["GET"]}}],"collection":[{"href":"https:\/\/info-to-go.binational-leipzig.de\/pl\/wp-json\/wp\/v2\/pages"}],"about":[{"href":"https:\/\/info-to-go.binational-leipzig.de\/pl\/wp-json\/wp\/v2\/types\/page"}],"author":[{"embeddable":true,"href":"https:\/\/info-to-go.binational-leipzig.de\/pl\/wp-json\/wp\/v2\/users\/1"}],"replies":[{"embeddable":true,"href":"https:\/\/info-to-go.binational-leipzig.de\/pl\/wp-json\/wp\/v2\/comments?post=33"}],"version-history":[{"count":11,"href":"https:\/\/info-to-go.binational-leipzig.de\/pl\/wp-json\/wp\/v2\/pages\/33\/revisions"}],"predecessor-version":[{"id":721,"href":"https:\/\/info-to-go.binational-leipzig.de\/pl\/wp-json\/wp\/v2\/pages\/33\/revisions\/721"}],"up":[{"embeddable":true,"href":"https:\/\/info-to-go.binational-leipzig.de\/pl\/wp-json\/wp\/v2\/pages\/8"}],"wp:attachment":[{"href":"https:\/\/info-to-go.binational-leipzig.de\/pl\/wp-json\/wp\/v2\/media?parent=33"}],"wp:term":[{"taxonomy":"category","embeddable":true,"href":"https:\/\/info-to-go.binational-leipzig.de\/pl\/wp-json\/wp\/v2\/categories?post=33"},{"taxonomy":"post_tag","embeddable":true,"href":"https:\/\/info-to-go.binational-leipzig.de\/pl\/wp-json\/wp\/v2\/tags?post=33"}],"curies":[{"name":"wp","href":"https:\/\/api.w.org\/{rel}","templated":true}]}}