{"id":35,"date":"2023-07-09T23:07:29","date_gmt":"2023-07-09T21:07:29","guid":{"rendered":"https:\/\/sprijin.binational-leipzig.de\/?page_id=35"},"modified":"2025-08-26T11:48:33","modified_gmt":"2025-08-26T09:48:33","slug":"deutsche-sprache","status":"publish","type":"page","link":"https:\/\/info-to-go.binational-leipzig.de\/pl\/start\/bildung\/deutsche-sprache\/","title":{"rendered":"J\u0119zyk niemiecki"},"content":{"rendered":"<div class=\"wp-block-esab-accordion accordion-88f2547e\" data-mode=\"global\"><div class=\"esab__container\">\n<div class=\"wp-block-esab-accordion-child\"><div class=\"esab__head\" role=\"button\" aria-expanded=\"false\"><div class=\"esab__heading_txt\"><h2 class=\"esab__heading_tag\">Co oznaczaj\u0105 skr\u00f3ty A1 German, B2 German itd.?\u00a0<\/h2><\/div><div class=\"esab__icon\"><div class=\"esab__collapse\"> <svg version=\"1.2\" viewbox=\"0 0 24 24\" width=\"24\" height=\"24\"><path fill-rule=\"evenodd\" d=\"m3.5 20.5c-4.7-4.7-4.7-12.3 0-17 4.7-4.7 12.3-4.7 17 0 4.6 4.7 4.6 12.3 0 17-4.7 4.6-12.3 4.6-17 0zm0.9-0.9c4.2 4.2 11 4.2 15.2 0 4.2-4.2 4.2-11 0-15.2-4.2-4.3-11-4.3-15.2 0-4.3 4.2-4.3 11 0 15.2z\"><\/path><path d=\"m11.4 15.9v-3.3h-3.3c-0.3 0-0.6-0.3-0.6-0.6 0-0.4 0.3-0.6 0.6-0.6h3.3v-3.3c0-0.3 0.3-0.6 0.6-0.6 0.3 0 0.6 0.3 0.6 0.6v3.3h3.3c0.3 0 0.6 0.2 0.6 0.6q0 0.2-0.2 0.4-0.2 0.2-0.4 0.2h-3.3v3.3q0 0.2-0.2 0.4-0.2 0.2-0.4 0.2c-0.4 0-0.6-0.3-0.6-0.6z\"><\/path><\/svg> <\/div><div class=\"esab__expand\"> <svg version=\"1.2\" viewbox=\"0 0 24 24\" width=\"24\" height=\"24\"><path fill-rule=\"evenodd\" d=\"m12 24c-6.6 0-12-5.4-12-12 0-6.6 5.4-12 12-12 6.6 0 12 5.4 12 12 0 6.6-5.4 12-12 12zm10.6-12c0-5.9-4.7-10.6-10.6-10.6-5.9 0-10.6 4.7-10.6 10.6 0 5.9 4.7 10.6 10.6 10.6 5.9 0 10.6-4.7 10.6-10.6z\"><\/path><path d=\"m5.6 11.3h12.8v1.4h-12.8z\"><\/path><\/svg> <\/div><\/div><\/div><div class=\"esab__body\">\n<p>Oznaczenia A1, B2 itd. oznaczaj\u0105, \u017ce dana osoba potrafi m\u00f3wi\u0107 po niemiecku na okre\u015blonym poziomie.<br>Wszystkie cz\u0119\u015bci j\u0119zyka s\u0105 wa\u017cne: s\u0142uchanie, czytanie, m\u00f3wienie i pisanie.<br>Dost\u0119pnych jest 6 poziom\u00f3w, od pocz\u0105tkuj\u0105cego do eksperta: A1, A2, B1, B2, C1, C2.<br><a href=\"https:\/\/integreat.app\/marburg-biedenkopf\/de\/sprache\/information-3\" target=\"_blank\" rel=\"noreferrer noopener\">Tutaj<\/a> Te 6 krok\u00f3w jest dobrze wyja\u015bnione.<\/p>\n<\/div><\/div>\n\n\n\n<div class=\"wp-block-esab-accordion-child\"><div class=\"esab__head\" role=\"button\" aria-expanded=\"false\"><div class=\"esab__heading_txt\"><h2 class=\"esab__heading_tag\">Jak mog\u0119 wzi\u0105\u0107 udzia\u0142 w kursie integracyjnym?\u00a0<\/h2><\/div><div class=\"esab__icon\"><div class=\"esab__collapse\"> <svg version=\"1.2\" viewbox=\"0 0 24 24\" width=\"24\" height=\"24\"><path fill-rule=\"evenodd\" d=\"m3.5 20.5c-4.7-4.7-4.7-12.3 0-17 4.7-4.7 12.3-4.7 17 0 4.6 4.7 4.6 12.3 0 17-4.7 4.6-12.3 4.6-17 0zm0.9-0.9c4.2 4.2 11 4.2 15.2 0 4.2-4.2 4.2-11 0-15.2-4.2-4.3-11-4.3-15.2 0-4.3 4.2-4.3 11 0 15.2z\"><\/path><path d=\"m11.4 15.9v-3.3h-3.3c-0.3 0-0.6-0.3-0.6-0.6 0-0.4 0.3-0.6 0.6-0.6h3.3v-3.3c0-0.3 0.3-0.6 0.6-0.6 0.3 0 0.6 0.3 0.6 0.6v3.3h3.3c0.3 0 0.6 0.2 0.6 0.6q0 0.2-0.2 0.4-0.2 0.2-0.4 0.2h-3.3v3.3q0 0.2-0.2 0.4-0.2 0.2-0.4 0.2c-0.4 0-0.6-0.3-0.6-0.6z\"><\/path><\/svg> <\/div><div class=\"esab__expand\"> <svg version=\"1.2\" viewbox=\"0 0 24 24\" width=\"24\" height=\"24\"><path fill-rule=\"evenodd\" d=\"m12 24c-6.6 0-12-5.4-12-12 0-6.6 5.4-12 12-12 6.6 0 12 5.4 12 12 0 6.6-5.4 12-12 12zm10.6-12c0-5.9-4.7-10.6-10.6-10.6-5.9 0-10.6 4.7-10.6 10.6 0 5.9 4.7 10.6 10.6 10.6 5.9 0 10.6-4.7 10.6-10.6z\"><\/path><path d=\"m5.6 11.3h12.8v1.4h-12.8z\"><\/path><\/svg> <\/div><\/div><\/div><div class=\"esab__body\">\n<p>Wiele os\u00f3b, kt\u00f3re jeszcze nie m\u00f3wi\u0105 dobrze po niemiecku, najpierw bierze udzia\u0142 w kursie integracyjnym.<br>Jest to kurs j\u0119zyka niemieckiego finansowany przez pa\u0144stwo.<br>Oznacza to, \u017ce jest ta\u0144szy ni\u017c inne kursy j\u0119zyka niemieckiego.<br>Niekt\u00f3rzy w og\u00f3le nie musz\u0105 p\u0142aci\u0107 za kurs.&nbsp;<\/p>\n\n\n\n<p>Kurs obejmuje poziomy od A1 do B1.<br>Nie musisz zaczyna\u0107 od poziomu A1, je\u015bli ju\u017c troch\u0119 m\u00f3wisz po niemiecku.<br>Najpierw zdajesz egzamin w szkole j\u0119zykowej. To jest tzw. test kwalifikacyjny.<br>Nast\u0119pnie szko\u0142a podejmie decyzj\u0119, jaki kurs rozpoczniesz.&nbsp;<\/p>\n\n\n\n<p><a href=\"https:\/\/bamf-navi.bamf.de\/de\/Themen\/Integrationskurse\/?coord=735271.5692864&amp;\" target=\"_blank\" rel=\"noreferrer noopener\">Na tej stronie<\/a> mo\u017cesz zobaczy\u0107 wszystkie szko\u0142y j\u0119zykowe w Lipsku, kt\u00f3re oferuj\u0105 kursy integracyjne.<br>Znajdziesz tam wszystkie informacje o poziomie kursu, godzinach zaj\u0119\u0107, adresach i danych kontaktowych szk\u00f3\u0142.<\/p>\n\n\n\n<p>Je\u015bli chcesz wzi\u0105\u0107 udzia\u0142 w kursie integracyjnym, musisz uzyska\u0107 zezwolenie.<br>To uprawnienie nazywa si\u0119 \u201eautoryzacj\u0105\u201d. Prosz\u0119 zwr\u00f3ci\u0107 si\u0119 o takie zatwierdzenie do BAMF.<br><a href=\"https:\/\/www.bamf.de\/SharedDocs\/Anlagen\/DE\/Integration\/Integrationskurse\/Kursteilnehmer\/AntraegeAlle\/630-007_antrag-zulassung-integrationskurs-ausl_pdf.pdf?__blob=publicationFile&amp;v=27\" target=\"_blank\" rel=\"noreferrer noopener\">Tutaj<\/a> jest form\u0105. Wy\u015blij formularz do BAMF tutaj:&nbsp;<\/p>\n\n\n\n<p class=\"has-text-align-center\">BAM-F&nbsp;<\/p>\n\n\n\n<p class=\"has-text-align-center\">Otto-Schmerbach-Stra\u00dfe 20&nbsp;<\/p>\n\n\n\n<p class=\"has-text-align-center\">09117 Chemnitz&nbsp;<\/p>\n\n\n\n<p>Je\u015bli chcesz wzi\u0105\u0107 udzia\u0142 w kursie, musisz uko\u0144czy\u0107 pierwsz\u0105 cz\u0119\u015b\u0107.<br>Je\u015bli nie mo\u017cesz op\u0142aci\u0107 kursu, musisz wype\u0142ni\u0107 drug\u0105 cz\u0119\u015b\u0107: \u201eUbiegam si\u0119 o zwolnienie z op\u0142aty za kurs integracyjny\u201d.&nbsp;<\/p>\n\n\n\n<p>Je\u017celi nie mo\u017cesz zap\u0142aci\u0107, musisz do\u0142\u0105czy\u0107 dow\u00f3d zap\u0142aty do formularza.<br>Na przyk\u0142ad wniosek o zasi\u0142ek obywatelski, dodatek mieszkaniowy lub Leipzig Pass.<br>Nie musisz r\u00f3wnie\u017c p\u0142aci\u0107, je\u015bli pracujesz i nie zarabiasz wi\u0119cej ni\u017c 2491 euro brutto (bez dzieci); 3246\u20ac (z 1 dzieckiem); 4001 \u20ac (przy dw\u00f3jce lub wi\u0119kszej liczbie dzieci).<br>W takim przypadku prosimy o do\u0142\u0105czenie do formularza pask\u00f3w p\u0142acowych.&nbsp;<\/p>\n\n\n\n<p><a href=\"https:\/\/www.bamf.de\/SharedDocs\/Anlagen\/DE\/Integration\/Integrationskurse\/Kursteilnehmer\/Merkblaetter\/630-036_merkblatt-auslaenderbehoerde.pdf?__blob=publicationFile&amp;v=40+\" target=\"_blank\" rel=\"noreferrer noopener\">Tutaj<\/a> Du\u017co informacji o kursie integracyjnym mo\u017cna uzyska\u0107 bezpo\u015brednio od BAMF.<\/p>\n<\/div><\/div>\n\n\n\n<div class=\"wp-block-esab-accordion-child\"><div class=\"esab__head\" role=\"button\" aria-expanded=\"false\"><div class=\"esab__heading_txt\"><h2 class=\"esab__heading_tag\">Posiadam ju\u017c poziom B1 j\u0119zyka niemieckiego. Jak mog\u0119 nauczy\u0107 si\u0119 wi\u0119cej j\u0119zyka niemieckiego?\u00a0<\/h2><\/div><div class=\"esab__icon\"><div class=\"esab__collapse\"> <svg version=\"1.2\" viewbox=\"0 0 24 24\" width=\"24\" height=\"24\"><path fill-rule=\"evenodd\" d=\"m3.5 20.5c-4.7-4.7-4.7-12.3 0-17 4.7-4.7 12.3-4.7 17 0 4.6 4.7 4.6 12.3 0 17-4.7 4.6-12.3 4.6-17 0zm0.9-0.9c4.2 4.2 11 4.2 15.2 0 4.2-4.2 4.2-11 0-15.2-4.2-4.3-11-4.3-15.2 0-4.3 4.2-4.3 11 0 15.2z\"><\/path><path d=\"m11.4 15.9v-3.3h-3.3c-0.3 0-0.6-0.3-0.6-0.6 0-0.4 0.3-0.6 0.6-0.6h3.3v-3.3c0-0.3 0.3-0.6 0.6-0.6 0.3 0 0.6 0.3 0.6 0.6v3.3h3.3c0.3 0 0.6 0.2 0.6 0.6q0 0.2-0.2 0.4-0.2 0.2-0.4 0.2h-3.3v3.3q0 0.2-0.2 0.4-0.2 0.2-0.4 0.2c-0.4 0-0.6-0.3-0.6-0.6z\"><\/path><\/svg> <\/div><div class=\"esab__expand\"> <svg version=\"1.2\" viewbox=\"0 0 24 24\" width=\"24\" height=\"24\"><path fill-rule=\"evenodd\" d=\"m12 24c-6.6 0-12-5.4-12-12 0-6.6 5.4-12 12-12 6.6 0 12 5.4 12 12 0 6.6-5.4 12-12 12zm10.6-12c0-5.9-4.7-10.6-10.6-10.6-5.9 0-10.6 4.7-10.6 10.6 0 5.9 4.7 10.6 10.6 10.6 5.9 0 10.6-4.7 10.6-10.6z\"><\/path><path d=\"m5.6 11.3h12.8v1.4h-12.8z\"><\/path><\/svg> <\/div><\/div><\/div><div class=\"esab__body\">\n<p>Od poziomu B1 mo\u017cesz uczestniczy\u0107 w kursie j\u0119zyka zawodowego. Poziomy to B2, C1 lub C2.<br>Na kursie j\u0119zykowym zawodowym wi\u0119kszy nacisk po\u0142o\u017cony jest na znajomo\u015b\u0107 j\u0119zyka niemieckiego w pracy.<br>Kurs ten jest finansowany przez rz\u0105d, wi\u0119c nie jest tak drogi.&nbsp;<\/p>\n\n\n\n<p>Aby wzi\u0105\u0107 udzia\u0142 w kursie, musisz uzyska\u0107 pozwolenie.<br>Je\u015bli jeste\u015b bezrobotny, mo\u017cesz uzyska\u0107 zasi\u0142ek w urz\u0119dzie pracy lub agencji zatrudnienia.<br>Je\u015bli pracujesz, zwr\u00f3\u0107 si\u0119 o pozwolenie bezpo\u015brednio do BAMF.&nbsp;<\/p>\n\n\n\n<p>Je\u015bli masz pozwolenie, mo\u017cesz wyszuka\u0107 kurs na stronie KURSNET.<br><a href=\"https:\/\/web.arbeitsagentur.de\/sprachfoerderung\/suche\/berufssprachkurse?ort=Leipzig_12.3781_51.3383&amp;umkreis=10&amp;seite=0\" target=\"_blank\" rel=\"noreferrer noopener\">Tutaj<\/a> Kursy odbywaj\u0105 si\u0119 w Lipsku.<\/p>\n\n\n\n<p>Niekt\u00f3rzy musz\u0105 p\u0142aci\u0107 za kurs, inni nie.<br>Zale\u017cy to od tego, ile zarabiasz.<br>Je\u015bli zap\u0142acisz i uko\u0144czysz kurs pomy\u015blnie, mo\u017cesz odzyska\u0107 501% koszt\u00f3w.<br><a href=\"https:\/\/www.bamf.de\/DE\/Themen\/Integration\/ZugewanderteTeilnehmende\/DeutschBeruf\/deutsch-beruf.html?nn=282656#a_284040_1\" target=\"_blank\" rel=\"noreferrer noopener\">Tutaj<\/a> Znajdziesz wi\u0119cej informacji i niezb\u0119dne formularze.<\/p>\n<\/div><\/div>\n\n\n\n<div class=\"wp-block-esab-accordion-child\"><div class=\"esab__head\" role=\"button\" aria-expanded=\"false\"><div class=\"esab__heading_txt\"><h2 class=\"esab__heading_tag\">Gdzie jeszcze mog\u0119 nauczy\u0107 si\u0119 j\u0119zyka niemieckiego?\u00a0<\/h2><\/div><div class=\"esab__icon\"><div class=\"esab__collapse\"> <svg version=\"1.2\" viewbox=\"0 0 24 24\" width=\"24\" height=\"24\"><path fill-rule=\"evenodd\" d=\"m3.5 20.5c-4.7-4.7-4.7-12.3 0-17 4.7-4.7 12.3-4.7 17 0 4.6 4.7 4.6 12.3 0 17-4.7 4.6-12.3 4.6-17 0zm0.9-0.9c4.2 4.2 11 4.2 15.2 0 4.2-4.2 4.2-11 0-15.2-4.2-4.3-11-4.3-15.2 0-4.3 4.2-4.3 11 0 15.2z\"><\/path><path d=\"m11.4 15.9v-3.3h-3.3c-0.3 0-0.6-0.3-0.6-0.6 0-0.4 0.3-0.6 0.6-0.6h3.3v-3.3c0-0.3 0.3-0.6 0.6-0.6 0.3 0 0.6 0.3 0.6 0.6v3.3h3.3c0.3 0 0.6 0.2 0.6 0.6q0 0.2-0.2 0.4-0.2 0.2-0.4 0.2h-3.3v3.3q0 0.2-0.2 0.4-0.2 0.2-0.4 0.2c-0.4 0-0.6-0.3-0.6-0.6z\"><\/path><\/svg> <\/div><div class=\"esab__expand\"> <svg version=\"1.2\" viewbox=\"0 0 24 24\" width=\"24\" height=\"24\"><path fill-rule=\"evenodd\" d=\"m12 24c-6.6 0-12-5.4-12-12 0-6.6 5.4-12 12-12 6.6 0 12 5.4 12 12 0 6.6-5.4 12-12 12zm10.6-12c0-5.9-4.7-10.6-10.6-10.6-5.9 0-10.6 4.7-10.6 10.6 0 5.9 4.7 10.6 10.6 10.6 5.9 0 10.6-4.7 10.6-10.6z\"><\/path><path d=\"m5.6 11.3h12.8v1.4h-12.8z\"><\/path><\/svg> <\/div><\/div><\/div><div class=\"esab__body\">\n<p>W Lipsku s\u0105 r\u00f3wnie\u017c inne miejsca, gdzie mo\u017cna nauczy\u0107 si\u0119 j\u0119zyka niemieckiego.<br>S\u0105 to zazwyczaj nieformalne kursy, za kt\u00f3re nie trzeba p\u0142aci\u0107 wcale lub p\u0142aci si\u0119 bardzo ma\u0142o.<br>Mo\u017cesz po prostu wpa\u015b\u0107 lub zarejestrowa\u0107 si\u0119 na kr\u00f3tko.<br><a href=\"https:\/\/www.leipzig.de\/jugend-familie-und-soziales\/auslaender-und-migranten\/migration-und-integration\/deutsch-lernen-und-sprache\/beratungsangebote-und-informationen-zum-thema\" target=\"_blank\" rel=\"noreferrer noopener\">Tutaj<\/a> wszystkie te kursy i kursy konwersacyjne s\u0105 wymienione.<\/p>\n\n\n\n<p>Biblioteka Miejska w Lipsku udost\u0119pnia wiele materia\u0142\u00f3w dla os\u00f3b chc\u0105cych nauczy\u0107 si\u0119 j\u0119zyka niemieckiego.<br>Jest du\u017co materia\u0142u w <a href=\"https:\/\/stadtbibliothek.leipzig.de\/macht-mit\/kreative-freiraeume\" target=\"_blank\" rel=\"noopener\">Pok\u00f3j j\u0119zykowy<\/a> Tam. Mo\u017cesz po prostu wypr\u00f3bowa\u0107 aplikacj\u0119 za darmo.<br>Je\u015bli chcesz wypo\u017cyczy\u0107 ksi\u0105\u017cki i zabra\u0107 je do domu, potrzebujesz karty bibliotecznej.<br>Koszt wynosi 20 \u20ac rocznie. Dzieci mog\u0105 wst\u0119powa\u0107 bezp\u0142atnie, a posiadacze karnetu Leipzig Pass p\u0142ac\u0105 10 euro rocznie. <\/p>\n\n\n\n<p>Je\u015bli podejmiesz si\u0119 pracy wolontariackiej, przy okazji nauczysz si\u0119 troch\u0119 j\u0119zyka niemieckiego.<br>Praca wolontariacka jest podobna do pracy nieodp\u0142atnej.<br>Robisz to, aby pom\u00f3c innym ludziom. Na przyk\u0142ad ludzie m\u0142odzi i starsi.<br>Ale poznajesz nowych ludzi i zaczynasz m\u00f3wi\u0107 wi\u0119cej po niemiecku.<br>Nie zawsze trzeba dobrze m\u00f3wi\u0107 po niemiecku, \u017ceby co\u015b takiego zrobi\u0107.<br>W <a href=\"https:\/\/freiwilligen-agentur-leipzig.de\/\" target=\"_blank\" rel=\"noreferrer noopener\">Agencja wolontariatu<\/a> mo\u017cna znale\u017a\u0107 takie dzia\u0142ania. <\/p>\n\n\n\n<p>Niekt\u00f3rzy ludzie wybieraj\u0105 tandem j\u0119zykowy.<br>Dwie osoby pomagaj\u0105 sobie nawzajem w nauce j\u0119zyk\u00f3w.<br>Na przyk\u0142ad, kto\u015b m\u00f3wi po rosyjsku i chce nauczy\u0107 si\u0119 hiszpa\u0144skiego.<br>Inna osoba m\u00f3wi po hiszpa\u0144sku i chce nauczy\u0107 si\u0119 rosyjskiego.<br>Dwie osoby spotykaj\u0105 si\u0119 i \u0107wicz\u0105 oba j\u0119zyki.<br><a href=\"http:\/\/www.sprachtandem-leipzig.de\/de\/info.html\" target=\"_blank\" rel=\"noreferrer noopener\">Tutaj<\/a> mo\u017cesz wyszuka\u0107 tandem j\u0119zykowy.<\/p>\n\n\n\n<p>W Internecie znajduje si\u0119 r\u00f3wnie\u017c wiele \u017ar\u00f3de\u0142, z kt\u00f3rych mo\u017cesz nauczy\u0107 si\u0119 j\u0119zyka niemieckiego.<br>Na przyk\u0142ad <a href=\"https:\/\/www.duolingo.com\/learn\" target=\"_blank\" rel=\"noreferrer noopener\">Duolingo<\/a> lub na YouTube, TikToku i Instagramie.<br>Ten <a href=\"https:\/\/www.goethe.de\/de\/spr\/ueb.html\" target=\"_blank\" rel=\"noreferrer noopener\">Instytut Goethego<\/a> I <a href=\"https:\/\/learngerman.dw.com\/de\/deutsch-lernen\/s-9095\" target=\"_blank\" rel=\"noreferrer noopener\">Fala niemiecka<\/a> maj\u0105 du\u017co tre\u015bci dla os\u00f3b chc\u0105cych nauczy\u0107 si\u0119 j\u0119zyka niemieckiego.<\/p>\n<\/div><\/div>\n<\/div><\/div>\n<div class=\"gsp_post_data\" \r\n\t            data-post_type=\"page\" \r\n\t            data-cat=\"bildung\" \r\n\t            data-modified=\"120\"\r\n\t            data-created=\"1688944049\"\r\n\t            data-title=\"Deutsche Sprache\" \r\n\t            data-home=\"https:\/\/info-to-go.binational-leipzig.de\/pl\"><\/div>","protected":false},"excerpt":{"rendered":"","protected":false},"author":1,"featured_media":0,"parent":10,"menu_order":1,"comment_status":"closed","ping_status":"closed","template":"","meta":{"footnotes":""},"categories":[11],"tags":[],"class_list":["post-35","page","type-page","status-publish","hentry","category-bildung"],"_links":{"self":[{"href":"https:\/\/info-to-go.binational-leipzig.de\/pl\/wp-json\/wp\/v2\/pages\/35","targetHints":{"allow":["GET"]}}],"collection":[{"href":"https:\/\/info-to-go.binational-leipzig.de\/pl\/wp-json\/wp\/v2\/pages"}],"about":[{"href":"https:\/\/info-to-go.binational-leipzig.de\/pl\/wp-json\/wp\/v2\/types\/page"}],"author":[{"embeddable":true,"href":"https:\/\/info-to-go.binational-leipzig.de\/pl\/wp-json\/wp\/v2\/users\/1"}],"replies":[{"embeddable":true,"href":"https:\/\/info-to-go.binational-leipzig.de\/pl\/wp-json\/wp\/v2\/comments?post=35"}],"version-history":[{"count":11,"href":"https:\/\/info-to-go.binational-leipzig.de\/pl\/wp-json\/wp\/v2\/pages\/35\/revisions"}],"predecessor-version":[{"id":639,"href":"https:\/\/info-to-go.binational-leipzig.de\/pl\/wp-json\/wp\/v2\/pages\/35\/revisions\/639"}],"up":[{"embeddable":true,"href":"https:\/\/info-to-go.binational-leipzig.de\/pl\/wp-json\/wp\/v2\/pages\/10"}],"wp:attachment":[{"href":"https:\/\/info-to-go.binational-leipzig.de\/pl\/wp-json\/wp\/v2\/media?parent=35"}],"wp:term":[{"taxonomy":"category","embeddable":true,"href":"https:\/\/info-to-go.binational-leipzig.de\/pl\/wp-json\/wp\/v2\/categories?post=35"},{"taxonomy":"post_tag","embeddable":true,"href":"https:\/\/info-to-go.binational-leipzig.de\/pl\/wp-json\/wp\/v2\/tags?post=35"}],"curies":[{"name":"wp","href":"https:\/\/api.w.org\/{rel}","templated":true}]}}