{"id":598,"date":"2025-06-25T11:47:50","date_gmt":"2025-06-25T09:47:50","guid":{"rendered":"https:\/\/info-to-go.binational-leipzig.de\/?page_id=598"},"modified":"2025-06-25T11:47:51","modified_gmt":"2025-06-25T09:47:51","slug":"barrierefreiheitserklaerung","status":"publish","type":"page","link":"https:\/\/info-to-go.binational-leipzig.de\/pl\/barrierefreiheitserklaerung\/","title":{"rendered":"O\u015bwiadczenie o dost\u0119pno\u015bci"},"content":{"rendered":"<h3 class=\"wp-block-heading\">O\u015bwiadczenie o dost\u0119pno\u015bci<\/h3>\n\n\n\n<p><strong>Stowarzyszenie rodzin i sp\u00f3\u0142ek binarodowych, iaf eV, biuro w Lipsku i biuro doradcze<\/strong>&nbsp;d\u0105\u017cy do tego, aby jej witryna by\u0142a u\u017cyteczna zgodnie z wymogami prawnymi dotycz\u0105cymi dost\u0119pno\u015bci. Niniejsze o\u015bwiadczenie o dost\u0119pno\u015bci ma zastosowanie do witryny&nbsp;<a href=\"https:\/\/binational-leipzig.de\/\"><strong>binarodowy-leipzig.de<\/strong><\/a><\/p>\n\n\n\n<hr class=\"wp-block-separator has-alpha-channel-opacity\"\/>\n\n\n\n<h3 class=\"wp-block-heading\"><strong>Status spe\u0142nienia wymaga\u0144<\/strong><\/h3>\n\n\n\n<p>Ta strona internetowa jest&nbsp;<strong>cz\u0119\u015bciowo<\/strong>&nbsp;z wymaganiami&nbsp;<strong>Rozporz\u0105dzenie w sprawie technologii informatycznych bez barier (BITV 2.0) i dyrektywa UE 2016\/2102<\/strong>&nbsp;Ci\u0105gle pracujemy nad usuwaniem barier i udoskonalaniem us\u0142ug tak, aby by\u0142y przyjazne dla ka\u017cdego u\u017cytkownika.<\/p>\n\n\n\n<hr class=\"wp-block-separator has-alpha-channel-opacity\"\/>\n\n\n\n<h3 class=\"wp-block-heading\"><strong>Tre\u015b\u0107 niedost\u0119pna<\/strong><\/h3>\n\n\n\n<p>Mimo naszych wysi\u0142k\u00f3w istniej\u0105 pewne obszary, kt\u00f3re nie s\u0105 w pe\u0142ni dost\u0119pne:<\/p>\n\n\n\n<ul class=\"wp-block-list\">\n<li><strong>Dokumenty PDF<\/strong>:Niekt\u00f3re starsze pliki PDF nie s\u0105 sformatowane w spos\u00f3b umo\u017cliwiaj\u0105cy \u0142atwy dost\u0119p.<\/li>\n\n\n\n<li><strong>Teksty alternatywne<\/strong>: Niekt\u00f3re obrazy lub elementy graficzne mog\u0105 nie zawiera\u0107 wystarczaj\u0105cej ilo\u015bci tekstu alternatywnego.<\/li>\n\n\n\n<li><strong>Nawigacja i u\u017cyteczno\u015b\u0107<\/strong>:Poszczeg\u00f3lne elementy interaktywne mog\u0105 nie by\u0107 w pe\u0142ni sterowane przy u\u017cyciu klawiatury.<\/li>\n\n\n\n<li><strong>Filmy<\/strong>:Niekt\u00f3re osadzone filmy nie maj\u0105 napis\u00f3w ani audiodeskrypcji.<\/li>\n<\/ul>\n\n\n\n<p>Pracujemy nad stopniowym korygowaniem tych niedoci\u0105gni\u0119\u0107.<\/p>\n\n\n\n<hr class=\"wp-block-separator has-alpha-channel-opacity\"\/>\n\n\n\n<h3 class=\"wp-block-heading\"><strong>Przygotowanie niniejszej deklaracji<\/strong><\/h3>\n\n\n\n<p>O\u015bwiadczenie to zosta\u0142o z\u0142o\u017cone dnia&nbsp;<strong>10.01.2025<\/strong>&nbsp;utworzono i ostatnio zaktualizowano&nbsp;<strong>19.02.2025<\/strong>&nbsp;sprawdzony.<br><br>Strona internetowa zosta\u0142a oceniona przez&nbsp;<strong>wewn\u0119trzna samoocena<\/strong>&nbsp;jak r\u00f3wnie\u017c wykorzystuj\u0105c testy automatyczne.<\/p>\n\n\n\n<hr class=\"wp-block-separator has-alpha-channel-opacity\"\/>\n\n\n\n<h3 class=\"wp-block-heading\"><strong>Informacje zwrotne i kontaktowe<\/strong><\/h3>\n\n\n\n<p>Je\u015bli natkniesz si\u0119 na jakiekolwiek bariery na naszej stronie internetowej lub masz sugestie dotycz\u0105ce jej udoskonalenia, skontaktuj si\u0119 z nami:<\/p>\n\n\n\n<p>Stowarzyszenie Rodzin i Partnerstw Dwunarodowych, iaf eV<br>Biuro Biznesu i Doradztwa Lipsk<br><br><a href=\"https:\/\/www.google.com\/maps\/place\/Verband+binationaler+Familien+u.+Partnerschaften+e.V.\/@51.3232198,12.3793402,18.79z\/data=!4m5!3m4!1s0x0:0x280bc9ed9b02c389!8m2!3d51.3232449!4d12.3798815\" target=\"_blank\" rel=\"noreferrer noopener\">ulica Arndtstra\u00dfe 63<br>04275 Lipsk<\/a><br><br>Telefon: 0341-6 88 00 22<br>E-mail:&nbsp;<a href=\"http:\/\/leipzig@verband-binationaler-de\/\" rel=\"noreferrer noopener\" target=\"_blank\">leipzig@verband-binationaler-de<\/a><\/p>\n\n\n\n<hr class=\"wp-block-separator has-alpha-channel-opacity\"\/>\n\n\n\n<h3 class=\"wp-block-heading\"><strong>Post\u0119powanie egzekucyjne<\/strong><\/h3>\n\n\n\n<p>Je\u017celi nie uzyskasz satysfakcjonuj\u0105cej odpowiedzi na swoje pytanie dotycz\u0105ce dost\u0119pno\u015bci naszej witryny internetowej, mo\u017cesz skontaktowa\u0107 si\u0119 z&nbsp;<strong>Organ egzekucyjny&nbsp;<\/strong>odwraca\u0107 si\u0119:<\/p>\n\n\n\n<p><strong>Sakso\u0144ski Organ Monitoruj\u0105cy Dost\u0119pno\u015b\u0107 Cyfrow\u0105<\/strong><br>Sakso\u0144skie Ministerstwo Spraw Spo\u0142ecznych i Sp\u00f3jno\u015bci Spo\u0142ecznej<br>E-mail:&nbsp;<a href=\"mailto:durchsetzungsstelle@sk.sachsen.de\">durchsetzungsstelle@sk.sachsen.de<\/a><br>Sie\u0107:&nbsp;<a href=\"https:\/\/www.durchsetzungsstelle.sachsen.de\/\" rel=\"noreferrer noopener\" target=\"_blank\">www.durchsetzungsstelle.sachsen.de<\/a><\/p>\n\n\n\n<hr class=\"wp-block-separator has-alpha-channel-opacity\"\/>\n\n\n\n<p>Ci\u0105gle pracujemy nad tym, aby nasza obecno\u015b\u0107 cyfrowa by\u0142a jak najbardziej dost\u0119pna dla ka\u017cdego. Dzi\u0119kujemy za Wasze opinie!<\/p>\n<div class=\"gsp_post_data\" \r\n\t            data-post_type=\"page\" \r\n\t            data-cat=\"\" \r\n\t            data-modified=\"120\"\r\n\t            data-created=\"1750852070\"\r\n\t            data-title=\"Barrierefreiheitserkl\u00e4rung\" \r\n\t            data-home=\"https:\/\/info-to-go.binational-leipzig.de\/pl\"><\/div>","protected":false},"excerpt":{"rendered":"<p>Erkl\u00e4rung zur Barrierefreiheit Verband binationaler Familien und Partnerschaften, iaf e.V. Gesch\u00e4fts- und Beratungsstelle Leipzig&nbsp;ist bestrebt, ihre Website in \u00dcbereinstimmung mit den gesetzlichen Vorgaben zur Barrierefreiheit nutzbar zu machen. Diese Erkl\u00e4rung zur Barrierefreiheit gilt f\u00fcr die Website&nbsp;binational-leipzig.de Stand der Vereinbarkeit mit den Anforderungen Diese Website ist&nbsp;teilweise&nbsp;mit den Anforderungen der&nbsp;Barrierefreie-Informationstechnik-Verordnung (BITV 2.0) sowie der EU-Richtlinie 2016\/2102&nbsp;vereinbar. Wir [&hellip;]<\/p>\n","protected":false},"author":2,"featured_media":0,"parent":0,"menu_order":0,"comment_status":"closed","ping_status":"closed","template":"","meta":{"footnotes":""},"categories":[],"tags":[],"class_list":["post-598","page","type-page","status-publish","hentry"],"_links":{"self":[{"href":"https:\/\/info-to-go.binational-leipzig.de\/pl\/wp-json\/wp\/v2\/pages\/598","targetHints":{"allow":["GET"]}}],"collection":[{"href":"https:\/\/info-to-go.binational-leipzig.de\/pl\/wp-json\/wp\/v2\/pages"}],"about":[{"href":"https:\/\/info-to-go.binational-leipzig.de\/pl\/wp-json\/wp\/v2\/types\/page"}],"author":[{"embeddable":true,"href":"https:\/\/info-to-go.binational-leipzig.de\/pl\/wp-json\/wp\/v2\/users\/2"}],"replies":[{"embeddable":true,"href":"https:\/\/info-to-go.binational-leipzig.de\/pl\/wp-json\/wp\/v2\/comments?post=598"}],"version-history":[{"count":1,"href":"https:\/\/info-to-go.binational-leipzig.de\/pl\/wp-json\/wp\/v2\/pages\/598\/revisions"}],"predecessor-version":[{"id":599,"href":"https:\/\/info-to-go.binational-leipzig.de\/pl\/wp-json\/wp\/v2\/pages\/598\/revisions\/599"}],"wp:attachment":[{"href":"https:\/\/info-to-go.binational-leipzig.de\/pl\/wp-json\/wp\/v2\/media?parent=598"}],"wp:term":[{"taxonomy":"category","embeddable":true,"href":"https:\/\/info-to-go.binational-leipzig.de\/pl\/wp-json\/wp\/v2\/categories?post=598"},{"taxonomy":"post_tag","embeddable":true,"href":"https:\/\/info-to-go.binational-leipzig.de\/pl\/wp-json\/wp\/v2\/tags?post=598"}],"curies":[{"name":"wp","href":"https:\/\/api.w.org\/{rel}","templated":true}]}}