{"id":399,"date":"2024-01-17T12:08:03","date_gmt":"2024-01-17T11:08:03","guid":{"rendered":"https:\/\/info-to-go.binational-leipzig.de\/?page_id=399"},"modified":"2024-07-31T12:56:05","modified_gmt":"2024-07-31T10:56:05","slug":"impressum","status":"publish","type":"page","link":"https:\/\/info-to-go.binational-leipzig.de\/ps\/impressum\/","title":{"rendered":"\u0646\u069a\u0627\u0646"},"content":{"rendered":"<p><strong>\u062f \u00a7 5 TMG \u0645\u0637\u0627\u0628\u0642 \u0645\u0639\u0644\u0648\u0645\u0627\u062a<\/strong><\/p>\n\n\n\n<p>\u062f \u062f\u0648\u0647 \u0627\u0693\u062e\u06cc\u0632\u0648 \u06a9\u0648\u0631\u0646\u06cc\u0648 \u0627\u0648 \u0645\u0644\u06ab\u0631\u062a\u06cc\u0627\u0648 \u067c\u0648\u0644\u0646\u0647\u060c iaf eV<br>\u0644\u0648\u062f\u0648\u0644\u0641\u0633\u067c\u0631\u0627\u0633 \u06f2-\u06f4<br>\u06f6\u06f0\u06f4\u06f8\u06f7 \u0641\u0631\u0627\u0646\u06a9\u0641\u0648\u0631\u062a \u0627\u0645 \u0645\u06cc\u0646<\/p>\n\n\n\n<p><strong>\u0627\u0633\u062a\u0627\u0632\u06cc\u062a\u0648\u0628 \u06cc\u06d0<\/strong><\/p>\n\n\n\n<p>\u0622\u0633\u06cc \u0628\u0627\u0644\u06cc\u06a9\u06cc-\u0634\u0645\u06cc\u062a\u060c \u0646\u062a\u0627\u0644\u06cc\u0627 \u0628\u0648\u06ab\u0627\u062c-\u0648\u0644\u0641\u0631\u0627\u0645<\/p>\n\n\n\n<p>\u062f \u00a7 30 BGB \u0645\u0637\u0627\u0628\u0642 \u0681\u0627\u0646\u06ab\u0693\u06cc \u0627\u0633\u062a\u0627\u0632\u06cc: NN<\/p>\n\n\n\n<p>\u062f \u0645\u062d\u06a9\u0645\u06d0 \u062b\u0628\u062a:<\/p>\n\n\n\n<p>\u062f \u0641\u0631\u0627\u0646\u06a9\u0641\u0648\u0631\u062a \u062f \u0627\u0635\u0644\u064a \u067c\u0648\u0644\u0646\u06d0 \u062f \u0648\u0644\u0633\u0648\u0627\u0644\u06cd \u0645\u062d\u06a9\u0645\u0647 \u062f \u0631\u0627\u062c\u0633\u067c\u0631\u06cc\u0634\u0646 \u0634\u0645\u06cc\u0631\u0647: VR 6728<\/p>\n\n\n\n<p>\u062f \u0645\u0627\u0644\u06cc\u06d0 \u062f\u0641\u062a\u0631 \u0641\u0631\u0627\u0646\u06a9\u0641\u0648\u0631\u062a V \u062f \u0645\u0627\u0644\u06cc\u06d0 \u0634\u0645\u06cc\u0631\u0647 014 250 63357<\/p>\n\n\n\n<p><strong>\u0627\u0693\u06cc\u06a9\u0647<\/strong><\/p>\n\n\n\n<p>\u067c\u06cc\u0644\u06cc\u0641\u0648\u0646: +\u06f4\u06f9 (\u06f0) \u06f6\u06f9 \u06f7\u06f1\u06f3 \u06f7\u06f5\u06f6 \u2013 \u06f0<br>\u0641\u06a9\u0633: +\u06f4\u06f9 (\u06f0) \u06f6\u06f9 \u06f7\u06f0\u06f7 \u06f5\u06f0 \u06f9\u06f2<br>\u0628\u0631\u06d0\u069a\u0646\u0627\u0644\u06cc\u06a9: info@verband-binationaler.de<\/p>\n\n\n\n<p><strong>\u062f \u0646\u0648\u0645 \u0644\u06cc\u06a9\u0646\u06d0 \u062b\u0628\u062a\u0648\u0644<\/strong><\/p>\n\n\n\n<p>\u062f \u067c\u0648\u0644\u0646\u0648 \u067e\u0647 \u0631\u0627\u062c\u0633\u062a\u0631 \u06a9\u06d0 \u0646\u0648\u0645 \u0644\u06cc\u06a9\u0646\u0647.<br>\u062f \u0631\u0627\u062c\u0633\u062a\u0631 \u0645\u062d\u06a9\u0645\u0647: \u062f \u0641\u0631\u0627\u0646\u06a9\u0641\u0648\u0631\u062a \u0627\u0645 \u0645\u06cc\u0646 \u0648\u0644\u0633\u0648\u0627\u0644\u06cd \u0645\u062d\u06a9\u0645\u0647<br>\u062f \u0646\u0648\u0645 \u0644\u06cc\u06a9\u0646\u06d0 \u0634\u0645\u06cc\u0631\u0647: VR 6728<\/p>\n\n\n\n<p><strong>\u0648\u06cc\u067c<\/strong><\/p>\n\n\n\n<p>\u062f VAT \u0642\u0627\u0646\u0648\u0646 \u062f \u06f2\u06f7 \u0627\u0644\u0641 \u0628\u0631\u062e\u06d0 \u0633\u0631\u0647 \u0633\u0645 \u062f VAT \u067e\u06cc\u0698\u0646\u062f\u0646\u06d0 \u0634\u0645\u06cc\u0631\u0647:<br>\u062f DE114234727 \u0645\u0639\u0631\u0641\u064a \u06a9\u0648\u0644<\/p>\n\n\n\n<p><strong>\u062f \u0634\u062e\u0693\u0648 \u0647\u0648\u0627\u0631\u0648\u0644<\/strong><\/p>\n\n\n\n<p>\u0645\u0648\u0696 \u062f \u0645\u0635\u0631\u0641 \u06a9\u0648\u0646\u06a9\u064a \u0645\u0646\u0681\u06ab\u0693\u06cc\u062a\u0648\u0628 \u0628\u0648\u0631\u0689 \u067e\u0647 \u0648\u0693\u0627\u0646\u062f\u06d0 \u062f \u0634\u062e\u0693\u0648 \u062f \u062d\u0644 \u067e\u0647 \u067e\u0631\u0648\u0633\u0647 \u06a9\u06d0 \u062f \u06ab\u0689\u0648\u0646 \u0644\u067e\u0627\u0631\u0647 \u0644\u06cc\u0648\u0627\u0644\u0647 \u06cc\u0627 \u0645\u06a9\u0644\u0641 \u0646\u0647 \u06cc\u0648.<\/p>\n\n\n\n<p><strong>\u0633\u0631\u0686\u06cc\u0646\u06d0<\/strong><\/p>\n\n\n\n<p>\u062a\u062e\u0646\u06cc\u06a9\u064a \u062a\u0637\u0628\u06cc\u0642: \u0633\u067c\u06cc\u0641\u0646 \u0648\u06cc\u0646 \u0627\u0648 \u0627\u062d\u0645\u062f \u0627\u06cc\u0631\u0689\u0645 \u0633\u06cc\u0646\u062a\u0631\u06a9<br>\u062f \u0648\u06cc\u0628 \u0689\u06cc\u0632\u0627\u06cc\u0646: \u06a9\u0631\u06cc\u0633 \u0634\u0646\u0627\u06cc\u0689\u0631<\/p>\n\n\n\n<p><strong>\u0639\u06a9\u0633\u0648\u0646\u0647<\/strong><\/p>\n\n\n\n<p>&quot;\u0645\u0648\u0696 \u0685\u0648\u06a9 \u06cc\u0648&quot;: \u0645\u062d\u0645\u062f \u0627\u0631\u0628\u0627\u063a<\/p>\n\n\n\n<p><strong>\u0642\u0627\u0646\u0648\u0646\u064a \u062e\u0628\u0631\u062a\u06cc\u0627<\/strong><\/p>\n\n\n\n<p>\u062f \u0645\u062d\u062a\u0648\u0627 \u0645\u0633\u0624\u0644\u06cc\u062a<\/p>\n\n\n\n<p>\u062f \u062e\u062f\u0645\u0627\u062a\u0648 \u0686\u0645\u062a\u0648 \u06a9\u0648\u0646\u06a9\u064a \u067e\u0647 \u062a\u0648\u06ab\u0647\u060c \u0645\u0648\u0696 \u062f \u0622\u0644\u0645\u0627\u0646 \u062f \u067c\u06cc\u0644\u06cc \u0645\u06cc\u0689\u06cc\u0627 \u0642\u0627\u0646\u0648\u0646 (TMG) \u062f 7 (1) \u0628\u0631\u062e\u06d0 \u0633\u0631\u0647 \u0633\u0645 \u067e\u0647 \u062f\u06d0 \u067e\u0627\u06bc\u0648 \u06a9\u06d0 \u062f \u062e\u067e\u0644\u0648 \u0645\u0646\u0681\u067e\u0627\u0646\u06ab\u0648 \u0645\u0633\u0624\u0644\u06cc\u062a \u0644\u0631\u0648. \u067e\u0647 \u0647\u0631\u0635\u0648\u0631\u062a\u060c \u062f \u0622\u0644\u0645\u0627\u0646 \u062f \u067c\u06cc\u0644\u06cc \u0645\u06cc\u0689\u06cc\u0627 \u0642\u0627\u0646\u0648\u0646 (TMG) \u062f 8 \u0685\u062e\u0647 \u062a\u0631 10 \u0628\u0631\u062e\u0648 \u067e\u0648\u0631\u06d0\u060c \u0645\u0648\u0696 \u062f \u062e\u062f\u0645\u0627\u062a\u0648 \u0686\u0645\u062a\u0648 \u06a9\u0648\u0646\u06a9\u0648 \u067e\u0647 \u062a\u0648\u06ab\u0647 \u0645\u06a9\u0644\u0641 \u0646\u0647 \u06cc\u0648 \u0686\u06d0 \u062f \u0644\u06cc\u0696\u062f \u0634\u0648\u064a \u06cc\u0627 \u0632\u06cc\u0631\u0645\u0647 \u0634\u0648\u064a \u062f\u0631\u06cc\u0645\u06d0 \u0689\u0644\u06d0 \u0645\u0639\u0644\u0648\u0645\u0627\u062a\u0648 \u0685\u0627\u0631\u0646\u0647 \u0648\u06a9\u0693\u0648 \u06cc\u0627 \u0647\u063a\u0647 \u0634\u0631\u0627\u06cc\u0637 \u0648\u0685\u06cc\u0693\u0648 \u0686\u06d0 \u063a\u06cc\u0631\u0642\u0627\u0646\u0648\u0646\u064a \u0641\u0639\u0627\u0644\u06cc\u062a \u067e\u0647 \u06ab\u0648\u062a\u0647 \u06a9\u0648\u064a.<\/p>\n\n\n\n<p>\u062f \u0639\u0645\u0648\u0645\u064a \u0642\u0627\u0646\u0648\u0646 \u0644\u0647 \u0645\u062e\u06d0 \u062f \u0645\u0639\u0644\u0648\u0645\u0627\u062a\u0648 \u062f \u06a9\u0627\u0631\u0648\u0644\u0648 \u062f \u0644\u0631\u06d0 \u06a9\u0648\u0644\u0648 \u06cc\u0627 \u0628\u0646\u062f\u0648\u0644\u0648 \u0645\u06a9\u0644\u0641\u06cc\u062a\u0648\u0646\u0647 \u0628\u06d0 \u0627\u063a\u06cc\u0632\u06d0 \u067e\u0627\u062a\u06d0 \u06a9\u06cc\u0696\u064a. \u067e\u0647 \u0647\u0631\u0635\u0648\u0631\u062a\u060c \u067e\u062f\u06d0 \u0628\u0631\u062e\u0647 \u06a9\u06d0 \u0645\u0633\u0624\u0644\u06cc\u062a \u06cc\u0648\u0627\u0632\u06d0 \u062f \u0642\u0627\u0646\u0648\u0646 \u062f \u06cc\u0648\u06d0 \u0681\u0627\u0646\u06ab\u0693\u06d0 \u0633\u0631\u063a\u0693\u0648\u0646\u06d0 \u062f \u067e\u0648\u0647\u06d0 \u0644\u0647 \u0648\u062e\u062a \u0685\u062e\u0647 \u0645\u0645\u06a9\u0646 \u062f\u06cc. \u06a9\u0647 \u0645\u0648\u0696 \u062f \u0642\u0627\u0646\u0648\u0646 \u0644\u0647 \u062f\u0627\u0633\u06d0 \u0633\u0631\u063a\u0693\u0648\u0646\u0648 \u0685\u062e\u0647 \u062e\u0628\u0631 \u0634\u0648\u060c \u0646\u0648 \u0645\u0648\u0696 \u0628\u0647 \u0633\u0645\u062f\u0644\u0627\u0633\u0647 \u062f\u0627 \u0689\u0648\u0644 \u0645\u0648\u0627\u062f \u0644\u0631\u06d0 \u06a9\u0693\u0648.<\/p>\n\n\n\n<p><strong>\u062f \u0644\u06cc\u0646\u06a9\u0648\u0646\u0648 \u0645\u0633\u0624\u0644\u06cc\u062a<\/strong><\/p>\n\n\n\n<p>\u0632\u0645\u0648\u0696 \u0648\u0693\u0627\u0646\u062f\u06cc\u0632 \u062f \u0628\u0647\u0631\u0646\u06cc\u0648 \u062f\u0631\u06cc\u0645\u06d0 \u0689\u0644\u06d0 \u0648\u06cc\u0628 \u067e\u0627\u06bc\u0648 \u0644\u06cc\u0646\u06a9\u0648\u0646\u0647 \u0644\u0631\u064a \u0686\u06d0 \u0645\u0648\u0696 \u06cc\u06d0 \u067e\u0647 \u0645\u062d\u062a\u0648\u0627 \u0647\u06cc\u0685 \u0627\u063a\u06cc\u0632\u0647 \u0646\u0644\u0631\u0648. \u0644\u0647 \u0647\u0645\u062f\u06d0 \u0627\u0645\u0644\u0647\u060c \u0645\u0648\u0696 \u0646\u0634\u0648 \u06a9\u0648\u0644\u06cc \u062f \u062f\u06d0 \u0628\u0647\u0631\u0646\u06cd \u0645\u062d\u062a\u0648\u0627 \u0644\u067e\u0627\u0631\u0647 \u06a9\u0648\u0645 \u0645\u0633\u0624\u0644\u06cc\u062a \u067e\u0647 \u063a\u0627\u0693\u0647 \u0648\u0627\u062e\u0644\u0648. \u062f \u067e\u0627\u06bc\u0648 \u0627\u0693\u0648\u0646\u062f \u0686\u0645\u062a\u0648 \u06a9\u0648\u0648\u0646\u06a9\u06cc \u06cc\u0627 \u0686\u0644\u0648\u0646\u06a9\u06cc \u062a\u0644 \u062f \u062a\u0693\u0644 \u0634\u0648\u06cc\u0648 \u067e\u0627\u06bc\u0648 \u062f \u0645\u062d\u062a\u0648\u0627 \u0645\u0633\u0624\u0644\u06cc\u062a \u0644\u0631\u064a. \u062a\u0693\u0644 \u0634\u0648\u064a \u067e\u0627\u06bc\u06d0 \u062f \u062a\u0693\u0644\u0648 \u067e\u0647 \u0648\u062e\u062a \u06a9\u06d0 \u062f \u0627\u062d\u062a\u0645\u0627\u0644\u064a \u0642\u0627\u0646\u0648\u0646\u064a \u0633\u0631\u063a\u0693\u0648\u0646\u0648 \u0644\u067e\u0627\u0631\u0647 \u0645\u0639\u0627\u06cc\u0646\u0647 \u0634\u0648\u06d0. \u062f \u0644\u06cc\u0646\u06a9 \u06a9\u0648\u0644\u0648 \u067e\u0647 \u0648\u062e\u062a \u06a9\u06d0 \u063a\u06cc\u0631\u0642\u0627\u0646\u0648\u0646\u064a \u0645\u06cc\u0646\u0681\u067e\u0627\u0646\u06ab\u0647 \u062f \u067e\u06cc\u0698\u0646\u062f\u0644\u0648 \u0648\u0693 \u0646\u0647 \u0648\u0647.<\/p>\n\n\n\n<p>\u067e\u0647 \u0647\u0631\u0635\u0648\u0631\u062a\u060c \u062f \u062a\u0693\u0644 \u0634\u0648\u06cc\u0648 \u067e\u0627\u06bc\u0648 \u062f \u0645\u062d\u062a\u0648\u0627 \u062f\u0648\u0627\u0645\u062f\u0627\u0631\u0647 \u0685\u0627\u0631\u0646\u0647 \u062f \u0642\u0627\u0646\u0648\u0646 \u0685\u062e\u0647 \u062f \u0633\u0631\u063a\u0693\u0648\u0646\u06d0 \u062f \u06a9\u0631\u0647 \u0634\u0648\u0627\u0647\u062f\u0648 \u067e\u0631\u062a\u0647 \u0645\u0639\u0642\u0648\u0644\u0647 \u0646\u0647 \u062f\u0647. \u06a9\u0647 \u0645\u0648\u0696 \u062f \u06a9\u0648\u0645\u06d0 \u0642\u0627\u0646\u0648\u0646\u064a \u0633\u0631\u063a\u0693\u0648\u0646\u06d0 \u0685\u062e\u0647 \u062e\u0628\u0631 \u0634\u0648\u060c \u0646\u0648 \u0645\u0648\u0696 \u0628\u0647 \u0633\u0645\u062f\u0644\u0627\u0633\u0647 \u062f\u0627 \u0689\u0648\u0644 \u0644\u06cc\u0646\u06a9\u0648\u0646\u0647 \u0644\u0631\u06d0 \u06a9\u0693\u0648.<\/p>\n\n\n\n<p><strong>\u062f \u06a9\u0627\u067e\u064a \u062d\u0642<\/strong><\/p>\n\n\n\n<p>\u0647\u063a\u0647 \u0645\u0648\u0627\u062f \u0627\u0648 \u0627\u062b\u0627\u0631 \u0686\u06d0 \u067e\u0647 \u062f\u06d0 \u067e\u0627\u06bc\u0648 \u06a9\u06d0 \u062f \u0633\u0627\u06cc\u067c \u0686\u0644\u0648\u0646\u06a9\u0648 \u0644\u062e\u0648\u0627 \u0631\u0627\u0645\u06cc\u0646\u0681\u062a\u0647 \u0634\u0648\u064a \u062f\u064a \u062f \u062c\u0631\u0645\u0646\u064a \u062f \u06a9\u0627\u067e\u064a \u062d\u0642 \u0642\u0627\u0646\u0648\u0646 \u062a\u0627\u0628\u0639 \u062f\u064a. \u062f \u06a9\u0627\u067e\u064a \u062d\u0642 \u0642\u0627\u0646\u0648\u0646 \u0644\u0647 \u062d\u062f\u0648\u062f\u0648 \u0628\u0647\u0631 \u062f \u062a\u06a9\u062b\u06cc\u0631\u060c \u067e\u0631\u0648\u0633\u0633\u060c \u0648\u06cc\u0634 \u0627\u0648 \u0647\u0631 \u0689\u0648\u0644 \u0627\u0633\u062a\u062d\u0635\u0627\u0644 \u0644\u067e\u0627\u0631\u0647 \u062f \u0627\u0693\u0648\u0646\u062f \u0644\u06cc\u06a9\u0648\u0627\u0644 \u06cc\u0627 \u062c\u0648\u0693\u0648\u0646\u06a9\u064a \u0644\u06cc\u06a9\u0644\u064a \u0631\u0636\u0627\u06cc\u062a \u062a\u0647 \u0627\u0693\u062a\u06cc\u0627 \u062f\u0647. \u062f \u062f\u06d0 \u0633\u0627\u06cc\u067c \u0689\u0627\u0648\u0646\u0644\u0648\u0689\u0648\u0646\u0647 \u0627\u0648 \u06a9\u0627\u067e\u064a \u06cc\u0648\u0627\u0632\u06d0 \u062f \u0634\u062e\u0635\u064a\u060c \u063a\u06cc\u0631 \u062a\u062c\u0627\u0631\u062a\u064a \u0627\u0633\u062a\u0639\u0645\u0627\u0644 \u0644\u067e\u0627\u0631\u0647 \u0627\u062c\u0627\u0632\u0647 \u0644\u0631\u064a.<\/p>\n\n\n\n<p>\u062a\u0631 \u0647\u063a\u0647 \u0681\u0627\u06cc\u0647 \u0686\u06d0 \u062f \u062f\u06d0 \u0633\u0627\u06cc\u067c \u0645\u06cc\u0646\u0681\u067e\u0627\u0646\u06ab\u06d0 \u062f \u0622\u067e\u0631\u06cc\u067c\u0631 \u0644\u062e\u0648\u0627 \u0646\u0647 \u0648\u064a \u0631\u0627\u0645\u06cc\u0646\u0681\u062a\u0647 \u0634\u0648\u064a\u060c \u062f \u062f\u0631\u06cc\u0645\u06d0 \u0689\u0644\u06d0 \u062f \u06a9\u0627\u067e\u064a \u062d\u0642 \u062f\u0631\u0646\u0627\u0648\u06cc \u06a9\u06cc\u0696\u064a. \u067e\u0647 \u0681\u0627\u0646\u06ab\u0693\u06d0 \u062a\u0648\u06ab\u0647\u060c \u062f \u062f\u0631\u06cc\u0645\u06d0 \u0689\u0644\u06d0 \u0645\u06cc\u0646\u0681\u067e\u0627\u0646\u06ab\u0647 \u067e\u0647 \u062f\u06d0 \u0689\u0648\u0644 \u0646\u069a\u0647 \u0634\u0648\u06d0 \u062f\u0647. \u06a9\u0647 \u062a\u0627\u0633\u0648 \u0628\u06cc\u0627 \u0647\u0645 \u062f \u06a9\u0627\u067e\u064a \u062d\u0642 \u0633\u0631\u063a\u0693\u0648\u0646\u06d0 \u0685\u062e\u0647 \u062e\u0628\u0631 \u0634\u0626\u060c \u0645\u0648\u0696 \u0644\u0647 \u062a\u0627\u0633\u0648 \u0685\u062e\u0647 \u063a\u0648\u069a\u062a\u0646\u0647 \u06a9\u0648\u0648 \u0686\u06d0 \u0645\u0648\u0696 \u062a\u0647 \u062f \u0647\u063a\u06d0 \u0645\u0637\u0627\u0628\u0642 \u062e\u0628\u0631 \u0631\u0627\u06a9\u0693\u0626. \u06a9\u0647 \u0645\u0648\u0696 \u062f \u06a9\u0648\u0645\u06d0 \u0642\u0627\u0646\u0648\u0646\u064a \u0633\u0631\u063a\u0693\u0648\u0646\u06d0 \u0685\u062e\u0647 \u062e\u0628\u0631 \u0634\u0648\u060c \u0646\u0648 \u0645\u0648\u0696 \u0628\u0647 \u0633\u0645\u062f\u0644\u0627\u0633\u0647 \u062f\u0627 \u0689\u0648\u0644 \u0645\u0648\u0627\u062f \u0644\u0631\u06d0 \u06a9\u0693\u0648.<\/p>\n<div class=\"gsp_post_data\" \r\n\t            data-post_type=\"page\" \r\n\t            data-cat=\"\" \r\n\t            data-modified=\"120\"\r\n\t            data-created=\"1705493283\"\r\n\t            data-title=\"Impressum\" \r\n\t            data-home=\"https:\/\/info-to-go.binational-leipzig.de\/ps\"><\/div>","protected":false},"excerpt":{"rendered":"<p>Angaben gem\u00e4\u00df \u00a7 5 TMG Verband binationaler Familien und Partnerschaften, iaf e.V.Ludolfusstra\u00dfe 2 \u2013 460487 Frankfurt am Main Vertreten durch Asiye Bal\u0131k\u00e7\u0131-Schmidt, Natalia Bugaj-Wolfram Besondere Vertreterin gem. \u00a7 30 BGB: N.N. Registergericht: Amtsgericht Frankfurt am Main&nbsp; Vereins-Registernummer: VR 6728 Finanzamt Frankfurt V \u00a0 Steuernummer 014 250 63357 Kontakt Telefon: +49 (0) 69 713 756 \u2013 [&hellip;]<\/p>\n","protected":false},"author":2,"featured_media":0,"parent":0,"menu_order":0,"comment_status":"closed","ping_status":"closed","template":"","meta":{"footnotes":""},"categories":[],"tags":[],"class_list":["post-399","page","type-page","status-publish","hentry"],"_links":{"self":[{"href":"https:\/\/info-to-go.binational-leipzig.de\/ps\/wp-json\/wp\/v2\/pages\/399","targetHints":{"allow":["GET"]}}],"collection":[{"href":"https:\/\/info-to-go.binational-leipzig.de\/ps\/wp-json\/wp\/v2\/pages"}],"about":[{"href":"https:\/\/info-to-go.binational-leipzig.de\/ps\/wp-json\/wp\/v2\/types\/page"}],"author":[{"embeddable":true,"href":"https:\/\/info-to-go.binational-leipzig.de\/ps\/wp-json\/wp\/v2\/users\/2"}],"replies":[{"embeddable":true,"href":"https:\/\/info-to-go.binational-leipzig.de\/ps\/wp-json\/wp\/v2\/comments?post=399"}],"version-history":[{"count":3,"href":"https:\/\/info-to-go.binational-leipzig.de\/ps\/wp-json\/wp\/v2\/pages\/399\/revisions"}],"predecessor-version":[{"id":481,"href":"https:\/\/info-to-go.binational-leipzig.de\/ps\/wp-json\/wp\/v2\/pages\/399\/revisions\/481"}],"wp:attachment":[{"href":"https:\/\/info-to-go.binational-leipzig.de\/ps\/wp-json\/wp\/v2\/media?parent=399"}],"wp:term":[{"taxonomy":"category","embeddable":true,"href":"https:\/\/info-to-go.binational-leipzig.de\/ps\/wp-json\/wp\/v2\/categories?post=399"},{"taxonomy":"post_tag","embeddable":true,"href":"https:\/\/info-to-go.binational-leipzig.de\/ps\/wp-json\/wp\/v2\/tags?post=399"}],"curies":[{"name":"\u0689\u0628\u0644\u06cc\u0648 \u067e\u064a","href":"https:\/\/api.w.org\/{rel}","templated":true}]}}