{"id":598,"date":"2025-06-25T11:47:50","date_gmt":"2025-06-25T09:47:50","guid":{"rendered":"https:\/\/info-to-go.binational-leipzig.de\/?page_id=598"},"modified":"2025-06-25T11:47:51","modified_gmt":"2025-06-25T09:47:51","slug":"barrierefreiheitserklaerung","status":"publish","type":"page","link":"https:\/\/info-to-go.binational-leipzig.de\/ps\/barrierefreiheitserklaerung\/","title":{"rendered":"\u062f \u0644\u0627\u0633\u0631\u0633\u064a \u0628\u06cc\u0627\u0646"},"content":{"rendered":"<h3 class=\"wp-block-heading\">\u062f \u0644\u0627\u0633\u0631\u0633\u064a \u0628\u06cc\u0627\u0646<\/h3>\n\n\n\n<p><strong>\u062f \u062f\u0648\u0647 \u0627\u0693\u062e\u06cc\u0632\u0648 \u06a9\u0648\u0631\u0646\u06cc\u0648 \u0627\u0648 \u0634\u0631\u0627\u06a9\u062a\u0648\u0646\u0648 \u067c\u0648\u0644\u0646\u0647\u060c iaf eV\u060c \u062f \u0644\u06cc\u067e\u0632\u06ab \u062f\u0641\u062a\u0631 \u0627\u0648 \u0645\u0634\u0648\u0631\u062a\u064a \u062f\u0641\u062a\u0631<\/strong>&nbsp;\u0647\u0685\u0647 \u06a9\u0648\u064a \u0686\u06d0 \u062e\u067e\u0644\u0647 \u0648\u06cc\u0628 \u067e\u0627\u06bc\u0647 \u062f \u0644\u0627\u0633\u0631\u0633\u064a \u067e\u0647 \u0627\u0693\u0647 \u062f \u0642\u0627\u0646\u0648\u0646\u064a \u0627\u0693\u062a\u06cc\u0627\u0648\u0648 \u0633\u0631\u0647 \u0633\u0645 \u062f \u06a9\u0627\u0631\u0648\u0644\u0648 \u0648\u0693 \u06a9\u0693\u064a. \u062f \u0644\u0627\u0633\u0631\u0633\u064a \u062f\u0627 \u0628\u06cc\u0627\u0646 \u067e\u0647 \u0648\u06cc\u0628 \u067e\u0627\u06bc\u0647 \u06a9\u06d0 \u067e\u0644\u064a \u06a9\u06cc\u0696\u064a&nbsp;<a href=\"https:\/\/binational-leipzig.de\/\"><strong>\u062f\u0648\u0647 \u0627\u0693\u062e\u06cc\u0632\u0647-\u0644\u06cc\u067e\u0632\u06ab.\u0689\u06cc<\/strong><\/a><\/p>\n\n\n\n<hr class=\"wp-block-separator has-alpha-channel-opacity\"\/>\n\n\n\n<h3 class=\"wp-block-heading\"><strong>\u062f \u0627\u0693\u062a\u06cc\u0627\u0648\u0648 \u0633\u0631\u0647 \u062f \u0645\u0637\u0627\u0628\u0642\u062a \u062d\u0627\u0644\u062a<\/strong><\/h3>\n\n\n\n<p>\u062f\u0627 \u0648\u06cc\u0628 \u067e\u0627\u06bc\u0647 \u062f\u0647&nbsp;<strong>\u067e\u0647 \u062c\u0632\u0648\u064a \u0689\u0648\u0644<\/strong>&nbsp;\u062f \u0627\u0693\u062a\u06cc\u0627\u0648\u0648 \u0633\u0631\u0647 \u0633\u0645&nbsp;<strong>\u062f \u062e\u0646\u0689 \u0685\u062e\u0647 \u067e\u0627\u06a9 \u0645\u0639\u0644\u0648\u0645\u0627\u062a\u064a \u067c\u06a9\u0646\u0627\u0644\u0648\u0698\u06cd \u0622\u0631\u0689\u06cc\u0646\u0646\u0633 (BITV 2.0) \u0627\u0648 \u062f \u0627\u0631\u0648\u067e\u0627\u064a\u064a \u0627\u062a\u062d\u0627\u062f\u06cc\u06d0 \u0644\u0627\u0631\u069a\u0648\u062f 2016\/2102<\/strong>&nbsp;\u0645\u0648\u0696 \u067e\u0647 \u062f\u0648\u0627\u0645\u062f\u0627\u0631\u0647 \u062a\u0648\u06ab\u0647 \u062f \u0645\u0648\u062c\u0648\u062f\u0647 \u062e\u0646\u0689\u0648\u0646\u0648 \u062f \u06a9\u0645\u0648\u0644\u0648 \u0627\u0648 \u062f \u0647\u0631\u0686\u0627 \u0644\u067e\u0627\u0631\u0647 \u062f \u06a9\u0627\u0631\u0648\u0648\u0646\u06a9\u064a \u062f\u0648\u0633\u062a\u06cd \u062f \u069a\u0647 \u06a9\u0648\u0644\u0648 \u0644\u067e\u0627\u0631\u0647 \u06a9\u0627\u0631 \u06a9\u0648\u0648.<\/p>\n\n\n\n<hr class=\"wp-block-separator has-alpha-channel-opacity\"\/>\n\n\n\n<h3 class=\"wp-block-heading\"><strong>\u062f \u0644\u0627\u0633\u0631\u0633\u064a \u0648\u0693 \u0646\u0647 \u0645\u0648\u0627\u062f<\/strong><\/h3>\n\n\n\n<p>\u0632\u0645\u0648\u0696 \u062f \u0647\u0685\u0648 \u0633\u0631\u0647 \u0633\u0631\u0647\u060c \u0681\u06cc\u0646\u06d0 \u0633\u06cc\u0645\u06d0 \u0634\u062a\u0648\u0646 \u0644\u0631\u064a \u0686\u06d0 \u067e\u0647 \u0628\u0634\u067e\u0693 \u0689\u0648\u0644 \u0644\u0627\u0633\u0631\u0633\u06cc \u0648\u0631\u062a\u0647 \u0646\u0647 \u062f\u06cc \u0648\u0631\u06a9\u0693\u0644 \u0634\u0648\u06cc:<\/p>\n\n\n\n<ul class=\"wp-block-list\">\n<li><strong>\u062f PDF \u0627\u0633\u0646\u0627\u062f<\/strong>: \u0681\u06cc\u0646\u06d0 \u0632\u0693\u06d0 PDF \u0641\u0627\u06cc\u0644\u0648\u0646\u0647 \u067e\u0647 \u0647\u063a\u0647 \u0689\u0648\u0644 \u0641\u0627\u0631\u0645\u06cc\u067c \u0634\u0648\u064a \u0646\u062f\u064a \u0686\u06d0 \u0644\u0627\u0633\u0631\u0633\u06cc \u0648\u0631\u062a\u0647 \u06a9\u06cc\u0696\u064a.<\/li>\n\n\n\n<li><strong>\u0628\u062f\u06cc\u0644 \u0645\u062a\u0646\u0648\u0646\u0647<\/strong>: \u0681\u06cc\u0646\u06d0 \u0627\u0646\u0681\u0648\u0631\u0648\u0646\u0647 \u06cc\u0627 \u06ab\u0631\u0627\u0641\u06cc\u06a9 \u0639\u0646\u0627\u0635\u0631 \u0645\u0645\u06a9\u0646 \u06a9\u0627\u0641\u064a \u0628\u062f\u06cc\u0644 \u0645\u062a\u0646 \u0648\u0646\u0647 \u0644\u0631\u064a.<\/li>\n\n\n\n<li><strong>\u0646\u06cc\u0648\u06cc\u06ab\u06cc\u0634\u0646 \u0627\u0648 \u062f \u06a9\u0627\u0631\u0648\u0646\u06d0 \u0648\u0693\u062a\u06cc\u0627<\/strong>: \u0627\u0646\u0641\u0631\u0627\u062f\u064a \u0645\u062a\u0642\u0627\u0628\u0644 \u0639\u0646\u0627\u0635\u0631 \u0645\u0645\u06a9\u0646 \u067e\u0647 \u0628\u0634\u067e\u0693 \u0689\u0648\u0644 \u062f \u06a9\u06cc\u0628\u0648\u0631\u0689 \u06a9\u0646\u067c\u0631\u0648\u0644 \u0646\u0647 \u0648\u064a.<\/li>\n\n\n\n<li><strong>\u0648\u06cc\u0689\u06cc\u0648\u06ab\u0627\u0646\u06d0<\/strong>: \u0681\u06cc\u0646\u06d0 \u0627\u06cc\u0645\u0628\u06cc\u0689 \u0634\u0648\u064a \u0648\u06cc\u0689\u06cc\u0648\u06ab\u0627\u0646\u06d0 \u0641\u0631\u0639\u064a \u0633\u0631\u0644\u06cc\u06a9\u0648\u0646\u0647 \u06cc\u0627 \u0622\u0689\u06cc\u0648 \u062a\u0648\u0636\u06cc\u062d\u0627\u062a \u0646\u0644\u0631\u064a.<\/li>\n<\/ul>\n\n\n\n<p>\u0645\u0648\u0696 \u062f \u062f\u06d0 \u0646\u06cc\u0645\u06ab\u0693\u062a\u06cc\u0627\u0648\u0648 \u062f \u062a\u062f\u0631\u06cc\u062c\u064a \u0633\u0645\u0648\u0644\u0648 \u0644\u067e\u0627\u0631\u0647 \u06a9\u0627\u0631 \u06a9\u0648\u0648.<\/p>\n\n\n\n<hr class=\"wp-block-separator has-alpha-channel-opacity\"\/>\n\n\n\n<h3 class=\"wp-block-heading\"><strong>\u062f \u062f\u06d0 \u0627\u0639\u0644\u0627\u0645\u06cc\u06d0 \u0686\u0645\u062a\u0648 \u06a9\u0648\u0644<\/strong><\/h3>\n\n\n\n<p>\u062f\u0627 \u0628\u06cc\u0627\u0646 \u067e\u0647&nbsp;<strong>10.01.2025<\/strong>&nbsp;\u062c\u0648\u0693 \u0627\u0648 \u0648\u0631\u0648\u0633\u062a\u06cc \u0681\u0644 \u062a\u0627\u0632\u0647 \u0634\u0648\u06cc \u067e\u0647&nbsp;<strong>19.02.2025<\/strong>&nbsp;\u0686\u06a9 \u0634\u0648\u06cc.<br><br>\u0648\u06cc\u0628 \u067e\u0627\u06bc\u0647 \u062f \u06cc\u0648 \u0644\u062e\u0648\u0627 \u0627\u0631\u0632\u0648\u0644 \u0634\u0648\u06d0 \u0648\u0647&nbsp;<strong>\u062f\u0627\u062e\u0644\u064a \u0681\u0627\u0646 \u0627\u0631\u0632\u0648\u0646\u0647<\/strong>&nbsp;\u0627\u0648 \u0647\u0645\u062f\u0627\u0631\u0646\u06ab\u0647 \u062f \u0627\u062a\u0648\u0645\u0627\u062a\u06cc\u06a9 \u0627\u0632\u0645\u0648\u06cc\u0646\u0648 \u06a9\u0627\u0631\u0648\u0644.<\/p>\n\n\n\n<hr class=\"wp-block-separator has-alpha-channel-opacity\"\/>\n\n\n\n<h3 class=\"wp-block-heading\"><strong>\u0646\u0638\u0631 \u0627\u0648 \u062f \u0627\u0693\u06cc\u06a9\u0648 \u0645\u0639\u0644\u0648\u0645\u0627\u062a<\/strong><\/h3>\n\n\n\n<p>\u06a9\u0647 \u062a\u0627\u0633\u0648 \u0632\u0645\u0648\u0696 \u067e\u0647 \u0648\u06cc\u0628 \u067e\u0627\u06bc\u0647 \u06a9\u06d0 \u0644\u0647 \u06a9\u0648\u0645 \u062e\u0646\u0689 \u0633\u0631\u0647 \u0645\u062e \u0634\u0626 \u06cc\u0627 \u062f \u069a\u0647 \u0648\u0627\u0644\u064a \u0644\u067e\u0627\u0631\u0647 \u0648\u0693\u0627\u0646\u062f\u06cc\u0632\u0648\u0646\u0647 \u0644\u0631\u0626\u060c \u0645\u0647\u0631\u0628\u0627\u0646\u064a \u0648\u06a9\u0693\u0626 \u0644\u0647 \u0645\u0648\u0696 \u0633\u0631\u0647 \u0627\u0693\u06cc\u06a9\u0647 \u0648\u0646\u06cc\u0633\u0626:<\/p>\n\n\n\n<p>\u062f \u062f\u0648\u0647 \u0627\u0693\u062e\u06cc\u0632\u0648 \u06a9\u0648\u0631\u0646\u06cc\u0648 \u0627\u0648 \u0645\u0644\u06ab\u0631\u062a\u06cc\u0627\u0648 \u067c\u0648\u0644\u0646\u0647\u060c iaf eV<br>\u062f \u0633\u0648\u062f\u0627\u06ab\u0631\u06cd \u0627\u0648 \u0645\u0634\u0648\u0631\u062a\u064a \u062f\u0641\u062a\u0631 \u0644\u06cc\u067e\u0632\u06ab<br><br><a href=\"https:\/\/www.google.com\/maps\/place\/Verband+binationaler+Familien+u.+Partnerschaften+e.V.\/@51.3232198,12.3793402,18.79z\/data=!4m5!3m4!1s0x0:0x280bc9ed9b02c389!8m2!3d51.3232449!4d12.3798815\" target=\"_blank\" rel=\"noreferrer noopener\">\u0627\u0631\u0646\u0689\u067c\u0633\u067c\u0631\u0627\u0633 \u06f6\u06f3<br>\u06f0\u06f4\u06f2\u06f7\u06f5 \u0644\u06cc\u067e\u0632\u06ab<\/a><br><br>\u062a\u0644\u06cc\u0641\u0648\u0646: \u06f0\u06f3\u06f4\u06f1-\u06f6 \u06f8\u06f8\u06f0\u06f0 \u06f2\u06f2<br>\u0628\u0631\u06d0\u069a\u0646\u0627\u0644\u06cc\u06a9:&nbsp;<a href=\"http:\/\/leipzig@verband-binationaler-de\/\" rel=\"noreferrer noopener\" target=\"_blank\">leipzig@verband-binationaler-de<\/a><\/p>\n\n\n\n<hr class=\"wp-block-separator has-alpha-channel-opacity\"\/>\n\n\n\n<h3 class=\"wp-block-heading\"><strong>\u062f \u062a\u0637\u0628\u06cc\u0642 \u067e\u0631\u0648\u0633\u0647<\/strong><\/h3>\n\n\n\n<p>\u06a9\u0647 \u0632\u0645\u0648\u0696 \u062f \u0648\u06cc\u0628 \u067e\u0627\u06bc\u06d0 \u062f \u0644\u0627\u0633\u0631\u0633\u064a \u067e\u0647 \u0627\u0693\u0647 \u0633\u062a\u0627\u0633\u0648 \u067e\u0648\u069a\u062a\u0646\u06d0 \u062a\u0647 \u062f \u0642\u0646\u0627\u0639\u062a \u0648\u0693 \u0681\u0648\u0627\u0628 \u0648\u0646\u0647 \u0648\u06cc\u0644 \u0634\u064a\u060c \u062a\u0627\u0633\u0648 \u06a9\u0648\u0644\u06cc \u0634\u0626 \u0644\u0647&nbsp;<strong>\u062f \u062a\u0637\u0628\u06cc\u0642 \u0627\u062f\u0627\u0631\u0647&nbsp;<\/strong>\u0648\u06ab\u0631\u0681\u06d0\u062f\u0644:<\/p>\n\n\n\n<p><strong>\u062f \u0689\u06cc\u062c\u06cc\u067c\u0644 \u0644\u0627\u0633\u0631\u0633\u064a \u0644\u067e\u0627\u0631\u0647 \u062f \u0633\u0627\u06a9\u0633\u0648\u0646\u064a \u0685\u0627\u0631\u0646\u06d0 \u0645\u0631\u06a9\u0632<\/strong><br>\u062f \u0633\u0627\u06a9\u0633\u0648\u0646 \u0627\u06cc\u0627\u0644\u062a \u062f \u067c\u0648\u0644\u0646\u06cc\u0632\u0648 \u0686\u0627\u0631\u0648 \u0627\u0648 \u067c\u0648\u0644\u0646\u06cc\u0632 \u06cc\u0648\u0648\u0627\u0644\u064a \u0648\u0632\u0627\u0631\u062a<br>\u0628\u0631\u06d0\u069a\u0646\u0627\u0644\u06cc\u06a9:&nbsp;<a href=\"mailto:durchsetzungsstelle@sk.sachsen.de\">durchsetzungsstelle@sk.sachsen.de<\/a><br>\u0648\u06cc\u0628:&nbsp;<a href=\"https:\/\/www.durchsetzungsstelle.sachsen.de\/\" rel=\"noreferrer noopener\" target=\"_blank\">www.durchsetzungsstelle.sachsen.de<\/a><\/p>\n\n\n\n<hr class=\"wp-block-separator has-alpha-channel-opacity\"\/>\n\n\n\n<p>\u0645\u0648\u0696 \u067e\u0647 \u062f\u0648\u0627\u0645\u062f\u0627\u0631\u0647 \u062a\u0648\u06ab\u0647 \u0647\u0685\u0647 \u06a9\u0648\u0648 \u0686\u06d0 \u062e\u067e\u0644 \u0689\u06cc\u062c\u06cc\u067c\u0644 \u0634\u062a\u0648\u0646 \u062f \u0647\u0631\u0686\u0627 \u0644\u067e\u0627\u0631\u0647 \u062f \u0644\u0627\u0633\u0631\u0633\u064a \u0648\u0693 \u06a9\u0693\u0648 \u0627\u0648 \u0633\u062a\u0627\u0633\u0648 \u062f \u0646\u0638\u0631\u0648\u0646\u0648 \u0685\u062e\u0647 \u0645\u0646\u0646\u0647!<\/p>\n<div class=\"gsp_post_data\" \r\n\t            data-post_type=\"page\" \r\n\t            data-cat=\"\" \r\n\t            data-modified=\"120\"\r\n\t            data-created=\"1750852070\"\r\n\t            data-title=\"Barrierefreiheitserkl\u00e4rung\" \r\n\t            data-home=\"https:\/\/info-to-go.binational-leipzig.de\/ps\"><\/div>","protected":false},"excerpt":{"rendered":"<p>Erkl\u00e4rung zur Barrierefreiheit Verband binationaler Familien und Partnerschaften, iaf e.V. Gesch\u00e4fts- und Beratungsstelle Leipzig&nbsp;ist bestrebt, ihre Website in \u00dcbereinstimmung mit den gesetzlichen Vorgaben zur Barrierefreiheit nutzbar zu machen. Diese Erkl\u00e4rung zur Barrierefreiheit gilt f\u00fcr die Website&nbsp;binational-leipzig.de Stand der Vereinbarkeit mit den Anforderungen Diese Website ist&nbsp;teilweise&nbsp;mit den Anforderungen der&nbsp;Barrierefreie-Informationstechnik-Verordnung (BITV 2.0) sowie der EU-Richtlinie 2016\/2102&nbsp;vereinbar. Wir [&hellip;]<\/p>\n","protected":false},"author":2,"featured_media":0,"parent":0,"menu_order":0,"comment_status":"closed","ping_status":"closed","template":"","meta":{"footnotes":""},"categories":[],"tags":[],"class_list":["post-598","page","type-page","status-publish","hentry"],"_links":{"self":[{"href":"https:\/\/info-to-go.binational-leipzig.de\/ps\/wp-json\/wp\/v2\/pages\/598","targetHints":{"allow":["GET"]}}],"collection":[{"href":"https:\/\/info-to-go.binational-leipzig.de\/ps\/wp-json\/wp\/v2\/pages"}],"about":[{"href":"https:\/\/info-to-go.binational-leipzig.de\/ps\/wp-json\/wp\/v2\/types\/page"}],"author":[{"embeddable":true,"href":"https:\/\/info-to-go.binational-leipzig.de\/ps\/wp-json\/wp\/v2\/users\/2"}],"replies":[{"embeddable":true,"href":"https:\/\/info-to-go.binational-leipzig.de\/ps\/wp-json\/wp\/v2\/comments?post=598"}],"version-history":[{"count":1,"href":"https:\/\/info-to-go.binational-leipzig.de\/ps\/wp-json\/wp\/v2\/pages\/598\/revisions"}],"predecessor-version":[{"id":599,"href":"https:\/\/info-to-go.binational-leipzig.de\/ps\/wp-json\/wp\/v2\/pages\/598\/revisions\/599"}],"wp:attachment":[{"href":"https:\/\/info-to-go.binational-leipzig.de\/ps\/wp-json\/wp\/v2\/media?parent=598"}],"wp:term":[{"taxonomy":"category","embeddable":true,"href":"https:\/\/info-to-go.binational-leipzig.de\/ps\/wp-json\/wp\/v2\/categories?post=598"},{"taxonomy":"post_tag","embeddable":true,"href":"https:\/\/info-to-go.binational-leipzig.de\/ps\/wp-json\/wp\/v2\/tags?post=598"}],"curies":[{"name":"\u0689\u0628\u0644\u06cc\u0648 \u067e\u064a","href":"https:\/\/api.w.org\/{rel}","templated":true}]}}