{"id":25,"date":"2023-07-09T23:02:05","date_gmt":"2023-07-09T21:02:05","guid":{"rendered":"https:\/\/sprijin.binational-leipzig.de\/?page_id=25"},"modified":"2025-11-28T22:44:55","modified_gmt":"2025-11-28T21:44:55","slug":"kinder-und-familie","status":"publish","type":"page","link":"https:\/\/info-to-go.binational-leipzig.de\/pt\/start\/soziales\/kinder-und-familie\/","title":{"rendered":"Crian\u00e7as e fam\u00edlia"},"content":{"rendered":"<div class=\"wp-block-esab-accordion accordion-28ab7e5b\" data-mode=\"global\"><div class=\"esab__container\">\n<div class=\"wp-block-esab-accordion-child\"><div class=\"esab__head\" role=\"button\" aria-expanded=\"false\"><div class=\"esab__heading_txt\"><h2 class=\"esab__heading_tag\">Estou gr\u00e1vida. O que devo fazer?\u00a0<\/h2><\/div><div class=\"esab__icon\"><div class=\"esab__collapse\"> <svg version=\"1.2\" viewbox=\"0 0 24 24\" width=\"24\" height=\"24\"><path fill-rule=\"evenodd\" d=\"m3.5 20.5c-4.7-4.7-4.7-12.3 0-17 4.7-4.7 12.3-4.7 17 0 4.6 4.7 4.6 12.3 0 17-4.7 4.6-12.3 4.6-17 0zm0.9-0.9c4.2 4.2 11 4.2 15.2 0 4.2-4.2 4.2-11 0-15.2-4.2-4.3-11-4.3-15.2 0-4.3 4.2-4.3 11 0 15.2z\"><\/path><path d=\"m11.4 15.9v-3.3h-3.3c-0.3 0-0.6-0.3-0.6-0.6 0-0.4 0.3-0.6 0.6-0.6h3.3v-3.3c0-0.3 0.3-0.6 0.6-0.6 0.3 0 0.6 0.3 0.6 0.6v3.3h3.3c0.3 0 0.6 0.2 0.6 0.6q0 0.2-0.2 0.4-0.2 0.2-0.4 0.2h-3.3v3.3q0 0.2-0.2 0.4-0.2 0.2-0.4 0.2c-0.4 0-0.6-0.3-0.6-0.6z\"><\/path><\/svg> <\/div><div class=\"esab__expand\"> <svg version=\"1.2\" viewbox=\"0 0 24 24\" width=\"24\" height=\"24\"><path fill-rule=\"evenodd\" d=\"m12 24c-6.6 0-12-5.4-12-12 0-6.6 5.4-12 12-12 6.6 0 12 5.4 12 12 0 6.6-5.4 12-12 12zm10.6-12c0-5.9-4.7-10.6-10.6-10.6-5.9 0-10.6 4.7-10.6 10.6 0 5.9 4.7 10.6 10.6 10.6 5.9 0 10.6-4.7 10.6-10.6z\"><\/path><path d=\"m5.6 11.3h12.8v1.4h-12.8z\"><\/path><\/svg> <\/div><\/div><\/div><div class=\"esab__body\">\n<p>Se voc\u00ea est\u00e1 gr\u00e1vida, pode obter muitas informa\u00e7\u00f5es em um centro de aconselhamento para gestantes. Esses centros est\u00e3o dispon\u00edveis em... <a href=\"https:\/\/www.awo-leipzig-stadt.de\/hilfe-zur-erziehung\/schwangerenberatung\/\" target=\"_blank\" rel=\"noopener\">AWO<\/a>, <a href=\"https:\/\/www.caritas-leipzig.de\/hilfeundberatung\/kinderjugendlicheundfamilien\/beratungsangebote\/schwangerschaft\/schwangerschaft\" target=\"_blank\" rel=\"noopener\">Caritas<\/a>, <a href=\"https:\/\/www.diakonie-leipzig.de\/hilfe-angebote\/kinder-jugendliche-familien\/schwangerenberatung\/\" target=\"_blank\" rel=\"noopener\">Diaconia<\/a>, <a href=\"https:\/\/leipzig.donumvitae.org\/\" target=\"_blank\" rel=\"noopener\">Donum Vitae<\/a>, <a href=\"https:\/\/www.drk-leipzig.de\/schwangeren-und-familienberatungsstelle.html\" target=\"_blank\" rel=\"noopener\">Cruz Vermelha Alem\u00e3<\/a> e <a href=\"https:\/\/www.profamilia.de\/angebote-vor-ort\/sachsen\/beratungsstelle-leipzig\" target=\"_blank\" rel=\"noopener\">Pr\u00f3-fam\u00edlia<\/a>. Existe um servi\u00e7o de aconselhamento online para mulheres gr\u00e1vidas dispon\u00edvel atrav\u00e9s da [nome da organiza\u00e7\u00e3o]. <a href=\"https:\/\/beratung.caritas.de\/schwangerschaftsberatung\/registration?aid=460\" target=\"_blank\" rel=\"noopener\">Caritas <\/a>e <a href=\"https:\/\/beratung.diakonie.de\/registration\" target=\"_blank\" rel=\"noopener\">Diaconia<\/a>. Este folheto lista esses centros de aconselhamento e inclui uma lista de verifica\u00e7\u00e3o de tudo o que \u00e9 importante antes e depois do parto:<\/p>\n\n\n\n<figure class=\"wp-block-gallery has-nested-images columns-default is-cropped wp-block-gallery-1 is-layout-flex wp-block-gallery-is-layout-flex\">\n<figure class=\"wp-block-image size-large\"><img loading=\"lazy\" decoding=\"async\" width=\"1024\" height=\"538\" data-id=\"729\" src=\"https:\/\/info-to-go.binational-leipzig.de\/wp-content\/uploads\/2025\/11\/Flyer-Checkliste-Schwanger-2023_page-0001-1024x538.jpg\" alt=\"\" class=\"wp-image-729\" srcset=\"https:\/\/info-to-go.binational-leipzig.de\/wp-content\/uploads\/2025\/11\/Flyer-Checkliste-Schwanger-2023_page-0001-1024x538.jpg 1024w, https:\/\/info-to-go.binational-leipzig.de\/wp-content\/uploads\/2025\/11\/Flyer-Checkliste-Schwanger-2023_page-0001-300x158.jpg 300w, https:\/\/info-to-go.binational-leipzig.de\/wp-content\/uploads\/2025\/11\/Flyer-Checkliste-Schwanger-2023_page-0001-768x403.jpg 768w, https:\/\/info-to-go.binational-leipzig.de\/wp-content\/uploads\/2025\/11\/Flyer-Checkliste-Schwanger-2023_page-0001-1536x807.jpg 1536w, https:\/\/info-to-go.binational-leipzig.de\/wp-content\/uploads\/2025\/11\/Flyer-Checkliste-Schwanger-2023_page-0001-2048x1076.jpg 2048w, https:\/\/info-to-go.binational-leipzig.de\/wp-content\/uploads\/2025\/11\/Flyer-Checkliste-Schwanger-2023_page-0001-18x9.jpg 18w\" sizes=\"auto, (max-width: 1024px) 100vw, 1024px\" \/><\/figure>\n\n\n\n<figure class=\"wp-block-image size-large\"><img loading=\"lazy\" decoding=\"async\" width=\"1024\" height=\"538\" data-id=\"728\" src=\"https:\/\/info-to-go.binational-leipzig.de\/wp-content\/uploads\/2025\/11\/Flyer-Checkliste-Schwanger-2023_page-0002-1024x538.jpg\" alt=\"\" class=\"wp-image-728\" srcset=\"https:\/\/info-to-go.binational-leipzig.de\/wp-content\/uploads\/2025\/11\/Flyer-Checkliste-Schwanger-2023_page-0002-1024x538.jpg 1024w, https:\/\/info-to-go.binational-leipzig.de\/wp-content\/uploads\/2025\/11\/Flyer-Checkliste-Schwanger-2023_page-0002-300x158.jpg 300w, https:\/\/info-to-go.binational-leipzig.de\/wp-content\/uploads\/2025\/11\/Flyer-Checkliste-Schwanger-2023_page-0002-768x403.jpg 768w, https:\/\/info-to-go.binational-leipzig.de\/wp-content\/uploads\/2025\/11\/Flyer-Checkliste-Schwanger-2023_page-0002-1536x807.jpg 1536w, https:\/\/info-to-go.binational-leipzig.de\/wp-content\/uploads\/2025\/11\/Flyer-Checkliste-Schwanger-2023_page-0002-2048x1076.jpg 2048w, https:\/\/info-to-go.binational-leipzig.de\/wp-content\/uploads\/2025\/11\/Flyer-Checkliste-Schwanger-2023_page-0002-18x9.jpg 18w\" sizes=\"auto, (max-width: 1024px) 100vw, 1024px\" \/><\/figure>\n<\/figure>\n\n\n\n<p>Um centro de aconselhamento para gestantes pode ajud\u00e1-la durante toda a gravidez. Eles tamb\u00e9m podem oferecer apoio caso voc\u00ea esteja considerando um aborto. O aconselhamento \u00e9 gratuito e pode ser realizado em outros idiomas.<\/p>\n\n\n\n<p>Se voc\u00ea precisar de apoio financeiro durante a gravidez, existem diversas op\u00e7\u00f5es. Se voc\u00ea recebe benef\u00edcios do Centro de Emprego (Jobcenter), pode solicitar apoio adicional durante a gravidez. Esse apoio est\u00e1 dispon\u00edvel a partir da 13\u00aa semana de gesta\u00e7\u00e3o e \u00e9 chamado de &quot;necessidades adicionais durante a gravidez&quot;. Voc\u00ea precisar\u00e1 apresentar uma c\u00f3pia da sua certid\u00e3o de maternidade como comprovante de gravidez. Voc\u00ea tamb\u00e9m pode receber assist\u00eancia financeira do Centro de Emprego para roupas e itens de beb\u00ea. Essa assist\u00eancia \u00e9 chamada de &quot;equipamento inicial para gravidez e parto&quot;. <\/p>\n\n\n\n<p><\/p>\n\n\n\n<p>Se voc\u00ea for casada, seu marido ser\u00e1 automaticamente considerado o pai da crian\u00e7a.<br>Se voc\u00ea n\u00e3o for casado, o pai da crian\u00e7a dever\u00e1 reconhecer a paternidade.<br>O reconhecimento da paternidade significa que o pai tem certos direitos e obriga\u00e7\u00f5es.<\/p>\n\n\n\n<p>Se voc\u00ea for casada, voc\u00ea automaticamente ter\u00e1 a guarda compartilhada com seu marido.<br>Se voc\u00ea n\u00e3o for casado, voc\u00ea deve discutir a cust\u00f3dia com o pai.<br>Se voc\u00ea decidir pela guarda compartilhada, oficialize isso com o pai por meio de uma declara\u00e7\u00e3o de cust\u00f3dia.<\/p>\n\n\n\n<p>Voc\u00ea far\u00e1 o reconhecimento de paternidade e a declara\u00e7\u00e3o de cust\u00f3dia com o pai da crian\u00e7a no escrit\u00f3rio de assist\u00eancia social \u00e0 juventude.<br>Essas s\u00e3o coisas muito importantes e \u00e9 importante que voc\u00ea e o pai entendam tudo na consulta.<br>Se voc\u00ea e\/ou o pai da crian\u00e7a n\u00e3o falam muito alem\u00e3o, o Departamento de Bem-Estar da Juventude pode providenciar um int\u00e9rprete.<br><a href=\"https:\/\/www.leipzig.de\/jugend-familie-und-soziales\/kinder-jugend-und-elternhilfe\/unterhalts-und-sorgerecht\/beurkundungen\" target=\"_blank\" rel=\"noreferrer noopener\">Aqui<\/a> H\u00e1 mais informa\u00e7\u00f5es e detalhes de contato no Escrit\u00f3rio de Bem-Estar da Juventude de Leipzig.<\/p>\n<\/div><\/div>\n\n\n\n<div class=\"wp-block-esab-accordion-child\"><div class=\"esab__head\" role=\"button\" aria-expanded=\"false\"><div class=\"esab__heading_txt\"><h2 class=\"esab__heading_tag\">Como fa\u00e7o para encontrar uma creche para meu filho?<\/h2><\/div><div class=\"esab__icon\"><div class=\"esab__collapse\"> <svg version=\"1.2\" viewbox=\"0 0 24 24\" width=\"24\" height=\"24\"><path fill-rule=\"evenodd\" d=\"m3.5 20.5c-4.7-4.7-4.7-12.3 0-17 4.7-4.7 12.3-4.7 17 0 4.6 4.7 4.6 12.3 0 17-4.7 4.6-12.3 4.6-17 0zm0.9-0.9c4.2 4.2 11 4.2 15.2 0 4.2-4.2 4.2-11 0-15.2-4.2-4.3-11-4.3-15.2 0-4.3 4.2-4.3 11 0 15.2z\"><\/path><path d=\"m11.4 15.9v-3.3h-3.3c-0.3 0-0.6-0.3-0.6-0.6 0-0.4 0.3-0.6 0.6-0.6h3.3v-3.3c0-0.3 0.3-0.6 0.6-0.6 0.3 0 0.6 0.3 0.6 0.6v3.3h3.3c0.3 0 0.6 0.2 0.6 0.6q0 0.2-0.2 0.4-0.2 0.2-0.4 0.2h-3.3v3.3q0 0.2-0.2 0.4-0.2 0.2-0.4 0.2c-0.4 0-0.6-0.3-0.6-0.6z\"><\/path><\/svg> <\/div><div class=\"esab__expand\"> <svg version=\"1.2\" viewbox=\"0 0 24 24\" width=\"24\" height=\"24\"><path fill-rule=\"evenodd\" d=\"m12 24c-6.6 0-12-5.4-12-12 0-6.6 5.4-12 12-12 6.6 0 12 5.4 12 12 0 6.6-5.4 12-12 12zm10.6-12c0-5.9-4.7-10.6-10.6-10.6-5.9 0-10.6 4.7-10.6 10.6 0 5.9 4.7 10.6 10.6 10.6 5.9 0 10.6-4.7 10.6-10.6z\"><\/path><path d=\"m5.6 11.3h12.8v1.4h-12.8z\"><\/path><\/svg> <\/div><\/div><\/div><div class=\"esab__body\">\n<p>As crian\u00e7as n\u00e3o precisam ir \u00e0 creche. Os pais decidem se e quando uma crian\u00e7a deve ir para a creche.<br>Obrigat\u00f3rio somente na escola prim\u00e1ria.<br>Se uma crian\u00e7a tiver seis anos em 30 de junho, ela dever\u00e1 come\u00e7ar a escola prim\u00e1ria naquele ano.<\/p>\n\n\n\n<p>Kita \u00e9 a abrevia\u00e7\u00e3o de creche. Existem duas partes:<\/p>\n\n\n\n<p>Creche: para crian\u00e7as de 0 a 3 anos <\/p>\n\n\n\n<p>Jardim de inf\u00e2ncia: para crian\u00e7as de 3 anos at\u00e9 a idade escolar<\/p>\n\n\n\n<p>Se voc\u00ea est\u00e1 procurando uma vaga de creche em Leipzig, registre seu filho em <a href=\"https:\/\/www.meinkitaplatz-leipzig.de\/app\/de\/home\/index\" target=\"_blank\" rel=\"noreferrer noopener\">minha creche<\/a> para.<br>Voc\u00ea pode ent\u00e3o selecionar creches.<br>Se precisar de ajuda com o registro ou para encontrar um lugar, voc\u00ea pode obter ajuda no <a href=\"https:\/\/www.leipzig.de\/jugend-familie-und-soziales\/auslaender-und-migranten\/migration-und-integration\/willkommenszentrum\" target=\"_blank\" rel=\"noreferrer noopener\">Centro de boas-vindas<\/a> ou em <a href=\"https:\/\/www.leipzig.de\/jugend-familie-und-soziales\/kinderbetreuung\/kindertagesstaetten\" target=\"_blank\" rel=\"noreferrer noopener\">Gabinete de Bem-Estar da Juventude<\/a>.<\/p>\n\n\n\n<p>O Gabinete de Assist\u00eancia Social \u00e0 Juventude tem uma <a href=\"https:\/\/static.leipzig.de\/fileadmin\/mediendatenbank\/leipzig-de\/Stadt\/02.5_Dez5_Jugend_Soziales_Gesundheit_Schule\/51_Amt_fuer_Jugend_Familie_und_Bildung\/Familieninfobuero\/Kitabroschuere_Leipzig-viersprachig.pdf\" target=\"_blank\" rel=\"noreferrer noopener\">folheto<\/a> para creches em Leipzig e <a href=\"https:\/\/static.leipzig.de\/fileadmin\/mediendatenbank\/leipzig-de\/Stadt\/02.5_Dez5_Jugend_Soziales_Gesundheit_Schule\/51_Amt_fuer_Jugend_Familie_und_Bildung\/Kita\/Kita_Einstieg_FAQ_Deutsch.pdf\" target=\"_blank\" rel=\"noreferrer noopener\">aqui<\/a> respondeu muitas perguntas sobre isso.<\/p>\n<\/div><\/div>\n\n\n\n<div class=\"wp-block-esab-accordion-child\"><div class=\"esab__head\" role=\"button\" aria-expanded=\"false\"><div class=\"esab__heading_txt\"><h2 class=\"esab__heading_tag\">Que apoio financeiro est\u00e1 dispon\u00edvel para as fam\u00edlias?\u00a0<\/h2><\/div><div class=\"esab__icon\"><div class=\"esab__collapse\"> <svg version=\"1.2\" viewbox=\"0 0 24 24\" width=\"24\" height=\"24\"><path fill-rule=\"evenodd\" d=\"m3.5 20.5c-4.7-4.7-4.7-12.3 0-17 4.7-4.7 12.3-4.7 17 0 4.6 4.7 4.6 12.3 0 17-4.7 4.6-12.3 4.6-17 0zm0.9-0.9c4.2 4.2 11 4.2 15.2 0 4.2-4.2 4.2-11 0-15.2-4.2-4.3-11-4.3-15.2 0-4.3 4.2-4.3 11 0 15.2z\"><\/path><path d=\"m11.4 15.9v-3.3h-3.3c-0.3 0-0.6-0.3-0.6-0.6 0-0.4 0.3-0.6 0.6-0.6h3.3v-3.3c0-0.3 0.3-0.6 0.6-0.6 0.3 0 0.6 0.3 0.6 0.6v3.3h3.3c0.3 0 0.6 0.2 0.6 0.6q0 0.2-0.2 0.4-0.2 0.2-0.4 0.2h-3.3v3.3q0 0.2-0.2 0.4-0.2 0.2-0.4 0.2c-0.4 0-0.6-0.3-0.6-0.6z\"><\/path><\/svg> <\/div><div class=\"esab__expand\"> <svg version=\"1.2\" viewbox=\"0 0 24 24\" width=\"24\" height=\"24\"><path fill-rule=\"evenodd\" d=\"m12 24c-6.6 0-12-5.4-12-12 0-6.6 5.4-12 12-12 6.6 0 12 5.4 12 12 0 6.6-5.4 12-12 12zm10.6-12c0-5.9-4.7-10.6-10.6-10.6-5.9 0-10.6 4.7-10.6 10.6 0 5.9 4.7 10.6 10.6 10.6 5.9 0 10.6-4.7 10.6-10.6z\"><\/path><path d=\"m5.6 11.3h12.8v1.4h-12.8z\"><\/path><\/svg> <\/div><\/div><\/div><div class=\"esab__body\">\n<p>H\u00e1 v\u00e1rios benef\u00edcios financeiros para as fam\u00edlias.&nbsp;<\/p>\n\n\n\n<p>Muitas pessoas est\u00e3o familiarizadas com o benef\u00edcio infantil.<br>Cidad\u00e3os da UE podem receber subs\u00eddio de crian\u00e7a na Alemanha, mesmo que os filhos vivam em outro pa\u00eds.<\/p>\n\n\n\n<p>Outros benef\u00edcios poss\u00edveis incluem suplemento para filhos, subs\u00eddio parental, adiantamento de pens\u00e3o aliment\u00edcia e benef\u00edcio estatal para filhos.<br><a href=\"https:\/\/familienportal.de\/familienportal\/familienleistungen\" target=\"_blank\" rel=\"noreferrer noopener\">Aqui<\/a> a maioria dos benef\u00edcios familiares s\u00e3o explicados.<br><a href=\"https:\/\/static.leipzig.de\/fileadmin\/mediendatenbank\/leipzig-de\/Stadt\/02.5_Dez5_Jugend_Soziales_Gesundheit_Schule\/51_Amt_fuer_Jugend_Familie_und_Bildung\/Familieninfobuero\/Broschuere\" target=\"_blank\" rel=\"noreferrer noopener\">Aqui<\/a> H\u00e1 um folheto multil\u00edngue do Escrit\u00f3rio de Bem-Estar da Juventude de Leipzig.<\/p>\n\n\n\n<p>O benef\u00edcio estatal para crian\u00e7as n\u00e3o est\u00e1 dispon\u00edvel em todos os lugares da Alemanha.<br>Em Leipzig, o dinheiro est\u00e1 dispon\u00edvel para pais de crian\u00e7as de 1 a 2 anos se um dos pais ficar em casa e cuidar da crian\u00e7a.<br>Quanto dinheiro \u00e9 isso? Depende da idade da crian\u00e7a e de quantos filhos voc\u00ea tem.<br><a href=\"https:\/\/www.familie.sachsen.de\/landeserziehungsgeld.html?_cp=%7B%22accordion-content-5838%22%3A%7B%221%22%3Atrue%2C%222%22%3Atrue%7D%2C%22previousOpen%22%3A%7B%22group%22%3A%22accordion-content-5838%22%2C%22idx%22%3A1%7D%7D\" target=\"_blank\" rel=\"noreferrer noopener\">Aqui<\/a> \u00e9 explicado em detalhes.<\/p>\n<\/div><\/div>\n\n\n\n<div class=\"wp-block-esab-accordion-child\"><div class=\"esab__head\" role=\"button\" aria-expanded=\"false\"><div class=\"esab__heading_txt\"><h2 class=\"esab__heading_tag\">H\u00e1 dificuldades na minha fam\u00edlia. Quem nos ajudar\u00e1 com isso?<\/h2><\/div><div class=\"esab__icon\"><div class=\"esab__collapse\"> <svg version=\"1.2\" viewbox=\"0 0 24 24\" width=\"24\" height=\"24\"><path fill-rule=\"evenodd\" d=\"m3.5 20.5c-4.7-4.7-4.7-12.3 0-17 4.7-4.7 12.3-4.7 17 0 4.6 4.7 4.6 12.3 0 17-4.7 4.6-12.3 4.6-17 0zm0.9-0.9c4.2 4.2 11 4.2 15.2 0 4.2-4.2 4.2-11 0-15.2-4.2-4.3-11-4.3-15.2 0-4.3 4.2-4.3 11 0 15.2z\"><\/path><path d=\"m11.4 15.9v-3.3h-3.3c-0.3 0-0.6-0.3-0.6-0.6 0-0.4 0.3-0.6 0.6-0.6h3.3v-3.3c0-0.3 0.3-0.6 0.6-0.6 0.3 0 0.6 0.3 0.6 0.6v3.3h3.3c0.3 0 0.6 0.2 0.6 0.6q0 0.2-0.2 0.4-0.2 0.2-0.4 0.2h-3.3v3.3q0 0.2-0.2 0.4-0.2 0.2-0.4 0.2c-0.4 0-0.6-0.3-0.6-0.6z\"><\/path><\/svg> <\/div><div class=\"esab__expand\"> <svg version=\"1.2\" viewbox=\"0 0 24 24\" width=\"24\" height=\"24\"><path fill-rule=\"evenodd\" d=\"m12 24c-6.6 0-12-5.4-12-12 0-6.6 5.4-12 12-12 6.6 0 12 5.4 12 12 0 6.6-5.4 12-12 12zm10.6-12c0-5.9-4.7-10.6-10.6-10.6-5.9 0-10.6 4.7-10.6 10.6 0 5.9 4.7 10.6 10.6 10.6 5.9 0 10.6-4.7 10.6-10.6z\"><\/path><path d=\"m5.6 11.3h12.8v1.4h-12.8z\"><\/path><\/svg> <\/div><\/div><\/div><div class=\"esab__body\">\n<p>\u00c0s vezes, criar filhos \u00e9 desafiador ou h\u00e1 conflitos entre os pais.<br>Nesses casos, faz sentido entrar em contato com um centro de aconselhamento familiar.<\/p>\n\n\n\n<p>Os centros de aconselhamento familiar t\u00eam muita experi\u00eancia com tais situa\u00e7\u00f5es.<br>A ajuda \u00e9 gratuita e a equipe geralmente fala outros idiomas.<br><a href=\"https:\/\/static.leipzig.de\/fileadmin\/mediendatenbank\/leipzig-de\/Stadt\/02.5_Dez5_Jugend_Soziales_Gesundheit_Schule\/51_Amt_fuer_Jugend_Familie_und_Bildung\/Familieninfobuero\/Flyer-Erziehungsberatungsstellen-2020.pdf\" target=\"_blank\" rel=\"noopener\">Aqui<\/a> Todos os centros de aconselhamento familiar em Leipzig est\u00e3o listados.<\/p>\n<\/div><\/div>\n\n\n\n<div class=\"wp-block-esab-accordion-child\"><div class=\"esab__head\" role=\"button\" aria-expanded=\"false\"><div class=\"esab__heading_txt\"><h2 class=\"esab__heading_tag\">O que o escrit\u00f3rio de assist\u00eancia social \u00e0 juventude faz?<\/h2><\/div><div class=\"esab__icon\"><div class=\"esab__collapse\"> <svg version=\"1.2\" viewbox=\"0 0 24 24\" width=\"24\" height=\"24\"><path fill-rule=\"evenodd\" d=\"m3.5 20.5c-4.7-4.7-4.7-12.3 0-17 4.7-4.7 12.3-4.7 17 0 4.6 4.7 4.6 12.3 0 17-4.7 4.6-12.3 4.6-17 0zm0.9-0.9c4.2 4.2 11 4.2 15.2 0 4.2-4.2 4.2-11 0-15.2-4.2-4.3-11-4.3-15.2 0-4.3 4.2-4.3 11 0 15.2z\"><\/path><path d=\"m11.4 15.9v-3.3h-3.3c-0.3 0-0.6-0.3-0.6-0.6 0-0.4 0.3-0.6 0.6-0.6h3.3v-3.3c0-0.3 0.3-0.6 0.6-0.6 0.3 0 0.6 0.3 0.6 0.6v3.3h3.3c0.3 0 0.6 0.2 0.6 0.6q0 0.2-0.2 0.4-0.2 0.2-0.4 0.2h-3.3v3.3q0 0.2-0.2 0.4-0.2 0.2-0.4 0.2c-0.4 0-0.6-0.3-0.6-0.6z\"><\/path><\/svg> <\/div><div class=\"esab__expand\"> <svg version=\"1.2\" viewbox=\"0 0 24 24\" width=\"24\" height=\"24\"><path fill-rule=\"evenodd\" d=\"m12 24c-6.6 0-12-5.4-12-12 0-6.6 5.4-12 12-12 6.6 0 12 5.4 12 12 0 6.6-5.4 12-12 12zm10.6-12c0-5.9-4.7-10.6-10.6-10.6-5.9 0-10.6 4.7-10.6 10.6 0 5.9 4.7 10.6 10.6 10.6 5.9 0 10.6-4.7 10.6-10.6z\"><\/path><path d=\"m5.6 11.3h12.8v1.4h-12.8z\"><\/path><\/svg> <\/div><\/div><\/div><div class=\"esab__body\">\n<p>O escrit\u00f3rio de assist\u00eancia social \u00e0 juventude tem a tarefa de proteger crian\u00e7as e jovens e apoiar os pais.<br>O Gabinete de Assist\u00eancia Social \u00e0 Juventude tem v\u00e1rios departamentos, por exemplo, para creches ou subs\u00eddio parental.<br>Tamb\u00e9m oferece aconselhamento familiar.<\/p>\n\n\n\n<p>O escrit\u00f3rio de bem-estar juvenil emprega assistentes sociais que cuidam do bem-estar das crian\u00e7as.<br>Isso significa que eles garantem que a crian\u00e7a esteja bem.<br>Se uma crian\u00e7a estiver em uma situa\u00e7\u00e3o perigosa (perigo para a crian\u00e7a), o departamento de assist\u00eancia social \u00e0 juventude pode lev\u00e1-la sob cust\u00f3dia.<br>Isso significa que a crian\u00e7a permanece em uma casa administrada pelo departamento de assist\u00eancia social \u00e0 juventude ou com uma fam\u00edlia adotiva at\u00e9 que ela possa retornar para a fam\u00edlia.<br>O tribunal de fam\u00edlia decide sobre tais quest\u00f5es.<br>A crian\u00e7a recebe ajuda durante o processo de um representante legal.<br>Essa pessoa tem a tarefa de representar os interesses da crian\u00e7a.<\/p>\n\n\n\n<p><a href=\"https:\/\/www.unterstuetzung-die-ankommt.de\/de\/mediathek\/broschueren\/\" target=\"_blank\" rel=\"noreferrer noopener\">Aqui<\/a> Voc\u00ea pode ler informa\u00e7\u00f5es sobre as tarefas do Escrit\u00f3rio de Bem-Estar Juvenil em v\u00e1rios idiomas.<\/p>\n<\/div><\/div>\n<\/div><\/div>\n<div class=\"gsp_post_data\" \r\n\t            data-post_type=\"page\" \r\n\t            data-cat=\"soziales\" \r\n\t            data-modified=\"120\"\r\n\t            data-created=\"1688943725\"\r\n\t            data-title=\"Kinder und Familie\" \r\n\t            data-home=\"https:\/\/info-to-go.binational-leipzig.de\/pt\"><\/div>","protected":false},"excerpt":{"rendered":"","protected":false},"author":1,"featured_media":0,"parent":5,"menu_order":6,"comment_status":"closed","ping_status":"closed","template":"","meta":{"footnotes":""},"categories":[9],"tags":[],"class_list":["post-25","page","type-page","status-publish","hentry","category-soziales"],"_links":{"self":[{"href":"https:\/\/info-to-go.binational-leipzig.de\/pt\/wp-json\/wp\/v2\/pages\/25","targetHints":{"allow":["GET"]}}],"collection":[{"href":"https:\/\/info-to-go.binational-leipzig.de\/pt\/wp-json\/wp\/v2\/pages"}],"about":[{"href":"https:\/\/info-to-go.binational-leipzig.de\/pt\/wp-json\/wp\/v2\/types\/page"}],"author":[{"embeddable":true,"href":"https:\/\/info-to-go.binational-leipzig.de\/pt\/wp-json\/wp\/v2\/users\/1"}],"replies":[{"embeddable":true,"href":"https:\/\/info-to-go.binational-leipzig.de\/pt\/wp-json\/wp\/v2\/comments?post=25"}],"version-history":[{"count":17,"href":"https:\/\/info-to-go.binational-leipzig.de\/pt\/wp-json\/wp\/v2\/pages\/25\/revisions"}],"predecessor-version":[{"id":732,"href":"https:\/\/info-to-go.binational-leipzig.de\/pt\/wp-json\/wp\/v2\/pages\/25\/revisions\/732"}],"up":[{"embeddable":true,"href":"https:\/\/info-to-go.binational-leipzig.de\/pt\/wp-json\/wp\/v2\/pages\/5"}],"wp:attachment":[{"href":"https:\/\/info-to-go.binational-leipzig.de\/pt\/wp-json\/wp\/v2\/media?parent=25"}],"wp:term":[{"taxonomy":"category","embeddable":true,"href":"https:\/\/info-to-go.binational-leipzig.de\/pt\/wp-json\/wp\/v2\/categories?post=25"},{"taxonomy":"post_tag","embeddable":true,"href":"https:\/\/info-to-go.binational-leipzig.de\/pt\/wp-json\/wp\/v2\/tags?post=25"}],"curies":[{"name":"wp","href":"https:\/\/api.w.org\/{rel}","templated":true}]}}