{"id":3,"date":"2024-03-11T13:45:00","date_gmt":"2024-03-11T12:45:00","guid":{"rendered":"https:\/\/sprijin.binational-leipzig.de\/?page_id=3"},"modified":"2024-03-11T13:45:51","modified_gmt":"2024-03-11T12:45:51","slug":"datenschutzerklaerung","status":"publish","type":"page","link":"https:\/\/info-to-go.binational-leipzig.de\/pt\/datenschutzerklaerung\/","title":{"rendered":"pol\u00edtica de Privacidade"},"content":{"rendered":"<p><strong>1. Prote\u00e7\u00e3o de dados em resumo<\/strong><\/p>\n\n\n\n<p><strong><em>informa\u00e7\u00f5es gerais<\/em><\/strong><\/p>\n\n\n\n<p>As informa\u00e7\u00f5es a seguir fornecem uma vis\u00e3o geral simples do que acontece com seus dados pessoais quando voc\u00ea visita nosso site. Dados pessoais s\u00e3o quaisquer dados que podem ser usados para identific\u00e1-lo pessoalmente. Para obter informa\u00e7\u00f5es detalhadas sobre prote\u00e7\u00e3o de dados, consulte nossa pol\u00edtica de privacidade listada abaixo deste texto.<\/p>\n\n\n\n<p><strong>Coleta de dados em nosso site<\/strong><\/p>\n\n\n\n<p><strong><em>Quem \u00e9 respons\u00e1vel pela coleta de dados neste site?<\/em><\/strong><\/p>\n\n\n\n<p>O processamento de dados neste site \u00e9 realizado pelo operador do site. Voc\u00ea pode encontrar os detalhes de contato no aviso legal deste site.<\/p>\n\n\n\n<p><strong><em>Como coletamos seus dados?<\/em><\/strong><\/p>\n\n\n\n<p>Por um lado, seus dados s\u00e3o coletados quando voc\u00ea os fornece a n\u00f3s. Isso poderia ser, por exemplo, dados que voc\u00ea insere em um formul\u00e1rio de contato.<\/p>\n\n\n\n<p>Outros dados s\u00e3o coletados automaticamente por nossos sistemas de TI quando voc\u00ea visita o site. Esses s\u00e3o principalmente dados t\u00e9cnicos (por exemplo, navegador de internet, sistema operacional ou hora de acesso \u00e0 p\u00e1gina). Esses dados s\u00e3o coletados automaticamente assim que voc\u00ea entra em nosso site.<\/p>\n\n\n\n<p><strong><em>Para que usamos seus dados?<\/em><\/strong><\/p>\n\n\n\n<p>Alguns dados s\u00e3o coletados para garantir que o site funcione corretamente. Outros dados podem ser usados para analisar seu comportamento de usu\u00e1rio.<\/p>\n\n\n\n<p><strong><em>Quais s\u00e3o os seus direitos em rela\u00e7\u00e3o aos seus dados?<\/em><\/strong><\/p>\n\n\n\n<p>Voc\u00ea tem o direito de obter informa\u00e7\u00f5es sobre a origem, o destinat\u00e1rio e a finalidade dos seus dados pessoais armazenados a qualquer momento e gratuitamente. Voc\u00ea tamb\u00e9m tem o direito de solicitar a corre\u00e7\u00e3o, bloqueio ou exclus\u00e3o desses dados. Voc\u00ea pode entrar em contato conosco a qualquer momento no endere\u00e7o fornecido no aviso legal caso tenha alguma d\u00favida sobre este ou outros assuntos relacionados \u00e0 prote\u00e7\u00e3o de dados. Al\u00e9m disso, voc\u00ea tem o direito de apresentar uma reclama\u00e7\u00e3o \u00e0 autoridade de supervis\u00e3o competente.<\/p>\n\n\n\n<p><strong>2. Informa\u00e7\u00f5es gerais e informa\u00e7\u00f5es obrigat\u00f3rias<\/strong><\/p>\n\n\n\n<p><strong>Prote\u00e7\u00e3o de dados<\/strong><\/p>\n\n\n\n<p>Os operadores destas p\u00e1ginas levam muito a s\u00e9rio a prote\u00e7\u00e3o dos seus dados pessoais. Tratamos seus dados pessoais de forma confidencial e de acordo com os regulamentos legais de prote\u00e7\u00e3o de dados e esta pol\u00edtica de privacidade.<\/p>\n\n\n\n<p>Quando voc\u00ea usa este site, v\u00e1rios dados pessoais s\u00e3o coletados. Dados pessoais s\u00e3o dados que podem ser usados para identific\u00e1-lo pessoalmente. Esta pol\u00edtica de privacidade explica quais dados coletamos e para que os utilizamos. Ele tamb\u00e9m explica como e para qual prop\u00f3sito isso \u00e9 feito.<\/p>\n\n\n\n<p>Gostar\u00edamos de salientar que a transmiss\u00e3o de dados pela Internet (por exemplo, na comunica\u00e7\u00e3o por e-mail) pode apresentar falhas de seguran\u00e7a. A prote\u00e7\u00e3o completa dos dados contra o acesso de terceiros n\u00e3o \u00e9 poss\u00edvel.<\/p>\n\n\n\n<p><strong><em>Nota sobre o \u00f3rg\u00e3o respons\u00e1vel<\/em><\/strong><\/p>\n\n\n\n<p>O \u00f3rg\u00e3o respons\u00e1vel pelo processamento de dados neste site \u00e9:<br>Associa\u00e7\u00e3o de Fam\u00edlias e Parcerias Binacionais, iaf eV<\/p>\n\n\n\n<p>Ludolfusstra\u00dfe 2 \u2013 4<br>60487 Frankfurt am Main<br>Telefone: +49 (0) 69 713 756 \u2013 0<br>E-mail: info@verband-binationaler.de<\/p>\n\n\n\n<p>O \u00f3rg\u00e3o respons\u00e1vel \u00e9 a pessoa f\u00edsica ou jur\u00eddica que, individualmente ou em conjunto com outras, decide sobre as finalidades e os meios de tratamento de dados pessoais (por exemplo, nomes, endere\u00e7os de e-mail, etc.).<\/p>\n\n\n\n<p><strong><em>Revoga\u00e7\u00e3o do seu consentimento para o processamento de dados<\/em><\/strong><\/p>\n\n\n\n<p>Muitas opera\u00e7\u00f5es de processamento de dados s\u00f3 s\u00e3o poss\u00edveis com seu consentimento expresso. Voc\u00ea pode revogar seu consentimento a qualquer momento. Tudo o que voc\u00ea precisa fazer \u00e9 nos enviar um e-mail informal. A legalidade do processamento de dados realizado at\u00e9 o momento da revoga\u00e7\u00e3o permanece inalterada pela revoga\u00e7\u00e3o.<\/p>\n\n\n\n<p><strong><em>Direito de apresentar uma reclama\u00e7\u00e3o \u00e0 autoridade de controlo competente<\/em><\/strong><\/p>\n\n\n\n<p>Em caso de viola\u00e7\u00f5es da lei de prote\u00e7\u00e3o de dados, o interessado tem o direito de apresentar uma reclama\u00e7\u00e3o \u00e0 autoridade de supervis\u00e3o competente. A autoridade supervisora respons\u00e1vel por quest\u00f5es de prote\u00e7\u00e3o de dados \u00e9 o Comiss\u00e1rio Estadual de Prote\u00e7\u00e3o de Dados do Estado de Hesse.<br><a href=\"http:\/\/www.datenschutz.hessen.de\/\" rel=\"noreferrer noopener\" target=\"_blank\">www.datenschutz.hessen.de<\/a><\/p>\n\n\n\n<p><strong><em>Direito \u00e0 portabilidade de dados<\/em><\/strong><\/p>\n\n\n\n<p>Voc\u00ea tem o direito de ter os dados que processamos automaticamente com base no seu consentimento ou em cumprimento de um contrato entregues a voc\u00ea ou a terceiros em um formato comum e leg\u00edvel por m\u00e1quina. Se voc\u00ea solicitar a transfer\u00eancia direta dos dados para outra parte respons\u00e1vel, isso s\u00f3 ser\u00e1 feito se for tecnicamente vi\u00e1vel.<\/p>\n\n\n\n<p><strong><em>Criptografia SSL ou TLS<\/em><\/strong><\/p>\n\n\n\n<p>Por raz\u00f5es de seguran\u00e7a e para proteger a transmiss\u00e3o de conte\u00fado confidencial, como pedidos ou consultas que voc\u00ea nos envia como operador do site, este site usa criptografia SSL ou TLS. Criptografia TLS. Voc\u00ea pode reconhecer uma conex\u00e3o criptografada pelo fato de que a linha de endere\u00e7o do navegador muda de \u201chttp:\/\/\u201d para \u201chttps:\/\/\u201d e pelo s\u00edmbolo de cadeado na linha do navegador.<\/p>\n\n\n\n<p>Se a criptografia SSL ou TLS estiver ativada, os dados que voc\u00ea nos enviar n\u00e3o poder\u00e3o ser lidos por terceiros.<\/p>\n\n\n\n<p><strong><em>Informa\u00e7\u00e3o, bloqueio, exclus\u00e3o<\/em><\/strong><\/p>\n\n\n\n<p>No \u00e2mbito das disposi\u00e7\u00f5es legais aplic\u00e1veis, voc\u00ea tem o direito de obter, a qualquer momento, informa\u00e7\u00f5es gratuitas sobre seus dados pessoais armazenados, sua origem e destinat\u00e1rio e a finalidade do processamento de dados e, se aplic\u00e1vel, o direito de corrigir, bloquear ou excluir esses dados. Voc\u00ea pode entrar em contato conosco a qualquer momento no endere\u00e7o fornecido no aviso legal caso tenha alguma d\u00favida sobre este ou outros assuntos relacionados a dados pessoais.<\/p>\n\n\n\n<p><strong><em>Obje\u00e7\u00e3o a e-mails publicit\u00e1rios<\/em><\/strong><\/p>\n\n\n\n<p>\u00c9 proibida a utiliza\u00e7\u00e3o de dados de contato publicados no \u00e2mbito da obriga\u00e7\u00e3o de impress\u00e3o para envio de publicidade e materiais informativos n\u00e3o solicitados. Os operadores do site reservam-se expressamente o direito de tomar medidas legais no caso de envio de informa\u00e7\u00f5es publicit\u00e1rias n\u00e3o solicitadas, por exemplo, por meio de e-mails de spam.<\/p>\n\n\n\n<p><strong>3. Encarregado da Prote\u00e7\u00e3o de Dados<\/strong><\/p>\n\n\n\n<p><strong>Respons\u00e1vel pela prote\u00e7\u00e3o de dados legalmente exigido<\/strong><\/p>\n\n\n\n<p>Nomeamos um respons\u00e1vel interno pela prote\u00e7\u00e3o de dados para a nossa empresa:<br>Associa\u00e7\u00e3o de Fam\u00edlias e Parcerias Binacionais, iaf eV<\/p>\n\n\n\n<p>Ludolfusstra\u00dfe 2 \u2013 4<br>60487 Frankfurt am Main<br>Telefone: +49 (0) 69 713 756 \u2013 0<br>E-mail: datenschutz@verband-binationaler.de<\/p>\n\n\n\n<p><strong>4. Coleta de dados em nosso site<\/strong><\/p>\n\n\n\n<p><strong>Biscoitos<\/strong><\/p>\n\n\n\n<p>Algumas p\u00e1ginas da Internet usam os chamados cookies. Os cookies n\u00e3o causam nenhum dano ao seu computador e n\u00e3o cont\u00eam v\u00edrus. Os cookies s\u00e3o usados para tornar nosso servi\u00e7o mais f\u00e1cil de usar, eficaz e seguro. Cookies s\u00e3o pequenos arquivos de texto que s\u00e3o armazenados no seu computador e salvos pelo seu navegador.<\/p>\n\n\n\n<p>A maioria dos cookies que usamos s\u00e3o os chamados \u201ccookies de sess\u00e3o\u201d. Eles s\u00e3o exclu\u00eddos automaticamente ap\u00f3s sua visita. Outros cookies permanecem armazenados no seu dispositivo at\u00e9 que voc\u00ea os exclua. Esses cookies nos permitem reconhecer seu navegador na pr\u00f3xima vez que voc\u00ea nos visitar.<\/p>\n\n\n\n<p>Voc\u00ea pode configurar seu navegador para ser informado sobre a configura\u00e7\u00e3o de cookies e permitir cookies apenas em casos individuais, excluir a aceita\u00e7\u00e3o de cookies para determinados casos ou em geral e ativar a exclus\u00e3o autom\u00e1tica de cookies ao fechar o navegador. Se os cookies forem desativados, a funcionalidade deste site poder\u00e1 ser limitada.<\/p>\n\n\n\n<p>Os cookies necess\u00e1rios para executar o processo de comunica\u00e7\u00e3o eletr\u00f4nica ou para fornecer determinadas fun\u00e7\u00f5es que voc\u00ea requer (por exemplo, fun\u00e7\u00e3o de carrinho de compras) s\u00e3o armazenados com base no Art. 6 (1) (f) RGPD. O operador do site tem um interesse leg\u00edtimo em armazenar cookies para garantir a presta\u00e7\u00e3o otimizada e tecnicamente livre de erros de seus servi\u00e7os. Se outros cookies (por exemplo, cookies para analisar seu comportamento de navega\u00e7\u00e3o) forem armazenados, eles ser\u00e3o tratados separadamente nesta pol\u00edtica de privacidade.<\/p>\n\n\n\n<p><strong>Arquivos de log do servidor<\/strong><\/p>\n\n\n\n<p>O provedor das p\u00e1ginas coleta e armazena automaticamente informa\u00e7\u00f5es nos chamados arquivos de log do servidor, que seu navegador nos transmite automaticamente. Estes s\u00e3o:<\/p>\n\n\n\n<p>&nbsp;&nbsp;&nbsp; Tipo e vers\u00e3o do navegador<\/p>\n\n\n\n<p>&nbsp;&nbsp;&nbsp; sistema operacional usado<\/p>\n\n\n\n<p>&nbsp;&nbsp;&nbsp; URL de refer\u00eancia<\/p>\n\n\n\n<p>&nbsp;&nbsp;&nbsp; Nome do host do computador de acesso<\/p>\n\n\n\n<p>&nbsp;&nbsp;&nbsp; Hora da solicita\u00e7\u00e3o do servidor<\/p>\n\n\n\n<p>&nbsp;&nbsp;&nbsp; Endere\u00e7o IP<\/p>\n\n\n\n<p>Esses dados n\u00e3o ser\u00e3o mesclados com outras fontes de dados.<\/p>\n\n\n\n<p>A base para o processamento de dados \u00e9 o Art. 6 (1) (f) GDPR, que permite o processamento de dados para cumprir um contrato ou para medidas pr\u00e9-contratuais.<\/p>\n\n\n\n<p><strong>5. Plugins e ferramentas<\/strong><\/p>\n\n\n\n<p><strong>Fontes da Web do Google<\/strong><\/p>\n\n\n\n<p>Este site usa as chamadas fontes da web fornecidas pelo Google para exibi\u00e7\u00e3o uniforme de fontes. Quando voc\u00ea visita uma p\u00e1gina, seu navegador carrega as fontes da web necess\u00e1rias no cache do navegador para exibir textos e fontes corretamente.<\/p>\n\n\n\n<p>Para isso, o navegador que voc\u00ea utiliza deve se conectar aos servidores do Google. Isso permite que o Google saiba que nosso site foi acessado por meio do seu endere\u00e7o IP. Usamos o Google Web Fonts para proporcionar uma apresenta\u00e7\u00e3o uniforme e atraente de nossas ofertas on-line. Isso representa um interesse leg\u00edtimo, nos termos do art. 6 (1) (f) RGPD.<\/p>\n\n\n\n<p>Se o seu navegador n\u00e3o suportar fontes da web, uma fonte padr\u00e3o do seu computador ser\u00e1 usada.<\/p>\n\n\n\n<p>Para obter mais informa\u00e7\u00f5es sobre o Google Web Fonts, consulte <a href=\"https:\/\/developers.google.com\/fonts\/faq\" target=\"_blank\" rel=\"noreferrer noopener\">https:\/\/developers.google.com\/fonts\/faq<\/a>  e na pol\u00edtica de privacidade do Google:\u00a0<a href=\"https:\/\/www.google.com\/policies\/privacy\/\" target=\"_blank\" rel=\"noreferrer noopener\">https:\/\/www.google.com\/policies\/privacy\/<\/a>.<\/p>\n<div class=\"gsp_post_data\" \r\n\t            data-post_type=\"page\" \r\n\t            data-cat=\"\" \r\n\t            data-modified=\"120\"\r\n\t            data-created=\"1710164700\"\r\n\t            data-title=\"Datenschutzerkl\u00e4rung\" \r\n\t            data-home=\"https:\/\/info-to-go.binational-leipzig.de\/pt\"><\/div>","protected":false},"excerpt":{"rendered":"<p>1. Datenschutz auf einen Blick Allgemeine Hinweise Die folgenden Hinweise geben einen einfachen \u00dcberblick dar\u00fcber, was mit Ihren personenbezogenen Daten passiert, wenn Sie unsere Website besuchen. Personenbezogene Daten sind alle Daten, mit denen Sie pers\u00f6nlich identifiziert werden k\u00f6nnen. Ausf\u00fchrliche Informationen zum Thema Datenschutz entnehmen Sie unserer unter diesem Text aufgef\u00fchrten Datenschutzerkl\u00e4rung. Datenerfassung auf unserer Website [&hellip;]<\/p>\n","protected":false},"author":1,"featured_media":0,"parent":0,"menu_order":0,"comment_status":"closed","ping_status":"open","template":"","meta":{"footnotes":""},"categories":[],"tags":[],"class_list":["post-3","page","type-page","status-publish","hentry"],"_links":{"self":[{"href":"https:\/\/info-to-go.binational-leipzig.de\/pt\/wp-json\/wp\/v2\/pages\/3","targetHints":{"allow":["GET"]}}],"collection":[{"href":"https:\/\/info-to-go.binational-leipzig.de\/pt\/wp-json\/wp\/v2\/pages"}],"about":[{"href":"https:\/\/info-to-go.binational-leipzig.de\/pt\/wp-json\/wp\/v2\/types\/page"}],"author":[{"embeddable":true,"href":"https:\/\/info-to-go.binational-leipzig.de\/pt\/wp-json\/wp\/v2\/users\/1"}],"replies":[{"embeddable":true,"href":"https:\/\/info-to-go.binational-leipzig.de\/pt\/wp-json\/wp\/v2\/comments?post=3"}],"version-history":[{"count":1,"href":"https:\/\/info-to-go.binational-leipzig.de\/pt\/wp-json\/wp\/v2\/pages\/3\/revisions"}],"predecessor-version":[{"id":447,"href":"https:\/\/info-to-go.binational-leipzig.de\/pt\/wp-json\/wp\/v2\/pages\/3\/revisions\/447"}],"wp:attachment":[{"href":"https:\/\/info-to-go.binational-leipzig.de\/pt\/wp-json\/wp\/v2\/media?parent=3"}],"wp:term":[{"taxonomy":"category","embeddable":true,"href":"https:\/\/info-to-go.binational-leipzig.de\/pt\/wp-json\/wp\/v2\/categories?post=3"},{"taxonomy":"post_tag","embeddable":true,"href":"https:\/\/info-to-go.binational-leipzig.de\/pt\/wp-json\/wp\/v2\/tags?post=3"}],"curies":[{"name":"wp","href":"https:\/\/api.w.org\/{rel}","templated":true}]}}