{"id":33,"date":"2023-07-09T23:06:42","date_gmt":"2023-07-09T21:06:42","guid":{"rendered":"https:\/\/sprijin.binational-leipzig.de\/?page_id=33"},"modified":"2025-11-22T13:14:33","modified_gmt":"2025-11-22T12:14:33","slug":"geld-und-finanzen","status":"publish","type":"page","link":"https:\/\/info-to-go.binational-leipzig.de\/pt\/start\/wirtschaft\/geld-und-finanzen\/","title":{"rendered":"Dinheiro e finan\u00e7as"},"content":{"rendered":"<div class=\"wp-block-esab-accordion accordion-756f9975\" data-mode=\"global\"><div class=\"esab__container\">\n<div class=\"wp-block-esab-accordion-child\"><div class=\"esab__head\" role=\"button\" aria-expanded=\"false\"><div class=\"esab__heading_txt\"><p class=\"esab__heading_tag\">Como posso abrir uma conta banc\u00e1ria?\u00a0<\/p><\/div><div class=\"esab__icon\"><div class=\"esab__collapse\"> <svg version=\"1.2\" viewbox=\"0 0 24 24\" width=\"24\" height=\"24\"><path fill-rule=\"evenodd\" d=\"m3.5 20.5c-4.7-4.7-4.7-12.3 0-17 4.7-4.7 12.3-4.7 17 0 4.6 4.7 4.6 12.3 0 17-4.7 4.6-12.3 4.6-17 0zm0.9-0.9c4.2 4.2 11 4.2 15.2 0 4.2-4.2 4.2-11 0-15.2-4.2-4.3-11-4.3-15.2 0-4.3 4.2-4.3 11 0 15.2z\"><\/path><path d=\"m11.4 15.9v-3.3h-3.3c-0.3 0-0.6-0.3-0.6-0.6 0-0.4 0.3-0.6 0.6-0.6h3.3v-3.3c0-0.3 0.3-0.6 0.6-0.6 0.3 0 0.6 0.3 0.6 0.6v3.3h3.3c0.3 0 0.6 0.2 0.6 0.6q0 0.2-0.2 0.4-0.2 0.2-0.4 0.2h-3.3v3.3q0 0.2-0.2 0.4-0.2 0.2-0.4 0.2c-0.4 0-0.6-0.3-0.6-0.6z\"><\/path><\/svg> <\/div><div class=\"esab__expand\"> <svg version=\"1.2\" viewbox=\"0 0 24 24\" width=\"24\" height=\"24\"><path fill-rule=\"evenodd\" d=\"m12 24c-6.6 0-12-5.4-12-12 0-6.6 5.4-12 12-12 6.6 0 12 5.4 12 12 0 6.6-5.4 12-12 12zm10.6-12c0-5.9-4.7-10.6-10.6-10.6-5.9 0-10.6 4.7-10.6 10.6 0 5.9 4.7 10.6 10.6 10.6 5.9 0 10.6-4.7 10.6-10.6z\"><\/path><path d=\"m5.6 11.3h12.8v1.4h-12.8z\"><\/path><\/svg> <\/div><\/div><\/div><div class=\"esab__body\">\n<p>Qualquer pessoa na Alemanha que possua um documento de identidade e um endere\u00e7o pode abrir uma conta banc\u00e1ria. <\/p>\n\n\n\n<p>Voc\u00ea deve <strong>n\u00e3o <\/strong>ter um apartamento ou uma confirma\u00e7\u00e3o de registro\/inscri\u00e7\u00e3o.<br>Man muss tem apenas um ID e um endere\u00e7o.<br>Um endere\u00e7o de amigos ou de um centro de aconselhamento tamb\u00e9m \u00e9 aceit\u00e1vel.<br>\u00c0s vezes, o banco diz que isso n\u00e3o pode ser feito sem registro.<br>Voc\u00ea pode dizer ao banco <a href=\"https:\/\/www.bafin.de\/DE\/Verbraucher\/Bank\/Produkte\/Basiskonto\/basiskonto_artikel.html\" target=\"_blank\" rel=\"noopener\">esse <\/a>Fornece informa\u00e7\u00f5es. Explica o que voc\u00ea precisa para abrir uma conta banc\u00e1ria.<\/p>\n\n\n\n<p>Se voc\u00ea n\u00e3o puder ir ao banco pessoalmente, poder\u00e1 solicitar a abertura de uma conta por escrito.<br>Com isso <a href=\"https:\/\/www.bafin.de\/SharedDocs\/Downloads\/DE\/Formular\/dl_fo_basiskonto_antrag_abschluss.pdf?__blob=publicationFile&amp;v=3\" target=\"_blank\" rel=\"noopener\">Forma <\/a>fa\u00e7a isso.<br>Se o banco ainda se recusar a abrir uma conta, voc\u00ea pode entrar em contato com a autoridade &#039;BaFin&#039; (Autoridade Federal de Supervis\u00e3o Financeira).<br>O BaFin garante que todos os bancos na Alemanha operem corretamente.<br><a href=\"https:\/\/web.basp.bafin.de\/lip\/form\/display.do?%24context=32BE57B25CB25A31FC9B\" target=\"_blank\" rel=\"noopener\">Aqui <\/a>voc\u00ea pode entrar em contato com a BaFin.&nbsp;<\/p>\n<\/div><\/div>\n\n\n\n<div class=\"wp-block-esab-accordion-child\"><div class=\"esab__head\" role=\"button\" aria-expanded=\"false\"><div class=\"esab__heading_txt\"><p class=\"esab__heading_tag\">Em qual banco devo abrir uma conta?<\/p><\/div><div class=\"esab__icon\"><div class=\"esab__collapse\"> <svg version=\"1.2\" viewbox=\"0 0 24 24\" width=\"24\" height=\"24\"><path fill-rule=\"evenodd\" d=\"m3.5 20.5c-4.7-4.7-4.7-12.3 0-17 4.7-4.7 12.3-4.7 17 0 4.6 4.7 4.6 12.3 0 17-4.7 4.6-12.3 4.6-17 0zm0.9-0.9c4.2 4.2 11 4.2 15.2 0 4.2-4.2 4.2-11 0-15.2-4.2-4.3-11-4.3-15.2 0-4.3 4.2-4.3 11 0 15.2z\"><\/path><path d=\"m11.4 15.9v-3.3h-3.3c-0.3 0-0.6-0.3-0.6-0.6 0-0.4 0.3-0.6 0.6-0.6h3.3v-3.3c0-0.3 0.3-0.6 0.6-0.6 0.3 0 0.6 0.3 0.6 0.6v3.3h3.3c0.3 0 0.6 0.2 0.6 0.6q0 0.2-0.2 0.4-0.2 0.2-0.4 0.2h-3.3v3.3q0 0.2-0.2 0.4-0.2 0.2-0.4 0.2c-0.4 0-0.6-0.3-0.6-0.6z\"><\/path><\/svg> <\/div><div class=\"esab__expand\"> <svg version=\"1.2\" viewbox=\"0 0 24 24\" width=\"24\" height=\"24\"><path fill-rule=\"evenodd\" d=\"m12 24c-6.6 0-12-5.4-12-12 0-6.6 5.4-12 12-12 6.6 0 12 5.4 12 12 0 6.6-5.4 12-12 12zm10.6-12c0-5.9-4.7-10.6-10.6-10.6-5.9 0-10.6 4.7-10.6 10.6 0 5.9 4.7 10.6 10.6 10.6 5.9 0 10.6-4.7 10.6-10.6z\"><\/path><path d=\"m5.6 11.3h12.8v1.4h-12.8z\"><\/path><\/svg> <\/div><\/div><\/div><div class=\"esab__body\">\n<p>H\u00e1 muitos bancos diferentes na Alemanha.<br>Algumas t\u00eam filiais onde voc\u00ea pode ir.<br>Alguns est\u00e3o apenas online.<br>Voc\u00ea tem que ver qual banco \u00e9 melhor para voc\u00ea.<br>H\u00e1 taxas regulares para uma conta banc\u00e1ria.<br><a href=\"https:\/\/www.verbraucherzentrale.de\/wissen\/geld-versicherungen\/sparen-und-anlegen\/bankgebuehren-nicht-alle-gebuehren-beim-girokonto-sind-zulaessig-5185\" target=\"_blank\" rel=\"noopener\">Aqui <\/a>voc\u00ea pode ver quais taxas s\u00e3o permitidas e quais n\u00e3o s\u00e3o.&nbsp;<\/p>\n\n\n\n<p><\/p>\n\n\n\n<p>Se voc\u00ea tiver uma conta banc\u00e1ria, receber\u00e1 um extrato banc\u00e1rio regular.<br>Na maioria das vezes, voc\u00ea recebe um extrato banc\u00e1rio de um m\u00eas.<br>O extrato banc\u00e1rio cont\u00e9m todas as informa\u00e7\u00f5es sobre entradas e sa\u00eddas de dinheiro.<br>Por exemplo: quando o dinheiro vem do trabalho ou quando o aluguel \u00e9 pago.<br>\u00c9 muito importante guardar esse extrato banc\u00e1rio.<br>Muitas vezes voc\u00ea tem que provar que pagou algo espec\u00edfico ou quanto dinheiro ganhou.<br>Se voc\u00ea perder um extrato banc\u00e1rio, o banco pode fornecer uma c\u00f3pia.<br>Man muss, mas pague uma quantia relativamente alta de dinheiro por ele. Por exemplo, 5 euros para cada extrato banc\u00e1rio.<br>\u00c9 mais f\u00e1cil se voc\u00ea usar o banco on-line.<br>Assim, voc\u00ea sempre ter\u00e1 seus extratos banc\u00e1rios em seguran\u00e7a na sua caixa de correio on-line e n\u00e3o precisar\u00e1 mais pagar nada por eles.&nbsp;<\/p>\n\n\n\n<p><\/p>\n\n\n\n<p>Se voc\u00ea pagar algo com uma conta banc\u00e1ria, poder\u00e1 pagar por transfer\u00eancia banc\u00e1ria ou d\u00e9bito direto.<br>Transfer\u00eancia: voc\u00ea envia o dinheiro da sua conta para outra conta. Por exemplo, o dinheiro do aluguel para o seu senhorio.<br>D\u00e9bito direto: uma empresa tira dinheiro automaticamente da sua conta todo m\u00eas. Por exemplo, o dinheiro para a eletricidade do seu apartamento \u00e9 retirado diretamente do fornecedor de eletricidade.<br>Ao transferir dinheiro, voc\u00ea pode especificar uma &quot;finalidade&quot;.<br>A finalidade pretendida \u00e9 o motivo pelo qual voc\u00ea est\u00e1 transferindo o dinheiro.<br>Por exemplo, &#039;Aluguel agosto de 2024&#039;.<br>Algumas pessoas tamb\u00e9m usam cart\u00f5es de cr\u00e9dito para pagar coisas.&nbsp;<br>No entanto, os cart\u00f5es de cr\u00e9dito podem incorrer em muitas taxas e altas taxas de juros.<br>No final, voc\u00ea acaba pagando muito mais do que com sua conta banc\u00e1ria normal.&nbsp;<\/p>\n<\/div><\/div>\n\n\n\n<div class=\"wp-block-esab-accordion-child\"><div class=\"esab__head\" role=\"button\" aria-expanded=\"false\"><div class=\"esab__heading_txt\"><p class=\"esab__heading_tag\">Preciso assinar um contrato para meu celular ou internet?\u00a0<\/p><\/div><div class=\"esab__icon\"><div class=\"esab__collapse\"> <svg version=\"1.2\" viewbox=\"0 0 24 24\" width=\"24\" height=\"24\"><path fill-rule=\"evenodd\" d=\"m3.5 20.5c-4.7-4.7-4.7-12.3 0-17 4.7-4.7 12.3-4.7 17 0 4.6 4.7 4.6 12.3 0 17-4.7 4.6-12.3 4.6-17 0zm0.9-0.9c4.2 4.2 11 4.2 15.2 0 4.2-4.2 4.2-11 0-15.2-4.2-4.3-11-4.3-15.2 0-4.3 4.2-4.3 11 0 15.2z\"><\/path><path d=\"m11.4 15.9v-3.3h-3.3c-0.3 0-0.6-0.3-0.6-0.6 0-0.4 0.3-0.6 0.6-0.6h3.3v-3.3c0-0.3 0.3-0.6 0.6-0.6 0.3 0 0.6 0.3 0.6 0.6v3.3h3.3c0.3 0 0.6 0.2 0.6 0.6q0 0.2-0.2 0.4-0.2 0.2-0.4 0.2h-3.3v3.3q0 0.2-0.2 0.4-0.2 0.2-0.4 0.2c-0.4 0-0.6-0.3-0.6-0.6z\"><\/path><\/svg> <\/div><div class=\"esab__expand\"> <svg version=\"1.2\" viewbox=\"0 0 24 24\" width=\"24\" height=\"24\"><path fill-rule=\"evenodd\" d=\"m12 24c-6.6 0-12-5.4-12-12 0-6.6 5.4-12 12-12 6.6 0 12 5.4 12 12 0 6.6-5.4 12-12 12zm10.6-12c0-5.9-4.7-10.6-10.6-10.6-5.9 0-10.6 4.7-10.6 10.6 0 5.9 4.7 10.6 10.6 10.6 5.9 0 10.6-4.7 10.6-10.6z\"><\/path><path d=\"m5.6 11.3h12.8v1.4h-12.8z\"><\/path><\/svg> <\/div><\/div><\/div><div class=\"esab__body\">\n<p>Preciso assinar um contrato para meu celular ou internet?<br>Voc\u00ea n\u00e3o precisa necessariamente assinar um contrato de celular.<br>Tamb\u00e9m h\u00e1 cart\u00f5es SIM pr\u00e9-pagos.&nbsp;<br>Voc\u00ea pode ent\u00e3o sempre carregar seu telefone.&nbsp;<\/p>\n\n\n\n<p><\/p>\n\n\n\n<p>Voc\u00ea pode celebrar contratos com diversas empresas na Alemanha.<br>Por exemplo, para celulares, internet, eletricidade, seguros.<br>Voc\u00ea deve sempre pensar cuidadosamente sobre quais contratos voc\u00ea celebra.<\/p>\n\n\n\n<p>Sobretudo:&nbsp;&nbsp;<\/p>\n\n\n\n<ul class=\"wp-block-list\">\n<li>Quanto tempo dura o contrato?&nbsp;&nbsp;<\/li>\n\n\n\n<li>Quanto devo pagar por m\u00eas?&nbsp;<\/li>\n\n\n\n<li>Quando e como posso rescindir o contrato?&nbsp;<\/li>\n<\/ul>\n\n\n\n<p>Muitas vezes as pessoas fazem um contrato rapidamente. No come\u00e7o pode ser muito barato. Mas depois de um tempo fica mais caro.<br>Voc\u00ea pode visitar sites como \u201c<a href=\"https:\/\/www.check24.de\/\" target=\"_blank\" rel=\"noopener\">CHECK24<\/a>\u201cpara comparar ofertas.&nbsp;<\/p>\n<\/div><\/div>\n\n\n\n<div class=\"wp-block-esab-accordion-child\"><div class=\"esab__head\" role=\"button\" aria-expanded=\"false\"><div class=\"esab__heading_txt\"><p class=\"esab__heading_tag\">Tenho que pagar a taxa de transmiss\u00e3o?\u00a0<\/p><\/div><div class=\"esab__icon\"><div class=\"esab__collapse\"> <svg version=\"1.2\" viewbox=\"0 0 24 24\" width=\"24\" height=\"24\"><path fill-rule=\"evenodd\" d=\"m3.5 20.5c-4.7-4.7-4.7-12.3 0-17 4.7-4.7 12.3-4.7 17 0 4.6 4.7 4.6 12.3 0 17-4.7 4.6-12.3 4.6-17 0zm0.9-0.9c4.2 4.2 11 4.2 15.2 0 4.2-4.2 4.2-11 0-15.2-4.2-4.3-11-4.3-15.2 0-4.3 4.2-4.3 11 0 15.2z\"><\/path><path d=\"m11.4 15.9v-3.3h-3.3c-0.3 0-0.6-0.3-0.6-0.6 0-0.4 0.3-0.6 0.6-0.6h3.3v-3.3c0-0.3 0.3-0.6 0.6-0.6 0.3 0 0.6 0.3 0.6 0.6v3.3h3.3c0.3 0 0.6 0.2 0.6 0.6q0 0.2-0.2 0.4-0.2 0.2-0.4 0.2h-3.3v3.3q0 0.2-0.2 0.4-0.2 0.2-0.4 0.2c-0.4 0-0.6-0.3-0.6-0.6z\"><\/path><\/svg> <\/div><div class=\"esab__expand\"> <svg version=\"1.2\" viewbox=\"0 0 24 24\" width=\"24\" height=\"24\"><path fill-rule=\"evenodd\" d=\"m12 24c-6.6 0-12-5.4-12-12 0-6.6 5.4-12 12-12 6.6 0 12 5.4 12 12 0 6.6-5.4 12-12 12zm10.6-12c0-5.9-4.7-10.6-10.6-10.6-5.9 0-10.6 4.7-10.6 10.6 0 5.9 4.7 10.6 10.6 10.6 5.9 0 10.6-4.7 10.6-10.6z\"><\/path><path d=\"m5.6 11.3h12.8v1.4h-12.8z\"><\/path><\/svg> <\/div><\/div><\/div><div class=\"esab__body\">\n<p>Na Alemanha, h\u00e1 uma taxa de transmiss\u00e3o para TV e r\u00e1dio.<br>O dinheiro \u00e9 usado para financiar as esta\u00e7\u00f5es de TV ARD, ZDF e Deutschlandradio.<br>S\u00e3o emissoras p\u00fablicas e produzem informa\u00e7\u00f5es e programas para toda a popula\u00e7\u00e3o.<br>Se voc\u00ea tiver dinheiro suficiente, voc\u00ea tem que pagar a contribui\u00e7\u00e3o.<br>Mesmo que voc\u00ea n\u00e3o assista \u00e0 televis\u00e3o alem\u00e3 ou ou\u00e7a r\u00e1dio alem\u00e3, voc\u00ea tem que pagar.<br>No entanto, se voc\u00ea ganha pouco e recebe o subs\u00eddio de cidadania, n\u00e3o precisa pagar.<br>Voc\u00ea solicita isen\u00e7\u00e3o da taxa de transmiss\u00e3o no Servi\u00e7o de Contribui\u00e7\u00e3o <a href=\"https:\/\/www.rundfunkbeitrag.de\/buergerinnen_und_buerger\/formulare\/befreiung_oder_ermaessigung_beantragen\/index_ger.html\" target=\"_blank\" rel=\"noopener\">aqui<\/a>. Este v\u00eddeo explica como preencher o formul\u00e1rio:<\/p>\n\n\n\n<figure class=\"wp-block-embed is-type-video is-provider-youtube wp-block-embed-youtube wp-embed-aspect-16-9 wp-has-aspect-ratio\"><div class=\"wp-block-embed__wrapper\">\n<iframe loading=\"lazy\" title=\"Como posso ser isento da taxa de transmiss\u00e3o on-line?\" width=\"640\" height=\"360\" src=\"https:\/\/www.youtube.com\/embed\/Qf8Jw2Rmz9o?feature=oembed\" frameborder=\"0\" allow=\"accelerometer; autoplay; clipboard-write; encrypted-media; gyroscope; picture-in-picture; web-share\" referrerpolicy=\"strict-origin-when-cross-origin\" allowfullscreen><\/iframe>\n<\/div><\/figure>\n\n\n\n<p><\/p>\n<\/div><\/div>\n\n\n\n<div class=\"wp-block-esab-accordion-child\"><div class=\"esab__head\" role=\"button\" aria-expanded=\"false\"><div class=\"esab__heading_txt\"><p class=\"esab__heading_tag\">Onde posso verificar coisas como taxas banc\u00e1rias e contratos?\u00a0<\/p><\/div><div class=\"esab__icon\"><div class=\"esab__collapse\"> <svg version=\"1.2\" viewbox=\"0 0 24 24\" width=\"24\" height=\"24\"><path fill-rule=\"evenodd\" d=\"m3.5 20.5c-4.7-4.7-4.7-12.3 0-17 4.7-4.7 12.3-4.7 17 0 4.6 4.7 4.6 12.3 0 17-4.7 4.6-12.3 4.6-17 0zm0.9-0.9c4.2 4.2 11 4.2 15.2 0 4.2-4.2 4.2-11 0-15.2-4.2-4.3-11-4.3-15.2 0-4.3 4.2-4.3 11 0 15.2z\"><\/path><path d=\"m11.4 15.9v-3.3h-3.3c-0.3 0-0.6-0.3-0.6-0.6 0-0.4 0.3-0.6 0.6-0.6h3.3v-3.3c0-0.3 0.3-0.6 0.6-0.6 0.3 0 0.6 0.3 0.6 0.6v3.3h3.3c0.3 0 0.6 0.2 0.6 0.6q0 0.2-0.2 0.4-0.2 0.2-0.4 0.2h-3.3v3.3q0 0.2-0.2 0.4-0.2 0.2-0.4 0.2c-0.4 0-0.6-0.3-0.6-0.6z\"><\/path><\/svg> <\/div><div class=\"esab__expand\"> <svg version=\"1.2\" viewbox=\"0 0 24 24\" width=\"24\" height=\"24\"><path fill-rule=\"evenodd\" d=\"m12 24c-6.6 0-12-5.4-12-12 0-6.6 5.4-12 12-12 6.6 0 12 5.4 12 12 0 6.6-5.4 12-12 12zm10.6-12c0-5.9-4.7-10.6-10.6-10.6-5.9 0-10.6 4.7-10.6 10.6 0 5.9 4.7 10.6 10.6 10.6 5.9 0 10.6-4.7 10.6-10.6z\"><\/path><path d=\"m5.6 11.3h12.8v1.4h-12.8z\"><\/path><\/svg> <\/div><\/div><\/div><div class=\"esab__body\">\n<p>Caso n\u00e3o entenda determinadas taxas ou n\u00e3o esteja satisfeito com um contrato, voc\u00ea pode entrar em contato com o centro de atendimento ao consumidor.<br>O centro de aconselhamento ao consumidor existe para informar as pessoas e proteg\u00ea-las de contratos question\u00e1veis. Voc\u00ea tem que pagar por algumas consultas l\u00e1.<br><a href=\"https:\/\/www.verbraucherzentrale-sachsen.de\/beratungsstellen\/leipzig\/beratungsangebote\/1949\" target=\"_blank\" rel=\"noopener\">Aqui <\/a>s\u00e3o as informa\u00e7\u00f5es de contato do Centro de Aconselhamento ao Consumidor de Leipzig.&nbsp;<\/p>\n<\/div><\/div>\n<\/div><\/div>\n\n\n\n<p><\/p>\n<div class=\"gsp_post_data\" \r\n\t            data-post_type=\"page\" \r\n\t            data-cat=\"wirtschaft\" \r\n\t            data-modified=\"120\"\r\n\t            data-created=\"1688944002\"\r\n\t            data-title=\"Geld und Finanzen\" \r\n\t            data-home=\"https:\/\/info-to-go.binational-leipzig.de\/pt\"><\/div>","protected":false},"excerpt":{"rendered":"","protected":false},"author":1,"featured_media":0,"parent":8,"menu_order":2,"comment_status":"closed","ping_status":"closed","template":"","meta":{"footnotes":""},"categories":[10],"tags":[],"class_list":["post-33","page","type-page","status-publish","hentry","category-wirtschaft"],"_links":{"self":[{"href":"https:\/\/info-to-go.binational-leipzig.de\/pt\/wp-json\/wp\/v2\/pages\/33","targetHints":{"allow":["GET"]}}],"collection":[{"href":"https:\/\/info-to-go.binational-leipzig.de\/pt\/wp-json\/wp\/v2\/pages"}],"about":[{"href":"https:\/\/info-to-go.binational-leipzig.de\/pt\/wp-json\/wp\/v2\/types\/page"}],"author":[{"embeddable":true,"href":"https:\/\/info-to-go.binational-leipzig.de\/pt\/wp-json\/wp\/v2\/users\/1"}],"replies":[{"embeddable":true,"href":"https:\/\/info-to-go.binational-leipzig.de\/pt\/wp-json\/wp\/v2\/comments?post=33"}],"version-history":[{"count":11,"href":"https:\/\/info-to-go.binational-leipzig.de\/pt\/wp-json\/wp\/v2\/pages\/33\/revisions"}],"predecessor-version":[{"id":721,"href":"https:\/\/info-to-go.binational-leipzig.de\/pt\/wp-json\/wp\/v2\/pages\/33\/revisions\/721"}],"up":[{"embeddable":true,"href":"https:\/\/info-to-go.binational-leipzig.de\/pt\/wp-json\/wp\/v2\/pages\/8"}],"wp:attachment":[{"href":"https:\/\/info-to-go.binational-leipzig.de\/pt\/wp-json\/wp\/v2\/media?parent=33"}],"wp:term":[{"taxonomy":"category","embeddable":true,"href":"https:\/\/info-to-go.binational-leipzig.de\/pt\/wp-json\/wp\/v2\/categories?post=33"},{"taxonomy":"post_tag","embeddable":true,"href":"https:\/\/info-to-go.binational-leipzig.de\/pt\/wp-json\/wp\/v2\/tags?post=33"}],"curies":[{"name":"wp","href":"https:\/\/api.w.org\/{rel}","templated":true}]}}