{"id":399,"date":"2024-01-17T12:08:03","date_gmt":"2024-01-17T11:08:03","guid":{"rendered":"https:\/\/info-to-go.binational-leipzig.de\/?page_id=399"},"modified":"2024-07-31T12:56:05","modified_gmt":"2024-07-31T10:56:05","slug":"impressum","status":"publish","type":"page","link":"https:\/\/info-to-go.binational-leipzig.de\/pt\/impressum\/","title":{"rendered":"Impress\u00e3o"},"content":{"rendered":"<p><strong>Informa\u00e7\u00f5es de acordo com \u00a7 5 TMG<\/strong><\/p>\n\n\n\n<p>Associa\u00e7\u00e3o de Fam\u00edlias e Parcerias Binacionais, iaf eV<br>Ludolfusstra\u00dfe 2 \u2013 4<br>60487 Frankfurt am Main<\/p>\n\n\n\n<p><strong>Representado por<\/strong><\/p>\n\n\n\n<p>Asiye Bal\u0131k\u00e7\u0131-Schmidt, Natalia Bugaj-Wolfram<\/p>\n\n\n\n<p>Representante especial de acordo com o \u00a7 30 BGB: NN<\/p>\n\n\n\n<p>Tribunal de registro:<\/p>\n\n\n\n<p>N\u00famero de registro da Associa\u00e7\u00e3o do Tribunal Distrital de Frankfurt am Main: VR 6728<\/p>\n\n\n\n<p>Reparti\u00e7\u00e3o de Finan\u00e7as de Frankfurt V N\u00famero de identifica\u00e7\u00e3o fiscal 014 250 63357<\/p>\n\n\n\n<p><strong>contato<\/strong><\/p>\n\n\n\n<p>Telefone: +49 (0) 69 713 756 \u2013 0<br>Fax: +49 (0) 69 707 50 92<br>E-mail: info@verband-binationaler.de<\/p>\n\n\n\n<p><strong>Registrar entrada<\/strong><\/p>\n\n\n\n<p>Inscri\u00e7\u00e3o no registo de associa\u00e7\u00f5es.<br>Tribunal de registro: Tribunal Distrital de Frankfurt am Main<br>N\u00famero de registro: VR 6728<\/p>\n\n\n\n<p><strong>CUBA<\/strong><\/p>\n\n\n\n<p>N\u00famero de identifica\u00e7\u00e3o de IVA de acordo com a Se\u00e7\u00e3o 27a da Lei do IVA:<br>DE114234727<\/p>\n\n\n\n<p><strong>Resolu\u00e7\u00e3o de disputas<\/strong><\/p>\n\n\n\n<p>N\u00e3o estamos dispostos nem somos obrigados a participar de procedimentos de resolu\u00e7\u00e3o de disputas perante um conselho de arbitragem de consumidores.<\/p>\n\n\n\n<p><strong>Fontes<\/strong><\/p>\n\n\n\n<p>Implementa\u00e7\u00e3o t\u00e9cnica: Stephan Wein e Ahmet Erdem \u015eent\u00fcrk<br>Web design: Chris Schneider<\/p>\n\n\n\n<p><strong>Fotos<\/strong><\/p>\n\n\n\n<p>\u201cQuem somos\u201d: Mehmet Arbag<\/p>\n\n\n\n<p><strong>Aviso Legal<\/strong><\/p>\n\n\n\n<p>Responsabilidade pelo conte\u00fado<\/p>\n\n\n\n<p>Como prestadores de servi\u00e7os, somos respons\u00e1veis pelo nosso pr\u00f3prio conte\u00fado nestas p\u00e1ginas, de acordo com a Se\u00e7\u00e3o 7 (1) da Lei Alem\u00e3 de Telem\u00eddia (TMG). No entanto, de acordo com as Se\u00e7\u00f5es 8 a 10 da Lei Alem\u00e3 de Telem\u00eddia (TMG), n\u00f3s, como provedores de servi\u00e7os, n\u00e3o somos obrigados a monitorar informa\u00e7\u00f5es de terceiros transmitidas ou armazenadas ou a investigar circunst\u00e2ncias que indiquem atividade ilegal.<\/p>\n\n\n\n<p>As obriga\u00e7\u00f5es de remover ou bloquear o uso de informa\u00e7\u00f5es sob a lei geral permanecem inalteradas. Entretanto, a responsabilidade nesse sentido s\u00f3 \u00e9 poss\u00edvel a partir do momento do conhecimento de uma viola\u00e7\u00e3o espec\u00edfica da lei. Se tomarmos conhecimento de qualquer viola\u00e7\u00e3o da lei, removeremos tal conte\u00fado imediatamente.<\/p>\n\n\n\n<p><strong>Responsabilidade por links<\/strong><\/p>\n\n\n\n<p>Nossa oferta cont\u00e9m links para sites externos de terceiros sobre cujo conte\u00fado n\u00e3o temos influ\u00eancia. Portanto, n\u00e3o podemos assumir qualquer responsabilidade por esse conte\u00fado externo. O respectivo provedor ou operador das p\u00e1ginas \u00e9 sempre respons\u00e1vel pelo conte\u00fado das p\u00e1ginas vinculadas. As p\u00e1ginas vinculadas foram verificadas quanto a poss\u00edveis viola\u00e7\u00f5es legais no momento da vincula\u00e7\u00e3o. Conte\u00fado ilegal n\u00e3o era reconhec\u00edvel no momento da vincula\u00e7\u00e3o.<\/p>\n\n\n\n<p>Entretanto, o monitoramento permanente do conte\u00fado das p\u00e1ginas vinculadas n\u00e3o \u00e9 razo\u00e1vel sem evid\u00eancias concretas de viola\u00e7\u00e3o da lei. Se tomarmos conhecimento de quaisquer viola\u00e7\u00f5es legais, removeremos tais links imediatamente.<\/p>\n\n\n\n<p><strong>direitos autorais<\/strong><\/p>\n\n\n\n<p>Os conte\u00fados e trabalhos nestas p\u00e1ginas criados pelos operadores do site est\u00e3o sujeitos \u00e0 lei de direitos autorais alem\u00e3. A reprodu\u00e7\u00e3o, o processamento, a distribui\u00e7\u00e3o e qualquer tipo de explora\u00e7\u00e3o fora dos limites da lei de direitos autorais exigem o consentimento por escrito do respectivo autor ou criador. Downloads e c\u00f3pias deste site s\u00e3o permitidos somente para uso privado e n\u00e3o comercial.<\/p>\n\n\n\n<p>Na medida em que o conte\u00fado deste site n\u00e3o foi criado pelo operador, os direitos autorais de terceiros s\u00e3o respeitados. Em particular, o conte\u00fado de terceiros \u00e9 marcado como tal. Caso, mesmo assim, voc\u00ea tome conhecimento de alguma viola\u00e7\u00e3o de direitos autorais, pedimos que nos notifique adequadamente. Se tomarmos conhecimento de qualquer viola\u00e7\u00e3o legal, removeremos tal conte\u00fado imediatamente.<\/p>\n<div class=\"gsp_post_data\" \r\n\t            data-post_type=\"page\" \r\n\t            data-cat=\"\" \r\n\t            data-modified=\"120\"\r\n\t            data-created=\"1705493283\"\r\n\t            data-title=\"Impressum\" \r\n\t            data-home=\"https:\/\/info-to-go.binational-leipzig.de\/pt\"><\/div>","protected":false},"excerpt":{"rendered":"<p>Angaben gem\u00e4\u00df \u00a7 5 TMG Verband binationaler Familien und Partnerschaften, iaf e.V.Ludolfusstra\u00dfe 2 \u2013 460487 Frankfurt am Main Vertreten durch Asiye Bal\u0131k\u00e7\u0131-Schmidt, Natalia Bugaj-Wolfram Besondere Vertreterin gem. \u00a7 30 BGB: N.N. Registergericht: Amtsgericht Frankfurt am Main&nbsp; Vereins-Registernummer: VR 6728 Finanzamt Frankfurt V \u00a0 Steuernummer 014 250 63357 Kontakt Telefon: +49 (0) 69 713 756 \u2013 [&hellip;]<\/p>\n","protected":false},"author":2,"featured_media":0,"parent":0,"menu_order":0,"comment_status":"closed","ping_status":"closed","template":"","meta":{"footnotes":""},"categories":[],"tags":[],"class_list":["post-399","page","type-page","status-publish","hentry"],"_links":{"self":[{"href":"https:\/\/info-to-go.binational-leipzig.de\/pt\/wp-json\/wp\/v2\/pages\/399","targetHints":{"allow":["GET"]}}],"collection":[{"href":"https:\/\/info-to-go.binational-leipzig.de\/pt\/wp-json\/wp\/v2\/pages"}],"about":[{"href":"https:\/\/info-to-go.binational-leipzig.de\/pt\/wp-json\/wp\/v2\/types\/page"}],"author":[{"embeddable":true,"href":"https:\/\/info-to-go.binational-leipzig.de\/pt\/wp-json\/wp\/v2\/users\/2"}],"replies":[{"embeddable":true,"href":"https:\/\/info-to-go.binational-leipzig.de\/pt\/wp-json\/wp\/v2\/comments?post=399"}],"version-history":[{"count":3,"href":"https:\/\/info-to-go.binational-leipzig.de\/pt\/wp-json\/wp\/v2\/pages\/399\/revisions"}],"predecessor-version":[{"id":481,"href":"https:\/\/info-to-go.binational-leipzig.de\/pt\/wp-json\/wp\/v2\/pages\/399\/revisions\/481"}],"wp:attachment":[{"href":"https:\/\/info-to-go.binational-leipzig.de\/pt\/wp-json\/wp\/v2\/media?parent=399"}],"wp:term":[{"taxonomy":"category","embeddable":true,"href":"https:\/\/info-to-go.binational-leipzig.de\/pt\/wp-json\/wp\/v2\/categories?post=399"},{"taxonomy":"post_tag","embeddable":true,"href":"https:\/\/info-to-go.binational-leipzig.de\/pt\/wp-json\/wp\/v2\/tags?post=399"}],"curies":[{"name":"wp","href":"https:\/\/api.w.org\/{rel}","templated":true}]}}