{"id":598,"date":"2025-06-25T11:47:50","date_gmt":"2025-06-25T09:47:50","guid":{"rendered":"https:\/\/info-to-go.binational-leipzig.de\/?page_id=598"},"modified":"2025-06-25T11:47:51","modified_gmt":"2025-06-25T09:47:51","slug":"barrierefreiheitserklaerung","status":"publish","type":"page","link":"https:\/\/info-to-go.binational-leipzig.de\/pt\/barrierefreiheitserklaerung\/","title":{"rendered":"Declara\u00e7\u00e3o de acessibilidade"},"content":{"rendered":"<h3 class=\"wp-block-heading\">Declara\u00e7\u00e3o de Acessibilidade<\/h3>\n\n\n\n<p><strong>Associa\u00e7\u00e3o de fam\u00edlias e parcerias binacionais, iaf eV, escrit\u00f3rio de Leipzig e escrit\u00f3rio consultivo<\/strong>&nbsp;esfor\u00e7a-se para tornar seu site utiliz\u00e1vel de acordo com os requisitos legais de acessibilidade. Esta declara\u00e7\u00e3o de acessibilidade se aplica ao site&nbsp;<a href=\"https:\/\/binational-leipzig.de\/\"><strong>binational-leipzig.de<\/strong><\/a><\/p>\n\n\n\n<hr class=\"wp-block-separator has-alpha-channel-opacity\"\/>\n\n\n\n<h3 class=\"wp-block-heading\"><strong>Status de conformidade com os requisitos<\/strong><\/h3>\n\n\n\n<p>Este site \u00e9&nbsp;<strong>parcialmente<\/strong>&nbsp;com os requisitos de&nbsp;<strong>Portaria sobre Tecnologia da Informa\u00e7\u00e3o sem Barreiras (BITV 2.0) e Diretiva da UE 2016\/2102<\/strong>&nbsp;Estamos trabalhando continuamente para reduzir as barreiras existentes e melhorar a facilidade de uso para todos.<\/p>\n\n\n\n<hr class=\"wp-block-separator has-alpha-channel-opacity\"\/>\n\n\n\n<h3 class=\"wp-block-heading\"><strong>Conte\u00fado n\u00e3o acess\u00edvel<\/strong><\/h3>\n\n\n\n<p>Apesar dos nossos esfor\u00e7os, h\u00e1 algumas \u00e1reas que n\u00e3o s\u00e3o totalmente acess\u00edveis:<\/p>\n\n\n\n<ul class=\"wp-block-list\">\n<li><strong>Documentos PDF<\/strong>:Alguns arquivos PDF mais antigos n\u00e3o s\u00e3o formatados de maneira acess\u00edvel.<\/li>\n\n\n\n<li><strong>Textos alternativos<\/strong>:Algumas imagens ou elementos gr\u00e1ficos podem n\u00e3o conter texto alternativo suficiente.<\/li>\n\n\n\n<li><strong>Navega\u00e7\u00e3o e usabilidade<\/strong>: Elementos interativos individuais podem n\u00e3o ser totalmente controlados pelo teclado.<\/li>\n\n\n\n<li><strong>V\u00eddeos<\/strong>:Alguns v\u00eddeos incorporados n\u00e3o possuem legendas ou descri\u00e7\u00f5es de \u00e1udio.<\/li>\n<\/ul>\n\n\n\n<p>Estamos trabalhando para corrigir gradualmente essas defici\u00eancias.<\/p>\n\n\n\n<hr class=\"wp-block-separator has-alpha-channel-opacity\"\/>\n\n\n\n<h3 class=\"wp-block-heading\"><strong>Prepara\u00e7\u00e3o desta declara\u00e7\u00e3o<\/strong><\/h3>\n\n\n\n<p>Esta declara\u00e7\u00e3o foi feita em&nbsp;<strong>10.01.2025<\/strong>&nbsp;criado e atualizado pela \u00faltima vez em&nbsp;<strong>19.02.2025<\/strong>&nbsp;verificado.<br><br>O site foi avaliado por um&nbsp;<strong>autoavalia\u00e7\u00e3o interna<\/strong>&nbsp;bem como usar testes automatizados.<\/p>\n\n\n\n<hr class=\"wp-block-separator has-alpha-channel-opacity\"\/>\n\n\n\n<h3 class=\"wp-block-heading\"><strong>Feedback e informa\u00e7\u00f5es de contato<\/strong><\/h3>\n\n\n\n<p>Se voc\u00ea encontrar alguma barreira em nosso site ou tiver sugest\u00f5es de melhorias, sinta-se \u00e0 vontade para entrar em contato conosco:<\/p>\n\n\n\n<p>Associa\u00e7\u00e3o de Fam\u00edlias e Parcerias Binacionais, iaf eV<br>Escrit\u00f3rio de Neg\u00f3cios e Consultoria de Leipzig<br><br><a href=\"https:\/\/www.google.com\/maps\/place\/Verband+binationaler+Familien+u.+Partnerschaften+e.V.\/@51.3232198,12.3793402,18.79z\/data=!4m5!3m4!1s0x0:0x280bc9ed9b02c389!8m2!3d51.3232449!4d12.3798815\" target=\"_blank\" rel=\"noreferrer noopener\">Arndtstrasse 63<br>04275 Leipzig<\/a><br><br>Telefone: 0341-6 88 00 22<br>E-mail:&nbsp;<a href=\"http:\/\/leipzig@verband-binationaler-de\/\" rel=\"noreferrer noopener\" target=\"_blank\">leipzig@verband-binationaler-de<\/a><\/p>\n\n\n\n<hr class=\"wp-block-separator has-alpha-channel-opacity\"\/>\n\n\n\n<h3 class=\"wp-block-heading\"><strong>Processo de execu\u00e7\u00e3o<\/strong><\/h3>\n\n\n\n<p>Se a sua d\u00favida sobre a acessibilidade do nosso site n\u00e3o for respondida satisfatoriamente, voc\u00ea pode entrar em contato com o&nbsp;<strong>\u00d3rg\u00e3o de execu\u00e7\u00e3o&nbsp;<\/strong>invers\u00e3o de marcha:<\/p>\n\n\n\n<p><strong>Centro de Monitoramento de Acessibilidade Digital da Sax\u00f4nia<\/strong><br>Minist\u00e9rio do Estado da Sax\u00f4nia para Assuntos Sociais e Coes\u00e3o Social<br>E-mail:&nbsp;<a href=\"mailto:durchsetzungsstelle@sk.sachsen.de\">durchsetzungsstelle@sk.sachsen.de<\/a><br>Rede:&nbsp;<a href=\"https:\/\/www.durchsetzungsstelle.sachsen.de\/\" rel=\"noreferrer noopener\" target=\"_blank\">www.durchsetzungsstelle.sachsen.de<\/a><\/p>\n\n\n\n<hr class=\"wp-block-separator has-alpha-channel-opacity\"\/>\n\n\n\n<p>Estamos sempre nos esfor\u00e7ando para tornar nossa presen\u00e7a digital mais acess\u00edvel a todos e agradecemos seu feedback!<\/p>\n<div class=\"gsp_post_data\" \r\n\t            data-post_type=\"page\" \r\n\t            data-cat=\"\" \r\n\t            data-modified=\"120\"\r\n\t            data-created=\"1750852070\"\r\n\t            data-title=\"Barrierefreiheitserkl\u00e4rung\" \r\n\t            data-home=\"https:\/\/info-to-go.binational-leipzig.de\/pt\"><\/div>","protected":false},"excerpt":{"rendered":"<p>Erkl\u00e4rung zur Barrierefreiheit Verband binationaler Familien und Partnerschaften, iaf e.V. Gesch\u00e4fts- und Beratungsstelle Leipzig&nbsp;ist bestrebt, ihre Website in \u00dcbereinstimmung mit den gesetzlichen Vorgaben zur Barrierefreiheit nutzbar zu machen. Diese Erkl\u00e4rung zur Barrierefreiheit gilt f\u00fcr die Website&nbsp;binational-leipzig.de Stand der Vereinbarkeit mit den Anforderungen Diese Website ist&nbsp;teilweise&nbsp;mit den Anforderungen der&nbsp;Barrierefreie-Informationstechnik-Verordnung (BITV 2.0) sowie der EU-Richtlinie 2016\/2102&nbsp;vereinbar. Wir [&hellip;]<\/p>\n","protected":false},"author":2,"featured_media":0,"parent":0,"menu_order":0,"comment_status":"closed","ping_status":"closed","template":"","meta":{"footnotes":""},"categories":[],"tags":[],"class_list":["post-598","page","type-page","status-publish","hentry"],"_links":{"self":[{"href":"https:\/\/info-to-go.binational-leipzig.de\/pt\/wp-json\/wp\/v2\/pages\/598","targetHints":{"allow":["GET"]}}],"collection":[{"href":"https:\/\/info-to-go.binational-leipzig.de\/pt\/wp-json\/wp\/v2\/pages"}],"about":[{"href":"https:\/\/info-to-go.binational-leipzig.de\/pt\/wp-json\/wp\/v2\/types\/page"}],"author":[{"embeddable":true,"href":"https:\/\/info-to-go.binational-leipzig.de\/pt\/wp-json\/wp\/v2\/users\/2"}],"replies":[{"embeddable":true,"href":"https:\/\/info-to-go.binational-leipzig.de\/pt\/wp-json\/wp\/v2\/comments?post=598"}],"version-history":[{"count":1,"href":"https:\/\/info-to-go.binational-leipzig.de\/pt\/wp-json\/wp\/v2\/pages\/598\/revisions"}],"predecessor-version":[{"id":599,"href":"https:\/\/info-to-go.binational-leipzig.de\/pt\/wp-json\/wp\/v2\/pages\/598\/revisions\/599"}],"wp:attachment":[{"href":"https:\/\/info-to-go.binational-leipzig.de\/pt\/wp-json\/wp\/v2\/media?parent=598"}],"wp:term":[{"taxonomy":"category","embeddable":true,"href":"https:\/\/info-to-go.binational-leipzig.de\/pt\/wp-json\/wp\/v2\/categories?post=598"},{"taxonomy":"post_tag","embeddable":true,"href":"https:\/\/info-to-go.binational-leipzig.de\/pt\/wp-json\/wp\/v2\/tags?post=598"}],"curies":[{"name":"wp","href":"https:\/\/api.w.org\/{rel}","templated":true}]}}