{"id":3,"date":"2024-03-11T13:45:00","date_gmt":"2024-03-11T12:45:00","guid":{"rendered":"https:\/\/sprijin.binational-leipzig.de\/?page_id=3"},"modified":"2024-03-11T13:45:51","modified_gmt":"2024-03-11T12:45:51","slug":"datenschutzerklaerung","status":"publish","type":"page","link":"https:\/\/info-to-go.binational-leipzig.de\/ro\/datenschutzerklaerung\/","title":{"rendered":"Politica de confiden\u021bialitate"},"content":{"rendered":"<p><strong>1. Protec\u021bia datelor pe scurt<\/strong><\/p>\n\n\n\n<p><strong><em>Informa\u021bii generale<\/em><\/strong><\/p>\n\n\n\n<p>Urm\u0103toarele informa\u021bii ofer\u0103 o prezentare general\u0103 simpl\u0103 a ceea ce se \u00eent\u00e2mpl\u0103 cu datele dumneavoastr\u0103 personale atunci c\u00e2nd vizita\u021bi site-ul nostru web. Datele personale sunt orice date care pot fi utilizate pentru a v\u0103 identifica personal. Pentru informa\u021bii detaliate privind protec\u021bia datelor, v\u0103 rug\u0103m s\u0103 consulta\u021bi politica noastr\u0103 de confiden\u021bialitate men\u021bionat\u0103 mai jos \u00een acest text.<\/p>\n\n\n\n<p><strong>Colectarea datelor pe site-ul nostru web<\/strong><\/p>\n\n\n\n<p><strong><em>Cine este responsabil pentru colectarea datelor pe acest site web?<\/em><\/strong><\/p>\n\n\n\n<p>Prelucrarea datelor pe acest site web este efectuat\u0103 de c\u0103tre operatorul site-ului web. Pute\u021bi g\u0103si datele lor de contact \u00een men\u021biunea acestui site web.<\/p>\n\n\n\n<p><strong><em>Cum colect\u0103m datele dumneavoastr\u0103?<\/em><\/strong><\/p>\n\n\n\n<p>Pe de o parte, datele dumneavoastr\u0103 sunt colectate atunci c\u00e2nd ni le furniza\u021bi. Acestea ar putea fi, de exemplu, date pe care le introduce\u021bi \u00eentr-un formular de contact.<\/p>\n\n\n\n<p>Alte date sunt colectate automat de sistemele noastre IT atunci c\u00e2nd vizita\u021bi site-ul web. Acestea sunt \u00een principal date tehnice (de exemplu, browserul de internet, sistemul de operare sau ora acces\u0103rii paginii). Aceste date sunt colectate automat imediat ce accesa\u021bi site-ul nostru web.<\/p>\n\n\n\n<p><strong><em>Pentru ce folosim datele dumneavoastr\u0103?<\/em><\/strong><\/p>\n\n\n\n<p>O parte din date sunt colectate pentru a asigura func\u021bionarea corect\u0103 a site-ului web. Alte date pot fi utilizate pentru a analiza comportamentul utilizatorului.<\/p>\n\n\n\n<p><strong><em>Ce drepturi ave\u021bi cu privire la datele dumneavoastr\u0103?<\/em><\/strong><\/p>\n\n\n\n<p>Ave\u021bi dreptul de a ob\u021bine oric\u00e2nd \u0219i gratuit informa\u021bii despre originea, destinatarul \u0219i scopul datelor dumneavoastr\u0103 cu caracter personal stocate. De asemenea, ave\u021bi dreptul de a solicita corectarea, blocarea sau \u0219tergerea acestor date. Ne pute\u021bi contacta oric\u00e2nd la adresa furnizat\u0103 \u00een men\u021biunile privind protec\u021bia datelor dac\u0103 ave\u021bi \u00eentreb\u0103ri despre acest aspect sau despre alte probleme legate de protec\u021bia datelor. \u00cen plus, ave\u021bi dreptul de a depune o pl\u00e2ngere la autoritatea de supraveghere competent\u0103.<\/p>\n\n\n\n<p><strong>2. Informa\u021bii generale \u0219i informa\u021bii obligatorii<\/strong><\/p>\n\n\n\n<p><strong>Politica de confiden\u021bialitate<\/strong><\/p>\n\n\n\n<p>Operatorii acestor pagini trateaz\u0103 cu mare seriozitate protec\u021bia datelor dumneavoastr\u0103 cu caracter personal. Trat\u0103m datele dumneavoastr\u0103 cu caracter personal \u00een mod confiden\u021bial \u0219i \u00een conformitate cu reglement\u0103rile legale privind protec\u021bia datelor \u0219i cu aceast\u0103 politic\u0103 de confiden\u021bialitate.<\/p>\n\n\n\n<p>C\u00e2nd utiliza\u021bi acest site web, sunt colectate diverse date cu caracter personal. Datele personale sunt date care pot fi utilizate pentru a v\u0103 identifica personal. Aceast\u0103 politic\u0103 de confiden\u021bialitate explic\u0103 ce date colect\u0103m \u0219i la ce le folosim. De asemenea, explic\u0103 cum \u0219i \u00een ce scop se face acest lucru.<\/p>\n\n\n\n<p>Dorim s\u0103 subliniem c\u0103 transmiterea datelor prin internet (de exemplu, \u00een cazul comunic\u0103rii prin e-mail) poate prezenta lacune de securitate. Protec\u021bia complet\u0103 a datelor \u00eempotriva accesului de c\u0103tre ter\u021bi nu este posibil\u0103.<\/p>\n\n\n\n<p><strong><em>Not\u0103 privind organismul responsabil<\/em><\/strong><\/p>\n\n\n\n<p>Organismul responsabil pentru prelucrarea datelor pe acest site web este:<br>Asocia\u021bia Familiilor \u0219i Parteneriatelor Bina\u021bionale, iaf eV<\/p>\n\n\n\n<p>Ludolfusstra\u00dfe 2 \u2013 4<br>60487 Frankfurt pe Main<br>Telefon: +49 (0) 69 713 756 \u2013 0<br>E-mail: info@verband-binationaler.de<\/p>\n\n\n\n<p>Organismul responsabil este persoana fizic\u0103 sau juridic\u0103 care, singur\u0103 sau \u00eempreun\u0103 cu alte persoane, decide cu privire la scopurile \u0219i mijloacele de prelucrare a datelor cu caracter personal (de exemplu, nume, adrese de e-mail etc.).<\/p>\n\n\n\n<p><strong><em>Revocarea consim\u021b\u0103m\u00e2ntului dumneavoastr\u0103 pentru prelucrarea datelor<\/em><\/strong><\/p>\n\n\n\n<p>Multe opera\u021biuni de prelucrare a datelor sunt posibile numai cu consim\u021b\u0103m\u00e2ntul dumneavoastr\u0103 expres. V\u0103 pute\u021bi revoca consim\u021b\u0103m\u00e2ntul \u00een orice moment. Tot ce trebuie s\u0103 face\u021bi este s\u0103 ne trimite\u021bi un e-mail informal. Legalitatea prelucr\u0103rii datelor efectuate p\u00e2n\u0103 la momentul revoc\u0103rii r\u0103m\u00e2ne neafectat\u0103 de revocare.<\/p>\n\n\n\n<p><strong><em>Dreptul de a depune o pl\u00e2ngere la autoritatea de supraveghere competent\u0103<\/em><\/strong><\/p>\n\n\n\n<p>\u00cen cazul \u00eenc\u0103lc\u0103rii legisla\u021biei privind protec\u021bia datelor, persoana vizat\u0103 are dreptul de a depune o pl\u00e2ngere la autoritatea de supraveghere competent\u0103. Autoritatea de supraveghere responsabil\u0103 pentru problemele legate de protec\u021bia datelor este Comisarul de Stat pentru Protec\u021bia Datelor din landul Hessa.<br><a href=\"http:\/\/www.datenschutz.hessen.de\/\" rel=\"noreferrer noopener\" target=\"_blank\">www.datenschutz.hessen.de<\/a><\/p>\n\n\n\n<p><strong><em>Dreptul la portabilitatea datelor<\/em><\/strong><\/p>\n\n\n\n<p>Ave\u021bi dreptul ca datele pe care le prelucr\u0103m automat pe baza consim\u021b\u0103m\u00e2ntului dumneavoastr\u0103 sau \u00een \u00eendeplinirea unui contract s\u0103 v\u0103 fie transmise dumneavoastr\u0103 sau unei ter\u021be p\u0103r\u021bi \u00eentr-un format comun, care poate fi citit automat. Dac\u0103 solicita\u021bi transferul direct al datelor c\u0103tre o alt\u0103 parte responsabil\u0103, acest lucru se va face numai dac\u0103 este fezabil din punct de vedere tehnic.<\/p>\n\n\n\n<p><strong><em>Criptare SSL sau TLS<\/em><\/strong><\/p>\n\n\n\n<p>Din motive de securitate \u0219i pentru a proteja transmiterea con\u021binutului confiden\u021bial, cum ar fi comenzile sau solicit\u0103rile pe care ni le trimite\u021bi \u00een calitate de operator al site-ului, acest site utilizeaz\u0103 o criptare SSL sau TLS. Criptare TLS. Pute\u021bi recunoa\u0219te o conexiune criptat\u0103 dup\u0103 faptul c\u0103 linia de adres\u0103 a browserului se schimb\u0103 de la \u201ehttp:\/\/\u201d la \u201ehttps:\/\/\u201d \u0219i dup\u0103 simbolul lac\u0103tului din linia browserului.<\/p>\n\n\n\n<p>Dac\u0103 este activat\u0103 criptarea SSL sau TLS, datele pe care ni le trimite\u021bi nu pot fi citite de ter\u021bi.<\/p>\n\n\n\n<p><strong><em>Informa\u021bii, blocare, \u0219tergere<\/em><\/strong><\/p>\n\n\n\n<p>\u00cen cadrul prevederilor legale aplicabile, ave\u021bi dreptul \u00een orice moment de a ob\u021bine gratuit informa\u021bii despre datele dumneavoastr\u0103 cu caracter personal stocate, originea \u0219i destinatarul acestora, precum \u0219i scopul prelucr\u0103rii datelor \u0219i, dac\u0103 este cazul, dreptul de a corecta, bloca sau \u0219terge aceste date. Ne pute\u021bi contacta oric\u00e2nd la adresa furnizat\u0103 \u00een men\u021biunile privind datele cu caracter personal dac\u0103 ave\u021bi \u00eentreb\u0103ri despre acest aspect sau despre alte probleme legate de datele cu caracter personal.<\/p>\n\n\n\n<p><strong><em>Obiec\u021bie fa\u021b\u0103 de e-mailurile publicitare<\/em><\/strong><\/p>\n\n\n\n<p>Utilizarea datelor de contact publicate \u00een contextul obliga\u021biei de publicare a con\u021binutului pentru trimiterea de materiale publicitare \u0219i informative nesolicitate este interzis\u0103. Operatorii site-ului \u00ee\u0219i rezerv\u0103 \u00een mod expres dreptul de a \u00eentreprinde ac\u021biuni legale \u00een cazul trimiterii de informa\u021bii publicitare nesolicitate, de exemplu prin e-mailuri spam.<\/p>\n\n\n\n<p><strong>3. Responsabilul cu protec\u021bia datelor<\/strong><\/p>\n\n\n\n<p><strong>Responsabil cu protec\u021bia datelor, obligativitate legal\u0103<\/strong><\/p>\n\n\n\n<p>Am numit un responsabil intern cu protec\u021bia datelor pentru compania noastr\u0103:<br>Asocia\u021bia Familiilor \u0219i Parteneriatelor Bina\u021bionale, iaf eV<\/p>\n\n\n\n<p>Ludolfusstra\u00dfe 2 \u2013 4<br>60487 Frankfurt pe Main<br>Telefon: +49 (0) 69 713 756 \u2013 0<br>E-mail: datenschutz@verband-binationaler.de<\/p>\n\n\n\n<p><strong>4. Colectarea datelor pe site-ul nostru web<\/strong><\/p>\n\n\n\n<p><strong>Cookie-uri<\/strong><\/p>\n\n\n\n<p>Unele pagini de internet utilizeaz\u0103 a\u0219a-numitele cookie-uri. Cookie-urile nu provoac\u0103 nicio daun\u0103 computerului dumneavoastr\u0103 \u0219i nu con\u021bin viru\u0219i. Cookie-urile sunt folosite pentru a face serviciul nostru mai u\u0219or de utilizat, mai eficient \u0219i mai sigur. Cookie-urile sunt fi\u0219iere text de mici dimensiuni care sunt stocate pe computerul dvs. \u0219i salvate de browserul dvs.<\/p>\n\n\n\n<p>Majoritatea cookie-urilor pe care le folosim sunt a\u0219a-numitele \u201ecookie-uri de sesiune\u201d. Acestea sunt \u0219terse automat dup\u0103 vizita dumneavoastr\u0103. Alte cookie-uri r\u0103m\u00e2n stocate pe dispozitivul dvs. p\u00e2n\u0103 c\u00e2nd le \u0219terge\u021bi. Aceste cookie-uri ne permit s\u0103 recunoa\u0219tem browserul dvs. data viitoare c\u00e2nd vizita\u021bi site-ul.<\/p>\n\n\n\n<p>Pute\u021bi seta browserul astfel \u00eenc\u00e2t s\u0103 fi\u021bi informat despre setarea cookie-urilor \u0219i s\u0103 permite\u021bi cookie-urile doar \u00een cazuri individuale, s\u0103 exclude\u021bi acceptarea cookie-urilor pentru anumite cazuri sau \u00een general \u0219i s\u0103 activa\u021bi \u0219tergerea automat\u0103 a cookie-urilor atunci c\u00e2nd \u00eenchide\u021bi browserul. Dac\u0103 cookie-urile sunt dezactivate, func\u021bionalitatea acestui site web poate fi limitat\u0103.<\/p>\n\n\n\n<p>Cookie-urile necesare pentru desf\u0103\u0219urarea procesului de comunicare electronic\u0103 sau pentru furnizarea anumitor func\u021bii de care ave\u021bi nevoie (de exemplu, func\u021bia co\u0219 de cump\u0103r\u0103turi) sunt stocate \u00een baza art. 6 (1) (f) din RGPD. Operatorul site-ului web are un interes legitim \u00een stocarea cookie-urilor pentru a asigura furnizarea optimizat\u0103 \u0219i f\u0103r\u0103 erori tehnice a serviciilor sale. Dac\u0103 sunt stocate \u0219i alte cookie-uri (de exemplu, cookie-uri pentru analizarea comportamentului dumneavoastr\u0103 de navigare), acestea vor fi tratate separat \u00een cadrul acestei politici de confiden\u021bialitate.<\/p>\n\n\n\n<p><strong>Fi\u0219ierele jurnal ale serverului<\/strong><\/p>\n\n\n\n<p>Furnizorul paginilor colecteaz\u0103 \u0219i stocheaz\u0103 automat informa\u021bii \u00een a\u0219a-numitele fi\u0219iere jurnal de server, pe care browserul dvs. ni le transmite automat. Acestea sunt:<\/p>\n\n\n\n<p>&nbsp;&nbsp;&nbsp; Tipul \u0219i versiunea browserului<\/p>\n\n\n\n<p>&nbsp;&nbsp;&nbsp; sistemul de operare utilizat<\/p>\n\n\n\n<p>&nbsp;&nbsp;&nbsp; URL-ul surs\u0103<\/p>\n\n\n\n<p>&nbsp;&nbsp;&nbsp; Numele de gazd\u0103 al computerului care acceseaz\u0103<\/p>\n\n\n\n<p>&nbsp;&nbsp;&nbsp; Ora solicit\u0103rii serverului<\/p>\n\n\n\n<p>&nbsp;&nbsp;&nbsp; Adres\u0103 IP<\/p>\n\n\n\n<p>Aceste date nu vor fi combinate cu alte surse de date.<\/p>\n\n\n\n<p>Temeiul pentru prelucrarea datelor este art. 6 (1) (f) din RGPD, care permite prelucrarea datelor \u00een vederea \u00eendeplinirii unui contract sau pentru m\u0103suri precontractuale.<\/p>\n\n\n\n<p><strong>5. Pluginuri \u0219i instrumente<\/strong><\/p>\n\n\n\n<p><strong>Fonturi web Google<\/strong><\/p>\n\n\n\n<p>Acest site folose\u0219te a\u0219a-numitele fonturi web furnizate de Google pentru afi\u0219area uniform\u0103 a fonturilor. C\u00e2nd vizita\u021bi o pagin\u0103, browserul dvs. \u00eencarc\u0103 fonturile web necesare \u00een memoria cache a browserului pentru a afi\u0219a corect textele \u0219i fonturile.<\/p>\n\n\n\n<p>\u00cen acest scop, browserul pe care \u00eel utiliza\u021bi trebuie s\u0103 se conecteze la serverele Google. Acest lucru permite Google s\u0103 \u0219tie c\u0103 site-ul nostru web a fost accesat prin intermediul adresei dvs. IP. Folosim fonturile web Google \u00een scopul unei prezent\u0103ri uniforme \u0219i atractive a ofertelor noastre online. Aceasta reprezint\u0103 un interes legitim \u00een sensul art. 6 (1) (f) din RGPD.<\/p>\n\n\n\n<p>Dac\u0103 browserul dvs. nu accept\u0103 fonturi web, va fi utilizat un font standard de pe computerul dvs.<\/p>\n\n\n\n<p>Pentru mai multe informa\u021bii despre fonturile web Google, consulta\u021bi <a href=\"https:\/\/developers.google.com\/fonts\/faq\" target=\"_blank\" rel=\"noreferrer noopener\">https:\/\/developers.google.com\/fonts\/faq<\/a>  \u0219i \u00een politica de confiden\u021bialitate Google:\u00a0<a href=\"https:\/\/www.google.com\/policies\/privacy\/\" target=\"_blank\" rel=\"noreferrer noopener\">https:\/\/www.google.com\/policies\/privacy\/<\/a>.<\/p>\n<div class=\"gsp_post_data\" \r\n\t            data-post_type=\"page\" \r\n\t            data-cat=\"\" \r\n\t            data-modified=\"120\"\r\n\t            data-created=\"1710164700\"\r\n\t            data-title=\"Datenschutzerkl\u00e4rung\" \r\n\t            data-home=\"https:\/\/info-to-go.binational-leipzig.de\/ro\"><\/div>","protected":false},"excerpt":{"rendered":"<p>1. Datenschutz auf einen Blick Allgemeine Hinweise Die folgenden Hinweise geben einen einfachen \u00dcberblick dar\u00fcber, was mit Ihren personenbezogenen Daten passiert, wenn Sie unsere Website besuchen. Personenbezogene Daten sind alle Daten, mit denen Sie pers\u00f6nlich identifiziert werden k\u00f6nnen. Ausf\u00fchrliche Informationen zum Thema Datenschutz entnehmen Sie unserer unter diesem Text aufgef\u00fchrten Datenschutzerkl\u00e4rung. Datenerfassung auf unserer Website [&hellip;]<\/p>\n","protected":false},"author":1,"featured_media":0,"parent":0,"menu_order":0,"comment_status":"closed","ping_status":"open","template":"","meta":{"footnotes":""},"categories":[],"tags":[],"class_list":["post-3","page","type-page","status-publish","hentry"],"_links":{"self":[{"href":"https:\/\/info-to-go.binational-leipzig.de\/ro\/wp-json\/wp\/v2\/pages\/3","targetHints":{"allow":["GET"]}}],"collection":[{"href":"https:\/\/info-to-go.binational-leipzig.de\/ro\/wp-json\/wp\/v2\/pages"}],"about":[{"href":"https:\/\/info-to-go.binational-leipzig.de\/ro\/wp-json\/wp\/v2\/types\/page"}],"author":[{"embeddable":true,"href":"https:\/\/info-to-go.binational-leipzig.de\/ro\/wp-json\/wp\/v2\/users\/1"}],"replies":[{"embeddable":true,"href":"https:\/\/info-to-go.binational-leipzig.de\/ro\/wp-json\/wp\/v2\/comments?post=3"}],"version-history":[{"count":1,"href":"https:\/\/info-to-go.binational-leipzig.de\/ro\/wp-json\/wp\/v2\/pages\/3\/revisions"}],"predecessor-version":[{"id":447,"href":"https:\/\/info-to-go.binational-leipzig.de\/ro\/wp-json\/wp\/v2\/pages\/3\/revisions\/447"}],"wp:attachment":[{"href":"https:\/\/info-to-go.binational-leipzig.de\/ro\/wp-json\/wp\/v2\/media?parent=3"}],"wp:term":[{"taxonomy":"category","embeddable":true,"href":"https:\/\/info-to-go.binational-leipzig.de\/ro\/wp-json\/wp\/v2\/categories?post=3"},{"taxonomy":"post_tag","embeddable":true,"href":"https:\/\/info-to-go.binational-leipzig.de\/ro\/wp-json\/wp\/v2\/tags?post=3"}],"curies":[{"name":"wp","href":"https:\/\/api.w.org\/{rel}","templated":true}]}}