{"id":35,"date":"2023-07-09T23:07:29","date_gmt":"2023-07-09T21:07:29","guid":{"rendered":"https:\/\/sprijin.binational-leipzig.de\/?page_id=35"},"modified":"2025-08-26T11:48:33","modified_gmt":"2025-08-26T09:48:33","slug":"deutsche-sprache","status":"publish","type":"page","link":"https:\/\/info-to-go.binational-leipzig.de\/ro\/start\/bildung\/deutsche-sprache\/","title":{"rendered":"Limba german\u0103"},"content":{"rendered":"<div class=\"wp-block-esab-accordion accordion-88f2547e\" data-mode=\"global\"><div class=\"esab__container\">\n<div class=\"wp-block-esab-accordion-child\"><div class=\"esab__head\" role=\"button\" aria-expanded=\"false\"><div class=\"esab__heading_txt\"><h2 class=\"esab__heading_tag\">Ce \u00eenseamn\u0103 german\u0103 A1, B2 \u0219i a\u0219a mai departe?\u00a0<\/h2><\/div><div class=\"esab__icon\"><div class=\"esab__collapse\"> <svg version=\"1.2\" viewbox=\"0 0 24 24\" width=\"24\" height=\"24\"><path fill-rule=\"evenodd\" d=\"m3.5 20.5c-4.7-4.7-4.7-12.3 0-17 4.7-4.7 12.3-4.7 17 0 4.6 4.7 4.6 12.3 0 17-4.7 4.6-12.3 4.6-17 0zm0.9-0.9c4.2 4.2 11 4.2 15.2 0 4.2-4.2 4.2-11 0-15.2-4.2-4.3-11-4.3-15.2 0-4.3 4.2-4.3 11 0 15.2z\"><\/path><path d=\"m11.4 15.9v-3.3h-3.3c-0.3 0-0.6-0.3-0.6-0.6 0-0.4 0.3-0.6 0.6-0.6h3.3v-3.3c0-0.3 0.3-0.6 0.6-0.6 0.3 0 0.6 0.3 0.6 0.6v3.3h3.3c0.3 0 0.6 0.2 0.6 0.6q0 0.2-0.2 0.4-0.2 0.2-0.4 0.2h-3.3v3.3q0 0.2-0.2 0.4-0.2 0.2-0.4 0.2c-0.4 0-0.6-0.3-0.6-0.6z\"><\/path><\/svg> <\/div><div class=\"esab__expand\"> <svg version=\"1.2\" viewbox=\"0 0 24 24\" width=\"24\" height=\"24\"><path fill-rule=\"evenodd\" d=\"m12 24c-6.6 0-12-5.4-12-12 0-6.6 5.4-12 12-12 6.6 0 12 5.4 12 12 0 6.6-5.4 12-12 12zm10.6-12c0-5.9-4.7-10.6-10.6-10.6-5.9 0-10.6 4.7-10.6 10.6 0 5.9 4.7 10.6 10.6 10.6 5.9 0 10.6-4.7 10.6-10.6z\"><\/path><path d=\"m5.6 11.3h12.8v1.4h-12.8z\"><\/path><\/svg> <\/div><\/div><\/div><div class=\"esab__body\">\n<p>Denumirile A1, B2 \u0219i a\u0219a mai departe sunt niveluri care arat\u0103 c\u00e2t\u0103 german\u0103 poate vorbi o persoan\u0103.<br>Urm\u0103toarele sunt importante \u0219i luate \u00een considera\u021bie: ascultarea, citirea, vorbirea \u0219i scrisul.<br>\u00cen total exist\u0103 6 nivele, de la \u00eencep\u0103tor la expert: A1, A2, B1, B2, C1, C2.<br><a href=\"https:\/\/integreat.app\/marburg-biedenkopf\/de\/sprache\/information-3\" target=\"_blank\" rel=\"noreferrer noopener\">Aici<\/a> sunt aceste niveluri explicate \u00een detaliu.<\/p>\n<\/div><\/div>\n\n\n\n<div class=\"wp-block-esab-accordion-child\"><div class=\"esab__head\" role=\"button\" aria-expanded=\"false\"><div class=\"esab__heading_txt\"><h2 class=\"esab__heading_tag\">Cum pot participa la un curs de integrare?\u00a0<\/h2><\/div><div class=\"esab__icon\"><div class=\"esab__collapse\"> <svg version=\"1.2\" viewbox=\"0 0 24 24\" width=\"24\" height=\"24\"><path fill-rule=\"evenodd\" d=\"m3.5 20.5c-4.7-4.7-4.7-12.3 0-17 4.7-4.7 12.3-4.7 17 0 4.6 4.7 4.6 12.3 0 17-4.7 4.6-12.3 4.6-17 0zm0.9-0.9c4.2 4.2 11 4.2 15.2 0 4.2-4.2 4.2-11 0-15.2-4.2-4.3-11-4.3-15.2 0-4.3 4.2-4.3 11 0 15.2z\"><\/path><path d=\"m11.4 15.9v-3.3h-3.3c-0.3 0-0.6-0.3-0.6-0.6 0-0.4 0.3-0.6 0.6-0.6h3.3v-3.3c0-0.3 0.3-0.6 0.6-0.6 0.3 0 0.6 0.3 0.6 0.6v3.3h3.3c0.3 0 0.6 0.2 0.6 0.6q0 0.2-0.2 0.4-0.2 0.2-0.4 0.2h-3.3v3.3q0 0.2-0.2 0.4-0.2 0.2-0.4 0.2c-0.4 0-0.6-0.3-0.6-0.6z\"><\/path><\/svg> <\/div><div class=\"esab__expand\"> <svg version=\"1.2\" viewbox=\"0 0 24 24\" width=\"24\" height=\"24\"><path fill-rule=\"evenodd\" d=\"m12 24c-6.6 0-12-5.4-12-12 0-6.6 5.4-12 12-12 6.6 0 12 5.4 12 12 0 6.6-5.4 12-12 12zm10.6-12c0-5.9-4.7-10.6-10.6-10.6-5.9 0-10.6 4.7-10.6 10.6 0 5.9 4.7 10.6 10.6 10.6 5.9 0 10.6-4.7 10.6-10.6z\"><\/path><path d=\"m5.6 11.3h12.8v1.4h-12.8z\"><\/path><\/svg> <\/div><\/div><\/div><div class=\"esab__body\">\n<p>Multe persoane care nu vorbesc destul\u0103 german\u0103, iau parte la un curs de integrare.<br>Acest curs de integrare este format dintr-un curs de limb\u0103 german\u0103 \u0219i un curs de orientare, despre via\u021ba \u00een Germania \u0219i nu numai.<br>Cursul este finan\u021bat de c\u0103tre stat, de aceea este mai ieftin dec\u00e2t alte cursuri de limba german\u0103.<br>Unele persoane nu pl\u0103tesc deloc pentru un curs de integrare.&nbsp;<\/p>\n\n\n\n<p>Cursul \u00eencepe de la nivelul A1 p\u00e2n\u0103 la B2.<br>Nu trebuie s\u0103 \u00eencepe\u021bi de la nivelul A1, dac\u0103 deja vorbi\u021bi pu\u021bin\u0103 german\u0103.<br>Mai \u00eent\u00e2i, ve\u021bi da un test la \u0219coala de limbi str\u0103ine. Acesta se nume\u0219te \u00een german\u0103 \u201eEinstufungstest\".<br>Apoi \u0219coala decide, de la ce nivel ve\u021bi \u00eencepe cursul.&nbsp;<\/p>\n\n\n\n<p><a href=\"https:\/\/bamf-navi.bamf.de\/de\/Themen\/Integrationskurse\/?coord=735271.5692864&amp;\" target=\"_blank\" rel=\"noreferrer noopener\">Pe aceast\u0103 pagin\u0103<\/a> pute\u021bi g\u0103si toate \u0219colile din Leipzig care ofer\u0103 cursuri de integrare.<br>Acolo g\u0103si\u021bi toate informa\u021biile legate de nivele, orele de curs, adrese \u0219i datele de conact ale \u0219colilor.<\/p>\n\n\n\n<p>Dac\u0103 dori\u021bi s\u0103 lua\u021bi parte la un curs de integrare, atunci ave\u021bi nevoie de o autoriza\u021bie.<br>Aceast\u0103 autoriza\u021bie se nume\u0219te \u00een german\u0103 \u201eZulassung\u201c. O solicita\u021bi de la Biroul Federal BAMF.<br><a href=\"https:\/\/www.bamf.de\/SharedDocs\/Anlagen\/DE\/Integration\/Integrationskurse\/Kursteilnehmer\/AntraegeAlle\/630-007_antrag-zulassung-integrationskurs-ausl_pdf.pdf?__blob=publicationFile&amp;v=27\" target=\"_blank\" rel=\"noreferrer noopener\">Aici<\/a> g\u0103si\u021bi formularul. \u00cel trimte\u021bi la urm\u0103toarea adres\u0103:&nbsp;<\/p>\n\n\n\n<p class=\"has-text-align-center\">BAMF&nbsp;<\/p>\n\n\n\n<p class=\"has-text-align-center\">Otto-Schmerbach-Stra\u00dfe 20&nbsp;<\/p>\n\n\n\n<p class=\"has-text-align-center\">09117 Chemnitz&nbsp;<\/p>\n\n\n\n<p>Prima parte a formularului trebuie s\u0103 o completa\u021bi atunci c\u00e2nd vre\u021bi s\u0103 participa\u021bi la cursul de integrare.<br>A doua parte a formularului unde scrie \u201eIch beantrage die Befreiung vom Kostenbeitrag zum Integrationskurs\u201c trebuie s\u0103 o completa\u021bi atunci c\u00e2nd nu pute\u021bi pl\u0103ti petntru curs.&nbsp;<\/p>\n\n\n\n<p>Dac\u0103 nu pute\u021bi pl\u0103ti cursul din banii proprii, atunci pe l\u00e2ng\u0103 formular, va trebui s\u0103 trimite\u021bi o dovad\u0103.<br>De exemplu, notificarea de la Jobcenter cum c\u0103 primi\u021bi ajutor social sau ajutor pentru locuin\u021b\u0103 de la Sozialamt sau un permis Leipzig-Pass.<br>De asemenea, nu trebuie s\u0103 pl\u0103ti\u021bi cursul atunci c\u00e2nd lucra\u021bi \u0219i salariul dvs. brut nu trece peste: 2.491\u20ac (f\u0103r\u0103 copii); 3.246\u20ac (cu un copil); 4.001\u20ac (cu 2 sau mai mul\u021bi copii).<br>\u00cen acest caz, trimite\u021bi flutura\u0219ii de salariu \u00eempreun\u0103 cu formularul.&nbsp;<\/p>\n\n\n\n<p><a href=\"https:\/\/www.bamf.de\/SharedDocs\/Anlagen\/DE\/Integration\/Integrationskurse\/Kursteilnehmer\/Merkblaetter\/630-036_merkblatt-auslaenderbehoerde.pdf?__blob=publicationFile&amp;v=40+\" target=\"_blank\" rel=\"noreferrer noopener\">Aici<\/a> g\u0103si\u021bi multe informa\u021bii despre un curs de integrare.<\/p>\n<\/div><\/div>\n\n\n\n<div class=\"wp-block-esab-accordion-child\"><div class=\"esab__head\" role=\"button\" aria-expanded=\"false\"><div class=\"esab__heading_txt\"><h2 class=\"esab__heading_tag\">Am deja nivelul B1 \u00een german\u0103. Cum pot \u00eenv\u0103\u021ba mai mult\u0103 german\u0103?\u00a0<\/h2><\/div><div class=\"esab__icon\"><div class=\"esab__collapse\"> <svg version=\"1.2\" viewbox=\"0 0 24 24\" width=\"24\" height=\"24\"><path fill-rule=\"evenodd\" d=\"m3.5 20.5c-4.7-4.7-4.7-12.3 0-17 4.7-4.7 12.3-4.7 17 0 4.6 4.7 4.6 12.3 0 17-4.7 4.6-12.3 4.6-17 0zm0.9-0.9c4.2 4.2 11 4.2 15.2 0 4.2-4.2 4.2-11 0-15.2-4.2-4.3-11-4.3-15.2 0-4.3 4.2-4.3 11 0 15.2z\"><\/path><path d=\"m11.4 15.9v-3.3h-3.3c-0.3 0-0.6-0.3-0.6-0.6 0-0.4 0.3-0.6 0.6-0.6h3.3v-3.3c0-0.3 0.3-0.6 0.6-0.6 0.3 0 0.6 0.3 0.6 0.6v3.3h3.3c0.3 0 0.6 0.2 0.6 0.6q0 0.2-0.2 0.4-0.2 0.2-0.4 0.2h-3.3v3.3q0 0.2-0.2 0.4-0.2 0.2-0.4 0.2c-0.4 0-0.6-0.3-0.6-0.6z\"><\/path><\/svg> <\/div><div class=\"esab__expand\"> <svg version=\"1.2\" viewbox=\"0 0 24 24\" width=\"24\" height=\"24\"><path fill-rule=\"evenodd\" d=\"m12 24c-6.6 0-12-5.4-12-12 0-6.6 5.4-12 12-12 6.6 0 12 5.4 12 12 0 6.6-5.4 12-12 12zm10.6-12c0-5.9-4.7-10.6-10.6-10.6-5.9 0-10.6 4.7-10.6 10.6 0 5.9 4.7 10.6 10.6 10.6 5.9 0 10.6-4.7 10.6-10.6z\"><\/path><path d=\"m5.6 11.3h12.8v1.4h-12.8z\"><\/path><\/svg> <\/div><\/div><\/div><div class=\"esab__body\">\n<p>De la nivelul B1 se poate participa la un curs de limb\u0103 pentru profesie, \u00een german\u0103 \u201eBerufssprachkurs\u201c. Acesta poate dura p\u00e2n\u0103 la nivelul B1, C1 sau C2.<br>La cursul de limb\u0103 pentru profesie, accentul se pune pe \u00eenv\u0103\u021barea limbii germane pentru locul de munc\u0103.<br>Acest tip de curs este finan\u021bat de c\u0103tre statul german.&nbsp;<\/p>\n\n\n\n<p>Pentru a participa la un curs de limb\u0103 pentru profesie, ave\u021bi nevoie de o autoriza\u021bie.<br>Dac\u0103 sunte\u021bi \u0219omer\/\u0103, atunci pute\u021bi primi aceast\u0103 autoriza\u021bie de la Jobcenter sau Agentur f\u00fcr Arbeit.<br>Dac\u0103 lucra\u021bi, atunci \u00eentreba\u021bi autoritatea BAMF.&nbsp;<\/p>\n\n\n\n<p>Atunci c\u00e2nd ave\u021bi autoriza\u021bia, pute\u021bi c\u0103uta un curs pe site-ul KURSNET.<br><a href=\"https:\/\/web.arbeitsagentur.de\/sprachfoerderung\/suche\/berufssprachkurse?ort=Leipzig_12.3781_51.3383&amp;umkreis=10&amp;seite=0\" target=\"_blank\" rel=\"noreferrer noopener\">Aici<\/a> g\u0103si\u021bi cursurile disponibile \u00een Leipzig.<\/p>\n\n\n\n<p>Unele persoane trebuie s\u0103 pl\u0103teasc\u0103 pentru cursuri, alte persoane nu.<br>Depinde \u00een func\u021bie de veniturile pe care le ave\u021bi.<br>Dac\u0103 pl\u0103ti\u021bi cursul din banii proprii \u0219i \u00eencheia\u021bi examenul cu succes, atunci e posibil ca s\u0103 primi\u021bi 50% din costurile cursului \u00eenapoi.<br><a href=\"https:\/\/www.bamf.de\/DE\/Themen\/Integration\/ZugewanderteTeilnehmende\/DeutschBeruf\/deutsch-beruf.html?nn=282656#a_284040_1\" target=\"_blank\" rel=\"noreferrer noopener\">Aici<\/a> g\u0103si\u021bi mai multe informa\u021bii \u0219i formularele necesare.<\/p>\n<\/div><\/div>\n\n\n\n<div class=\"wp-block-esab-accordion-child\"><div class=\"esab__head\" role=\"button\" aria-expanded=\"false\"><div class=\"esab__heading_txt\"><h2 class=\"esab__heading_tag\">Unde altundeva pot \u00eenv\u0103\u021ba germana?\u00a0<\/h2><\/div><div class=\"esab__icon\"><div class=\"esab__collapse\"> <svg version=\"1.2\" viewbox=\"0 0 24 24\" width=\"24\" height=\"24\"><path fill-rule=\"evenodd\" d=\"m3.5 20.5c-4.7-4.7-4.7-12.3 0-17 4.7-4.7 12.3-4.7 17 0 4.6 4.7 4.6 12.3 0 17-4.7 4.6-12.3 4.6-17 0zm0.9-0.9c4.2 4.2 11 4.2 15.2 0 4.2-4.2 4.2-11 0-15.2-4.2-4.3-11-4.3-15.2 0-4.3 4.2-4.3 11 0 15.2z\"><\/path><path d=\"m11.4 15.9v-3.3h-3.3c-0.3 0-0.6-0.3-0.6-0.6 0-0.4 0.3-0.6 0.6-0.6h3.3v-3.3c0-0.3 0.3-0.6 0.6-0.6 0.3 0 0.6 0.3 0.6 0.6v3.3h3.3c0.3 0 0.6 0.2 0.6 0.6q0 0.2-0.2 0.4-0.2 0.2-0.4 0.2h-3.3v3.3q0 0.2-0.2 0.4-0.2 0.2-0.4 0.2c-0.4 0-0.6-0.3-0.6-0.6z\"><\/path><\/svg> <\/div><div class=\"esab__expand\"> <svg version=\"1.2\" viewbox=\"0 0 24 24\" width=\"24\" height=\"24\"><path fill-rule=\"evenodd\" d=\"m12 24c-6.6 0-12-5.4-12-12 0-6.6 5.4-12 12-12 6.6 0 12 5.4 12 12 0 6.6-5.4 12-12 12zm10.6-12c0-5.9-4.7-10.6-10.6-10.6-5.9 0-10.6 4.7-10.6 10.6 0 5.9 4.7 10.6 10.6 10.6 5.9 0 10.6-4.7 10.6-10.6z\"><\/path><path d=\"m5.6 11.3h12.8v1.4h-12.8z\"><\/path><\/svg> <\/div><\/div><\/div><div class=\"esab__body\">\n<p>\u00cen Leipzig exist\u0103 diferite locuri unde pute\u021bi \u00eenv\u0103\u021ba germana.<br>De obicei, aceste locuri ofer\u0103 cursuri informale gratuite sau pentru care se pl\u0103te\u0219te o sum\u0103 mic\u0103 de participare.<br>Pute\u021bi merge direct sau s\u0103 v\u0103 \u00eenregistra\u021bi scurt \u00eenainte de a participa.<br><a href=\"https:\/\/www.leipzig.de\/jugend-familie-und-soziales\/auslaender-und-migranten\/migration-und-integration\/deutsch-lernen-und-sprache\/beratungsangebote-und-informationen-zum-thema\" target=\"_blank\" rel=\"noreferrer noopener\">Aici<\/a> pute\u021bi g\u0103si mai multe astfel de cursuri \u0219i cursuri de conversa\u021bii.<\/p>\n\n\n\n<p>Biblioteca ora\u0219ului Leipzig ofer\u0103 multe materiale pentru a \u00eenv\u0103\u021ba limba german\u0103.<br>Multe materiale g\u0103si\u021bi \u00een <a href=\"https:\/\/stadtbibliothek.leipzig.de\/macht-mit\/kreative-freiraeume\" target=\"_blank\" rel=\"noopener\">Sal\u0103 de limbi str\u0103ine<\/a> un loc special amenajat \u00een biblioteca Leipzig \u0219i gratuit.<br>Atunci c\u00e2nd dori\u021bi s\u0103 \u00eemprumuta\u021bi c\u0103r\u021bi sau alte materiale, va trebui s\u0103 ave\u021bi un card de bibliotec\u0103.<br>Cardul de bibliotec\u0103 cost\u0103 20\u20ac pe an. Pentru copii este gratuit, iar pentru persoanele care au Leipzig-Pass cost\u0103 10\u20ac pe an. <\/p>\n\n\n\n<p>Atunci c\u00e2nd face\u021bi munc\u0103 voluntar\u0103, pute\u021bi \u00eenv\u0103\u021ba limba german\u0103.<br>O munc\u0103 voluntar\u0103 este precum o munc\u0103, dar f\u0103r\u0103 a primi un salariu.<br>Munca voluntar\u0103 este pentru a ajuta alte persoane. De exemplu, pentru a ajuta tinerii sau persoanele \u00een v\u00e2rst\u0103.<br>Dar printr-o munc\u0103 voluntar\u0103 pute\u021bi \u00eent\u00e2lni mul\u021bi oameni noi \u0219i pute\u021bi exersa germana.<br>Nu este nevoie s\u0103 ave\u021bi un nivel ridicat de german\u0103 pentru a putea face munc\u0103 voluntar\u0103.<br>La organiza\u021bia <a href=\"https:\/\/freiwilligen-agentur-leipzig.de\/\" target=\"_blank\" rel=\"noreferrer noopener\">Agen\u021bie de voluntariat<\/a> pute\u021bi g\u0103si mai multe oferte de voluntariat. <\/p>\n\n\n\n<p>Unele persoane au tandem de limbi str\u0103ine.<br>Un tandem este format din 2 persoane care se ajut\u0103 reciproc s\u0103 \u00eenve\u021be o limb\u0103.<br>De exemplu, o persoan\u0103 vorbe\u0219te limba rus\u0103 \u0219i dore\u0219te s\u0103 \u00eenve\u021be limba spaniol\u0103.<br>Cealalt\u0103 persoan\u0103 vorbe\u0219te limba spaniol\u0103 \u0219i dore\u0219te s\u0103 \u00eenve\u021be limba rus\u0103.<br>Cele 2 persoane se \u00eent\u00e2lnesc \u0219i exerseaz\u0103 limbile str\u0103ine.<br><a href=\"http:\/\/www.sprachtandem-leipzig.de\/de\/info.html\" target=\"_blank\" rel=\"noreferrer noopener\">Aici<\/a> pute\u021bi c\u0103uta un tandem de limbi str\u0103ine.<\/p>\n\n\n\n<p>De asemenea, exist\u0103 multe alte resurse online unde pute\u021bi \u00eenv\u0103\u021ba germana.<br>De exemplu <a href=\"https:\/\/www.duolingo.com\/learn\" target=\"_blank\" rel=\"noreferrer noopener\">Duolingo<\/a> pe YouTube, TikTok sau Instagram.<br>Alte 2 resurse cunoscute: <a href=\"https:\/\/www.goethe.de\/de\/spr\/ueb.html\" target=\"_blank\" rel=\"noreferrer noopener\">Institutul Goethe<\/a> \u0219i <a href=\"https:\/\/learngerman.dw.com\/de\/deutsch-lernen\/s-9095\" target=\"_blank\" rel=\"noreferrer noopener\">Valul german<\/a> au foarte multe materiale online pentru a \u00eenv\u0103\u021ba limba german\u0103.<\/p>\n<\/div><\/div>\n<\/div><\/div>\n<div class=\"gsp_post_data\" \r\n\t            data-post_type=\"page\" \r\n\t            data-cat=\"bildung\" \r\n\t            data-modified=\"120\"\r\n\t            data-created=\"1688944049\"\r\n\t            data-title=\"Deutsche Sprache\" \r\n\t            data-home=\"https:\/\/info-to-go.binational-leipzig.de\/ro\"><\/div>","protected":false},"excerpt":{"rendered":"","protected":false},"author":1,"featured_media":0,"parent":10,"menu_order":1,"comment_status":"closed","ping_status":"closed","template":"","meta":{"footnotes":""},"categories":[11],"tags":[],"class_list":["post-35","page","type-page","status-publish","hentry","category-bildung"],"_links":{"self":[{"href":"https:\/\/info-to-go.binational-leipzig.de\/ro\/wp-json\/wp\/v2\/pages\/35","targetHints":{"allow":["GET"]}}],"collection":[{"href":"https:\/\/info-to-go.binational-leipzig.de\/ro\/wp-json\/wp\/v2\/pages"}],"about":[{"href":"https:\/\/info-to-go.binational-leipzig.de\/ro\/wp-json\/wp\/v2\/types\/page"}],"author":[{"embeddable":true,"href":"https:\/\/info-to-go.binational-leipzig.de\/ro\/wp-json\/wp\/v2\/users\/1"}],"replies":[{"embeddable":true,"href":"https:\/\/info-to-go.binational-leipzig.de\/ro\/wp-json\/wp\/v2\/comments?post=35"}],"version-history":[{"count":11,"href":"https:\/\/info-to-go.binational-leipzig.de\/ro\/wp-json\/wp\/v2\/pages\/35\/revisions"}],"predecessor-version":[{"id":639,"href":"https:\/\/info-to-go.binational-leipzig.de\/ro\/wp-json\/wp\/v2\/pages\/35\/revisions\/639"}],"up":[{"embeddable":true,"href":"https:\/\/info-to-go.binational-leipzig.de\/ro\/wp-json\/wp\/v2\/pages\/10"}],"wp:attachment":[{"href":"https:\/\/info-to-go.binational-leipzig.de\/ro\/wp-json\/wp\/v2\/media?parent=35"}],"wp:term":[{"taxonomy":"category","embeddable":true,"href":"https:\/\/info-to-go.binational-leipzig.de\/ro\/wp-json\/wp\/v2\/categories?post=35"},{"taxonomy":"post_tag","embeddable":true,"href":"https:\/\/info-to-go.binational-leipzig.de\/ro\/wp-json\/wp\/v2\/tags?post=35"}],"curies":[{"name":"wp","href":"https:\/\/api.w.org\/{rel}","templated":true}]}}